{"id":65704,"date":"2023-03-03T09:43:26","date_gmt":"2023-03-03T08:43:26","guid":{"rendered":"https:\/\/turijnmagazijn.nl\/product\/klemmring-banjo-bolzen-lancia-delta-integral-oelleitungen-turbo\/"},"modified":"2025-06-28T12:45:33","modified_gmt":"2025-06-28T10:45:33","slug":"klemmring-banjo-bout-lancia-delta-integral-ol-pipelines-turbolader","status":"publish","type":"product","link":"https:\/\/turijnmagazijn.nl\/de\/produkt\/klemmring-banjo-bout-lancia-delta-integral-ol-pipelines-turbolader\/","title":{"rendered":"Klemmring Banjo-Bolzen Lancia Delta Integral \u00d6lleitungen Turbo"},"content":{"rendered":"<p>Original neuer Klemmring f\u00fcr Lancia Delta Integrale alle Typen. Diese Klemmringe werden ober- und unterhalb der Banjob-Abfl\u00fcsse f\u00fcr die \u00d6lleitungen des Turbos zur leckagefreien Montage eingesetzt.<\/p>\n<p>Teil Nummer 19 auf der technischen Zeichnung von EPER mit der Zeichnungsnummer F789404C0A777F7F5B39D4F73EFB9F97 f\u00fcr die Anwendung am Lancia Delta Integrale. Von diesem Teil werden zwei St\u00fcck pro Auto ben\u00f6tigt. <\/p>\n<p>Teil Nummer 18 auf der technischen Zeichnung aus der EPER-Zeichnung Nummer 2120700001 bez\u00fcglich seiner Anwendung auf den Lancia Delta Integrale. Pro Auto ist eine Kopie dieses Artikels erforderlich.<\/p>\n<p>OEM lancia 10257050<\/p>\n<p>&nbsp;<\/p>\n","protected":false},"excerpt":{"rendered":"<p>10257050 Klemmring Hohlschraube Lancia Delta Integral \u00d6lleitungen turbo &#8211; Original neuer Klemmring f\u00fcr Lancia Delta Integrale alle Typen.<\/p>\n","protected":false},"featured_media":52165,"comment_status":"open","ping_status":"closed","template":"","meta":{"_acf_changed":false},"product_brand":[],"product_cat":[1807,1822,1826,1834,1829,1839,1797],"product_tag":[],"class_list":{"0":"post-65704","1":"product","2":"type-product","3":"status-publish","4":"has-post-thumbnail","6":"product_cat-delta-1-831-de","7":"product_cat-hf-4wd-de","8":"product_cat-hf-turbo-de","9":"product_cat-integrale-16v-de","10":"product_cat-integrale-8v-de","11":"product_cat-integrale-evo-de","12":"product_cat-lancia-de","13":"pa_soort-onderdeel-motor-und-zubehor","15":"first","16":"instock","17":"taxable","18":"shipping-taxable","19":"purchasable","20":"product-type-simple"},"acf":[],"yoast_head":"<!-- This site is optimized with the Yoast SEO plugin v27.2 - https:\/\/yoast.com\/product\/yoast-seo-wordpress\/ -->\n<title>Klemmring Banjo-Bolzen Lancia Delta Integral \u00d6lleitungen Turbo - Turijnmagazijn<\/title>\n<meta name=\"robots\" content=\"index, follow, max-snippet:-1, max-image-preview:large, max-video-preview:-1\" \/>\n<link rel=\"canonical\" href=\"https:\/\/turijnmagazijn.nl\/de\/produkt\/klemmring-banjo-bout-lancia-delta-integral-ol-pipelines-turbolader\/\" \/>\n<meta property=\"og:locale\" content=\"de_DE\" \/>\n<meta property=\"og:type\" content=\"article\" \/>\n<meta property=\"og:title\" content=\"Klemmring Banjo-Bolzen Lancia Delta Integral \u00d6lleitungen Turbo - Turijnmagazijn\" \/>\n<meta property=\"og:description\" content=\"10257050 Klemmring Hohlschraube Lancia Delta Integral \u00d6lleitungen turbo - Original neuer Klemmring f\u00fcr Lancia Delta Integrale alle Typen.\" \/>\n<meta property=\"og:url\" content=\"https:\/\/turijnmagazijn.nl\/de\/produkt\/klemmring-banjo-bout-lancia-delta-integral-ol-pipelines-turbolader\/\" \/>\n<meta property=\"og:site_name\" content=\"Turijnmagazijn\" \/>\n<meta property=\"article:publisher\" content=\"https:\/\/www.facebook.com\/turijnmagazijn\" \/>\n<meta property=\"article:modified_time\" content=\"2025-06-28T10:45:33+00:00\" \/>\n<meta property=\"og:image\" content=\"https:\/\/turijnmagazijn.nl\/wp-content\/uploads\/2023\/03\/DN00100055_Klemring_banjo-bout_Lancia_Delta_Integrale_olieleidingen_turbo_3-1.jpg\" \/>\n\t<meta property=\"og:image:width\" content=\"1024\" \/>\n\t<meta property=\"og:image:height\" content=\"768\" \/>\n\t<meta property=\"og:image:type\" content=\"image\/jpeg\" \/>\n<meta name=\"twitter:card\" content=\"summary_large_image\" \/>\n<script type=\"application\/ld+json\" class=\"yoast-schema-graph\">{\"@context\":\"https:\/\/schema.org\",\"@graph\":[{\"@type\":\"WebPage\",\"@id\":\"https:\/\/turijnmagazijn.nl\/de\/produkt\/klemmring-banjo-bout-lancia-delta-integral-ol-pipelines-turbolader\/\",\"url\":\"https:\/\/turijnmagazijn.nl\/de\/produkt\/klemmring-banjo-bout-lancia-delta-integral-ol-pipelines-turbolader\/\",\"name\":\"Klemmring Banjo-Bolzen Lancia Delta Integral \u00d6lleitungen Turbo - Turijnmagazijn\",\"isPartOf\":{\"@id\":\"https:\/\/turijnmagazijn.jumpstone-dev.nl\/#website\"},\"primaryImageOfPage\":{\"@id\":\"https:\/\/turijnmagazijn.nl\/de\/produkt\/klemmring-banjo-bout-lancia-delta-integral-ol-pipelines-turbolader\/#primaryimage\"},\"image\":{\"@id\":\"https:\/\/turijnmagazijn.nl\/de\/produkt\/klemmring-banjo-bout-lancia-delta-integral-ol-pipelines-turbolader\/#primaryimage\"},\"thumbnailUrl\":\"https:\/\/turijnmagazijn.nl\/wp-content\/uploads\/2023\/03\/DN00100055_Klemring_banjo-bout_Lancia_Delta_Integrale_olieleidingen_turbo_3-1.jpg\",\"datePublished\":\"2023-03-03T08:43:26+00:00\",\"dateModified\":\"2025-06-28T10:45:33+00:00\",\"breadcrumb\":{\"@id\":\"https:\/\/turijnmagazijn.nl\/de\/produkt\/klemmring-banjo-bout-lancia-delta-integral-ol-pipelines-turbolader\/#breadcrumb\"},\"inLanguage\":\"de\",\"potentialAction\":[{\"@type\":\"ReadAction\",\"target\":[\"https:\/\/turijnmagazijn.nl\/de\/produkt\/klemmring-banjo-bout-lancia-delta-integral-ol-pipelines-turbolader\/\"]}]},{\"@type\":\"ImageObject\",\"inLanguage\":\"de\",\"@id\":\"https:\/\/turijnmagazijn.nl\/de\/produkt\/klemmring-banjo-bout-lancia-delta-integral-ol-pipelines-turbolader\/#primaryimage\",\"url\":\"https:\/\/turijnmagazijn.nl\/wp-content\/uploads\/2023\/03\/DN00100055_Klemring_banjo-bout_Lancia_Delta_Integrale_olieleidingen_turbo_3-1.jpg\",\"contentUrl\":\"https:\/\/turijnmagazijn.nl\/wp-content\/uploads\/2023\/03\/DN00100055_Klemring_banjo-bout_Lancia_Delta_Integrale_olieleidingen_turbo_3-1.jpg\",\"width\":1024,\"height\":768},{\"@type\":\"BreadcrumbList\",\"@id\":\"https:\/\/turijnmagazijn.nl\/de\/produkt\/klemmring-banjo-bout-lancia-delta-integral-ol-pipelines-turbolader\/#breadcrumb\",\"itemListElement\":[{\"@type\":\"ListItem\",\"position\":1,\"name\":\"Home\",\"item\":\"https:\/\/turijnmagazijn.nl\/de\/\"},{\"@type\":\"ListItem\",\"position\":2,\"name\":\"Produkte\",\"item\":\"https:\/\/turijnmagazijn.nl\/de\/shop\/\"},{\"@type\":\"ListItem\",\"position\":3,\"name\":\"Klemmring Banjo-Bolzen Lancia Delta Integral \u00d6lleitungen Turbo\"}]},{\"@type\":\"WebSite\",\"@id\":\"https:\/\/turijnmagazijn.jumpstone-dev.nl\/#website\",\"url\":\"https:\/\/turijnmagazijn.jumpstone-dev.nl\/\",\"name\":\"Turijnmagazijn\",\"description\":\"Onderdelen nieuw en gebruikt - Fiat &amp; Lancia\",\"publisher\":{\"@id\":\"https:\/\/turijnmagazijn.jumpstone-dev.nl\/#organization\"},\"potentialAction\":[{\"@type\":\"SearchAction\",\"target\":{\"@type\":\"EntryPoint\",\"urlTemplate\":\"https:\/\/turijnmagazijn.jumpstone-dev.nl\/?s={search_term_string}\"},\"query-input\":{\"@type\":\"PropertyValueSpecification\",\"valueRequired\":true,\"valueName\":\"search_term_string\"}}],\"inLanguage\":\"de\"},{\"@type\":\"Organization\",\"@id\":\"https:\/\/turijnmagazijn.jumpstone-dev.nl\/#organization\",\"name\":\"Turijnmagazijn\",\"url\":\"https:\/\/turijnmagazijn.jumpstone-dev.nl\/\",\"logo\":{\"@type\":\"ImageObject\",\"inLanguage\":\"de\",\"@id\":\"https:\/\/turijnmagazijn.jumpstone-dev.nl\/#\/schema\/logo\/image\/\",\"url\":\"https:\/\/turijnmagazijn.nl\/wp-content\/uploads\/2021\/02\/turijnmagazijnlogo.png\",\"contentUrl\":\"https:\/\/turijnmagazijn.nl\/wp-content\/uploads\/2021\/02\/turijnmagazijnlogo.png\",\"width\":555,\"height\":270,\"caption\":\"Turijnmagazijn\"},\"image\":{\"@id\":\"https:\/\/turijnmagazijn.jumpstone-dev.nl\/#\/schema\/logo\/image\/\"},\"sameAs\":[\"https:\/\/www.facebook.com\/turijnmagazijn\"]}]}<\/script>\n<!-- \/ Yoast SEO plugin. -->","yoast_head_json":{"title":"Klemmring Banjo-Bolzen Lancia Delta Integral \u00d6lleitungen Turbo - Turijnmagazijn","robots":{"index":"index","follow":"follow","max-snippet":"max-snippet:-1","max-image-preview":"max-image-preview:large","max-video-preview":"max-video-preview:-1"},"canonical":"https:\/\/turijnmagazijn.nl\/de\/produkt\/klemmring-banjo-bout-lancia-delta-integral-ol-pipelines-turbolader\/","og_locale":"de_DE","og_type":"article","og_title":"Klemmring Banjo-Bolzen Lancia Delta Integral \u00d6lleitungen Turbo - Turijnmagazijn","og_description":"10257050 Klemmring Hohlschraube Lancia Delta Integral \u00d6lleitungen turbo - Original neuer Klemmring f\u00fcr Lancia Delta Integrale alle Typen.","og_url":"https:\/\/turijnmagazijn.nl\/de\/produkt\/klemmring-banjo-bout-lancia-delta-integral-ol-pipelines-turbolader\/","og_site_name":"Turijnmagazijn","article_publisher":"https:\/\/www.facebook.com\/turijnmagazijn","article_modified_time":"2025-06-28T10:45:33+00:00","og_image":[{"width":1024,"height":768,"url":"https:\/\/turijnmagazijn.nl\/wp-content\/uploads\/2023\/03\/DN00100055_Klemring_banjo-bout_Lancia_Delta_Integrale_olieleidingen_turbo_3-1.jpg","type":"image\/jpeg"}],"twitter_card":"summary_large_image","schema":{"@context":"https:\/\/schema.org","@graph":[{"@type":"WebPage","@id":"https:\/\/turijnmagazijn.nl\/de\/produkt\/klemmring-banjo-bout-lancia-delta-integral-ol-pipelines-turbolader\/","url":"https:\/\/turijnmagazijn.nl\/de\/produkt\/klemmring-banjo-bout-lancia-delta-integral-ol-pipelines-turbolader\/","name":"Klemmring Banjo-Bolzen Lancia Delta Integral \u00d6lleitungen Turbo - Turijnmagazijn","isPartOf":{"@id":"https:\/\/turijnmagazijn.jumpstone-dev.nl\/#website"},"primaryImageOfPage":{"@id":"https:\/\/turijnmagazijn.nl\/de\/produkt\/klemmring-banjo-bout-lancia-delta-integral-ol-pipelines-turbolader\/#primaryimage"},"image":{"@id":"https:\/\/turijnmagazijn.nl\/de\/produkt\/klemmring-banjo-bout-lancia-delta-integral-ol-pipelines-turbolader\/#primaryimage"},"thumbnailUrl":"https:\/\/turijnmagazijn.nl\/wp-content\/uploads\/2023\/03\/DN00100055_Klemring_banjo-bout_Lancia_Delta_Integrale_olieleidingen_turbo_3-1.jpg","datePublished":"2023-03-03T08:43:26+00:00","dateModified":"2025-06-28T10:45:33+00:00","breadcrumb":{"@id":"https:\/\/turijnmagazijn.nl\/de\/produkt\/klemmring-banjo-bout-lancia-delta-integral-ol-pipelines-turbolader\/#breadcrumb"},"inLanguage":"de","potentialAction":[{"@type":"ReadAction","target":["https:\/\/turijnmagazijn.nl\/de\/produkt\/klemmring-banjo-bout-lancia-delta-integral-ol-pipelines-turbolader\/"]}]},{"@type":"ImageObject","inLanguage":"de","@id":"https:\/\/turijnmagazijn.nl\/de\/produkt\/klemmring-banjo-bout-lancia-delta-integral-ol-pipelines-turbolader\/#primaryimage","url":"https:\/\/turijnmagazijn.nl\/wp-content\/uploads\/2023\/03\/DN00100055_Klemring_banjo-bout_Lancia_Delta_Integrale_olieleidingen_turbo_3-1.jpg","contentUrl":"https:\/\/turijnmagazijn.nl\/wp-content\/uploads\/2023\/03\/DN00100055_Klemring_banjo-bout_Lancia_Delta_Integrale_olieleidingen_turbo_3-1.jpg","width":1024,"height":768},{"@type":"BreadcrumbList","@id":"https:\/\/turijnmagazijn.nl\/de\/produkt\/klemmring-banjo-bout-lancia-delta-integral-ol-pipelines-turbolader\/#breadcrumb","itemListElement":[{"@type":"ListItem","position":1,"name":"Home","item":"https:\/\/turijnmagazijn.nl\/de\/"},{"@type":"ListItem","position":2,"name":"Produkte","item":"https:\/\/turijnmagazijn.nl\/de\/shop\/"},{"@type":"ListItem","position":3,"name":"Klemmring Banjo-Bolzen Lancia Delta Integral \u00d6lleitungen Turbo"}]},{"@type":"WebSite","@id":"https:\/\/turijnmagazijn.jumpstone-dev.nl\/#website","url":"https:\/\/turijnmagazijn.jumpstone-dev.nl\/","name":"Turijnmagazijn","description":"Onderdelen nieuw en gebruikt - Fiat &amp; Lancia","publisher":{"@id":"https:\/\/turijnmagazijn.jumpstone-dev.nl\/#organization"},"potentialAction":[{"@type":"SearchAction","target":{"@type":"EntryPoint","urlTemplate":"https:\/\/turijnmagazijn.jumpstone-dev.nl\/?s={search_term_string}"},"query-input":{"@type":"PropertyValueSpecification","valueRequired":true,"valueName":"search_term_string"}}],"inLanguage":"de"},{"@type":"Organization","@id":"https:\/\/turijnmagazijn.jumpstone-dev.nl\/#organization","name":"Turijnmagazijn","url":"https:\/\/turijnmagazijn.jumpstone-dev.nl\/","logo":{"@type":"ImageObject","inLanguage":"de","@id":"https:\/\/turijnmagazijn.jumpstone-dev.nl\/#\/schema\/logo\/image\/","url":"https:\/\/turijnmagazijn.nl\/wp-content\/uploads\/2021\/02\/turijnmagazijnlogo.png","contentUrl":"https:\/\/turijnmagazijn.nl\/wp-content\/uploads\/2021\/02\/turijnmagazijnlogo.png","width":555,"height":270,"caption":"Turijnmagazijn"},"image":{"@id":"https:\/\/turijnmagazijn.jumpstone-dev.nl\/#\/schema\/logo\/image\/"},"sameAs":["https:\/\/www.facebook.com\/turijnmagazijn"]}]}},"_links":{"self":[{"href":"https:\/\/turijnmagazijn.nl\/de\/wp-json\/wp\/v2\/product\/65704","targetHints":{"allow":["GET"]}}],"collection":[{"href":"https:\/\/turijnmagazijn.nl\/de\/wp-json\/wp\/v2\/product"}],"about":[{"href":"https:\/\/turijnmagazijn.nl\/de\/wp-json\/wp\/v2\/types\/product"}],"replies":[{"embeddable":true,"href":"https:\/\/turijnmagazijn.nl\/de\/wp-json\/wp\/v2\/comments?post=65704"}],"wp:featuredmedia":[{"embeddable":true,"href":"https:\/\/turijnmagazijn.nl\/de\/wp-json\/wp\/v2\/media\/52165"}],"wp:attachment":[{"href":"https:\/\/turijnmagazijn.nl\/de\/wp-json\/wp\/v2\/media?parent=65704"}],"wp:term":[{"taxonomy":"product_brand","embeddable":true,"href":"https:\/\/turijnmagazijn.nl\/de\/wp-json\/wp\/v2\/product_brand?post=65704"},{"taxonomy":"product_cat","embeddable":true,"href":"https:\/\/turijnmagazijn.nl\/de\/wp-json\/wp\/v2\/product_cat?post=65704"},{"taxonomy":"product_tag","embeddable":true,"href":"https:\/\/turijnmagazijn.nl\/de\/wp-json\/wp\/v2\/product_tag?post=65704"}],"curies":[{"name":"wp","href":"https:\/\/api.w.org\/{rel}","templated":true}]}}