{"id":65709,"date":"2023-03-03T09:44:14","date_gmt":"2023-03-03T08:44:14","guid":{"rendered":"https:\/\/turijnmagazijn.nl\/product\/motoraufhaengung-verschraubt-karosserieseitig-lancia-delta-integrale-neu\/"},"modified":"2024-11-01T22:27:06","modified_gmt":"2024-11-01T21:27:06","slug":"schraube-motor-montierte-karosserie-seite-lancia-delta-integral-neu","status":"publish","type":"product","link":"https:\/\/turijnmagazijn.nl\/de\/produkt\/schraube-motor-montierte-karosserie-seite-lancia-delta-integral-neu\/","title":{"rendered":"Motoraufh\u00e4ngung verschraubt, karosserieseitig Lancia Delta Integrale -NEU-"},"content":{"rendered":"<p>Neue (nicht originale) Schraube zur Befestigung der oberen Motorhalterung auf H\u00f6he des oberen rechten Federbeins f\u00fcr Lancia Delta integral. Anwendbar auf alle Arten von Integralen. Diese Reproduktionsschraube hat die gleiche Qualit\u00e4t und Verarbeitung, ist aber 5 mm l\u00e4nger als das Original. <\/p>\n<p>F\u00fcr den Betrieb macht das keinen Unterschied. Festigkeitsklasse 8.8 10&#215;1.25 Schl\u00fcsselgr\u00f6\u00dfe 17 Gelb Teilnummer 2 auf der technischen Zeichnung von EPER Zeichnungsnummer 1000200005 bez\u00fcglich der Anwendung auf den Lancia Delta Integrale.<\/p>\n<p> Pro Auto ist eine Kopie dieses Artikels erforderlich.<\/p>\n<p>OEM Lancia Fiat 15888724 (nur als Referenz)<\/p>\n","protected":false},"excerpt":{"rendered":"<p>15888724 Schraube Motorlager karosserieseitig Lancia Delta Integrale -NEU- &#8211; Neue (nicht originale) Schraube zur Montage des oberen Motorlagers auf H\u00f6he des oberen rechten Federbeins f\u00fcr Lancia Delta integral.<\/p>\n","protected":false},"featured_media":52209,"comment_status":"open","ping_status":"closed","template":"","meta":{"_acf_changed":false},"product_brand":[],"product_cat":[1807,1817,1822,1826,1834,1829,1839,1797,1894],"product_tag":[],"class_list":{"0":"post-65709","1":"product","2":"type-product","3":"status-publish","4":"has-post-thumbnail","6":"product_cat-delta-1-831-de","7":"product_cat-gt-i-e-de","8":"product_cat-hf-4wd-de","9":"product_cat-hf-turbo-de","10":"product_cat-integrale-16v-de","11":"product_cat-integrale-8v-de","12":"product_cat-integrale-evo-de","13":"product_cat-lancia-de","14":"product_cat-thema-834-de","15":"pa_soort-onderdeel-kraftstoffsysteme","17":"first","18":"instock","19":"taxable","20":"shipping-taxable","21":"purchasable","22":"product-type-simple"},"acf":[],"yoast_head":"<!-- This site is optimized with the Yoast SEO plugin v27.2 - https:\/\/yoast.com\/product\/yoast-seo-wordpress\/ -->\n<title>Motoraufh\u00e4ngung verschraubt, karosserieseitig Lancia Delta Integrale -NEU- Turijnmagazijn<\/title>\n<meta name=\"robots\" content=\"index, follow, max-snippet:-1, max-image-preview:large, max-video-preview:-1\" \/>\n<link rel=\"canonical\" href=\"https:\/\/turijnmagazijn.nl\/de\/produkt\/schraube-motor-montierte-karosserie-seite-lancia-delta-integral-neu\/\" \/>\n<meta property=\"og:locale\" content=\"de_DE\" \/>\n<meta property=\"og:type\" content=\"article\" \/>\n<meta property=\"og:title\" content=\"Motoraufh\u00e4ngung verschraubt, karosserieseitig Lancia Delta Integrale -NEU- Turijnmagazijn\" \/>\n<meta property=\"og:description\" content=\"15888724 Schraube Motorlager karosserieseitig Lancia Delta Integrale -NEU- - Neue (nicht originale) Schraube zur Montage des oberen Motorlagers auf H\u00f6he des oberen rechten Federbeins f\u00fcr Lancia Delta integral.\" \/>\n<meta property=\"og:url\" content=\"https:\/\/turijnmagazijn.nl\/de\/produkt\/schraube-motor-montierte-karosserie-seite-lancia-delta-integral-neu\/\" \/>\n<meta property=\"og:site_name\" content=\"Turijnmagazijn\" \/>\n<meta property=\"article:publisher\" content=\"https:\/\/www.facebook.com\/turijnmagazijn\" \/>\n<meta property=\"article:modified_time\" content=\"2024-11-01T21:27:06+00:00\" \/>\n<meta property=\"og:image\" content=\"https:\/\/turijnmagazijn.nl\/wp-content\/uploads\/2023\/03\/DN00100061_Bout_motorsteun_carrosserie-zijde_Lancia_Delta_Integrale_-NIEUW-_3-1.jpg\" \/>\n\t<meta property=\"og:image:width\" content=\"800\" \/>\n\t<meta property=\"og:image:height\" content=\"600\" \/>\n\t<meta property=\"og:image:type\" content=\"image\/jpeg\" \/>\n<meta name=\"twitter:card\" content=\"summary_large_image\" \/>\n<script type=\"application\/ld+json\" class=\"yoast-schema-graph\">{\"@context\":\"https:\/\/schema.org\",\"@graph\":[{\"@type\":\"WebPage\",\"@id\":\"https:\/\/turijnmagazijn.nl\/de\/produkt\/schraube-motor-montierte-karosserie-seite-lancia-delta-integral-neu\/\",\"url\":\"https:\/\/turijnmagazijn.nl\/de\/produkt\/schraube-motor-montierte-karosserie-seite-lancia-delta-integral-neu\/\",\"name\":\"Motoraufh\u00e4ngung verschraubt, karosserieseitig Lancia Delta Integrale -NEU- Turijnmagazijn\",\"isPartOf\":{\"@id\":\"https:\/\/turijnmagazijn.jumpstone-dev.nl\/#website\"},\"primaryImageOfPage\":{\"@id\":\"https:\/\/turijnmagazijn.nl\/de\/produkt\/schraube-motor-montierte-karosserie-seite-lancia-delta-integral-neu\/#primaryimage\"},\"image\":{\"@id\":\"https:\/\/turijnmagazijn.nl\/de\/produkt\/schraube-motor-montierte-karosserie-seite-lancia-delta-integral-neu\/#primaryimage\"},\"thumbnailUrl\":\"https:\/\/turijnmagazijn.nl\/wp-content\/uploads\/2023\/03\/DN00100061_Bout_motorsteun_carrosserie-zijde_Lancia_Delta_Integrale_-NIEUW-_3-1.jpg\",\"datePublished\":\"2023-03-03T08:44:14+00:00\",\"dateModified\":\"2024-11-01T21:27:06+00:00\",\"breadcrumb\":{\"@id\":\"https:\/\/turijnmagazijn.nl\/de\/produkt\/schraube-motor-montierte-karosserie-seite-lancia-delta-integral-neu\/#breadcrumb\"},\"inLanguage\":\"de\",\"potentialAction\":[{\"@type\":\"ReadAction\",\"target\":[\"https:\/\/turijnmagazijn.nl\/de\/produkt\/schraube-motor-montierte-karosserie-seite-lancia-delta-integral-neu\/\"]}]},{\"@type\":\"ImageObject\",\"inLanguage\":\"de\",\"@id\":\"https:\/\/turijnmagazijn.nl\/de\/produkt\/schraube-motor-montierte-karosserie-seite-lancia-delta-integral-neu\/#primaryimage\",\"url\":\"https:\/\/turijnmagazijn.nl\/wp-content\/uploads\/2023\/03\/DN00100061_Bout_motorsteun_carrosserie-zijde_Lancia_Delta_Integrale_-NIEUW-_3-1.jpg\",\"contentUrl\":\"https:\/\/turijnmagazijn.nl\/wp-content\/uploads\/2023\/03\/DN00100061_Bout_motorsteun_carrosserie-zijde_Lancia_Delta_Integrale_-NIEUW-_3-1.jpg\",\"width\":800,\"height\":600},{\"@type\":\"BreadcrumbList\",\"@id\":\"https:\/\/turijnmagazijn.nl\/de\/produkt\/schraube-motor-montierte-karosserie-seite-lancia-delta-integral-neu\/#breadcrumb\",\"itemListElement\":[{\"@type\":\"ListItem\",\"position\":1,\"name\":\"Home\",\"item\":\"https:\/\/turijnmagazijn.nl\/de\/\"},{\"@type\":\"ListItem\",\"position\":2,\"name\":\"Produkte\",\"item\":\"https:\/\/turijnmagazijn.nl\/de\/shop\/\"},{\"@type\":\"ListItem\",\"position\":3,\"name\":\"Motoraufh\u00e4ngung verschraubt, karosserieseitig Lancia Delta Integrale -NEU-\"}]},{\"@type\":\"WebSite\",\"@id\":\"https:\/\/turijnmagazijn.jumpstone-dev.nl\/#website\",\"url\":\"https:\/\/turijnmagazijn.jumpstone-dev.nl\/\",\"name\":\"Turijnmagazijn\",\"description\":\"Onderdelen nieuw en gebruikt - Fiat &amp; Lancia\",\"publisher\":{\"@id\":\"https:\/\/turijnmagazijn.jumpstone-dev.nl\/#organization\"},\"potentialAction\":[{\"@type\":\"SearchAction\",\"target\":{\"@type\":\"EntryPoint\",\"urlTemplate\":\"https:\/\/turijnmagazijn.jumpstone-dev.nl\/?s={search_term_string}\"},\"query-input\":{\"@type\":\"PropertyValueSpecification\",\"valueRequired\":true,\"valueName\":\"search_term_string\"}}],\"inLanguage\":\"de\"},{\"@type\":\"Organization\",\"@id\":\"https:\/\/turijnmagazijn.jumpstone-dev.nl\/#organization\",\"name\":\"Turijnmagazijn\",\"url\":\"https:\/\/turijnmagazijn.jumpstone-dev.nl\/\",\"logo\":{\"@type\":\"ImageObject\",\"inLanguage\":\"de\",\"@id\":\"https:\/\/turijnmagazijn.jumpstone-dev.nl\/#\/schema\/logo\/image\/\",\"url\":\"https:\/\/turijnmagazijn.nl\/wp-content\/uploads\/2021\/02\/turijnmagazijnlogo.png\",\"contentUrl\":\"https:\/\/turijnmagazijn.nl\/wp-content\/uploads\/2021\/02\/turijnmagazijnlogo.png\",\"width\":555,\"height\":270,\"caption\":\"Turijnmagazijn\"},\"image\":{\"@id\":\"https:\/\/turijnmagazijn.jumpstone-dev.nl\/#\/schema\/logo\/image\/\"},\"sameAs\":[\"https:\/\/www.facebook.com\/turijnmagazijn\"]}]}<\/script>\n<!-- \/ Yoast SEO plugin. -->","yoast_head_json":{"title":"Motoraufh\u00e4ngung verschraubt, karosserieseitig Lancia Delta Integrale -NEU- Turijnmagazijn","robots":{"index":"index","follow":"follow","max-snippet":"max-snippet:-1","max-image-preview":"max-image-preview:large","max-video-preview":"max-video-preview:-1"},"canonical":"https:\/\/turijnmagazijn.nl\/de\/produkt\/schraube-motor-montierte-karosserie-seite-lancia-delta-integral-neu\/","og_locale":"de_DE","og_type":"article","og_title":"Motoraufh\u00e4ngung verschraubt, karosserieseitig Lancia Delta Integrale -NEU- Turijnmagazijn","og_description":"15888724 Schraube Motorlager karosserieseitig Lancia Delta Integrale -NEU- - Neue (nicht originale) Schraube zur Montage des oberen Motorlagers auf H\u00f6he des oberen rechten Federbeins f\u00fcr Lancia Delta integral.","og_url":"https:\/\/turijnmagazijn.nl\/de\/produkt\/schraube-motor-montierte-karosserie-seite-lancia-delta-integral-neu\/","og_site_name":"Turijnmagazijn","article_publisher":"https:\/\/www.facebook.com\/turijnmagazijn","article_modified_time":"2024-11-01T21:27:06+00:00","og_image":[{"width":800,"height":600,"url":"https:\/\/turijnmagazijn.nl\/wp-content\/uploads\/2023\/03\/DN00100061_Bout_motorsteun_carrosserie-zijde_Lancia_Delta_Integrale_-NIEUW-_3-1.jpg","type":"image\/jpeg"}],"twitter_card":"summary_large_image","schema":{"@context":"https:\/\/schema.org","@graph":[{"@type":"WebPage","@id":"https:\/\/turijnmagazijn.nl\/de\/produkt\/schraube-motor-montierte-karosserie-seite-lancia-delta-integral-neu\/","url":"https:\/\/turijnmagazijn.nl\/de\/produkt\/schraube-motor-montierte-karosserie-seite-lancia-delta-integral-neu\/","name":"Motoraufh\u00e4ngung verschraubt, karosserieseitig Lancia Delta Integrale -NEU- Turijnmagazijn","isPartOf":{"@id":"https:\/\/turijnmagazijn.jumpstone-dev.nl\/#website"},"primaryImageOfPage":{"@id":"https:\/\/turijnmagazijn.nl\/de\/produkt\/schraube-motor-montierte-karosserie-seite-lancia-delta-integral-neu\/#primaryimage"},"image":{"@id":"https:\/\/turijnmagazijn.nl\/de\/produkt\/schraube-motor-montierte-karosserie-seite-lancia-delta-integral-neu\/#primaryimage"},"thumbnailUrl":"https:\/\/turijnmagazijn.nl\/wp-content\/uploads\/2023\/03\/DN00100061_Bout_motorsteun_carrosserie-zijde_Lancia_Delta_Integrale_-NIEUW-_3-1.jpg","datePublished":"2023-03-03T08:44:14+00:00","dateModified":"2024-11-01T21:27:06+00:00","breadcrumb":{"@id":"https:\/\/turijnmagazijn.nl\/de\/produkt\/schraube-motor-montierte-karosserie-seite-lancia-delta-integral-neu\/#breadcrumb"},"inLanguage":"de","potentialAction":[{"@type":"ReadAction","target":["https:\/\/turijnmagazijn.nl\/de\/produkt\/schraube-motor-montierte-karosserie-seite-lancia-delta-integral-neu\/"]}]},{"@type":"ImageObject","inLanguage":"de","@id":"https:\/\/turijnmagazijn.nl\/de\/produkt\/schraube-motor-montierte-karosserie-seite-lancia-delta-integral-neu\/#primaryimage","url":"https:\/\/turijnmagazijn.nl\/wp-content\/uploads\/2023\/03\/DN00100061_Bout_motorsteun_carrosserie-zijde_Lancia_Delta_Integrale_-NIEUW-_3-1.jpg","contentUrl":"https:\/\/turijnmagazijn.nl\/wp-content\/uploads\/2023\/03\/DN00100061_Bout_motorsteun_carrosserie-zijde_Lancia_Delta_Integrale_-NIEUW-_3-1.jpg","width":800,"height":600},{"@type":"BreadcrumbList","@id":"https:\/\/turijnmagazijn.nl\/de\/produkt\/schraube-motor-montierte-karosserie-seite-lancia-delta-integral-neu\/#breadcrumb","itemListElement":[{"@type":"ListItem","position":1,"name":"Home","item":"https:\/\/turijnmagazijn.nl\/de\/"},{"@type":"ListItem","position":2,"name":"Produkte","item":"https:\/\/turijnmagazijn.nl\/de\/shop\/"},{"@type":"ListItem","position":3,"name":"Motoraufh\u00e4ngung verschraubt, karosserieseitig Lancia Delta Integrale -NEU-"}]},{"@type":"WebSite","@id":"https:\/\/turijnmagazijn.jumpstone-dev.nl\/#website","url":"https:\/\/turijnmagazijn.jumpstone-dev.nl\/","name":"Turijnmagazijn","description":"Onderdelen nieuw en gebruikt - Fiat &amp; Lancia","publisher":{"@id":"https:\/\/turijnmagazijn.jumpstone-dev.nl\/#organization"},"potentialAction":[{"@type":"SearchAction","target":{"@type":"EntryPoint","urlTemplate":"https:\/\/turijnmagazijn.jumpstone-dev.nl\/?s={search_term_string}"},"query-input":{"@type":"PropertyValueSpecification","valueRequired":true,"valueName":"search_term_string"}}],"inLanguage":"de"},{"@type":"Organization","@id":"https:\/\/turijnmagazijn.jumpstone-dev.nl\/#organization","name":"Turijnmagazijn","url":"https:\/\/turijnmagazijn.jumpstone-dev.nl\/","logo":{"@type":"ImageObject","inLanguage":"de","@id":"https:\/\/turijnmagazijn.jumpstone-dev.nl\/#\/schema\/logo\/image\/","url":"https:\/\/turijnmagazijn.nl\/wp-content\/uploads\/2021\/02\/turijnmagazijnlogo.png","contentUrl":"https:\/\/turijnmagazijn.nl\/wp-content\/uploads\/2021\/02\/turijnmagazijnlogo.png","width":555,"height":270,"caption":"Turijnmagazijn"},"image":{"@id":"https:\/\/turijnmagazijn.jumpstone-dev.nl\/#\/schema\/logo\/image\/"},"sameAs":["https:\/\/www.facebook.com\/turijnmagazijn"]}]}},"_links":{"self":[{"href":"https:\/\/turijnmagazijn.nl\/de\/wp-json\/wp\/v2\/product\/65709","targetHints":{"allow":["GET"]}}],"collection":[{"href":"https:\/\/turijnmagazijn.nl\/de\/wp-json\/wp\/v2\/product"}],"about":[{"href":"https:\/\/turijnmagazijn.nl\/de\/wp-json\/wp\/v2\/types\/product"}],"replies":[{"embeddable":true,"href":"https:\/\/turijnmagazijn.nl\/de\/wp-json\/wp\/v2\/comments?post=65709"}],"wp:featuredmedia":[{"embeddable":true,"href":"https:\/\/turijnmagazijn.nl\/de\/wp-json\/wp\/v2\/media\/52209"}],"wp:attachment":[{"href":"https:\/\/turijnmagazijn.nl\/de\/wp-json\/wp\/v2\/media?parent=65709"}],"wp:term":[{"taxonomy":"product_brand","embeddable":true,"href":"https:\/\/turijnmagazijn.nl\/de\/wp-json\/wp\/v2\/product_brand?post=65709"},{"taxonomy":"product_cat","embeddable":true,"href":"https:\/\/turijnmagazijn.nl\/de\/wp-json\/wp\/v2\/product_cat?post=65709"},{"taxonomy":"product_tag","embeddable":true,"href":"https:\/\/turijnmagazijn.nl\/de\/wp-json\/wp\/v2\/product_tag?post=65709"}],"curies":[{"name":"wp","href":"https:\/\/api.w.org\/{rel}","templated":true}]}}