{"id":65742,"date":"2023-03-03T09:45:51","date_gmt":"2023-03-03T08:45:51","guid":{"rendered":"https:\/\/turijnmagazijn.nl\/product\/parksensor-hintere-stossstange-aussen-fiat-alfa-lancia-neu\/"},"modified":"2025-05-29T16:33:04","modified_gmt":"2025-05-29T14:33:04","slug":"parksensor-hintere-stosstange-ausen-fiat-alfa-lancia-neu","status":"publish","type":"product","link":"https:\/\/turijnmagazijn.nl\/de\/produkt\/parksensor-hintere-stosstange-ausen-fiat-alfa-lancia-neu\/","title":{"rendered":"Parksensor hintere Sto\u00dfstange au\u00dfen Fiat Alfa Lancia -NEU-"},"content":{"rendered":"<p>Neuer Parksensor f\u00fcr verschiedene Modelle Fiat Lancia und Alfa Romeo. Dieser Sensor stammt aus China und ist zweifellos von etwas geringerer Qualit\u00e4t als ein Original aus Deutschland, aber leicht austauschbar, auch wenn Sie nur 1 Sensor in Ihrem Sortiment austauschen.<\/p>\n<p><span style=\"font-weight: bold;\"><span style=\"color: #ff0000;\">Anmerkung! Beim Stilo wurden zwei verschiedene Sensoren verwendet. Dies betrifft die \u00e4u\u00dferen Sensoren, die ganz links und ganz rechts am Sto\u00dff\u00e4nger montiert sind. Diese sind an der wei\u00dfen Verbindung zu erkennen. Diese wei\u00dfe Markierung (bei diesem Sensor ist die Markierung grau) befindet sich auch auf dem Kabelbaum.<\/span><br \/>\n<\/span><br \/>\nDiese Sensoren k\u00f6nnen an vielen verschiedenen Modellen von Fiat Lancia und Alfa Romeo verwendet werden. Die Sensoren werden nicht gespr\u00fcht, sondern k\u00f6nnen in jeder gew\u00fcnschten Farbe gespr\u00fcht werden, wie es bei den Originalsensoren der Fall ist.<\/p>\n<p>Unter anderem anwendbar f\u00fcr:<\/p>\n<ul>\n<li>Fiat Doblo<\/li>\n<li>Fiat Marea<\/li>\n<li>Fiat Stilo<\/li>\n<li>Fiat Croma<\/li>\n<li>Fiat Multipla<\/li>\n<li>Fiat-Idee<\/li>\n<li>Fiat Palio<\/li>\n<li>Alfa Romeo 166<\/li>\n<li>Alfa Romeo 159<\/li>\n<li>Alfa Romeo Brera<\/li>\n<li>Alfa Romeo GT<\/li>\n<li>Lancia Musa<\/li>\n<\/ul>\n<p><span style=\"font-weight: bold; color: #ff0000;\">Pr\u00fcfen Sie vor der Bestellung, ob diese Sensoren tats\u00e4chlich f\u00fcr Ihr Auto geeignet sind, in einigen F\u00e4llen hat beispielsweise der Kombi einen anderen Sensortyp.  <\/span><\/p>\n<p>&nbsp;<\/p>\n<p>OEM 735388363<\/p>\n","protected":false},"excerpt":{"rendered":"<p>735388363 Parksensor Hecksto\u00dfstange Fiat Alfa Lancia &#8211; Parksensor Hecksto\u00dfstange au\u00dfen Fiat Alfa Lancia -NEU- &#8211; Neu Parksensor f\u00fcr den Einsatz bei verschiedenen Modellen Fiat Lancia und Alfa Romeo.<\/p>\n","protected":false},"featured_media":52461,"comment_status":"open","ping_status":"closed","template":"","meta":{"_acf_changed":false},"product_brand":[],"product_cat":[1657,1651,1765,1770,1584,1642,1689,1632,1734,1737,1762],"product_tag":[],"class_list":{"0":"post-65742","1":"product","2":"type-product","3":"status-publish","4":"has-post-thumbnail","6":"product_cat-159-939-de","7":"product_cat-166-936-de","8":"product_cat-5drs-de","9":"product_cat-abarth-3drs-de","10":"product_cat-alfa-romeo-de","11":"product_cat-brera-939-de","12":"product_cat-fiat-de","13":"product_cat-gt-937-de","14":"product_cat-marea-185-de","15":"product_cat-multipla-186-de","16":"product_cat-stilo-192-de","17":"pa_soort-onderdeel-karosserie-und-blech","19":"first","20":"instock","21":"taxable","22":"shipping-taxable","23":"purchasable","24":"product-type-simple"},"acf":[],"yoast_head":"<!-- This site is optimized with the Yoast SEO plugin v27.3 - https:\/\/yoast.com\/product\/yoast-seo-wordpress\/ -->\n<title>Parksensor hintere Sto\u00dfstange au\u00dfen Fiat Alfa Lancia -NEU- Turijnmagazijn<\/title>\n<meta name=\"robots\" content=\"index, follow, max-snippet:-1, max-image-preview:large, max-video-preview:-1\" \/>\n<link rel=\"canonical\" href=\"https:\/\/turijnmagazijn.nl\/de\/produkt\/parksensor-hintere-stosstange-ausen-fiat-alfa-lancia-neu\/\" \/>\n<meta property=\"og:locale\" content=\"de_DE\" \/>\n<meta property=\"og:type\" content=\"article\" \/>\n<meta property=\"og:title\" content=\"Parksensor hintere Sto\u00dfstange au\u00dfen Fiat Alfa Lancia -NEU- Turijnmagazijn\" \/>\n<meta property=\"og:description\" content=\"735388363 Parksensor Hecksto\u00dfstange Fiat Alfa Lancia - Parksensor Hecksto\u00dfstange au\u00dfen Fiat Alfa Lancia -NEU- - Neu Parksensor f\u00fcr den Einsatz bei verschiedenen Modellen Fiat Lancia und Alfa Romeo.\" \/>\n<meta property=\"og:url\" content=\"https:\/\/turijnmagazijn.nl\/de\/produkt\/parksensor-hintere-stosstange-ausen-fiat-alfa-lancia-neu\/\" \/>\n<meta property=\"og:site_name\" content=\"Turijnmagazijn\" \/>\n<meta property=\"article:publisher\" content=\"https:\/\/www.facebook.com\/turijnmagazijn\" \/>\n<meta property=\"article:modified_time\" content=\"2025-05-29T14:33:04+00:00\" \/>\n<meta property=\"og:image\" content=\"https:\/\/turijnmagazijn.nl\/wp-content\/uploads\/2023\/03\/DN00100081-Parkeersensor-achterbumper-buitenste-Fiat-Alfa-Lancia-NIEUW-3-1.jpg\" \/>\n\t<meta property=\"og:image:width\" content=\"1024\" \/>\n\t<meta property=\"og:image:height\" content=\"768\" \/>\n\t<meta property=\"og:image:type\" content=\"image\/jpeg\" \/>\n<meta name=\"twitter:card\" content=\"summary_large_image\" \/>\n<meta name=\"twitter:label1\" content=\"Gesch\u00e4tzte Lesezeit\" \/>\n\t<meta name=\"twitter:data1\" content=\"1\u00a0Minute\" \/>\n<script type=\"application\/ld+json\" class=\"yoast-schema-graph\">{\"@context\":\"https:\\\/\\\/schema.org\",\"@graph\":[{\"@type\":\"WebPage\",\"@id\":\"https:\\\/\\\/turijnmagazijn.nl\\\/de\\\/produkt\\\/parksensor-hintere-stosstange-ausen-fiat-alfa-lancia-neu\\\/\",\"url\":\"https:\\\/\\\/turijnmagazijn.nl\\\/de\\\/produkt\\\/parksensor-hintere-stosstange-ausen-fiat-alfa-lancia-neu\\\/\",\"name\":\"Parksensor hintere Sto\u00dfstange au\u00dfen Fiat Alfa Lancia -NEU- Turijnmagazijn\",\"isPartOf\":{\"@id\":\"https:\\\/\\\/turijnmagazijn.jumpstone-dev.nl\\\/#website\"},\"primaryImageOfPage\":{\"@id\":\"https:\\\/\\\/turijnmagazijn.nl\\\/de\\\/produkt\\\/parksensor-hintere-stosstange-ausen-fiat-alfa-lancia-neu\\\/#primaryimage\"},\"image\":{\"@id\":\"https:\\\/\\\/turijnmagazijn.nl\\\/de\\\/produkt\\\/parksensor-hintere-stosstange-ausen-fiat-alfa-lancia-neu\\\/#primaryimage\"},\"thumbnailUrl\":\"https:\\\/\\\/turijnmagazijn.nl\\\/wp-content\\\/uploads\\\/2023\\\/03\\\/DN00100081-Parkeersensor-achterbumper-buitenste-Fiat-Alfa-Lancia-NIEUW-3-1.jpg\",\"datePublished\":\"2023-03-03T08:45:51+00:00\",\"dateModified\":\"2025-05-29T14:33:04+00:00\",\"breadcrumb\":{\"@id\":\"https:\\\/\\\/turijnmagazijn.nl\\\/de\\\/produkt\\\/parksensor-hintere-stosstange-ausen-fiat-alfa-lancia-neu\\\/#breadcrumb\"},\"inLanguage\":\"de\",\"potentialAction\":[{\"@type\":\"ReadAction\",\"target\":[\"https:\\\/\\\/turijnmagazijn.nl\\\/de\\\/produkt\\\/parksensor-hintere-stosstange-ausen-fiat-alfa-lancia-neu\\\/\"]}]},{\"@type\":\"ImageObject\",\"inLanguage\":\"de\",\"@id\":\"https:\\\/\\\/turijnmagazijn.nl\\\/de\\\/produkt\\\/parksensor-hintere-stosstange-ausen-fiat-alfa-lancia-neu\\\/#primaryimage\",\"url\":\"https:\\\/\\\/turijnmagazijn.nl\\\/wp-content\\\/uploads\\\/2023\\\/03\\\/DN00100081-Parkeersensor-achterbumper-buitenste-Fiat-Alfa-Lancia-NIEUW-3-1.jpg\",\"contentUrl\":\"https:\\\/\\\/turijnmagazijn.nl\\\/wp-content\\\/uploads\\\/2023\\\/03\\\/DN00100081-Parkeersensor-achterbumper-buitenste-Fiat-Alfa-Lancia-NIEUW-3-1.jpg\",\"width\":1024,\"height\":768},{\"@type\":\"BreadcrumbList\",\"@id\":\"https:\\\/\\\/turijnmagazijn.nl\\\/de\\\/produkt\\\/parksensor-hintere-stosstange-ausen-fiat-alfa-lancia-neu\\\/#breadcrumb\",\"itemListElement\":[{\"@type\":\"ListItem\",\"position\":1,\"name\":\"Home\",\"item\":\"https:\\\/\\\/turijnmagazijn.nl\\\/de\\\/\"},{\"@type\":\"ListItem\",\"position\":2,\"name\":\"Produkte\",\"item\":\"https:\\\/\\\/turijnmagazijn.nl\\\/de\\\/shop\\\/\"},{\"@type\":\"ListItem\",\"position\":3,\"name\":\"Parksensor hintere Sto\u00dfstange au\u00dfen Fiat Alfa Lancia -NEU-\"}]},{\"@type\":\"WebSite\",\"@id\":\"https:\\\/\\\/turijnmagazijn.jumpstone-dev.nl\\\/#website\",\"url\":\"https:\\\/\\\/turijnmagazijn.jumpstone-dev.nl\\\/\",\"name\":\"Turijnmagazijn\",\"description\":\"Onderdelen nieuw en gebruikt - Fiat &amp; Lancia\",\"publisher\":{\"@id\":\"https:\\\/\\\/turijnmagazijn.jumpstone-dev.nl\\\/#organization\"},\"potentialAction\":[{\"@type\":\"SearchAction\",\"target\":{\"@type\":\"EntryPoint\",\"urlTemplate\":\"https:\\\/\\\/turijnmagazijn.jumpstone-dev.nl\\\/?s={search_term_string}\"},\"query-input\":{\"@type\":\"PropertyValueSpecification\",\"valueRequired\":true,\"valueName\":\"search_term_string\"}}],\"inLanguage\":\"de\"},{\"@type\":\"Organization\",\"@id\":\"https:\\\/\\\/turijnmagazijn.jumpstone-dev.nl\\\/#organization\",\"name\":\"Turijnmagazijn\",\"url\":\"https:\\\/\\\/turijnmagazijn.jumpstone-dev.nl\\\/\",\"logo\":{\"@type\":\"ImageObject\",\"inLanguage\":\"de\",\"@id\":\"https:\\\/\\\/turijnmagazijn.jumpstone-dev.nl\\\/#\\\/schema\\\/logo\\\/image\\\/\",\"url\":\"https:\\\/\\\/turijnmagazijn.nl\\\/wp-content\\\/uploads\\\/2021\\\/02\\\/turijnmagazijnlogo.png\",\"contentUrl\":\"https:\\\/\\\/turijnmagazijn.nl\\\/wp-content\\\/uploads\\\/2021\\\/02\\\/turijnmagazijnlogo.png\",\"width\":555,\"height\":270,\"caption\":\"Turijnmagazijn\"},\"image\":{\"@id\":\"https:\\\/\\\/turijnmagazijn.jumpstone-dev.nl\\\/#\\\/schema\\\/logo\\\/image\\\/\"},\"sameAs\":[\"https:\\\/\\\/www.facebook.com\\\/turijnmagazijn\"]}]}<\/script>\n<!-- \/ Yoast SEO plugin. -->","yoast_head_json":{"title":"Parksensor hintere Sto\u00dfstange au\u00dfen Fiat Alfa Lancia -NEU- Turijnmagazijn","robots":{"index":"index","follow":"follow","max-snippet":"max-snippet:-1","max-image-preview":"max-image-preview:large","max-video-preview":"max-video-preview:-1"},"canonical":"https:\/\/turijnmagazijn.nl\/de\/produkt\/parksensor-hintere-stosstange-ausen-fiat-alfa-lancia-neu\/","og_locale":"de_DE","og_type":"article","og_title":"Parksensor hintere Sto\u00dfstange au\u00dfen Fiat Alfa Lancia -NEU- Turijnmagazijn","og_description":"735388363 Parksensor Hecksto\u00dfstange Fiat Alfa Lancia - Parksensor Hecksto\u00dfstange au\u00dfen Fiat Alfa Lancia -NEU- - Neu Parksensor f\u00fcr den Einsatz bei verschiedenen Modellen Fiat Lancia und Alfa Romeo.","og_url":"https:\/\/turijnmagazijn.nl\/de\/produkt\/parksensor-hintere-stosstange-ausen-fiat-alfa-lancia-neu\/","og_site_name":"Turijnmagazijn","article_publisher":"https:\/\/www.facebook.com\/turijnmagazijn","article_modified_time":"2025-05-29T14:33:04+00:00","og_image":[{"width":1024,"height":768,"url":"https:\/\/turijnmagazijn.nl\/wp-content\/uploads\/2023\/03\/DN00100081-Parkeersensor-achterbumper-buitenste-Fiat-Alfa-Lancia-NIEUW-3-1.jpg","type":"image\/jpeg"}],"twitter_card":"summary_large_image","twitter_misc":{"Gesch\u00e4tzte Lesezeit":"1\u00a0Minute"},"schema":{"@context":"https:\/\/schema.org","@graph":[{"@type":"WebPage","@id":"https:\/\/turijnmagazijn.nl\/de\/produkt\/parksensor-hintere-stosstange-ausen-fiat-alfa-lancia-neu\/","url":"https:\/\/turijnmagazijn.nl\/de\/produkt\/parksensor-hintere-stosstange-ausen-fiat-alfa-lancia-neu\/","name":"Parksensor hintere Sto\u00dfstange au\u00dfen Fiat Alfa Lancia -NEU- Turijnmagazijn","isPartOf":{"@id":"https:\/\/turijnmagazijn.jumpstone-dev.nl\/#website"},"primaryImageOfPage":{"@id":"https:\/\/turijnmagazijn.nl\/de\/produkt\/parksensor-hintere-stosstange-ausen-fiat-alfa-lancia-neu\/#primaryimage"},"image":{"@id":"https:\/\/turijnmagazijn.nl\/de\/produkt\/parksensor-hintere-stosstange-ausen-fiat-alfa-lancia-neu\/#primaryimage"},"thumbnailUrl":"https:\/\/turijnmagazijn.nl\/wp-content\/uploads\/2023\/03\/DN00100081-Parkeersensor-achterbumper-buitenste-Fiat-Alfa-Lancia-NIEUW-3-1.jpg","datePublished":"2023-03-03T08:45:51+00:00","dateModified":"2025-05-29T14:33:04+00:00","breadcrumb":{"@id":"https:\/\/turijnmagazijn.nl\/de\/produkt\/parksensor-hintere-stosstange-ausen-fiat-alfa-lancia-neu\/#breadcrumb"},"inLanguage":"de","potentialAction":[{"@type":"ReadAction","target":["https:\/\/turijnmagazijn.nl\/de\/produkt\/parksensor-hintere-stosstange-ausen-fiat-alfa-lancia-neu\/"]}]},{"@type":"ImageObject","inLanguage":"de","@id":"https:\/\/turijnmagazijn.nl\/de\/produkt\/parksensor-hintere-stosstange-ausen-fiat-alfa-lancia-neu\/#primaryimage","url":"https:\/\/turijnmagazijn.nl\/wp-content\/uploads\/2023\/03\/DN00100081-Parkeersensor-achterbumper-buitenste-Fiat-Alfa-Lancia-NIEUW-3-1.jpg","contentUrl":"https:\/\/turijnmagazijn.nl\/wp-content\/uploads\/2023\/03\/DN00100081-Parkeersensor-achterbumper-buitenste-Fiat-Alfa-Lancia-NIEUW-3-1.jpg","width":1024,"height":768},{"@type":"BreadcrumbList","@id":"https:\/\/turijnmagazijn.nl\/de\/produkt\/parksensor-hintere-stosstange-ausen-fiat-alfa-lancia-neu\/#breadcrumb","itemListElement":[{"@type":"ListItem","position":1,"name":"Home","item":"https:\/\/turijnmagazijn.nl\/de\/"},{"@type":"ListItem","position":2,"name":"Produkte","item":"https:\/\/turijnmagazijn.nl\/de\/shop\/"},{"@type":"ListItem","position":3,"name":"Parksensor hintere Sto\u00dfstange au\u00dfen Fiat Alfa Lancia -NEU-"}]},{"@type":"WebSite","@id":"https:\/\/turijnmagazijn.jumpstone-dev.nl\/#website","url":"https:\/\/turijnmagazijn.jumpstone-dev.nl\/","name":"Turijnmagazijn","description":"Onderdelen nieuw en gebruikt - Fiat &amp; Lancia","publisher":{"@id":"https:\/\/turijnmagazijn.jumpstone-dev.nl\/#organization"},"potentialAction":[{"@type":"SearchAction","target":{"@type":"EntryPoint","urlTemplate":"https:\/\/turijnmagazijn.jumpstone-dev.nl\/?s={search_term_string}"},"query-input":{"@type":"PropertyValueSpecification","valueRequired":true,"valueName":"search_term_string"}}],"inLanguage":"de"},{"@type":"Organization","@id":"https:\/\/turijnmagazijn.jumpstone-dev.nl\/#organization","name":"Turijnmagazijn","url":"https:\/\/turijnmagazijn.jumpstone-dev.nl\/","logo":{"@type":"ImageObject","inLanguage":"de","@id":"https:\/\/turijnmagazijn.jumpstone-dev.nl\/#\/schema\/logo\/image\/","url":"https:\/\/turijnmagazijn.nl\/wp-content\/uploads\/2021\/02\/turijnmagazijnlogo.png","contentUrl":"https:\/\/turijnmagazijn.nl\/wp-content\/uploads\/2021\/02\/turijnmagazijnlogo.png","width":555,"height":270,"caption":"Turijnmagazijn"},"image":{"@id":"https:\/\/turijnmagazijn.jumpstone-dev.nl\/#\/schema\/logo\/image\/"},"sameAs":["https:\/\/www.facebook.com\/turijnmagazijn"]}]}},"_links":{"self":[{"href":"https:\/\/turijnmagazijn.nl\/de\/wp-json\/wp\/v2\/product\/65742","targetHints":{"allow":["GET"]}}],"collection":[{"href":"https:\/\/turijnmagazijn.nl\/de\/wp-json\/wp\/v2\/product"}],"about":[{"href":"https:\/\/turijnmagazijn.nl\/de\/wp-json\/wp\/v2\/types\/product"}],"replies":[{"embeddable":true,"href":"https:\/\/turijnmagazijn.nl\/de\/wp-json\/wp\/v2\/comments?post=65742"}],"wp:featuredmedia":[{"embeddable":true,"href":"https:\/\/turijnmagazijn.nl\/de\/wp-json\/wp\/v2\/media\/52461"}],"wp:attachment":[{"href":"https:\/\/turijnmagazijn.nl\/de\/wp-json\/wp\/v2\/media?parent=65742"}],"wp:term":[{"taxonomy":"product_brand","embeddable":true,"href":"https:\/\/turijnmagazijn.nl\/de\/wp-json\/wp\/v2\/product_brand?post=65742"},{"taxonomy":"product_cat","embeddable":true,"href":"https:\/\/turijnmagazijn.nl\/de\/wp-json\/wp\/v2\/product_cat?post=65742"},{"taxonomy":"product_tag","embeddable":true,"href":"https:\/\/turijnmagazijn.nl\/de\/wp-json\/wp\/v2\/product_tag?post=65742"}],"curies":[{"name":"wp","href":"https:\/\/api.w.org\/{rel}","templated":true}]}}