{"id":65755,"date":"2023-03-03T09:45:51","date_gmt":"2023-03-03T08:45:51","guid":{"rendered":"https:\/\/turijnmagazijn.nl\/product\/aussenspiegel-fiat-punto-ii-manuell-rechts-neu\/"},"modified":"2023-08-07T17:19:10","modified_gmt":"2023-08-07T15:19:10","slug":"ausenspiegel-fiat-punto-ii-manuell-rechts-neu","status":"publish","type":"product","link":"https:\/\/turijnmagazijn.nl\/de\/produkt\/ausenspiegel-fiat-punto-ii-manuell-rechts-neu\/","title":{"rendered":"Au\u00dfenspiegel Fiat Punto II manuell Rechts -NEU-"},"content":{"rendered":"<p>Nachahmung des Au\u00dfenspiegels der Marke TYC, hohe Qualit\u00e4t vergleichbar mit original Fiat. In der Version in schwarzem Kunststoff die Variante f\u00fcr Puntos mit nicht bespr\u00fchten Spiegeln! Betrifft den manuellen Spiegel, der mit einem Kabel betrieben wird.<\/p>\n<p>Ausgestattet mit einem kugelf\u00f6rmigen Spiegel. Spiegelglas ist daher im Lieferumfang enthalten.<\/p>\n<p>OEM FIAT <span style=\"font-weight: bold;\">735269278<\/span><\/p>\n<p><span style=\"background-color: transparent;\">OEM FIAT <\/span><span style=\"background-color: transparent;\">71716193<\/span><\/p>\n<p><span style=\"background-color: transparent;\">OEM FIAT <\/span>735310073<\/p>\n<p>OEMS nur als Referenz, ist eine TYC-Imitation<\/p>\n","protected":false},"excerpt":{"rendered":"<p><span style=\"background-color: transparent;\">71716193 <\/span>Au\u00dfenspiegel Fiat Punto II Schaltgetriebe Rechts -NEU- &#8211; Nachahmung des Au\u00dfenspiegels der Marke TYC, hohe Qualit\u00e4t vergleichbar mit original Fiat.<\/p>\n","protected":false},"featured_media":52477,"comment_status":"open","ping_status":"closed","template":"","meta":{"_acf_changed":false},"product_brand":[],"product_cat":[1689,1751],"product_tag":[],"class_list":{"0":"post-65755","1":"product","2":"type-product","3":"status-publish","4":"has-post-thumbnail","6":"product_cat-fiat-de","7":"product_cat-punto-2-188-de","8":"pa_soort-onderdeel-spiegel","10":"first","11":"instock","12":"taxable","13":"shipping-taxable","14":"purchasable","15":"product-type-simple"},"acf":[],"yoast_head":"<!-- This site is optimized with the Yoast SEO plugin v27.3 - https:\/\/yoast.com\/product\/yoast-seo-wordpress\/ -->\n<title>Au\u00dfenspiegel Fiat Punto II manuell Rechts -NEU- Turijnmagazijn<\/title>\n<meta name=\"robots\" content=\"index, follow, max-snippet:-1, max-image-preview:large, max-video-preview:-1\" \/>\n<link rel=\"canonical\" href=\"https:\/\/turijnmagazijn.nl\/de\/produkt\/ausenspiegel-fiat-punto-ii-manuell-rechts-neu\/\" \/>\n<meta property=\"og:locale\" content=\"de_DE\" \/>\n<meta property=\"og:type\" content=\"article\" \/>\n<meta property=\"og:title\" content=\"Au\u00dfenspiegel Fiat Punto II manuell Rechts -NEU- Turijnmagazijn\" \/>\n<meta property=\"og:description\" content=\"71716193 Au\u00dfenspiegel Fiat Punto II Schaltgetriebe Rechts -NEU- - Nachahmung des Au\u00dfenspiegels der Marke TYC, hohe Qualit\u00e4t vergleichbar mit original Fiat.\" \/>\n<meta property=\"og:url\" content=\"https:\/\/turijnmagazijn.nl\/de\/produkt\/ausenspiegel-fiat-punto-ii-manuell-rechts-neu\/\" \/>\n<meta property=\"og:site_name\" content=\"Turijnmagazijn\" \/>\n<meta property=\"article:publisher\" content=\"https:\/\/www.facebook.com\/turijnmagazijn\" \/>\n<meta property=\"article:modified_time\" content=\"2023-08-07T15:19:10+00:00\" \/>\n<meta property=\"og:image\" content=\"https:\/\/turijnmagazijn.nl\/wp-content\/uploads\/2023\/03\/DN00100082-Buitenspiegel-Fiat-Punto-II-handbediend-Rechts-NIEUW-3-1.jpg\" \/>\n\t<meta property=\"og:image:width\" content=\"1024\" \/>\n\t<meta property=\"og:image:height\" content=\"768\" \/>\n\t<meta property=\"og:image:type\" content=\"image\/jpeg\" \/>\n<meta name=\"twitter:card\" content=\"summary_large_image\" \/>\n<script type=\"application\/ld+json\" class=\"yoast-schema-graph\">{\"@context\":\"https:\\\/\\\/schema.org\",\"@graph\":[{\"@type\":\"WebPage\",\"@id\":\"https:\\\/\\\/turijnmagazijn.nl\\\/de\\\/produkt\\\/ausenspiegel-fiat-punto-ii-manuell-rechts-neu\\\/\",\"url\":\"https:\\\/\\\/turijnmagazijn.nl\\\/de\\\/produkt\\\/ausenspiegel-fiat-punto-ii-manuell-rechts-neu\\\/\",\"name\":\"Au\u00dfenspiegel Fiat Punto II manuell Rechts -NEU- Turijnmagazijn\",\"isPartOf\":{\"@id\":\"https:\\\/\\\/turijnmagazijn.jumpstone-dev.nl\\\/#website\"},\"primaryImageOfPage\":{\"@id\":\"https:\\\/\\\/turijnmagazijn.nl\\\/de\\\/produkt\\\/ausenspiegel-fiat-punto-ii-manuell-rechts-neu\\\/#primaryimage\"},\"image\":{\"@id\":\"https:\\\/\\\/turijnmagazijn.nl\\\/de\\\/produkt\\\/ausenspiegel-fiat-punto-ii-manuell-rechts-neu\\\/#primaryimage\"},\"thumbnailUrl\":\"https:\\\/\\\/turijnmagazijn.nl\\\/wp-content\\\/uploads\\\/2023\\\/03\\\/DN00100082-Buitenspiegel-Fiat-Punto-II-handbediend-Rechts-NIEUW-3-1.jpg\",\"datePublished\":\"2023-03-03T08:45:51+00:00\",\"dateModified\":\"2023-08-07T15:19:10+00:00\",\"breadcrumb\":{\"@id\":\"https:\\\/\\\/turijnmagazijn.nl\\\/de\\\/produkt\\\/ausenspiegel-fiat-punto-ii-manuell-rechts-neu\\\/#breadcrumb\"},\"inLanguage\":\"de\",\"potentialAction\":[{\"@type\":\"ReadAction\",\"target\":[\"https:\\\/\\\/turijnmagazijn.nl\\\/de\\\/produkt\\\/ausenspiegel-fiat-punto-ii-manuell-rechts-neu\\\/\"]}]},{\"@type\":\"ImageObject\",\"inLanguage\":\"de\",\"@id\":\"https:\\\/\\\/turijnmagazijn.nl\\\/de\\\/produkt\\\/ausenspiegel-fiat-punto-ii-manuell-rechts-neu\\\/#primaryimage\",\"url\":\"https:\\\/\\\/turijnmagazijn.nl\\\/wp-content\\\/uploads\\\/2023\\\/03\\\/DN00100082-Buitenspiegel-Fiat-Punto-II-handbediend-Rechts-NIEUW-3-1.jpg\",\"contentUrl\":\"https:\\\/\\\/turijnmagazijn.nl\\\/wp-content\\\/uploads\\\/2023\\\/03\\\/DN00100082-Buitenspiegel-Fiat-Punto-II-handbediend-Rechts-NIEUW-3-1.jpg\",\"width\":1024,\"height\":768},{\"@type\":\"BreadcrumbList\",\"@id\":\"https:\\\/\\\/turijnmagazijn.nl\\\/de\\\/produkt\\\/ausenspiegel-fiat-punto-ii-manuell-rechts-neu\\\/#breadcrumb\",\"itemListElement\":[{\"@type\":\"ListItem\",\"position\":1,\"name\":\"Home\",\"item\":\"https:\\\/\\\/turijnmagazijn.nl\\\/de\\\/\"},{\"@type\":\"ListItem\",\"position\":2,\"name\":\"Produkte\",\"item\":\"https:\\\/\\\/turijnmagazijn.nl\\\/de\\\/shop\\\/\"},{\"@type\":\"ListItem\",\"position\":3,\"name\":\"Au\u00dfenspiegel Fiat Punto II manuell Rechts -NEU-\"}]},{\"@type\":\"WebSite\",\"@id\":\"https:\\\/\\\/turijnmagazijn.jumpstone-dev.nl\\\/#website\",\"url\":\"https:\\\/\\\/turijnmagazijn.jumpstone-dev.nl\\\/\",\"name\":\"Turijnmagazijn\",\"description\":\"Onderdelen nieuw en gebruikt - Fiat &amp; Lancia\",\"publisher\":{\"@id\":\"https:\\\/\\\/turijnmagazijn.jumpstone-dev.nl\\\/#organization\"},\"potentialAction\":[{\"@type\":\"SearchAction\",\"target\":{\"@type\":\"EntryPoint\",\"urlTemplate\":\"https:\\\/\\\/turijnmagazijn.jumpstone-dev.nl\\\/?s={search_term_string}\"},\"query-input\":{\"@type\":\"PropertyValueSpecification\",\"valueRequired\":true,\"valueName\":\"search_term_string\"}}],\"inLanguage\":\"de\"},{\"@type\":\"Organization\",\"@id\":\"https:\\\/\\\/turijnmagazijn.jumpstone-dev.nl\\\/#organization\",\"name\":\"Turijnmagazijn\",\"url\":\"https:\\\/\\\/turijnmagazijn.jumpstone-dev.nl\\\/\",\"logo\":{\"@type\":\"ImageObject\",\"inLanguage\":\"de\",\"@id\":\"https:\\\/\\\/turijnmagazijn.jumpstone-dev.nl\\\/#\\\/schema\\\/logo\\\/image\\\/\",\"url\":\"https:\\\/\\\/turijnmagazijn.nl\\\/wp-content\\\/uploads\\\/2021\\\/02\\\/turijnmagazijnlogo.png\",\"contentUrl\":\"https:\\\/\\\/turijnmagazijn.nl\\\/wp-content\\\/uploads\\\/2021\\\/02\\\/turijnmagazijnlogo.png\",\"width\":555,\"height\":270,\"caption\":\"Turijnmagazijn\"},\"image\":{\"@id\":\"https:\\\/\\\/turijnmagazijn.jumpstone-dev.nl\\\/#\\\/schema\\\/logo\\\/image\\\/\"},\"sameAs\":[\"https:\\\/\\\/www.facebook.com\\\/turijnmagazijn\"]}]}<\/script>\n<!-- \/ Yoast SEO plugin. -->","yoast_head_json":{"title":"Au\u00dfenspiegel Fiat Punto II manuell Rechts -NEU- Turijnmagazijn","robots":{"index":"index","follow":"follow","max-snippet":"max-snippet:-1","max-image-preview":"max-image-preview:large","max-video-preview":"max-video-preview:-1"},"canonical":"https:\/\/turijnmagazijn.nl\/de\/produkt\/ausenspiegel-fiat-punto-ii-manuell-rechts-neu\/","og_locale":"de_DE","og_type":"article","og_title":"Au\u00dfenspiegel Fiat Punto II manuell Rechts -NEU- Turijnmagazijn","og_description":"71716193 Au\u00dfenspiegel Fiat Punto II Schaltgetriebe Rechts -NEU- - Nachahmung des Au\u00dfenspiegels der Marke TYC, hohe Qualit\u00e4t vergleichbar mit original Fiat.","og_url":"https:\/\/turijnmagazijn.nl\/de\/produkt\/ausenspiegel-fiat-punto-ii-manuell-rechts-neu\/","og_site_name":"Turijnmagazijn","article_publisher":"https:\/\/www.facebook.com\/turijnmagazijn","article_modified_time":"2023-08-07T15:19:10+00:00","og_image":[{"width":1024,"height":768,"url":"https:\/\/turijnmagazijn.nl\/wp-content\/uploads\/2023\/03\/DN00100082-Buitenspiegel-Fiat-Punto-II-handbediend-Rechts-NIEUW-3-1.jpg","type":"image\/jpeg"}],"twitter_card":"summary_large_image","schema":{"@context":"https:\/\/schema.org","@graph":[{"@type":"WebPage","@id":"https:\/\/turijnmagazijn.nl\/de\/produkt\/ausenspiegel-fiat-punto-ii-manuell-rechts-neu\/","url":"https:\/\/turijnmagazijn.nl\/de\/produkt\/ausenspiegel-fiat-punto-ii-manuell-rechts-neu\/","name":"Au\u00dfenspiegel Fiat Punto II manuell Rechts -NEU- Turijnmagazijn","isPartOf":{"@id":"https:\/\/turijnmagazijn.jumpstone-dev.nl\/#website"},"primaryImageOfPage":{"@id":"https:\/\/turijnmagazijn.nl\/de\/produkt\/ausenspiegel-fiat-punto-ii-manuell-rechts-neu\/#primaryimage"},"image":{"@id":"https:\/\/turijnmagazijn.nl\/de\/produkt\/ausenspiegel-fiat-punto-ii-manuell-rechts-neu\/#primaryimage"},"thumbnailUrl":"https:\/\/turijnmagazijn.nl\/wp-content\/uploads\/2023\/03\/DN00100082-Buitenspiegel-Fiat-Punto-II-handbediend-Rechts-NIEUW-3-1.jpg","datePublished":"2023-03-03T08:45:51+00:00","dateModified":"2023-08-07T15:19:10+00:00","breadcrumb":{"@id":"https:\/\/turijnmagazijn.nl\/de\/produkt\/ausenspiegel-fiat-punto-ii-manuell-rechts-neu\/#breadcrumb"},"inLanguage":"de","potentialAction":[{"@type":"ReadAction","target":["https:\/\/turijnmagazijn.nl\/de\/produkt\/ausenspiegel-fiat-punto-ii-manuell-rechts-neu\/"]}]},{"@type":"ImageObject","inLanguage":"de","@id":"https:\/\/turijnmagazijn.nl\/de\/produkt\/ausenspiegel-fiat-punto-ii-manuell-rechts-neu\/#primaryimage","url":"https:\/\/turijnmagazijn.nl\/wp-content\/uploads\/2023\/03\/DN00100082-Buitenspiegel-Fiat-Punto-II-handbediend-Rechts-NIEUW-3-1.jpg","contentUrl":"https:\/\/turijnmagazijn.nl\/wp-content\/uploads\/2023\/03\/DN00100082-Buitenspiegel-Fiat-Punto-II-handbediend-Rechts-NIEUW-3-1.jpg","width":1024,"height":768},{"@type":"BreadcrumbList","@id":"https:\/\/turijnmagazijn.nl\/de\/produkt\/ausenspiegel-fiat-punto-ii-manuell-rechts-neu\/#breadcrumb","itemListElement":[{"@type":"ListItem","position":1,"name":"Home","item":"https:\/\/turijnmagazijn.nl\/de\/"},{"@type":"ListItem","position":2,"name":"Produkte","item":"https:\/\/turijnmagazijn.nl\/de\/shop\/"},{"@type":"ListItem","position":3,"name":"Au\u00dfenspiegel Fiat Punto II manuell Rechts -NEU-"}]},{"@type":"WebSite","@id":"https:\/\/turijnmagazijn.jumpstone-dev.nl\/#website","url":"https:\/\/turijnmagazijn.jumpstone-dev.nl\/","name":"Turijnmagazijn","description":"Onderdelen nieuw en gebruikt - Fiat &amp; Lancia","publisher":{"@id":"https:\/\/turijnmagazijn.jumpstone-dev.nl\/#organization"},"potentialAction":[{"@type":"SearchAction","target":{"@type":"EntryPoint","urlTemplate":"https:\/\/turijnmagazijn.jumpstone-dev.nl\/?s={search_term_string}"},"query-input":{"@type":"PropertyValueSpecification","valueRequired":true,"valueName":"search_term_string"}}],"inLanguage":"de"},{"@type":"Organization","@id":"https:\/\/turijnmagazijn.jumpstone-dev.nl\/#organization","name":"Turijnmagazijn","url":"https:\/\/turijnmagazijn.jumpstone-dev.nl\/","logo":{"@type":"ImageObject","inLanguage":"de","@id":"https:\/\/turijnmagazijn.jumpstone-dev.nl\/#\/schema\/logo\/image\/","url":"https:\/\/turijnmagazijn.nl\/wp-content\/uploads\/2021\/02\/turijnmagazijnlogo.png","contentUrl":"https:\/\/turijnmagazijn.nl\/wp-content\/uploads\/2021\/02\/turijnmagazijnlogo.png","width":555,"height":270,"caption":"Turijnmagazijn"},"image":{"@id":"https:\/\/turijnmagazijn.jumpstone-dev.nl\/#\/schema\/logo\/image\/"},"sameAs":["https:\/\/www.facebook.com\/turijnmagazijn"]}]}},"_links":{"self":[{"href":"https:\/\/turijnmagazijn.nl\/de\/wp-json\/wp\/v2\/product\/65755","targetHints":{"allow":["GET"]}}],"collection":[{"href":"https:\/\/turijnmagazijn.nl\/de\/wp-json\/wp\/v2\/product"}],"about":[{"href":"https:\/\/turijnmagazijn.nl\/de\/wp-json\/wp\/v2\/types\/product"}],"replies":[{"embeddable":true,"href":"https:\/\/turijnmagazijn.nl\/de\/wp-json\/wp\/v2\/comments?post=65755"}],"wp:featuredmedia":[{"embeddable":true,"href":"https:\/\/turijnmagazijn.nl\/de\/wp-json\/wp\/v2\/media\/52477"}],"wp:attachment":[{"href":"https:\/\/turijnmagazijn.nl\/de\/wp-json\/wp\/v2\/media?parent=65755"}],"wp:term":[{"taxonomy":"product_brand","embeddable":true,"href":"https:\/\/turijnmagazijn.nl\/de\/wp-json\/wp\/v2\/product_brand?post=65755"},{"taxonomy":"product_cat","embeddable":true,"href":"https:\/\/turijnmagazijn.nl\/de\/wp-json\/wp\/v2\/product_cat?post=65755"},{"taxonomy":"product_tag","embeddable":true,"href":"https:\/\/turijnmagazijn.nl\/de\/wp-json\/wp\/v2\/product_tag?post=65755"}],"curies":[{"name":"wp","href":"https:\/\/api.w.org\/{rel}","templated":true}]}}