{"id":65804,"date":"2023-03-03T09:47:37","date_gmt":"2023-03-03T08:47:37","guid":{"rendered":"https:\/\/turijnmagazijn.nl\/product\/schluessel-ohne-elektronik-fiat-stilo-punto-ii-blau-neu\/"},"modified":"2026-01-08T10:46:19","modified_gmt":"2026-01-08T09:46:19","slug":"schlussel-ohne-elektronik-fiat-stilo-punto-ii-blau-neu","status":"publish","type":"product","link":"https:\/\/turijnmagazijn.nl\/de\/produkt\/schlussel-ohne-elektronik-fiat-stilo-punto-ii-blau-neu\/","title":{"rendered":"Schl\u00fcssel ohne Elektronik Fiat Stilo Punto II Blau -NEU-"},"content":{"rendered":"<p>Neues blaues Schl\u00fcsselgeh\u00e4use (Klappschl\u00fcsselmodell) f\u00fcr Fiat Stilo und Bravo I und Punto II. Es handelt sich um ein neues Nachahmungsprodukt, das direkt mit einem originalen Fiat-Schl\u00fcssel austauschbar ist. Dies ist ein Geh\u00e4use OHNE die interne Elektronik und OHNE Chip. Der Schl\u00fcssel ist mit einem leeren Schl\u00fcsselbart des flachen Typs ausgestattet, der von einem Schl\u00fcsselmacher gem\u00e4\u00df dem originalen Musterschl\u00fcssel gesch\u00e4rft werden kann. Es ist auch m\u00f6glich, den alten Bart durch L\u00f6sen einer Schraube auszutauschen.<\/p>\n<p>Der Schl\u00fcssel hat kein Logo. Passende Logos finden Sie in unserem Shop.<\/p>\n<p>OEM Fiat 71738117 ALS REFERENZ, KEIN ORIGINALTEIL<\/p>\n<p>&nbsp;<\/p>\n","protected":false},"excerpt":{"rendered":"<p>71738117 Schl\u00fcssel ohne Elektronik Fiat Stilo Punto II Blau -NEU- &#8211; Neues blaues Schl\u00fcsselgeh\u00e4use (Klappschl\u00fcsselmodell) f\u00fcr Fiat Stilo und Bravo I und Punto II.<\/p>\n","protected":false},"featured_media":52737,"comment_status":"open","ping_status":"closed","template":"","meta":{"_acf_changed":false},"product_brand":[],"product_cat":[1693,1689,1751,1762],"product_tag":[],"class_list":{"0":"post-65804","1":"product","2":"type-product","3":"status-publish","4":"has-post-thumbnail","6":"product_cat-500-312-de","7":"product_cat-fiat-de","8":"product_cat-punto-2-188-de","9":"product_cat-stilo-192-de","10":"pa_soort-onderdeel-elektronik-und-kabel","12":"first","13":"instock","14":"taxable","15":"shipping-taxable","16":"purchasable","17":"product-type-simple"},"acf":[],"yoast_head":"<!-- This site is optimized with the Yoast SEO plugin v27.3 - https:\/\/yoast.com\/product\/yoast-seo-wordpress\/ -->\n<title>Schl\u00fcssel ohne Elektronik Fiat Stilo Punto II Blau -NEU- Turijnmagazijn<\/title>\n<meta name=\"robots\" content=\"index, follow, max-snippet:-1, max-image-preview:large, max-video-preview:-1\" \/>\n<link rel=\"canonical\" href=\"https:\/\/turijnmagazijn.nl\/de\/produkt\/schlussel-ohne-elektronik-fiat-stilo-punto-ii-blau-neu\/\" \/>\n<meta property=\"og:locale\" content=\"de_DE\" \/>\n<meta property=\"og:type\" content=\"article\" \/>\n<meta property=\"og:title\" content=\"Schl\u00fcssel ohne Elektronik Fiat Stilo Punto II Blau -NEU- Turijnmagazijn\" \/>\n<meta property=\"og:description\" content=\"71738117 Schl\u00fcssel ohne Elektronik Fiat Stilo Punto II Blau -NEU- - Neues blaues Schl\u00fcsselgeh\u00e4use (Klappschl\u00fcsselmodell) f\u00fcr Fiat Stilo und Bravo I und Punto II.\" \/>\n<meta property=\"og:url\" content=\"https:\/\/turijnmagazijn.nl\/de\/produkt\/schlussel-ohne-elektronik-fiat-stilo-punto-ii-blau-neu\/\" \/>\n<meta property=\"og:site_name\" content=\"Turijnmagazijn\" \/>\n<meta property=\"article:publisher\" content=\"https:\/\/www.facebook.com\/turijnmagazijn\" \/>\n<meta property=\"article:modified_time\" content=\"2026-01-08T09:46:19+00:00\" \/>\n<meta property=\"og:image\" content=\"https:\/\/turijnmagazijn.nl\/wp-content\/uploads\/2023\/03\/DN00100096-Sleutel-zonder-electronica-Fiat-Stilo-Punto-II-Blauw-NIEUW-2-1.jpg\" \/>\n\t<meta property=\"og:image:width\" content=\"1024\" \/>\n\t<meta property=\"og:image:height\" content=\"768\" \/>\n\t<meta property=\"og:image:type\" content=\"image\/jpeg\" \/>\n<meta name=\"twitter:card\" content=\"summary_large_image\" \/>\n<meta name=\"twitter:label1\" content=\"Gesch\u00e4tzte Lesezeit\" \/>\n\t<meta name=\"twitter:data1\" content=\"1\u00a0Minute\" \/>\n<script type=\"application\/ld+json\" class=\"yoast-schema-graph\">{\"@context\":\"https:\\\/\\\/schema.org\",\"@graph\":[{\"@type\":\"WebPage\",\"@id\":\"https:\\\/\\\/turijnmagazijn.nl\\\/de\\\/produkt\\\/schlussel-ohne-elektronik-fiat-stilo-punto-ii-blau-neu\\\/\",\"url\":\"https:\\\/\\\/turijnmagazijn.nl\\\/de\\\/produkt\\\/schlussel-ohne-elektronik-fiat-stilo-punto-ii-blau-neu\\\/\",\"name\":\"Schl\u00fcssel ohne Elektronik Fiat Stilo Punto II Blau -NEU- Turijnmagazijn\",\"isPartOf\":{\"@id\":\"https:\\\/\\\/turijnmagazijn.jumpstone-dev.nl\\\/#website\"},\"primaryImageOfPage\":{\"@id\":\"https:\\\/\\\/turijnmagazijn.nl\\\/de\\\/produkt\\\/schlussel-ohne-elektronik-fiat-stilo-punto-ii-blau-neu\\\/#primaryimage\"},\"image\":{\"@id\":\"https:\\\/\\\/turijnmagazijn.nl\\\/de\\\/produkt\\\/schlussel-ohne-elektronik-fiat-stilo-punto-ii-blau-neu\\\/#primaryimage\"},\"thumbnailUrl\":\"https:\\\/\\\/turijnmagazijn.nl\\\/wp-content\\\/uploads\\\/2023\\\/03\\\/DN00100096-Sleutel-zonder-electronica-Fiat-Stilo-Punto-II-Blauw-NIEUW-2-1.jpg\",\"datePublished\":\"2023-03-03T08:47:37+00:00\",\"dateModified\":\"2026-01-08T09:46:19+00:00\",\"breadcrumb\":{\"@id\":\"https:\\\/\\\/turijnmagazijn.nl\\\/de\\\/produkt\\\/schlussel-ohne-elektronik-fiat-stilo-punto-ii-blau-neu\\\/#breadcrumb\"},\"inLanguage\":\"de\",\"potentialAction\":[{\"@type\":\"ReadAction\",\"target\":[\"https:\\\/\\\/turijnmagazijn.nl\\\/de\\\/produkt\\\/schlussel-ohne-elektronik-fiat-stilo-punto-ii-blau-neu\\\/\"]}]},{\"@type\":\"ImageObject\",\"inLanguage\":\"de\",\"@id\":\"https:\\\/\\\/turijnmagazijn.nl\\\/de\\\/produkt\\\/schlussel-ohne-elektronik-fiat-stilo-punto-ii-blau-neu\\\/#primaryimage\",\"url\":\"https:\\\/\\\/turijnmagazijn.nl\\\/wp-content\\\/uploads\\\/2023\\\/03\\\/DN00100096-Sleutel-zonder-electronica-Fiat-Stilo-Punto-II-Blauw-NIEUW-2-1.jpg\",\"contentUrl\":\"https:\\\/\\\/turijnmagazijn.nl\\\/wp-content\\\/uploads\\\/2023\\\/03\\\/DN00100096-Sleutel-zonder-electronica-Fiat-Stilo-Punto-II-Blauw-NIEUW-2-1.jpg\",\"width\":1024,\"height\":768},{\"@type\":\"BreadcrumbList\",\"@id\":\"https:\\\/\\\/turijnmagazijn.nl\\\/de\\\/produkt\\\/schlussel-ohne-elektronik-fiat-stilo-punto-ii-blau-neu\\\/#breadcrumb\",\"itemListElement\":[{\"@type\":\"ListItem\",\"position\":1,\"name\":\"Home\",\"item\":\"https:\\\/\\\/turijnmagazijn.nl\\\/de\\\/\"},{\"@type\":\"ListItem\",\"position\":2,\"name\":\"Produkte\",\"item\":\"https:\\\/\\\/turijnmagazijn.nl\\\/de\\\/shop\\\/\"},{\"@type\":\"ListItem\",\"position\":3,\"name\":\"Schl\u00fcssel ohne Elektronik Fiat Stilo Punto II Blau -NEU-\"}]},{\"@type\":\"WebSite\",\"@id\":\"https:\\\/\\\/turijnmagazijn.jumpstone-dev.nl\\\/#website\",\"url\":\"https:\\\/\\\/turijnmagazijn.jumpstone-dev.nl\\\/\",\"name\":\"Turijnmagazijn\",\"description\":\"Onderdelen nieuw en gebruikt - Fiat &amp; Lancia\",\"publisher\":{\"@id\":\"https:\\\/\\\/turijnmagazijn.jumpstone-dev.nl\\\/#organization\"},\"potentialAction\":[{\"@type\":\"SearchAction\",\"target\":{\"@type\":\"EntryPoint\",\"urlTemplate\":\"https:\\\/\\\/turijnmagazijn.jumpstone-dev.nl\\\/?s={search_term_string}\"},\"query-input\":{\"@type\":\"PropertyValueSpecification\",\"valueRequired\":true,\"valueName\":\"search_term_string\"}}],\"inLanguage\":\"de\"},{\"@type\":\"Organization\",\"@id\":\"https:\\\/\\\/turijnmagazijn.jumpstone-dev.nl\\\/#organization\",\"name\":\"Turijnmagazijn\",\"url\":\"https:\\\/\\\/turijnmagazijn.jumpstone-dev.nl\\\/\",\"logo\":{\"@type\":\"ImageObject\",\"inLanguage\":\"de\",\"@id\":\"https:\\\/\\\/turijnmagazijn.jumpstone-dev.nl\\\/#\\\/schema\\\/logo\\\/image\\\/\",\"url\":\"https:\\\/\\\/turijnmagazijn.nl\\\/wp-content\\\/uploads\\\/2021\\\/02\\\/turijnmagazijnlogo.png\",\"contentUrl\":\"https:\\\/\\\/turijnmagazijn.nl\\\/wp-content\\\/uploads\\\/2021\\\/02\\\/turijnmagazijnlogo.png\",\"width\":555,\"height\":270,\"caption\":\"Turijnmagazijn\"},\"image\":{\"@id\":\"https:\\\/\\\/turijnmagazijn.jumpstone-dev.nl\\\/#\\\/schema\\\/logo\\\/image\\\/\"},\"sameAs\":[\"https:\\\/\\\/www.facebook.com\\\/turijnmagazijn\"]}]}<\/script>\n<!-- \/ Yoast SEO plugin. -->","yoast_head_json":{"title":"Schl\u00fcssel ohne Elektronik Fiat Stilo Punto II Blau -NEU- Turijnmagazijn","robots":{"index":"index","follow":"follow","max-snippet":"max-snippet:-1","max-image-preview":"max-image-preview:large","max-video-preview":"max-video-preview:-1"},"canonical":"https:\/\/turijnmagazijn.nl\/de\/produkt\/schlussel-ohne-elektronik-fiat-stilo-punto-ii-blau-neu\/","og_locale":"de_DE","og_type":"article","og_title":"Schl\u00fcssel ohne Elektronik Fiat Stilo Punto II Blau -NEU- Turijnmagazijn","og_description":"71738117 Schl\u00fcssel ohne Elektronik Fiat Stilo Punto II Blau -NEU- - Neues blaues Schl\u00fcsselgeh\u00e4use (Klappschl\u00fcsselmodell) f\u00fcr Fiat Stilo und Bravo I und Punto II.","og_url":"https:\/\/turijnmagazijn.nl\/de\/produkt\/schlussel-ohne-elektronik-fiat-stilo-punto-ii-blau-neu\/","og_site_name":"Turijnmagazijn","article_publisher":"https:\/\/www.facebook.com\/turijnmagazijn","article_modified_time":"2026-01-08T09:46:19+00:00","og_image":[{"width":1024,"height":768,"url":"https:\/\/turijnmagazijn.nl\/wp-content\/uploads\/2023\/03\/DN00100096-Sleutel-zonder-electronica-Fiat-Stilo-Punto-II-Blauw-NIEUW-2-1.jpg","type":"image\/jpeg"}],"twitter_card":"summary_large_image","twitter_misc":{"Gesch\u00e4tzte Lesezeit":"1\u00a0Minute"},"schema":{"@context":"https:\/\/schema.org","@graph":[{"@type":"WebPage","@id":"https:\/\/turijnmagazijn.nl\/de\/produkt\/schlussel-ohne-elektronik-fiat-stilo-punto-ii-blau-neu\/","url":"https:\/\/turijnmagazijn.nl\/de\/produkt\/schlussel-ohne-elektronik-fiat-stilo-punto-ii-blau-neu\/","name":"Schl\u00fcssel ohne Elektronik Fiat Stilo Punto II Blau -NEU- Turijnmagazijn","isPartOf":{"@id":"https:\/\/turijnmagazijn.jumpstone-dev.nl\/#website"},"primaryImageOfPage":{"@id":"https:\/\/turijnmagazijn.nl\/de\/produkt\/schlussel-ohne-elektronik-fiat-stilo-punto-ii-blau-neu\/#primaryimage"},"image":{"@id":"https:\/\/turijnmagazijn.nl\/de\/produkt\/schlussel-ohne-elektronik-fiat-stilo-punto-ii-blau-neu\/#primaryimage"},"thumbnailUrl":"https:\/\/turijnmagazijn.nl\/wp-content\/uploads\/2023\/03\/DN00100096-Sleutel-zonder-electronica-Fiat-Stilo-Punto-II-Blauw-NIEUW-2-1.jpg","datePublished":"2023-03-03T08:47:37+00:00","dateModified":"2026-01-08T09:46:19+00:00","breadcrumb":{"@id":"https:\/\/turijnmagazijn.nl\/de\/produkt\/schlussel-ohne-elektronik-fiat-stilo-punto-ii-blau-neu\/#breadcrumb"},"inLanguage":"de","potentialAction":[{"@type":"ReadAction","target":["https:\/\/turijnmagazijn.nl\/de\/produkt\/schlussel-ohne-elektronik-fiat-stilo-punto-ii-blau-neu\/"]}]},{"@type":"ImageObject","inLanguage":"de","@id":"https:\/\/turijnmagazijn.nl\/de\/produkt\/schlussel-ohne-elektronik-fiat-stilo-punto-ii-blau-neu\/#primaryimage","url":"https:\/\/turijnmagazijn.nl\/wp-content\/uploads\/2023\/03\/DN00100096-Sleutel-zonder-electronica-Fiat-Stilo-Punto-II-Blauw-NIEUW-2-1.jpg","contentUrl":"https:\/\/turijnmagazijn.nl\/wp-content\/uploads\/2023\/03\/DN00100096-Sleutel-zonder-electronica-Fiat-Stilo-Punto-II-Blauw-NIEUW-2-1.jpg","width":1024,"height":768},{"@type":"BreadcrumbList","@id":"https:\/\/turijnmagazijn.nl\/de\/produkt\/schlussel-ohne-elektronik-fiat-stilo-punto-ii-blau-neu\/#breadcrumb","itemListElement":[{"@type":"ListItem","position":1,"name":"Home","item":"https:\/\/turijnmagazijn.nl\/de\/"},{"@type":"ListItem","position":2,"name":"Produkte","item":"https:\/\/turijnmagazijn.nl\/de\/shop\/"},{"@type":"ListItem","position":3,"name":"Schl\u00fcssel ohne Elektronik Fiat Stilo Punto II Blau -NEU-"}]},{"@type":"WebSite","@id":"https:\/\/turijnmagazijn.jumpstone-dev.nl\/#website","url":"https:\/\/turijnmagazijn.jumpstone-dev.nl\/","name":"Turijnmagazijn","description":"Onderdelen nieuw en gebruikt - Fiat &amp; Lancia","publisher":{"@id":"https:\/\/turijnmagazijn.jumpstone-dev.nl\/#organization"},"potentialAction":[{"@type":"SearchAction","target":{"@type":"EntryPoint","urlTemplate":"https:\/\/turijnmagazijn.jumpstone-dev.nl\/?s={search_term_string}"},"query-input":{"@type":"PropertyValueSpecification","valueRequired":true,"valueName":"search_term_string"}}],"inLanguage":"de"},{"@type":"Organization","@id":"https:\/\/turijnmagazijn.jumpstone-dev.nl\/#organization","name":"Turijnmagazijn","url":"https:\/\/turijnmagazijn.jumpstone-dev.nl\/","logo":{"@type":"ImageObject","inLanguage":"de","@id":"https:\/\/turijnmagazijn.jumpstone-dev.nl\/#\/schema\/logo\/image\/","url":"https:\/\/turijnmagazijn.nl\/wp-content\/uploads\/2021\/02\/turijnmagazijnlogo.png","contentUrl":"https:\/\/turijnmagazijn.nl\/wp-content\/uploads\/2021\/02\/turijnmagazijnlogo.png","width":555,"height":270,"caption":"Turijnmagazijn"},"image":{"@id":"https:\/\/turijnmagazijn.jumpstone-dev.nl\/#\/schema\/logo\/image\/"},"sameAs":["https:\/\/www.facebook.com\/turijnmagazijn"]}]}},"_links":{"self":[{"href":"https:\/\/turijnmagazijn.nl\/de\/wp-json\/wp\/v2\/product\/65804","targetHints":{"allow":["GET"]}}],"collection":[{"href":"https:\/\/turijnmagazijn.nl\/de\/wp-json\/wp\/v2\/product"}],"about":[{"href":"https:\/\/turijnmagazijn.nl\/de\/wp-json\/wp\/v2\/types\/product"}],"replies":[{"embeddable":true,"href":"https:\/\/turijnmagazijn.nl\/de\/wp-json\/wp\/v2\/comments?post=65804"}],"wp:featuredmedia":[{"embeddable":true,"href":"https:\/\/turijnmagazijn.nl\/de\/wp-json\/wp\/v2\/media\/52737"}],"wp:attachment":[{"href":"https:\/\/turijnmagazijn.nl\/de\/wp-json\/wp\/v2\/media?parent=65804"}],"wp:term":[{"taxonomy":"product_brand","embeddable":true,"href":"https:\/\/turijnmagazijn.nl\/de\/wp-json\/wp\/v2\/product_brand?post=65804"},{"taxonomy":"product_cat","embeddable":true,"href":"https:\/\/turijnmagazijn.nl\/de\/wp-json\/wp\/v2\/product_cat?post=65804"},{"taxonomy":"product_tag","embeddable":true,"href":"https:\/\/turijnmagazijn.nl\/de\/wp-json\/wp\/v2\/product_tag?post=65804"}],"curies":[{"name":"wp","href":"https:\/\/api.w.org\/{rel}","templated":true}]}}