{"id":65820,"date":"2023-03-03T09:47:37","date_gmt":"2023-03-03T08:47:37","guid":{"rendered":"https:\/\/turijnmagazijn.nl\/product\/gummiknopf-fuer-handsender-klappschluessel-fiat-punto-ii-stilo-500-neu\/"},"modified":"2025-05-29T16:41:33","modified_gmt":"2025-05-29T14:41:33","slug":"gummi-knopf-fur-hand-sender-klappschlussel-fiat-punto-ii-stilo-500-neu","status":"publish","type":"product","link":"https:\/\/turijnmagazijn.nl\/de\/produkt\/gummi-knopf-fur-hand-sender-klappschlussel-fiat-punto-ii-stilo-500-neu\/","title":{"rendered":"Gummiknopf f\u00fcr Handsender Klappschl\u00fcssel Fiat Punto II | Stilo 500 -NEU-"},"content":{"rendered":"<p><a style=\"background-color: #ffffff; color: #23527c; outline: 0px;\" href=\"https:\/\/turijnmagazijn.nl\/de\/postfachversand\/\" target=\"\" rel=\"noopener\"><img decoding=\"async\" src=\"https:\/\/www.delenkorf.nl\/image\/catalog\/brievenbus.png\"><\/a><\/p>\n<p>Neues Teil, ein Gummiimitat in Blau, um die Gummikn\u00f6pfe am Schl\u00fcssel mit eingebauter Fernbedienung f\u00fcr Fiat Punto II, Fiat Stilo und Fiat 500 der ersten Serie zu ersetzen. Es betrifft alle Tasten im Set, also Entriegelung, Verriegelung und Heckklappentaste.<\/p>\n<p>Dieses Teil ist eine praktische und kosteng\u00fcnstige Reparatur, wenn einer der Kn\u00f6pfe f\u00fcr das automatische T\u00fcrschloss abgenutzt oder besch\u00e4digt ist. Dies ist bei dieser Art von Schl\u00fcsseln f\u00fcr den Fiat Stilo durchaus \u00fcblich.<\/p>\n<p>Solange der darunterliegende schwarze Mikroschalter noch einwandfrei funktioniert, ist der Austausch der Gummikappen eine perfekte M\u00f6glichkeit, die Lebensdauer des Schl\u00fcssels wieder zu gew\u00e4hrleisten.<\/p>\n<p>Die OEM-Nummer des Schl\u00fcssels, auf den die Kappe geh\u00f6rt, ist 71738117 Dies dient nur als Referenz und nicht als Teilenummer, die Sie erhalten.<\/p>\n<p>&nbsp;<\/p>\n","protected":false},"excerpt":{"rendered":"<p>71738117 Gummiknopf f\u00fcr Handsender Klappschl\u00fcssel Fiat Punto II | Stilo 500 -NEU- &#8211; Neuteil, ein Gummiimitat-Knopf in blau als Ersatz f\u00fcr die Gummikn\u00f6pfe am Schl\u00fcssel mit eingebauter Fernbedienung f\u00fcr Fiat Punto II, Fiat Stilo und Fi<\/p>\n","protected":false},"featured_media":52761,"comment_status":"open","ping_status":"closed","template":"","meta":{"_acf_changed":false},"product_brand":[],"product_cat":[1693,1689,1751,1762],"product_tag":[],"class_list":{"0":"post-65820","1":"product","2":"type-product","3":"status-publish","4":"has-post-thumbnail","6":"product_cat-500-312-de","7":"product_cat-fiat-de","8":"product_cat-punto-2-188-de","9":"product_cat-stilo-192-de","10":"pa_soort-onderdeel-elektronik-und-kabel","12":"first","13":"instock","14":"taxable","15":"shipping-taxable","16":"purchasable","17":"product-type-simple"},"acf":[],"yoast_head":"<!-- This site is optimized with the Yoast SEO plugin v27.2 - https:\/\/yoast.com\/product\/yoast-seo-wordpress\/ -->\n<title>Gummiknopf f\u00fcr Handsender Klappschl\u00fcssel Fiat Punto II | Stilo 500 -NEU- Turijnmagazijn<\/title>\n<meta name=\"robots\" content=\"index, follow, max-snippet:-1, max-image-preview:large, max-video-preview:-1\" \/>\n<link rel=\"canonical\" href=\"https:\/\/turijnmagazijn.nl\/de\/produkt\/gummi-knopf-fur-hand-sender-klappschlussel-fiat-punto-ii-stilo-500-neu\/\" \/>\n<meta property=\"og:locale\" content=\"de_DE\" \/>\n<meta property=\"og:type\" content=\"article\" \/>\n<meta property=\"og:title\" content=\"Gummiknopf f\u00fcr Handsender Klappschl\u00fcssel Fiat Punto II | Stilo 500 -NEU- Turijnmagazijn\" \/>\n<meta property=\"og:description\" content=\"71738117 Gummiknopf f\u00fcr Handsender Klappschl\u00fcssel Fiat Punto II | Stilo 500 -NEU- - Neuteil, ein Gummiimitat-Knopf in blau als Ersatz f\u00fcr die Gummikn\u00f6pfe am Schl\u00fcssel mit eingebauter Fernbedienung f\u00fcr Fiat Punto II, Fiat Stilo und Fi\" \/>\n<meta property=\"og:url\" content=\"https:\/\/turijnmagazijn.nl\/de\/produkt\/gummi-knopf-fur-hand-sender-klappschlussel-fiat-punto-ii-stilo-500-neu\/\" \/>\n<meta property=\"og:site_name\" content=\"Turijnmagazijn\" \/>\n<meta property=\"article:publisher\" content=\"https:\/\/www.facebook.com\/turijnmagazijn\" \/>\n<meta property=\"article:modified_time\" content=\"2025-05-29T14:41:33+00:00\" \/>\n<meta property=\"og:image\" content=\"https:\/\/turijnmagazijn.nl\/wp-content\/uploads\/2023\/03\/DN00100098-Rubber-knopje-voor-handzender-klapsleutel-Fiat-Punto-II-Stilo-500-NIEUW-2-1.jpg\" \/>\n\t<meta property=\"og:image:width\" content=\"1024\" \/>\n\t<meta property=\"og:image:height\" content=\"768\" \/>\n\t<meta property=\"og:image:type\" content=\"image\/jpeg\" \/>\n<meta name=\"twitter:card\" content=\"summary_large_image\" \/>\n<meta name=\"twitter:label1\" content=\"Gesch\u00e4tzte Lesezeit\" \/>\n\t<meta name=\"twitter:data1\" content=\"1\u00a0Minute\" \/>\n<script type=\"application\/ld+json\" class=\"yoast-schema-graph\">{\"@context\":\"https:\/\/schema.org\",\"@graph\":[{\"@type\":\"WebPage\",\"@id\":\"https:\/\/turijnmagazijn.nl\/de\/produkt\/gummi-knopf-fur-hand-sender-klappschlussel-fiat-punto-ii-stilo-500-neu\/\",\"url\":\"https:\/\/turijnmagazijn.nl\/de\/produkt\/gummi-knopf-fur-hand-sender-klappschlussel-fiat-punto-ii-stilo-500-neu\/\",\"name\":\"Gummiknopf f\u00fcr Handsender Klappschl\u00fcssel Fiat Punto II | Stilo 500 -NEU- Turijnmagazijn\",\"isPartOf\":{\"@id\":\"https:\/\/turijnmagazijn.jumpstone-dev.nl\/#website\"},\"primaryImageOfPage\":{\"@id\":\"https:\/\/turijnmagazijn.nl\/de\/produkt\/gummi-knopf-fur-hand-sender-klappschlussel-fiat-punto-ii-stilo-500-neu\/#primaryimage\"},\"image\":{\"@id\":\"https:\/\/turijnmagazijn.nl\/de\/produkt\/gummi-knopf-fur-hand-sender-klappschlussel-fiat-punto-ii-stilo-500-neu\/#primaryimage\"},\"thumbnailUrl\":\"https:\/\/turijnmagazijn.nl\/wp-content\/uploads\/2023\/03\/DN00100098-Rubber-knopje-voor-handzender-klapsleutel-Fiat-Punto-II-Stilo-500-NIEUW-2-1.jpg\",\"datePublished\":\"2023-03-03T08:47:37+00:00\",\"dateModified\":\"2025-05-29T14:41:33+00:00\",\"breadcrumb\":{\"@id\":\"https:\/\/turijnmagazijn.nl\/de\/produkt\/gummi-knopf-fur-hand-sender-klappschlussel-fiat-punto-ii-stilo-500-neu\/#breadcrumb\"},\"inLanguage\":\"de\",\"potentialAction\":[{\"@type\":\"ReadAction\",\"target\":[\"https:\/\/turijnmagazijn.nl\/de\/produkt\/gummi-knopf-fur-hand-sender-klappschlussel-fiat-punto-ii-stilo-500-neu\/\"]}]},{\"@type\":\"ImageObject\",\"inLanguage\":\"de\",\"@id\":\"https:\/\/turijnmagazijn.nl\/de\/produkt\/gummi-knopf-fur-hand-sender-klappschlussel-fiat-punto-ii-stilo-500-neu\/#primaryimage\",\"url\":\"https:\/\/turijnmagazijn.nl\/wp-content\/uploads\/2023\/03\/DN00100098-Rubber-knopje-voor-handzender-klapsleutel-Fiat-Punto-II-Stilo-500-NIEUW-2-1.jpg\",\"contentUrl\":\"https:\/\/turijnmagazijn.nl\/wp-content\/uploads\/2023\/03\/DN00100098-Rubber-knopje-voor-handzender-klapsleutel-Fiat-Punto-II-Stilo-500-NIEUW-2-1.jpg\",\"width\":1024,\"height\":768},{\"@type\":\"BreadcrumbList\",\"@id\":\"https:\/\/turijnmagazijn.nl\/de\/produkt\/gummi-knopf-fur-hand-sender-klappschlussel-fiat-punto-ii-stilo-500-neu\/#breadcrumb\",\"itemListElement\":[{\"@type\":\"ListItem\",\"position\":1,\"name\":\"Home\",\"item\":\"https:\/\/turijnmagazijn.jumpstone-dev.nl\/\"},{\"@type\":\"ListItem\",\"position\":2,\"name\":\"Produkte\",\"item\":\"https:\/\/turijnmagazijn.nl\/de\/shop\/\"},{\"@type\":\"ListItem\",\"position\":3,\"name\":\"Gummiknopf f\u00fcr Handsender Klappschl\u00fcssel Fiat Punto II | Stilo 500 -NEU-\"}]},{\"@type\":\"WebSite\",\"@id\":\"https:\/\/turijnmagazijn.jumpstone-dev.nl\/#website\",\"url\":\"https:\/\/turijnmagazijn.jumpstone-dev.nl\/\",\"name\":\"Turijnmagazijn\",\"description\":\"Onderdelen nieuw en gebruikt - Fiat &amp; Lancia\",\"publisher\":{\"@id\":\"https:\/\/turijnmagazijn.jumpstone-dev.nl\/#organization\"},\"potentialAction\":[{\"@type\":\"SearchAction\",\"target\":{\"@type\":\"EntryPoint\",\"urlTemplate\":\"https:\/\/turijnmagazijn.jumpstone-dev.nl\/?s={search_term_string}\"},\"query-input\":{\"@type\":\"PropertyValueSpecification\",\"valueRequired\":true,\"valueName\":\"search_term_string\"}}],\"inLanguage\":\"de\"},{\"@type\":\"Organization\",\"@id\":\"https:\/\/turijnmagazijn.jumpstone-dev.nl\/#organization\",\"name\":\"Turijnmagazijn\",\"url\":\"https:\/\/turijnmagazijn.jumpstone-dev.nl\/\",\"logo\":{\"@type\":\"ImageObject\",\"inLanguage\":\"de\",\"@id\":\"https:\/\/turijnmagazijn.jumpstone-dev.nl\/#\/schema\/logo\/image\/\",\"url\":\"https:\/\/turijnmagazijn.nl\/wp-content\/uploads\/2021\/02\/turijnmagazijnlogo.png\",\"contentUrl\":\"https:\/\/turijnmagazijn.nl\/wp-content\/uploads\/2021\/02\/turijnmagazijnlogo.png\",\"width\":555,\"height\":270,\"caption\":\"Turijnmagazijn\"},\"image\":{\"@id\":\"https:\/\/turijnmagazijn.jumpstone-dev.nl\/#\/schema\/logo\/image\/\"},\"sameAs\":[\"https:\/\/www.facebook.com\/turijnmagazijn\"]}]}<\/script>\n<!-- \/ Yoast SEO plugin. -->","yoast_head_json":{"title":"Gummiknopf f\u00fcr Handsender Klappschl\u00fcssel Fiat Punto II | Stilo 500 -NEU- Turijnmagazijn","robots":{"index":"index","follow":"follow","max-snippet":"max-snippet:-1","max-image-preview":"max-image-preview:large","max-video-preview":"max-video-preview:-1"},"canonical":"https:\/\/turijnmagazijn.nl\/de\/produkt\/gummi-knopf-fur-hand-sender-klappschlussel-fiat-punto-ii-stilo-500-neu\/","og_locale":"de_DE","og_type":"article","og_title":"Gummiknopf f\u00fcr Handsender Klappschl\u00fcssel Fiat Punto II | Stilo 500 -NEU- Turijnmagazijn","og_description":"71738117 Gummiknopf f\u00fcr Handsender Klappschl\u00fcssel Fiat Punto II | Stilo 500 -NEU- - Neuteil, ein Gummiimitat-Knopf in blau als Ersatz f\u00fcr die Gummikn\u00f6pfe am Schl\u00fcssel mit eingebauter Fernbedienung f\u00fcr Fiat Punto II, Fiat Stilo und Fi","og_url":"https:\/\/turijnmagazijn.nl\/de\/produkt\/gummi-knopf-fur-hand-sender-klappschlussel-fiat-punto-ii-stilo-500-neu\/","og_site_name":"Turijnmagazijn","article_publisher":"https:\/\/www.facebook.com\/turijnmagazijn","article_modified_time":"2025-05-29T14:41:33+00:00","og_image":[{"width":1024,"height":768,"url":"https:\/\/turijnmagazijn.nl\/wp-content\/uploads\/2023\/03\/DN00100098-Rubber-knopje-voor-handzender-klapsleutel-Fiat-Punto-II-Stilo-500-NIEUW-2-1.jpg","type":"image\/jpeg"}],"twitter_card":"summary_large_image","twitter_misc":{"Gesch\u00e4tzte Lesezeit":"1\u00a0Minute"},"schema":{"@context":"https:\/\/schema.org","@graph":[{"@type":"WebPage","@id":"https:\/\/turijnmagazijn.nl\/de\/produkt\/gummi-knopf-fur-hand-sender-klappschlussel-fiat-punto-ii-stilo-500-neu\/","url":"https:\/\/turijnmagazijn.nl\/de\/produkt\/gummi-knopf-fur-hand-sender-klappschlussel-fiat-punto-ii-stilo-500-neu\/","name":"Gummiknopf f\u00fcr Handsender Klappschl\u00fcssel Fiat Punto II | Stilo 500 -NEU- Turijnmagazijn","isPartOf":{"@id":"https:\/\/turijnmagazijn.jumpstone-dev.nl\/#website"},"primaryImageOfPage":{"@id":"https:\/\/turijnmagazijn.nl\/de\/produkt\/gummi-knopf-fur-hand-sender-klappschlussel-fiat-punto-ii-stilo-500-neu\/#primaryimage"},"image":{"@id":"https:\/\/turijnmagazijn.nl\/de\/produkt\/gummi-knopf-fur-hand-sender-klappschlussel-fiat-punto-ii-stilo-500-neu\/#primaryimage"},"thumbnailUrl":"https:\/\/turijnmagazijn.nl\/wp-content\/uploads\/2023\/03\/DN00100098-Rubber-knopje-voor-handzender-klapsleutel-Fiat-Punto-II-Stilo-500-NIEUW-2-1.jpg","datePublished":"2023-03-03T08:47:37+00:00","dateModified":"2025-05-29T14:41:33+00:00","breadcrumb":{"@id":"https:\/\/turijnmagazijn.nl\/de\/produkt\/gummi-knopf-fur-hand-sender-klappschlussel-fiat-punto-ii-stilo-500-neu\/#breadcrumb"},"inLanguage":"de","potentialAction":[{"@type":"ReadAction","target":["https:\/\/turijnmagazijn.nl\/de\/produkt\/gummi-knopf-fur-hand-sender-klappschlussel-fiat-punto-ii-stilo-500-neu\/"]}]},{"@type":"ImageObject","inLanguage":"de","@id":"https:\/\/turijnmagazijn.nl\/de\/produkt\/gummi-knopf-fur-hand-sender-klappschlussel-fiat-punto-ii-stilo-500-neu\/#primaryimage","url":"https:\/\/turijnmagazijn.nl\/wp-content\/uploads\/2023\/03\/DN00100098-Rubber-knopje-voor-handzender-klapsleutel-Fiat-Punto-II-Stilo-500-NIEUW-2-1.jpg","contentUrl":"https:\/\/turijnmagazijn.nl\/wp-content\/uploads\/2023\/03\/DN00100098-Rubber-knopje-voor-handzender-klapsleutel-Fiat-Punto-II-Stilo-500-NIEUW-2-1.jpg","width":1024,"height":768},{"@type":"BreadcrumbList","@id":"https:\/\/turijnmagazijn.nl\/de\/produkt\/gummi-knopf-fur-hand-sender-klappschlussel-fiat-punto-ii-stilo-500-neu\/#breadcrumb","itemListElement":[{"@type":"ListItem","position":1,"name":"Home","item":"https:\/\/turijnmagazijn.jumpstone-dev.nl\/"},{"@type":"ListItem","position":2,"name":"Produkte","item":"https:\/\/turijnmagazijn.nl\/de\/shop\/"},{"@type":"ListItem","position":3,"name":"Gummiknopf f\u00fcr Handsender Klappschl\u00fcssel Fiat Punto II | Stilo 500 -NEU-"}]},{"@type":"WebSite","@id":"https:\/\/turijnmagazijn.jumpstone-dev.nl\/#website","url":"https:\/\/turijnmagazijn.jumpstone-dev.nl\/","name":"Turijnmagazijn","description":"Onderdelen nieuw en gebruikt - Fiat &amp; Lancia","publisher":{"@id":"https:\/\/turijnmagazijn.jumpstone-dev.nl\/#organization"},"potentialAction":[{"@type":"SearchAction","target":{"@type":"EntryPoint","urlTemplate":"https:\/\/turijnmagazijn.jumpstone-dev.nl\/?s={search_term_string}"},"query-input":{"@type":"PropertyValueSpecification","valueRequired":true,"valueName":"search_term_string"}}],"inLanguage":"de"},{"@type":"Organization","@id":"https:\/\/turijnmagazijn.jumpstone-dev.nl\/#organization","name":"Turijnmagazijn","url":"https:\/\/turijnmagazijn.jumpstone-dev.nl\/","logo":{"@type":"ImageObject","inLanguage":"de","@id":"https:\/\/turijnmagazijn.jumpstone-dev.nl\/#\/schema\/logo\/image\/","url":"https:\/\/turijnmagazijn.nl\/wp-content\/uploads\/2021\/02\/turijnmagazijnlogo.png","contentUrl":"https:\/\/turijnmagazijn.nl\/wp-content\/uploads\/2021\/02\/turijnmagazijnlogo.png","width":555,"height":270,"caption":"Turijnmagazijn"},"image":{"@id":"https:\/\/turijnmagazijn.jumpstone-dev.nl\/#\/schema\/logo\/image\/"},"sameAs":["https:\/\/www.facebook.com\/turijnmagazijn"]}]}},"_links":{"self":[{"href":"https:\/\/turijnmagazijn.nl\/de\/wp-json\/wp\/v2\/product\/65820","targetHints":{"allow":["GET"]}}],"collection":[{"href":"https:\/\/turijnmagazijn.nl\/de\/wp-json\/wp\/v2\/product"}],"about":[{"href":"https:\/\/turijnmagazijn.nl\/de\/wp-json\/wp\/v2\/types\/product"}],"replies":[{"embeddable":true,"href":"https:\/\/turijnmagazijn.nl\/de\/wp-json\/wp\/v2\/comments?post=65820"}],"wp:featuredmedia":[{"embeddable":true,"href":"https:\/\/turijnmagazijn.nl\/de\/wp-json\/wp\/v2\/media\/52761"}],"wp:attachment":[{"href":"https:\/\/turijnmagazijn.nl\/de\/wp-json\/wp\/v2\/media?parent=65820"}],"wp:term":[{"taxonomy":"product_brand","embeddable":true,"href":"https:\/\/turijnmagazijn.nl\/de\/wp-json\/wp\/v2\/product_brand?post=65820"},{"taxonomy":"product_cat","embeddable":true,"href":"https:\/\/turijnmagazijn.nl\/de\/wp-json\/wp\/v2\/product_cat?post=65820"},{"taxonomy":"product_tag","embeddable":true,"href":"https:\/\/turijnmagazijn.nl\/de\/wp-json\/wp\/v2\/product_tag?post=65820"}],"curies":[{"name":"wp","href":"https:\/\/api.w.org\/{rel}","templated":true}]}}