{"id":65830,"date":"2023-03-03T08:48:01","date_gmt":"2023-03-03T07:48:01","guid":{"rendered":"https:\/\/turijnmagazijn.nl\/product\/gasfeder-heckklappe-lancia-kappa-limousine-coupe-jeweils-neu\/"},"modified":"2025-06-13T14:13:41","modified_gmt":"2025-06-13T12:13:41","slug":"gasfeder-heckklappe-lancia-kappa-limousine-coupe-pro-stuck-neu","status":"publish","type":"product","link":"https:\/\/turijnmagazijn.nl\/de\/produkt\/gasfeder-heckklappe-lancia-kappa-limousine-coupe-pro-stuck-neu\/","title":{"rendered":"Gasfeder Heckklappe Lancia Kappa Limousine + Coup\u00e9 (jeweils) NEU"},"content":{"rendered":"<p>Gasfeder (1 St\u00fcck, zwei werden pro Fahrzeug ben\u00f6tigt) f\u00fcr die Heckklappe f\u00fcr Lancia Kappa Limousine und Coup\u00e9. Betrifft die kurzen Federn mit einer Ruhel\u00e4nge (maximale L\u00e4nge) von 290 mm.<\/p>\n<p>Es handelt sich um eine neue, unbenutzte, markenlose Gasfeder in Originalverpackung.<\/p>\n<p>Gilt auch f\u00fcr die Kappa Coup\u00e9 Modelle.<\/p>\n<p>Die Federn geben einen Druck von 500 Newton ab.<\/p>\n<p>Kann als Ersatz dienen f\u00fcr:<\/p>\n<p>Stabilus Lift-o-mat<br \/>\n5993CJ<br \/>\n500N<br \/>\n304\/94 A 17<\/p>\n<p style=\"margin-bottom: 10px; line-height: 20px;\"><span style=\"font-weight: bold;\">OEM-Nummern dienen nur als Referenz; Es ist ein markenloses Teil wie auf dem Foto.<br \/>\n<\/span><\/p>\n<p>OEM Lancia 46429507<\/p>\n","protected":false},"excerpt":{"rendered":"<p>Gasfeder Heckklappe Lancia Kappa Limousine + Coup\u00e9 (jeweils) NEU &#8211; Gasfeder (1 St\u00fcck, zwei werden pro Fahrzeug ben\u00f6tigt) f\u00fcr die Heckklappe f\u00fcr Lancia Kappa Limousine und Coup\u00e9.<\/p>\n","protected":false},"featured_media":52793,"comment_status":"closed","ping_status":"closed","template":"","meta":{"_acf_changed":false},"product_brand":[],"product_cat":[1867,1859,1797,1869],"product_tag":[],"class_list":{"0":"post-65830","1":"product","2":"type-product","3":"status-publish","4":"has-post-thumbnail","6":"product_cat-coupe-de","7":"product_cat-kappa-838-de","8":"product_cat-lancia-de","9":"product_cat-sw-de","10":"pa_soort-onderdeel-kraftstoffsysteme","12":"first","13":"instock","14":"taxable","15":"shipping-taxable","16":"purchasable","17":"product-type-simple"},"acf":[],"yoast_head":"<!-- This site is optimized with the Yoast SEO plugin v27.3 - https:\/\/yoast.com\/product\/yoast-seo-wordpress\/ -->\n<title>Gasfeder Heckklappe Lancia Kappa Limousine + Coup\u00e9 (jeweils) NEU - Turijnmagazijn<\/title>\n<meta name=\"robots\" content=\"index, follow, max-snippet:-1, max-image-preview:large, max-video-preview:-1\" \/>\n<link rel=\"canonical\" href=\"https:\/\/turijnmagazijn.nl\/de\/produkt\/gasfeder-heckklappe-lancia-kappa-limousine-coupe-pro-stuck-neu\/\" \/>\n<meta property=\"og:locale\" content=\"de_DE\" \/>\n<meta property=\"og:type\" content=\"article\" \/>\n<meta property=\"og:title\" content=\"Gasfeder Heckklappe Lancia Kappa Limousine + Coup\u00e9 (jeweils) NEU - Turijnmagazijn\" \/>\n<meta property=\"og:description\" content=\"Gasfeder Heckklappe Lancia Kappa Limousine + Coup\u00e9 (jeweils) NEU - Gasfeder (1 St\u00fcck, zwei werden pro Fahrzeug ben\u00f6tigt) f\u00fcr die Heckklappe f\u00fcr Lancia Kappa Limousine und Coup\u00e9.\" \/>\n<meta property=\"og:url\" content=\"https:\/\/turijnmagazijn.nl\/de\/produkt\/gasfeder-heckklappe-lancia-kappa-limousine-coupe-pro-stuck-neu\/\" \/>\n<meta property=\"og:site_name\" content=\"Turijnmagazijn\" \/>\n<meta property=\"article:publisher\" content=\"https:\/\/www.facebook.com\/turijnmagazijn\" \/>\n<meta property=\"article:modified_time\" content=\"2025-06-13T12:13:41+00:00\" \/>\n<meta property=\"og:image\" content=\"https:\/\/turijnmagazijn.nl\/wp-content\/uploads\/2023\/03\/DN00100101-Gasveer-Achterklep-Lancia-Kappa-Sedan-Coupe-per-stuk-NIEUW-46429507-1.jpg\" \/>\n\t<meta property=\"og:image:width\" content=\"1024\" \/>\n\t<meta property=\"og:image:height\" content=\"768\" \/>\n\t<meta property=\"og:image:type\" content=\"image\/jpeg\" \/>\n<meta name=\"twitter:card\" content=\"summary_large_image\" \/>\n<script type=\"application\/ld+json\" class=\"yoast-schema-graph\">{\"@context\":\"https:\\\/\\\/schema.org\",\"@graph\":[{\"@type\":\"WebPage\",\"@id\":\"https:\\\/\\\/turijnmagazijn.nl\\\/de\\\/produkt\\\/gasfeder-heckklappe-lancia-kappa-limousine-coupe-pro-stuck-neu\\\/\",\"url\":\"https:\\\/\\\/turijnmagazijn.nl\\\/de\\\/produkt\\\/gasfeder-heckklappe-lancia-kappa-limousine-coupe-pro-stuck-neu\\\/\",\"name\":\"Gasfeder Heckklappe Lancia Kappa Limousine + Coup\u00e9 (jeweils) NEU - Turijnmagazijn\",\"isPartOf\":{\"@id\":\"https:\\\/\\\/turijnmagazijn.jumpstone-dev.nl\\\/#website\"},\"primaryImageOfPage\":{\"@id\":\"https:\\\/\\\/turijnmagazijn.nl\\\/de\\\/produkt\\\/gasfeder-heckklappe-lancia-kappa-limousine-coupe-pro-stuck-neu\\\/#primaryimage\"},\"image\":{\"@id\":\"https:\\\/\\\/turijnmagazijn.nl\\\/de\\\/produkt\\\/gasfeder-heckklappe-lancia-kappa-limousine-coupe-pro-stuck-neu\\\/#primaryimage\"},\"thumbnailUrl\":\"https:\\\/\\\/turijnmagazijn.nl\\\/wp-content\\\/uploads\\\/2023\\\/03\\\/DN00100101-Gasveer-Achterklep-Lancia-Kappa-Sedan-Coupe-per-stuk-NIEUW-46429507-1.jpg\",\"datePublished\":\"2023-03-03T07:48:01+00:00\",\"dateModified\":\"2025-06-13T12:13:41+00:00\",\"breadcrumb\":{\"@id\":\"https:\\\/\\\/turijnmagazijn.nl\\\/de\\\/produkt\\\/gasfeder-heckklappe-lancia-kappa-limousine-coupe-pro-stuck-neu\\\/#breadcrumb\"},\"inLanguage\":\"de\",\"potentialAction\":[{\"@type\":\"ReadAction\",\"target\":[\"https:\\\/\\\/turijnmagazijn.nl\\\/de\\\/produkt\\\/gasfeder-heckklappe-lancia-kappa-limousine-coupe-pro-stuck-neu\\\/\"]}]},{\"@type\":\"ImageObject\",\"inLanguage\":\"de\",\"@id\":\"https:\\\/\\\/turijnmagazijn.nl\\\/de\\\/produkt\\\/gasfeder-heckklappe-lancia-kappa-limousine-coupe-pro-stuck-neu\\\/#primaryimage\",\"url\":\"https:\\\/\\\/turijnmagazijn.nl\\\/wp-content\\\/uploads\\\/2023\\\/03\\\/DN00100101-Gasveer-Achterklep-Lancia-Kappa-Sedan-Coupe-per-stuk-NIEUW-46429507-1.jpg\",\"contentUrl\":\"https:\\\/\\\/turijnmagazijn.nl\\\/wp-content\\\/uploads\\\/2023\\\/03\\\/DN00100101-Gasveer-Achterklep-Lancia-Kappa-Sedan-Coupe-per-stuk-NIEUW-46429507-1.jpg\",\"width\":1024,\"height\":768},{\"@type\":\"BreadcrumbList\",\"@id\":\"https:\\\/\\\/turijnmagazijn.nl\\\/de\\\/produkt\\\/gasfeder-heckklappe-lancia-kappa-limousine-coupe-pro-stuck-neu\\\/#breadcrumb\",\"itemListElement\":[{\"@type\":\"ListItem\",\"position\":1,\"name\":\"Home\",\"item\":\"https:\\\/\\\/turijnmagazijn.nl\\\/de\\\/\"},{\"@type\":\"ListItem\",\"position\":2,\"name\":\"Produkte\",\"item\":\"https:\\\/\\\/turijnmagazijn.nl\\\/de\\\/shop\\\/\"},{\"@type\":\"ListItem\",\"position\":3,\"name\":\"Gasfeder Heckklappe Lancia Kappa Limousine + Coup\u00e9 (jeweils) NEU\"}]},{\"@type\":\"WebSite\",\"@id\":\"https:\\\/\\\/turijnmagazijn.jumpstone-dev.nl\\\/#website\",\"url\":\"https:\\\/\\\/turijnmagazijn.jumpstone-dev.nl\\\/\",\"name\":\"Turijnmagazijn\",\"description\":\"Onderdelen nieuw en gebruikt - Fiat &amp; Lancia\",\"publisher\":{\"@id\":\"https:\\\/\\\/turijnmagazijn.jumpstone-dev.nl\\\/#organization\"},\"potentialAction\":[{\"@type\":\"SearchAction\",\"target\":{\"@type\":\"EntryPoint\",\"urlTemplate\":\"https:\\\/\\\/turijnmagazijn.jumpstone-dev.nl\\\/?s={search_term_string}\"},\"query-input\":{\"@type\":\"PropertyValueSpecification\",\"valueRequired\":true,\"valueName\":\"search_term_string\"}}],\"inLanguage\":\"de\"},{\"@type\":\"Organization\",\"@id\":\"https:\\\/\\\/turijnmagazijn.jumpstone-dev.nl\\\/#organization\",\"name\":\"Turijnmagazijn\",\"url\":\"https:\\\/\\\/turijnmagazijn.jumpstone-dev.nl\\\/\",\"logo\":{\"@type\":\"ImageObject\",\"inLanguage\":\"de\",\"@id\":\"https:\\\/\\\/turijnmagazijn.jumpstone-dev.nl\\\/#\\\/schema\\\/logo\\\/image\\\/\",\"url\":\"https:\\\/\\\/turijnmagazijn.nl\\\/wp-content\\\/uploads\\\/2021\\\/02\\\/turijnmagazijnlogo.png\",\"contentUrl\":\"https:\\\/\\\/turijnmagazijn.nl\\\/wp-content\\\/uploads\\\/2021\\\/02\\\/turijnmagazijnlogo.png\",\"width\":555,\"height\":270,\"caption\":\"Turijnmagazijn\"},\"image\":{\"@id\":\"https:\\\/\\\/turijnmagazijn.jumpstone-dev.nl\\\/#\\\/schema\\\/logo\\\/image\\\/\"},\"sameAs\":[\"https:\\\/\\\/www.facebook.com\\\/turijnmagazijn\"]}]}<\/script>\n<!-- \/ Yoast SEO plugin. -->","yoast_head_json":{"title":"Gasfeder Heckklappe Lancia Kappa Limousine + Coup\u00e9 (jeweils) NEU - Turijnmagazijn","robots":{"index":"index","follow":"follow","max-snippet":"max-snippet:-1","max-image-preview":"max-image-preview:large","max-video-preview":"max-video-preview:-1"},"canonical":"https:\/\/turijnmagazijn.nl\/de\/produkt\/gasfeder-heckklappe-lancia-kappa-limousine-coupe-pro-stuck-neu\/","og_locale":"de_DE","og_type":"article","og_title":"Gasfeder Heckklappe Lancia Kappa Limousine + Coup\u00e9 (jeweils) NEU - Turijnmagazijn","og_description":"Gasfeder Heckklappe Lancia Kappa Limousine + Coup\u00e9 (jeweils) NEU - Gasfeder (1 St\u00fcck, zwei werden pro Fahrzeug ben\u00f6tigt) f\u00fcr die Heckklappe f\u00fcr Lancia Kappa Limousine und Coup\u00e9.","og_url":"https:\/\/turijnmagazijn.nl\/de\/produkt\/gasfeder-heckklappe-lancia-kappa-limousine-coupe-pro-stuck-neu\/","og_site_name":"Turijnmagazijn","article_publisher":"https:\/\/www.facebook.com\/turijnmagazijn","article_modified_time":"2025-06-13T12:13:41+00:00","og_image":[{"width":1024,"height":768,"url":"https:\/\/turijnmagazijn.nl\/wp-content\/uploads\/2023\/03\/DN00100101-Gasveer-Achterklep-Lancia-Kappa-Sedan-Coupe-per-stuk-NIEUW-46429507-1.jpg","type":"image\/jpeg"}],"twitter_card":"summary_large_image","schema":{"@context":"https:\/\/schema.org","@graph":[{"@type":"WebPage","@id":"https:\/\/turijnmagazijn.nl\/de\/produkt\/gasfeder-heckklappe-lancia-kappa-limousine-coupe-pro-stuck-neu\/","url":"https:\/\/turijnmagazijn.nl\/de\/produkt\/gasfeder-heckklappe-lancia-kappa-limousine-coupe-pro-stuck-neu\/","name":"Gasfeder Heckklappe Lancia Kappa Limousine + Coup\u00e9 (jeweils) NEU - Turijnmagazijn","isPartOf":{"@id":"https:\/\/turijnmagazijn.jumpstone-dev.nl\/#website"},"primaryImageOfPage":{"@id":"https:\/\/turijnmagazijn.nl\/de\/produkt\/gasfeder-heckklappe-lancia-kappa-limousine-coupe-pro-stuck-neu\/#primaryimage"},"image":{"@id":"https:\/\/turijnmagazijn.nl\/de\/produkt\/gasfeder-heckklappe-lancia-kappa-limousine-coupe-pro-stuck-neu\/#primaryimage"},"thumbnailUrl":"https:\/\/turijnmagazijn.nl\/wp-content\/uploads\/2023\/03\/DN00100101-Gasveer-Achterklep-Lancia-Kappa-Sedan-Coupe-per-stuk-NIEUW-46429507-1.jpg","datePublished":"2023-03-03T07:48:01+00:00","dateModified":"2025-06-13T12:13:41+00:00","breadcrumb":{"@id":"https:\/\/turijnmagazijn.nl\/de\/produkt\/gasfeder-heckklappe-lancia-kappa-limousine-coupe-pro-stuck-neu\/#breadcrumb"},"inLanguage":"de","potentialAction":[{"@type":"ReadAction","target":["https:\/\/turijnmagazijn.nl\/de\/produkt\/gasfeder-heckklappe-lancia-kappa-limousine-coupe-pro-stuck-neu\/"]}]},{"@type":"ImageObject","inLanguage":"de","@id":"https:\/\/turijnmagazijn.nl\/de\/produkt\/gasfeder-heckklappe-lancia-kappa-limousine-coupe-pro-stuck-neu\/#primaryimage","url":"https:\/\/turijnmagazijn.nl\/wp-content\/uploads\/2023\/03\/DN00100101-Gasveer-Achterklep-Lancia-Kappa-Sedan-Coupe-per-stuk-NIEUW-46429507-1.jpg","contentUrl":"https:\/\/turijnmagazijn.nl\/wp-content\/uploads\/2023\/03\/DN00100101-Gasveer-Achterklep-Lancia-Kappa-Sedan-Coupe-per-stuk-NIEUW-46429507-1.jpg","width":1024,"height":768},{"@type":"BreadcrumbList","@id":"https:\/\/turijnmagazijn.nl\/de\/produkt\/gasfeder-heckklappe-lancia-kappa-limousine-coupe-pro-stuck-neu\/#breadcrumb","itemListElement":[{"@type":"ListItem","position":1,"name":"Home","item":"https:\/\/turijnmagazijn.nl\/de\/"},{"@type":"ListItem","position":2,"name":"Produkte","item":"https:\/\/turijnmagazijn.nl\/de\/shop\/"},{"@type":"ListItem","position":3,"name":"Gasfeder Heckklappe Lancia Kappa Limousine + Coup\u00e9 (jeweils) NEU"}]},{"@type":"WebSite","@id":"https:\/\/turijnmagazijn.jumpstone-dev.nl\/#website","url":"https:\/\/turijnmagazijn.jumpstone-dev.nl\/","name":"Turijnmagazijn","description":"Onderdelen nieuw en gebruikt - Fiat &amp; Lancia","publisher":{"@id":"https:\/\/turijnmagazijn.jumpstone-dev.nl\/#organization"},"potentialAction":[{"@type":"SearchAction","target":{"@type":"EntryPoint","urlTemplate":"https:\/\/turijnmagazijn.jumpstone-dev.nl\/?s={search_term_string}"},"query-input":{"@type":"PropertyValueSpecification","valueRequired":true,"valueName":"search_term_string"}}],"inLanguage":"de"},{"@type":"Organization","@id":"https:\/\/turijnmagazijn.jumpstone-dev.nl\/#organization","name":"Turijnmagazijn","url":"https:\/\/turijnmagazijn.jumpstone-dev.nl\/","logo":{"@type":"ImageObject","inLanguage":"de","@id":"https:\/\/turijnmagazijn.jumpstone-dev.nl\/#\/schema\/logo\/image\/","url":"https:\/\/turijnmagazijn.nl\/wp-content\/uploads\/2021\/02\/turijnmagazijnlogo.png","contentUrl":"https:\/\/turijnmagazijn.nl\/wp-content\/uploads\/2021\/02\/turijnmagazijnlogo.png","width":555,"height":270,"caption":"Turijnmagazijn"},"image":{"@id":"https:\/\/turijnmagazijn.jumpstone-dev.nl\/#\/schema\/logo\/image\/"},"sameAs":["https:\/\/www.facebook.com\/turijnmagazijn"]}]}},"_links":{"self":[{"href":"https:\/\/turijnmagazijn.nl\/de\/wp-json\/wp\/v2\/product\/65830","targetHints":{"allow":["GET"]}}],"collection":[{"href":"https:\/\/turijnmagazijn.nl\/de\/wp-json\/wp\/v2\/product"}],"about":[{"href":"https:\/\/turijnmagazijn.nl\/de\/wp-json\/wp\/v2\/types\/product"}],"replies":[{"embeddable":true,"href":"https:\/\/turijnmagazijn.nl\/de\/wp-json\/wp\/v2\/comments?post=65830"}],"wp:featuredmedia":[{"embeddable":true,"href":"https:\/\/turijnmagazijn.nl\/de\/wp-json\/wp\/v2\/media\/52793"}],"wp:attachment":[{"href":"https:\/\/turijnmagazijn.nl\/de\/wp-json\/wp\/v2\/media?parent=65830"}],"wp:term":[{"taxonomy":"product_brand","embeddable":true,"href":"https:\/\/turijnmagazijn.nl\/de\/wp-json\/wp\/v2\/product_brand?post=65830"},{"taxonomy":"product_cat","embeddable":true,"href":"https:\/\/turijnmagazijn.nl\/de\/wp-json\/wp\/v2\/product_cat?post=65830"},{"taxonomy":"product_tag","embeddable":true,"href":"https:\/\/turijnmagazijn.nl\/de\/wp-json\/wp\/v2\/product_tag?post=65830"}],"curies":[{"name":"wp","href":"https:\/\/api.w.org\/{rel}","templated":true}]}}