{"id":65848,"date":"2023-03-03T09:49:17","date_gmt":"2023-03-03T08:49:17","guid":{"rendered":"https:\/\/turijnmagazijn.nl\/product\/schraube-fuer-rueckfahrscheinwerfer-klarer-kunststoff-lancia-delta-integrale-neu\/"},"modified":"2026-03-19T12:57:52","modified_gmt":"2026-03-19T11:57:52","slug":"schraube-fur-ruckfahrlicht-klar-kunststoff-lancia-delta-integral-neu","status":"publish","type":"product","link":"https:\/\/turijnmagazijn.nl\/de\/produkt\/schraube-fur-ruckfahrlicht-klar-kunststoff-lancia-delta-integral-neu\/","title":{"rendered":"Schraube f\u00fcr R\u00fcckfahrscheinwerfer klar Kunststoff Lancia Delta Integrale &#8211; NEW"},"content":{"rendered":"<p>Neue Reproduktionsschraube zur Befestigung des Glases der R\u00fcckfahrscheinwerfer f\u00fcr Lancia Delta I alle Typen, einschlie\u00dflich Integrale und EVO. Diese speziellen Schrauben sind brandneu und sorgen f\u00fcr einen sch\u00f6nen originellen Look auf der R\u00fcckseite Ihres Delta. Verkauf pro St\u00fcck. LANCIA OEM (NUR REFERENZ) 15175590<\/p>\n","protected":false},"excerpt":{"rendered":"<p>15175590 Schraube f\u00fcr R\u00fcckfahrscheinwerfer klarer Kunststoff &#8211; Neue Reproduktionsschraube f\u00fcr die Montage von R\u00fcckfahrscheinwerferglas f\u00fcr Lancia Delta I alle Typen, auch Integral und EVO.Schraube f\u00fcr R\u00fcckfahrscheinwerfer klarer Kunststoff Lancia Delta Integral<\/p>\n","protected":false},"featured_media":92923,"comment_status":"closed","ping_status":"closed","template":"","meta":{"_acf_changed":false},"product_brand":[],"product_cat":[1811,1807,1817,1822,1826,1834,1829,1839,1797],"product_tag":[],"class_list":{"0":"post-65848","1":"product","2":"type-product","3":"status-publish","4":"has-post-thumbnail","6":"product_cat-1-1-1-3-1-5-de","7":"product_cat-delta-1-831-de","8":"product_cat-gt-i-e-de","9":"product_cat-hf-4wd-de","10":"product_cat-hf-turbo-de","11":"product_cat-integrale-16v-de","12":"product_cat-integrale-8v-de","13":"product_cat-integrale-evo-de","14":"product_cat-lancia-de","15":"pa_soort-onderdeel-karosserie-und-blech","17":"first","18":"instock","19":"taxable","20":"shipping-taxable","21":"purchasable","22":"product-type-simple"},"acf":[],"yoast_head":"<!-- This site is optimized with the Yoast SEO plugin v27.2 - https:\/\/yoast.com\/product\/yoast-seo-wordpress\/ -->\n<title>Schraube f\u00fcr R\u00fcckfahrscheinwerfer klar Kunststoff Lancia Delta Integrale - NEW - Turijnmagazijn<\/title>\n<meta name=\"robots\" content=\"index, follow, max-snippet:-1, max-image-preview:large, max-video-preview:-1\" \/>\n<link rel=\"canonical\" href=\"https:\/\/turijnmagazijn.nl\/de\/produkt\/schraube-fur-ruckfahrlicht-klar-kunststoff-lancia-delta-integral-neu\/\" \/>\n<meta property=\"og:locale\" content=\"de_DE\" \/>\n<meta property=\"og:type\" content=\"article\" \/>\n<meta property=\"og:title\" content=\"Schraube f\u00fcr R\u00fcckfahrscheinwerfer klar Kunststoff Lancia Delta Integrale - NEW - Turijnmagazijn\" \/>\n<meta property=\"og:description\" content=\"15175590 Schraube f\u00fcr R\u00fcckfahrscheinwerfer klarer Kunststoff - Neue Reproduktionsschraube f\u00fcr die Montage von R\u00fcckfahrscheinwerferglas f\u00fcr Lancia Delta I alle Typen, auch Integral und EVO.Schraube f\u00fcr R\u00fcckfahrscheinwerfer klarer Kunststoff Lancia Delta Integral\" \/>\n<meta property=\"og:url\" content=\"https:\/\/turijnmagazijn.nl\/de\/produkt\/schraube-fur-ruckfahrlicht-klar-kunststoff-lancia-delta-integral-neu\/\" \/>\n<meta property=\"og:site_name\" content=\"Turijnmagazijn\" \/>\n<meta property=\"article:publisher\" content=\"https:\/\/www.facebook.com\/turijnmagazijn\" \/>\n<meta property=\"article:modified_time\" content=\"2026-03-19T11:57:52+00:00\" \/>\n<meta property=\"og:image\" content=\"https:\/\/turijnmagazijn.nl\/wp-content\/uploads\/2023\/03\/DN00100111-Schroef-voor-achteruitrijdlicht-helder-plastic-Lancia-Delta-Integrale-NIEUW-2.jpg\" \/>\n\t<meta property=\"og:image:width\" content=\"1024\" \/>\n\t<meta property=\"og:image:height\" content=\"768\" \/>\n\t<meta property=\"og:image:type\" content=\"image\/jpeg\" \/>\n<meta name=\"twitter:card\" content=\"summary_large_image\" \/>\n<script type=\"application\/ld+json\" class=\"yoast-schema-graph\">{\"@context\":\"https:\/\/schema.org\",\"@graph\":[{\"@type\":\"WebPage\",\"@id\":\"https:\/\/turijnmagazijn.nl\/de\/produkt\/schraube-fur-ruckfahrlicht-klar-kunststoff-lancia-delta-integral-neu\/\",\"url\":\"https:\/\/turijnmagazijn.nl\/de\/produkt\/schraube-fur-ruckfahrlicht-klar-kunststoff-lancia-delta-integral-neu\/\",\"name\":\"Schraube f\u00fcr R\u00fcckfahrscheinwerfer klar Kunststoff Lancia Delta Integrale - NEW - Turijnmagazijn\",\"isPartOf\":{\"@id\":\"https:\/\/turijnmagazijn.jumpstone-dev.nl\/#website\"},\"primaryImageOfPage\":{\"@id\":\"https:\/\/turijnmagazijn.nl\/de\/produkt\/schraube-fur-ruckfahrlicht-klar-kunststoff-lancia-delta-integral-neu\/#primaryimage\"},\"image\":{\"@id\":\"https:\/\/turijnmagazijn.nl\/de\/produkt\/schraube-fur-ruckfahrlicht-klar-kunststoff-lancia-delta-integral-neu\/#primaryimage\"},\"thumbnailUrl\":\"https:\/\/turijnmagazijn.nl\/wp-content\/uploads\/2023\/03\/DN0100111-Schroef-voor-achteruitrijdlicht-helder-plastic-15175590-1.jpg\",\"datePublished\":\"2023-03-03T08:49:17+00:00\",\"dateModified\":\"2026-03-19T11:57:52+00:00\",\"breadcrumb\":{\"@id\":\"https:\/\/turijnmagazijn.nl\/de\/produkt\/schraube-fur-ruckfahrlicht-klar-kunststoff-lancia-delta-integral-neu\/#breadcrumb\"},\"inLanguage\":\"de\",\"potentialAction\":[{\"@type\":\"ReadAction\",\"target\":[\"https:\/\/turijnmagazijn.nl\/de\/produkt\/schraube-fur-ruckfahrlicht-klar-kunststoff-lancia-delta-integral-neu\/\"]}]},{\"@type\":\"ImageObject\",\"inLanguage\":\"de\",\"@id\":\"https:\/\/turijnmagazijn.nl\/de\/produkt\/schraube-fur-ruckfahrlicht-klar-kunststoff-lancia-delta-integral-neu\/#primaryimage\",\"url\":\"https:\/\/turijnmagazijn.nl\/wp-content\/uploads\/2023\/03\/DN0100111-Schroef-voor-achteruitrijdlicht-helder-plastic-15175590-1.jpg\",\"contentUrl\":\"https:\/\/turijnmagazijn.nl\/wp-content\/uploads\/2023\/03\/DN0100111-Schroef-voor-achteruitrijdlicht-helder-plastic-15175590-1.jpg\",\"width\":1440,\"height\":1080},{\"@type\":\"BreadcrumbList\",\"@id\":\"https:\/\/turijnmagazijn.nl\/de\/produkt\/schraube-fur-ruckfahrlicht-klar-kunststoff-lancia-delta-integral-neu\/#breadcrumb\",\"itemListElement\":[{\"@type\":\"ListItem\",\"position\":1,\"name\":\"Home\",\"item\":\"https:\/\/turijnmagazijn.jumpstone-dev.nl\/\"},{\"@type\":\"ListItem\",\"position\":2,\"name\":\"Produkte\",\"item\":\"https:\/\/turijnmagazijn.nl\/de\/shop\/\"},{\"@type\":\"ListItem\",\"position\":3,\"name\":\"Schraube f\u00fcr R\u00fcckfahrscheinwerfer klar Kunststoff Lancia Delta Integrale &#8211; NEW\"}]},{\"@type\":\"WebSite\",\"@id\":\"https:\/\/turijnmagazijn.jumpstone-dev.nl\/#website\",\"url\":\"https:\/\/turijnmagazijn.jumpstone-dev.nl\/\",\"name\":\"Turijnmagazijn\",\"description\":\"Onderdelen nieuw en gebruikt - Fiat &amp; Lancia\",\"publisher\":{\"@id\":\"https:\/\/turijnmagazijn.jumpstone-dev.nl\/#organization\"},\"potentialAction\":[{\"@type\":\"SearchAction\",\"target\":{\"@type\":\"EntryPoint\",\"urlTemplate\":\"https:\/\/turijnmagazijn.jumpstone-dev.nl\/?s={search_term_string}\"},\"query-input\":{\"@type\":\"PropertyValueSpecification\",\"valueRequired\":true,\"valueName\":\"search_term_string\"}}],\"inLanguage\":\"de\"},{\"@type\":\"Organization\",\"@id\":\"https:\/\/turijnmagazijn.jumpstone-dev.nl\/#organization\",\"name\":\"Turijnmagazijn\",\"url\":\"https:\/\/turijnmagazijn.jumpstone-dev.nl\/\",\"logo\":{\"@type\":\"ImageObject\",\"inLanguage\":\"de\",\"@id\":\"https:\/\/turijnmagazijn.jumpstone-dev.nl\/#\/schema\/logo\/image\/\",\"url\":\"https:\/\/turijnmagazijn.nl\/wp-content\/uploads\/2021\/02\/turijnmagazijnlogo.png\",\"contentUrl\":\"https:\/\/turijnmagazijn.nl\/wp-content\/uploads\/2021\/02\/turijnmagazijnlogo.png\",\"width\":555,\"height\":270,\"caption\":\"Turijnmagazijn\"},\"image\":{\"@id\":\"https:\/\/turijnmagazijn.jumpstone-dev.nl\/#\/schema\/logo\/image\/\"},\"sameAs\":[\"https:\/\/www.facebook.com\/turijnmagazijn\"]}]}<\/script>\n<!-- \/ Yoast SEO plugin. -->","yoast_head_json":{"title":"Schraube f\u00fcr R\u00fcckfahrscheinwerfer klar Kunststoff Lancia Delta Integrale - NEW - Turijnmagazijn","robots":{"index":"index","follow":"follow","max-snippet":"max-snippet:-1","max-image-preview":"max-image-preview:large","max-video-preview":"max-video-preview:-1"},"canonical":"https:\/\/turijnmagazijn.nl\/de\/produkt\/schraube-fur-ruckfahrlicht-klar-kunststoff-lancia-delta-integral-neu\/","og_locale":"de_DE","og_type":"article","og_title":"Schraube f\u00fcr R\u00fcckfahrscheinwerfer klar Kunststoff Lancia Delta Integrale - NEW - Turijnmagazijn","og_description":"15175590 Schraube f\u00fcr R\u00fcckfahrscheinwerfer klarer Kunststoff - Neue Reproduktionsschraube f\u00fcr die Montage von R\u00fcckfahrscheinwerferglas f\u00fcr Lancia Delta I alle Typen, auch Integral und EVO.Schraube f\u00fcr R\u00fcckfahrscheinwerfer klarer Kunststoff Lancia Delta Integral","og_url":"https:\/\/turijnmagazijn.nl\/de\/produkt\/schraube-fur-ruckfahrlicht-klar-kunststoff-lancia-delta-integral-neu\/","og_site_name":"Turijnmagazijn","article_publisher":"https:\/\/www.facebook.com\/turijnmagazijn","article_modified_time":"2026-03-19T11:57:52+00:00","og_image":[{"width":1024,"height":768,"url":"https:\/\/turijnmagazijn.nl\/wp-content\/uploads\/2023\/03\/DN00100111-Schroef-voor-achteruitrijdlicht-helder-plastic-Lancia-Delta-Integrale-NIEUW-2.jpg","type":"image\/jpeg"}],"twitter_card":"summary_large_image","schema":{"@context":"https:\/\/schema.org","@graph":[{"@type":"WebPage","@id":"https:\/\/turijnmagazijn.nl\/de\/produkt\/schraube-fur-ruckfahrlicht-klar-kunststoff-lancia-delta-integral-neu\/","url":"https:\/\/turijnmagazijn.nl\/de\/produkt\/schraube-fur-ruckfahrlicht-klar-kunststoff-lancia-delta-integral-neu\/","name":"Schraube f\u00fcr R\u00fcckfahrscheinwerfer klar Kunststoff Lancia Delta Integrale - NEW - Turijnmagazijn","isPartOf":{"@id":"https:\/\/turijnmagazijn.jumpstone-dev.nl\/#website"},"primaryImageOfPage":{"@id":"https:\/\/turijnmagazijn.nl\/de\/produkt\/schraube-fur-ruckfahrlicht-klar-kunststoff-lancia-delta-integral-neu\/#primaryimage"},"image":{"@id":"https:\/\/turijnmagazijn.nl\/de\/produkt\/schraube-fur-ruckfahrlicht-klar-kunststoff-lancia-delta-integral-neu\/#primaryimage"},"thumbnailUrl":"https:\/\/turijnmagazijn.nl\/wp-content\/uploads\/2023\/03\/DN0100111-Schroef-voor-achteruitrijdlicht-helder-plastic-15175590-1.jpg","datePublished":"2023-03-03T08:49:17+00:00","dateModified":"2026-03-19T11:57:52+00:00","breadcrumb":{"@id":"https:\/\/turijnmagazijn.nl\/de\/produkt\/schraube-fur-ruckfahrlicht-klar-kunststoff-lancia-delta-integral-neu\/#breadcrumb"},"inLanguage":"de","potentialAction":[{"@type":"ReadAction","target":["https:\/\/turijnmagazijn.nl\/de\/produkt\/schraube-fur-ruckfahrlicht-klar-kunststoff-lancia-delta-integral-neu\/"]}]},{"@type":"ImageObject","inLanguage":"de","@id":"https:\/\/turijnmagazijn.nl\/de\/produkt\/schraube-fur-ruckfahrlicht-klar-kunststoff-lancia-delta-integral-neu\/#primaryimage","url":"https:\/\/turijnmagazijn.nl\/wp-content\/uploads\/2023\/03\/DN0100111-Schroef-voor-achteruitrijdlicht-helder-plastic-15175590-1.jpg","contentUrl":"https:\/\/turijnmagazijn.nl\/wp-content\/uploads\/2023\/03\/DN0100111-Schroef-voor-achteruitrijdlicht-helder-plastic-15175590-1.jpg","width":1440,"height":1080},{"@type":"BreadcrumbList","@id":"https:\/\/turijnmagazijn.nl\/de\/produkt\/schraube-fur-ruckfahrlicht-klar-kunststoff-lancia-delta-integral-neu\/#breadcrumb","itemListElement":[{"@type":"ListItem","position":1,"name":"Home","item":"https:\/\/turijnmagazijn.jumpstone-dev.nl\/"},{"@type":"ListItem","position":2,"name":"Produkte","item":"https:\/\/turijnmagazijn.nl\/de\/shop\/"},{"@type":"ListItem","position":3,"name":"Schraube f\u00fcr R\u00fcckfahrscheinwerfer klar Kunststoff Lancia Delta Integrale &#8211; NEW"}]},{"@type":"WebSite","@id":"https:\/\/turijnmagazijn.jumpstone-dev.nl\/#website","url":"https:\/\/turijnmagazijn.jumpstone-dev.nl\/","name":"Turijnmagazijn","description":"Onderdelen nieuw en gebruikt - Fiat &amp; Lancia","publisher":{"@id":"https:\/\/turijnmagazijn.jumpstone-dev.nl\/#organization"},"potentialAction":[{"@type":"SearchAction","target":{"@type":"EntryPoint","urlTemplate":"https:\/\/turijnmagazijn.jumpstone-dev.nl\/?s={search_term_string}"},"query-input":{"@type":"PropertyValueSpecification","valueRequired":true,"valueName":"search_term_string"}}],"inLanguage":"de"},{"@type":"Organization","@id":"https:\/\/turijnmagazijn.jumpstone-dev.nl\/#organization","name":"Turijnmagazijn","url":"https:\/\/turijnmagazijn.jumpstone-dev.nl\/","logo":{"@type":"ImageObject","inLanguage":"de","@id":"https:\/\/turijnmagazijn.jumpstone-dev.nl\/#\/schema\/logo\/image\/","url":"https:\/\/turijnmagazijn.nl\/wp-content\/uploads\/2021\/02\/turijnmagazijnlogo.png","contentUrl":"https:\/\/turijnmagazijn.nl\/wp-content\/uploads\/2021\/02\/turijnmagazijnlogo.png","width":555,"height":270,"caption":"Turijnmagazijn"},"image":{"@id":"https:\/\/turijnmagazijn.jumpstone-dev.nl\/#\/schema\/logo\/image\/"},"sameAs":["https:\/\/www.facebook.com\/turijnmagazijn"]}]}},"_links":{"self":[{"href":"https:\/\/turijnmagazijn.nl\/de\/wp-json\/wp\/v2\/product\/65848","targetHints":{"allow":["GET"]}}],"collection":[{"href":"https:\/\/turijnmagazijn.nl\/de\/wp-json\/wp\/v2\/product"}],"about":[{"href":"https:\/\/turijnmagazijn.nl\/de\/wp-json\/wp\/v2\/types\/product"}],"replies":[{"embeddable":true,"href":"https:\/\/turijnmagazijn.nl\/de\/wp-json\/wp\/v2\/comments?post=65848"}],"wp:featuredmedia":[{"embeddable":true,"href":"https:\/\/turijnmagazijn.nl\/de\/wp-json\/wp\/v2\/media\/92923"}],"wp:attachment":[{"href":"https:\/\/turijnmagazijn.nl\/de\/wp-json\/wp\/v2\/media?parent=65848"}],"wp:term":[{"taxonomy":"product_brand","embeddable":true,"href":"https:\/\/turijnmagazijn.nl\/de\/wp-json\/wp\/v2\/product_brand?post=65848"},{"taxonomy":"product_cat","embeddable":true,"href":"https:\/\/turijnmagazijn.nl\/de\/wp-json\/wp\/v2\/product_cat?post=65848"},{"taxonomy":"product_tag","embeddable":true,"href":"https:\/\/turijnmagazijn.nl\/de\/wp-json\/wp\/v2\/product_tag?post=65848"}],"curies":[{"name":"wp","href":"https:\/\/api.w.org\/{rel}","templated":true}]}}