{"id":65859,"date":"2023-03-03T09:49:47","date_gmt":"2023-03-03T08:49:47","guid":{"rendered":"https:\/\/turijnmagazijn.nl\/product\/stecker-1-polige-thermoschalterbuchse-und-kuehlerluefter-lancia-delta-integrale\/"},"modified":"2025-08-27T20:27:21","modified_gmt":"2025-08-27T18:27:21","slug":"stecker-1-polig-buchse-thermoschalter-und-kuhler-lufter-lancia-delta-integrale","status":"publish","type":"product","link":"https:\/\/turijnmagazijn.nl\/de\/produkt\/stecker-1-polig-buchse-thermoschalter-und-kuhler-lufter-lancia-delta-integrale\/","title":{"rendered":"Stecker 1-polige Thermoschalterbuchse und K\u00fchlerl\u00fcfter Lancia Delta Integrale"},"content":{"rendered":"<p><a href=\"https:\/\/turijnmagazijn.nl\/de\/postfachversand\/\" target=\"\" style=\"background-color: rgb(255, 255, 255); color: rgb(35, 82, 124); outline: 0px;\" rel=\"noopener\"><img decoding=\"async\" src=\"https:\/\/www.delenkorf.nl\/image\/catalog\/brievenbus.png\"><\/a><\/p>\n<p>Neue Buchse f\u00fcr Lancia Delta integral. Diese Stecker werden unter anderem am Anschluss des K\u00fchlerl\u00fcfters \/ L\u00fcfters des K\u00fchlers und am Thermostatschalter im K\u00fchler verwendet. Ist nicht der Standardstecker wie bei den Anzeigen und dergleichen, da die Kabel zum und vom Heizk\u00f6rperzubeh\u00f6r dicker sind und dieser Stecker schwerer ist als die meisten anderen Anschl\u00fcsse am Delta Integrale. Diese Buchse ist die Seite f\u00fcr die Montage am Stromverbraucher (d.h. L\u00fcfter oder Schalter) des Autos (die Steckdose befindet sich auf der Kabelbaumseite), diese Stecker finden Sie auch in unserem Sortiment auf dieser Seite.<\/p>\n<p>In der Vergangenheit wurde regelm\u00e4\u00dfig ein anderer L\u00fcfter oder Schalter verwendet und der urspr\u00fcngliche Stecker durch einen Universalstecker ersetzt. Machen Sie den Kabelbaum mit diesem Stecker wieder komplett original.<\/p>\n<p>Der Stecker wird komplett mit einem unbenutzten Ende f\u00fcr das Kabel und einer wasserdichten Staubschutzkappe geliefert. Diese Stopfen lassen sich leicht selbst zusammenbauen, wenn Sie mit einer Abisolierzange und einem Crimpwerkzeug umgehen k\u00f6nnen.<\/p>\n<p>Vergleichen Sie immer zuerst genau Ihren vorhandenen Stecker mit den Fotos, es sind manchmal auch original montierte verschiedene Versionen im Umlauf.<\/p>\n<p><\/p>\n","protected":false},"excerpt":{"rendered":"<p>Stecker 1-polige Thermoschalter- und K\u00fchlerl\u00fcfter Lancia Delta Integrale &#8211; Neue Buchse f\u00fcr Lancia Delta integral.<\/p>\n","protected":false},"featured_media":52909,"comment_status":"open","ping_status":"closed","template":"","meta":{"_acf_changed":false},"product_brand":[],"product_cat":[1807,1829,1797],"product_tag":[],"class_list":{"0":"post-65859","1":"product","2":"type-product","3":"status-publish","4":"has-post-thumbnail","6":"product_cat-delta-1-831-de","7":"product_cat-integrale-8v-de","8":"product_cat-lancia-de","9":"pa_soort-onderdeel-beleuchtung","11":"first","12":"instock","13":"taxable","14":"shipping-taxable","15":"purchasable","16":"product-type-simple"},"acf":[],"yoast_head":"<!-- This site is optimized with the Yoast SEO plugin v27.3 - https:\/\/yoast.com\/product\/yoast-seo-wordpress\/ -->\n<title>Stecker 1-polige Thermoschalterbuchse und K\u00fchlerl\u00fcfter Lancia Delta Integrale - Turijnmagazijn<\/title>\n<meta name=\"robots\" content=\"index, follow, max-snippet:-1, max-image-preview:large, max-video-preview:-1\" \/>\n<link rel=\"canonical\" href=\"https:\/\/turijnmagazijn.nl\/de\/produkt\/stecker-1-polig-buchse-thermoschalter-und-kuhler-lufter-lancia-delta-integrale\/\" \/>\n<meta property=\"og:locale\" content=\"de_DE\" \/>\n<meta property=\"og:type\" content=\"article\" \/>\n<meta property=\"og:title\" content=\"Stecker 1-polige Thermoschalterbuchse und K\u00fchlerl\u00fcfter Lancia Delta Integrale - Turijnmagazijn\" \/>\n<meta property=\"og:description\" content=\"Stecker 1-polige Thermoschalter- und K\u00fchlerl\u00fcfter Lancia Delta Integrale - Neue Buchse f\u00fcr Lancia Delta integral.\" \/>\n<meta property=\"og:url\" content=\"https:\/\/turijnmagazijn.nl\/de\/produkt\/stecker-1-polig-buchse-thermoschalter-und-kuhler-lufter-lancia-delta-integrale\/\" \/>\n<meta property=\"og:site_name\" content=\"Turijnmagazijn\" \/>\n<meta property=\"article:publisher\" content=\"https:\/\/www.facebook.com\/turijnmagazijn\" \/>\n<meta property=\"article:modified_time\" content=\"2025-08-27T18:27:21+00:00\" \/>\n<meta property=\"og:image\" content=\"https:\/\/turijnmagazijn.nl\/wp-content\/uploads\/2023\/03\/DN00100113-Stekker-1-polig-vrouwelijk-thermo-schakelaar-en-radiateur-fan-Lancia-Delta-Integrale-3-1.jpg\" \/>\n\t<meta property=\"og:image:width\" content=\"1024\" \/>\n\t<meta property=\"og:image:height\" content=\"768\" \/>\n\t<meta property=\"og:image:type\" content=\"image\/jpeg\" \/>\n<meta name=\"twitter:card\" content=\"summary_large_image\" \/>\n<meta name=\"twitter:label1\" content=\"Gesch\u00e4tzte Lesezeit\" \/>\n\t<meta name=\"twitter:data1\" content=\"1\u00a0Minute\" \/>\n<script type=\"application\/ld+json\" class=\"yoast-schema-graph\">{\"@context\":\"https:\\\/\\\/schema.org\",\"@graph\":[{\"@type\":\"WebPage\",\"@id\":\"https:\\\/\\\/turijnmagazijn.nl\\\/de\\\/produkt\\\/stecker-1-polig-buchse-thermoschalter-und-kuhler-lufter-lancia-delta-integrale\\\/\",\"url\":\"https:\\\/\\\/turijnmagazijn.nl\\\/de\\\/produkt\\\/stecker-1-polig-buchse-thermoschalter-und-kuhler-lufter-lancia-delta-integrale\\\/\",\"name\":\"Stecker 1-polige Thermoschalterbuchse und K\u00fchlerl\u00fcfter Lancia Delta Integrale - Turijnmagazijn\",\"isPartOf\":{\"@id\":\"https:\\\/\\\/turijnmagazijn.jumpstone-dev.nl\\\/#website\"},\"primaryImageOfPage\":{\"@id\":\"https:\\\/\\\/turijnmagazijn.nl\\\/de\\\/produkt\\\/stecker-1-polig-buchse-thermoschalter-und-kuhler-lufter-lancia-delta-integrale\\\/#primaryimage\"},\"image\":{\"@id\":\"https:\\\/\\\/turijnmagazijn.nl\\\/de\\\/produkt\\\/stecker-1-polig-buchse-thermoschalter-und-kuhler-lufter-lancia-delta-integrale\\\/#primaryimage\"},\"thumbnailUrl\":\"https:\\\/\\\/turijnmagazijn.nl\\\/wp-content\\\/uploads\\\/2023\\\/03\\\/DN00100113-Stekker-1-polig-vrouwelijk-thermo-schakelaar-en-radiateur-fan-Lancia-Delta-Integrale-3-1.jpg\",\"datePublished\":\"2023-03-03T08:49:47+00:00\",\"dateModified\":\"2025-08-27T18:27:21+00:00\",\"breadcrumb\":{\"@id\":\"https:\\\/\\\/turijnmagazijn.nl\\\/de\\\/produkt\\\/stecker-1-polig-buchse-thermoschalter-und-kuhler-lufter-lancia-delta-integrale\\\/#breadcrumb\"},\"inLanguage\":\"de\",\"potentialAction\":[{\"@type\":\"ReadAction\",\"target\":[\"https:\\\/\\\/turijnmagazijn.nl\\\/de\\\/produkt\\\/stecker-1-polig-buchse-thermoschalter-und-kuhler-lufter-lancia-delta-integrale\\\/\"]}]},{\"@type\":\"ImageObject\",\"inLanguage\":\"de\",\"@id\":\"https:\\\/\\\/turijnmagazijn.nl\\\/de\\\/produkt\\\/stecker-1-polig-buchse-thermoschalter-und-kuhler-lufter-lancia-delta-integrale\\\/#primaryimage\",\"url\":\"https:\\\/\\\/turijnmagazijn.nl\\\/wp-content\\\/uploads\\\/2023\\\/03\\\/DN00100113-Stekker-1-polig-vrouwelijk-thermo-schakelaar-en-radiateur-fan-Lancia-Delta-Integrale-3-1.jpg\",\"contentUrl\":\"https:\\\/\\\/turijnmagazijn.nl\\\/wp-content\\\/uploads\\\/2023\\\/03\\\/DN00100113-Stekker-1-polig-vrouwelijk-thermo-schakelaar-en-radiateur-fan-Lancia-Delta-Integrale-3-1.jpg\",\"width\":1024,\"height\":768},{\"@type\":\"BreadcrumbList\",\"@id\":\"https:\\\/\\\/turijnmagazijn.nl\\\/de\\\/produkt\\\/stecker-1-polig-buchse-thermoschalter-und-kuhler-lufter-lancia-delta-integrale\\\/#breadcrumb\",\"itemListElement\":[{\"@type\":\"ListItem\",\"position\":1,\"name\":\"Home\",\"item\":\"https:\\\/\\\/turijnmagazijn.nl\\\/de\\\/\"},{\"@type\":\"ListItem\",\"position\":2,\"name\":\"Produkte\",\"item\":\"https:\\\/\\\/turijnmagazijn.nl\\\/de\\\/shop\\\/\"},{\"@type\":\"ListItem\",\"position\":3,\"name\":\"Stecker 1-polige Thermoschalterbuchse und K\u00fchlerl\u00fcfter Lancia Delta Integrale\"}]},{\"@type\":\"WebSite\",\"@id\":\"https:\\\/\\\/turijnmagazijn.jumpstone-dev.nl\\\/#website\",\"url\":\"https:\\\/\\\/turijnmagazijn.jumpstone-dev.nl\\\/\",\"name\":\"Turijnmagazijn\",\"description\":\"Onderdelen nieuw en gebruikt - Fiat &amp; Lancia\",\"publisher\":{\"@id\":\"https:\\\/\\\/turijnmagazijn.jumpstone-dev.nl\\\/#organization\"},\"potentialAction\":[{\"@type\":\"SearchAction\",\"target\":{\"@type\":\"EntryPoint\",\"urlTemplate\":\"https:\\\/\\\/turijnmagazijn.jumpstone-dev.nl\\\/?s={search_term_string}\"},\"query-input\":{\"@type\":\"PropertyValueSpecification\",\"valueRequired\":true,\"valueName\":\"search_term_string\"}}],\"inLanguage\":\"de\"},{\"@type\":\"Organization\",\"@id\":\"https:\\\/\\\/turijnmagazijn.jumpstone-dev.nl\\\/#organization\",\"name\":\"Turijnmagazijn\",\"url\":\"https:\\\/\\\/turijnmagazijn.jumpstone-dev.nl\\\/\",\"logo\":{\"@type\":\"ImageObject\",\"inLanguage\":\"de\",\"@id\":\"https:\\\/\\\/turijnmagazijn.jumpstone-dev.nl\\\/#\\\/schema\\\/logo\\\/image\\\/\",\"url\":\"https:\\\/\\\/turijnmagazijn.nl\\\/wp-content\\\/uploads\\\/2021\\\/02\\\/turijnmagazijnlogo.png\",\"contentUrl\":\"https:\\\/\\\/turijnmagazijn.nl\\\/wp-content\\\/uploads\\\/2021\\\/02\\\/turijnmagazijnlogo.png\",\"width\":555,\"height\":270,\"caption\":\"Turijnmagazijn\"},\"image\":{\"@id\":\"https:\\\/\\\/turijnmagazijn.jumpstone-dev.nl\\\/#\\\/schema\\\/logo\\\/image\\\/\"},\"sameAs\":[\"https:\\\/\\\/www.facebook.com\\\/turijnmagazijn\"]}]}<\/script>\n<!-- \/ Yoast SEO plugin. -->","yoast_head_json":{"title":"Stecker 1-polige Thermoschalterbuchse und K\u00fchlerl\u00fcfter Lancia Delta Integrale - Turijnmagazijn","robots":{"index":"index","follow":"follow","max-snippet":"max-snippet:-1","max-image-preview":"max-image-preview:large","max-video-preview":"max-video-preview:-1"},"canonical":"https:\/\/turijnmagazijn.nl\/de\/produkt\/stecker-1-polig-buchse-thermoschalter-und-kuhler-lufter-lancia-delta-integrale\/","og_locale":"de_DE","og_type":"article","og_title":"Stecker 1-polige Thermoschalterbuchse und K\u00fchlerl\u00fcfter Lancia Delta Integrale - Turijnmagazijn","og_description":"Stecker 1-polige Thermoschalter- und K\u00fchlerl\u00fcfter Lancia Delta Integrale - Neue Buchse f\u00fcr Lancia Delta integral.","og_url":"https:\/\/turijnmagazijn.nl\/de\/produkt\/stecker-1-polig-buchse-thermoschalter-und-kuhler-lufter-lancia-delta-integrale\/","og_site_name":"Turijnmagazijn","article_publisher":"https:\/\/www.facebook.com\/turijnmagazijn","article_modified_time":"2025-08-27T18:27:21+00:00","og_image":[{"width":1024,"height":768,"url":"https:\/\/turijnmagazijn.nl\/wp-content\/uploads\/2023\/03\/DN00100113-Stekker-1-polig-vrouwelijk-thermo-schakelaar-en-radiateur-fan-Lancia-Delta-Integrale-3-1.jpg","type":"image\/jpeg"}],"twitter_card":"summary_large_image","twitter_misc":{"Gesch\u00e4tzte Lesezeit":"1\u00a0Minute"},"schema":{"@context":"https:\/\/schema.org","@graph":[{"@type":"WebPage","@id":"https:\/\/turijnmagazijn.nl\/de\/produkt\/stecker-1-polig-buchse-thermoschalter-und-kuhler-lufter-lancia-delta-integrale\/","url":"https:\/\/turijnmagazijn.nl\/de\/produkt\/stecker-1-polig-buchse-thermoschalter-und-kuhler-lufter-lancia-delta-integrale\/","name":"Stecker 1-polige Thermoschalterbuchse und K\u00fchlerl\u00fcfter Lancia Delta Integrale - Turijnmagazijn","isPartOf":{"@id":"https:\/\/turijnmagazijn.jumpstone-dev.nl\/#website"},"primaryImageOfPage":{"@id":"https:\/\/turijnmagazijn.nl\/de\/produkt\/stecker-1-polig-buchse-thermoschalter-und-kuhler-lufter-lancia-delta-integrale\/#primaryimage"},"image":{"@id":"https:\/\/turijnmagazijn.nl\/de\/produkt\/stecker-1-polig-buchse-thermoschalter-und-kuhler-lufter-lancia-delta-integrale\/#primaryimage"},"thumbnailUrl":"https:\/\/turijnmagazijn.nl\/wp-content\/uploads\/2023\/03\/DN00100113-Stekker-1-polig-vrouwelijk-thermo-schakelaar-en-radiateur-fan-Lancia-Delta-Integrale-3-1.jpg","datePublished":"2023-03-03T08:49:47+00:00","dateModified":"2025-08-27T18:27:21+00:00","breadcrumb":{"@id":"https:\/\/turijnmagazijn.nl\/de\/produkt\/stecker-1-polig-buchse-thermoschalter-und-kuhler-lufter-lancia-delta-integrale\/#breadcrumb"},"inLanguage":"de","potentialAction":[{"@type":"ReadAction","target":["https:\/\/turijnmagazijn.nl\/de\/produkt\/stecker-1-polig-buchse-thermoschalter-und-kuhler-lufter-lancia-delta-integrale\/"]}]},{"@type":"ImageObject","inLanguage":"de","@id":"https:\/\/turijnmagazijn.nl\/de\/produkt\/stecker-1-polig-buchse-thermoschalter-und-kuhler-lufter-lancia-delta-integrale\/#primaryimage","url":"https:\/\/turijnmagazijn.nl\/wp-content\/uploads\/2023\/03\/DN00100113-Stekker-1-polig-vrouwelijk-thermo-schakelaar-en-radiateur-fan-Lancia-Delta-Integrale-3-1.jpg","contentUrl":"https:\/\/turijnmagazijn.nl\/wp-content\/uploads\/2023\/03\/DN00100113-Stekker-1-polig-vrouwelijk-thermo-schakelaar-en-radiateur-fan-Lancia-Delta-Integrale-3-1.jpg","width":1024,"height":768},{"@type":"BreadcrumbList","@id":"https:\/\/turijnmagazijn.nl\/de\/produkt\/stecker-1-polig-buchse-thermoschalter-und-kuhler-lufter-lancia-delta-integrale\/#breadcrumb","itemListElement":[{"@type":"ListItem","position":1,"name":"Home","item":"https:\/\/turijnmagazijn.nl\/de\/"},{"@type":"ListItem","position":2,"name":"Produkte","item":"https:\/\/turijnmagazijn.nl\/de\/shop\/"},{"@type":"ListItem","position":3,"name":"Stecker 1-polige Thermoschalterbuchse und K\u00fchlerl\u00fcfter Lancia Delta Integrale"}]},{"@type":"WebSite","@id":"https:\/\/turijnmagazijn.jumpstone-dev.nl\/#website","url":"https:\/\/turijnmagazijn.jumpstone-dev.nl\/","name":"Turijnmagazijn","description":"Onderdelen nieuw en gebruikt - Fiat &amp; Lancia","publisher":{"@id":"https:\/\/turijnmagazijn.jumpstone-dev.nl\/#organization"},"potentialAction":[{"@type":"SearchAction","target":{"@type":"EntryPoint","urlTemplate":"https:\/\/turijnmagazijn.jumpstone-dev.nl\/?s={search_term_string}"},"query-input":{"@type":"PropertyValueSpecification","valueRequired":true,"valueName":"search_term_string"}}],"inLanguage":"de"},{"@type":"Organization","@id":"https:\/\/turijnmagazijn.jumpstone-dev.nl\/#organization","name":"Turijnmagazijn","url":"https:\/\/turijnmagazijn.jumpstone-dev.nl\/","logo":{"@type":"ImageObject","inLanguage":"de","@id":"https:\/\/turijnmagazijn.jumpstone-dev.nl\/#\/schema\/logo\/image\/","url":"https:\/\/turijnmagazijn.nl\/wp-content\/uploads\/2021\/02\/turijnmagazijnlogo.png","contentUrl":"https:\/\/turijnmagazijn.nl\/wp-content\/uploads\/2021\/02\/turijnmagazijnlogo.png","width":555,"height":270,"caption":"Turijnmagazijn"},"image":{"@id":"https:\/\/turijnmagazijn.jumpstone-dev.nl\/#\/schema\/logo\/image\/"},"sameAs":["https:\/\/www.facebook.com\/turijnmagazijn"]}]}},"_links":{"self":[{"href":"https:\/\/turijnmagazijn.nl\/de\/wp-json\/wp\/v2\/product\/65859","targetHints":{"allow":["GET"]}}],"collection":[{"href":"https:\/\/turijnmagazijn.nl\/de\/wp-json\/wp\/v2\/product"}],"about":[{"href":"https:\/\/turijnmagazijn.nl\/de\/wp-json\/wp\/v2\/types\/product"}],"replies":[{"embeddable":true,"href":"https:\/\/turijnmagazijn.nl\/de\/wp-json\/wp\/v2\/comments?post=65859"}],"wp:featuredmedia":[{"embeddable":true,"href":"https:\/\/turijnmagazijn.nl\/de\/wp-json\/wp\/v2\/media\/52909"}],"wp:attachment":[{"href":"https:\/\/turijnmagazijn.nl\/de\/wp-json\/wp\/v2\/media?parent=65859"}],"wp:term":[{"taxonomy":"product_brand","embeddable":true,"href":"https:\/\/turijnmagazijn.nl\/de\/wp-json\/wp\/v2\/product_brand?post=65859"},{"taxonomy":"product_cat","embeddable":true,"href":"https:\/\/turijnmagazijn.nl\/de\/wp-json\/wp\/v2\/product_cat?post=65859"},{"taxonomy":"product_tag","embeddable":true,"href":"https:\/\/turijnmagazijn.nl\/de\/wp-json\/wp\/v2\/product_tag?post=65859"}],"curies":[{"name":"wp","href":"https:\/\/api.w.org\/{rel}","templated":true}]}}