{"id":65877,"date":"2023-03-03T09:50:14","date_gmt":"2023-03-03T08:50:14","guid":{"rendered":"https:\/\/turijnmagazijn.nl\/product\/einfuelloeffnung-des-kraftstoffschlauchs-zum-tank-lancia-delta-integrale\/"},"modified":"2026-01-16T13:47:17","modified_gmt":"2026-01-16T12:47:17","slug":"kraftstoffschlauch-fullung-offnung-zu-tank-lancia-delta-integrale","status":"publish","type":"product","link":"https:\/\/turijnmagazijn.nl\/de\/produkt\/kraftstoffschlauch-fullung-offnung-zu-tank-lancia-delta-integrale\/","title":{"rendered":"Einf\u00fcll\u00f6ffnung des Kraftstoffschlauchs zum Tank Lancia Delta Integrale"},"content":{"rendered":"<p>Neuer Kraftstoffschlauch zwischen Einf\u00fcll\u00f6ffnung und Tank f\u00fcr Lancia Delta Integrale alle Typen. Dies ist ein neuer Gummischlauch aus dem letzten Produktionsdatum und in \u00dcbereinstimmung mit der urspr\u00fcnglichen Passform. Die alten Schl\u00e4ge werden mit der Zeit hart und zerbrechlich und schlie\u00dflich verletzlich, diese neue Schlange l\u00f6st dieses Problem.<\/p>\n<p>Benzinschlauch<\/p>\n<p><\/p>\n<p>Lancia Delta HF Turbo<\/p>\n<p>Lancia Delta HF 4WD<\/p>\n<p>Lancia Delta HF Integrale&nbsp;&nbsp;8V<\/p>\n<p>Lancia Delta HF Integrale&nbsp;&nbsp;16V<\/p>\n<p>Lancia Delta HF Integrale EVO<\/p>\n<p><\/p>\n<p>OEM Lancia 82411250<\/p>\n","protected":false},"excerpt":{"rendered":"<p>Kraftstoffschlauch Einf\u00fcll\u00f6ffnung zum Tank Lancia Delta Integrale &#8211; Neuer Kraftstoffschlauch zwischen Einf\u00fcll\u00f6ffnung und Tank f\u00fcr Lancia Delta Integrale alle Typen.<\/p>\n","protected":false},"featured_media":97063,"comment_status":"open","ping_status":"closed","template":"","meta":{"_acf_changed":false},"product_brand":[],"product_cat":[1807,1822,1826,1834,1829,1839,1797],"product_tag":[],"class_list":{"0":"post-65877","1":"product","2":"type-product","3":"status-publish","4":"has-post-thumbnail","6":"product_cat-delta-1-831-de","7":"product_cat-hf-4wd-de","8":"product_cat-hf-turbo-de","9":"product_cat-integrale-16v-de","10":"product_cat-integrale-8v-de","11":"product_cat-integrale-evo-de","12":"product_cat-lancia-de","13":"pa_soort-onderdeel-steuerung","15":"first","16":"instock","17":"taxable","18":"shipping-taxable","19":"purchasable","20":"product-type-simple"},"acf":[],"yoast_head":"<!-- This site is optimized with the Yoast SEO plugin v27.2 - https:\/\/yoast.com\/product\/yoast-seo-wordpress\/ -->\n<title>Einf\u00fcll\u00f6ffnung des Kraftstoffschlauchs zum Tank Lancia Delta Integrale - Turijnmagazijn<\/title>\n<meta name=\"robots\" content=\"index, follow, max-snippet:-1, max-image-preview:large, max-video-preview:-1\" \/>\n<link rel=\"canonical\" href=\"https:\/\/turijnmagazijn.nl\/de\/produkt\/kraftstoffschlauch-fullung-offnung-zu-tank-lancia-delta-integrale\/\" \/>\n<meta property=\"og:locale\" content=\"de_DE\" \/>\n<meta property=\"og:type\" content=\"article\" \/>\n<meta property=\"og:title\" content=\"Einf\u00fcll\u00f6ffnung des Kraftstoffschlauchs zum Tank Lancia Delta Integrale - Turijnmagazijn\" \/>\n<meta property=\"og:description\" content=\"Kraftstoffschlauch Einf\u00fcll\u00f6ffnung zum Tank Lancia Delta Integrale - Neuer Kraftstoffschlauch zwischen Einf\u00fcll\u00f6ffnung und Tank f\u00fcr Lancia Delta Integrale alle Typen.\" \/>\n<meta property=\"og:url\" content=\"https:\/\/turijnmagazijn.nl\/de\/produkt\/kraftstoffschlauch-fullung-offnung-zu-tank-lancia-delta-integrale\/\" \/>\n<meta property=\"og:site_name\" content=\"Turijnmagazijn\" \/>\n<meta property=\"article:publisher\" content=\"https:\/\/www.facebook.com\/turijnmagazijn\" \/>\n<meta property=\"article:modified_time\" content=\"2026-01-16T12:47:17+00:00\" \/>\n<meta property=\"og:image\" content=\"https:\/\/turijnmagazijn.nl\/wp-content\/uploads\/2023\/03\/DN0100116-benzineslang-naar-tank-Lancia-Delta-Integrale.png\" \/>\n\t<meta property=\"og:image:width\" content=\"1776\" \/>\n\t<meta property=\"og:image:height\" content=\"949\" \/>\n\t<meta property=\"og:image:type\" content=\"image\/png\" \/>\n<meta name=\"twitter:card\" content=\"summary_large_image\" \/>\n<script type=\"application\/ld+json\" class=\"yoast-schema-graph\">{\"@context\":\"https:\/\/schema.org\",\"@graph\":[{\"@type\":\"WebPage\",\"@id\":\"https:\/\/turijnmagazijn.nl\/de\/produkt\/kraftstoffschlauch-fullung-offnung-zu-tank-lancia-delta-integrale\/\",\"url\":\"https:\/\/turijnmagazijn.nl\/de\/produkt\/kraftstoffschlauch-fullung-offnung-zu-tank-lancia-delta-integrale\/\",\"name\":\"Einf\u00fcll\u00f6ffnung des Kraftstoffschlauchs zum Tank Lancia Delta Integrale - Turijnmagazijn\",\"isPartOf\":{\"@id\":\"https:\/\/turijnmagazijn.jumpstone-dev.nl\/#website\"},\"primaryImageOfPage\":{\"@id\":\"https:\/\/turijnmagazijn.nl\/de\/produkt\/kraftstoffschlauch-fullung-offnung-zu-tank-lancia-delta-integrale\/#primaryimage\"},\"image\":{\"@id\":\"https:\/\/turijnmagazijn.nl\/de\/produkt\/kraftstoffschlauch-fullung-offnung-zu-tank-lancia-delta-integrale\/#primaryimage\"},\"thumbnailUrl\":\"https:\/\/turijnmagazijn.nl\/wp-content\/uploads\/2023\/03\/DN0100116-benzineslang-naar-tank-Lancia-Delta-Integrale.png\",\"datePublished\":\"2023-03-03T08:50:14+00:00\",\"dateModified\":\"2026-01-16T12:47:17+00:00\",\"breadcrumb\":{\"@id\":\"https:\/\/turijnmagazijn.nl\/de\/produkt\/kraftstoffschlauch-fullung-offnung-zu-tank-lancia-delta-integrale\/#breadcrumb\"},\"inLanguage\":\"de\",\"potentialAction\":[{\"@type\":\"ReadAction\",\"target\":[\"https:\/\/turijnmagazijn.nl\/de\/produkt\/kraftstoffschlauch-fullung-offnung-zu-tank-lancia-delta-integrale\/\"]}]},{\"@type\":\"ImageObject\",\"inLanguage\":\"de\",\"@id\":\"https:\/\/turijnmagazijn.nl\/de\/produkt\/kraftstoffschlauch-fullung-offnung-zu-tank-lancia-delta-integrale\/#primaryimage\",\"url\":\"https:\/\/turijnmagazijn.nl\/wp-content\/uploads\/2023\/03\/DN0100116-benzineslang-naar-tank-Lancia-Delta-Integrale.png\",\"contentUrl\":\"https:\/\/turijnmagazijn.nl\/wp-content\/uploads\/2023\/03\/DN0100116-benzineslang-naar-tank-Lancia-Delta-Integrale.png\",\"width\":1776,\"height\":949},{\"@type\":\"BreadcrumbList\",\"@id\":\"https:\/\/turijnmagazijn.nl\/de\/produkt\/kraftstoffschlauch-fullung-offnung-zu-tank-lancia-delta-integrale\/#breadcrumb\",\"itemListElement\":[{\"@type\":\"ListItem\",\"position\":1,\"name\":\"Home\",\"item\":\"https:\/\/turijnmagazijn.jumpstone-dev.nl\/\"},{\"@type\":\"ListItem\",\"position\":2,\"name\":\"Produkte\",\"item\":\"https:\/\/turijnmagazijn.nl\/de\/shop\/\"},{\"@type\":\"ListItem\",\"position\":3,\"name\":\"Einf\u00fcll\u00f6ffnung des Kraftstoffschlauchs zum Tank Lancia Delta Integrale\"}]},{\"@type\":\"WebSite\",\"@id\":\"https:\/\/turijnmagazijn.jumpstone-dev.nl\/#website\",\"url\":\"https:\/\/turijnmagazijn.jumpstone-dev.nl\/\",\"name\":\"Turijnmagazijn\",\"description\":\"Onderdelen nieuw en gebruikt - Fiat &amp; Lancia\",\"publisher\":{\"@id\":\"https:\/\/turijnmagazijn.jumpstone-dev.nl\/#organization\"},\"potentialAction\":[{\"@type\":\"SearchAction\",\"target\":{\"@type\":\"EntryPoint\",\"urlTemplate\":\"https:\/\/turijnmagazijn.jumpstone-dev.nl\/?s={search_term_string}\"},\"query-input\":{\"@type\":\"PropertyValueSpecification\",\"valueRequired\":true,\"valueName\":\"search_term_string\"}}],\"inLanguage\":\"de\"},{\"@type\":\"Organization\",\"@id\":\"https:\/\/turijnmagazijn.jumpstone-dev.nl\/#organization\",\"name\":\"Turijnmagazijn\",\"url\":\"https:\/\/turijnmagazijn.jumpstone-dev.nl\/\",\"logo\":{\"@type\":\"ImageObject\",\"inLanguage\":\"de\",\"@id\":\"https:\/\/turijnmagazijn.jumpstone-dev.nl\/#\/schema\/logo\/image\/\",\"url\":\"https:\/\/turijnmagazijn.nl\/wp-content\/uploads\/2021\/02\/turijnmagazijnlogo.png\",\"contentUrl\":\"https:\/\/turijnmagazijn.nl\/wp-content\/uploads\/2021\/02\/turijnmagazijnlogo.png\",\"width\":555,\"height\":270,\"caption\":\"Turijnmagazijn\"},\"image\":{\"@id\":\"https:\/\/turijnmagazijn.jumpstone-dev.nl\/#\/schema\/logo\/image\/\"},\"sameAs\":[\"https:\/\/www.facebook.com\/turijnmagazijn\"]}]}<\/script>\n<!-- \/ Yoast SEO plugin. -->","yoast_head_json":{"title":"Einf\u00fcll\u00f6ffnung des Kraftstoffschlauchs zum Tank Lancia Delta Integrale - Turijnmagazijn","robots":{"index":"index","follow":"follow","max-snippet":"max-snippet:-1","max-image-preview":"max-image-preview:large","max-video-preview":"max-video-preview:-1"},"canonical":"https:\/\/turijnmagazijn.nl\/de\/produkt\/kraftstoffschlauch-fullung-offnung-zu-tank-lancia-delta-integrale\/","og_locale":"de_DE","og_type":"article","og_title":"Einf\u00fcll\u00f6ffnung des Kraftstoffschlauchs zum Tank Lancia Delta Integrale - Turijnmagazijn","og_description":"Kraftstoffschlauch Einf\u00fcll\u00f6ffnung zum Tank Lancia Delta Integrale - Neuer Kraftstoffschlauch zwischen Einf\u00fcll\u00f6ffnung und Tank f\u00fcr Lancia Delta Integrale alle Typen.","og_url":"https:\/\/turijnmagazijn.nl\/de\/produkt\/kraftstoffschlauch-fullung-offnung-zu-tank-lancia-delta-integrale\/","og_site_name":"Turijnmagazijn","article_publisher":"https:\/\/www.facebook.com\/turijnmagazijn","article_modified_time":"2026-01-16T12:47:17+00:00","og_image":[{"width":1776,"height":949,"url":"https:\/\/turijnmagazijn.nl\/wp-content\/uploads\/2023\/03\/DN0100116-benzineslang-naar-tank-Lancia-Delta-Integrale.png","type":"image\/png"}],"twitter_card":"summary_large_image","schema":{"@context":"https:\/\/schema.org","@graph":[{"@type":"WebPage","@id":"https:\/\/turijnmagazijn.nl\/de\/produkt\/kraftstoffschlauch-fullung-offnung-zu-tank-lancia-delta-integrale\/","url":"https:\/\/turijnmagazijn.nl\/de\/produkt\/kraftstoffschlauch-fullung-offnung-zu-tank-lancia-delta-integrale\/","name":"Einf\u00fcll\u00f6ffnung des Kraftstoffschlauchs zum Tank Lancia Delta Integrale - Turijnmagazijn","isPartOf":{"@id":"https:\/\/turijnmagazijn.jumpstone-dev.nl\/#website"},"primaryImageOfPage":{"@id":"https:\/\/turijnmagazijn.nl\/de\/produkt\/kraftstoffschlauch-fullung-offnung-zu-tank-lancia-delta-integrale\/#primaryimage"},"image":{"@id":"https:\/\/turijnmagazijn.nl\/de\/produkt\/kraftstoffschlauch-fullung-offnung-zu-tank-lancia-delta-integrale\/#primaryimage"},"thumbnailUrl":"https:\/\/turijnmagazijn.nl\/wp-content\/uploads\/2023\/03\/DN0100116-benzineslang-naar-tank-Lancia-Delta-Integrale.png","datePublished":"2023-03-03T08:50:14+00:00","dateModified":"2026-01-16T12:47:17+00:00","breadcrumb":{"@id":"https:\/\/turijnmagazijn.nl\/de\/produkt\/kraftstoffschlauch-fullung-offnung-zu-tank-lancia-delta-integrale\/#breadcrumb"},"inLanguage":"de","potentialAction":[{"@type":"ReadAction","target":["https:\/\/turijnmagazijn.nl\/de\/produkt\/kraftstoffschlauch-fullung-offnung-zu-tank-lancia-delta-integrale\/"]}]},{"@type":"ImageObject","inLanguage":"de","@id":"https:\/\/turijnmagazijn.nl\/de\/produkt\/kraftstoffschlauch-fullung-offnung-zu-tank-lancia-delta-integrale\/#primaryimage","url":"https:\/\/turijnmagazijn.nl\/wp-content\/uploads\/2023\/03\/DN0100116-benzineslang-naar-tank-Lancia-Delta-Integrale.png","contentUrl":"https:\/\/turijnmagazijn.nl\/wp-content\/uploads\/2023\/03\/DN0100116-benzineslang-naar-tank-Lancia-Delta-Integrale.png","width":1776,"height":949},{"@type":"BreadcrumbList","@id":"https:\/\/turijnmagazijn.nl\/de\/produkt\/kraftstoffschlauch-fullung-offnung-zu-tank-lancia-delta-integrale\/#breadcrumb","itemListElement":[{"@type":"ListItem","position":1,"name":"Home","item":"https:\/\/turijnmagazijn.jumpstone-dev.nl\/"},{"@type":"ListItem","position":2,"name":"Produkte","item":"https:\/\/turijnmagazijn.nl\/de\/shop\/"},{"@type":"ListItem","position":3,"name":"Einf\u00fcll\u00f6ffnung des Kraftstoffschlauchs zum Tank Lancia Delta Integrale"}]},{"@type":"WebSite","@id":"https:\/\/turijnmagazijn.jumpstone-dev.nl\/#website","url":"https:\/\/turijnmagazijn.jumpstone-dev.nl\/","name":"Turijnmagazijn","description":"Onderdelen nieuw en gebruikt - Fiat &amp; Lancia","publisher":{"@id":"https:\/\/turijnmagazijn.jumpstone-dev.nl\/#organization"},"potentialAction":[{"@type":"SearchAction","target":{"@type":"EntryPoint","urlTemplate":"https:\/\/turijnmagazijn.jumpstone-dev.nl\/?s={search_term_string}"},"query-input":{"@type":"PropertyValueSpecification","valueRequired":true,"valueName":"search_term_string"}}],"inLanguage":"de"},{"@type":"Organization","@id":"https:\/\/turijnmagazijn.jumpstone-dev.nl\/#organization","name":"Turijnmagazijn","url":"https:\/\/turijnmagazijn.jumpstone-dev.nl\/","logo":{"@type":"ImageObject","inLanguage":"de","@id":"https:\/\/turijnmagazijn.jumpstone-dev.nl\/#\/schema\/logo\/image\/","url":"https:\/\/turijnmagazijn.nl\/wp-content\/uploads\/2021\/02\/turijnmagazijnlogo.png","contentUrl":"https:\/\/turijnmagazijn.nl\/wp-content\/uploads\/2021\/02\/turijnmagazijnlogo.png","width":555,"height":270,"caption":"Turijnmagazijn"},"image":{"@id":"https:\/\/turijnmagazijn.jumpstone-dev.nl\/#\/schema\/logo\/image\/"},"sameAs":["https:\/\/www.facebook.com\/turijnmagazijn"]}]}},"_links":{"self":[{"href":"https:\/\/turijnmagazijn.nl\/de\/wp-json\/wp\/v2\/product\/65877","targetHints":{"allow":["GET"]}}],"collection":[{"href":"https:\/\/turijnmagazijn.nl\/de\/wp-json\/wp\/v2\/product"}],"about":[{"href":"https:\/\/turijnmagazijn.nl\/de\/wp-json\/wp\/v2\/types\/product"}],"replies":[{"embeddable":true,"href":"https:\/\/turijnmagazijn.nl\/de\/wp-json\/wp\/v2\/comments?post=65877"}],"wp:featuredmedia":[{"embeddable":true,"href":"https:\/\/turijnmagazijn.nl\/de\/wp-json\/wp\/v2\/media\/97063"}],"wp:attachment":[{"href":"https:\/\/turijnmagazijn.nl\/de\/wp-json\/wp\/v2\/media?parent=65877"}],"wp:term":[{"taxonomy":"product_brand","embeddable":true,"href":"https:\/\/turijnmagazijn.nl\/de\/wp-json\/wp\/v2\/product_brand?post=65877"},{"taxonomy":"product_cat","embeddable":true,"href":"https:\/\/turijnmagazijn.nl\/de\/wp-json\/wp\/v2\/product_cat?post=65877"},{"taxonomy":"product_tag","embeddable":true,"href":"https:\/\/turijnmagazijn.nl\/de\/wp-json\/wp\/v2\/product_tag?post=65877"}],"curies":[{"name":"wp","href":"https:\/\/api.w.org\/{rel}","templated":true}]}}