{"id":65887,"date":"2023-03-03T08:37:33","date_gmt":"2023-03-03T07:37:33","guid":{"rendered":"https:\/\/turijnmagazijn.nl\/product\/airbag-steuergeraet-fiat-bravo-i-brava\/"},"modified":"2025-04-17T17:32:13","modified_gmt":"2025-04-17T15:32:13","slug":"airbag-ecu-computer-fiat-bravo-i-brava","status":"publish","type":"product","link":"https:\/\/turijnmagazijn.nl\/de\/produkt\/airbag-ecu-computer-fiat-bravo-i-brava\/","title":{"rendered":"Airbag Steuerger\u00e4t Fiat Bravo I Brava"},"content":{"rendered":"<p>Gebrauchter Airbag-Computer zur Montage unter dem Armaturenbrett. Dieses Steuerger\u00e4t sammelt die Informationen der Crashsensoren und aktiviert bei Bedarf die Airbags.<\/p>\n<p>Aluminiumgeh\u00e4use mit hellgrauer mehrpoliger Steckverbindung.<\/p>\n<p>Das Modul wurde demontiert und funktioniert einwandfrei.<\/p>\n<p>&nbsp;<\/p>\n<p>Inschriften auf dem Ger\u00e4t:<\/p>\n<p>&nbsp;<\/p>\n<blockquote><p>12V<br \/>\nSensore<br \/>\nAIRBAG<br \/>\n46768868<br \/>\nC404<br \/>\nAVANTI DEVANT FORWARD VORNE<br \/>\nJTD<br \/>\n5WK42811\/ 04-309603NAT<br \/>\nATTENZIONE-CAUTION-ATTENTION-ACHTUNG<\/p>\n<p>\u00c2\u00e2\u00e2\u00e2\u00a2 Pericolo! Non scollegare se non da personale specializzato e seguendo le istruzioni del manuale di assistenza tecnica.<br \/>\n\u00c2\u00e2\u00e2\u00e2 Gefahr: Nicht trennen! Dieser Vorgang darf nur von erfahrenen Bedienern gem\u00e4\u00df den Anweisungen im Servicehandbuch durchgef\u00fchrt werden.<br \/>\n\u00c3\u00e2\u00e2\u00e2\u00a2 Danger: Seul le personel sp\u00e3\u00e2 cialis\u00e2\u00e2 est autoris\u00e2\u00e2\u00a9\u00e3 d\u00e3\u00e2\u00a9\u00a9\u00a9brancher<br \/>\nen se tenant aux instructions du manuel de reparation, \u00c2\u00e2\u00e2\u00e2\u00a2 Gelahr: Nur von Fachpersonal und nach den<br \/>\nAnweisungen des Kundendiensthandbuches abtrennen lassen.<\/p>\n<p>04-309603NATA0016200046N<br \/>\n23000517:<br \/>\nHergestellt in Deutschland<\/p><\/blockquote>\n<p>&nbsp;<\/p>\n<p>OEM Fiat 46768868<\/p>\n","protected":false},"excerpt":{"rendered":"<p>Airbag-ECU-Computer Fiat Bravo I Brava &#8211; Gebrauchter Airbag-Computer zur Montage unter dem Armaturenbrett.<\/p>\n","protected":false},"featured_media":51437,"comment_status":"open","ping_status":"closed","template":"","meta":{"_acf_changed":false},"product_brand":[],"product_cat":[1706,1710,1689],"product_tag":[],"class_list":{"0":"post-65887","1":"product","2":"type-product","3":"status-publish","4":"has-post-thumbnail","6":"product_cat-brava-198-de","7":"product_cat-bravo-198-de","8":"product_cat-fiat-de","9":"pa_soort-onderdeel-airbags-und-zubehor","10":"pa_soort-onderdeel-elektronik-und-kabel","12":"first","13":"instock","14":"shipping-taxable","15":"purchasable","16":"product-type-simple"},"acf":[],"yoast_head":"<!-- This site is optimized with the Yoast SEO plugin v27.3 - https:\/\/yoast.com\/product\/yoast-seo-wordpress\/ -->\n<title>Airbag Steuerger\u00e4t Fiat Bravo I Brava - Turijnmagazijn<\/title>\n<meta name=\"robots\" content=\"index, follow, max-snippet:-1, max-image-preview:large, max-video-preview:-1\" \/>\n<link rel=\"canonical\" href=\"https:\/\/turijnmagazijn.nl\/de\/produkt\/airbag-ecu-computer-fiat-bravo-i-brava\/\" \/>\n<meta property=\"og:locale\" content=\"de_DE\" \/>\n<meta property=\"og:type\" content=\"article\" \/>\n<meta property=\"og:title\" content=\"Airbag Steuerger\u00e4t Fiat Bravo I Brava - Turijnmagazijn\" \/>\n<meta property=\"og:description\" content=\"Airbag-ECU-Computer Fiat Bravo I Brava - Gebrauchter Airbag-Computer zur Montage unter dem Armaturenbrett.\" \/>\n<meta property=\"og:url\" content=\"https:\/\/turijnmagazijn.nl\/de\/produkt\/airbag-ecu-computer-fiat-bravo-i-brava\/\" \/>\n<meta property=\"og:site_name\" content=\"Turijnmagazijn\" \/>\n<meta property=\"article:publisher\" content=\"https:\/\/www.facebook.com\/turijnmagazijn\" \/>\n<meta property=\"article:modified_time\" content=\"2025-04-17T15:32:13+00:00\" \/>\n<meta property=\"og:image\" content=\"https:\/\/turijnmagazijn.nl\/wp-content\/uploads\/2023\/03\/DK00102469-Airbag-ECU-computer-Fiat-Bravo-I-Brava-3-1.jpg\" \/>\n\t<meta property=\"og:image:width\" content=\"1024\" \/>\n\t<meta property=\"og:image:height\" content=\"768\" \/>\n\t<meta property=\"og:image:type\" content=\"image\/jpeg\" \/>\n<meta name=\"twitter:card\" content=\"summary_large_image\" \/>\n<meta name=\"twitter:label1\" content=\"Gesch\u00e4tzte Lesezeit\" \/>\n\t<meta name=\"twitter:data1\" content=\"1\u00a0Minute\" \/>\n<script type=\"application\/ld+json\" class=\"yoast-schema-graph\">{\"@context\":\"https:\\\/\\\/schema.org\",\"@graph\":[{\"@type\":\"WebPage\",\"@id\":\"https:\\\/\\\/turijnmagazijn.nl\\\/de\\\/produkt\\\/airbag-ecu-computer-fiat-bravo-i-brava\\\/\",\"url\":\"https:\\\/\\\/turijnmagazijn.nl\\\/de\\\/produkt\\\/airbag-ecu-computer-fiat-bravo-i-brava\\\/\",\"name\":\"Airbag Steuerger\u00e4t Fiat Bravo I Brava - Turijnmagazijn\",\"isPartOf\":{\"@id\":\"https:\\\/\\\/turijnmagazijn.jumpstone-dev.nl\\\/#website\"},\"primaryImageOfPage\":{\"@id\":\"https:\\\/\\\/turijnmagazijn.nl\\\/de\\\/produkt\\\/airbag-ecu-computer-fiat-bravo-i-brava\\\/#primaryimage\"},\"image\":{\"@id\":\"https:\\\/\\\/turijnmagazijn.nl\\\/de\\\/produkt\\\/airbag-ecu-computer-fiat-bravo-i-brava\\\/#primaryimage\"},\"thumbnailUrl\":\"https:\\\/\\\/turijnmagazijn.nl\\\/wp-content\\\/uploads\\\/2023\\\/03\\\/DK00102469-Airbag-ECU-computer-Fiat-Bravo-I-Brava-3-1.jpg\",\"datePublished\":\"2023-03-03T07:37:33+00:00\",\"dateModified\":\"2025-04-17T15:32:13+00:00\",\"breadcrumb\":{\"@id\":\"https:\\\/\\\/turijnmagazijn.nl\\\/de\\\/produkt\\\/airbag-ecu-computer-fiat-bravo-i-brava\\\/#breadcrumb\"},\"inLanguage\":\"de\",\"potentialAction\":[{\"@type\":\"ReadAction\",\"target\":[\"https:\\\/\\\/turijnmagazijn.nl\\\/de\\\/produkt\\\/airbag-ecu-computer-fiat-bravo-i-brava\\\/\"]}]},{\"@type\":\"ImageObject\",\"inLanguage\":\"de\",\"@id\":\"https:\\\/\\\/turijnmagazijn.nl\\\/de\\\/produkt\\\/airbag-ecu-computer-fiat-bravo-i-brava\\\/#primaryimage\",\"url\":\"https:\\\/\\\/turijnmagazijn.nl\\\/wp-content\\\/uploads\\\/2023\\\/03\\\/DK00102469-Airbag-ECU-computer-Fiat-Bravo-I-Brava-3-1.jpg\",\"contentUrl\":\"https:\\\/\\\/turijnmagazijn.nl\\\/wp-content\\\/uploads\\\/2023\\\/03\\\/DK00102469-Airbag-ECU-computer-Fiat-Bravo-I-Brava-3-1.jpg\",\"width\":1024,\"height\":768},{\"@type\":\"BreadcrumbList\",\"@id\":\"https:\\\/\\\/turijnmagazijn.nl\\\/de\\\/produkt\\\/airbag-ecu-computer-fiat-bravo-i-brava\\\/#breadcrumb\",\"itemListElement\":[{\"@type\":\"ListItem\",\"position\":1,\"name\":\"Home\",\"item\":\"https:\\\/\\\/turijnmagazijn.nl\\\/de\\\/\"},{\"@type\":\"ListItem\",\"position\":2,\"name\":\"Produkte\",\"item\":\"https:\\\/\\\/turijnmagazijn.nl\\\/de\\\/shop\\\/\"},{\"@type\":\"ListItem\",\"position\":3,\"name\":\"Airbag Steuerger\u00e4t Fiat Bravo I Brava\"}]},{\"@type\":\"WebSite\",\"@id\":\"https:\\\/\\\/turijnmagazijn.jumpstone-dev.nl\\\/#website\",\"url\":\"https:\\\/\\\/turijnmagazijn.jumpstone-dev.nl\\\/\",\"name\":\"Turijnmagazijn\",\"description\":\"Onderdelen nieuw en gebruikt - Fiat &amp; Lancia\",\"publisher\":{\"@id\":\"https:\\\/\\\/turijnmagazijn.jumpstone-dev.nl\\\/#organization\"},\"potentialAction\":[{\"@type\":\"SearchAction\",\"target\":{\"@type\":\"EntryPoint\",\"urlTemplate\":\"https:\\\/\\\/turijnmagazijn.jumpstone-dev.nl\\\/?s={search_term_string}\"},\"query-input\":{\"@type\":\"PropertyValueSpecification\",\"valueRequired\":true,\"valueName\":\"search_term_string\"}}],\"inLanguage\":\"de\"},{\"@type\":\"Organization\",\"@id\":\"https:\\\/\\\/turijnmagazijn.jumpstone-dev.nl\\\/#organization\",\"name\":\"Turijnmagazijn\",\"url\":\"https:\\\/\\\/turijnmagazijn.jumpstone-dev.nl\\\/\",\"logo\":{\"@type\":\"ImageObject\",\"inLanguage\":\"de\",\"@id\":\"https:\\\/\\\/turijnmagazijn.jumpstone-dev.nl\\\/#\\\/schema\\\/logo\\\/image\\\/\",\"url\":\"https:\\\/\\\/turijnmagazijn.nl\\\/wp-content\\\/uploads\\\/2021\\\/02\\\/turijnmagazijnlogo.png\",\"contentUrl\":\"https:\\\/\\\/turijnmagazijn.nl\\\/wp-content\\\/uploads\\\/2021\\\/02\\\/turijnmagazijnlogo.png\",\"width\":555,\"height\":270,\"caption\":\"Turijnmagazijn\"},\"image\":{\"@id\":\"https:\\\/\\\/turijnmagazijn.jumpstone-dev.nl\\\/#\\\/schema\\\/logo\\\/image\\\/\"},\"sameAs\":[\"https:\\\/\\\/www.facebook.com\\\/turijnmagazijn\"]}]}<\/script>\n<!-- \/ Yoast SEO plugin. -->","yoast_head_json":{"title":"Airbag Steuerger\u00e4t Fiat Bravo I Brava - Turijnmagazijn","robots":{"index":"index","follow":"follow","max-snippet":"max-snippet:-1","max-image-preview":"max-image-preview:large","max-video-preview":"max-video-preview:-1"},"canonical":"https:\/\/turijnmagazijn.nl\/de\/produkt\/airbag-ecu-computer-fiat-bravo-i-brava\/","og_locale":"de_DE","og_type":"article","og_title":"Airbag Steuerger\u00e4t Fiat Bravo I Brava - Turijnmagazijn","og_description":"Airbag-ECU-Computer Fiat Bravo I Brava - Gebrauchter Airbag-Computer zur Montage unter dem Armaturenbrett.","og_url":"https:\/\/turijnmagazijn.nl\/de\/produkt\/airbag-ecu-computer-fiat-bravo-i-brava\/","og_site_name":"Turijnmagazijn","article_publisher":"https:\/\/www.facebook.com\/turijnmagazijn","article_modified_time":"2025-04-17T15:32:13+00:00","og_image":[{"width":1024,"height":768,"url":"https:\/\/turijnmagazijn.nl\/wp-content\/uploads\/2023\/03\/DK00102469-Airbag-ECU-computer-Fiat-Bravo-I-Brava-3-1.jpg","type":"image\/jpeg"}],"twitter_card":"summary_large_image","twitter_misc":{"Gesch\u00e4tzte Lesezeit":"1\u00a0Minute"},"schema":{"@context":"https:\/\/schema.org","@graph":[{"@type":"WebPage","@id":"https:\/\/turijnmagazijn.nl\/de\/produkt\/airbag-ecu-computer-fiat-bravo-i-brava\/","url":"https:\/\/turijnmagazijn.nl\/de\/produkt\/airbag-ecu-computer-fiat-bravo-i-brava\/","name":"Airbag Steuerger\u00e4t Fiat Bravo I Brava - Turijnmagazijn","isPartOf":{"@id":"https:\/\/turijnmagazijn.jumpstone-dev.nl\/#website"},"primaryImageOfPage":{"@id":"https:\/\/turijnmagazijn.nl\/de\/produkt\/airbag-ecu-computer-fiat-bravo-i-brava\/#primaryimage"},"image":{"@id":"https:\/\/turijnmagazijn.nl\/de\/produkt\/airbag-ecu-computer-fiat-bravo-i-brava\/#primaryimage"},"thumbnailUrl":"https:\/\/turijnmagazijn.nl\/wp-content\/uploads\/2023\/03\/DK00102469-Airbag-ECU-computer-Fiat-Bravo-I-Brava-3-1.jpg","datePublished":"2023-03-03T07:37:33+00:00","dateModified":"2025-04-17T15:32:13+00:00","breadcrumb":{"@id":"https:\/\/turijnmagazijn.nl\/de\/produkt\/airbag-ecu-computer-fiat-bravo-i-brava\/#breadcrumb"},"inLanguage":"de","potentialAction":[{"@type":"ReadAction","target":["https:\/\/turijnmagazijn.nl\/de\/produkt\/airbag-ecu-computer-fiat-bravo-i-brava\/"]}]},{"@type":"ImageObject","inLanguage":"de","@id":"https:\/\/turijnmagazijn.nl\/de\/produkt\/airbag-ecu-computer-fiat-bravo-i-brava\/#primaryimage","url":"https:\/\/turijnmagazijn.nl\/wp-content\/uploads\/2023\/03\/DK00102469-Airbag-ECU-computer-Fiat-Bravo-I-Brava-3-1.jpg","contentUrl":"https:\/\/turijnmagazijn.nl\/wp-content\/uploads\/2023\/03\/DK00102469-Airbag-ECU-computer-Fiat-Bravo-I-Brava-3-1.jpg","width":1024,"height":768},{"@type":"BreadcrumbList","@id":"https:\/\/turijnmagazijn.nl\/de\/produkt\/airbag-ecu-computer-fiat-bravo-i-brava\/#breadcrumb","itemListElement":[{"@type":"ListItem","position":1,"name":"Home","item":"https:\/\/turijnmagazijn.nl\/de\/"},{"@type":"ListItem","position":2,"name":"Produkte","item":"https:\/\/turijnmagazijn.nl\/de\/shop\/"},{"@type":"ListItem","position":3,"name":"Airbag Steuerger\u00e4t Fiat Bravo I Brava"}]},{"@type":"WebSite","@id":"https:\/\/turijnmagazijn.jumpstone-dev.nl\/#website","url":"https:\/\/turijnmagazijn.jumpstone-dev.nl\/","name":"Turijnmagazijn","description":"Onderdelen nieuw en gebruikt - Fiat &amp; Lancia","publisher":{"@id":"https:\/\/turijnmagazijn.jumpstone-dev.nl\/#organization"},"potentialAction":[{"@type":"SearchAction","target":{"@type":"EntryPoint","urlTemplate":"https:\/\/turijnmagazijn.jumpstone-dev.nl\/?s={search_term_string}"},"query-input":{"@type":"PropertyValueSpecification","valueRequired":true,"valueName":"search_term_string"}}],"inLanguage":"de"},{"@type":"Organization","@id":"https:\/\/turijnmagazijn.jumpstone-dev.nl\/#organization","name":"Turijnmagazijn","url":"https:\/\/turijnmagazijn.jumpstone-dev.nl\/","logo":{"@type":"ImageObject","inLanguage":"de","@id":"https:\/\/turijnmagazijn.jumpstone-dev.nl\/#\/schema\/logo\/image\/","url":"https:\/\/turijnmagazijn.nl\/wp-content\/uploads\/2021\/02\/turijnmagazijnlogo.png","contentUrl":"https:\/\/turijnmagazijn.nl\/wp-content\/uploads\/2021\/02\/turijnmagazijnlogo.png","width":555,"height":270,"caption":"Turijnmagazijn"},"image":{"@id":"https:\/\/turijnmagazijn.jumpstone-dev.nl\/#\/schema\/logo\/image\/"},"sameAs":["https:\/\/www.facebook.com\/turijnmagazijn"]}]}},"_links":{"self":[{"href":"https:\/\/turijnmagazijn.nl\/de\/wp-json\/wp\/v2\/product\/65887","targetHints":{"allow":["GET"]}}],"collection":[{"href":"https:\/\/turijnmagazijn.nl\/de\/wp-json\/wp\/v2\/product"}],"about":[{"href":"https:\/\/turijnmagazijn.nl\/de\/wp-json\/wp\/v2\/types\/product"}],"replies":[{"embeddable":true,"href":"https:\/\/turijnmagazijn.nl\/de\/wp-json\/wp\/v2\/comments?post=65887"}],"wp:featuredmedia":[{"embeddable":true,"href":"https:\/\/turijnmagazijn.nl\/de\/wp-json\/wp\/v2\/media\/51437"}],"wp:attachment":[{"href":"https:\/\/turijnmagazijn.nl\/de\/wp-json\/wp\/v2\/media?parent=65887"}],"wp:term":[{"taxonomy":"product_brand","embeddable":true,"href":"https:\/\/turijnmagazijn.nl\/de\/wp-json\/wp\/v2\/product_brand?post=65887"},{"taxonomy":"product_cat","embeddable":true,"href":"https:\/\/turijnmagazijn.nl\/de\/wp-json\/wp\/v2\/product_cat?post=65887"},{"taxonomy":"product_tag","embeddable":true,"href":"https:\/\/turijnmagazijn.nl\/de\/wp-json\/wp\/v2\/product_tag?post=65887"}],"curies":[{"name":"wp","href":"https:\/\/api.w.org\/{rel}","templated":true}]}}