{"id":65893,"date":"2023-03-03T09:50:14","date_gmt":"2023-03-03T08:50:14","guid":{"rendered":"https:\/\/turijnmagazijn.nl\/product\/buchstuetze-halbfelge-fiat-stilo-selespeed-modell-sportfelge\/"},"modified":"2023-07-27T12:37:09","modified_gmt":"2023-07-27T10:37:09","slug":"buchstutze-halbfelge-fiat-stilo-selespeed-modell-sportfelge","status":"publish","type":"product","link":"https:\/\/turijnmagazijn.nl\/de\/produkt\/buchstutze-halbfelge-fiat-stilo-selespeed-modell-sportfelge\/","title":{"rendered":"Buchst\u00fctze Halbfelge Fiat Stilo Selespeed Modell Sportfelge"},"content":{"rendered":"<p>2 Viertel Teile einer gebrauchten Fiat Stilo Abarth 17 Zoll Sportfelge, die Option Felge die auch Selespeed Felge genannt wird. Die Farbe ist anthrazit und betrifft eine besch\u00e4digte Felge.<\/p>\n<p>&nbsp;<\/p>\n<p>Gegen Aufpreis ist es m\u00f6glich, das Set in jeder gew\u00fcnschten RAL-Farbe pulverbeschichten zu lassen. Die zus\u00e4tzlichen Kosten betragen 45 Euro.<\/p>\n<p>Bitte kontaktieren Sie uns per E-Mail, wenn Sie davon Gebrauch machen m\u00f6chten, Lieferzeit in Absprache.<\/p>\n<p>&nbsp;<\/p>\n<p>Hat jemand #mancave gesagt? Dies ist ein nettes Gimmick f\u00fcr jeden Fanatiker italienischer Autos, besonders wenn Sie nat\u00fcrlich ein Fan von Fiat Stilo sind.<\/p>\n<p>Es handelt sich um eine originale gebrauchte Felge, die durch vier geteilt ist, mit zwei Vierteln machen Sie eine coole Buchst\u00fctze f\u00fcr Ihre Mancave oder Ihre Garage, zum Beispiel f\u00fcr Ihre Werkstatthandb\u00fccher!<\/p>\n<p>&nbsp;<\/p>\n","protected":false},"excerpt":{"rendered":"<p>Buchst\u00fctze Halbfelge Fiat Stilo Selespeed Modell Sportfelge &#8211; 2 Viertel Teile einer gebrauchten Fiat Stilo Abarth 17 Zoll Sportfelge, die Option Felge, die auch Selespeed Felge genannt wird.<\/p>\n","protected":false},"featured_media":52965,"comment_status":"closed","ping_status":"closed","template":"","meta":{"_acf_changed":false},"product_brand":[],"product_cat":[1689,1762],"product_tag":[],"class_list":{"0":"post-65893","1":"product","2":"type-product","3":"status-publish","4":"has-post-thumbnail","6":"product_cat-fiat-de","7":"product_cat-stilo-192-de","8":"pa_soort-onderdeel-elektronik-und-kabel","10":"first","11":"instock","12":"shipping-taxable","13":"purchasable","14":"product-type-simple"},"acf":[],"yoast_head":"<!-- This site is optimized with the Yoast SEO plugin v27.3 - https:\/\/yoast.com\/product\/yoast-seo-wordpress\/ -->\n<title>Buchst\u00fctze Halbfelge Fiat Stilo Selespeed Modell Sportfelge - Turijnmagazijn<\/title>\n<meta name=\"robots\" content=\"index, follow, max-snippet:-1, max-image-preview:large, max-video-preview:-1\" \/>\n<link rel=\"canonical\" href=\"https:\/\/turijnmagazijn.nl\/de\/produkt\/buchstutze-halbfelge-fiat-stilo-selespeed-modell-sportfelge\/\" \/>\n<meta property=\"og:locale\" content=\"de_DE\" \/>\n<meta property=\"og:type\" content=\"article\" \/>\n<meta property=\"og:title\" content=\"Buchst\u00fctze Halbfelge Fiat Stilo Selespeed Modell Sportfelge - Turijnmagazijn\" \/>\n<meta property=\"og:description\" content=\"Buchst\u00fctze Halbfelge Fiat Stilo Selespeed Modell Sportfelge - 2 Viertel Teile einer gebrauchten Fiat Stilo Abarth 17 Zoll Sportfelge, die Option Felge, die auch Selespeed Felge genannt wird.\" \/>\n<meta property=\"og:url\" content=\"https:\/\/turijnmagazijn.nl\/de\/produkt\/buchstutze-halbfelge-fiat-stilo-selespeed-modell-sportfelge\/\" \/>\n<meta property=\"og:site_name\" content=\"Turijnmagazijn\" \/>\n<meta property=\"article:publisher\" content=\"https:\/\/www.facebook.com\/turijnmagazijn\" \/>\n<meta property=\"article:modified_time\" content=\"2023-07-27T10:37:09+00:00\" \/>\n<meta property=\"og:image\" content=\"https:\/\/turijnmagazijn.nl\/wp-content\/uploads\/2023\/03\/DN00100134-Boekensteun-halve-velg-Fiat-Stilo-Selespeed-model-sportvelg-3-800x600-1.jpeg\" \/>\n\t<meta property=\"og:image:width\" content=\"800\" \/>\n\t<meta property=\"og:image:height\" content=\"600\" \/>\n\t<meta property=\"og:image:type\" content=\"image\/jpeg\" \/>\n<meta name=\"twitter:card\" content=\"summary_large_image\" \/>\n<meta name=\"twitter:label1\" content=\"Gesch\u00e4tzte Lesezeit\" \/>\n\t<meta name=\"twitter:data1\" content=\"1\u00a0Minute\" \/>\n<script type=\"application\/ld+json\" class=\"yoast-schema-graph\">{\"@context\":\"https:\\\/\\\/schema.org\",\"@graph\":[{\"@type\":\"WebPage\",\"@id\":\"https:\\\/\\\/turijnmagazijn.nl\\\/de\\\/produkt\\\/buchstutze-halbfelge-fiat-stilo-selespeed-modell-sportfelge\\\/\",\"url\":\"https:\\\/\\\/turijnmagazijn.nl\\\/de\\\/produkt\\\/buchstutze-halbfelge-fiat-stilo-selespeed-modell-sportfelge\\\/\",\"name\":\"Buchst\u00fctze Halbfelge Fiat Stilo Selespeed Modell Sportfelge - Turijnmagazijn\",\"isPartOf\":{\"@id\":\"https:\\\/\\\/turijnmagazijn.jumpstone-dev.nl\\\/#website\"},\"primaryImageOfPage\":{\"@id\":\"https:\\\/\\\/turijnmagazijn.nl\\\/de\\\/produkt\\\/buchstutze-halbfelge-fiat-stilo-selespeed-modell-sportfelge\\\/#primaryimage\"},\"image\":{\"@id\":\"https:\\\/\\\/turijnmagazijn.nl\\\/de\\\/produkt\\\/buchstutze-halbfelge-fiat-stilo-selespeed-modell-sportfelge\\\/#primaryimage\"},\"thumbnailUrl\":\"https:\\\/\\\/turijnmagazijn.nl\\\/wp-content\\\/uploads\\\/2023\\\/03\\\/DN00100134-Boekensteun-halve-velg-Fiat-Stilo-Selespeed-model-sportvelg-3-800x600-1.jpeg\",\"datePublished\":\"2023-03-03T08:50:14+00:00\",\"dateModified\":\"2023-07-27T10:37:09+00:00\",\"breadcrumb\":{\"@id\":\"https:\\\/\\\/turijnmagazijn.nl\\\/de\\\/produkt\\\/buchstutze-halbfelge-fiat-stilo-selespeed-modell-sportfelge\\\/#breadcrumb\"},\"inLanguage\":\"de\",\"potentialAction\":[{\"@type\":\"ReadAction\",\"target\":[\"https:\\\/\\\/turijnmagazijn.nl\\\/de\\\/produkt\\\/buchstutze-halbfelge-fiat-stilo-selespeed-modell-sportfelge\\\/\"]}]},{\"@type\":\"ImageObject\",\"inLanguage\":\"de\",\"@id\":\"https:\\\/\\\/turijnmagazijn.nl\\\/de\\\/produkt\\\/buchstutze-halbfelge-fiat-stilo-selespeed-modell-sportfelge\\\/#primaryimage\",\"url\":\"https:\\\/\\\/turijnmagazijn.nl\\\/wp-content\\\/uploads\\\/2023\\\/03\\\/DN00100134-Boekensteun-halve-velg-Fiat-Stilo-Selespeed-model-sportvelg-3-800x600-1.jpeg\",\"contentUrl\":\"https:\\\/\\\/turijnmagazijn.nl\\\/wp-content\\\/uploads\\\/2023\\\/03\\\/DN00100134-Boekensteun-halve-velg-Fiat-Stilo-Selespeed-model-sportvelg-3-800x600-1.jpeg\",\"width\":800,\"height\":600},{\"@type\":\"BreadcrumbList\",\"@id\":\"https:\\\/\\\/turijnmagazijn.nl\\\/de\\\/produkt\\\/buchstutze-halbfelge-fiat-stilo-selespeed-modell-sportfelge\\\/#breadcrumb\",\"itemListElement\":[{\"@type\":\"ListItem\",\"position\":1,\"name\":\"Home\",\"item\":\"https:\\\/\\\/turijnmagazijn.nl\\\/de\\\/\"},{\"@type\":\"ListItem\",\"position\":2,\"name\":\"Produkte\",\"item\":\"https:\\\/\\\/turijnmagazijn.nl\\\/de\\\/shop\\\/\"},{\"@type\":\"ListItem\",\"position\":3,\"name\":\"Buchst\u00fctze Halbfelge Fiat Stilo Selespeed Modell Sportfelge\"}]},{\"@type\":\"WebSite\",\"@id\":\"https:\\\/\\\/turijnmagazijn.jumpstone-dev.nl\\\/#website\",\"url\":\"https:\\\/\\\/turijnmagazijn.jumpstone-dev.nl\\\/\",\"name\":\"Turijnmagazijn\",\"description\":\"Onderdelen nieuw en gebruikt - Fiat &amp; Lancia\",\"publisher\":{\"@id\":\"https:\\\/\\\/turijnmagazijn.jumpstone-dev.nl\\\/#organization\"},\"potentialAction\":[{\"@type\":\"SearchAction\",\"target\":{\"@type\":\"EntryPoint\",\"urlTemplate\":\"https:\\\/\\\/turijnmagazijn.jumpstone-dev.nl\\\/?s={search_term_string}\"},\"query-input\":{\"@type\":\"PropertyValueSpecification\",\"valueRequired\":true,\"valueName\":\"search_term_string\"}}],\"inLanguage\":\"de\"},{\"@type\":\"Organization\",\"@id\":\"https:\\\/\\\/turijnmagazijn.jumpstone-dev.nl\\\/#organization\",\"name\":\"Turijnmagazijn\",\"url\":\"https:\\\/\\\/turijnmagazijn.jumpstone-dev.nl\\\/\",\"logo\":{\"@type\":\"ImageObject\",\"inLanguage\":\"de\",\"@id\":\"https:\\\/\\\/turijnmagazijn.jumpstone-dev.nl\\\/#\\\/schema\\\/logo\\\/image\\\/\",\"url\":\"https:\\\/\\\/turijnmagazijn.nl\\\/wp-content\\\/uploads\\\/2021\\\/02\\\/turijnmagazijnlogo.png\",\"contentUrl\":\"https:\\\/\\\/turijnmagazijn.nl\\\/wp-content\\\/uploads\\\/2021\\\/02\\\/turijnmagazijnlogo.png\",\"width\":555,\"height\":270,\"caption\":\"Turijnmagazijn\"},\"image\":{\"@id\":\"https:\\\/\\\/turijnmagazijn.jumpstone-dev.nl\\\/#\\\/schema\\\/logo\\\/image\\\/\"},\"sameAs\":[\"https:\\\/\\\/www.facebook.com\\\/turijnmagazijn\"]}]}<\/script>\n<!-- \/ Yoast SEO plugin. -->","yoast_head_json":{"title":"Buchst\u00fctze Halbfelge Fiat Stilo Selespeed Modell Sportfelge - Turijnmagazijn","robots":{"index":"index","follow":"follow","max-snippet":"max-snippet:-1","max-image-preview":"max-image-preview:large","max-video-preview":"max-video-preview:-1"},"canonical":"https:\/\/turijnmagazijn.nl\/de\/produkt\/buchstutze-halbfelge-fiat-stilo-selespeed-modell-sportfelge\/","og_locale":"de_DE","og_type":"article","og_title":"Buchst\u00fctze Halbfelge Fiat Stilo Selespeed Modell Sportfelge - Turijnmagazijn","og_description":"Buchst\u00fctze Halbfelge Fiat Stilo Selespeed Modell Sportfelge - 2 Viertel Teile einer gebrauchten Fiat Stilo Abarth 17 Zoll Sportfelge, die Option Felge, die auch Selespeed Felge genannt wird.","og_url":"https:\/\/turijnmagazijn.nl\/de\/produkt\/buchstutze-halbfelge-fiat-stilo-selespeed-modell-sportfelge\/","og_site_name":"Turijnmagazijn","article_publisher":"https:\/\/www.facebook.com\/turijnmagazijn","article_modified_time":"2023-07-27T10:37:09+00:00","og_image":[{"width":800,"height":600,"url":"https:\/\/turijnmagazijn.nl\/wp-content\/uploads\/2023\/03\/DN00100134-Boekensteun-halve-velg-Fiat-Stilo-Selespeed-model-sportvelg-3-800x600-1.jpeg","type":"image\/jpeg"}],"twitter_card":"summary_large_image","twitter_misc":{"Gesch\u00e4tzte Lesezeit":"1\u00a0Minute"},"schema":{"@context":"https:\/\/schema.org","@graph":[{"@type":"WebPage","@id":"https:\/\/turijnmagazijn.nl\/de\/produkt\/buchstutze-halbfelge-fiat-stilo-selespeed-modell-sportfelge\/","url":"https:\/\/turijnmagazijn.nl\/de\/produkt\/buchstutze-halbfelge-fiat-stilo-selespeed-modell-sportfelge\/","name":"Buchst\u00fctze Halbfelge Fiat Stilo Selespeed Modell Sportfelge - Turijnmagazijn","isPartOf":{"@id":"https:\/\/turijnmagazijn.jumpstone-dev.nl\/#website"},"primaryImageOfPage":{"@id":"https:\/\/turijnmagazijn.nl\/de\/produkt\/buchstutze-halbfelge-fiat-stilo-selespeed-modell-sportfelge\/#primaryimage"},"image":{"@id":"https:\/\/turijnmagazijn.nl\/de\/produkt\/buchstutze-halbfelge-fiat-stilo-selespeed-modell-sportfelge\/#primaryimage"},"thumbnailUrl":"https:\/\/turijnmagazijn.nl\/wp-content\/uploads\/2023\/03\/DN00100134-Boekensteun-halve-velg-Fiat-Stilo-Selespeed-model-sportvelg-3-800x600-1.jpeg","datePublished":"2023-03-03T08:50:14+00:00","dateModified":"2023-07-27T10:37:09+00:00","breadcrumb":{"@id":"https:\/\/turijnmagazijn.nl\/de\/produkt\/buchstutze-halbfelge-fiat-stilo-selespeed-modell-sportfelge\/#breadcrumb"},"inLanguage":"de","potentialAction":[{"@type":"ReadAction","target":["https:\/\/turijnmagazijn.nl\/de\/produkt\/buchstutze-halbfelge-fiat-stilo-selespeed-modell-sportfelge\/"]}]},{"@type":"ImageObject","inLanguage":"de","@id":"https:\/\/turijnmagazijn.nl\/de\/produkt\/buchstutze-halbfelge-fiat-stilo-selespeed-modell-sportfelge\/#primaryimage","url":"https:\/\/turijnmagazijn.nl\/wp-content\/uploads\/2023\/03\/DN00100134-Boekensteun-halve-velg-Fiat-Stilo-Selespeed-model-sportvelg-3-800x600-1.jpeg","contentUrl":"https:\/\/turijnmagazijn.nl\/wp-content\/uploads\/2023\/03\/DN00100134-Boekensteun-halve-velg-Fiat-Stilo-Selespeed-model-sportvelg-3-800x600-1.jpeg","width":800,"height":600},{"@type":"BreadcrumbList","@id":"https:\/\/turijnmagazijn.nl\/de\/produkt\/buchstutze-halbfelge-fiat-stilo-selespeed-modell-sportfelge\/#breadcrumb","itemListElement":[{"@type":"ListItem","position":1,"name":"Home","item":"https:\/\/turijnmagazijn.nl\/de\/"},{"@type":"ListItem","position":2,"name":"Produkte","item":"https:\/\/turijnmagazijn.nl\/de\/shop\/"},{"@type":"ListItem","position":3,"name":"Buchst\u00fctze Halbfelge Fiat Stilo Selespeed Modell Sportfelge"}]},{"@type":"WebSite","@id":"https:\/\/turijnmagazijn.jumpstone-dev.nl\/#website","url":"https:\/\/turijnmagazijn.jumpstone-dev.nl\/","name":"Turijnmagazijn","description":"Onderdelen nieuw en gebruikt - Fiat &amp; Lancia","publisher":{"@id":"https:\/\/turijnmagazijn.jumpstone-dev.nl\/#organization"},"potentialAction":[{"@type":"SearchAction","target":{"@type":"EntryPoint","urlTemplate":"https:\/\/turijnmagazijn.jumpstone-dev.nl\/?s={search_term_string}"},"query-input":{"@type":"PropertyValueSpecification","valueRequired":true,"valueName":"search_term_string"}}],"inLanguage":"de"},{"@type":"Organization","@id":"https:\/\/turijnmagazijn.jumpstone-dev.nl\/#organization","name":"Turijnmagazijn","url":"https:\/\/turijnmagazijn.jumpstone-dev.nl\/","logo":{"@type":"ImageObject","inLanguage":"de","@id":"https:\/\/turijnmagazijn.jumpstone-dev.nl\/#\/schema\/logo\/image\/","url":"https:\/\/turijnmagazijn.nl\/wp-content\/uploads\/2021\/02\/turijnmagazijnlogo.png","contentUrl":"https:\/\/turijnmagazijn.nl\/wp-content\/uploads\/2021\/02\/turijnmagazijnlogo.png","width":555,"height":270,"caption":"Turijnmagazijn"},"image":{"@id":"https:\/\/turijnmagazijn.jumpstone-dev.nl\/#\/schema\/logo\/image\/"},"sameAs":["https:\/\/www.facebook.com\/turijnmagazijn"]}]}},"_links":{"self":[{"href":"https:\/\/turijnmagazijn.nl\/de\/wp-json\/wp\/v2\/product\/65893","targetHints":{"allow":["GET"]}}],"collection":[{"href":"https:\/\/turijnmagazijn.nl\/de\/wp-json\/wp\/v2\/product"}],"about":[{"href":"https:\/\/turijnmagazijn.nl\/de\/wp-json\/wp\/v2\/types\/product"}],"replies":[{"embeddable":true,"href":"https:\/\/turijnmagazijn.nl\/de\/wp-json\/wp\/v2\/comments?post=65893"}],"wp:featuredmedia":[{"embeddable":true,"href":"https:\/\/turijnmagazijn.nl\/de\/wp-json\/wp\/v2\/media\/52965"}],"wp:attachment":[{"href":"https:\/\/turijnmagazijn.nl\/de\/wp-json\/wp\/v2\/media?parent=65893"}],"wp:term":[{"taxonomy":"product_brand","embeddable":true,"href":"https:\/\/turijnmagazijn.nl\/de\/wp-json\/wp\/v2\/product_brand?post=65893"},{"taxonomy":"product_cat","embeddable":true,"href":"https:\/\/turijnmagazijn.nl\/de\/wp-json\/wp\/v2\/product_cat?post=65893"},{"taxonomy":"product_tag","embeddable":true,"href":"https:\/\/turijnmagazijn.nl\/de\/wp-json\/wp\/v2\/product_tag?post=65893"}],"curies":[{"name":"wp","href":"https:\/\/api.w.org\/{rel}","templated":true}]}}