{"id":65907,"date":"2023-03-03T08:50:35","date_gmt":"2023-03-03T07:50:35","guid":{"rendered":"https:\/\/turijnmagazijn.nl\/product\/clip-set-lr-fuer-hutablage-alfa-romeo-brera\/"},"modified":"2026-01-25T17:10:09","modified_gmt":"2026-01-25T16:10:09","slug":"clip-set-lr-fur-hut-regal-alfa-romeo-brera","status":"publish","type":"product","link":"https:\/\/turijnmagazijn.nl\/de\/produkt\/clip-set-lr-fur-hut-regal-alfa-romeo-brera\/","title":{"rendered":"Clip SET L+R f\u00fcr Hutablage Alfa Romeo Brera"},"content":{"rendered":"<p><a style=\"background-color: #ffffff; color: #23527c; outline: 0px;\" href=\"https:\/\/turijnmagazijn.nl\/de\/postfachversand\/\" target=\"\" rel=\"noopener\"><img decoding=\"async\" src=\"https:\/\/www.delenkorf.nl\/image\/catalog\/brievenbus.png\"><\/a><span style=\"font-size: 12px;\"><br \/>\n<\/span><\/p>\n<p><span style=\"font-size: 12px;\">Set mit 2 neuen Imitationsclips zur Befestigung der Hutablage f\u00fcr Alfa Romeo Brera.  <\/span><\/p>\n<p><span style=\"font-size: 12px;\">Diese Clips brechen oft und sorgen dann daf\u00fcr, dass sich die Hutablage beim \u00d6ffnen der Heckklappe nicht mehr sauber nach oben bewegt.<\/span><\/p>\n<p><span style=\"font-size: 12px;\">Sie sind sehr einfach selbst zu ersetzen.<\/span><\/p>\n<p><span style=\"font-size: 12px;\">Achten Sie genau auf den Unterschied zwischen links und rechts, es handelt sich um zwei verschiedene Versionen, f\u00fcr Ihre Bequemlichkeit haben wir die linken Exemplare mit einer wei\u00dfen Markierung auf der konkaven Seite der \u201ePyramide\u201c versehen.<\/span><\/p>\n<p><span style=\"font-size: 12px;\"> <\/span><\/p>\n<p><span style=\"font-size: 12px; font-weight: bold;\">Direkt ab Lager in den Niederlanden verf\u00fcgbar, in wenigen Tagen geliefert.<\/span><\/p>\n<p><span style=\"font-size: 12px; font-weight: bold;\">Verwenden Sie bei Bedarf die Option des Briefkastenversands, siehe Schaltfl\u00e4che oben f\u00fcr weitere Informationen, wie Sie dies arrangieren k\u00f6nnen.<\/span><\/p>\n<p>&nbsp;<\/p>\n<p>Set OEM no Alfa Romeo 71749827<\/p>\n<div><\/div>\n<p><span style=\"font-size: 12px;\">(Referenznummer, betrifft ein nachgeahmtes Teil nach den gleichen Spezifikationen, sind 1 zu 1 austauschbar)<\/span><\/p>\n","protected":false},"excerpt":{"rendered":"<p>Clip SET L+R f\u00fcr Hutablage Alfa Romeo Brera &#8211; Set mit 2 neuen Clip-Nachahmungen zur Befestigung der Hutablage f\u00fcr Alfa Romeo Brera.<\/p>\n","protected":false},"featured_media":53009,"comment_status":"closed","ping_status":"closed","template":"","meta":{"_acf_changed":false},"product_brand":[],"product_cat":[1584,1642],"product_tag":[],"class_list":{"0":"post-65907","1":"product","2":"type-product","3":"status-publish","4":"has-post-thumbnail","6":"product_cat-alfa-romeo-de","7":"product_cat-brera-939-de","8":"pa_soort-onderdeel-interieur-und-polsterung","10":"first","11":"outofstock","12":"taxable","13":"shipping-taxable","14":"purchasable","15":"product-type-simple"},"acf":[],"yoast_head":"<!-- This site is optimized with the Yoast SEO plugin v27.3 - https:\/\/yoast.com\/product\/yoast-seo-wordpress\/ -->\n<title>Clip SET L+R f\u00fcr Hutablage Alfa Romeo Brera - Turijnmagazijn<\/title>\n<meta name=\"robots\" content=\"index, follow, max-snippet:-1, max-image-preview:large, max-video-preview:-1\" \/>\n<link rel=\"canonical\" href=\"https:\/\/turijnmagazijn.nl\/de\/produkt\/clip-set-lr-fur-hut-regal-alfa-romeo-brera\/\" \/>\n<meta property=\"og:locale\" content=\"de_DE\" \/>\n<meta property=\"og:type\" content=\"article\" \/>\n<meta property=\"og:title\" content=\"Clip SET L+R f\u00fcr Hutablage Alfa Romeo Brera - Turijnmagazijn\" \/>\n<meta property=\"og:description\" content=\"Clip SET L+R f\u00fcr Hutablage Alfa Romeo Brera - Set mit 2 neuen Clip-Nachahmungen zur Befestigung der Hutablage f\u00fcr Alfa Romeo Brera.\" \/>\n<meta property=\"og:url\" content=\"https:\/\/turijnmagazijn.nl\/de\/produkt\/clip-set-lr-fur-hut-regal-alfa-romeo-brera\/\" \/>\n<meta property=\"og:site_name\" content=\"Turijnmagazijn\" \/>\n<meta property=\"article:publisher\" content=\"https:\/\/www.facebook.com\/turijnmagazijn\" \/>\n<meta property=\"article:modified_time\" content=\"2026-01-25T16:10:09+00:00\" \/>\n<meta property=\"og:image\" content=\"https:\/\/turijnmagazijn.nl\/wp-content\/uploads\/2023\/03\/DN00100123-Clip-SET-LR-voor-hoedenplank-Fiat-Stilo-Grande-Punto-5.jpg\" \/>\n\t<meta property=\"og:image:width\" content=\"1024\" \/>\n\t<meta property=\"og:image:height\" content=\"768\" \/>\n\t<meta property=\"og:image:type\" content=\"image\/jpeg\" \/>\n<meta name=\"twitter:card\" content=\"summary_large_image\" \/>\n<meta name=\"twitter:label1\" content=\"Gesch\u00e4tzte Lesezeit\" \/>\n\t<meta name=\"twitter:data1\" content=\"1\u00a0Minute\" \/>\n<script type=\"application\/ld+json\" class=\"yoast-schema-graph\">{\"@context\":\"https:\\\/\\\/schema.org\",\"@graph\":[{\"@type\":\"WebPage\",\"@id\":\"https:\\\/\\\/turijnmagazijn.nl\\\/de\\\/produkt\\\/clip-set-lr-fur-hut-regal-alfa-romeo-brera\\\/\",\"url\":\"https:\\\/\\\/turijnmagazijn.nl\\\/de\\\/produkt\\\/clip-set-lr-fur-hut-regal-alfa-romeo-brera\\\/\",\"name\":\"Clip SET L+R f\u00fcr Hutablage Alfa Romeo Brera - Turijnmagazijn\",\"isPartOf\":{\"@id\":\"https:\\\/\\\/turijnmagazijn.jumpstone-dev.nl\\\/#website\"},\"primaryImageOfPage\":{\"@id\":\"https:\\\/\\\/turijnmagazijn.nl\\\/de\\\/produkt\\\/clip-set-lr-fur-hut-regal-alfa-romeo-brera\\\/#primaryimage\"},\"image\":{\"@id\":\"https:\\\/\\\/turijnmagazijn.nl\\\/de\\\/produkt\\\/clip-set-lr-fur-hut-regal-alfa-romeo-brera\\\/#primaryimage\"},\"thumbnailUrl\":\"https:\\\/\\\/turijnmagazijn.nl\\\/wp-content\\\/uploads\\\/2023\\\/03\\\/DN00100123-Clip-SET-LR-voor-hoedenplank-Fiat-Stilo-Grande-Punto-5.jpg\",\"datePublished\":\"2023-03-03T07:50:35+00:00\",\"dateModified\":\"2026-01-25T16:10:09+00:00\",\"breadcrumb\":{\"@id\":\"https:\\\/\\\/turijnmagazijn.nl\\\/de\\\/produkt\\\/clip-set-lr-fur-hut-regal-alfa-romeo-brera\\\/#breadcrumb\"},\"inLanguage\":\"de\",\"potentialAction\":[{\"@type\":\"ReadAction\",\"target\":[\"https:\\\/\\\/turijnmagazijn.nl\\\/de\\\/produkt\\\/clip-set-lr-fur-hut-regal-alfa-romeo-brera\\\/\"]}]},{\"@type\":\"ImageObject\",\"inLanguage\":\"de\",\"@id\":\"https:\\\/\\\/turijnmagazijn.nl\\\/de\\\/produkt\\\/clip-set-lr-fur-hut-regal-alfa-romeo-brera\\\/#primaryimage\",\"url\":\"https:\\\/\\\/turijnmagazijn.nl\\\/wp-content\\\/uploads\\\/2023\\\/03\\\/DN00100123-Clip-SET-LR-voor-hoedenplank-Fiat-Stilo-Grande-Punto-5.jpg\",\"contentUrl\":\"https:\\\/\\\/turijnmagazijn.nl\\\/wp-content\\\/uploads\\\/2023\\\/03\\\/DN00100123-Clip-SET-LR-voor-hoedenplank-Fiat-Stilo-Grande-Punto-5.jpg\",\"width\":1024,\"height\":768},{\"@type\":\"BreadcrumbList\",\"@id\":\"https:\\\/\\\/turijnmagazijn.nl\\\/de\\\/produkt\\\/clip-set-lr-fur-hut-regal-alfa-romeo-brera\\\/#breadcrumb\",\"itemListElement\":[{\"@type\":\"ListItem\",\"position\":1,\"name\":\"Home\",\"item\":\"https:\\\/\\\/turijnmagazijn.nl\\\/de\\\/\"},{\"@type\":\"ListItem\",\"position\":2,\"name\":\"Produkte\",\"item\":\"https:\\\/\\\/turijnmagazijn.nl\\\/de\\\/shop\\\/\"},{\"@type\":\"ListItem\",\"position\":3,\"name\":\"Clip SET L+R f\u00fcr Hutablage Alfa Romeo Brera\"}]},{\"@type\":\"WebSite\",\"@id\":\"https:\\\/\\\/turijnmagazijn.jumpstone-dev.nl\\\/#website\",\"url\":\"https:\\\/\\\/turijnmagazijn.jumpstone-dev.nl\\\/\",\"name\":\"Turijnmagazijn\",\"description\":\"Onderdelen nieuw en gebruikt - Fiat &amp; Lancia\",\"publisher\":{\"@id\":\"https:\\\/\\\/turijnmagazijn.jumpstone-dev.nl\\\/#organization\"},\"potentialAction\":[{\"@type\":\"SearchAction\",\"target\":{\"@type\":\"EntryPoint\",\"urlTemplate\":\"https:\\\/\\\/turijnmagazijn.jumpstone-dev.nl\\\/?s={search_term_string}\"},\"query-input\":{\"@type\":\"PropertyValueSpecification\",\"valueRequired\":true,\"valueName\":\"search_term_string\"}}],\"inLanguage\":\"de\"},{\"@type\":\"Organization\",\"@id\":\"https:\\\/\\\/turijnmagazijn.jumpstone-dev.nl\\\/#organization\",\"name\":\"Turijnmagazijn\",\"url\":\"https:\\\/\\\/turijnmagazijn.jumpstone-dev.nl\\\/\",\"logo\":{\"@type\":\"ImageObject\",\"inLanguage\":\"de\",\"@id\":\"https:\\\/\\\/turijnmagazijn.jumpstone-dev.nl\\\/#\\\/schema\\\/logo\\\/image\\\/\",\"url\":\"https:\\\/\\\/turijnmagazijn.nl\\\/wp-content\\\/uploads\\\/2021\\\/02\\\/turijnmagazijnlogo.png\",\"contentUrl\":\"https:\\\/\\\/turijnmagazijn.nl\\\/wp-content\\\/uploads\\\/2021\\\/02\\\/turijnmagazijnlogo.png\",\"width\":555,\"height\":270,\"caption\":\"Turijnmagazijn\"},\"image\":{\"@id\":\"https:\\\/\\\/turijnmagazijn.jumpstone-dev.nl\\\/#\\\/schema\\\/logo\\\/image\\\/\"},\"sameAs\":[\"https:\\\/\\\/www.facebook.com\\\/turijnmagazijn\"]}]}<\/script>\n<!-- \/ Yoast SEO plugin. -->","yoast_head_json":{"title":"Clip SET L+R f\u00fcr Hutablage Alfa Romeo Brera - Turijnmagazijn","robots":{"index":"index","follow":"follow","max-snippet":"max-snippet:-1","max-image-preview":"max-image-preview:large","max-video-preview":"max-video-preview:-1"},"canonical":"https:\/\/turijnmagazijn.nl\/de\/produkt\/clip-set-lr-fur-hut-regal-alfa-romeo-brera\/","og_locale":"de_DE","og_type":"article","og_title":"Clip SET L+R f\u00fcr Hutablage Alfa Romeo Brera - Turijnmagazijn","og_description":"Clip SET L+R f\u00fcr Hutablage Alfa Romeo Brera - Set mit 2 neuen Clip-Nachahmungen zur Befestigung der Hutablage f\u00fcr Alfa Romeo Brera.","og_url":"https:\/\/turijnmagazijn.nl\/de\/produkt\/clip-set-lr-fur-hut-regal-alfa-romeo-brera\/","og_site_name":"Turijnmagazijn","article_publisher":"https:\/\/www.facebook.com\/turijnmagazijn","article_modified_time":"2026-01-25T16:10:09+00:00","og_image":[{"width":1024,"height":768,"url":"https:\/\/turijnmagazijn.nl\/wp-content\/uploads\/2023\/03\/DN00100123-Clip-SET-LR-voor-hoedenplank-Fiat-Stilo-Grande-Punto-5.jpg","type":"image\/jpeg"}],"twitter_card":"summary_large_image","twitter_misc":{"Gesch\u00e4tzte Lesezeit":"1\u00a0Minute"},"schema":{"@context":"https:\/\/schema.org","@graph":[{"@type":"WebPage","@id":"https:\/\/turijnmagazijn.nl\/de\/produkt\/clip-set-lr-fur-hut-regal-alfa-romeo-brera\/","url":"https:\/\/turijnmagazijn.nl\/de\/produkt\/clip-set-lr-fur-hut-regal-alfa-romeo-brera\/","name":"Clip SET L+R f\u00fcr Hutablage Alfa Romeo Brera - Turijnmagazijn","isPartOf":{"@id":"https:\/\/turijnmagazijn.jumpstone-dev.nl\/#website"},"primaryImageOfPage":{"@id":"https:\/\/turijnmagazijn.nl\/de\/produkt\/clip-set-lr-fur-hut-regal-alfa-romeo-brera\/#primaryimage"},"image":{"@id":"https:\/\/turijnmagazijn.nl\/de\/produkt\/clip-set-lr-fur-hut-regal-alfa-romeo-brera\/#primaryimage"},"thumbnailUrl":"https:\/\/turijnmagazijn.nl\/wp-content\/uploads\/2023\/03\/DN00100123-Clip-SET-LR-voor-hoedenplank-Fiat-Stilo-Grande-Punto-5.jpg","datePublished":"2023-03-03T07:50:35+00:00","dateModified":"2026-01-25T16:10:09+00:00","breadcrumb":{"@id":"https:\/\/turijnmagazijn.nl\/de\/produkt\/clip-set-lr-fur-hut-regal-alfa-romeo-brera\/#breadcrumb"},"inLanguage":"de","potentialAction":[{"@type":"ReadAction","target":["https:\/\/turijnmagazijn.nl\/de\/produkt\/clip-set-lr-fur-hut-regal-alfa-romeo-brera\/"]}]},{"@type":"ImageObject","inLanguage":"de","@id":"https:\/\/turijnmagazijn.nl\/de\/produkt\/clip-set-lr-fur-hut-regal-alfa-romeo-brera\/#primaryimage","url":"https:\/\/turijnmagazijn.nl\/wp-content\/uploads\/2023\/03\/DN00100123-Clip-SET-LR-voor-hoedenplank-Fiat-Stilo-Grande-Punto-5.jpg","contentUrl":"https:\/\/turijnmagazijn.nl\/wp-content\/uploads\/2023\/03\/DN00100123-Clip-SET-LR-voor-hoedenplank-Fiat-Stilo-Grande-Punto-5.jpg","width":1024,"height":768},{"@type":"BreadcrumbList","@id":"https:\/\/turijnmagazijn.nl\/de\/produkt\/clip-set-lr-fur-hut-regal-alfa-romeo-brera\/#breadcrumb","itemListElement":[{"@type":"ListItem","position":1,"name":"Home","item":"https:\/\/turijnmagazijn.nl\/de\/"},{"@type":"ListItem","position":2,"name":"Produkte","item":"https:\/\/turijnmagazijn.nl\/de\/shop\/"},{"@type":"ListItem","position":3,"name":"Clip SET L+R f\u00fcr Hutablage Alfa Romeo Brera"}]},{"@type":"WebSite","@id":"https:\/\/turijnmagazijn.jumpstone-dev.nl\/#website","url":"https:\/\/turijnmagazijn.jumpstone-dev.nl\/","name":"Turijnmagazijn","description":"Onderdelen nieuw en gebruikt - Fiat &amp; Lancia","publisher":{"@id":"https:\/\/turijnmagazijn.jumpstone-dev.nl\/#organization"},"potentialAction":[{"@type":"SearchAction","target":{"@type":"EntryPoint","urlTemplate":"https:\/\/turijnmagazijn.jumpstone-dev.nl\/?s={search_term_string}"},"query-input":{"@type":"PropertyValueSpecification","valueRequired":true,"valueName":"search_term_string"}}],"inLanguage":"de"},{"@type":"Organization","@id":"https:\/\/turijnmagazijn.jumpstone-dev.nl\/#organization","name":"Turijnmagazijn","url":"https:\/\/turijnmagazijn.jumpstone-dev.nl\/","logo":{"@type":"ImageObject","inLanguage":"de","@id":"https:\/\/turijnmagazijn.jumpstone-dev.nl\/#\/schema\/logo\/image\/","url":"https:\/\/turijnmagazijn.nl\/wp-content\/uploads\/2021\/02\/turijnmagazijnlogo.png","contentUrl":"https:\/\/turijnmagazijn.nl\/wp-content\/uploads\/2021\/02\/turijnmagazijnlogo.png","width":555,"height":270,"caption":"Turijnmagazijn"},"image":{"@id":"https:\/\/turijnmagazijn.jumpstone-dev.nl\/#\/schema\/logo\/image\/"},"sameAs":["https:\/\/www.facebook.com\/turijnmagazijn"]}]}},"_links":{"self":[{"href":"https:\/\/turijnmagazijn.nl\/de\/wp-json\/wp\/v2\/product\/65907","targetHints":{"allow":["GET"]}}],"collection":[{"href":"https:\/\/turijnmagazijn.nl\/de\/wp-json\/wp\/v2\/product"}],"about":[{"href":"https:\/\/turijnmagazijn.nl\/de\/wp-json\/wp\/v2\/types\/product"}],"replies":[{"embeddable":true,"href":"https:\/\/turijnmagazijn.nl\/de\/wp-json\/wp\/v2\/comments?post=65907"}],"wp:featuredmedia":[{"embeddable":true,"href":"https:\/\/turijnmagazijn.nl\/de\/wp-json\/wp\/v2\/media\/53009"}],"wp:attachment":[{"href":"https:\/\/turijnmagazijn.nl\/de\/wp-json\/wp\/v2\/media?parent=65907"}],"wp:term":[{"taxonomy":"product_brand","embeddable":true,"href":"https:\/\/turijnmagazijn.nl\/de\/wp-json\/wp\/v2\/product_brand?post=65907"},{"taxonomy":"product_cat","embeddable":true,"href":"https:\/\/turijnmagazijn.nl\/de\/wp-json\/wp\/v2\/product_cat?post=65907"},{"taxonomy":"product_tag","embeddable":true,"href":"https:\/\/turijnmagazijn.nl\/de\/wp-json\/wp\/v2\/product_tag?post=65907"}],"curies":[{"name":"wp","href":"https:\/\/api.w.org\/{rel}","templated":true}]}}