{"id":65923,"date":"2023-03-03T08:51:59","date_gmt":"2023-03-03T07:51:59","guid":{"rendered":"https:\/\/turijnmagazijn.nl\/product\/klemmstopfen-fuer-lancia-delta-integral-evo-kappa-coupe-delta-ii-alfa-155-imitation\/"},"modified":"2026-02-01T22:47:49","modified_gmt":"2026-02-01T21:47:49","slug":"clipping-list-plug-for-lancia-delta-integral-evo-kappa-coupe-delta-ii-alpha-155-imitation","status":"publish","type":"product","link":"https:\/\/turijnmagazijn.nl\/de\/produkt\/clipping-list-plug-for-lancia-delta-integral-evo-kappa-coupe-delta-ii-alpha-155-imitation\/","title":{"rendered":"Klemmstopfen f\u00fcr Lancia Delta integral EVO &#8211; Kappa Coupe &#8211; Delta II &#8211; Alfa 155 IMITATION"},"content":{"rendered":"<p>Neue Klemmleiste zum Nachahmen, die als schriller Stopfen f\u00fcr die Montage des Seitenschwellers f\u00fcr Lancia Delta Integrale EVO dient.<\/p>\n<p>Gilt auch f\u00fcr viele andere Alfa Romeo und Lancia von Fiat.<\/p>\n<p>Es ist ein kleiner l\u00e4nglicher Stecker, der in eine Aussparung von 2,5 x 10 mm passt.<\/p>\n<p>OEM<span style=\"font-weight: bold;\"> ALS REFERENZ, kein OEM-Produkt! <\/span> Lancia 82422490<\/p>\n<p>Kompatible OEM-Nummern (gleiches Produkt) <span style=\"color: #757575; font-family: Tahoma, Arial, Helvetica, sans-serif; font-size: 14px;\">82477015 46407046 60805699<\/span><\/p>\n<p>&nbsp;<\/p>\n<p>Liste der m\u00f6glichen Anwendungen:<\/p>\n<p><span style=\"font-size: 12px;\"> <\/span><\/p>\n<p><span style=\"font-size: 12px;\">FIAT &#8211; 1M BRAVA G.98 BZ\/DS (1998-2001)<\/span><\/p>\n<p><span style=\"font-size: 12px;\">FIAT &#8211; 1H BRAVO BZ\/DS (1995-1998)<\/span><\/p>\n<p><span style=\"font-size: 12px;\">FIAT &#8211; 1L BRAVO G.98 BZ\/DS (1998-2001)<\/span><\/p>\n<p><span style=\"font-size: 12px;\">FIAT &#8211; PC COUPE&#8216; (1994-1996)<\/span><\/p>\n<p><span style=\"font-size: 12px;\">FIAT &#8211; PX COUPE&#8216; GAMMA&#8217;96 (1996-2000)<\/span><\/p>\n<p><span style=\"font-size: 12px;\">FIAT &#8211; MZ CROMA CHT FL.90 (1990-1992)<\/span><\/p>\n<p><span style=\"font-size: 12px;\">FIAT &#8211; MEIN CROMA IE-IE TB. FL.90 (1990-1996)<\/span><\/p>\n<p><span style=\"font-size: 12px;\">FIAT &#8211; NQ CROMA IE. 2500 V6 (1993-1996)<\/span><\/p>\n<p><span style=\"font-size: 12px;\">FIAT &#8211; MJ CROMA TURBO DS FL.90 (1990-1996)<\/span><\/p>\n<p><span style=\"font-size: 12px;\">FIAT &#8211; XP ELBA CSL (1991-1996)<\/span><\/p>\n<p><span style=\"font-size: 12px;\">FIAT &#8211; PT MAREA BENZINA (1996-1999)<\/span><\/p>\n<p><span style=\"font-size: 12px;\">FIAT &#8211; 1Q MAREA BZ GAMMA&#8217;99 (1999-2002)<\/span><\/p>\n<p><span style=\"font-size: 12px;\">FIAT &#8211; PU MAREA DIESEL (1996-1999)<\/span><\/p>\n<p><span style=\"font-size: 12px;\">FIAT &#8211; 1R MAREA DS GAMMA&#8217;99 (1999-2002)<\/span><\/p>\n<p><span style=\"font-size: 12px;\">FIAT &#8211; 2H PALIO 2V EXTRA EUROPE REST. 2002 (2002-2011)<\/span><\/p>\n<p><span style=\"font-size: 12px;\">FIAT &#8211; 3D PALIO 2V REST.2 (2005-2011)<\/span><\/p>\n<p><span style=\"font-size: 12px;\">FIAT &#8211; 3F PALIO WOCHENENDRUHE.2 (2005-2009)<\/span><\/p>\n<p><span style=\"font-size: 12px;\">FIAT &#8211; 3K PERLA CINA (2006-2007)<\/span><\/p>\n<p><span style=\"font-size: 12px;\">FIAT &#8211; 2L SIENA EXTRA EUROPE REST.(2002-2012)<\/span><\/p>\n<p><span style=\"font-size: 12px;\">FIAT &#8211; 3. PLATZ SIENA REST.2 (2005-2011)<\/span><\/p>\n<p><span style=\"font-size: 12px;\">FIAT &#8211; MV TEMPRA 1370-Fiat, Fiat &gt; Barchetta [183],0 (1989-1993)<\/span><\/p>\n<p><span style=\"font-size: 12px;\">FIAT &#8211; FRAU TEMPRA 1750-2000 (1989-1993)<\/span><\/p>\n<p><span style=\"font-size: 12px;\">FIAT &#8211; MX TEMPRA DIESEL-TURBO D.(1989-1993)<\/span><\/p>\n<p><span style=\"font-size: 12px;\">FIAT &#8211; NY TEMPRA MAQ.93 1370-Fiat, Fiat &gt; Barchetta [183],0 (&#8217;93-&#8217;96)<\/span><\/p>\n<p><span style=\"font-size: 12px;\">FIAT &#8211; NZ TEMPRA MAQ.93 1750-2000 (&#8217;93-&#8217;96)<\/span><\/p>\n<p><span style=\"font-size: 12px;\">FIAT &#8211; NJ TEMPRA MQ.93 D-TD (1993-1996)<\/span><\/p>\n<p><span style=\"font-size: 12px;\">FIAT &#8211; ME TIPO 1100-1370-Fiat, Fiat &gt; Barchetta [183],0 (1987-1993)<\/span><\/p>\n<p><span style=\"font-size: 12px;\">FIAT &#8211; NG TIPO 1750-2000 (1990-1993)<\/span><\/p>\n<p><span style=\"font-size: 12px;\">FIAT &#8211; MF TIPO DIESEL-T.DS. (1987-1993)<\/span><\/p>\n<p><span style=\"font-size: 12px;\">FIAT &#8211; NT TIPO MAQ.93 D-TD (1993-1995)<\/span><\/p>\n<p><span style=\"font-size: 12px;\">FIAT &#8211; NS TIPO MQ.93 1370-Fiat, Fiat &gt; Barchetta [183],0 (1993-1995)<\/span><\/p>\n<p><span style=\"font-size: 12px;\">FIAT &#8211; JETZT TIPO MQ.93 1750-2000 (1993-1995)<\/span><\/p>\n<p><span style=\"font-size: 12px;\">FIAT &#8211; MP TIPO SPORT 16V IE. (1988-1993)<\/span><\/p>\n<p><span style=\"font-size: 12px;\">FIAT &#8211; ML UNO CS (1988-1990)<\/span><\/p>\n<p><span style=\"font-size: 12px;\">FIAT &#8211; MU UNO DIESEL R\/89 (1989-1995)<\/span><\/p>\n<p><span style=\"font-size: 12px;\">FIAT &#8211; 1D UNO MONDO (1995-2010)<\/span><\/p>\n<p><span style=\"font-size: 12px;\">FIAT &#8211; MS UNO R\/89 1.1-1370-1.5 (1989-1995)<\/span><\/p>\n<p><span style=\"font-size: 12px;\">FIAT &#8211; HERR UNO R\/89 900-1.0-1.1 (1989-1995)<\/span><\/p>\n<p><span style=\"font-size: 12px;\">FIAT &#8211; MT UNO TURBO R\/89 (1989-1993)<\/span><\/p>\n<p><span style=\"font-size: 12px;\">ALFA ROMEO &#8211; U1 145 BZ\/DS (1994-1996)<\/span><\/p>\n<p><span style=\"font-size: 12px;\">ALFA ROMEO &#8211; T5 145 SERIE 97 (1997-1999)<\/span><\/p>\n<p><span style=\"font-size: 12px;\">ALFA ROMEO &#8211; W3 145 M.Y. &#8217;99 (1999-2000)<\/span><\/p>\n<p><span style=\"font-size: 12px;\">ALFA ROMEO &#8211; U2 146 BZ\/DS (1995-1996)<\/span><\/p>\n<p><span style=\"font-size: 12px;\">ALFA ROMEO &#8211; T6 146 SERIE 97 (1997-1999)<\/span><\/p>\n<p><span style=\"font-size: 12px;\">ALFA ROMEO &#8211; W4 146 M.Y. &#8217;99 (1999-2000)<\/span><\/p>\n<p><span style=\"font-size: 12px;\">ALFA ROMEO &#8211; W8 147 BZ\/DS (2000-2010)<\/span><\/p>\n<p><span style=\"font-size: 12px;\">ALFA ROMEO &#8211; U5 155 ASPIRATO (1992-1996)<\/span><\/p>\n<p><span style=\"font-size: 12px;\">ALFA ROMEO &#8211; T3 155 BAUREIHE 96 BZ (1996-1997)<\/span><\/p>\n<p><span style=\"font-size: 12px;\">ALFA ROMEO &#8211; T4 155 SERIE 96 DS (1996-1997)<\/span><\/p>\n<p><span style=\"font-size: 12px;\">ALFA ROMEO &#8211; U6 155 TURBO BZ-DS (1992-1996)<\/span><\/p>\n<p><span style=\"font-size: 12px;\">ALFA ROMEO &#8211; T7 156 BENZINA (1997-2002)<\/span><\/p>\n<p><span style=\"font-size: 12px;\">ALFA ROMEO &#8211; X1 156 M.B.2002 BZ\/DS (2001-2005)<\/span><\/p>\n<p><span style=\"font-size: 12px;\">ALFA ROMEO &#8211; T8 156 TD.ID. (1997-2002)<\/span><\/p>\n<p><span style=\"font-size: 12px;\">ALFA ROMEO &#8211; W9 166 BZ-DS (1998-2007)<\/span><\/p>\n<p><span style=\"font-size: 12px;\">LANCIA &#8211; RY DEDRA BENZINA (1989-1994)<\/span><\/p>\n<p><span style=\"font-size: 12px;\">LANCIA &#8211; SL DEDRA FL.94 Fiat, Fiat &gt; Barchetta [183],0-1750 8\/16V 2000 (1994-1999)<\/span><\/p>\n<p><span style=\"font-size: 12px;\">LANCIA &#8211; SM DEDRA FL.94 1750-2.0 (1994-1999)<\/span><\/p>\n<p><span style=\"font-size: 12px;\">LANCIA &#8211; SN DEDRA FL.94 T.DS (1994-1999)<\/span><\/p>\n<p><span style=\"font-size: 12px;\">LANCIA &#8211; RJ DEDRA IE. TB. INTEGRALE (1990-1994)<\/span><\/p>\n<p><span style=\"font-size: 12px;\">LANCIA &#8211; RZ DEDRA TURBO DIESEL (1989-1994)<\/span><\/p>\n<p><span style=\"font-size: 12px;\">LANCIA &#8211; SA DELTA EVOLUZIONE (1991-1994)<\/span><\/p>\n<p><span style=\"font-size: 12px;\">LANCIA &#8211; SV KAPPA COUPE&#8216; (1997-2001)<\/span><\/p>\n<p><span style=\"font-size: 12px;\">LANCIA &#8211; SF N.DELTA 1400-Alfa Romeo, Alfa Romeo &gt; Alfetta [116],0-1800(1993-1999)<\/span><\/p>\n<p><span style=\"font-size: 12px;\">LANCIA &#8211; SG N.DELTA 2.0 -1750 132CV (&#8217;93-&#8217;99)<\/span><\/p>\n<p><span style=\"font-size: 12px;\">LANCIA &#8211; SQ N.DELTA TB\/DS (1994-1999)<\/span><\/p>\n<p><span style=\"font-size: 12px;\">LANCIA &#8211; SD THEME 3.0 V6 FL.92 (1992-1994)<\/span><\/p>\n<p><span style=\"font-size: 12px;\">LANCIA &#8211; SZ THEME BZ\/DS R.88 (1988-1992)<\/span><\/p>\n<p><span style=\"font-size: 12px;\">LANCIA &#8211; SE THEME I.E. 8V FL.92 (1992-1994)<\/span><\/p>\n<p><span style=\"font-size: 12px;\">LANCIA &#8211; SB THEME IE. 16V FL.92 (1992-1994)<\/span><\/p>\n<p><span style=\"font-size: 12px;\">LANCIA &#8211; SC THEME TURBO DS FL.92 (1992-1994)<\/span><\/p>\n<p><span style=\"font-size: 12px;\">FIAT PROFESSIONAL &#8211; 1W DOBLO (2000-2004)<\/span><\/p>\n<p><span style=\"font-size: 12px;\">FIAT PROFESSIONAL &#8211; 2W DOBLO MY. 2004 (2004-2005)<\/span><\/p>\n<p><span style=\"font-size: 12px;\">FIAT PROFESSIONAL &#8211; 3C DOBLO REST. 2005 (2005-&#8230;.)<\/span><\/p>\n<p><span style=\"font-size: 12px;\">FIAT PROFESSIONAL &#8211; PD DUCATO &#8217;94 BENZINA (1994-2002)<\/span><\/p>\n<p><span style=\"font-size: 12px;\">FIAT PROFESSIONAL &#8211; 2. DUKATO-RESTYL. BZ\/DS (2001-2006)<\/span><\/p>\n<p><span style=\"font-size: 12px;\">FIAT PROFESSIONAL &#8211; 3T DUCATO RUSSLAND 2008 (2008-2011)<\/span><\/p>\n<p><span style=\"font-size: 12px;\">FIAT PROFESSIONAL &#8211; PE DUCATO&#8217;94 DIESEL (1994-2002)<\/span><\/p>\n<p><span style=\"font-size: 12px;\">FIAT PROFESSIONAL &#8211; 2M FIORINO (1991-1993)<\/span><\/p>\n<p><span style=\"font-size: 12px;\">FIAT PROFESSIONAL &#8211; 3A FIORINO EXPORT (2004-2008)<\/span><\/p>\n<p><span style=\"font-size: 12px;\">FIAT PROFESSIONAL &#8211; 2N FIORINO RL (1993-2000)<\/span><\/p>\n<p><span style=\"font-size: 12px;\">FIAT PROFESSIONAL &#8211; 3V NUOVO DOBLO 2009 (2009-&#8230;.)<\/span><\/p>\n<p><span style=\"font-size: 12px;\">FIAT PROFESSIONAL &#8211; 3N NUOVO FIORINO-QUBO (2007-&#8230;.)<\/span><\/p>\n","protected":false},"excerpt":{"rendered":"<p>Klemmleistenstecker f\u00fcr Lancia Delta integral EVO &#8211; Kappa Coupe &#8211; Delta II &#8211; Alfa 155 &#8211; Neue originale Klemmleiste, die als schriller Stopfen f\u00fcr die Montage des Seitenschwellers f\u00fcr Lancia Delta Integrale EVO dient. Klemmleistenstecker f\u00fcr Lancia Delta integra<\/p>\n","protected":false},"featured_media":53233,"comment_status":"closed","ping_status":"closed","template":"","meta":{"_acf_changed":false},"product_brand":[],"product_cat":[1616,1651,1584,1867,1717,1803,1807,1844,1689,1834,1829,1839,1859,1797,1734,1869,1777,1894,1784,1785],"product_tag":[],"class_list":{"0":"post-65923","1":"product","2":"type-product","3":"status-publish","4":"has-post-thumbnail","6":"product_cat-156-932-de","7":"product_cat-166-936-de","8":"product_cat-alfa-romeo-de","9":"product_cat-coupe-de","10":"product_cat-coupe-175-de","11":"product_cat-dedra-835-de","12":"product_cat-delta-1-831-de","13":"product_cat-delta-2-836-de","14":"product_cat-fiat-de","15":"product_cat-integrale-16v-de","16":"product_cat-integrale-8v-de","17":"product_cat-integrale-evo-de","18":"product_cat-kappa-838-de","19":"product_cat-lancia-de","20":"product_cat-marea-185-de","21":"product_cat-sw-de","22":"product_cat-tempra-159-de","23":"product_cat-thema-834-de","24":"product_cat-tipo-1-160-de","25":"product_cat-uno-1-146-de","26":"pa_soort-onderdeel-dashboard-und-schalter","28":"first","29":"instock","30":"taxable","31":"shipping-taxable","32":"purchasable","33":"product-type-simple"},"acf":[],"yoast_head":"<!-- This site is optimized with the Yoast SEO plugin v27.3 - https:\/\/yoast.com\/product\/yoast-seo-wordpress\/ -->\n<title>Klemmstopfen f\u00fcr Lancia Delta integral EVO - Kappa Coupe - Delta II - Alfa 155 IMITATION - Turijnmagazijn<\/title>\n<meta name=\"robots\" content=\"index, follow, max-snippet:-1, max-image-preview:large, max-video-preview:-1\" \/>\n<link rel=\"canonical\" href=\"https:\/\/turijnmagazijn.nl\/de\/produkt\/clipping-list-plug-for-lancia-delta-integral-evo-kappa-coupe-delta-ii-alpha-155-imitation\/\" \/>\n<meta property=\"og:locale\" content=\"de_DE\" \/>\n<meta property=\"og:type\" content=\"article\" \/>\n<meta property=\"og:title\" content=\"Klemmstopfen f\u00fcr Lancia Delta integral EVO - Kappa Coupe - Delta II - Alfa 155 IMITATION - Turijnmagazijn\" \/>\n<meta property=\"og:description\" content=\"Klemmleistenstecker f\u00fcr Lancia Delta integral EVO - Kappa Coupe - Delta II - Alfa 155 - Neue originale Klemmleiste, die als schriller Stopfen f\u00fcr die Montage des Seitenschwellers f\u00fcr Lancia Delta Integrale EVO dient. Klemmleistenstecker f\u00fcr Lancia Delta integra\" \/>\n<meta property=\"og:url\" content=\"https:\/\/turijnmagazijn.nl\/de\/produkt\/clipping-list-plug-for-lancia-delta-integral-evo-kappa-coupe-delta-ii-alpha-155-imitation\/\" \/>\n<meta property=\"og:site_name\" content=\"Turijnmagazijn\" \/>\n<meta property=\"article:publisher\" content=\"https:\/\/www.facebook.com\/turijnmagazijn\" \/>\n<meta property=\"article:modified_time\" content=\"2026-02-01T21:47:49+00:00\" \/>\n<meta property=\"og:image\" content=\"https:\/\/turijnmagazijn.nl\/wp-content\/uploads\/2023\/03\/DS00109905-Klemlijst-plug-voor-Lancia-Delta-integrale-EVO-Kappa-Coupe-Delta-II-Alfa-155-3.jpg\" \/>\n\t<meta property=\"og:image:width\" content=\"1024\" \/>\n\t<meta property=\"og:image:height\" content=\"768\" \/>\n\t<meta property=\"og:image:type\" content=\"image\/jpeg\" \/>\n<meta name=\"twitter:card\" content=\"summary_large_image\" \/>\n<meta name=\"twitter:label1\" content=\"Gesch\u00e4tzte Lesezeit\" \/>\n\t<meta name=\"twitter:data1\" content=\"3\u00a0Minuten\" \/>\n<script type=\"application\/ld+json\" class=\"yoast-schema-graph\">{\"@context\":\"https:\\\/\\\/schema.org\",\"@graph\":[{\"@type\":\"WebPage\",\"@id\":\"https:\\\/\\\/turijnmagazijn.nl\\\/de\\\/produkt\\\/clipping-list-plug-for-lancia-delta-integral-evo-kappa-coupe-delta-ii-alpha-155-imitation\\\/\",\"url\":\"https:\\\/\\\/turijnmagazijn.nl\\\/de\\\/produkt\\\/clipping-list-plug-for-lancia-delta-integral-evo-kappa-coupe-delta-ii-alpha-155-imitation\\\/\",\"name\":\"Klemmstopfen f\u00fcr Lancia Delta integral EVO - Kappa Coupe - Delta II - Alfa 155 IMITATION - Turijnmagazijn\",\"isPartOf\":{\"@id\":\"https:\\\/\\\/turijnmagazijn.jumpstone-dev.nl\\\/#website\"},\"primaryImageOfPage\":{\"@id\":\"https:\\\/\\\/turijnmagazijn.nl\\\/de\\\/produkt\\\/clipping-list-plug-for-lancia-delta-integral-evo-kappa-coupe-delta-ii-alpha-155-imitation\\\/#primaryimage\"},\"image\":{\"@id\":\"https:\\\/\\\/turijnmagazijn.nl\\\/de\\\/produkt\\\/clipping-list-plug-for-lancia-delta-integral-evo-kappa-coupe-delta-ii-alpha-155-imitation\\\/#primaryimage\"},\"thumbnailUrl\":\"https:\\\/\\\/turijnmagazijn.nl\\\/wp-content\\\/uploads\\\/2023\\\/03\\\/DS00109905-Klemlijst-plug-voor-Lancia-Delta-integrale-EVO-Kappa-Coupe-Delta-II-Alfa-155-3.jpg\",\"datePublished\":\"2023-03-03T07:51:59+00:00\",\"dateModified\":\"2026-02-01T21:47:49+00:00\",\"breadcrumb\":{\"@id\":\"https:\\\/\\\/turijnmagazijn.nl\\\/de\\\/produkt\\\/clipping-list-plug-for-lancia-delta-integral-evo-kappa-coupe-delta-ii-alpha-155-imitation\\\/#breadcrumb\"},\"inLanguage\":\"de\",\"potentialAction\":[{\"@type\":\"ReadAction\",\"target\":[\"https:\\\/\\\/turijnmagazijn.nl\\\/de\\\/produkt\\\/clipping-list-plug-for-lancia-delta-integral-evo-kappa-coupe-delta-ii-alpha-155-imitation\\\/\"]}]},{\"@type\":\"ImageObject\",\"inLanguage\":\"de\",\"@id\":\"https:\\\/\\\/turijnmagazijn.nl\\\/de\\\/produkt\\\/clipping-list-plug-for-lancia-delta-integral-evo-kappa-coupe-delta-ii-alpha-155-imitation\\\/#primaryimage\",\"url\":\"https:\\\/\\\/turijnmagazijn.nl\\\/wp-content\\\/uploads\\\/2023\\\/03\\\/DS00109905-Klemlijst-plug-voor-Lancia-Delta-integrale-EVO-Kappa-Coupe-Delta-II-Alfa-155-3.jpg\",\"contentUrl\":\"https:\\\/\\\/turijnmagazijn.nl\\\/wp-content\\\/uploads\\\/2023\\\/03\\\/DS00109905-Klemlijst-plug-voor-Lancia-Delta-integrale-EVO-Kappa-Coupe-Delta-II-Alfa-155-3.jpg\",\"width\":1024,\"height\":768},{\"@type\":\"BreadcrumbList\",\"@id\":\"https:\\\/\\\/turijnmagazijn.nl\\\/de\\\/produkt\\\/clipping-list-plug-for-lancia-delta-integral-evo-kappa-coupe-delta-ii-alpha-155-imitation\\\/#breadcrumb\",\"itemListElement\":[{\"@type\":\"ListItem\",\"position\":1,\"name\":\"Home\",\"item\":\"https:\\\/\\\/turijnmagazijn.nl\\\/de\\\/\"},{\"@type\":\"ListItem\",\"position\":2,\"name\":\"Produkte\",\"item\":\"https:\\\/\\\/turijnmagazijn.nl\\\/de\\\/shop\\\/\"},{\"@type\":\"ListItem\",\"position\":3,\"name\":\"Klemmstopfen f\u00fcr Lancia Delta integral EVO &#8211; Kappa Coupe &#8211; Delta II &#8211; Alfa 155 IMITATION\"}]},{\"@type\":\"WebSite\",\"@id\":\"https:\\\/\\\/turijnmagazijn.jumpstone-dev.nl\\\/#website\",\"url\":\"https:\\\/\\\/turijnmagazijn.jumpstone-dev.nl\\\/\",\"name\":\"Turijnmagazijn\",\"description\":\"Onderdelen nieuw en gebruikt - Fiat &amp; Lancia\",\"publisher\":{\"@id\":\"https:\\\/\\\/turijnmagazijn.jumpstone-dev.nl\\\/#organization\"},\"potentialAction\":[{\"@type\":\"SearchAction\",\"target\":{\"@type\":\"EntryPoint\",\"urlTemplate\":\"https:\\\/\\\/turijnmagazijn.jumpstone-dev.nl\\\/?s={search_term_string}\"},\"query-input\":{\"@type\":\"PropertyValueSpecification\",\"valueRequired\":true,\"valueName\":\"search_term_string\"}}],\"inLanguage\":\"de\"},{\"@type\":\"Organization\",\"@id\":\"https:\\\/\\\/turijnmagazijn.jumpstone-dev.nl\\\/#organization\",\"name\":\"Turijnmagazijn\",\"url\":\"https:\\\/\\\/turijnmagazijn.jumpstone-dev.nl\\\/\",\"logo\":{\"@type\":\"ImageObject\",\"inLanguage\":\"de\",\"@id\":\"https:\\\/\\\/turijnmagazijn.jumpstone-dev.nl\\\/#\\\/schema\\\/logo\\\/image\\\/\",\"url\":\"https:\\\/\\\/turijnmagazijn.nl\\\/wp-content\\\/uploads\\\/2021\\\/02\\\/turijnmagazijnlogo.png\",\"contentUrl\":\"https:\\\/\\\/turijnmagazijn.nl\\\/wp-content\\\/uploads\\\/2021\\\/02\\\/turijnmagazijnlogo.png\",\"width\":555,\"height\":270,\"caption\":\"Turijnmagazijn\"},\"image\":{\"@id\":\"https:\\\/\\\/turijnmagazijn.jumpstone-dev.nl\\\/#\\\/schema\\\/logo\\\/image\\\/\"},\"sameAs\":[\"https:\\\/\\\/www.facebook.com\\\/turijnmagazijn\"]}]}<\/script>\n<!-- \/ Yoast SEO plugin. -->","yoast_head_json":{"title":"Klemmstopfen f\u00fcr Lancia Delta integral EVO - Kappa Coupe - Delta II - Alfa 155 IMITATION - Turijnmagazijn","robots":{"index":"index","follow":"follow","max-snippet":"max-snippet:-1","max-image-preview":"max-image-preview:large","max-video-preview":"max-video-preview:-1"},"canonical":"https:\/\/turijnmagazijn.nl\/de\/produkt\/clipping-list-plug-for-lancia-delta-integral-evo-kappa-coupe-delta-ii-alpha-155-imitation\/","og_locale":"de_DE","og_type":"article","og_title":"Klemmstopfen f\u00fcr Lancia Delta integral EVO - Kappa Coupe - Delta II - Alfa 155 IMITATION - Turijnmagazijn","og_description":"Klemmleistenstecker f\u00fcr Lancia Delta integral EVO - Kappa Coupe - Delta II - Alfa 155 - Neue originale Klemmleiste, die als schriller Stopfen f\u00fcr die Montage des Seitenschwellers f\u00fcr Lancia Delta Integrale EVO dient. Klemmleistenstecker f\u00fcr Lancia Delta integra","og_url":"https:\/\/turijnmagazijn.nl\/de\/produkt\/clipping-list-plug-for-lancia-delta-integral-evo-kappa-coupe-delta-ii-alpha-155-imitation\/","og_site_name":"Turijnmagazijn","article_publisher":"https:\/\/www.facebook.com\/turijnmagazijn","article_modified_time":"2026-02-01T21:47:49+00:00","og_image":[{"width":1024,"height":768,"url":"https:\/\/turijnmagazijn.nl\/wp-content\/uploads\/2023\/03\/DS00109905-Klemlijst-plug-voor-Lancia-Delta-integrale-EVO-Kappa-Coupe-Delta-II-Alfa-155-3.jpg","type":"image\/jpeg"}],"twitter_card":"summary_large_image","twitter_misc":{"Gesch\u00e4tzte Lesezeit":"3\u00a0Minuten"},"schema":{"@context":"https:\/\/schema.org","@graph":[{"@type":"WebPage","@id":"https:\/\/turijnmagazijn.nl\/de\/produkt\/clipping-list-plug-for-lancia-delta-integral-evo-kappa-coupe-delta-ii-alpha-155-imitation\/","url":"https:\/\/turijnmagazijn.nl\/de\/produkt\/clipping-list-plug-for-lancia-delta-integral-evo-kappa-coupe-delta-ii-alpha-155-imitation\/","name":"Klemmstopfen f\u00fcr Lancia Delta integral EVO - Kappa Coupe - Delta II - Alfa 155 IMITATION - Turijnmagazijn","isPartOf":{"@id":"https:\/\/turijnmagazijn.jumpstone-dev.nl\/#website"},"primaryImageOfPage":{"@id":"https:\/\/turijnmagazijn.nl\/de\/produkt\/clipping-list-plug-for-lancia-delta-integral-evo-kappa-coupe-delta-ii-alpha-155-imitation\/#primaryimage"},"image":{"@id":"https:\/\/turijnmagazijn.nl\/de\/produkt\/clipping-list-plug-for-lancia-delta-integral-evo-kappa-coupe-delta-ii-alpha-155-imitation\/#primaryimage"},"thumbnailUrl":"https:\/\/turijnmagazijn.nl\/wp-content\/uploads\/2023\/03\/DS00109905-Klemlijst-plug-voor-Lancia-Delta-integrale-EVO-Kappa-Coupe-Delta-II-Alfa-155-3.jpg","datePublished":"2023-03-03T07:51:59+00:00","dateModified":"2026-02-01T21:47:49+00:00","breadcrumb":{"@id":"https:\/\/turijnmagazijn.nl\/de\/produkt\/clipping-list-plug-for-lancia-delta-integral-evo-kappa-coupe-delta-ii-alpha-155-imitation\/#breadcrumb"},"inLanguage":"de","potentialAction":[{"@type":"ReadAction","target":["https:\/\/turijnmagazijn.nl\/de\/produkt\/clipping-list-plug-for-lancia-delta-integral-evo-kappa-coupe-delta-ii-alpha-155-imitation\/"]}]},{"@type":"ImageObject","inLanguage":"de","@id":"https:\/\/turijnmagazijn.nl\/de\/produkt\/clipping-list-plug-for-lancia-delta-integral-evo-kappa-coupe-delta-ii-alpha-155-imitation\/#primaryimage","url":"https:\/\/turijnmagazijn.nl\/wp-content\/uploads\/2023\/03\/DS00109905-Klemlijst-plug-voor-Lancia-Delta-integrale-EVO-Kappa-Coupe-Delta-II-Alfa-155-3.jpg","contentUrl":"https:\/\/turijnmagazijn.nl\/wp-content\/uploads\/2023\/03\/DS00109905-Klemlijst-plug-voor-Lancia-Delta-integrale-EVO-Kappa-Coupe-Delta-II-Alfa-155-3.jpg","width":1024,"height":768},{"@type":"BreadcrumbList","@id":"https:\/\/turijnmagazijn.nl\/de\/produkt\/clipping-list-plug-for-lancia-delta-integral-evo-kappa-coupe-delta-ii-alpha-155-imitation\/#breadcrumb","itemListElement":[{"@type":"ListItem","position":1,"name":"Home","item":"https:\/\/turijnmagazijn.nl\/de\/"},{"@type":"ListItem","position":2,"name":"Produkte","item":"https:\/\/turijnmagazijn.nl\/de\/shop\/"},{"@type":"ListItem","position":3,"name":"Klemmstopfen f\u00fcr Lancia Delta integral EVO &#8211; Kappa Coupe &#8211; Delta II &#8211; Alfa 155 IMITATION"}]},{"@type":"WebSite","@id":"https:\/\/turijnmagazijn.jumpstone-dev.nl\/#website","url":"https:\/\/turijnmagazijn.jumpstone-dev.nl\/","name":"Turijnmagazijn","description":"Onderdelen nieuw en gebruikt - Fiat &amp; Lancia","publisher":{"@id":"https:\/\/turijnmagazijn.jumpstone-dev.nl\/#organization"},"potentialAction":[{"@type":"SearchAction","target":{"@type":"EntryPoint","urlTemplate":"https:\/\/turijnmagazijn.jumpstone-dev.nl\/?s={search_term_string}"},"query-input":{"@type":"PropertyValueSpecification","valueRequired":true,"valueName":"search_term_string"}}],"inLanguage":"de"},{"@type":"Organization","@id":"https:\/\/turijnmagazijn.jumpstone-dev.nl\/#organization","name":"Turijnmagazijn","url":"https:\/\/turijnmagazijn.jumpstone-dev.nl\/","logo":{"@type":"ImageObject","inLanguage":"de","@id":"https:\/\/turijnmagazijn.jumpstone-dev.nl\/#\/schema\/logo\/image\/","url":"https:\/\/turijnmagazijn.nl\/wp-content\/uploads\/2021\/02\/turijnmagazijnlogo.png","contentUrl":"https:\/\/turijnmagazijn.nl\/wp-content\/uploads\/2021\/02\/turijnmagazijnlogo.png","width":555,"height":270,"caption":"Turijnmagazijn"},"image":{"@id":"https:\/\/turijnmagazijn.jumpstone-dev.nl\/#\/schema\/logo\/image\/"},"sameAs":["https:\/\/www.facebook.com\/turijnmagazijn"]}]}},"_links":{"self":[{"href":"https:\/\/turijnmagazijn.nl\/de\/wp-json\/wp\/v2\/product\/65923","targetHints":{"allow":["GET"]}}],"collection":[{"href":"https:\/\/turijnmagazijn.nl\/de\/wp-json\/wp\/v2\/product"}],"about":[{"href":"https:\/\/turijnmagazijn.nl\/de\/wp-json\/wp\/v2\/types\/product"}],"replies":[{"embeddable":true,"href":"https:\/\/turijnmagazijn.nl\/de\/wp-json\/wp\/v2\/comments?post=65923"}],"wp:featuredmedia":[{"embeddable":true,"href":"https:\/\/turijnmagazijn.nl\/de\/wp-json\/wp\/v2\/media\/53233"}],"wp:attachment":[{"href":"https:\/\/turijnmagazijn.nl\/de\/wp-json\/wp\/v2\/media?parent=65923"}],"wp:term":[{"taxonomy":"product_brand","embeddable":true,"href":"https:\/\/turijnmagazijn.nl\/de\/wp-json\/wp\/v2\/product_brand?post=65923"},{"taxonomy":"product_cat","embeddable":true,"href":"https:\/\/turijnmagazijn.nl\/de\/wp-json\/wp\/v2\/product_cat?post=65923"},{"taxonomy":"product_tag","embeddable":true,"href":"https:\/\/turijnmagazijn.nl\/de\/wp-json\/wp\/v2\/product_tag?post=65923"}],"curies":[{"name":"wp","href":"https:\/\/api.w.org\/{rel}","templated":true}]}}