{"id":65927,"date":"2023-03-03T09:51:37","date_gmt":"2023-03-03T08:51:37","guid":{"rendered":"https:\/\/turijnmagazijn.nl\/product\/bremsausgleichsregler-lancia-delta-integrale-8v-16v\/"},"modified":"2026-01-08T11:16:05","modified_gmt":"2026-01-08T10:16:05","slug":"brems-ausgleichs-regler-lancia-delta-integral-8v-16v","status":"publish","type":"product","link":"https:\/\/turijnmagazijn.nl\/de\/produkt\/brems-ausgleichs-regler-lancia-delta-integral-8v-16v\/","title":{"rendered":"Bremsausgleichsregler Lancia Delta Integrale 8V-16V"},"content":{"rendered":"<p>Neuer originaler Bremsausgleichsregler &#8211; Bremskompensator f\u00fcr Lancia Delta Integrale 8V-16V. Bremskraftverteiler. Bremskraftbegrenzer. Dieser Typ gilt nur f\u00fcr die 8V- und 16V-Modelle!<\/p>\n<p>Zur Montage am Heck des Fahrzeugs auf H\u00f6he des hinteren Differenzials.&nbsp;<\/p>\n<p>Dies ist ein neues Teil aus Italien mit originalen Gussteilen und neuem Interieur. Diese Bremskraftbegrenzer sind aufgrund der j\u00fcngsten Konstruktion nicht intern verrostet, wie viele neue aus alten Best\u00e4nden.&nbsp;<\/p>\n<p>Komponenten von sehr guter Qualit\u00e4t, dieser Bremskraftbegrenzer h\u00e4lt viele Jahre.<\/p>\n<p>Produkt hergestellt von Bosch.<\/p>\n<p><\/p>\n<p>Viele Deltas haben fr\u00fcher oder sp\u00e4ter Probleme mit dem T\u00dcV, weil diese Bremskraftverteiler durch Rost oder Alter stecken bleiben. Der Einbau eines neuen Bremskraftbegrenzers l\u00f6st dieses Problem, ohne die Originalit\u00e4t zu beeintr\u00e4chtigen.<\/p>\n<p><\/p>\n<p>OEM Lancia 82407503<\/p>\n","protected":false},"excerpt":{"rendered":"<p>Bremsausgleichsregler Lancia Delta Integrale &#8211; Neuer originaler Bremsausgleichsregler &#8211; Bremskompensator f\u00fcr Lancia Delta Integrierter Bremskraftverteiler, BremskraftbegrenzerBremsausgleichsregler Lancia Delta Integrale 8V-16V &#8211; Neuer originaler Bremsausgleichsregler &#8211; r<\/p>\n","protected":false},"featured_media":53101,"comment_status":"open","ping_status":"closed","template":"","meta":{"_acf_changed":false},"product_brand":[],"product_cat":[1807,1829,1797],"product_tag":[],"class_list":{"0":"post-65927","1":"product","2":"type-product","3":"status-publish","4":"has-post-thumbnail","6":"product_cat-delta-1-831-de","7":"product_cat-integrale-8v-de","8":"product_cat-lancia-de","9":"pa_soort-onderdeel-karosserie-und-blech","11":"first","12":"instock","13":"taxable","14":"shipping-taxable","15":"purchasable","16":"product-type-simple"},"acf":[],"yoast_head":"<!-- This site is optimized with the Yoast SEO plugin v27.2 - https:\/\/yoast.com\/product\/yoast-seo-wordpress\/ -->\n<title>Bremsausgleichsregler Lancia Delta Integrale 8V-16V - Turijnmagazijn<\/title>\n<meta name=\"robots\" content=\"index, follow, max-snippet:-1, max-image-preview:large, max-video-preview:-1\" \/>\n<link rel=\"canonical\" href=\"https:\/\/turijnmagazijn.nl\/de\/produkt\/brems-ausgleichs-regler-lancia-delta-integral-8v-16v\/\" \/>\n<meta property=\"og:locale\" content=\"de_DE\" \/>\n<meta property=\"og:type\" content=\"article\" \/>\n<meta property=\"og:title\" content=\"Bremsausgleichsregler Lancia Delta Integrale 8V-16V - Turijnmagazijn\" \/>\n<meta property=\"og:description\" content=\"Bremsausgleichsregler Lancia Delta Integrale - Neuer originaler Bremsausgleichsregler - Bremskompensator f\u00fcr Lancia Delta Integrierter Bremskraftverteiler, BremskraftbegrenzerBremsausgleichsregler Lancia Delta Integrale 8V-16V - Neuer originaler Bremsausgleichsregler - r\" \/>\n<meta property=\"og:url\" content=\"https:\/\/turijnmagazijn.nl\/de\/produkt\/brems-ausgleichs-regler-lancia-delta-integral-8v-16v\/\" \/>\n<meta property=\"og:site_name\" content=\"Turijnmagazijn\" \/>\n<meta property=\"article:publisher\" content=\"https:\/\/www.facebook.com\/turijnmagazijn\" \/>\n<meta property=\"article:modified_time\" content=\"2026-01-08T10:16:05+00:00\" \/>\n<meta property=\"og:image\" content=\"https:\/\/turijnmagazijn.nl\/wp-content\/uploads\/2023\/03\/DN00100127-3-1.jpg\" \/>\n\t<meta property=\"og:image:width\" content=\"1024\" \/>\n\t<meta property=\"og:image:height\" content=\"768\" \/>\n\t<meta property=\"og:image:type\" content=\"image\/jpeg\" \/>\n<meta name=\"twitter:card\" content=\"summary_large_image\" \/>\n<meta name=\"twitter:label1\" content=\"Gesch\u00e4tzte Lesezeit\" \/>\n\t<meta name=\"twitter:data1\" content=\"1\u00a0Minute\" \/>\n<script type=\"application\/ld+json\" class=\"yoast-schema-graph\">{\"@context\":\"https:\/\/schema.org\",\"@graph\":[{\"@type\":\"WebPage\",\"@id\":\"https:\/\/turijnmagazijn.nl\/de\/produkt\/brems-ausgleichs-regler-lancia-delta-integral-8v-16v\/\",\"url\":\"https:\/\/turijnmagazijn.nl\/de\/produkt\/brems-ausgleichs-regler-lancia-delta-integral-8v-16v\/\",\"name\":\"Bremsausgleichsregler Lancia Delta Integrale 8V-16V - Turijnmagazijn\",\"isPartOf\":{\"@id\":\"https:\/\/turijnmagazijn.jumpstone-dev.nl\/#website\"},\"primaryImageOfPage\":{\"@id\":\"https:\/\/turijnmagazijn.nl\/de\/produkt\/brems-ausgleichs-regler-lancia-delta-integral-8v-16v\/#primaryimage\"},\"image\":{\"@id\":\"https:\/\/turijnmagazijn.nl\/de\/produkt\/brems-ausgleichs-regler-lancia-delta-integral-8v-16v\/#primaryimage\"},\"thumbnailUrl\":\"https:\/\/turijnmagazijn.nl\/wp-content\/uploads\/2023\/03\/DN00100127-3-1.jpg\",\"datePublished\":\"2023-03-03T08:51:37+00:00\",\"dateModified\":\"2026-01-08T10:16:05+00:00\",\"breadcrumb\":{\"@id\":\"https:\/\/turijnmagazijn.nl\/de\/produkt\/brems-ausgleichs-regler-lancia-delta-integral-8v-16v\/#breadcrumb\"},\"inLanguage\":\"de\",\"potentialAction\":[{\"@type\":\"ReadAction\",\"target\":[\"https:\/\/turijnmagazijn.nl\/de\/produkt\/brems-ausgleichs-regler-lancia-delta-integral-8v-16v\/\"]}]},{\"@type\":\"ImageObject\",\"inLanguage\":\"de\",\"@id\":\"https:\/\/turijnmagazijn.nl\/de\/produkt\/brems-ausgleichs-regler-lancia-delta-integral-8v-16v\/#primaryimage\",\"url\":\"https:\/\/turijnmagazijn.nl\/wp-content\/uploads\/2023\/03\/DN00100127-3-1.jpg\",\"contentUrl\":\"https:\/\/turijnmagazijn.nl\/wp-content\/uploads\/2023\/03\/DN00100127-3-1.jpg\",\"width\":1024,\"height\":768},{\"@type\":\"BreadcrumbList\",\"@id\":\"https:\/\/turijnmagazijn.nl\/de\/produkt\/brems-ausgleichs-regler-lancia-delta-integral-8v-16v\/#breadcrumb\",\"itemListElement\":[{\"@type\":\"ListItem\",\"position\":1,\"name\":\"Home\",\"item\":\"https:\/\/turijnmagazijn.jumpstone-dev.nl\/\"},{\"@type\":\"ListItem\",\"position\":2,\"name\":\"Produkte\",\"item\":\"https:\/\/turijnmagazijn.nl\/de\/shop\/\"},{\"@type\":\"ListItem\",\"position\":3,\"name\":\"Bremsausgleichsregler Lancia Delta Integrale 8V-16V\"}]},{\"@type\":\"WebSite\",\"@id\":\"https:\/\/turijnmagazijn.jumpstone-dev.nl\/#website\",\"url\":\"https:\/\/turijnmagazijn.jumpstone-dev.nl\/\",\"name\":\"Turijnmagazijn\",\"description\":\"Onderdelen nieuw en gebruikt - Fiat &amp; Lancia\",\"publisher\":{\"@id\":\"https:\/\/turijnmagazijn.jumpstone-dev.nl\/#organization\"},\"potentialAction\":[{\"@type\":\"SearchAction\",\"target\":{\"@type\":\"EntryPoint\",\"urlTemplate\":\"https:\/\/turijnmagazijn.jumpstone-dev.nl\/?s={search_term_string}\"},\"query-input\":{\"@type\":\"PropertyValueSpecification\",\"valueRequired\":true,\"valueName\":\"search_term_string\"}}],\"inLanguage\":\"de\"},{\"@type\":\"Organization\",\"@id\":\"https:\/\/turijnmagazijn.jumpstone-dev.nl\/#organization\",\"name\":\"Turijnmagazijn\",\"url\":\"https:\/\/turijnmagazijn.jumpstone-dev.nl\/\",\"logo\":{\"@type\":\"ImageObject\",\"inLanguage\":\"de\",\"@id\":\"https:\/\/turijnmagazijn.jumpstone-dev.nl\/#\/schema\/logo\/image\/\",\"url\":\"https:\/\/turijnmagazijn.nl\/wp-content\/uploads\/2021\/02\/turijnmagazijnlogo.png\",\"contentUrl\":\"https:\/\/turijnmagazijn.nl\/wp-content\/uploads\/2021\/02\/turijnmagazijnlogo.png\",\"width\":555,\"height\":270,\"caption\":\"Turijnmagazijn\"},\"image\":{\"@id\":\"https:\/\/turijnmagazijn.jumpstone-dev.nl\/#\/schema\/logo\/image\/\"},\"sameAs\":[\"https:\/\/www.facebook.com\/turijnmagazijn\"]}]}<\/script>\n<!-- \/ Yoast SEO plugin. -->","yoast_head_json":{"title":"Bremsausgleichsregler Lancia Delta Integrale 8V-16V - Turijnmagazijn","robots":{"index":"index","follow":"follow","max-snippet":"max-snippet:-1","max-image-preview":"max-image-preview:large","max-video-preview":"max-video-preview:-1"},"canonical":"https:\/\/turijnmagazijn.nl\/de\/produkt\/brems-ausgleichs-regler-lancia-delta-integral-8v-16v\/","og_locale":"de_DE","og_type":"article","og_title":"Bremsausgleichsregler Lancia Delta Integrale 8V-16V - Turijnmagazijn","og_description":"Bremsausgleichsregler Lancia Delta Integrale - Neuer originaler Bremsausgleichsregler - Bremskompensator f\u00fcr Lancia Delta Integrierter Bremskraftverteiler, BremskraftbegrenzerBremsausgleichsregler Lancia Delta Integrale 8V-16V - Neuer originaler Bremsausgleichsregler - r","og_url":"https:\/\/turijnmagazijn.nl\/de\/produkt\/brems-ausgleichs-regler-lancia-delta-integral-8v-16v\/","og_site_name":"Turijnmagazijn","article_publisher":"https:\/\/www.facebook.com\/turijnmagazijn","article_modified_time":"2026-01-08T10:16:05+00:00","og_image":[{"width":1024,"height":768,"url":"https:\/\/turijnmagazijn.nl\/wp-content\/uploads\/2023\/03\/DN00100127-3-1.jpg","type":"image\/jpeg"}],"twitter_card":"summary_large_image","twitter_misc":{"Gesch\u00e4tzte Lesezeit":"1\u00a0Minute"},"schema":{"@context":"https:\/\/schema.org","@graph":[{"@type":"WebPage","@id":"https:\/\/turijnmagazijn.nl\/de\/produkt\/brems-ausgleichs-regler-lancia-delta-integral-8v-16v\/","url":"https:\/\/turijnmagazijn.nl\/de\/produkt\/brems-ausgleichs-regler-lancia-delta-integral-8v-16v\/","name":"Bremsausgleichsregler Lancia Delta Integrale 8V-16V - Turijnmagazijn","isPartOf":{"@id":"https:\/\/turijnmagazijn.jumpstone-dev.nl\/#website"},"primaryImageOfPage":{"@id":"https:\/\/turijnmagazijn.nl\/de\/produkt\/brems-ausgleichs-regler-lancia-delta-integral-8v-16v\/#primaryimage"},"image":{"@id":"https:\/\/turijnmagazijn.nl\/de\/produkt\/brems-ausgleichs-regler-lancia-delta-integral-8v-16v\/#primaryimage"},"thumbnailUrl":"https:\/\/turijnmagazijn.nl\/wp-content\/uploads\/2023\/03\/DN00100127-3-1.jpg","datePublished":"2023-03-03T08:51:37+00:00","dateModified":"2026-01-08T10:16:05+00:00","breadcrumb":{"@id":"https:\/\/turijnmagazijn.nl\/de\/produkt\/brems-ausgleichs-regler-lancia-delta-integral-8v-16v\/#breadcrumb"},"inLanguage":"de","potentialAction":[{"@type":"ReadAction","target":["https:\/\/turijnmagazijn.nl\/de\/produkt\/brems-ausgleichs-regler-lancia-delta-integral-8v-16v\/"]}]},{"@type":"ImageObject","inLanguage":"de","@id":"https:\/\/turijnmagazijn.nl\/de\/produkt\/brems-ausgleichs-regler-lancia-delta-integral-8v-16v\/#primaryimage","url":"https:\/\/turijnmagazijn.nl\/wp-content\/uploads\/2023\/03\/DN00100127-3-1.jpg","contentUrl":"https:\/\/turijnmagazijn.nl\/wp-content\/uploads\/2023\/03\/DN00100127-3-1.jpg","width":1024,"height":768},{"@type":"BreadcrumbList","@id":"https:\/\/turijnmagazijn.nl\/de\/produkt\/brems-ausgleichs-regler-lancia-delta-integral-8v-16v\/#breadcrumb","itemListElement":[{"@type":"ListItem","position":1,"name":"Home","item":"https:\/\/turijnmagazijn.jumpstone-dev.nl\/"},{"@type":"ListItem","position":2,"name":"Produkte","item":"https:\/\/turijnmagazijn.nl\/de\/shop\/"},{"@type":"ListItem","position":3,"name":"Bremsausgleichsregler Lancia Delta Integrale 8V-16V"}]},{"@type":"WebSite","@id":"https:\/\/turijnmagazijn.jumpstone-dev.nl\/#website","url":"https:\/\/turijnmagazijn.jumpstone-dev.nl\/","name":"Turijnmagazijn","description":"Onderdelen nieuw en gebruikt - Fiat &amp; Lancia","publisher":{"@id":"https:\/\/turijnmagazijn.jumpstone-dev.nl\/#organization"},"potentialAction":[{"@type":"SearchAction","target":{"@type":"EntryPoint","urlTemplate":"https:\/\/turijnmagazijn.jumpstone-dev.nl\/?s={search_term_string}"},"query-input":{"@type":"PropertyValueSpecification","valueRequired":true,"valueName":"search_term_string"}}],"inLanguage":"de"},{"@type":"Organization","@id":"https:\/\/turijnmagazijn.jumpstone-dev.nl\/#organization","name":"Turijnmagazijn","url":"https:\/\/turijnmagazijn.jumpstone-dev.nl\/","logo":{"@type":"ImageObject","inLanguage":"de","@id":"https:\/\/turijnmagazijn.jumpstone-dev.nl\/#\/schema\/logo\/image\/","url":"https:\/\/turijnmagazijn.nl\/wp-content\/uploads\/2021\/02\/turijnmagazijnlogo.png","contentUrl":"https:\/\/turijnmagazijn.nl\/wp-content\/uploads\/2021\/02\/turijnmagazijnlogo.png","width":555,"height":270,"caption":"Turijnmagazijn"},"image":{"@id":"https:\/\/turijnmagazijn.jumpstone-dev.nl\/#\/schema\/logo\/image\/"},"sameAs":["https:\/\/www.facebook.com\/turijnmagazijn"]}]}},"_links":{"self":[{"href":"https:\/\/turijnmagazijn.nl\/de\/wp-json\/wp\/v2\/product\/65927","targetHints":{"allow":["GET"]}}],"collection":[{"href":"https:\/\/turijnmagazijn.nl\/de\/wp-json\/wp\/v2\/product"}],"about":[{"href":"https:\/\/turijnmagazijn.nl\/de\/wp-json\/wp\/v2\/types\/product"}],"replies":[{"embeddable":true,"href":"https:\/\/turijnmagazijn.nl\/de\/wp-json\/wp\/v2\/comments?post=65927"}],"wp:featuredmedia":[{"embeddable":true,"href":"https:\/\/turijnmagazijn.nl\/de\/wp-json\/wp\/v2\/media\/53101"}],"wp:attachment":[{"href":"https:\/\/turijnmagazijn.nl\/de\/wp-json\/wp\/v2\/media?parent=65927"}],"wp:term":[{"taxonomy":"product_brand","embeddable":true,"href":"https:\/\/turijnmagazijn.nl\/de\/wp-json\/wp\/v2\/product_brand?post=65927"},{"taxonomy":"product_cat","embeddable":true,"href":"https:\/\/turijnmagazijn.nl\/de\/wp-json\/wp\/v2\/product_cat?post=65927"},{"taxonomy":"product_tag","embeddable":true,"href":"https:\/\/turijnmagazijn.nl\/de\/wp-json\/wp\/v2\/product_tag?post=65927"}],"curies":[{"name":"wp","href":"https:\/\/api.w.org\/{rel}","templated":true}]}}