{"id":65929,"date":"2023-03-03T09:51:07","date_gmt":"2023-03-03T08:51:07","guid":{"rendered":"https:\/\/turijnmagazijn.nl\/product\/banjo-schraube-lancia-delta-integrierte-lenkpumpenrohre\/"},"modified":"2023-07-27T12:37:08","modified_gmt":"2023-07-27T10:37:08","slug":"banjo-bout-lancia-delta-integral-lenkungspumpe-rohrleitungen","status":"publish","type":"product","link":"https:\/\/turijnmagazijn.nl\/de\/produkt\/banjo-bout-lancia-delta-integral-lenkungspumpe-rohrleitungen\/","title":{"rendered":"Banjo-Schraube Lancia Delta Integrierte Lenkpumpenrohre"},"content":{"rendered":"<p><a href=\"https:\/\/turijnmagazijn.nl\/de\/postfachversand\/\" target=\"\" style=\"background-color: rgb(255, 255, 255); color: rgb(35, 82, 124); outline: 0px;\" rel=\"noopener\"><img decoding=\"async\" src=\"https:\/\/www.delenkorf.nl\/image\/catalog\/brievenbus.png\"><\/a><\/p>\n<p>Banjobout zur Montage der Servolenkung f\u00fcr Lancia Delta Integrale.<\/p>\n<p>Anwendbar f\u00fcr:  <\/p>\n<\/p>\n<ul>\n<li>Lancia Delta Integrale 8V<\/li>\n<li>Lancia Delta Integrale 16V<\/li>\n<li>Lancia Delta Integrale EVO I<\/li>\n<li>Lancia Delta Integrale EVO II<\/li>\n<li>Alle regul\u00e4ren Lancia Delta I-Typen<\/li>\n<\/ul>\n<p>Betrifft die kleine Schraube, die zwischen dem Steuerhaus und einer Kraftpumpe angebracht ist. 2 St\u00fcck pro Auto.<\/p>\n<p>Es handelt sich <span style=\"font-weight: bold;\"> um ein Neuteil-Original-Lancia aus altem Lagerbestand.<\/span><\/p>\n<p>Der Bolzen hat 3 Durchgangs\u00f6ffnungen.<\/p>\n<p><\/p>\n<p>Gilt auch f\u00fcr:<\/p>\n<\/p>\n<ul>\n<li>Fiat Barchetta<\/li>\n<li>Fiat Punto<\/li>\n<li>Fiat Coup\u00e2\u00e3\u00e2\u00e2\u00e3\u00e2\u00e3\u00e2\u00e2\u00e2\u00e3\u00e2\u00e2\u00e2\u00e2\u00a9<\/li>\n<li>Fiat Tempra<\/li>\n<li>Fiat Tipo<\/li>\n<li>Lancia Dedra<\/li>\n<li>Lancia Thema<\/li>\n<li>Lancia Delta II<\/li>\n<li>Alfa Romeo 155<\/li>\n<\/ul>\n<p><\/p>\n<p>OEM LANCIA&nbsp;82352916<\/p>\n<p>Bisher OEM-Nummer Lancia 82418367<\/p>\n","protected":false},"excerpt":{"rendered":"<p>Banjo-Bolzen Lancia Delta Integral Lenkpumpenrohre &#8211; Banjobout zur Montage der Servolenkungsleitung f\u00fcr Lancia Delta Integrale.<\/p>\n","protected":false},"featured_media":53053,"comment_status":"open","ping_status":"closed","template":"","meta":{"_acf_changed":false},"product_brand":[],"product_cat":[1704,1717,1807,1844,1689,1797,1777,1894,1784],"product_tag":[],"class_list":{"0":"post-65929","1":"product","2":"type-product","3":"status-publish","4":"has-post-thumbnail","6":"product_cat-barchetta-183-de","7":"product_cat-coupe-175-de","8":"product_cat-delta-1-831-de","9":"product_cat-delta-2-836-de","10":"product_cat-fiat-de","11":"product_cat-lancia-de","12":"product_cat-tempra-159-de","13":"product_cat-thema-834-de","14":"product_cat-tipo-1-160-de","15":"pa_soort-onderdeel-karosserie-und-blech","17":"first","18":"instock","19":"taxable","20":"shipping-taxable","21":"purchasable","22":"product-type-simple"},"acf":[],"yoast_head":"<!-- This site is optimized with the Yoast SEO plugin v27.3 - https:\/\/yoast.com\/product\/yoast-seo-wordpress\/ -->\n<title>Banjo-Schraube Lancia Delta Integrierte Lenkpumpenrohre - Turijnmagazijn<\/title>\n<meta name=\"robots\" content=\"index, follow, max-snippet:-1, max-image-preview:large, max-video-preview:-1\" \/>\n<link rel=\"canonical\" href=\"https:\/\/turijnmagazijn.nl\/de\/produkt\/banjo-bout-lancia-delta-integral-lenkungspumpe-rohrleitungen\/\" \/>\n<meta property=\"og:locale\" content=\"de_DE\" \/>\n<meta property=\"og:type\" content=\"article\" \/>\n<meta property=\"og:title\" content=\"Banjo-Schraube Lancia Delta Integrierte Lenkpumpenrohre - Turijnmagazijn\" \/>\n<meta property=\"og:description\" content=\"Banjo-Bolzen Lancia Delta Integral Lenkpumpenrohre - Banjobout zur Montage der Servolenkungsleitung f\u00fcr Lancia Delta Integrale.\" \/>\n<meta property=\"og:url\" content=\"https:\/\/turijnmagazijn.nl\/de\/produkt\/banjo-bout-lancia-delta-integral-lenkungspumpe-rohrleitungen\/\" \/>\n<meta property=\"og:site_name\" content=\"Turijnmagazijn\" \/>\n<meta property=\"article:publisher\" content=\"https:\/\/www.facebook.com\/turijnmagazijn\" \/>\n<meta property=\"article:modified_time\" content=\"2023-07-27T10:37:08+00:00\" \/>\n<meta property=\"og:image\" content=\"https:\/\/turijnmagazijn.nl\/wp-content\/uploads\/2023\/03\/DN00100125-Banjo-bout-Lancia-Delta-Integrale-stuurpomp-leidingen-2-1.jpg\" \/>\n\t<meta property=\"og:image:width\" content=\"1024\" \/>\n\t<meta property=\"og:image:height\" content=\"768\" \/>\n\t<meta property=\"og:image:type\" content=\"image\/jpeg\" \/>\n<meta name=\"twitter:card\" content=\"summary_large_image\" \/>\n<script type=\"application\/ld+json\" class=\"yoast-schema-graph\">{\"@context\":\"https:\\\/\\\/schema.org\",\"@graph\":[{\"@type\":\"WebPage\",\"@id\":\"https:\\\/\\\/turijnmagazijn.nl\\\/de\\\/produkt\\\/banjo-bout-lancia-delta-integral-lenkungspumpe-rohrleitungen\\\/\",\"url\":\"https:\\\/\\\/turijnmagazijn.nl\\\/de\\\/produkt\\\/banjo-bout-lancia-delta-integral-lenkungspumpe-rohrleitungen\\\/\",\"name\":\"Banjo-Schraube Lancia Delta Integrierte Lenkpumpenrohre - Turijnmagazijn\",\"isPartOf\":{\"@id\":\"https:\\\/\\\/turijnmagazijn.jumpstone-dev.nl\\\/#website\"},\"primaryImageOfPage\":{\"@id\":\"https:\\\/\\\/turijnmagazijn.nl\\\/de\\\/produkt\\\/banjo-bout-lancia-delta-integral-lenkungspumpe-rohrleitungen\\\/#primaryimage\"},\"image\":{\"@id\":\"https:\\\/\\\/turijnmagazijn.nl\\\/de\\\/produkt\\\/banjo-bout-lancia-delta-integral-lenkungspumpe-rohrleitungen\\\/#primaryimage\"},\"thumbnailUrl\":\"https:\\\/\\\/turijnmagazijn.nl\\\/wp-content\\\/uploads\\\/2023\\\/03\\\/DN00100125-Banjo-bout-Lancia-Delta-Integrale-stuurpomp-leidingen-2-1.jpg\",\"datePublished\":\"2023-03-03T08:51:07+00:00\",\"dateModified\":\"2023-07-27T10:37:08+00:00\",\"breadcrumb\":{\"@id\":\"https:\\\/\\\/turijnmagazijn.nl\\\/de\\\/produkt\\\/banjo-bout-lancia-delta-integral-lenkungspumpe-rohrleitungen\\\/#breadcrumb\"},\"inLanguage\":\"de\",\"potentialAction\":[{\"@type\":\"ReadAction\",\"target\":[\"https:\\\/\\\/turijnmagazijn.nl\\\/de\\\/produkt\\\/banjo-bout-lancia-delta-integral-lenkungspumpe-rohrleitungen\\\/\"]}]},{\"@type\":\"ImageObject\",\"inLanguage\":\"de\",\"@id\":\"https:\\\/\\\/turijnmagazijn.nl\\\/de\\\/produkt\\\/banjo-bout-lancia-delta-integral-lenkungspumpe-rohrleitungen\\\/#primaryimage\",\"url\":\"https:\\\/\\\/turijnmagazijn.nl\\\/wp-content\\\/uploads\\\/2023\\\/03\\\/DN00100125-Banjo-bout-Lancia-Delta-Integrale-stuurpomp-leidingen-2-1.jpg\",\"contentUrl\":\"https:\\\/\\\/turijnmagazijn.nl\\\/wp-content\\\/uploads\\\/2023\\\/03\\\/DN00100125-Banjo-bout-Lancia-Delta-Integrale-stuurpomp-leidingen-2-1.jpg\",\"width\":1024,\"height\":768},{\"@type\":\"BreadcrumbList\",\"@id\":\"https:\\\/\\\/turijnmagazijn.nl\\\/de\\\/produkt\\\/banjo-bout-lancia-delta-integral-lenkungspumpe-rohrleitungen\\\/#breadcrumb\",\"itemListElement\":[{\"@type\":\"ListItem\",\"position\":1,\"name\":\"Home\",\"item\":\"https:\\\/\\\/turijnmagazijn.nl\\\/de\\\/\"},{\"@type\":\"ListItem\",\"position\":2,\"name\":\"Produkte\",\"item\":\"https:\\\/\\\/turijnmagazijn.nl\\\/de\\\/shop\\\/\"},{\"@type\":\"ListItem\",\"position\":3,\"name\":\"Banjo-Schraube Lancia Delta Integrierte Lenkpumpenrohre\"}]},{\"@type\":\"WebSite\",\"@id\":\"https:\\\/\\\/turijnmagazijn.jumpstone-dev.nl\\\/#website\",\"url\":\"https:\\\/\\\/turijnmagazijn.jumpstone-dev.nl\\\/\",\"name\":\"Turijnmagazijn\",\"description\":\"Onderdelen nieuw en gebruikt - Fiat &amp; Lancia\",\"publisher\":{\"@id\":\"https:\\\/\\\/turijnmagazijn.jumpstone-dev.nl\\\/#organization\"},\"potentialAction\":[{\"@type\":\"SearchAction\",\"target\":{\"@type\":\"EntryPoint\",\"urlTemplate\":\"https:\\\/\\\/turijnmagazijn.jumpstone-dev.nl\\\/?s={search_term_string}\"},\"query-input\":{\"@type\":\"PropertyValueSpecification\",\"valueRequired\":true,\"valueName\":\"search_term_string\"}}],\"inLanguage\":\"de\"},{\"@type\":\"Organization\",\"@id\":\"https:\\\/\\\/turijnmagazijn.jumpstone-dev.nl\\\/#organization\",\"name\":\"Turijnmagazijn\",\"url\":\"https:\\\/\\\/turijnmagazijn.jumpstone-dev.nl\\\/\",\"logo\":{\"@type\":\"ImageObject\",\"inLanguage\":\"de\",\"@id\":\"https:\\\/\\\/turijnmagazijn.jumpstone-dev.nl\\\/#\\\/schema\\\/logo\\\/image\\\/\",\"url\":\"https:\\\/\\\/turijnmagazijn.nl\\\/wp-content\\\/uploads\\\/2021\\\/02\\\/turijnmagazijnlogo.png\",\"contentUrl\":\"https:\\\/\\\/turijnmagazijn.nl\\\/wp-content\\\/uploads\\\/2021\\\/02\\\/turijnmagazijnlogo.png\",\"width\":555,\"height\":270,\"caption\":\"Turijnmagazijn\"},\"image\":{\"@id\":\"https:\\\/\\\/turijnmagazijn.jumpstone-dev.nl\\\/#\\\/schema\\\/logo\\\/image\\\/\"},\"sameAs\":[\"https:\\\/\\\/www.facebook.com\\\/turijnmagazijn\"]}]}<\/script>\n<!-- \/ Yoast SEO plugin. -->","yoast_head_json":{"title":"Banjo-Schraube Lancia Delta Integrierte Lenkpumpenrohre - Turijnmagazijn","robots":{"index":"index","follow":"follow","max-snippet":"max-snippet:-1","max-image-preview":"max-image-preview:large","max-video-preview":"max-video-preview:-1"},"canonical":"https:\/\/turijnmagazijn.nl\/de\/produkt\/banjo-bout-lancia-delta-integral-lenkungspumpe-rohrleitungen\/","og_locale":"de_DE","og_type":"article","og_title":"Banjo-Schraube Lancia Delta Integrierte Lenkpumpenrohre - Turijnmagazijn","og_description":"Banjo-Bolzen Lancia Delta Integral Lenkpumpenrohre - Banjobout zur Montage der Servolenkungsleitung f\u00fcr Lancia Delta Integrale.","og_url":"https:\/\/turijnmagazijn.nl\/de\/produkt\/banjo-bout-lancia-delta-integral-lenkungspumpe-rohrleitungen\/","og_site_name":"Turijnmagazijn","article_publisher":"https:\/\/www.facebook.com\/turijnmagazijn","article_modified_time":"2023-07-27T10:37:08+00:00","og_image":[{"width":1024,"height":768,"url":"https:\/\/turijnmagazijn.nl\/wp-content\/uploads\/2023\/03\/DN00100125-Banjo-bout-Lancia-Delta-Integrale-stuurpomp-leidingen-2-1.jpg","type":"image\/jpeg"}],"twitter_card":"summary_large_image","schema":{"@context":"https:\/\/schema.org","@graph":[{"@type":"WebPage","@id":"https:\/\/turijnmagazijn.nl\/de\/produkt\/banjo-bout-lancia-delta-integral-lenkungspumpe-rohrleitungen\/","url":"https:\/\/turijnmagazijn.nl\/de\/produkt\/banjo-bout-lancia-delta-integral-lenkungspumpe-rohrleitungen\/","name":"Banjo-Schraube Lancia Delta Integrierte Lenkpumpenrohre - Turijnmagazijn","isPartOf":{"@id":"https:\/\/turijnmagazijn.jumpstone-dev.nl\/#website"},"primaryImageOfPage":{"@id":"https:\/\/turijnmagazijn.nl\/de\/produkt\/banjo-bout-lancia-delta-integral-lenkungspumpe-rohrleitungen\/#primaryimage"},"image":{"@id":"https:\/\/turijnmagazijn.nl\/de\/produkt\/banjo-bout-lancia-delta-integral-lenkungspumpe-rohrleitungen\/#primaryimage"},"thumbnailUrl":"https:\/\/turijnmagazijn.nl\/wp-content\/uploads\/2023\/03\/DN00100125-Banjo-bout-Lancia-Delta-Integrale-stuurpomp-leidingen-2-1.jpg","datePublished":"2023-03-03T08:51:07+00:00","dateModified":"2023-07-27T10:37:08+00:00","breadcrumb":{"@id":"https:\/\/turijnmagazijn.nl\/de\/produkt\/banjo-bout-lancia-delta-integral-lenkungspumpe-rohrleitungen\/#breadcrumb"},"inLanguage":"de","potentialAction":[{"@type":"ReadAction","target":["https:\/\/turijnmagazijn.nl\/de\/produkt\/banjo-bout-lancia-delta-integral-lenkungspumpe-rohrleitungen\/"]}]},{"@type":"ImageObject","inLanguage":"de","@id":"https:\/\/turijnmagazijn.nl\/de\/produkt\/banjo-bout-lancia-delta-integral-lenkungspumpe-rohrleitungen\/#primaryimage","url":"https:\/\/turijnmagazijn.nl\/wp-content\/uploads\/2023\/03\/DN00100125-Banjo-bout-Lancia-Delta-Integrale-stuurpomp-leidingen-2-1.jpg","contentUrl":"https:\/\/turijnmagazijn.nl\/wp-content\/uploads\/2023\/03\/DN00100125-Banjo-bout-Lancia-Delta-Integrale-stuurpomp-leidingen-2-1.jpg","width":1024,"height":768},{"@type":"BreadcrumbList","@id":"https:\/\/turijnmagazijn.nl\/de\/produkt\/banjo-bout-lancia-delta-integral-lenkungspumpe-rohrleitungen\/#breadcrumb","itemListElement":[{"@type":"ListItem","position":1,"name":"Home","item":"https:\/\/turijnmagazijn.nl\/de\/"},{"@type":"ListItem","position":2,"name":"Produkte","item":"https:\/\/turijnmagazijn.nl\/de\/shop\/"},{"@type":"ListItem","position":3,"name":"Banjo-Schraube Lancia Delta Integrierte Lenkpumpenrohre"}]},{"@type":"WebSite","@id":"https:\/\/turijnmagazijn.jumpstone-dev.nl\/#website","url":"https:\/\/turijnmagazijn.jumpstone-dev.nl\/","name":"Turijnmagazijn","description":"Onderdelen nieuw en gebruikt - Fiat &amp; Lancia","publisher":{"@id":"https:\/\/turijnmagazijn.jumpstone-dev.nl\/#organization"},"potentialAction":[{"@type":"SearchAction","target":{"@type":"EntryPoint","urlTemplate":"https:\/\/turijnmagazijn.jumpstone-dev.nl\/?s={search_term_string}"},"query-input":{"@type":"PropertyValueSpecification","valueRequired":true,"valueName":"search_term_string"}}],"inLanguage":"de"},{"@type":"Organization","@id":"https:\/\/turijnmagazijn.jumpstone-dev.nl\/#organization","name":"Turijnmagazijn","url":"https:\/\/turijnmagazijn.jumpstone-dev.nl\/","logo":{"@type":"ImageObject","inLanguage":"de","@id":"https:\/\/turijnmagazijn.jumpstone-dev.nl\/#\/schema\/logo\/image\/","url":"https:\/\/turijnmagazijn.nl\/wp-content\/uploads\/2021\/02\/turijnmagazijnlogo.png","contentUrl":"https:\/\/turijnmagazijn.nl\/wp-content\/uploads\/2021\/02\/turijnmagazijnlogo.png","width":555,"height":270,"caption":"Turijnmagazijn"},"image":{"@id":"https:\/\/turijnmagazijn.jumpstone-dev.nl\/#\/schema\/logo\/image\/"},"sameAs":["https:\/\/www.facebook.com\/turijnmagazijn"]}]}},"_links":{"self":[{"href":"https:\/\/turijnmagazijn.nl\/de\/wp-json\/wp\/v2\/product\/65929","targetHints":{"allow":["GET"]}}],"collection":[{"href":"https:\/\/turijnmagazijn.nl\/de\/wp-json\/wp\/v2\/product"}],"about":[{"href":"https:\/\/turijnmagazijn.nl\/de\/wp-json\/wp\/v2\/types\/product"}],"replies":[{"embeddable":true,"href":"https:\/\/turijnmagazijn.nl\/de\/wp-json\/wp\/v2\/comments?post=65929"}],"wp:featuredmedia":[{"embeddable":true,"href":"https:\/\/turijnmagazijn.nl\/de\/wp-json\/wp\/v2\/media\/53053"}],"wp:attachment":[{"href":"https:\/\/turijnmagazijn.nl\/de\/wp-json\/wp\/v2\/media?parent=65929"}],"wp:term":[{"taxonomy":"product_brand","embeddable":true,"href":"https:\/\/turijnmagazijn.nl\/de\/wp-json\/wp\/v2\/product_brand?post=65929"},{"taxonomy":"product_cat","embeddable":true,"href":"https:\/\/turijnmagazijn.nl\/de\/wp-json\/wp\/v2\/product_cat?post=65929"},{"taxonomy":"product_tag","embeddable":true,"href":"https:\/\/turijnmagazijn.nl\/de\/wp-json\/wp\/v2\/product_tag?post=65929"}],"curies":[{"name":"wp","href":"https:\/\/api.w.org\/{rel}","templated":true}]}}