{"id":65951,"date":"2023-03-03T09:51:59","date_gmt":"2023-03-03T08:51:59","guid":{"rendered":"https:\/\/turijnmagazijn.nl\/product\/gummipuffer-set-2-fuer-tankabdeckung-lancia-delta-integrale-reproduktion\/"},"modified":"2023-07-27T12:38:06","modified_gmt":"2023-07-27T10:38:06","slug":"gummi-stosstangen-set-2-fur-tankdeckel-lancia-delta-integral-reproduktion","status":"publish","type":"product","link":"https:\/\/turijnmagazijn.nl\/de\/produkt\/gummi-stosstangen-set-2-fur-tankdeckel-lancia-delta-integral-reproduktion\/","title":{"rendered":"Gummipuffer (Set 2) f\u00fcr Tankabdeckung Lancia Delta Integrale -REPRODUKTION-"},"content":{"rendered":"<p><a href=\"https:\/\/turijnmagazijn.nl\/de\/postfachversand\/\" target=\"\" style=\"background-color: rgb(255, 255, 255); color: rgb(35, 82, 124); outline: 0px;\" rel=\"noopener\"><img decoding=\"async\" src=\"https:\/\/www.delenkorf.nl\/image\/catalog\/brievenbus.png\"><\/a><\/p>\n<p>Set mit 2 neuen Gummipuffern zur Platzierung in der Aussparung hinter dem Benzinventil f\u00fcr Lancia Delta Integrale, auch passend f\u00fcr alle anderen Typ 1 Deltas. <span style=\"font-weight: bold;\">Handelt es sich um ein Reproduktionsteil mit einem anderen Design als das Original<\/span>, siehe Beispielfotos der Montagesituation.&nbsp;<\/p>\n<p>Mit diesem Produkt ist es einfach, die richtige Einstellung des Tankdeckels zu erreichen, da optional Einf\u00fcllringe unter dem Gummi platziert werden k\u00f6nnen, um beim Aufh\u00e4ngen des Tankdeckels den gew\u00fcnschten Abstand zum K\u00f6rper zu erhalten.<\/p>\n<p>Kann als Ersatz f\u00fcr OEM-82324293 dienen<\/p>\n<p>Nur als Referenz, betrifft einen anderen Teil!<\/p>\n<p><\/p>\n","protected":false},"excerpt":{"rendered":"<p>Gummipuffer (Set 2) f\u00fcr Tankdeckel Lancia Delta Integrale -REPRODUCTION- &#8211; Set mit 2 neuen Gummipuffern zur Platzierung in der Aussparung hinter dem Kraftstoffventil f\u00fcr Lancia Delta Integrale, auch passend f\u00fcr alle anderen Typ 1 Delta s.<\/p>\n","protected":false},"featured_media":91935,"comment_status":"closed","ping_status":"closed","template":"","meta":{"_acf_changed":false},"product_brand":[],"product_cat":[1807,1829,1797],"product_tag":[],"class_list":{"0":"post-65951","1":"product","2":"type-product","3":"status-publish","4":"has-post-thumbnail","6":"product_cat-delta-1-831-de","7":"product_cat-integrale-8v-de","8":"product_cat-lancia-de","9":"pa_soort-onderdeel-beleuchtung","11":"first","12":"instock","13":"taxable","14":"shipping-taxable","15":"purchasable","16":"product-type-simple"},"acf":[],"yoast_head":"<!-- This site is optimized with the Yoast SEO plugin v27.2 - https:\/\/yoast.com\/product\/yoast-seo-wordpress\/ -->\n<title>Gummipuffer (Set 2) f\u00fcr Tankabdeckung Lancia Delta Integrale -REPRODUKTION- Turijnmagazijn<\/title>\n<meta name=\"robots\" content=\"index, follow, max-snippet:-1, max-image-preview:large, max-video-preview:-1\" \/>\n<link rel=\"canonical\" href=\"https:\/\/turijnmagazijn.nl\/de\/produkt\/gummi-stosstangen-set-2-fur-tankdeckel-lancia-delta-integral-reproduktion\/\" \/>\n<meta property=\"og:locale\" content=\"de_DE\" \/>\n<meta property=\"og:type\" content=\"article\" \/>\n<meta property=\"og:title\" content=\"Gummipuffer (Set 2) f\u00fcr Tankabdeckung Lancia Delta Integrale -REPRODUKTION- Turijnmagazijn\" \/>\n<meta property=\"og:description\" content=\"Gummipuffer (Set 2) f\u00fcr Tankdeckel Lancia Delta Integrale -REPRODUCTION- - Set mit 2 neuen Gummipuffern zur Platzierung in der Aussparung hinter dem Kraftstoffventil f\u00fcr Lancia Delta Integrale, auch passend f\u00fcr alle anderen Typ 1 Delta s.\" \/>\n<meta property=\"og:url\" content=\"https:\/\/turijnmagazijn.nl\/de\/produkt\/gummi-stosstangen-set-2-fur-tankdeckel-lancia-delta-integral-reproduktion\/\" \/>\n<meta property=\"og:site_name\" content=\"Turijnmagazijn\" \/>\n<meta property=\"article:publisher\" content=\"https:\/\/www.facebook.com\/turijnmagazijn\" \/>\n<meta property=\"article:modified_time\" content=\"2023-07-27T10:38:06+00:00\" \/>\n<meta property=\"og:image\" content=\"https:\/\/turijnmagazijn.nl\/wp-content\/uploads\/2025\/06\/DN00100131-Rubber-bumper-set2-voor-tankklepje-Lancia-Delta-Integrale1.jpg\" \/>\n\t<meta property=\"og:image:width\" content=\"1024\" \/>\n\t<meta property=\"og:image:height\" content=\"768\" \/>\n\t<meta property=\"og:image:type\" content=\"image\/jpeg\" \/>\n<meta name=\"twitter:card\" content=\"summary_large_image\" \/>\n<script type=\"application\/ld+json\" class=\"yoast-schema-graph\">{\"@context\":\"https:\/\/schema.org\",\"@graph\":[{\"@type\":\"WebPage\",\"@id\":\"https:\/\/turijnmagazijn.nl\/de\/produkt\/gummi-stosstangen-set-2-fur-tankdeckel-lancia-delta-integral-reproduktion\/\",\"url\":\"https:\/\/turijnmagazijn.nl\/de\/produkt\/gummi-stosstangen-set-2-fur-tankdeckel-lancia-delta-integral-reproduktion\/\",\"name\":\"Gummipuffer (Set 2) f\u00fcr Tankabdeckung Lancia Delta Integrale -REPRODUKTION- Turijnmagazijn\",\"isPartOf\":{\"@id\":\"https:\/\/turijnmagazijn.jumpstone-dev.nl\/#website\"},\"primaryImageOfPage\":{\"@id\":\"https:\/\/turijnmagazijn.nl\/de\/produkt\/gummi-stosstangen-set-2-fur-tankdeckel-lancia-delta-integral-reproduktion\/#primaryimage\"},\"image\":{\"@id\":\"https:\/\/turijnmagazijn.nl\/de\/produkt\/gummi-stosstangen-set-2-fur-tankdeckel-lancia-delta-integral-reproduktion\/#primaryimage\"},\"thumbnailUrl\":\"https:\/\/turijnmagazijn.nl\/wp-content\/uploads\/2025\/06\/DN00100131-Rubber-bumper-set2-voor-tankklepje-Lancia-Delta-Integrale1.jpg\",\"datePublished\":\"2023-03-03T08:51:59+00:00\",\"dateModified\":\"2023-07-27T10:38:06+00:00\",\"breadcrumb\":{\"@id\":\"https:\/\/turijnmagazijn.nl\/de\/produkt\/gummi-stosstangen-set-2-fur-tankdeckel-lancia-delta-integral-reproduktion\/#breadcrumb\"},\"inLanguage\":\"de\",\"potentialAction\":[{\"@type\":\"ReadAction\",\"target\":[\"https:\/\/turijnmagazijn.nl\/de\/produkt\/gummi-stosstangen-set-2-fur-tankdeckel-lancia-delta-integral-reproduktion\/\"]}]},{\"@type\":\"ImageObject\",\"inLanguage\":\"de\",\"@id\":\"https:\/\/turijnmagazijn.nl\/de\/produkt\/gummi-stosstangen-set-2-fur-tankdeckel-lancia-delta-integral-reproduktion\/#primaryimage\",\"url\":\"https:\/\/turijnmagazijn.nl\/wp-content\/uploads\/2025\/06\/DN00100131-Rubber-bumper-set2-voor-tankklepje-Lancia-Delta-Integrale1.jpg\",\"contentUrl\":\"https:\/\/turijnmagazijn.nl\/wp-content\/uploads\/2025\/06\/DN00100131-Rubber-bumper-set2-voor-tankklepje-Lancia-Delta-Integrale1.jpg\",\"width\":1024,\"height\":768},{\"@type\":\"BreadcrumbList\",\"@id\":\"https:\/\/turijnmagazijn.nl\/de\/produkt\/gummi-stosstangen-set-2-fur-tankdeckel-lancia-delta-integral-reproduktion\/#breadcrumb\",\"itemListElement\":[{\"@type\":\"ListItem\",\"position\":1,\"name\":\"Home\",\"item\":\"https:\/\/turijnmagazijn.jumpstone-dev.nl\/\"},{\"@type\":\"ListItem\",\"position\":2,\"name\":\"Produkte\",\"item\":\"https:\/\/turijnmagazijn.nl\/de\/shop\/\"},{\"@type\":\"ListItem\",\"position\":3,\"name\":\"Gummipuffer (Set 2) f\u00fcr Tankabdeckung Lancia Delta Integrale -REPRODUKTION-\"}]},{\"@type\":\"WebSite\",\"@id\":\"https:\/\/turijnmagazijn.jumpstone-dev.nl\/#website\",\"url\":\"https:\/\/turijnmagazijn.jumpstone-dev.nl\/\",\"name\":\"Turijnmagazijn\",\"description\":\"Onderdelen nieuw en gebruikt - Fiat &amp; Lancia\",\"publisher\":{\"@id\":\"https:\/\/turijnmagazijn.jumpstone-dev.nl\/#organization\"},\"potentialAction\":[{\"@type\":\"SearchAction\",\"target\":{\"@type\":\"EntryPoint\",\"urlTemplate\":\"https:\/\/turijnmagazijn.jumpstone-dev.nl\/?s={search_term_string}\"},\"query-input\":{\"@type\":\"PropertyValueSpecification\",\"valueRequired\":true,\"valueName\":\"search_term_string\"}}],\"inLanguage\":\"de\"},{\"@type\":\"Organization\",\"@id\":\"https:\/\/turijnmagazijn.jumpstone-dev.nl\/#organization\",\"name\":\"Turijnmagazijn\",\"url\":\"https:\/\/turijnmagazijn.jumpstone-dev.nl\/\",\"logo\":{\"@type\":\"ImageObject\",\"inLanguage\":\"de\",\"@id\":\"https:\/\/turijnmagazijn.jumpstone-dev.nl\/#\/schema\/logo\/image\/\",\"url\":\"https:\/\/turijnmagazijn.nl\/wp-content\/uploads\/2021\/02\/turijnmagazijnlogo.png\",\"contentUrl\":\"https:\/\/turijnmagazijn.nl\/wp-content\/uploads\/2021\/02\/turijnmagazijnlogo.png\",\"width\":555,\"height\":270,\"caption\":\"Turijnmagazijn\"},\"image\":{\"@id\":\"https:\/\/turijnmagazijn.jumpstone-dev.nl\/#\/schema\/logo\/image\/\"},\"sameAs\":[\"https:\/\/www.facebook.com\/turijnmagazijn\"]}]}<\/script>\n<!-- \/ Yoast SEO plugin. -->","yoast_head_json":{"title":"Gummipuffer (Set 2) f\u00fcr Tankabdeckung Lancia Delta Integrale -REPRODUKTION- Turijnmagazijn","robots":{"index":"index","follow":"follow","max-snippet":"max-snippet:-1","max-image-preview":"max-image-preview:large","max-video-preview":"max-video-preview:-1"},"canonical":"https:\/\/turijnmagazijn.nl\/de\/produkt\/gummi-stosstangen-set-2-fur-tankdeckel-lancia-delta-integral-reproduktion\/","og_locale":"de_DE","og_type":"article","og_title":"Gummipuffer (Set 2) f\u00fcr Tankabdeckung Lancia Delta Integrale -REPRODUKTION- Turijnmagazijn","og_description":"Gummipuffer (Set 2) f\u00fcr Tankdeckel Lancia Delta Integrale -REPRODUCTION- - Set mit 2 neuen Gummipuffern zur Platzierung in der Aussparung hinter dem Kraftstoffventil f\u00fcr Lancia Delta Integrale, auch passend f\u00fcr alle anderen Typ 1 Delta s.","og_url":"https:\/\/turijnmagazijn.nl\/de\/produkt\/gummi-stosstangen-set-2-fur-tankdeckel-lancia-delta-integral-reproduktion\/","og_site_name":"Turijnmagazijn","article_publisher":"https:\/\/www.facebook.com\/turijnmagazijn","article_modified_time":"2023-07-27T10:38:06+00:00","og_image":[{"width":1024,"height":768,"url":"https:\/\/turijnmagazijn.nl\/wp-content\/uploads\/2025\/06\/DN00100131-Rubber-bumper-set2-voor-tankklepje-Lancia-Delta-Integrale1.jpg","type":"image\/jpeg"}],"twitter_card":"summary_large_image","schema":{"@context":"https:\/\/schema.org","@graph":[{"@type":"WebPage","@id":"https:\/\/turijnmagazijn.nl\/de\/produkt\/gummi-stosstangen-set-2-fur-tankdeckel-lancia-delta-integral-reproduktion\/","url":"https:\/\/turijnmagazijn.nl\/de\/produkt\/gummi-stosstangen-set-2-fur-tankdeckel-lancia-delta-integral-reproduktion\/","name":"Gummipuffer (Set 2) f\u00fcr Tankabdeckung Lancia Delta Integrale -REPRODUKTION- Turijnmagazijn","isPartOf":{"@id":"https:\/\/turijnmagazijn.jumpstone-dev.nl\/#website"},"primaryImageOfPage":{"@id":"https:\/\/turijnmagazijn.nl\/de\/produkt\/gummi-stosstangen-set-2-fur-tankdeckel-lancia-delta-integral-reproduktion\/#primaryimage"},"image":{"@id":"https:\/\/turijnmagazijn.nl\/de\/produkt\/gummi-stosstangen-set-2-fur-tankdeckel-lancia-delta-integral-reproduktion\/#primaryimage"},"thumbnailUrl":"https:\/\/turijnmagazijn.nl\/wp-content\/uploads\/2025\/06\/DN00100131-Rubber-bumper-set2-voor-tankklepje-Lancia-Delta-Integrale1.jpg","datePublished":"2023-03-03T08:51:59+00:00","dateModified":"2023-07-27T10:38:06+00:00","breadcrumb":{"@id":"https:\/\/turijnmagazijn.nl\/de\/produkt\/gummi-stosstangen-set-2-fur-tankdeckel-lancia-delta-integral-reproduktion\/#breadcrumb"},"inLanguage":"de","potentialAction":[{"@type":"ReadAction","target":["https:\/\/turijnmagazijn.nl\/de\/produkt\/gummi-stosstangen-set-2-fur-tankdeckel-lancia-delta-integral-reproduktion\/"]}]},{"@type":"ImageObject","inLanguage":"de","@id":"https:\/\/turijnmagazijn.nl\/de\/produkt\/gummi-stosstangen-set-2-fur-tankdeckel-lancia-delta-integral-reproduktion\/#primaryimage","url":"https:\/\/turijnmagazijn.nl\/wp-content\/uploads\/2025\/06\/DN00100131-Rubber-bumper-set2-voor-tankklepje-Lancia-Delta-Integrale1.jpg","contentUrl":"https:\/\/turijnmagazijn.nl\/wp-content\/uploads\/2025\/06\/DN00100131-Rubber-bumper-set2-voor-tankklepje-Lancia-Delta-Integrale1.jpg","width":1024,"height":768},{"@type":"BreadcrumbList","@id":"https:\/\/turijnmagazijn.nl\/de\/produkt\/gummi-stosstangen-set-2-fur-tankdeckel-lancia-delta-integral-reproduktion\/#breadcrumb","itemListElement":[{"@type":"ListItem","position":1,"name":"Home","item":"https:\/\/turijnmagazijn.jumpstone-dev.nl\/"},{"@type":"ListItem","position":2,"name":"Produkte","item":"https:\/\/turijnmagazijn.nl\/de\/shop\/"},{"@type":"ListItem","position":3,"name":"Gummipuffer (Set 2) f\u00fcr Tankabdeckung Lancia Delta Integrale -REPRODUKTION-"}]},{"@type":"WebSite","@id":"https:\/\/turijnmagazijn.jumpstone-dev.nl\/#website","url":"https:\/\/turijnmagazijn.jumpstone-dev.nl\/","name":"Turijnmagazijn","description":"Onderdelen nieuw en gebruikt - Fiat &amp; Lancia","publisher":{"@id":"https:\/\/turijnmagazijn.jumpstone-dev.nl\/#organization"},"potentialAction":[{"@type":"SearchAction","target":{"@type":"EntryPoint","urlTemplate":"https:\/\/turijnmagazijn.jumpstone-dev.nl\/?s={search_term_string}"},"query-input":{"@type":"PropertyValueSpecification","valueRequired":true,"valueName":"search_term_string"}}],"inLanguage":"de"},{"@type":"Organization","@id":"https:\/\/turijnmagazijn.jumpstone-dev.nl\/#organization","name":"Turijnmagazijn","url":"https:\/\/turijnmagazijn.jumpstone-dev.nl\/","logo":{"@type":"ImageObject","inLanguage":"de","@id":"https:\/\/turijnmagazijn.jumpstone-dev.nl\/#\/schema\/logo\/image\/","url":"https:\/\/turijnmagazijn.nl\/wp-content\/uploads\/2021\/02\/turijnmagazijnlogo.png","contentUrl":"https:\/\/turijnmagazijn.nl\/wp-content\/uploads\/2021\/02\/turijnmagazijnlogo.png","width":555,"height":270,"caption":"Turijnmagazijn"},"image":{"@id":"https:\/\/turijnmagazijn.jumpstone-dev.nl\/#\/schema\/logo\/image\/"},"sameAs":["https:\/\/www.facebook.com\/turijnmagazijn"]}]}},"_links":{"self":[{"href":"https:\/\/turijnmagazijn.nl\/de\/wp-json\/wp\/v2\/product\/65951","targetHints":{"allow":["GET"]}}],"collection":[{"href":"https:\/\/turijnmagazijn.nl\/de\/wp-json\/wp\/v2\/product"}],"about":[{"href":"https:\/\/turijnmagazijn.nl\/de\/wp-json\/wp\/v2\/types\/product"}],"replies":[{"embeddable":true,"href":"https:\/\/turijnmagazijn.nl\/de\/wp-json\/wp\/v2\/comments?post=65951"}],"wp:featuredmedia":[{"embeddable":true,"href":"https:\/\/turijnmagazijn.nl\/de\/wp-json\/wp\/v2\/media\/91935"}],"wp:attachment":[{"href":"https:\/\/turijnmagazijn.nl\/de\/wp-json\/wp\/v2\/media?parent=65951"}],"wp:term":[{"taxonomy":"product_brand","embeddable":true,"href":"https:\/\/turijnmagazijn.nl\/de\/wp-json\/wp\/v2\/product_brand?post=65951"},{"taxonomy":"product_cat","embeddable":true,"href":"https:\/\/turijnmagazijn.nl\/de\/wp-json\/wp\/v2\/product_cat?post=65951"},{"taxonomy":"product_tag","embeddable":true,"href":"https:\/\/turijnmagazijn.nl\/de\/wp-json\/wp\/v2\/product_tag?post=65951"}],"curies":[{"name":"wp","href":"https:\/\/api.w.org\/{rel}","templated":true}]}}