{"id":65968,"date":"2023-03-03T09:52:44","date_gmt":"2023-03-03T08:52:44","guid":{"rendered":"https:\/\/turijnmagazijn.nl\/product\/kunststoff-fuehrungsschweller-seitenschweller-langer-anbau-lancia-delta-integrale-reproduktion\/"},"modified":"2025-01-22T10:33:51","modified_gmt":"2025-01-22T09:33:51","slug":"kunststoff-fuhrung-seitenschweller-langer-verschluss-lancia-delta-integral-reproduktion","status":"publish","type":"product","link":"https:\/\/turijnmagazijn.nl\/de\/produkt\/kunststoff-fuhrung-seitenschweller-langer-verschluss-lancia-delta-integral-reproduktion\/","title":{"rendered":"Kunststoff-F\u00fchrungsschweller Seitenschweller Langer Anbau Lancia Delta Integrale -REPRODUKTION-"},"content":{"rendered":"<p>Neuer Reproduktions-Montageclip aus schwarzem Kunststoff zur Befestigung des Seitenschwellers am Auto.  <\/p>\n<p>Diese Clips werden auf die Innenseite des Seitenschwellers geschraubt. In den Schlitz wird der Montagestopfen geschoben, der in die L\u00f6cher im Geh\u00e4use passt. Dieses Teil sorgt daf\u00fcr, dass die Sch\u00fcrze unsichtbar montiert und demontiert werden kann.<\/p>\n<p>Neuer Artikel aus dem 3D-Drucker, daher anf\u00e4llig. Achten Sie bei der Montage an der Sch\u00fcrze darauf, die Schraube nicht zu fest anzuziehen.&nbsp;<\/p>\n<p>Diese Teile werden f\u00fcr alle Arten von Integralen mit originalen Seitenschwellern verwendet.<\/p>\n<p>OEM Lancia 82443783<\/p>\n<p><\/p>\n<p>10 Clips werden pro Auto ben\u00f6tigt, 5 pro Rock. Die Langfassung ist die Nummer 7 auf der EPER-Zeichnung.<\/p>\n<p><span style=\"background-color: yellow; font-weight: bold;\">Betrifft die Langversion des Clips! Es gibt zwei verschiedene L\u00e4ngen dieser Clips, die auf den Rock aufgebracht werden, dies ist die lange Version!&nbsp;<\/span><\/p>\n<p><\/p>\n","protected":false},"excerpt":{"rendered":"<p>Kunststoff F\u00fchrung Seitenschweller Befestigung Lancia delta Integrale &#8211; Gebrauchte originale Befestigungsclips aus schwarzem Kunststoff zur Befestigung des Seitenschwellers am Auto. F\u00fchrungsschweller aus Kunststoff Kurze Befestigung Lancia delta Integrale &#8211; Gebraucht Herkunft<\/p>\n","protected":false},"featured_media":53321,"comment_status":"closed","ping_status":"closed","template":"","meta":{"_acf_changed":false},"product_brand":[],"product_cat":[1807,1829,1797],"product_tag":[],"class_list":{"0":"post-65968","1":"product","2":"type-product","3":"status-publish","4":"has-post-thumbnail","6":"product_cat-delta-1-831-de","7":"product_cat-integrale-8v-de","8":"product_cat-lancia-de","9":"pa_soort-onderdeel-beleuchtung","11":"first","12":"instock","13":"taxable","14":"shipping-taxable","15":"purchasable","16":"product-type-simple"},"acf":[],"yoast_head":"<!-- This site is optimized with the Yoast SEO plugin v27.2 - https:\/\/yoast.com\/product\/yoast-seo-wordpress\/ -->\n<title>Kunststoff-F\u00fchrungsschweller Seitenschweller Langer Anbau Lancia Delta Integrale -REPRODUKTION- Turijnmagazijn<\/title>\n<meta name=\"robots\" content=\"index, follow, max-snippet:-1, max-image-preview:large, max-video-preview:-1\" \/>\n<link rel=\"canonical\" href=\"https:\/\/turijnmagazijn.nl\/de\/produkt\/kunststoff-fuhrung-seitenschweller-langer-verschluss-lancia-delta-integral-reproduktion\/\" \/>\n<meta property=\"og:locale\" content=\"de_DE\" \/>\n<meta property=\"og:type\" content=\"article\" \/>\n<meta property=\"og:title\" content=\"Kunststoff-F\u00fchrungsschweller Seitenschweller Langer Anbau Lancia Delta Integrale -REPRODUKTION- Turijnmagazijn\" \/>\n<meta property=\"og:description\" content=\"Kunststoff F\u00fchrung Seitenschweller Befestigung Lancia delta Integrale - Gebrauchte originale Befestigungsclips aus schwarzem Kunststoff zur Befestigung des Seitenschwellers am Auto. F\u00fchrungsschweller aus Kunststoff Kurze Befestigung Lancia delta Integrale - Gebraucht Herkunft\" \/>\n<meta property=\"og:url\" content=\"https:\/\/turijnmagazijn.nl\/de\/produkt\/kunststoff-fuhrung-seitenschweller-langer-verschluss-lancia-delta-integral-reproduktion\/\" \/>\n<meta property=\"og:site_name\" content=\"Turijnmagazijn\" \/>\n<meta property=\"article:publisher\" content=\"https:\/\/www.facebook.com\/turijnmagazijn\" \/>\n<meta property=\"article:modified_time\" content=\"2025-01-22T09:33:51+00:00\" \/>\n<meta property=\"og:image\" content=\"https:\/\/turijnmagazijn.nl\/wp-content\/uploads\/2023\/03\/DN00100140-Plastic-geleider-side-skirt-Lang-bevestiging-Lancia-delta-Integrale-REPRODUCTIE-4-1.jpg\" \/>\n\t<meta property=\"og:image:width\" content=\"1024\" \/>\n\t<meta property=\"og:image:height\" content=\"768\" \/>\n\t<meta property=\"og:image:type\" content=\"image\/jpeg\" \/>\n<meta name=\"twitter:card\" content=\"summary_large_image\" \/>\n<meta name=\"twitter:label1\" content=\"Gesch\u00e4tzte Lesezeit\" \/>\n\t<meta name=\"twitter:data1\" content=\"1\u00a0Minute\" \/>\n<script type=\"application\/ld+json\" class=\"yoast-schema-graph\">{\"@context\":\"https:\/\/schema.org\",\"@graph\":[{\"@type\":\"WebPage\",\"@id\":\"https:\/\/turijnmagazijn.nl\/de\/produkt\/kunststoff-fuhrung-seitenschweller-langer-verschluss-lancia-delta-integral-reproduktion\/\",\"url\":\"https:\/\/turijnmagazijn.nl\/de\/produkt\/kunststoff-fuhrung-seitenschweller-langer-verschluss-lancia-delta-integral-reproduktion\/\",\"name\":\"Kunststoff-F\u00fchrungsschweller Seitenschweller Langer Anbau Lancia Delta Integrale -REPRODUKTION- Turijnmagazijn\",\"isPartOf\":{\"@id\":\"https:\/\/turijnmagazijn.jumpstone-dev.nl\/#website\"},\"primaryImageOfPage\":{\"@id\":\"https:\/\/turijnmagazijn.nl\/de\/produkt\/kunststoff-fuhrung-seitenschweller-langer-verschluss-lancia-delta-integral-reproduktion\/#primaryimage\"},\"image\":{\"@id\":\"https:\/\/turijnmagazijn.nl\/de\/produkt\/kunststoff-fuhrung-seitenschweller-langer-verschluss-lancia-delta-integral-reproduktion\/#primaryimage\"},\"thumbnailUrl\":\"https:\/\/turijnmagazijn.nl\/wp-content\/uploads\/2023\/03\/DN00100140-Plastic-geleider-side-skirt-Lang-bevestiging-Lancia-delta-Integrale-REPRODUCTIE-4-1.jpg\",\"datePublished\":\"2023-03-03T08:52:44+00:00\",\"dateModified\":\"2025-01-22T09:33:51+00:00\",\"breadcrumb\":{\"@id\":\"https:\/\/turijnmagazijn.nl\/de\/produkt\/kunststoff-fuhrung-seitenschweller-langer-verschluss-lancia-delta-integral-reproduktion\/#breadcrumb\"},\"inLanguage\":\"de\",\"potentialAction\":[{\"@type\":\"ReadAction\",\"target\":[\"https:\/\/turijnmagazijn.nl\/de\/produkt\/kunststoff-fuhrung-seitenschweller-langer-verschluss-lancia-delta-integral-reproduktion\/\"]}]},{\"@type\":\"ImageObject\",\"inLanguage\":\"de\",\"@id\":\"https:\/\/turijnmagazijn.nl\/de\/produkt\/kunststoff-fuhrung-seitenschweller-langer-verschluss-lancia-delta-integral-reproduktion\/#primaryimage\",\"url\":\"https:\/\/turijnmagazijn.nl\/wp-content\/uploads\/2023\/03\/DN00100140-Plastic-geleider-side-skirt-Lang-bevestiging-Lancia-delta-Integrale-REPRODUCTIE-4-1.jpg\",\"contentUrl\":\"https:\/\/turijnmagazijn.nl\/wp-content\/uploads\/2023\/03\/DN00100140-Plastic-geleider-side-skirt-Lang-bevestiging-Lancia-delta-Integrale-REPRODUCTIE-4-1.jpg\",\"width\":1024,\"height\":768},{\"@type\":\"BreadcrumbList\",\"@id\":\"https:\/\/turijnmagazijn.nl\/de\/produkt\/kunststoff-fuhrung-seitenschweller-langer-verschluss-lancia-delta-integral-reproduktion\/#breadcrumb\",\"itemListElement\":[{\"@type\":\"ListItem\",\"position\":1,\"name\":\"Home\",\"item\":\"https:\/\/turijnmagazijn.nl\/de\/\"},{\"@type\":\"ListItem\",\"position\":2,\"name\":\"Produkte\",\"item\":\"https:\/\/turijnmagazijn.nl\/de\/shop\/\"},{\"@type\":\"ListItem\",\"position\":3,\"name\":\"Kunststoff-F\u00fchrungsschweller Seitenschweller Langer Anbau Lancia Delta Integrale -REPRODUKTION-\"}]},{\"@type\":\"WebSite\",\"@id\":\"https:\/\/turijnmagazijn.jumpstone-dev.nl\/#website\",\"url\":\"https:\/\/turijnmagazijn.jumpstone-dev.nl\/\",\"name\":\"Turijnmagazijn\",\"description\":\"Onderdelen nieuw en gebruikt - Fiat &amp; Lancia\",\"publisher\":{\"@id\":\"https:\/\/turijnmagazijn.jumpstone-dev.nl\/#organization\"},\"potentialAction\":[{\"@type\":\"SearchAction\",\"target\":{\"@type\":\"EntryPoint\",\"urlTemplate\":\"https:\/\/turijnmagazijn.jumpstone-dev.nl\/?s={search_term_string}\"},\"query-input\":{\"@type\":\"PropertyValueSpecification\",\"valueRequired\":true,\"valueName\":\"search_term_string\"}}],\"inLanguage\":\"de\"},{\"@type\":\"Organization\",\"@id\":\"https:\/\/turijnmagazijn.jumpstone-dev.nl\/#organization\",\"name\":\"Turijnmagazijn\",\"url\":\"https:\/\/turijnmagazijn.jumpstone-dev.nl\/\",\"logo\":{\"@type\":\"ImageObject\",\"inLanguage\":\"de\",\"@id\":\"https:\/\/turijnmagazijn.jumpstone-dev.nl\/#\/schema\/logo\/image\/\",\"url\":\"https:\/\/turijnmagazijn.nl\/wp-content\/uploads\/2021\/02\/turijnmagazijnlogo.png\",\"contentUrl\":\"https:\/\/turijnmagazijn.nl\/wp-content\/uploads\/2021\/02\/turijnmagazijnlogo.png\",\"width\":555,\"height\":270,\"caption\":\"Turijnmagazijn\"},\"image\":{\"@id\":\"https:\/\/turijnmagazijn.jumpstone-dev.nl\/#\/schema\/logo\/image\/\"},\"sameAs\":[\"https:\/\/www.facebook.com\/turijnmagazijn\"]}]}<\/script>\n<!-- \/ Yoast SEO plugin. -->","yoast_head_json":{"title":"Kunststoff-F\u00fchrungsschweller Seitenschweller Langer Anbau Lancia Delta Integrale -REPRODUKTION- Turijnmagazijn","robots":{"index":"index","follow":"follow","max-snippet":"max-snippet:-1","max-image-preview":"max-image-preview:large","max-video-preview":"max-video-preview:-1"},"canonical":"https:\/\/turijnmagazijn.nl\/de\/produkt\/kunststoff-fuhrung-seitenschweller-langer-verschluss-lancia-delta-integral-reproduktion\/","og_locale":"de_DE","og_type":"article","og_title":"Kunststoff-F\u00fchrungsschweller Seitenschweller Langer Anbau Lancia Delta Integrale -REPRODUKTION- Turijnmagazijn","og_description":"Kunststoff F\u00fchrung Seitenschweller Befestigung Lancia delta Integrale - Gebrauchte originale Befestigungsclips aus schwarzem Kunststoff zur Befestigung des Seitenschwellers am Auto. F\u00fchrungsschweller aus Kunststoff Kurze Befestigung Lancia delta Integrale - Gebraucht Herkunft","og_url":"https:\/\/turijnmagazijn.nl\/de\/produkt\/kunststoff-fuhrung-seitenschweller-langer-verschluss-lancia-delta-integral-reproduktion\/","og_site_name":"Turijnmagazijn","article_publisher":"https:\/\/www.facebook.com\/turijnmagazijn","article_modified_time":"2025-01-22T09:33:51+00:00","og_image":[{"width":1024,"height":768,"url":"https:\/\/turijnmagazijn.nl\/wp-content\/uploads\/2023\/03\/DN00100140-Plastic-geleider-side-skirt-Lang-bevestiging-Lancia-delta-Integrale-REPRODUCTIE-4-1.jpg","type":"image\/jpeg"}],"twitter_card":"summary_large_image","twitter_misc":{"Gesch\u00e4tzte Lesezeit":"1\u00a0Minute"},"schema":{"@context":"https:\/\/schema.org","@graph":[{"@type":"WebPage","@id":"https:\/\/turijnmagazijn.nl\/de\/produkt\/kunststoff-fuhrung-seitenschweller-langer-verschluss-lancia-delta-integral-reproduktion\/","url":"https:\/\/turijnmagazijn.nl\/de\/produkt\/kunststoff-fuhrung-seitenschweller-langer-verschluss-lancia-delta-integral-reproduktion\/","name":"Kunststoff-F\u00fchrungsschweller Seitenschweller Langer Anbau Lancia Delta Integrale -REPRODUKTION- Turijnmagazijn","isPartOf":{"@id":"https:\/\/turijnmagazijn.jumpstone-dev.nl\/#website"},"primaryImageOfPage":{"@id":"https:\/\/turijnmagazijn.nl\/de\/produkt\/kunststoff-fuhrung-seitenschweller-langer-verschluss-lancia-delta-integral-reproduktion\/#primaryimage"},"image":{"@id":"https:\/\/turijnmagazijn.nl\/de\/produkt\/kunststoff-fuhrung-seitenschweller-langer-verschluss-lancia-delta-integral-reproduktion\/#primaryimage"},"thumbnailUrl":"https:\/\/turijnmagazijn.nl\/wp-content\/uploads\/2023\/03\/DN00100140-Plastic-geleider-side-skirt-Lang-bevestiging-Lancia-delta-Integrale-REPRODUCTIE-4-1.jpg","datePublished":"2023-03-03T08:52:44+00:00","dateModified":"2025-01-22T09:33:51+00:00","breadcrumb":{"@id":"https:\/\/turijnmagazijn.nl\/de\/produkt\/kunststoff-fuhrung-seitenschweller-langer-verschluss-lancia-delta-integral-reproduktion\/#breadcrumb"},"inLanguage":"de","potentialAction":[{"@type":"ReadAction","target":["https:\/\/turijnmagazijn.nl\/de\/produkt\/kunststoff-fuhrung-seitenschweller-langer-verschluss-lancia-delta-integral-reproduktion\/"]}]},{"@type":"ImageObject","inLanguage":"de","@id":"https:\/\/turijnmagazijn.nl\/de\/produkt\/kunststoff-fuhrung-seitenschweller-langer-verschluss-lancia-delta-integral-reproduktion\/#primaryimage","url":"https:\/\/turijnmagazijn.nl\/wp-content\/uploads\/2023\/03\/DN00100140-Plastic-geleider-side-skirt-Lang-bevestiging-Lancia-delta-Integrale-REPRODUCTIE-4-1.jpg","contentUrl":"https:\/\/turijnmagazijn.nl\/wp-content\/uploads\/2023\/03\/DN00100140-Plastic-geleider-side-skirt-Lang-bevestiging-Lancia-delta-Integrale-REPRODUCTIE-4-1.jpg","width":1024,"height":768},{"@type":"BreadcrumbList","@id":"https:\/\/turijnmagazijn.nl\/de\/produkt\/kunststoff-fuhrung-seitenschweller-langer-verschluss-lancia-delta-integral-reproduktion\/#breadcrumb","itemListElement":[{"@type":"ListItem","position":1,"name":"Home","item":"https:\/\/turijnmagazijn.nl\/de\/"},{"@type":"ListItem","position":2,"name":"Produkte","item":"https:\/\/turijnmagazijn.nl\/de\/shop\/"},{"@type":"ListItem","position":3,"name":"Kunststoff-F\u00fchrungsschweller Seitenschweller Langer Anbau Lancia Delta Integrale -REPRODUKTION-"}]},{"@type":"WebSite","@id":"https:\/\/turijnmagazijn.jumpstone-dev.nl\/#website","url":"https:\/\/turijnmagazijn.jumpstone-dev.nl\/","name":"Turijnmagazijn","description":"Onderdelen nieuw en gebruikt - Fiat &amp; Lancia","publisher":{"@id":"https:\/\/turijnmagazijn.jumpstone-dev.nl\/#organization"},"potentialAction":[{"@type":"SearchAction","target":{"@type":"EntryPoint","urlTemplate":"https:\/\/turijnmagazijn.jumpstone-dev.nl\/?s={search_term_string}"},"query-input":{"@type":"PropertyValueSpecification","valueRequired":true,"valueName":"search_term_string"}}],"inLanguage":"de"},{"@type":"Organization","@id":"https:\/\/turijnmagazijn.jumpstone-dev.nl\/#organization","name":"Turijnmagazijn","url":"https:\/\/turijnmagazijn.jumpstone-dev.nl\/","logo":{"@type":"ImageObject","inLanguage":"de","@id":"https:\/\/turijnmagazijn.jumpstone-dev.nl\/#\/schema\/logo\/image\/","url":"https:\/\/turijnmagazijn.nl\/wp-content\/uploads\/2021\/02\/turijnmagazijnlogo.png","contentUrl":"https:\/\/turijnmagazijn.nl\/wp-content\/uploads\/2021\/02\/turijnmagazijnlogo.png","width":555,"height":270,"caption":"Turijnmagazijn"},"image":{"@id":"https:\/\/turijnmagazijn.jumpstone-dev.nl\/#\/schema\/logo\/image\/"},"sameAs":["https:\/\/www.facebook.com\/turijnmagazijn"]}]}},"_links":{"self":[{"href":"https:\/\/turijnmagazijn.nl\/de\/wp-json\/wp\/v2\/product\/65968","targetHints":{"allow":["GET"]}}],"collection":[{"href":"https:\/\/turijnmagazijn.nl\/de\/wp-json\/wp\/v2\/product"}],"about":[{"href":"https:\/\/turijnmagazijn.nl\/de\/wp-json\/wp\/v2\/types\/product"}],"replies":[{"embeddable":true,"href":"https:\/\/turijnmagazijn.nl\/de\/wp-json\/wp\/v2\/comments?post=65968"}],"wp:featuredmedia":[{"embeddable":true,"href":"https:\/\/turijnmagazijn.nl\/de\/wp-json\/wp\/v2\/media\/53321"}],"wp:attachment":[{"href":"https:\/\/turijnmagazijn.nl\/de\/wp-json\/wp\/v2\/media?parent=65968"}],"wp:term":[{"taxonomy":"product_brand","embeddable":true,"href":"https:\/\/turijnmagazijn.nl\/de\/wp-json\/wp\/v2\/product_brand?post=65968"},{"taxonomy":"product_cat","embeddable":true,"href":"https:\/\/turijnmagazijn.nl\/de\/wp-json\/wp\/v2\/product_cat?post=65968"},{"taxonomy":"product_tag","embeddable":true,"href":"https:\/\/turijnmagazijn.nl\/de\/wp-json\/wp\/v2\/product_tag?post=65968"}],"curies":[{"name":"wp","href":"https:\/\/api.w.org\/{rel}","templated":true}]}}