{"id":65980,"date":"2023-03-03T08:52:44","date_gmt":"2023-03-03T07:52:44","guid":{"rendered":"https:\/\/turijnmagazijn.nl\/product\/wielcenter-aufkleber-set-schwarzes-logo-lancia-delta-integrale-set-4-tlg-reproduktion\/"},"modified":"2025-12-29T19:42:33","modified_gmt":"2025-12-29T18:42:33","slug":"radmitte-aufkleber-set-schwarz-logo-lancia-delta-integral-set-4-st-reproduktion","status":"publish","type":"product","link":"https:\/\/turijnmagazijn.nl\/de\/produkt\/radmitte-aufkleber-set-schwarz-logo-lancia-delta-integral-set-4-st-reproduktion\/","title":{"rendered":"Nabenabziehbildersatz schwarz Logo Lancia Delta Integrale (Satz 4 St\u00fcck) -REPRODUKTION-"},"content":{"rendered":"<p><a style=\"background-color: #ffffff; color: #23527c; outline: 0px;\" href=\"https:\/\/turijnmagazijn.nl\/de\/postfachversand\/\" target=\"\" rel=\"noopener\"><img decoding=\"async\" src=\"https:\/\/www.delenkorf.nl\/image\/catalog\/brievenbus.png\"><\/a>  Betrifft einen Satz von 4 neuen Aufklebern f\u00fcr die Radkappenaussparung f\u00fcr Lancia Delta Integrale, Lancia Thema und Lancia Delta II. Dies ist ein nicht originaler Artikel. F\u00fcr alle, die eine g\u00fcnstige Alternative zu den oft besch\u00e4digten Radk\u00f6rpern suchen. Diese Aufkleber werden direkt auf das Nabenloch geklebt, da der Durchmesser von 55 mm exakt der Gr\u00f6\u00dfe des Ausschnitts f\u00fcr die originale Nabenabdeckung entspricht. Es handelt sich um einen hochwertigen Aufkleber mit schwarzem Lancia-Logo auf schwarzem Hintergrund, der f\u00fcr zus\u00e4tzlichen Glanz mit einer Gel-Kuppel \u00fcberzogen ist.  &nbsp;  G\u00fcnstige Alternative zur originalen Radkappenabdeckung, die von Lancia unter der Nummer 82355891 geliefert wurde und leider nicht mehr erh\u00e4ltlich ist.<\/p>\n","protected":false},"excerpt":{"rendered":"<p>Wielcenter Aufkleber Set Lancia Delta Integrale -REPRODUKTION- &#8211; Dies ist ein Set von 4 neuen Aufklebern f\u00fcr den Nabenabdeckungsausschnitt f\u00fcr Lancia Delta Integrale, Lancia Thema und Lancia delta II.Wielcenter Aufkleber Set schwarzes Logo Lancia Delta Integrale (Set 4<\/p>\n","protected":false},"featured_media":53409,"comment_status":"closed","ping_status":"closed","template":"","meta":{"_acf_changed":false},"product_brand":[],"product_cat":[1811,1847,1849,1807,1844,1817,1822,1826,1834,1829,1839,1797,1894,1904,1900],"product_tag":[],"class_list":{"0":"post-65980","1":"product","2":"type-product","3":"status-publish","4":"has-post-thumbnail","6":"product_cat-1-1-1-3-1-5-de","7":"product_cat-3-deurs-hpe-de","8":"product_cat-5-deurs-de","9":"product_cat-delta-1-831-de","10":"product_cat-delta-2-836-de","11":"product_cat-gt-i-e-de","12":"product_cat-hf-4wd-de","13":"product_cat-hf-turbo-de","14":"product_cat-integrale-16v-de","15":"product_cat-integrale-8v-de","16":"product_cat-integrale-evo-de","17":"product_cat-lancia-de","18":"product_cat-thema-834-de","19":"product_cat-thema-sedan-de","20":"product_cat-thema-sw-de","21":"pa_soort-onderdeel-schlusselanhanger-und-aufkleber","23":"first","24":"instock","25":"sale","26":"taxable","27":"shipping-taxable","28":"purchasable","29":"product-type-simple"},"acf":[],"yoast_head":"<!-- This site is optimized with the Yoast SEO plugin v27.3 - https:\/\/yoast.com\/product\/yoast-seo-wordpress\/ -->\n<title>Nabenabziehbildersatz schwarz Logo Lancia Delta Integrale (Satz 4 St\u00fcck) -REPRODUKTION- Turijnmagazijn<\/title>\n<meta name=\"robots\" content=\"index, follow, max-snippet:-1, max-image-preview:large, max-video-preview:-1\" \/>\n<link rel=\"canonical\" href=\"https:\/\/turijnmagazijn.nl\/de\/produkt\/radmitte-aufkleber-set-schwarz-logo-lancia-delta-integral-set-4-st-reproduktion\/\" \/>\n<meta property=\"og:locale\" content=\"de_DE\" \/>\n<meta property=\"og:type\" content=\"article\" \/>\n<meta property=\"og:title\" content=\"Nabenabziehbildersatz schwarz Logo Lancia Delta Integrale (Satz 4 St\u00fcck) -REPRODUKTION- Turijnmagazijn\" \/>\n<meta property=\"og:description\" content=\"Wielcenter Aufkleber Set Lancia Delta Integrale -REPRODUKTION- - Dies ist ein Set von 4 neuen Aufklebern f\u00fcr den Nabenabdeckungsausschnitt f\u00fcr Lancia Delta Integrale, Lancia Thema und Lancia delta II.Wielcenter Aufkleber Set schwarzes Logo Lancia Delta Integrale (Set 4\" \/>\n<meta property=\"og:url\" content=\"https:\/\/turijnmagazijn.nl\/de\/produkt\/radmitte-aufkleber-set-schwarz-logo-lancia-delta-integral-set-4-st-reproduktion\/\" \/>\n<meta property=\"og:site_name\" content=\"Turijnmagazijn\" \/>\n<meta property=\"article:publisher\" content=\"https:\/\/www.facebook.com\/turijnmagazijn\" \/>\n<meta property=\"article:modified_time\" content=\"2025-12-29T18:42:33+00:00\" \/>\n<meta property=\"og:image\" content=\"https:\/\/turijnmagazijn.nl\/wp-content\/uploads\/2023\/03\/DN00100143-Wielcenter-sticker-set-zwart-logo-Lancia-Delta-Integrale-set-4-st.-REPRODUCTIE-2.jpg\" \/>\n\t<meta property=\"og:image:width\" content=\"1024\" \/>\n\t<meta property=\"og:image:height\" content=\"768\" \/>\n\t<meta property=\"og:image:type\" content=\"image\/jpeg\" \/>\n<meta name=\"twitter:card\" content=\"summary_large_image\" \/>\n<meta name=\"twitter:label1\" content=\"Gesch\u00e4tzte Lesezeit\" \/>\n\t<meta name=\"twitter:data1\" content=\"1\u00a0Minute\" \/>\n<script type=\"application\/ld+json\" class=\"yoast-schema-graph\">{\"@context\":\"https:\\\/\\\/schema.org\",\"@graph\":[{\"@type\":\"WebPage\",\"@id\":\"https:\\\/\\\/turijnmagazijn.nl\\\/de\\\/produkt\\\/radmitte-aufkleber-set-schwarz-logo-lancia-delta-integral-set-4-st-reproduktion\\\/\",\"url\":\"https:\\\/\\\/turijnmagazijn.nl\\\/de\\\/produkt\\\/radmitte-aufkleber-set-schwarz-logo-lancia-delta-integral-set-4-st-reproduktion\\\/\",\"name\":\"Nabenabziehbildersatz schwarz Logo Lancia Delta Integrale (Satz 4 St\u00fcck) -REPRODUKTION- Turijnmagazijn\",\"isPartOf\":{\"@id\":\"https:\\\/\\\/turijnmagazijn.jumpstone-dev.nl\\\/#website\"},\"primaryImageOfPage\":{\"@id\":\"https:\\\/\\\/turijnmagazijn.nl\\\/de\\\/produkt\\\/radmitte-aufkleber-set-schwarz-logo-lancia-delta-integral-set-4-st-reproduktion\\\/#primaryimage\"},\"image\":{\"@id\":\"https:\\\/\\\/turijnmagazijn.nl\\\/de\\\/produkt\\\/radmitte-aufkleber-set-schwarz-logo-lancia-delta-integral-set-4-st-reproduktion\\\/#primaryimage\"},\"thumbnailUrl\":\"https:\\\/\\\/turijnmagazijn.nl\\\/wp-content\\\/uploads\\\/2023\\\/03\\\/DN00100143-Wielcenter-sticker-set-zwart-logo-Lancia-Delta-Integrale-set-4-st.-REPRODUCTIE-2.jpg\",\"datePublished\":\"2023-03-03T07:52:44+00:00\",\"dateModified\":\"2025-12-29T18:42:33+00:00\",\"breadcrumb\":{\"@id\":\"https:\\\/\\\/turijnmagazijn.nl\\\/de\\\/produkt\\\/radmitte-aufkleber-set-schwarz-logo-lancia-delta-integral-set-4-st-reproduktion\\\/#breadcrumb\"},\"inLanguage\":\"de\",\"potentialAction\":[{\"@type\":\"ReadAction\",\"target\":[\"https:\\\/\\\/turijnmagazijn.nl\\\/de\\\/produkt\\\/radmitte-aufkleber-set-schwarz-logo-lancia-delta-integral-set-4-st-reproduktion\\\/\"]}]},{\"@type\":\"ImageObject\",\"inLanguage\":\"de\",\"@id\":\"https:\\\/\\\/turijnmagazijn.nl\\\/de\\\/produkt\\\/radmitte-aufkleber-set-schwarz-logo-lancia-delta-integral-set-4-st-reproduktion\\\/#primaryimage\",\"url\":\"https:\\\/\\\/turijnmagazijn.nl\\\/wp-content\\\/uploads\\\/2023\\\/03\\\/DN00100143-Wielcenter-sticker-set-zwart-logo-Lancia-Delta-Integrale-set-4-st.-REPRODUCTIE-2.jpg\",\"contentUrl\":\"https:\\\/\\\/turijnmagazijn.nl\\\/wp-content\\\/uploads\\\/2023\\\/03\\\/DN00100143-Wielcenter-sticker-set-zwart-logo-Lancia-Delta-Integrale-set-4-st.-REPRODUCTIE-2.jpg\",\"width\":1024,\"height\":768},{\"@type\":\"BreadcrumbList\",\"@id\":\"https:\\\/\\\/turijnmagazijn.nl\\\/de\\\/produkt\\\/radmitte-aufkleber-set-schwarz-logo-lancia-delta-integral-set-4-st-reproduktion\\\/#breadcrumb\",\"itemListElement\":[{\"@type\":\"ListItem\",\"position\":1,\"name\":\"Home\",\"item\":\"https:\\\/\\\/turijnmagazijn.nl\\\/de\\\/\"},{\"@type\":\"ListItem\",\"position\":2,\"name\":\"Produkte\",\"item\":\"https:\\\/\\\/turijnmagazijn.nl\\\/de\\\/shop\\\/\"},{\"@type\":\"ListItem\",\"position\":3,\"name\":\"Nabenabziehbildersatz schwarz Logo Lancia Delta Integrale (Satz 4 St\u00fcck) -REPRODUKTION-\"}]},{\"@type\":\"WebSite\",\"@id\":\"https:\\\/\\\/turijnmagazijn.jumpstone-dev.nl\\\/#website\",\"url\":\"https:\\\/\\\/turijnmagazijn.jumpstone-dev.nl\\\/\",\"name\":\"Turijnmagazijn\",\"description\":\"Onderdelen nieuw en gebruikt - Fiat &amp; Lancia\",\"publisher\":{\"@id\":\"https:\\\/\\\/turijnmagazijn.jumpstone-dev.nl\\\/#organization\"},\"potentialAction\":[{\"@type\":\"SearchAction\",\"target\":{\"@type\":\"EntryPoint\",\"urlTemplate\":\"https:\\\/\\\/turijnmagazijn.jumpstone-dev.nl\\\/?s={search_term_string}\"},\"query-input\":{\"@type\":\"PropertyValueSpecification\",\"valueRequired\":true,\"valueName\":\"search_term_string\"}}],\"inLanguage\":\"de\"},{\"@type\":\"Organization\",\"@id\":\"https:\\\/\\\/turijnmagazijn.jumpstone-dev.nl\\\/#organization\",\"name\":\"Turijnmagazijn\",\"url\":\"https:\\\/\\\/turijnmagazijn.jumpstone-dev.nl\\\/\",\"logo\":{\"@type\":\"ImageObject\",\"inLanguage\":\"de\",\"@id\":\"https:\\\/\\\/turijnmagazijn.jumpstone-dev.nl\\\/#\\\/schema\\\/logo\\\/image\\\/\",\"url\":\"https:\\\/\\\/turijnmagazijn.nl\\\/wp-content\\\/uploads\\\/2021\\\/02\\\/turijnmagazijnlogo.png\",\"contentUrl\":\"https:\\\/\\\/turijnmagazijn.nl\\\/wp-content\\\/uploads\\\/2021\\\/02\\\/turijnmagazijnlogo.png\",\"width\":555,\"height\":270,\"caption\":\"Turijnmagazijn\"},\"image\":{\"@id\":\"https:\\\/\\\/turijnmagazijn.jumpstone-dev.nl\\\/#\\\/schema\\\/logo\\\/image\\\/\"},\"sameAs\":[\"https:\\\/\\\/www.facebook.com\\\/turijnmagazijn\"]}]}<\/script>\n<!-- \/ Yoast SEO plugin. -->","yoast_head_json":{"title":"Nabenabziehbildersatz schwarz Logo Lancia Delta Integrale (Satz 4 St\u00fcck) -REPRODUKTION- Turijnmagazijn","robots":{"index":"index","follow":"follow","max-snippet":"max-snippet:-1","max-image-preview":"max-image-preview:large","max-video-preview":"max-video-preview:-1"},"canonical":"https:\/\/turijnmagazijn.nl\/de\/produkt\/radmitte-aufkleber-set-schwarz-logo-lancia-delta-integral-set-4-st-reproduktion\/","og_locale":"de_DE","og_type":"article","og_title":"Nabenabziehbildersatz schwarz Logo Lancia Delta Integrale (Satz 4 St\u00fcck) -REPRODUKTION- Turijnmagazijn","og_description":"Wielcenter Aufkleber Set Lancia Delta Integrale -REPRODUKTION- - Dies ist ein Set von 4 neuen Aufklebern f\u00fcr den Nabenabdeckungsausschnitt f\u00fcr Lancia Delta Integrale, Lancia Thema und Lancia delta II.Wielcenter Aufkleber Set schwarzes Logo Lancia Delta Integrale (Set 4","og_url":"https:\/\/turijnmagazijn.nl\/de\/produkt\/radmitte-aufkleber-set-schwarz-logo-lancia-delta-integral-set-4-st-reproduktion\/","og_site_name":"Turijnmagazijn","article_publisher":"https:\/\/www.facebook.com\/turijnmagazijn","article_modified_time":"2025-12-29T18:42:33+00:00","og_image":[{"width":1024,"height":768,"url":"https:\/\/turijnmagazijn.nl\/wp-content\/uploads\/2023\/03\/DN00100143-Wielcenter-sticker-set-zwart-logo-Lancia-Delta-Integrale-set-4-st.-REPRODUCTIE-2.jpg","type":"image\/jpeg"}],"twitter_card":"summary_large_image","twitter_misc":{"Gesch\u00e4tzte Lesezeit":"1\u00a0Minute"},"schema":{"@context":"https:\/\/schema.org","@graph":[{"@type":"WebPage","@id":"https:\/\/turijnmagazijn.nl\/de\/produkt\/radmitte-aufkleber-set-schwarz-logo-lancia-delta-integral-set-4-st-reproduktion\/","url":"https:\/\/turijnmagazijn.nl\/de\/produkt\/radmitte-aufkleber-set-schwarz-logo-lancia-delta-integral-set-4-st-reproduktion\/","name":"Nabenabziehbildersatz schwarz Logo Lancia Delta Integrale (Satz 4 St\u00fcck) -REPRODUKTION- Turijnmagazijn","isPartOf":{"@id":"https:\/\/turijnmagazijn.jumpstone-dev.nl\/#website"},"primaryImageOfPage":{"@id":"https:\/\/turijnmagazijn.nl\/de\/produkt\/radmitte-aufkleber-set-schwarz-logo-lancia-delta-integral-set-4-st-reproduktion\/#primaryimage"},"image":{"@id":"https:\/\/turijnmagazijn.nl\/de\/produkt\/radmitte-aufkleber-set-schwarz-logo-lancia-delta-integral-set-4-st-reproduktion\/#primaryimage"},"thumbnailUrl":"https:\/\/turijnmagazijn.nl\/wp-content\/uploads\/2023\/03\/DN00100143-Wielcenter-sticker-set-zwart-logo-Lancia-Delta-Integrale-set-4-st.-REPRODUCTIE-2.jpg","datePublished":"2023-03-03T07:52:44+00:00","dateModified":"2025-12-29T18:42:33+00:00","breadcrumb":{"@id":"https:\/\/turijnmagazijn.nl\/de\/produkt\/radmitte-aufkleber-set-schwarz-logo-lancia-delta-integral-set-4-st-reproduktion\/#breadcrumb"},"inLanguage":"de","potentialAction":[{"@type":"ReadAction","target":["https:\/\/turijnmagazijn.nl\/de\/produkt\/radmitte-aufkleber-set-schwarz-logo-lancia-delta-integral-set-4-st-reproduktion\/"]}]},{"@type":"ImageObject","inLanguage":"de","@id":"https:\/\/turijnmagazijn.nl\/de\/produkt\/radmitte-aufkleber-set-schwarz-logo-lancia-delta-integral-set-4-st-reproduktion\/#primaryimage","url":"https:\/\/turijnmagazijn.nl\/wp-content\/uploads\/2023\/03\/DN00100143-Wielcenter-sticker-set-zwart-logo-Lancia-Delta-Integrale-set-4-st.-REPRODUCTIE-2.jpg","contentUrl":"https:\/\/turijnmagazijn.nl\/wp-content\/uploads\/2023\/03\/DN00100143-Wielcenter-sticker-set-zwart-logo-Lancia-Delta-Integrale-set-4-st.-REPRODUCTIE-2.jpg","width":1024,"height":768},{"@type":"BreadcrumbList","@id":"https:\/\/turijnmagazijn.nl\/de\/produkt\/radmitte-aufkleber-set-schwarz-logo-lancia-delta-integral-set-4-st-reproduktion\/#breadcrumb","itemListElement":[{"@type":"ListItem","position":1,"name":"Home","item":"https:\/\/turijnmagazijn.nl\/de\/"},{"@type":"ListItem","position":2,"name":"Produkte","item":"https:\/\/turijnmagazijn.nl\/de\/shop\/"},{"@type":"ListItem","position":3,"name":"Nabenabziehbildersatz schwarz Logo Lancia Delta Integrale (Satz 4 St\u00fcck) -REPRODUKTION-"}]},{"@type":"WebSite","@id":"https:\/\/turijnmagazijn.jumpstone-dev.nl\/#website","url":"https:\/\/turijnmagazijn.jumpstone-dev.nl\/","name":"Turijnmagazijn","description":"Onderdelen nieuw en gebruikt - Fiat &amp; Lancia","publisher":{"@id":"https:\/\/turijnmagazijn.jumpstone-dev.nl\/#organization"},"potentialAction":[{"@type":"SearchAction","target":{"@type":"EntryPoint","urlTemplate":"https:\/\/turijnmagazijn.jumpstone-dev.nl\/?s={search_term_string}"},"query-input":{"@type":"PropertyValueSpecification","valueRequired":true,"valueName":"search_term_string"}}],"inLanguage":"de"},{"@type":"Organization","@id":"https:\/\/turijnmagazijn.jumpstone-dev.nl\/#organization","name":"Turijnmagazijn","url":"https:\/\/turijnmagazijn.jumpstone-dev.nl\/","logo":{"@type":"ImageObject","inLanguage":"de","@id":"https:\/\/turijnmagazijn.jumpstone-dev.nl\/#\/schema\/logo\/image\/","url":"https:\/\/turijnmagazijn.nl\/wp-content\/uploads\/2021\/02\/turijnmagazijnlogo.png","contentUrl":"https:\/\/turijnmagazijn.nl\/wp-content\/uploads\/2021\/02\/turijnmagazijnlogo.png","width":555,"height":270,"caption":"Turijnmagazijn"},"image":{"@id":"https:\/\/turijnmagazijn.jumpstone-dev.nl\/#\/schema\/logo\/image\/"},"sameAs":["https:\/\/www.facebook.com\/turijnmagazijn"]}]}},"_links":{"self":[{"href":"https:\/\/turijnmagazijn.nl\/de\/wp-json\/wp\/v2\/product\/65980","targetHints":{"allow":["GET"]}}],"collection":[{"href":"https:\/\/turijnmagazijn.nl\/de\/wp-json\/wp\/v2\/product"}],"about":[{"href":"https:\/\/turijnmagazijn.nl\/de\/wp-json\/wp\/v2\/types\/product"}],"replies":[{"embeddable":true,"href":"https:\/\/turijnmagazijn.nl\/de\/wp-json\/wp\/v2\/comments?post=65980"}],"wp:featuredmedia":[{"embeddable":true,"href":"https:\/\/turijnmagazijn.nl\/de\/wp-json\/wp\/v2\/media\/53409"}],"wp:attachment":[{"href":"https:\/\/turijnmagazijn.nl\/de\/wp-json\/wp\/v2\/media?parent=65980"}],"wp:term":[{"taxonomy":"product_brand","embeddable":true,"href":"https:\/\/turijnmagazijn.nl\/de\/wp-json\/wp\/v2\/product_brand?post=65980"},{"taxonomy":"product_cat","embeddable":true,"href":"https:\/\/turijnmagazijn.nl\/de\/wp-json\/wp\/v2\/product_cat?post=65980"},{"taxonomy":"product_tag","embeddable":true,"href":"https:\/\/turijnmagazijn.nl\/de\/wp-json\/wp\/v2\/product_tag?post=65980"}],"curies":[{"name":"wp","href":"https:\/\/api.w.org\/{rel}","templated":true}]}}