{"id":65987,"date":"2023-03-03T09:53:05","date_gmt":"2023-03-03T08:53:05","guid":{"rendered":"https:\/\/turijnmagazijn.nl\/product\/radkappe-schwarz-fiat-500x-original-alufelgen\/"},"modified":"2025-07-31T17:39:42","modified_gmt":"2025-07-31T15:39:42","slug":"radkappe-schwarz-fiat-500x-original-alufelgen","status":"publish","type":"product","link":"https:\/\/turijnmagazijn.nl\/de\/produkt\/radkappe-schwarz-fiat-500x-original-alufelgen\/","title":{"rendered":"Nabenabdeckung Schwarz Fiat 500X Original Leichtmetallr\u00e4der"},"content":{"rendered":"<p>Neuer Nachahmungsartikel passend f\u00fcr Fiat 500X.<\/p>\n<p>Es handelt sich um die schwarze Version (es gibt auch eine Version mit metallfarbenem Randakzent).<\/p>\n<p>Diese Kappen sind nicht mit dem Federring ausgestattet (obwohl er auf dem Foto zu sehen ist). Dieser kann einfach von den alten \u00fcbernommen werden. Die Montage ohne die Feder ist ebenfalls m\u00f6glich. Die geringere Klemmkraft kann von Vorteil sein, um ein Abbrechen der Beine zu verhindern. Die Klemmkraft des Kunststoffs ist mehr als ausreichend, um zu verhindern, dass die Kappen unterwegs verloren gehen.   <\/p>\n<p>Betrifft 1 Exemplar der Nabenabdeckung \/ Nabenkappe \/ Zentrierkappe f\u00fcr Leichtmetallr\u00e4der f\u00fcr Fiat 500X Es gibt eine gro\u00dfe Anzahl verschiedener Felgen f\u00fcr den 500X, <span style=\"font-weight: bold;\">die alle die gleiche Nabenabdeckung verwenden<\/span>.<\/p>\n<p><span style=\"font-style: italic;\">Wird die Nabenabdeckung falsch entfernt, bricht oft ein Klemmbein ab und die Nabenkappe geht verloren oder kann nicht mehr montiert werden. Verwenden Sie beim Entfernen der Nabenabdeckung immer ein Spezialwerkzeug, das in den Schlitz in der Nabenabdeckung eingesetzt werden kann, um die Nabenabdeckung ohne Besch\u00e4digung zu entfernen.<\/span><\/p>\n<p>Diese Nabenabdeckung passt auf die folgenden Felgentypen;<\/p>\n<table class=\"table table-bordered\" style=\"background-color: #ffffff; width: 811.818px;\">\n<tbody>\n<tr>\n<td style=\"line-height: 1.42857;\">Fiat 500X Sport<\/td>\n<td style=\"line-height: 1.42857;\">735624968<\/td>\n<\/tr>\n<tr>\n<td style=\"line-height: 1.42857;\">Fiat 500X<\/td>\n<td style=\"line-height: 1.42857;\">6AP26MXFAA<\/td>\n<\/tr>\n<tr>\n<td style=\"line-height: 1.42857;\">Fiat 500X<\/td>\n<td style=\"line-height: 1.42857;\">6AN66U3JAA<\/td>\n<\/tr>\n<tr>\n<td style=\"line-height: 1.42857;\">Fiat 500X<\/td>\n<td style=\"line-height: 1.42857;\">735612564<\/td>\n<\/tr>\n<tr>\n<td style=\"line-height: 1.42857;\">Fiat 500X<\/td>\n<td style=\"line-height: 1.42857;\">6AN71U24AA<\/td>\n<\/tr>\n<tr>\n<td style=\"line-height: 1.42857;\">Fiat 500X<\/td>\n<td style=\"line-height: 1.42857;\">6AN70MAAAA<\/td>\n<\/tr>\n<\/tbody>\n<\/table>\n<p>Die Nabenabdeckung selbst hat die folgende Teilenummer:<\/p>\n<p>OEM Fiat 735626311<\/p>\n","protected":false},"excerpt":{"rendered":"<p>Nabenabdeckung Schwarz Fiat 500X Original Alufelgen &#8211; Neuer originaler OEM-Artikel f\u00fcr Fiat 500X produziert.<\/p>\n","protected":false},"featured_media":53465,"comment_status":"closed","ping_status":"closed","template":"","meta":{"_acf_changed":false},"product_brand":[],"product_cat":[1698,1689],"product_tag":[],"class_list":{"0":"post-65987","1":"product","2":"type-product","3":"status-publish","4":"has-post-thumbnail","6":"product_cat-500x-334-de","7":"product_cat-fiat-de","8":"pa_soort-onderdeel-interieur-und-polsterung","10":"first","11":"instock","12":"taxable","13":"shipping-taxable","14":"purchasable","15":"product-type-simple"},"acf":[],"yoast_head":"<!-- This site is optimized with the Yoast SEO plugin v27.2 - https:\/\/yoast.com\/product\/yoast-seo-wordpress\/ -->\n<title>Nabenabdeckung Schwarz Fiat 500X Original Leichtmetallr\u00e4der - Turijnmagazijn<\/title>\n<meta name=\"robots\" content=\"index, follow, max-snippet:-1, max-image-preview:large, max-video-preview:-1\" \/>\n<link rel=\"canonical\" href=\"https:\/\/turijnmagazijn.nl\/de\/produkt\/radkappe-schwarz-fiat-500x-original-alufelgen\/\" \/>\n<meta property=\"og:locale\" content=\"de_DE\" \/>\n<meta property=\"og:type\" content=\"article\" \/>\n<meta property=\"og:title\" content=\"Nabenabdeckung Schwarz Fiat 500X Original Leichtmetallr\u00e4der - Turijnmagazijn\" \/>\n<meta property=\"og:description\" content=\"Nabenabdeckung Schwarz Fiat 500X Original Alufelgen - Neuer originaler OEM-Artikel f\u00fcr Fiat 500X produziert.\" \/>\n<meta property=\"og:url\" content=\"https:\/\/turijnmagazijn.nl\/de\/produkt\/radkappe-schwarz-fiat-500x-original-alufelgen\/\" \/>\n<meta property=\"og:site_name\" content=\"Turijnmagazijn\" \/>\n<meta property=\"article:publisher\" content=\"https:\/\/www.facebook.com\/turijnmagazijn\" \/>\n<meta property=\"article:modified_time\" content=\"2025-07-31T15:39:42+00:00\" \/>\n<meta property=\"og:image\" content=\"https:\/\/turijnmagazijn.nl\/wp-content\/uploads\/2023\/03\/DN00100147-Naafdeksel-Zwart-Fiat-500X-originele-lichtmetalen-velgen-3-1.jpg\" \/>\n\t<meta property=\"og:image:width\" content=\"1024\" \/>\n\t<meta property=\"og:image:height\" content=\"768\" \/>\n\t<meta property=\"og:image:type\" content=\"image\/jpeg\" \/>\n<meta name=\"twitter:card\" content=\"summary_large_image\" \/>\n<meta name=\"twitter:label1\" content=\"Gesch\u00e4tzte Lesezeit\" \/>\n\t<meta name=\"twitter:data1\" content=\"1\u00a0Minute\" \/>\n<script type=\"application\/ld+json\" class=\"yoast-schema-graph\">{\"@context\":\"https:\/\/schema.org\",\"@graph\":[{\"@type\":\"WebPage\",\"@id\":\"https:\/\/turijnmagazijn.nl\/de\/produkt\/radkappe-schwarz-fiat-500x-original-alufelgen\/\",\"url\":\"https:\/\/turijnmagazijn.nl\/de\/produkt\/radkappe-schwarz-fiat-500x-original-alufelgen\/\",\"name\":\"Nabenabdeckung Schwarz Fiat 500X Original Leichtmetallr\u00e4der - Turijnmagazijn\",\"isPartOf\":{\"@id\":\"https:\/\/turijnmagazijn.jumpstone-dev.nl\/#website\"},\"primaryImageOfPage\":{\"@id\":\"https:\/\/turijnmagazijn.nl\/de\/produkt\/radkappe-schwarz-fiat-500x-original-alufelgen\/#primaryimage\"},\"image\":{\"@id\":\"https:\/\/turijnmagazijn.nl\/de\/produkt\/radkappe-schwarz-fiat-500x-original-alufelgen\/#primaryimage\"},\"thumbnailUrl\":\"https:\/\/turijnmagazijn.nl\/wp-content\/uploads\/2023\/03\/DN00100147-Naafdeksel-Zwart-Fiat-500X-originele-lichtmetalen-velgen-3-1.jpg\",\"datePublished\":\"2023-03-03T08:53:05+00:00\",\"dateModified\":\"2025-07-31T15:39:42+00:00\",\"breadcrumb\":{\"@id\":\"https:\/\/turijnmagazijn.nl\/de\/produkt\/radkappe-schwarz-fiat-500x-original-alufelgen\/#breadcrumb\"},\"inLanguage\":\"de\",\"potentialAction\":[{\"@type\":\"ReadAction\",\"target\":[\"https:\/\/turijnmagazijn.nl\/de\/produkt\/radkappe-schwarz-fiat-500x-original-alufelgen\/\"]}]},{\"@type\":\"ImageObject\",\"inLanguage\":\"de\",\"@id\":\"https:\/\/turijnmagazijn.nl\/de\/produkt\/radkappe-schwarz-fiat-500x-original-alufelgen\/#primaryimage\",\"url\":\"https:\/\/turijnmagazijn.nl\/wp-content\/uploads\/2023\/03\/DN00100147-Naafdeksel-Zwart-Fiat-500X-originele-lichtmetalen-velgen-3-1.jpg\",\"contentUrl\":\"https:\/\/turijnmagazijn.nl\/wp-content\/uploads\/2023\/03\/DN00100147-Naafdeksel-Zwart-Fiat-500X-originele-lichtmetalen-velgen-3-1.jpg\",\"width\":1024,\"height\":768},{\"@type\":\"BreadcrumbList\",\"@id\":\"https:\/\/turijnmagazijn.nl\/de\/produkt\/radkappe-schwarz-fiat-500x-original-alufelgen\/#breadcrumb\",\"itemListElement\":[{\"@type\":\"ListItem\",\"position\":1,\"name\":\"Home\",\"item\":\"https:\/\/turijnmagazijn.nl\/de\/\"},{\"@type\":\"ListItem\",\"position\":2,\"name\":\"Produkte\",\"item\":\"https:\/\/turijnmagazijn.nl\/de\/shop\/\"},{\"@type\":\"ListItem\",\"position\":3,\"name\":\"Nabenabdeckung Schwarz Fiat 500X Original Leichtmetallr\u00e4der\"}]},{\"@type\":\"WebSite\",\"@id\":\"https:\/\/turijnmagazijn.jumpstone-dev.nl\/#website\",\"url\":\"https:\/\/turijnmagazijn.jumpstone-dev.nl\/\",\"name\":\"Turijnmagazijn\",\"description\":\"Onderdelen nieuw en gebruikt - Fiat &amp; Lancia\",\"publisher\":{\"@id\":\"https:\/\/turijnmagazijn.jumpstone-dev.nl\/#organization\"},\"potentialAction\":[{\"@type\":\"SearchAction\",\"target\":{\"@type\":\"EntryPoint\",\"urlTemplate\":\"https:\/\/turijnmagazijn.jumpstone-dev.nl\/?s={search_term_string}\"},\"query-input\":{\"@type\":\"PropertyValueSpecification\",\"valueRequired\":true,\"valueName\":\"search_term_string\"}}],\"inLanguage\":\"de\"},{\"@type\":\"Organization\",\"@id\":\"https:\/\/turijnmagazijn.jumpstone-dev.nl\/#organization\",\"name\":\"Turijnmagazijn\",\"url\":\"https:\/\/turijnmagazijn.jumpstone-dev.nl\/\",\"logo\":{\"@type\":\"ImageObject\",\"inLanguage\":\"de\",\"@id\":\"https:\/\/turijnmagazijn.jumpstone-dev.nl\/#\/schema\/logo\/image\/\",\"url\":\"https:\/\/turijnmagazijn.nl\/wp-content\/uploads\/2021\/02\/turijnmagazijnlogo.png\",\"contentUrl\":\"https:\/\/turijnmagazijn.nl\/wp-content\/uploads\/2021\/02\/turijnmagazijnlogo.png\",\"width\":555,\"height\":270,\"caption\":\"Turijnmagazijn\"},\"image\":{\"@id\":\"https:\/\/turijnmagazijn.jumpstone-dev.nl\/#\/schema\/logo\/image\/\"},\"sameAs\":[\"https:\/\/www.facebook.com\/turijnmagazijn\"]}]}<\/script>\n<!-- \/ Yoast SEO plugin. -->","yoast_head_json":{"title":"Nabenabdeckung Schwarz Fiat 500X Original Leichtmetallr\u00e4der - Turijnmagazijn","robots":{"index":"index","follow":"follow","max-snippet":"max-snippet:-1","max-image-preview":"max-image-preview:large","max-video-preview":"max-video-preview:-1"},"canonical":"https:\/\/turijnmagazijn.nl\/de\/produkt\/radkappe-schwarz-fiat-500x-original-alufelgen\/","og_locale":"de_DE","og_type":"article","og_title":"Nabenabdeckung Schwarz Fiat 500X Original Leichtmetallr\u00e4der - Turijnmagazijn","og_description":"Nabenabdeckung Schwarz Fiat 500X Original Alufelgen - Neuer originaler OEM-Artikel f\u00fcr Fiat 500X produziert.","og_url":"https:\/\/turijnmagazijn.nl\/de\/produkt\/radkappe-schwarz-fiat-500x-original-alufelgen\/","og_site_name":"Turijnmagazijn","article_publisher":"https:\/\/www.facebook.com\/turijnmagazijn","article_modified_time":"2025-07-31T15:39:42+00:00","og_image":[{"width":1024,"height":768,"url":"https:\/\/turijnmagazijn.nl\/wp-content\/uploads\/2023\/03\/DN00100147-Naafdeksel-Zwart-Fiat-500X-originele-lichtmetalen-velgen-3-1.jpg","type":"image\/jpeg"}],"twitter_card":"summary_large_image","twitter_misc":{"Gesch\u00e4tzte Lesezeit":"1\u00a0Minute"},"schema":{"@context":"https:\/\/schema.org","@graph":[{"@type":"WebPage","@id":"https:\/\/turijnmagazijn.nl\/de\/produkt\/radkappe-schwarz-fiat-500x-original-alufelgen\/","url":"https:\/\/turijnmagazijn.nl\/de\/produkt\/radkappe-schwarz-fiat-500x-original-alufelgen\/","name":"Nabenabdeckung Schwarz Fiat 500X Original Leichtmetallr\u00e4der - Turijnmagazijn","isPartOf":{"@id":"https:\/\/turijnmagazijn.jumpstone-dev.nl\/#website"},"primaryImageOfPage":{"@id":"https:\/\/turijnmagazijn.nl\/de\/produkt\/radkappe-schwarz-fiat-500x-original-alufelgen\/#primaryimage"},"image":{"@id":"https:\/\/turijnmagazijn.nl\/de\/produkt\/radkappe-schwarz-fiat-500x-original-alufelgen\/#primaryimage"},"thumbnailUrl":"https:\/\/turijnmagazijn.nl\/wp-content\/uploads\/2023\/03\/DN00100147-Naafdeksel-Zwart-Fiat-500X-originele-lichtmetalen-velgen-3-1.jpg","datePublished":"2023-03-03T08:53:05+00:00","dateModified":"2025-07-31T15:39:42+00:00","breadcrumb":{"@id":"https:\/\/turijnmagazijn.nl\/de\/produkt\/radkappe-schwarz-fiat-500x-original-alufelgen\/#breadcrumb"},"inLanguage":"de","potentialAction":[{"@type":"ReadAction","target":["https:\/\/turijnmagazijn.nl\/de\/produkt\/radkappe-schwarz-fiat-500x-original-alufelgen\/"]}]},{"@type":"ImageObject","inLanguage":"de","@id":"https:\/\/turijnmagazijn.nl\/de\/produkt\/radkappe-schwarz-fiat-500x-original-alufelgen\/#primaryimage","url":"https:\/\/turijnmagazijn.nl\/wp-content\/uploads\/2023\/03\/DN00100147-Naafdeksel-Zwart-Fiat-500X-originele-lichtmetalen-velgen-3-1.jpg","contentUrl":"https:\/\/turijnmagazijn.nl\/wp-content\/uploads\/2023\/03\/DN00100147-Naafdeksel-Zwart-Fiat-500X-originele-lichtmetalen-velgen-3-1.jpg","width":1024,"height":768},{"@type":"BreadcrumbList","@id":"https:\/\/turijnmagazijn.nl\/de\/produkt\/radkappe-schwarz-fiat-500x-original-alufelgen\/#breadcrumb","itemListElement":[{"@type":"ListItem","position":1,"name":"Home","item":"https:\/\/turijnmagazijn.nl\/de\/"},{"@type":"ListItem","position":2,"name":"Produkte","item":"https:\/\/turijnmagazijn.nl\/de\/shop\/"},{"@type":"ListItem","position":3,"name":"Nabenabdeckung Schwarz Fiat 500X Original Leichtmetallr\u00e4der"}]},{"@type":"WebSite","@id":"https:\/\/turijnmagazijn.jumpstone-dev.nl\/#website","url":"https:\/\/turijnmagazijn.jumpstone-dev.nl\/","name":"Turijnmagazijn","description":"Onderdelen nieuw en gebruikt - Fiat &amp; Lancia","publisher":{"@id":"https:\/\/turijnmagazijn.jumpstone-dev.nl\/#organization"},"potentialAction":[{"@type":"SearchAction","target":{"@type":"EntryPoint","urlTemplate":"https:\/\/turijnmagazijn.jumpstone-dev.nl\/?s={search_term_string}"},"query-input":{"@type":"PropertyValueSpecification","valueRequired":true,"valueName":"search_term_string"}}],"inLanguage":"de"},{"@type":"Organization","@id":"https:\/\/turijnmagazijn.jumpstone-dev.nl\/#organization","name":"Turijnmagazijn","url":"https:\/\/turijnmagazijn.jumpstone-dev.nl\/","logo":{"@type":"ImageObject","inLanguage":"de","@id":"https:\/\/turijnmagazijn.jumpstone-dev.nl\/#\/schema\/logo\/image\/","url":"https:\/\/turijnmagazijn.nl\/wp-content\/uploads\/2021\/02\/turijnmagazijnlogo.png","contentUrl":"https:\/\/turijnmagazijn.nl\/wp-content\/uploads\/2021\/02\/turijnmagazijnlogo.png","width":555,"height":270,"caption":"Turijnmagazijn"},"image":{"@id":"https:\/\/turijnmagazijn.jumpstone-dev.nl\/#\/schema\/logo\/image\/"},"sameAs":["https:\/\/www.facebook.com\/turijnmagazijn"]}]}},"_links":{"self":[{"href":"https:\/\/turijnmagazijn.nl\/de\/wp-json\/wp\/v2\/product\/65987","targetHints":{"allow":["GET"]}}],"collection":[{"href":"https:\/\/turijnmagazijn.nl\/de\/wp-json\/wp\/v2\/product"}],"about":[{"href":"https:\/\/turijnmagazijn.nl\/de\/wp-json\/wp\/v2\/types\/product"}],"replies":[{"embeddable":true,"href":"https:\/\/turijnmagazijn.nl\/de\/wp-json\/wp\/v2\/comments?post=65987"}],"wp:featuredmedia":[{"embeddable":true,"href":"https:\/\/turijnmagazijn.nl\/de\/wp-json\/wp\/v2\/media\/53465"}],"wp:attachment":[{"href":"https:\/\/turijnmagazijn.nl\/de\/wp-json\/wp\/v2\/media?parent=65987"}],"wp:term":[{"taxonomy":"product_brand","embeddable":true,"href":"https:\/\/turijnmagazijn.nl\/de\/wp-json\/wp\/v2\/product_brand?post=65987"},{"taxonomy":"product_cat","embeddable":true,"href":"https:\/\/turijnmagazijn.nl\/de\/wp-json\/wp\/v2\/product_cat?post=65987"},{"taxonomy":"product_tag","embeddable":true,"href":"https:\/\/turijnmagazijn.nl\/de\/wp-json\/wp\/v2\/product_tag?post=65987"}],"curies":[{"name":"wp","href":"https:\/\/api.w.org\/{rel}","templated":true}]}}