{"id":66001,"date":"2023-03-03T09:53:05","date_gmt":"2023-03-03T08:53:05","guid":{"rendered":"https:\/\/turijnmagazijn.nl\/product\/radkappensatz-4-tlg-schwarz-fiat-500x-original-alufelgen\/"},"modified":"2024-08-29T09:16:52","modified_gmt":"2024-08-29T07:16:52","slug":"nabenkappen-set-4-stck-schwarz-fiat-500x-original-alufelgen","status":"publish","type":"product","link":"https:\/\/turijnmagazijn.nl\/de\/produkt\/nabenkappen-set-4-stck-schwarz-fiat-500x-original-alufelgen\/","title":{"rendered":"Nabenabdeckungen Satz 4 St\u00fcck Schwarz Fiat 500X Original Leichtmetallr\u00e4der"},"content":{"rendered":"<p>Neuer Original-OEM-Artikel f\u00fcr Fiat 500X produziert.<\/p>\n<p>Es handelt sich um die<span style=\"font-weight: bold;\">&nbsp;schwarze<\/span> Version (es gibt auch eine Version &nbsp;mit metallfarbenem Randakzent).<\/p>\n<\/p>\n<p>Dies ist&nbsp; ein kompletter <span style=\"text-decoration-line: underline;\">Satz von 4 Exemplaren<\/span> der Nabenabdeckung \/ Nabenkappe \/ Mittelkappe f\u00fcr Leichtmetallfelgen f\u00fcr Fiat 500X. F\u00fcr den 500X gibt es eine Vielzahl unterschiedlicher Felgen,&nbsp;<span style=\"font-weight: bold;\">Alle verwenden den gleichen Hub Deport<\/span>.<\/p>\n<p><span style=\"font-style: italic;\">Wird die Nabenabdeckung falsch entfernt, bricht oft ein Klemmbein ab und die Nabenkappe geht verloren oder kann nicht mehr montiert werden. Verwenden Sie beim Entfernen der Nabenabdeckung immer ein Spezialwerkzeug, das in den Schlitz in der Nabenabdeckung eingesetzt werden kann, um die Nabenabdeckung ohne Besch\u00e4digung zu entfernen.<\/span><\/p>\n<p>Diese Nabenabdeckung passt auf die folgenden Felgentypen;<\/p>\n<table class=\"table table-bordered\" style=\"background-color: rgb(255, 255, 255); width: 811.818px;\">\n<tbody>\n<tr>\n<td style=\"line-height: 1.42857;\">Fiat 500X Sport<\/td>\n<td style=\"line-height: 1.42857;\">735624968<\/td>\n<\/tr>\n<tr>\n<td style=\"line-height: 1.42857;\">Fiat 500X<\/td>\n<td style=\"line-height: 1.42857;\">6AP26MXFAA<\/td>\n<\/tr>\n<tr>\n<td style=\"line-height: 1.42857;\">Fiat 500X<\/td>\n<td style=\"line-height: 1.42857;\">6AN66U3JAA<\/td>\n<\/tr>\n<tr>\n<td style=\"line-height: 1.42857;\">Fiat 500X<\/td>\n<td style=\"line-height: 1.42857;\">735612564<\/td>\n<\/tr>\n<tr>\n<td style=\"line-height: 1.42857;\">Fiat 500X<\/td>\n<td style=\"line-height: 1.42857;\">6AN71U24AA<\/td>\n<\/tr>\n<tr>\n<td style=\"line-height: 1.42857;\">Fiat 500X<\/td>\n<td style=\"line-height: 1.42857;\">6AN70MAAAA<\/td>\n<\/tr>\n<\/tbody>\n<\/table>\n<p>Die Nabenabdeckung selbst hat die folgende Teilenummer:<\/p>\n<p>OEM Fiat&nbsp;735626311<\/p>\n","protected":false},"excerpt":{"rendered":"<p>Nabenabdeckung Schwarz Fiat 500X Original Alufelgen &#8211; Neuer originaler OEM-Artikel f\u00fcr Fiat 500X produziert. Nabendeckelsatz 4-tlg. Schwarze Fiat 500X Original-Leichtmetallfelgen &#8211; Neuer originaler OEM-Artikel f\u00fcr Fiat 500X hergestellt.<\/p>\n","protected":false},"featured_media":96098,"comment_status":"closed","ping_status":"closed","template":"","meta":{"_acf_changed":false},"product_brand":[],"product_cat":[1698,1689],"product_tag":[],"class_list":{"0":"post-66001","1":"product","2":"type-product","3":"status-publish","4":"has-post-thumbnail","6":"product_cat-500x-334-de","7":"product_cat-fiat-de","8":"pa_soort-onderdeel-dashboard-und-schalter","10":"first","11":"instock","12":"taxable","13":"shipping-taxable","14":"purchasable","15":"product-type-simple"},"acf":[],"yoast_head":"<!-- This site is optimized with the Yoast SEO plugin v27.3 - https:\/\/yoast.com\/product\/yoast-seo-wordpress\/ -->\n<title>Nabenabdeckungen Satz 4 St\u00fcck Schwarz Fiat 500X Original Leichtmetallr\u00e4der - Turijnmagazijn<\/title>\n<meta name=\"robots\" content=\"index, follow, max-snippet:-1, max-image-preview:large, max-video-preview:-1\" \/>\n<link rel=\"canonical\" href=\"https:\/\/turijnmagazijn.nl\/de\/produkt\/nabenkappen-set-4-stck-schwarz-fiat-500x-original-alufelgen\/\" \/>\n<meta property=\"og:locale\" content=\"de_DE\" \/>\n<meta property=\"og:type\" content=\"article\" \/>\n<meta property=\"og:title\" content=\"Nabenabdeckungen Satz 4 St\u00fcck Schwarz Fiat 500X Original Leichtmetallr\u00e4der - Turijnmagazijn\" \/>\n<meta property=\"og:description\" content=\"Nabenabdeckung Schwarz Fiat 500X Original Alufelgen - Neuer originaler OEM-Artikel f\u00fcr Fiat 500X produziert. Nabendeckelsatz 4-tlg. Schwarze Fiat 500X Original-Leichtmetallfelgen - Neuer originaler OEM-Artikel f\u00fcr Fiat 500X hergestellt.\" \/>\n<meta property=\"og:url\" content=\"https:\/\/turijnmagazijn.nl\/de\/produkt\/nabenkappen-set-4-stck-schwarz-fiat-500x-original-alufelgen\/\" \/>\n<meta property=\"og:site_name\" content=\"Turijnmagazijn\" \/>\n<meta property=\"article:publisher\" content=\"https:\/\/www.facebook.com\/turijnmagazijn\" \/>\n<meta property=\"article:modified_time\" content=\"2024-08-29T07:16:52+00:00\" \/>\n<meta property=\"og:image\" content=\"https:\/\/turijnmagazijn.nl\/wp-content\/uploads\/2023\/03\/DN00100147-S-Naafdeksel-set-4-st-Zwart-Fiat-500X-originele-lichtmetalen-velgen-1-1.jpg\" \/>\n\t<meta property=\"og:image:width\" content=\"870\" \/>\n\t<meta property=\"og:image:height\" content=\"768\" \/>\n\t<meta property=\"og:image:type\" content=\"image\/jpeg\" \/>\n<meta name=\"twitter:card\" content=\"summary_large_image\" \/>\n<meta name=\"twitter:label1\" content=\"Gesch\u00e4tzte Lesezeit\" \/>\n\t<meta name=\"twitter:data1\" content=\"1\u00a0Minute\" \/>\n<script type=\"application\/ld+json\" class=\"yoast-schema-graph\">{\"@context\":\"https:\\\/\\\/schema.org\",\"@graph\":[{\"@type\":\"WebPage\",\"@id\":\"https:\\\/\\\/turijnmagazijn.nl\\\/de\\\/produkt\\\/nabenkappen-set-4-stck-schwarz-fiat-500x-original-alufelgen\\\/\",\"url\":\"https:\\\/\\\/turijnmagazijn.nl\\\/de\\\/produkt\\\/nabenkappen-set-4-stck-schwarz-fiat-500x-original-alufelgen\\\/\",\"name\":\"Nabenabdeckungen Satz 4 St\u00fcck Schwarz Fiat 500X Original Leichtmetallr\u00e4der - Turijnmagazijn\",\"isPartOf\":{\"@id\":\"https:\\\/\\\/turijnmagazijn.jumpstone-dev.nl\\\/#website\"},\"primaryImageOfPage\":{\"@id\":\"https:\\\/\\\/turijnmagazijn.nl\\\/de\\\/produkt\\\/nabenkappen-set-4-stck-schwarz-fiat-500x-original-alufelgen\\\/#primaryimage\"},\"image\":{\"@id\":\"https:\\\/\\\/turijnmagazijn.nl\\\/de\\\/produkt\\\/nabenkappen-set-4-stck-schwarz-fiat-500x-original-alufelgen\\\/#primaryimage\"},\"thumbnailUrl\":\"https:\\\/\\\/turijnmagazijn.nl\\\/wp-content\\\/uploads\\\/2023\\\/03\\\/1765144442089.png\",\"datePublished\":\"2023-03-03T08:53:05+00:00\",\"dateModified\":\"2024-08-29T07:16:52+00:00\",\"breadcrumb\":{\"@id\":\"https:\\\/\\\/turijnmagazijn.nl\\\/de\\\/produkt\\\/nabenkappen-set-4-stck-schwarz-fiat-500x-original-alufelgen\\\/#breadcrumb\"},\"inLanguage\":\"de\",\"potentialAction\":[{\"@type\":\"ReadAction\",\"target\":[\"https:\\\/\\\/turijnmagazijn.nl\\\/de\\\/produkt\\\/nabenkappen-set-4-stck-schwarz-fiat-500x-original-alufelgen\\\/\"]}]},{\"@type\":\"ImageObject\",\"inLanguage\":\"de\",\"@id\":\"https:\\\/\\\/turijnmagazijn.nl\\\/de\\\/produkt\\\/nabenkappen-set-4-stck-schwarz-fiat-500x-original-alufelgen\\\/#primaryimage\",\"url\":\"https:\\\/\\\/turijnmagazijn.nl\\\/wp-content\\\/uploads\\\/2023\\\/03\\\/1765144442089.png\",\"contentUrl\":\"https:\\\/\\\/turijnmagazijn.nl\\\/wp-content\\\/uploads\\\/2023\\\/03\\\/1765144442089.png\",\"width\":1184,\"height\":864},{\"@type\":\"BreadcrumbList\",\"@id\":\"https:\\\/\\\/turijnmagazijn.nl\\\/de\\\/produkt\\\/nabenkappen-set-4-stck-schwarz-fiat-500x-original-alufelgen\\\/#breadcrumb\",\"itemListElement\":[{\"@type\":\"ListItem\",\"position\":1,\"name\":\"Home\",\"item\":\"https:\\\/\\\/turijnmagazijn.nl\\\/de\\\/\"},{\"@type\":\"ListItem\",\"position\":2,\"name\":\"Produkte\",\"item\":\"https:\\\/\\\/turijnmagazijn.nl\\\/de\\\/shop\\\/\"},{\"@type\":\"ListItem\",\"position\":3,\"name\":\"Nabenabdeckungen Satz 4 St\u00fcck Schwarz Fiat 500X Original Leichtmetallr\u00e4der\"}]},{\"@type\":\"WebSite\",\"@id\":\"https:\\\/\\\/turijnmagazijn.jumpstone-dev.nl\\\/#website\",\"url\":\"https:\\\/\\\/turijnmagazijn.jumpstone-dev.nl\\\/\",\"name\":\"Turijnmagazijn\",\"description\":\"Onderdelen nieuw en gebruikt - Fiat &amp; Lancia\",\"publisher\":{\"@id\":\"https:\\\/\\\/turijnmagazijn.jumpstone-dev.nl\\\/#organization\"},\"potentialAction\":[{\"@type\":\"SearchAction\",\"target\":{\"@type\":\"EntryPoint\",\"urlTemplate\":\"https:\\\/\\\/turijnmagazijn.jumpstone-dev.nl\\\/?s={search_term_string}\"},\"query-input\":{\"@type\":\"PropertyValueSpecification\",\"valueRequired\":true,\"valueName\":\"search_term_string\"}}],\"inLanguage\":\"de\"},{\"@type\":\"Organization\",\"@id\":\"https:\\\/\\\/turijnmagazijn.jumpstone-dev.nl\\\/#organization\",\"name\":\"Turijnmagazijn\",\"url\":\"https:\\\/\\\/turijnmagazijn.jumpstone-dev.nl\\\/\",\"logo\":{\"@type\":\"ImageObject\",\"inLanguage\":\"de\",\"@id\":\"https:\\\/\\\/turijnmagazijn.jumpstone-dev.nl\\\/#\\\/schema\\\/logo\\\/image\\\/\",\"url\":\"https:\\\/\\\/turijnmagazijn.nl\\\/wp-content\\\/uploads\\\/2021\\\/02\\\/turijnmagazijnlogo.png\",\"contentUrl\":\"https:\\\/\\\/turijnmagazijn.nl\\\/wp-content\\\/uploads\\\/2021\\\/02\\\/turijnmagazijnlogo.png\",\"width\":555,\"height\":270,\"caption\":\"Turijnmagazijn\"},\"image\":{\"@id\":\"https:\\\/\\\/turijnmagazijn.jumpstone-dev.nl\\\/#\\\/schema\\\/logo\\\/image\\\/\"},\"sameAs\":[\"https:\\\/\\\/www.facebook.com\\\/turijnmagazijn\"]}]}<\/script>\n<!-- \/ Yoast SEO plugin. -->","yoast_head_json":{"title":"Nabenabdeckungen Satz 4 St\u00fcck Schwarz Fiat 500X Original Leichtmetallr\u00e4der - Turijnmagazijn","robots":{"index":"index","follow":"follow","max-snippet":"max-snippet:-1","max-image-preview":"max-image-preview:large","max-video-preview":"max-video-preview:-1"},"canonical":"https:\/\/turijnmagazijn.nl\/de\/produkt\/nabenkappen-set-4-stck-schwarz-fiat-500x-original-alufelgen\/","og_locale":"de_DE","og_type":"article","og_title":"Nabenabdeckungen Satz 4 St\u00fcck Schwarz Fiat 500X Original Leichtmetallr\u00e4der - Turijnmagazijn","og_description":"Nabenabdeckung Schwarz Fiat 500X Original Alufelgen - Neuer originaler OEM-Artikel f\u00fcr Fiat 500X produziert. Nabendeckelsatz 4-tlg. Schwarze Fiat 500X Original-Leichtmetallfelgen - Neuer originaler OEM-Artikel f\u00fcr Fiat 500X hergestellt.","og_url":"https:\/\/turijnmagazijn.nl\/de\/produkt\/nabenkappen-set-4-stck-schwarz-fiat-500x-original-alufelgen\/","og_site_name":"Turijnmagazijn","article_publisher":"https:\/\/www.facebook.com\/turijnmagazijn","article_modified_time":"2024-08-29T07:16:52+00:00","og_image":[{"width":870,"height":768,"url":"https:\/\/turijnmagazijn.nl\/wp-content\/uploads\/2023\/03\/DN00100147-S-Naafdeksel-set-4-st-Zwart-Fiat-500X-originele-lichtmetalen-velgen-1-1.jpg","type":"image\/jpeg"}],"twitter_card":"summary_large_image","twitter_misc":{"Gesch\u00e4tzte Lesezeit":"1\u00a0Minute"},"schema":{"@context":"https:\/\/schema.org","@graph":[{"@type":"WebPage","@id":"https:\/\/turijnmagazijn.nl\/de\/produkt\/nabenkappen-set-4-stck-schwarz-fiat-500x-original-alufelgen\/","url":"https:\/\/turijnmagazijn.nl\/de\/produkt\/nabenkappen-set-4-stck-schwarz-fiat-500x-original-alufelgen\/","name":"Nabenabdeckungen Satz 4 St\u00fcck Schwarz Fiat 500X Original Leichtmetallr\u00e4der - Turijnmagazijn","isPartOf":{"@id":"https:\/\/turijnmagazijn.jumpstone-dev.nl\/#website"},"primaryImageOfPage":{"@id":"https:\/\/turijnmagazijn.nl\/de\/produkt\/nabenkappen-set-4-stck-schwarz-fiat-500x-original-alufelgen\/#primaryimage"},"image":{"@id":"https:\/\/turijnmagazijn.nl\/de\/produkt\/nabenkappen-set-4-stck-schwarz-fiat-500x-original-alufelgen\/#primaryimage"},"thumbnailUrl":"https:\/\/turijnmagazijn.nl\/wp-content\/uploads\/2023\/03\/1765144442089.png","datePublished":"2023-03-03T08:53:05+00:00","dateModified":"2024-08-29T07:16:52+00:00","breadcrumb":{"@id":"https:\/\/turijnmagazijn.nl\/de\/produkt\/nabenkappen-set-4-stck-schwarz-fiat-500x-original-alufelgen\/#breadcrumb"},"inLanguage":"de","potentialAction":[{"@type":"ReadAction","target":["https:\/\/turijnmagazijn.nl\/de\/produkt\/nabenkappen-set-4-stck-schwarz-fiat-500x-original-alufelgen\/"]}]},{"@type":"ImageObject","inLanguage":"de","@id":"https:\/\/turijnmagazijn.nl\/de\/produkt\/nabenkappen-set-4-stck-schwarz-fiat-500x-original-alufelgen\/#primaryimage","url":"https:\/\/turijnmagazijn.nl\/wp-content\/uploads\/2023\/03\/1765144442089.png","contentUrl":"https:\/\/turijnmagazijn.nl\/wp-content\/uploads\/2023\/03\/1765144442089.png","width":1184,"height":864},{"@type":"BreadcrumbList","@id":"https:\/\/turijnmagazijn.nl\/de\/produkt\/nabenkappen-set-4-stck-schwarz-fiat-500x-original-alufelgen\/#breadcrumb","itemListElement":[{"@type":"ListItem","position":1,"name":"Home","item":"https:\/\/turijnmagazijn.nl\/de\/"},{"@type":"ListItem","position":2,"name":"Produkte","item":"https:\/\/turijnmagazijn.nl\/de\/shop\/"},{"@type":"ListItem","position":3,"name":"Nabenabdeckungen Satz 4 St\u00fcck Schwarz Fiat 500X Original Leichtmetallr\u00e4der"}]},{"@type":"WebSite","@id":"https:\/\/turijnmagazijn.jumpstone-dev.nl\/#website","url":"https:\/\/turijnmagazijn.jumpstone-dev.nl\/","name":"Turijnmagazijn","description":"Onderdelen nieuw en gebruikt - Fiat &amp; Lancia","publisher":{"@id":"https:\/\/turijnmagazijn.jumpstone-dev.nl\/#organization"},"potentialAction":[{"@type":"SearchAction","target":{"@type":"EntryPoint","urlTemplate":"https:\/\/turijnmagazijn.jumpstone-dev.nl\/?s={search_term_string}"},"query-input":{"@type":"PropertyValueSpecification","valueRequired":true,"valueName":"search_term_string"}}],"inLanguage":"de"},{"@type":"Organization","@id":"https:\/\/turijnmagazijn.jumpstone-dev.nl\/#organization","name":"Turijnmagazijn","url":"https:\/\/turijnmagazijn.jumpstone-dev.nl\/","logo":{"@type":"ImageObject","inLanguage":"de","@id":"https:\/\/turijnmagazijn.jumpstone-dev.nl\/#\/schema\/logo\/image\/","url":"https:\/\/turijnmagazijn.nl\/wp-content\/uploads\/2021\/02\/turijnmagazijnlogo.png","contentUrl":"https:\/\/turijnmagazijn.nl\/wp-content\/uploads\/2021\/02\/turijnmagazijnlogo.png","width":555,"height":270,"caption":"Turijnmagazijn"},"image":{"@id":"https:\/\/turijnmagazijn.jumpstone-dev.nl\/#\/schema\/logo\/image\/"},"sameAs":["https:\/\/www.facebook.com\/turijnmagazijn"]}]}},"_links":{"self":[{"href":"https:\/\/turijnmagazijn.nl\/de\/wp-json\/wp\/v2\/product\/66001","targetHints":{"allow":["GET"]}}],"collection":[{"href":"https:\/\/turijnmagazijn.nl\/de\/wp-json\/wp\/v2\/product"}],"about":[{"href":"https:\/\/turijnmagazijn.nl\/de\/wp-json\/wp\/v2\/types\/product"}],"replies":[{"embeddable":true,"href":"https:\/\/turijnmagazijn.nl\/de\/wp-json\/wp\/v2\/comments?post=66001"}],"wp:featuredmedia":[{"embeddable":true,"href":"https:\/\/turijnmagazijn.nl\/de\/wp-json\/wp\/v2\/media\/96098"}],"wp:attachment":[{"href":"https:\/\/turijnmagazijn.nl\/de\/wp-json\/wp\/v2\/media?parent=66001"}],"wp:term":[{"taxonomy":"product_brand","embeddable":true,"href":"https:\/\/turijnmagazijn.nl\/de\/wp-json\/wp\/v2\/product_brand?post=66001"},{"taxonomy":"product_cat","embeddable":true,"href":"https:\/\/turijnmagazijn.nl\/de\/wp-json\/wp\/v2\/product_cat?post=66001"},{"taxonomy":"product_tag","embeddable":true,"href":"https:\/\/turijnmagazijn.nl\/de\/wp-json\/wp\/v2\/product_tag?post=66001"}],"curies":[{"name":"wp","href":"https:\/\/api.w.org\/{rel}","templated":true}]}}