{"id":66018,"date":"2023-03-03T09:53:30","date_gmt":"2023-03-03T08:53:30","guid":{"rendered":"https:\/\/turijnmagazijn.nl\/product\/spiegelabdeckung-set-link-und-rechts-chromelook-fiat-500x-neu\/"},"modified":"2025-05-29T17:06:55","modified_gmt":"2025-05-29T15:06:55","slug":"spiegelabdeckung-set-link-and-right-chromelook-fiat-500x-new","status":"publish","type":"product","link":"https:\/\/turijnmagazijn.nl\/de\/produkt\/spiegelabdeckung-set-link-and-right-chromelook-fiat-500x-new\/","title":{"rendered":"Spiegelabdeckung Set Link und rechts Chromelook Fiat 500X -NEU-"},"content":{"rendered":"<p>Neue verchromte Spiegelkappen f\u00fcr Fiat 500X direkt ab Lager in den Niederlanden erh\u00e4ltlich, also schnell nach Hause geliefert.<\/p>\n<p>Ein sch\u00f6ner Artikel, um Ihrem Fiat 500X ein pers\u00f6nliches und luxuri\u00f6ses Aussehen zu verleihen.  <\/p>\n<p>Diese Hauben sind leicht selbst zu wechseln, sie werden mit 4 unsichtbaren Clips gehalten, wenn Sie die Position der Clips kennen, ist es einfach, die Haube unbesch\u00e4digt zu zerlegen. Die Installation einer neuen Haube ist ganz einfach, dr\u00fccken Sie einfach auf das Geh\u00e4use und es rastet von selbst ein.<\/p>\n<p>Wenn Sie sich nicht trauen, es selbst zu tun, gibt es immer eine lokale Garage, die diesen Job f\u00fcr Sie \u00fcbernehmen m\u00f6chte.<\/p>\n<p><\/p>\n<p>OEM FIAT 68280270AA NUR ALS REFERENZ, GELIEFERT IST EIN AFTERMARKET-TEIL<\/p>\n<p>68280269AA<\/p>\n<p>68280270AA<\/p>\n<p>68280272AA<\/p>\n<p>68280273AA<\/p>\n<p>68280274AA<\/p>\n<p>68280276AA<\/p>\n<p>68280277AA<\/p>\n<p>68280278AA<\/p>\n","protected":false},"excerpt":{"rendered":"<p>Spiegelkappensatz Link und rechts Chromelook Fiat 500X -NEU- &#8211; Neue Spiegelkappen aus Chromimitat f\u00fcr Fiat 500X direkt ab Lager in den Niederlanden erh\u00e4ltlich, also schnell nach Hause geliefert.<\/p>\n","protected":false},"featured_media":53565,"comment_status":"open","ping_status":"closed","template":"","meta":{"_acf_changed":false},"product_brand":[],"product_cat":[1698,1689],"product_tag":[],"class_list":{"0":"post-66018","1":"product","2":"type-product","3":"status-publish","4":"has-post-thumbnail","6":"product_cat-500x-334-de","7":"product_cat-fiat-de","8":"pa_soort-onderdeel-karosserie-und-blech","10":"first","11":"instock","12":"taxable","13":"shipping-taxable","14":"purchasable","15":"product-type-simple"},"acf":[],"yoast_head":"<!-- This site is optimized with the Yoast SEO plugin v27.2 - https:\/\/yoast.com\/product\/yoast-seo-wordpress\/ -->\n<title>Spiegelabdeckung Set Link und rechts Chromelook Fiat 500X -NEU- Turijnmagazijn<\/title>\n<meta name=\"robots\" content=\"index, follow, max-snippet:-1, max-image-preview:large, max-video-preview:-1\" \/>\n<link rel=\"canonical\" href=\"https:\/\/turijnmagazijn.nl\/de\/produkt\/spiegelabdeckung-set-link-and-right-chromelook-fiat-500x-new\/\" \/>\n<meta property=\"og:locale\" content=\"de_DE\" \/>\n<meta property=\"og:type\" content=\"article\" \/>\n<meta property=\"og:title\" content=\"Spiegelabdeckung Set Link und rechts Chromelook Fiat 500X -NEU- Turijnmagazijn\" \/>\n<meta property=\"og:description\" content=\"Spiegelkappensatz Link und rechts Chromelook Fiat 500X -NEU- - Neue Spiegelkappen aus Chromimitat f\u00fcr Fiat 500X direkt ab Lager in den Niederlanden erh\u00e4ltlich, also schnell nach Hause geliefert.\" \/>\n<meta property=\"og:url\" content=\"https:\/\/turijnmagazijn.nl\/de\/produkt\/spiegelabdeckung-set-link-and-right-chromelook-fiat-500x-new\/\" \/>\n<meta property=\"og:site_name\" content=\"Turijnmagazijn\" \/>\n<meta property=\"article:publisher\" content=\"https:\/\/www.facebook.com\/turijnmagazijn\" \/>\n<meta property=\"article:modified_time\" content=\"2025-05-29T15:06:55+00:00\" \/>\n<meta property=\"og:image\" content=\"https:\/\/turijnmagazijn.nl\/wp-content\/uploads\/2023\/03\/DN00100151-1-1.jpg\" \/>\n\t<meta property=\"og:image:width\" content=\"1024\" \/>\n\t<meta property=\"og:image:height\" content=\"768\" \/>\n\t<meta property=\"og:image:type\" content=\"image\/jpeg\" \/>\n<meta name=\"twitter:card\" content=\"summary_large_image\" \/>\n<meta name=\"twitter:label1\" content=\"Gesch\u00e4tzte Lesezeit\" \/>\n\t<meta name=\"twitter:data1\" content=\"1\u00a0Minute\" \/>\n<script type=\"application\/ld+json\" class=\"yoast-schema-graph\">{\"@context\":\"https:\/\/schema.org\",\"@graph\":[{\"@type\":\"WebPage\",\"@id\":\"https:\/\/turijnmagazijn.nl\/de\/produkt\/spiegelabdeckung-set-link-and-right-chromelook-fiat-500x-new\/\",\"url\":\"https:\/\/turijnmagazijn.nl\/de\/produkt\/spiegelabdeckung-set-link-and-right-chromelook-fiat-500x-new\/\",\"name\":\"Spiegelabdeckung Set Link und rechts Chromelook Fiat 500X -NEU- Turijnmagazijn\",\"isPartOf\":{\"@id\":\"https:\/\/turijnmagazijn.jumpstone-dev.nl\/#website\"},\"primaryImageOfPage\":{\"@id\":\"https:\/\/turijnmagazijn.nl\/de\/produkt\/spiegelabdeckung-set-link-and-right-chromelook-fiat-500x-new\/#primaryimage\"},\"image\":{\"@id\":\"https:\/\/turijnmagazijn.nl\/de\/produkt\/spiegelabdeckung-set-link-and-right-chromelook-fiat-500x-new\/#primaryimage\"},\"thumbnailUrl\":\"https:\/\/turijnmagazijn.nl\/wp-content\/uploads\/2023\/03\/DN00100151-1-1.jpg\",\"datePublished\":\"2023-03-03T08:53:30+00:00\",\"dateModified\":\"2025-05-29T15:06:55+00:00\",\"breadcrumb\":{\"@id\":\"https:\/\/turijnmagazijn.nl\/de\/produkt\/spiegelabdeckung-set-link-and-right-chromelook-fiat-500x-new\/#breadcrumb\"},\"inLanguage\":\"de\",\"potentialAction\":[{\"@type\":\"ReadAction\",\"target\":[\"https:\/\/turijnmagazijn.nl\/de\/produkt\/spiegelabdeckung-set-link-and-right-chromelook-fiat-500x-new\/\"]}]},{\"@type\":\"ImageObject\",\"inLanguage\":\"de\",\"@id\":\"https:\/\/turijnmagazijn.nl\/de\/produkt\/spiegelabdeckung-set-link-and-right-chromelook-fiat-500x-new\/#primaryimage\",\"url\":\"https:\/\/turijnmagazijn.nl\/wp-content\/uploads\/2023\/03\/DN00100151-1-1.jpg\",\"contentUrl\":\"https:\/\/turijnmagazijn.nl\/wp-content\/uploads\/2023\/03\/DN00100151-1-1.jpg\",\"width\":1024,\"height\":768},{\"@type\":\"BreadcrumbList\",\"@id\":\"https:\/\/turijnmagazijn.nl\/de\/produkt\/spiegelabdeckung-set-link-and-right-chromelook-fiat-500x-new\/#breadcrumb\",\"itemListElement\":[{\"@type\":\"ListItem\",\"position\":1,\"name\":\"Home\",\"item\":\"https:\/\/turijnmagazijn.nl\/de\/\"},{\"@type\":\"ListItem\",\"position\":2,\"name\":\"Produkte\",\"item\":\"https:\/\/turijnmagazijn.nl\/de\/shop\/\"},{\"@type\":\"ListItem\",\"position\":3,\"name\":\"Spiegelabdeckung Set Link und rechts Chromelook Fiat 500X -NEU-\"}]},{\"@type\":\"WebSite\",\"@id\":\"https:\/\/turijnmagazijn.jumpstone-dev.nl\/#website\",\"url\":\"https:\/\/turijnmagazijn.jumpstone-dev.nl\/\",\"name\":\"Turijnmagazijn\",\"description\":\"Onderdelen nieuw en gebruikt - Fiat &amp; Lancia\",\"publisher\":{\"@id\":\"https:\/\/turijnmagazijn.jumpstone-dev.nl\/#organization\"},\"potentialAction\":[{\"@type\":\"SearchAction\",\"target\":{\"@type\":\"EntryPoint\",\"urlTemplate\":\"https:\/\/turijnmagazijn.jumpstone-dev.nl\/?s={search_term_string}\"},\"query-input\":{\"@type\":\"PropertyValueSpecification\",\"valueRequired\":true,\"valueName\":\"search_term_string\"}}],\"inLanguage\":\"de\"},{\"@type\":\"Organization\",\"@id\":\"https:\/\/turijnmagazijn.jumpstone-dev.nl\/#organization\",\"name\":\"Turijnmagazijn\",\"url\":\"https:\/\/turijnmagazijn.jumpstone-dev.nl\/\",\"logo\":{\"@type\":\"ImageObject\",\"inLanguage\":\"de\",\"@id\":\"https:\/\/turijnmagazijn.jumpstone-dev.nl\/#\/schema\/logo\/image\/\",\"url\":\"https:\/\/turijnmagazijn.nl\/wp-content\/uploads\/2021\/02\/turijnmagazijnlogo.png\",\"contentUrl\":\"https:\/\/turijnmagazijn.nl\/wp-content\/uploads\/2021\/02\/turijnmagazijnlogo.png\",\"width\":555,\"height\":270,\"caption\":\"Turijnmagazijn\"},\"image\":{\"@id\":\"https:\/\/turijnmagazijn.jumpstone-dev.nl\/#\/schema\/logo\/image\/\"},\"sameAs\":[\"https:\/\/www.facebook.com\/turijnmagazijn\"]}]}<\/script>\n<!-- \/ Yoast SEO plugin. -->","yoast_head_json":{"title":"Spiegelabdeckung Set Link und rechts Chromelook Fiat 500X -NEU- Turijnmagazijn","robots":{"index":"index","follow":"follow","max-snippet":"max-snippet:-1","max-image-preview":"max-image-preview:large","max-video-preview":"max-video-preview:-1"},"canonical":"https:\/\/turijnmagazijn.nl\/de\/produkt\/spiegelabdeckung-set-link-and-right-chromelook-fiat-500x-new\/","og_locale":"de_DE","og_type":"article","og_title":"Spiegelabdeckung Set Link und rechts Chromelook Fiat 500X -NEU- Turijnmagazijn","og_description":"Spiegelkappensatz Link und rechts Chromelook Fiat 500X -NEU- - Neue Spiegelkappen aus Chromimitat f\u00fcr Fiat 500X direkt ab Lager in den Niederlanden erh\u00e4ltlich, also schnell nach Hause geliefert.","og_url":"https:\/\/turijnmagazijn.nl\/de\/produkt\/spiegelabdeckung-set-link-and-right-chromelook-fiat-500x-new\/","og_site_name":"Turijnmagazijn","article_publisher":"https:\/\/www.facebook.com\/turijnmagazijn","article_modified_time":"2025-05-29T15:06:55+00:00","og_image":[{"width":1024,"height":768,"url":"https:\/\/turijnmagazijn.nl\/wp-content\/uploads\/2023\/03\/DN00100151-1-1.jpg","type":"image\/jpeg"}],"twitter_card":"summary_large_image","twitter_misc":{"Gesch\u00e4tzte Lesezeit":"1\u00a0Minute"},"schema":{"@context":"https:\/\/schema.org","@graph":[{"@type":"WebPage","@id":"https:\/\/turijnmagazijn.nl\/de\/produkt\/spiegelabdeckung-set-link-and-right-chromelook-fiat-500x-new\/","url":"https:\/\/turijnmagazijn.nl\/de\/produkt\/spiegelabdeckung-set-link-and-right-chromelook-fiat-500x-new\/","name":"Spiegelabdeckung Set Link und rechts Chromelook Fiat 500X -NEU- Turijnmagazijn","isPartOf":{"@id":"https:\/\/turijnmagazijn.jumpstone-dev.nl\/#website"},"primaryImageOfPage":{"@id":"https:\/\/turijnmagazijn.nl\/de\/produkt\/spiegelabdeckung-set-link-and-right-chromelook-fiat-500x-new\/#primaryimage"},"image":{"@id":"https:\/\/turijnmagazijn.nl\/de\/produkt\/spiegelabdeckung-set-link-and-right-chromelook-fiat-500x-new\/#primaryimage"},"thumbnailUrl":"https:\/\/turijnmagazijn.nl\/wp-content\/uploads\/2023\/03\/DN00100151-1-1.jpg","datePublished":"2023-03-03T08:53:30+00:00","dateModified":"2025-05-29T15:06:55+00:00","breadcrumb":{"@id":"https:\/\/turijnmagazijn.nl\/de\/produkt\/spiegelabdeckung-set-link-and-right-chromelook-fiat-500x-new\/#breadcrumb"},"inLanguage":"de","potentialAction":[{"@type":"ReadAction","target":["https:\/\/turijnmagazijn.nl\/de\/produkt\/spiegelabdeckung-set-link-and-right-chromelook-fiat-500x-new\/"]}]},{"@type":"ImageObject","inLanguage":"de","@id":"https:\/\/turijnmagazijn.nl\/de\/produkt\/spiegelabdeckung-set-link-and-right-chromelook-fiat-500x-new\/#primaryimage","url":"https:\/\/turijnmagazijn.nl\/wp-content\/uploads\/2023\/03\/DN00100151-1-1.jpg","contentUrl":"https:\/\/turijnmagazijn.nl\/wp-content\/uploads\/2023\/03\/DN00100151-1-1.jpg","width":1024,"height":768},{"@type":"BreadcrumbList","@id":"https:\/\/turijnmagazijn.nl\/de\/produkt\/spiegelabdeckung-set-link-and-right-chromelook-fiat-500x-new\/#breadcrumb","itemListElement":[{"@type":"ListItem","position":1,"name":"Home","item":"https:\/\/turijnmagazijn.nl\/de\/"},{"@type":"ListItem","position":2,"name":"Produkte","item":"https:\/\/turijnmagazijn.nl\/de\/shop\/"},{"@type":"ListItem","position":3,"name":"Spiegelabdeckung Set Link und rechts Chromelook Fiat 500X -NEU-"}]},{"@type":"WebSite","@id":"https:\/\/turijnmagazijn.jumpstone-dev.nl\/#website","url":"https:\/\/turijnmagazijn.jumpstone-dev.nl\/","name":"Turijnmagazijn","description":"Onderdelen nieuw en gebruikt - Fiat &amp; Lancia","publisher":{"@id":"https:\/\/turijnmagazijn.jumpstone-dev.nl\/#organization"},"potentialAction":[{"@type":"SearchAction","target":{"@type":"EntryPoint","urlTemplate":"https:\/\/turijnmagazijn.jumpstone-dev.nl\/?s={search_term_string}"},"query-input":{"@type":"PropertyValueSpecification","valueRequired":true,"valueName":"search_term_string"}}],"inLanguage":"de"},{"@type":"Organization","@id":"https:\/\/turijnmagazijn.jumpstone-dev.nl\/#organization","name":"Turijnmagazijn","url":"https:\/\/turijnmagazijn.jumpstone-dev.nl\/","logo":{"@type":"ImageObject","inLanguage":"de","@id":"https:\/\/turijnmagazijn.jumpstone-dev.nl\/#\/schema\/logo\/image\/","url":"https:\/\/turijnmagazijn.nl\/wp-content\/uploads\/2021\/02\/turijnmagazijnlogo.png","contentUrl":"https:\/\/turijnmagazijn.nl\/wp-content\/uploads\/2021\/02\/turijnmagazijnlogo.png","width":555,"height":270,"caption":"Turijnmagazijn"},"image":{"@id":"https:\/\/turijnmagazijn.jumpstone-dev.nl\/#\/schema\/logo\/image\/"},"sameAs":["https:\/\/www.facebook.com\/turijnmagazijn"]}]}},"_links":{"self":[{"href":"https:\/\/turijnmagazijn.nl\/de\/wp-json\/wp\/v2\/product\/66018","targetHints":{"allow":["GET"]}}],"collection":[{"href":"https:\/\/turijnmagazijn.nl\/de\/wp-json\/wp\/v2\/product"}],"about":[{"href":"https:\/\/turijnmagazijn.nl\/de\/wp-json\/wp\/v2\/types\/product"}],"replies":[{"embeddable":true,"href":"https:\/\/turijnmagazijn.nl\/de\/wp-json\/wp\/v2\/comments?post=66018"}],"wp:featuredmedia":[{"embeddable":true,"href":"https:\/\/turijnmagazijn.nl\/de\/wp-json\/wp\/v2\/media\/53565"}],"wp:attachment":[{"href":"https:\/\/turijnmagazijn.nl\/de\/wp-json\/wp\/v2\/media?parent=66018"}],"wp:term":[{"taxonomy":"product_brand","embeddable":true,"href":"https:\/\/turijnmagazijn.nl\/de\/wp-json\/wp\/v2\/product_brand?post=66018"},{"taxonomy":"product_cat","embeddable":true,"href":"https:\/\/turijnmagazijn.nl\/de\/wp-json\/wp\/v2\/product_cat?post=66018"},{"taxonomy":"product_tag","embeddable":true,"href":"https:\/\/turijnmagazijn.nl\/de\/wp-json\/wp\/v2\/product_tag?post=66018"}],"curies":[{"name":"wp","href":"https:\/\/api.w.org\/{rel}","templated":true}]}}