{"id":66026,"date":"2023-03-03T08:53:59","date_gmt":"2023-03-03T07:53:59","guid":{"rendered":"https:\/\/turijnmagazijn.nl\/product\/schluesselanhaenger-lancia-metall-glatt-rund-schwarz-neu\/"},"modified":"2025-05-29T17:07:43","modified_gmt":"2025-05-29T15:07:43","slug":"schlusselanhanger-lancia-metall-glatt-rund-schwarz-neu","status":"publish","type":"product","link":"https:\/\/turijnmagazijn.nl\/de\/produkt\/schlusselanhanger-lancia-metall-glatt-rund-schwarz-neu\/","title":{"rendered":"Schl\u00fcsselanh\u00e4nger Lancia Metall glatt rund schwarz -NEU-"},"content":{"rendered":"<p>Lancia Schl\u00fcsselanh\u00e4nger aus Metall mit Kuppeleffekt Lancia Logo. Bei der Herstellung dieses Schl\u00fcsselanh\u00e4ngers wurde das alte Lancia-Logo verwendet, das zwischen 1974 und 2007 verwendet wurde. Das wird Fans der Delta I und II, Kappa, Thesis, Ypsilon, Lybra und vieler anderer Modelle der fr\u00fcheren Jahre viel mehr ansprechen als das Logo nach 2007.<\/p>\n<p>Dieser Schl\u00fcsselanh\u00e4nger hat eine glatte Kante und ist einseitig mit schwarzem Lancia-Logo auf schwarzem Hintergrund versehen.<\/p>\n<p>Durchmesser Logo ist 25mm,<\/p>\n<p>&nbsp;<\/p>\n<p>Der Schl\u00fcsselanh\u00e4nger ist aus sehr leichtem Metall gefertigt, der Vorteil ist, dass er den Schl\u00fcsselbund nicht unn\u00f6tig schwer macht, aber er wirkt etwas zerbrechlich.<\/p>\n<p><span style=\"font-weight: bold;\">Achten Sie auf das geringe Gewicht dieses Schl\u00fcsselanh\u00e4ngers, bevor Sie bestellen.<\/span><\/p>\n","protected":false},"excerpt":{"rendered":"<p>Schl\u00fcsselanh\u00e4nger Lancia Metall glatt rund -NEU- &#8211; Lancia Schl\u00fcsselanh\u00e4nger aus Metall mit Doming-Effekt Lancia Logo. Schl\u00fcsselanh\u00e4nger Lancia Metall glatt rund schwarz -NEU- &#8211; Lancia Schl\u00fcsselanh\u00e4nger aus Metall mit Doming-Effekt Lancia Logo.<\/p>\n","protected":false},"featured_media":53609,"comment_status":"closed","ping_status":"closed","template":"","meta":{"_acf_changed":false},"product_brand":[],"product_cat":[1811,1847,1849,1864,1867,1803,1807,1844,1856,1817,1822,1826,1834,1829,1839,1859,1797,1874,1883,1869,1878,1894,1904,1900,1905,1912,1913,1919],"product_tag":[],"class_list":{"0":"post-66026","1":"product","2":"type-product","3":"status-publish","4":"has-post-thumbnail","6":"product_cat-1-1-1-3-1-5-de","7":"product_cat-3-deurs-hpe-de","8":"product_cat-5-deurs-de","9":"product_cat-berlina-de","10":"product_cat-coupe-de","11":"product_cat-dedra-835-de","12":"product_cat-delta-1-831-de","13":"product_cat-delta-2-836-de","14":"product_cat-delta-3-844-de","15":"product_cat-gt-i-e-de","16":"product_cat-hf-4wd-de","17":"product_cat-hf-turbo-de","18":"product_cat-integrale-16v-de","19":"product_cat-integrale-8v-de","20":"product_cat-integrale-evo-de","21":"product_cat-kappa-838-de","22":"product_cat-lancia-de","23":"product_cat-lybra-839-de","24":"product_cat-sedan-lybra-839-de","25":"product_cat-sw-de","26":"product_cat-sw-lybra-839-de","27":"product_cat-thema-834-de","28":"product_cat-thema-sedan-de","29":"product_cat-thema-sw-de","30":"product_cat-thesis-841-de","31":"product_cat-y10-156-de","32":"product_cat-ypsilon-1-840-de","33":"product_cat-ypsilon-2-843-de","34":"pa_soort-onderdeel-schlusselanhanger-und-aufkleber","36":"first","37":"instock","38":"taxable","39":"shipping-taxable","40":"purchasable","41":"product-type-simple"},"acf":[],"yoast_head":"<!-- This site is optimized with the Yoast SEO plugin v27.3 - https:\/\/yoast.com\/product\/yoast-seo-wordpress\/ -->\n<title>Schl\u00fcsselanh\u00e4nger Lancia Metall glatt rund schwarz -NEU- Turijnmagazijn<\/title>\n<meta name=\"robots\" content=\"index, follow, max-snippet:-1, max-image-preview:large, max-video-preview:-1\" \/>\n<link rel=\"canonical\" href=\"https:\/\/turijnmagazijn.nl\/de\/produkt\/schlusselanhanger-lancia-metall-glatt-rund-schwarz-neu\/\" \/>\n<meta property=\"og:locale\" content=\"de_DE\" \/>\n<meta property=\"og:type\" content=\"article\" \/>\n<meta property=\"og:title\" content=\"Schl\u00fcsselanh\u00e4nger Lancia Metall glatt rund schwarz -NEU- Turijnmagazijn\" \/>\n<meta property=\"og:description\" content=\"Schl\u00fcsselanh\u00e4nger Lancia Metall glatt rund -NEU- - Lancia Schl\u00fcsselanh\u00e4nger aus Metall mit Doming-Effekt Lancia Logo. Schl\u00fcsselanh\u00e4nger Lancia Metall glatt rund schwarz -NEU- - Lancia Schl\u00fcsselanh\u00e4nger aus Metall mit Doming-Effekt Lancia Logo.\" \/>\n<meta property=\"og:url\" content=\"https:\/\/turijnmagazijn.nl\/de\/produkt\/schlusselanhanger-lancia-metall-glatt-rund-schwarz-neu\/\" \/>\n<meta property=\"og:site_name\" content=\"Turijnmagazijn\" \/>\n<meta property=\"article:publisher\" content=\"https:\/\/www.facebook.com\/turijnmagazijn\" \/>\n<meta property=\"article:modified_time\" content=\"2025-05-29T15:07:43+00:00\" \/>\n<meta property=\"og:image\" content=\"https:\/\/turijnmagazijn.nl\/wp-content\/uploads\/2023\/03\/DN00100154-Sleutelhanger-Lancia-metaal-glad-rond-zwart-NIEUW-2-1.jpg\" \/>\n\t<meta property=\"og:image:width\" content=\"1024\" \/>\n\t<meta property=\"og:image:height\" content=\"768\" \/>\n\t<meta property=\"og:image:type\" content=\"image\/jpeg\" \/>\n<meta name=\"twitter:card\" content=\"summary_large_image\" \/>\n<meta name=\"twitter:label1\" content=\"Gesch\u00e4tzte Lesezeit\" \/>\n\t<meta name=\"twitter:data1\" content=\"1\u00a0Minute\" \/>\n<script type=\"application\/ld+json\" class=\"yoast-schema-graph\">{\"@context\":\"https:\\\/\\\/schema.org\",\"@graph\":[{\"@type\":\"WebPage\",\"@id\":\"https:\\\/\\\/turijnmagazijn.nl\\\/de\\\/produkt\\\/schlusselanhanger-lancia-metall-glatt-rund-schwarz-neu\\\/\",\"url\":\"https:\\\/\\\/turijnmagazijn.nl\\\/de\\\/produkt\\\/schlusselanhanger-lancia-metall-glatt-rund-schwarz-neu\\\/\",\"name\":\"Schl\u00fcsselanh\u00e4nger Lancia Metall glatt rund schwarz -NEU- Turijnmagazijn\",\"isPartOf\":{\"@id\":\"https:\\\/\\\/turijnmagazijn.jumpstone-dev.nl\\\/#website\"},\"primaryImageOfPage\":{\"@id\":\"https:\\\/\\\/turijnmagazijn.nl\\\/de\\\/produkt\\\/schlusselanhanger-lancia-metall-glatt-rund-schwarz-neu\\\/#primaryimage\"},\"image\":{\"@id\":\"https:\\\/\\\/turijnmagazijn.nl\\\/de\\\/produkt\\\/schlusselanhanger-lancia-metall-glatt-rund-schwarz-neu\\\/#primaryimage\"},\"thumbnailUrl\":\"https:\\\/\\\/turijnmagazijn.nl\\\/wp-content\\\/uploads\\\/2023\\\/03\\\/DN00100154-Sleutelhanger-Lancia-metaal-glad-rond-zwart-NIEUW-2-1.jpg\",\"datePublished\":\"2023-03-03T07:53:59+00:00\",\"dateModified\":\"2025-05-29T15:07:43+00:00\",\"breadcrumb\":{\"@id\":\"https:\\\/\\\/turijnmagazijn.nl\\\/de\\\/produkt\\\/schlusselanhanger-lancia-metall-glatt-rund-schwarz-neu\\\/#breadcrumb\"},\"inLanguage\":\"de\",\"potentialAction\":[{\"@type\":\"ReadAction\",\"target\":[\"https:\\\/\\\/turijnmagazijn.nl\\\/de\\\/produkt\\\/schlusselanhanger-lancia-metall-glatt-rund-schwarz-neu\\\/\"]}]},{\"@type\":\"ImageObject\",\"inLanguage\":\"de\",\"@id\":\"https:\\\/\\\/turijnmagazijn.nl\\\/de\\\/produkt\\\/schlusselanhanger-lancia-metall-glatt-rund-schwarz-neu\\\/#primaryimage\",\"url\":\"https:\\\/\\\/turijnmagazijn.nl\\\/wp-content\\\/uploads\\\/2023\\\/03\\\/DN00100154-Sleutelhanger-Lancia-metaal-glad-rond-zwart-NIEUW-2-1.jpg\",\"contentUrl\":\"https:\\\/\\\/turijnmagazijn.nl\\\/wp-content\\\/uploads\\\/2023\\\/03\\\/DN00100154-Sleutelhanger-Lancia-metaal-glad-rond-zwart-NIEUW-2-1.jpg\",\"width\":1024,\"height\":768},{\"@type\":\"BreadcrumbList\",\"@id\":\"https:\\\/\\\/turijnmagazijn.nl\\\/de\\\/produkt\\\/schlusselanhanger-lancia-metall-glatt-rund-schwarz-neu\\\/#breadcrumb\",\"itemListElement\":[{\"@type\":\"ListItem\",\"position\":1,\"name\":\"Home\",\"item\":\"https:\\\/\\\/turijnmagazijn.nl\\\/de\\\/\"},{\"@type\":\"ListItem\",\"position\":2,\"name\":\"Produkte\",\"item\":\"https:\\\/\\\/turijnmagazijn.nl\\\/de\\\/shop\\\/\"},{\"@type\":\"ListItem\",\"position\":3,\"name\":\"Schl\u00fcsselanh\u00e4nger Lancia Metall glatt rund schwarz -NEU-\"}]},{\"@type\":\"WebSite\",\"@id\":\"https:\\\/\\\/turijnmagazijn.jumpstone-dev.nl\\\/#website\",\"url\":\"https:\\\/\\\/turijnmagazijn.jumpstone-dev.nl\\\/\",\"name\":\"Turijnmagazijn\",\"description\":\"Onderdelen nieuw en gebruikt - Fiat &amp; Lancia\",\"publisher\":{\"@id\":\"https:\\\/\\\/turijnmagazijn.jumpstone-dev.nl\\\/#organization\"},\"potentialAction\":[{\"@type\":\"SearchAction\",\"target\":{\"@type\":\"EntryPoint\",\"urlTemplate\":\"https:\\\/\\\/turijnmagazijn.jumpstone-dev.nl\\\/?s={search_term_string}\"},\"query-input\":{\"@type\":\"PropertyValueSpecification\",\"valueRequired\":true,\"valueName\":\"search_term_string\"}}],\"inLanguage\":\"de\"},{\"@type\":\"Organization\",\"@id\":\"https:\\\/\\\/turijnmagazijn.jumpstone-dev.nl\\\/#organization\",\"name\":\"Turijnmagazijn\",\"url\":\"https:\\\/\\\/turijnmagazijn.jumpstone-dev.nl\\\/\",\"logo\":{\"@type\":\"ImageObject\",\"inLanguage\":\"de\",\"@id\":\"https:\\\/\\\/turijnmagazijn.jumpstone-dev.nl\\\/#\\\/schema\\\/logo\\\/image\\\/\",\"url\":\"https:\\\/\\\/turijnmagazijn.nl\\\/wp-content\\\/uploads\\\/2021\\\/02\\\/turijnmagazijnlogo.png\",\"contentUrl\":\"https:\\\/\\\/turijnmagazijn.nl\\\/wp-content\\\/uploads\\\/2021\\\/02\\\/turijnmagazijnlogo.png\",\"width\":555,\"height\":270,\"caption\":\"Turijnmagazijn\"},\"image\":{\"@id\":\"https:\\\/\\\/turijnmagazijn.jumpstone-dev.nl\\\/#\\\/schema\\\/logo\\\/image\\\/\"},\"sameAs\":[\"https:\\\/\\\/www.facebook.com\\\/turijnmagazijn\"]}]}<\/script>\n<!-- \/ Yoast SEO plugin. -->","yoast_head_json":{"title":"Schl\u00fcsselanh\u00e4nger Lancia Metall glatt rund schwarz -NEU- Turijnmagazijn","robots":{"index":"index","follow":"follow","max-snippet":"max-snippet:-1","max-image-preview":"max-image-preview:large","max-video-preview":"max-video-preview:-1"},"canonical":"https:\/\/turijnmagazijn.nl\/de\/produkt\/schlusselanhanger-lancia-metall-glatt-rund-schwarz-neu\/","og_locale":"de_DE","og_type":"article","og_title":"Schl\u00fcsselanh\u00e4nger Lancia Metall glatt rund schwarz -NEU- Turijnmagazijn","og_description":"Schl\u00fcsselanh\u00e4nger Lancia Metall glatt rund -NEU- - Lancia Schl\u00fcsselanh\u00e4nger aus Metall mit Doming-Effekt Lancia Logo. Schl\u00fcsselanh\u00e4nger Lancia Metall glatt rund schwarz -NEU- - Lancia Schl\u00fcsselanh\u00e4nger aus Metall mit Doming-Effekt Lancia Logo.","og_url":"https:\/\/turijnmagazijn.nl\/de\/produkt\/schlusselanhanger-lancia-metall-glatt-rund-schwarz-neu\/","og_site_name":"Turijnmagazijn","article_publisher":"https:\/\/www.facebook.com\/turijnmagazijn","article_modified_time":"2025-05-29T15:07:43+00:00","og_image":[{"width":1024,"height":768,"url":"https:\/\/turijnmagazijn.nl\/wp-content\/uploads\/2023\/03\/DN00100154-Sleutelhanger-Lancia-metaal-glad-rond-zwart-NIEUW-2-1.jpg","type":"image\/jpeg"}],"twitter_card":"summary_large_image","twitter_misc":{"Gesch\u00e4tzte Lesezeit":"1\u00a0Minute"},"schema":{"@context":"https:\/\/schema.org","@graph":[{"@type":"WebPage","@id":"https:\/\/turijnmagazijn.nl\/de\/produkt\/schlusselanhanger-lancia-metall-glatt-rund-schwarz-neu\/","url":"https:\/\/turijnmagazijn.nl\/de\/produkt\/schlusselanhanger-lancia-metall-glatt-rund-schwarz-neu\/","name":"Schl\u00fcsselanh\u00e4nger Lancia Metall glatt rund schwarz -NEU- Turijnmagazijn","isPartOf":{"@id":"https:\/\/turijnmagazijn.jumpstone-dev.nl\/#website"},"primaryImageOfPage":{"@id":"https:\/\/turijnmagazijn.nl\/de\/produkt\/schlusselanhanger-lancia-metall-glatt-rund-schwarz-neu\/#primaryimage"},"image":{"@id":"https:\/\/turijnmagazijn.nl\/de\/produkt\/schlusselanhanger-lancia-metall-glatt-rund-schwarz-neu\/#primaryimage"},"thumbnailUrl":"https:\/\/turijnmagazijn.nl\/wp-content\/uploads\/2023\/03\/DN00100154-Sleutelhanger-Lancia-metaal-glad-rond-zwart-NIEUW-2-1.jpg","datePublished":"2023-03-03T07:53:59+00:00","dateModified":"2025-05-29T15:07:43+00:00","breadcrumb":{"@id":"https:\/\/turijnmagazijn.nl\/de\/produkt\/schlusselanhanger-lancia-metall-glatt-rund-schwarz-neu\/#breadcrumb"},"inLanguage":"de","potentialAction":[{"@type":"ReadAction","target":["https:\/\/turijnmagazijn.nl\/de\/produkt\/schlusselanhanger-lancia-metall-glatt-rund-schwarz-neu\/"]}]},{"@type":"ImageObject","inLanguage":"de","@id":"https:\/\/turijnmagazijn.nl\/de\/produkt\/schlusselanhanger-lancia-metall-glatt-rund-schwarz-neu\/#primaryimage","url":"https:\/\/turijnmagazijn.nl\/wp-content\/uploads\/2023\/03\/DN00100154-Sleutelhanger-Lancia-metaal-glad-rond-zwart-NIEUW-2-1.jpg","contentUrl":"https:\/\/turijnmagazijn.nl\/wp-content\/uploads\/2023\/03\/DN00100154-Sleutelhanger-Lancia-metaal-glad-rond-zwart-NIEUW-2-1.jpg","width":1024,"height":768},{"@type":"BreadcrumbList","@id":"https:\/\/turijnmagazijn.nl\/de\/produkt\/schlusselanhanger-lancia-metall-glatt-rund-schwarz-neu\/#breadcrumb","itemListElement":[{"@type":"ListItem","position":1,"name":"Home","item":"https:\/\/turijnmagazijn.nl\/de\/"},{"@type":"ListItem","position":2,"name":"Produkte","item":"https:\/\/turijnmagazijn.nl\/de\/shop\/"},{"@type":"ListItem","position":3,"name":"Schl\u00fcsselanh\u00e4nger Lancia Metall glatt rund schwarz -NEU-"}]},{"@type":"WebSite","@id":"https:\/\/turijnmagazijn.jumpstone-dev.nl\/#website","url":"https:\/\/turijnmagazijn.jumpstone-dev.nl\/","name":"Turijnmagazijn","description":"Onderdelen nieuw en gebruikt - Fiat &amp; Lancia","publisher":{"@id":"https:\/\/turijnmagazijn.jumpstone-dev.nl\/#organization"},"potentialAction":[{"@type":"SearchAction","target":{"@type":"EntryPoint","urlTemplate":"https:\/\/turijnmagazijn.jumpstone-dev.nl\/?s={search_term_string}"},"query-input":{"@type":"PropertyValueSpecification","valueRequired":true,"valueName":"search_term_string"}}],"inLanguage":"de"},{"@type":"Organization","@id":"https:\/\/turijnmagazijn.jumpstone-dev.nl\/#organization","name":"Turijnmagazijn","url":"https:\/\/turijnmagazijn.jumpstone-dev.nl\/","logo":{"@type":"ImageObject","inLanguage":"de","@id":"https:\/\/turijnmagazijn.jumpstone-dev.nl\/#\/schema\/logo\/image\/","url":"https:\/\/turijnmagazijn.nl\/wp-content\/uploads\/2021\/02\/turijnmagazijnlogo.png","contentUrl":"https:\/\/turijnmagazijn.nl\/wp-content\/uploads\/2021\/02\/turijnmagazijnlogo.png","width":555,"height":270,"caption":"Turijnmagazijn"},"image":{"@id":"https:\/\/turijnmagazijn.jumpstone-dev.nl\/#\/schema\/logo\/image\/"},"sameAs":["https:\/\/www.facebook.com\/turijnmagazijn"]}]}},"_links":{"self":[{"href":"https:\/\/turijnmagazijn.nl\/de\/wp-json\/wp\/v2\/product\/66026","targetHints":{"allow":["GET"]}}],"collection":[{"href":"https:\/\/turijnmagazijn.nl\/de\/wp-json\/wp\/v2\/product"}],"about":[{"href":"https:\/\/turijnmagazijn.nl\/de\/wp-json\/wp\/v2\/types\/product"}],"replies":[{"embeddable":true,"href":"https:\/\/turijnmagazijn.nl\/de\/wp-json\/wp\/v2\/comments?post=66026"}],"wp:featuredmedia":[{"embeddable":true,"href":"https:\/\/turijnmagazijn.nl\/de\/wp-json\/wp\/v2\/media\/53609"}],"wp:attachment":[{"href":"https:\/\/turijnmagazijn.nl\/de\/wp-json\/wp\/v2\/media?parent=66026"}],"wp:term":[{"taxonomy":"product_brand","embeddable":true,"href":"https:\/\/turijnmagazijn.nl\/de\/wp-json\/wp\/v2\/product_brand?post=66026"},{"taxonomy":"product_cat","embeddable":true,"href":"https:\/\/turijnmagazijn.nl\/de\/wp-json\/wp\/v2\/product_cat?post=66026"},{"taxonomy":"product_tag","embeddable":true,"href":"https:\/\/turijnmagazijn.nl\/de\/wp-json\/wp\/v2\/product_tag?post=66026"}],"curies":[{"name":"wp","href":"https:\/\/api.w.org\/{rel}","templated":true}]}}