{"id":66031,"date":"2023-03-03T09:53:59","date_gmt":"2023-03-03T08:53:59","guid":{"rendered":"https:\/\/turijnmagazijn.nl\/product\/logo-abarth-fuer-fiat-stilo-heckklappe-neu-nachahmung\/"},"modified":"2023-07-27T12:39:00","modified_gmt":"2023-07-27T10:39:00","slug":"logo-abarth-front-fiat-stilo-heckklappe-neu-nachahmung","status":"publish","type":"product","link":"https:\/\/turijnmagazijn.nl\/de\/produkt\/logo-abarth-front-fiat-stilo-heckklappe-neu-nachahmung\/","title":{"rendered":"Logo Abarth f\u00fcr Fiat Stilo Heckklappe -NEU- Nachahmung"},"content":{"rendered":"<p><a href=\"https:\/\/turijnmagazijn.nl\/de\/postfachversand\/\" target=\"\" style=\"background-color: rgb(255, 255, 255); color: rgb(35, 82, 124); outline: 0px;\" rel=\"noopener\"><img decoding=\"async\" src=\"https:\/\/www.delenkorf.nl\/image\/catalog\/brievenbus.png\"><\/a><\/p>\n<p>Dies ist ein neues Abarth-Logo aus Metall mit roter und gelber Emaille zur Platzierung auf der Heckklappe f\u00fcr Fiat Stilo Abarth. Kann nat\u00fcrlich auch f\u00fcr andere Anwendungen verwendet werden. Das Logo unterscheidet sich etwas von dem Original, das Fiat auf dem Stilo platziert hat, was einen Kuppeleffekt hat. Pers\u00f6nlich finde ich, dass das von uns angebotene Logo aufgrund der auferlegten Buchstaben in Stahl viel mehr Qualit\u00e4t ausstrahlt als das Original, auch das Original wird mit der Zeit unter dem Einfluss des Wetters oft vage oder h\u00e4sslich.&nbsp;<\/p>\n<p>OEM Fiat 46767640 SCHLIESST ALS REFERENZ AUS, DAS GELIEFERTE TEIL IST EINE NACHAHMUNG GEM\u00c4SS DEN BILDERN<\/p>\n<p><\/p>\n","protected":false},"excerpt":{"rendered":"<p>Logo Abarth f\u00fcr Fiat Stilo Heckklappe -NEU- Nachahmung &#8211; Dies ist ein neues Metall Abarth Logo mit roter und gelber Emaille zur Platzierung auf der Heckklappe f\u00fcr Fiat Stilo Abarth.<\/p>\n","protected":false},"featured_media":53577,"comment_status":"open","ping_status":"closed","template":"","meta":{"_acf_changed":false},"product_brand":[],"product_cat":[1770,1689,1762],"product_tag":[],"class_list":{"0":"post-66031","1":"product","2":"type-product","3":"status-publish","4":"has-post-thumbnail","6":"product_cat-abarth-3drs-de","7":"product_cat-fiat-de","8":"product_cat-stilo-192-de","9":"pa_soort-onderdeel-karosserie-und-blech","11":"first","12":"instock","13":"taxable","14":"shipping-taxable","15":"purchasable","16":"product-type-simple"},"acf":[],"yoast_head":"<!-- This site is optimized with the Yoast SEO plugin v27.3 - https:\/\/yoast.com\/product\/yoast-seo-wordpress\/ -->\n<title>Logo Abarth f\u00fcr Fiat Stilo Heckklappe -NEU- Nachahmung - Turijnmagazijn<\/title>\n<meta name=\"robots\" content=\"index, follow, max-snippet:-1, max-image-preview:large, max-video-preview:-1\" \/>\n<link rel=\"canonical\" href=\"https:\/\/turijnmagazijn.nl\/de\/produkt\/logo-abarth-front-fiat-stilo-heckklappe-neu-nachahmung\/\" \/>\n<meta property=\"og:locale\" content=\"de_DE\" \/>\n<meta property=\"og:type\" content=\"article\" \/>\n<meta property=\"og:title\" content=\"Logo Abarth f\u00fcr Fiat Stilo Heckklappe -NEU- Nachahmung - Turijnmagazijn\" \/>\n<meta property=\"og:description\" content=\"Logo Abarth f\u00fcr Fiat Stilo Heckklappe -NEU- Nachahmung - Dies ist ein neues Metall Abarth Logo mit roter und gelber Emaille zur Platzierung auf der Heckklappe f\u00fcr Fiat Stilo Abarth.\" \/>\n<meta property=\"og:url\" content=\"https:\/\/turijnmagazijn.nl\/de\/produkt\/logo-abarth-front-fiat-stilo-heckklappe-neu-nachahmung\/\" \/>\n<meta property=\"og:site_name\" content=\"Turijnmagazijn\" \/>\n<meta property=\"article:publisher\" content=\"https:\/\/www.facebook.com\/turijnmagazijn\" \/>\n<meta property=\"article:modified_time\" content=\"2023-07-27T10:39:00+00:00\" \/>\n<meta property=\"og:image\" content=\"https:\/\/turijnmagazijn.nl\/wp-content\/uploads\/2023\/03\/DN00100152-Logo-Abarth-voor-Fiat-Stilo-achterklep-NIEUW-imitatie-3-1.jpg\" \/>\n\t<meta property=\"og:image:width\" content=\"1024\" \/>\n\t<meta property=\"og:image:height\" content=\"768\" \/>\n\t<meta property=\"og:image:type\" content=\"image\/jpeg\" \/>\n<meta name=\"twitter:card\" content=\"summary_large_image\" \/>\n<meta name=\"twitter:label1\" content=\"Gesch\u00e4tzte Lesezeit\" \/>\n\t<meta name=\"twitter:data1\" content=\"1\u00a0Minute\" \/>\n<script type=\"application\/ld+json\" class=\"yoast-schema-graph\">{\"@context\":\"https:\\\/\\\/schema.org\",\"@graph\":[{\"@type\":\"WebPage\",\"@id\":\"https:\\\/\\\/turijnmagazijn.nl\\\/de\\\/produkt\\\/logo-abarth-front-fiat-stilo-heckklappe-neu-nachahmung\\\/\",\"url\":\"https:\\\/\\\/turijnmagazijn.nl\\\/de\\\/produkt\\\/logo-abarth-front-fiat-stilo-heckklappe-neu-nachahmung\\\/\",\"name\":\"Logo Abarth f\u00fcr Fiat Stilo Heckklappe -NEU- Nachahmung - Turijnmagazijn\",\"isPartOf\":{\"@id\":\"https:\\\/\\\/turijnmagazijn.jumpstone-dev.nl\\\/#website\"},\"primaryImageOfPage\":{\"@id\":\"https:\\\/\\\/turijnmagazijn.nl\\\/de\\\/produkt\\\/logo-abarth-front-fiat-stilo-heckklappe-neu-nachahmung\\\/#primaryimage\"},\"image\":{\"@id\":\"https:\\\/\\\/turijnmagazijn.nl\\\/de\\\/produkt\\\/logo-abarth-front-fiat-stilo-heckklappe-neu-nachahmung\\\/#primaryimage\"},\"thumbnailUrl\":\"https:\\\/\\\/turijnmagazijn.nl\\\/wp-content\\\/uploads\\\/2023\\\/03\\\/DN00100152-Logo-Abarth-voor-Fiat-Stilo-achterklep-NIEUW-imitatie-3-1.jpg\",\"datePublished\":\"2023-03-03T08:53:59+00:00\",\"dateModified\":\"2023-07-27T10:39:00+00:00\",\"breadcrumb\":{\"@id\":\"https:\\\/\\\/turijnmagazijn.nl\\\/de\\\/produkt\\\/logo-abarth-front-fiat-stilo-heckklappe-neu-nachahmung\\\/#breadcrumb\"},\"inLanguage\":\"de\",\"potentialAction\":[{\"@type\":\"ReadAction\",\"target\":[\"https:\\\/\\\/turijnmagazijn.nl\\\/de\\\/produkt\\\/logo-abarth-front-fiat-stilo-heckklappe-neu-nachahmung\\\/\"]}]},{\"@type\":\"ImageObject\",\"inLanguage\":\"de\",\"@id\":\"https:\\\/\\\/turijnmagazijn.nl\\\/de\\\/produkt\\\/logo-abarth-front-fiat-stilo-heckklappe-neu-nachahmung\\\/#primaryimage\",\"url\":\"https:\\\/\\\/turijnmagazijn.nl\\\/wp-content\\\/uploads\\\/2023\\\/03\\\/DN00100152-Logo-Abarth-voor-Fiat-Stilo-achterklep-NIEUW-imitatie-3-1.jpg\",\"contentUrl\":\"https:\\\/\\\/turijnmagazijn.nl\\\/wp-content\\\/uploads\\\/2023\\\/03\\\/DN00100152-Logo-Abarth-voor-Fiat-Stilo-achterklep-NIEUW-imitatie-3-1.jpg\",\"width\":1024,\"height\":768},{\"@type\":\"BreadcrumbList\",\"@id\":\"https:\\\/\\\/turijnmagazijn.nl\\\/de\\\/produkt\\\/logo-abarth-front-fiat-stilo-heckklappe-neu-nachahmung\\\/#breadcrumb\",\"itemListElement\":[{\"@type\":\"ListItem\",\"position\":1,\"name\":\"Home\",\"item\":\"https:\\\/\\\/turijnmagazijn.nl\\\/de\\\/\"},{\"@type\":\"ListItem\",\"position\":2,\"name\":\"Produkte\",\"item\":\"https:\\\/\\\/turijnmagazijn.nl\\\/de\\\/shop\\\/\"},{\"@type\":\"ListItem\",\"position\":3,\"name\":\"Logo Abarth f\u00fcr Fiat Stilo Heckklappe -NEU- Nachahmung\"}]},{\"@type\":\"WebSite\",\"@id\":\"https:\\\/\\\/turijnmagazijn.jumpstone-dev.nl\\\/#website\",\"url\":\"https:\\\/\\\/turijnmagazijn.jumpstone-dev.nl\\\/\",\"name\":\"Turijnmagazijn\",\"description\":\"Onderdelen nieuw en gebruikt - Fiat &amp; Lancia\",\"publisher\":{\"@id\":\"https:\\\/\\\/turijnmagazijn.jumpstone-dev.nl\\\/#organization\"},\"potentialAction\":[{\"@type\":\"SearchAction\",\"target\":{\"@type\":\"EntryPoint\",\"urlTemplate\":\"https:\\\/\\\/turijnmagazijn.jumpstone-dev.nl\\\/?s={search_term_string}\"},\"query-input\":{\"@type\":\"PropertyValueSpecification\",\"valueRequired\":true,\"valueName\":\"search_term_string\"}}],\"inLanguage\":\"de\"},{\"@type\":\"Organization\",\"@id\":\"https:\\\/\\\/turijnmagazijn.jumpstone-dev.nl\\\/#organization\",\"name\":\"Turijnmagazijn\",\"url\":\"https:\\\/\\\/turijnmagazijn.jumpstone-dev.nl\\\/\",\"logo\":{\"@type\":\"ImageObject\",\"inLanguage\":\"de\",\"@id\":\"https:\\\/\\\/turijnmagazijn.jumpstone-dev.nl\\\/#\\\/schema\\\/logo\\\/image\\\/\",\"url\":\"https:\\\/\\\/turijnmagazijn.nl\\\/wp-content\\\/uploads\\\/2021\\\/02\\\/turijnmagazijnlogo.png\",\"contentUrl\":\"https:\\\/\\\/turijnmagazijn.nl\\\/wp-content\\\/uploads\\\/2021\\\/02\\\/turijnmagazijnlogo.png\",\"width\":555,\"height\":270,\"caption\":\"Turijnmagazijn\"},\"image\":{\"@id\":\"https:\\\/\\\/turijnmagazijn.jumpstone-dev.nl\\\/#\\\/schema\\\/logo\\\/image\\\/\"},\"sameAs\":[\"https:\\\/\\\/www.facebook.com\\\/turijnmagazijn\"]}]}<\/script>\n<!-- \/ Yoast SEO plugin. -->","yoast_head_json":{"title":"Logo Abarth f\u00fcr Fiat Stilo Heckklappe -NEU- Nachahmung - Turijnmagazijn","robots":{"index":"index","follow":"follow","max-snippet":"max-snippet:-1","max-image-preview":"max-image-preview:large","max-video-preview":"max-video-preview:-1"},"canonical":"https:\/\/turijnmagazijn.nl\/de\/produkt\/logo-abarth-front-fiat-stilo-heckklappe-neu-nachahmung\/","og_locale":"de_DE","og_type":"article","og_title":"Logo Abarth f\u00fcr Fiat Stilo Heckklappe -NEU- Nachahmung - Turijnmagazijn","og_description":"Logo Abarth f\u00fcr Fiat Stilo Heckklappe -NEU- Nachahmung - Dies ist ein neues Metall Abarth Logo mit roter und gelber Emaille zur Platzierung auf der Heckklappe f\u00fcr Fiat Stilo Abarth.","og_url":"https:\/\/turijnmagazijn.nl\/de\/produkt\/logo-abarth-front-fiat-stilo-heckklappe-neu-nachahmung\/","og_site_name":"Turijnmagazijn","article_publisher":"https:\/\/www.facebook.com\/turijnmagazijn","article_modified_time":"2023-07-27T10:39:00+00:00","og_image":[{"width":1024,"height":768,"url":"https:\/\/turijnmagazijn.nl\/wp-content\/uploads\/2023\/03\/DN00100152-Logo-Abarth-voor-Fiat-Stilo-achterklep-NIEUW-imitatie-3-1.jpg","type":"image\/jpeg"}],"twitter_card":"summary_large_image","twitter_misc":{"Gesch\u00e4tzte Lesezeit":"1\u00a0Minute"},"schema":{"@context":"https:\/\/schema.org","@graph":[{"@type":"WebPage","@id":"https:\/\/turijnmagazijn.nl\/de\/produkt\/logo-abarth-front-fiat-stilo-heckklappe-neu-nachahmung\/","url":"https:\/\/turijnmagazijn.nl\/de\/produkt\/logo-abarth-front-fiat-stilo-heckklappe-neu-nachahmung\/","name":"Logo Abarth f\u00fcr Fiat Stilo Heckklappe -NEU- Nachahmung - Turijnmagazijn","isPartOf":{"@id":"https:\/\/turijnmagazijn.jumpstone-dev.nl\/#website"},"primaryImageOfPage":{"@id":"https:\/\/turijnmagazijn.nl\/de\/produkt\/logo-abarth-front-fiat-stilo-heckklappe-neu-nachahmung\/#primaryimage"},"image":{"@id":"https:\/\/turijnmagazijn.nl\/de\/produkt\/logo-abarth-front-fiat-stilo-heckklappe-neu-nachahmung\/#primaryimage"},"thumbnailUrl":"https:\/\/turijnmagazijn.nl\/wp-content\/uploads\/2023\/03\/DN00100152-Logo-Abarth-voor-Fiat-Stilo-achterklep-NIEUW-imitatie-3-1.jpg","datePublished":"2023-03-03T08:53:59+00:00","dateModified":"2023-07-27T10:39:00+00:00","breadcrumb":{"@id":"https:\/\/turijnmagazijn.nl\/de\/produkt\/logo-abarth-front-fiat-stilo-heckklappe-neu-nachahmung\/#breadcrumb"},"inLanguage":"de","potentialAction":[{"@type":"ReadAction","target":["https:\/\/turijnmagazijn.nl\/de\/produkt\/logo-abarth-front-fiat-stilo-heckklappe-neu-nachahmung\/"]}]},{"@type":"ImageObject","inLanguage":"de","@id":"https:\/\/turijnmagazijn.nl\/de\/produkt\/logo-abarth-front-fiat-stilo-heckklappe-neu-nachahmung\/#primaryimage","url":"https:\/\/turijnmagazijn.nl\/wp-content\/uploads\/2023\/03\/DN00100152-Logo-Abarth-voor-Fiat-Stilo-achterklep-NIEUW-imitatie-3-1.jpg","contentUrl":"https:\/\/turijnmagazijn.nl\/wp-content\/uploads\/2023\/03\/DN00100152-Logo-Abarth-voor-Fiat-Stilo-achterklep-NIEUW-imitatie-3-1.jpg","width":1024,"height":768},{"@type":"BreadcrumbList","@id":"https:\/\/turijnmagazijn.nl\/de\/produkt\/logo-abarth-front-fiat-stilo-heckklappe-neu-nachahmung\/#breadcrumb","itemListElement":[{"@type":"ListItem","position":1,"name":"Home","item":"https:\/\/turijnmagazijn.nl\/de\/"},{"@type":"ListItem","position":2,"name":"Produkte","item":"https:\/\/turijnmagazijn.nl\/de\/shop\/"},{"@type":"ListItem","position":3,"name":"Logo Abarth f\u00fcr Fiat Stilo Heckklappe -NEU- Nachahmung"}]},{"@type":"WebSite","@id":"https:\/\/turijnmagazijn.jumpstone-dev.nl\/#website","url":"https:\/\/turijnmagazijn.jumpstone-dev.nl\/","name":"Turijnmagazijn","description":"Onderdelen nieuw en gebruikt - Fiat &amp; Lancia","publisher":{"@id":"https:\/\/turijnmagazijn.jumpstone-dev.nl\/#organization"},"potentialAction":[{"@type":"SearchAction","target":{"@type":"EntryPoint","urlTemplate":"https:\/\/turijnmagazijn.jumpstone-dev.nl\/?s={search_term_string}"},"query-input":{"@type":"PropertyValueSpecification","valueRequired":true,"valueName":"search_term_string"}}],"inLanguage":"de"},{"@type":"Organization","@id":"https:\/\/turijnmagazijn.jumpstone-dev.nl\/#organization","name":"Turijnmagazijn","url":"https:\/\/turijnmagazijn.jumpstone-dev.nl\/","logo":{"@type":"ImageObject","inLanguage":"de","@id":"https:\/\/turijnmagazijn.jumpstone-dev.nl\/#\/schema\/logo\/image\/","url":"https:\/\/turijnmagazijn.nl\/wp-content\/uploads\/2021\/02\/turijnmagazijnlogo.png","contentUrl":"https:\/\/turijnmagazijn.nl\/wp-content\/uploads\/2021\/02\/turijnmagazijnlogo.png","width":555,"height":270,"caption":"Turijnmagazijn"},"image":{"@id":"https:\/\/turijnmagazijn.jumpstone-dev.nl\/#\/schema\/logo\/image\/"},"sameAs":["https:\/\/www.facebook.com\/turijnmagazijn"]}]}},"_links":{"self":[{"href":"https:\/\/turijnmagazijn.nl\/de\/wp-json\/wp\/v2\/product\/66031","targetHints":{"allow":["GET"]}}],"collection":[{"href":"https:\/\/turijnmagazijn.nl\/de\/wp-json\/wp\/v2\/product"}],"about":[{"href":"https:\/\/turijnmagazijn.nl\/de\/wp-json\/wp\/v2\/types\/product"}],"replies":[{"embeddable":true,"href":"https:\/\/turijnmagazijn.nl\/de\/wp-json\/wp\/v2\/comments?post=66031"}],"wp:featuredmedia":[{"embeddable":true,"href":"https:\/\/turijnmagazijn.nl\/de\/wp-json\/wp\/v2\/media\/53577"}],"wp:attachment":[{"href":"https:\/\/turijnmagazijn.nl\/de\/wp-json\/wp\/v2\/media?parent=66031"}],"wp:term":[{"taxonomy":"product_brand","embeddable":true,"href":"https:\/\/turijnmagazijn.nl\/de\/wp-json\/wp\/v2\/product_brand?post=66031"},{"taxonomy":"product_cat","embeddable":true,"href":"https:\/\/turijnmagazijn.nl\/de\/wp-json\/wp\/v2\/product_cat?post=66031"},{"taxonomy":"product_tag","embeddable":true,"href":"https:\/\/turijnmagazijn.nl\/de\/wp-json\/wp\/v2\/product_tag?post=66031"}],"curies":[{"name":"wp","href":"https:\/\/api.w.org\/{rel}","templated":true}]}}