{"id":66146,"date":"2023-03-03T10:09:53","date_gmt":"2023-03-03T09:09:53","guid":{"rendered":"https:\/\/turijnmagazijn.nl\/product\/hintere-buchse-hilfsrahmen-hinterradaufhaengung-polyurethan-stilo-grande-punto-delta-iii-2er-set\/"},"modified":"2025-04-17T20:37:21","modified_gmt":"2025-04-17T18:37:21","slug":"hintere-buchse-hilfsrahmen-hinterradaufhangung-polyurethan-stilo-grande-punto-delta-iii-set-of-2","status":"publish","type":"product","link":"https:\/\/turijnmagazijn.nl\/de\/produkt\/hintere-buchse-hilfsrahmen-hinterradaufhangung-polyurethan-stilo-grande-punto-delta-iii-set-of-2\/","title":{"rendered":"Hintere Buchse, Hilfsrahmen, Hinterradaufh\u00e4ngung, Polyurethan Stilo + Grande Punto + Delta III (2er-Set)"},"content":{"rendered":"<p>4-teiliger Satz Polyurethan-Buchsen zur Montage in der Hinterradaufh\u00e4ngung f\u00fcr Fiat Stilo, anwendbar f\u00fcr alle Modelle: Abarth 3-T\u00fcrer, 5-T\u00fcrer und Kombi. Dieses vierteilige Set enth\u00e4lt alle Buchsen f\u00fcr die Montage links und rechts im hinteren Hilfsrahmen, ein Komplettset f\u00fcr ein Auto. Wenn diese Busse abgenutzt sind, gibt es einen harten Schlag, wenn Schwellen und dergleichen genommen werden, die Montage dieser Busse l\u00f6st dieses Problem. Die Buchsen sind im hinteren Hilfsrahmen montiert. Der Hilfsrahmen hat die folgenden OEM-Nummern<\/p>\n<ul>\n<li><span style=\"font-size: 12px;\">50702651  <\/span><\/li>\n<li><span style=\"font-size: 12px;\">50703592<\/span><\/li>\n<li><span style=\"font-size: 12px;\">50702658<\/span><\/li>\n<li><span style=\"font-size: 12px;\">50703593<br \/>\n<\/span><\/li>\n<\/ul>\n<p>Hochwertige Polyurethan-Buchsen als Ersatz f\u00fcr die originalen Gummibuchsen. Polyurethan ist ein modernes Material, das sehr verschlei\u00dffest ist, nicht veraltet ist und bei korrekter Montage nie wieder ausgetauscht werden muss. Polyurethan ist etwas steifer als Gummi und vermittelt daher im Vergleich zu Original-Gummibuchsen ein strafferes Gef\u00fchl der Federung (ohne unangenehm zu werden).<\/p>\n<p>Wir sind Importeur dieser Busse, die von unserem Hersteller direkt an Sie versendet werden. Aufgrund des erforderlichen internationalen Versands betr\u00e4gt die Lieferzeit dieser Busse ca. 2 Wochen, maximal 12 Werktage.<\/p>\n<p>Die korrekte Montage mit dem mitgelieferten Fett ist f\u00fcr eine lange und ger\u00e4uschlose Lebensdauer von gro\u00dfer Bedeutung.<\/p>\n<p style=\"font-size: 12px;\"><span style=\"font-weight: bold;\">NUR REFERENZ<\/span> OEM-Nummern:<\/p>\n<p style=\"font-size: 12px;\"><span style=\"color: #636363; font-family: Arial, Helvetica, san-serif; font-size: 12px; line-height: normal;\"><br \/>\n51840600<\/span> <span style=\"color: #636363; font-family: Arial, Helvetica, san-serif; font-size: 12px; line-height: normal;\"><br \/>\n50706505<\/span> <span style=\"color: #636363; font-family: Arial, Helvetica, san-serif; font-size: 12px; line-height: normal;\">51812443<\/span><\/p>\n<p><span style=\"color: #636363; font-family: Arial, Helvetica, san-serif; line-height: normal;\">50706312<\/span><\/p>\n","protected":false},"excerpt":{"rendered":"<p>Hintere Buchse Hilfsrahmen Hinterradaufh\u00e4ngung Polyurethan Fiat Stilo &#8211; 4-teiliger Satz Polyurethan-Buchsen zur Montage in der Hinterradaufh\u00e4ngung f\u00fcr Fiat Stilo, anwendbar f\u00fcr alle Modelle: Abarth 3-T\u00fcrer, 5-T\u00fcrer und Kombi.Hinterer Bushilfsrahmen acht<\/p>\n","protected":false},"featured_media":55809,"comment_status":"open","ping_status":"closed","template":"","meta":{"_acf_changed":false},"product_brand":[],"product_cat":[1765,1770,1856,1689,1729,1797,1775,1762],"product_tag":[],"class_list":{"0":"post-66146","1":"product","2":"type-product","3":"status-publish","4":"has-post-thumbnail","6":"product_cat-5drs-de","7":"product_cat-abarth-3drs-de","8":"product_cat-delta-3-844-de","9":"product_cat-fiat-de","10":"product_cat-grande-punto-199-de","11":"product_cat-lancia-de","12":"product_cat-multiwagon-de","13":"product_cat-stilo-192-de","14":"pa_soort-onderdeel-aufhangung-und-fahrwerk","16":"first","17":"instock","18":"sale","19":"taxable","20":"shipping-taxable","21":"purchasable","22":"product-type-simple"},"acf":[],"yoast_head":"<!-- This site is optimized with the Yoast SEO plugin v27.3 - https:\/\/yoast.com\/product\/yoast-seo-wordpress\/ -->\n<title>Hintere Buchse, Hilfsrahmen, Hinterradaufh\u00e4ngung, Polyurethan Stilo + Grande Punto + Delta III (2er-Set) - Turijnmagazijn<\/title>\n<meta name=\"robots\" content=\"index, follow, max-snippet:-1, max-image-preview:large, max-video-preview:-1\" \/>\n<link rel=\"canonical\" href=\"https:\/\/turijnmagazijn.nl\/de\/produkt\/hintere-buchse-hilfsrahmen-hinterradaufhangung-polyurethan-stilo-grande-punto-delta-iii-set-of-2\/\" \/>\n<meta property=\"og:locale\" content=\"de_DE\" \/>\n<meta property=\"og:type\" content=\"article\" \/>\n<meta property=\"og:title\" content=\"Hintere Buchse, Hilfsrahmen, Hinterradaufh\u00e4ngung, Polyurethan Stilo + Grande Punto + Delta III (2er-Set) - Turijnmagazijn\" \/>\n<meta property=\"og:description\" content=\"Hintere Buchse Hilfsrahmen Hinterradaufh\u00e4ngung Polyurethan Fiat Stilo - 4-teiliger Satz Polyurethan-Buchsen zur Montage in der Hinterradaufh\u00e4ngung f\u00fcr Fiat Stilo, anwendbar f\u00fcr alle Modelle: Abarth 3-T\u00fcrer, 5-T\u00fcrer und Kombi.Hinterer Bushilfsrahmen acht\" \/>\n<meta property=\"og:url\" content=\"https:\/\/turijnmagazijn.nl\/de\/produkt\/hintere-buchse-hilfsrahmen-hinterradaufhangung-polyurethan-stilo-grande-punto-delta-iii-set-of-2\/\" \/>\n<meta property=\"og:site_name\" content=\"Turijnmagazijn\" \/>\n<meta property=\"article:publisher\" content=\"https:\/\/www.facebook.com\/turijnmagazijn\" \/>\n<meta property=\"article:modified_time\" content=\"2025-04-17T18:37:21+00:00\" \/>\n<meta property=\"og:image\" content=\"https:\/\/turijnmagazijn.nl\/wp-content\/uploads\/2023\/03\/PU00100001_Achterste_bus_subframe_achterzijde_ophanging_polyurethaan_Fiat_Stilo_3-1.jpg\" \/>\n\t<meta property=\"og:image:width\" content=\"800\" \/>\n\t<meta property=\"og:image:height\" content=\"600\" \/>\n\t<meta property=\"og:image:type\" content=\"image\/jpeg\" \/>\n<meta name=\"twitter:card\" content=\"summary_large_image\" \/>\n<meta name=\"twitter:label1\" content=\"Gesch\u00e4tzte Lesezeit\" \/>\n\t<meta name=\"twitter:data1\" content=\"1\u00a0Minute\" \/>\n<script type=\"application\/ld+json\" class=\"yoast-schema-graph\">{\"@context\":\"https:\\\/\\\/schema.org\",\"@graph\":[{\"@type\":\"WebPage\",\"@id\":\"https:\\\/\\\/turijnmagazijn.nl\\\/de\\\/produkt\\\/hintere-buchse-hilfsrahmen-hinterradaufhangung-polyurethan-stilo-grande-punto-delta-iii-set-of-2\\\/\",\"url\":\"https:\\\/\\\/turijnmagazijn.nl\\\/de\\\/produkt\\\/hintere-buchse-hilfsrahmen-hinterradaufhangung-polyurethan-stilo-grande-punto-delta-iii-set-of-2\\\/\",\"name\":\"Hintere Buchse, Hilfsrahmen, Hinterradaufh\u00e4ngung, Polyurethan Stilo + Grande Punto + Delta III (2er-Set) - Turijnmagazijn\",\"isPartOf\":{\"@id\":\"https:\\\/\\\/turijnmagazijn.jumpstone-dev.nl\\\/#website\"},\"primaryImageOfPage\":{\"@id\":\"https:\\\/\\\/turijnmagazijn.nl\\\/de\\\/produkt\\\/hintere-buchse-hilfsrahmen-hinterradaufhangung-polyurethan-stilo-grande-punto-delta-iii-set-of-2\\\/#primaryimage\"},\"image\":{\"@id\":\"https:\\\/\\\/turijnmagazijn.nl\\\/de\\\/produkt\\\/hintere-buchse-hilfsrahmen-hinterradaufhangung-polyurethan-stilo-grande-punto-delta-iii-set-of-2\\\/#primaryimage\"},\"thumbnailUrl\":\"https:\\\/\\\/turijnmagazijn.nl\\\/wp-content\\\/uploads\\\/2023\\\/03\\\/PU00100001_Achterste_bus_subframe_achterzijde_ophanging_polyurethaan_Fiat_Stilo_3-1.jpg\",\"datePublished\":\"2023-03-03T09:09:53+00:00\",\"dateModified\":\"2025-04-17T18:37:21+00:00\",\"breadcrumb\":{\"@id\":\"https:\\\/\\\/turijnmagazijn.nl\\\/de\\\/produkt\\\/hintere-buchse-hilfsrahmen-hinterradaufhangung-polyurethan-stilo-grande-punto-delta-iii-set-of-2\\\/#breadcrumb\"},\"inLanguage\":\"de\",\"potentialAction\":[{\"@type\":\"ReadAction\",\"target\":[\"https:\\\/\\\/turijnmagazijn.nl\\\/de\\\/produkt\\\/hintere-buchse-hilfsrahmen-hinterradaufhangung-polyurethan-stilo-grande-punto-delta-iii-set-of-2\\\/\"]}]},{\"@type\":\"ImageObject\",\"inLanguage\":\"de\",\"@id\":\"https:\\\/\\\/turijnmagazijn.nl\\\/de\\\/produkt\\\/hintere-buchse-hilfsrahmen-hinterradaufhangung-polyurethan-stilo-grande-punto-delta-iii-set-of-2\\\/#primaryimage\",\"url\":\"https:\\\/\\\/turijnmagazijn.nl\\\/wp-content\\\/uploads\\\/2023\\\/03\\\/PU00100001_Achterste_bus_subframe_achterzijde_ophanging_polyurethaan_Fiat_Stilo_3-1.jpg\",\"contentUrl\":\"https:\\\/\\\/turijnmagazijn.nl\\\/wp-content\\\/uploads\\\/2023\\\/03\\\/PU00100001_Achterste_bus_subframe_achterzijde_ophanging_polyurethaan_Fiat_Stilo_3-1.jpg\",\"width\":800,\"height\":600},{\"@type\":\"BreadcrumbList\",\"@id\":\"https:\\\/\\\/turijnmagazijn.nl\\\/de\\\/produkt\\\/hintere-buchse-hilfsrahmen-hinterradaufhangung-polyurethan-stilo-grande-punto-delta-iii-set-of-2\\\/#breadcrumb\",\"itemListElement\":[{\"@type\":\"ListItem\",\"position\":1,\"name\":\"Home\",\"item\":\"https:\\\/\\\/turijnmagazijn.nl\\\/de\\\/\"},{\"@type\":\"ListItem\",\"position\":2,\"name\":\"Produkte\",\"item\":\"https:\\\/\\\/turijnmagazijn.nl\\\/de\\\/shop\\\/\"},{\"@type\":\"ListItem\",\"position\":3,\"name\":\"Hintere Buchse, Hilfsrahmen, Hinterradaufh\u00e4ngung, Polyurethan Stilo + Grande Punto + Delta III (2er-Set)\"}]},{\"@type\":\"WebSite\",\"@id\":\"https:\\\/\\\/turijnmagazijn.jumpstone-dev.nl\\\/#website\",\"url\":\"https:\\\/\\\/turijnmagazijn.jumpstone-dev.nl\\\/\",\"name\":\"Turijnmagazijn\",\"description\":\"Onderdelen nieuw en gebruikt - Fiat &amp; Lancia\",\"publisher\":{\"@id\":\"https:\\\/\\\/turijnmagazijn.jumpstone-dev.nl\\\/#organization\"},\"potentialAction\":[{\"@type\":\"SearchAction\",\"target\":{\"@type\":\"EntryPoint\",\"urlTemplate\":\"https:\\\/\\\/turijnmagazijn.jumpstone-dev.nl\\\/?s={search_term_string}\"},\"query-input\":{\"@type\":\"PropertyValueSpecification\",\"valueRequired\":true,\"valueName\":\"search_term_string\"}}],\"inLanguage\":\"de\"},{\"@type\":\"Organization\",\"@id\":\"https:\\\/\\\/turijnmagazijn.jumpstone-dev.nl\\\/#organization\",\"name\":\"Turijnmagazijn\",\"url\":\"https:\\\/\\\/turijnmagazijn.jumpstone-dev.nl\\\/\",\"logo\":{\"@type\":\"ImageObject\",\"inLanguage\":\"de\",\"@id\":\"https:\\\/\\\/turijnmagazijn.jumpstone-dev.nl\\\/#\\\/schema\\\/logo\\\/image\\\/\",\"url\":\"https:\\\/\\\/turijnmagazijn.nl\\\/wp-content\\\/uploads\\\/2021\\\/02\\\/turijnmagazijnlogo.png\",\"contentUrl\":\"https:\\\/\\\/turijnmagazijn.nl\\\/wp-content\\\/uploads\\\/2021\\\/02\\\/turijnmagazijnlogo.png\",\"width\":555,\"height\":270,\"caption\":\"Turijnmagazijn\"},\"image\":{\"@id\":\"https:\\\/\\\/turijnmagazijn.jumpstone-dev.nl\\\/#\\\/schema\\\/logo\\\/image\\\/\"},\"sameAs\":[\"https:\\\/\\\/www.facebook.com\\\/turijnmagazijn\"]}]}<\/script>\n<!-- \/ Yoast SEO plugin. -->","yoast_head_json":{"title":"Hintere Buchse, Hilfsrahmen, Hinterradaufh\u00e4ngung, Polyurethan Stilo + Grande Punto + Delta III (2er-Set) - Turijnmagazijn","robots":{"index":"index","follow":"follow","max-snippet":"max-snippet:-1","max-image-preview":"max-image-preview:large","max-video-preview":"max-video-preview:-1"},"canonical":"https:\/\/turijnmagazijn.nl\/de\/produkt\/hintere-buchse-hilfsrahmen-hinterradaufhangung-polyurethan-stilo-grande-punto-delta-iii-set-of-2\/","og_locale":"de_DE","og_type":"article","og_title":"Hintere Buchse, Hilfsrahmen, Hinterradaufh\u00e4ngung, Polyurethan Stilo + Grande Punto + Delta III (2er-Set) - Turijnmagazijn","og_description":"Hintere Buchse Hilfsrahmen Hinterradaufh\u00e4ngung Polyurethan Fiat Stilo - 4-teiliger Satz Polyurethan-Buchsen zur Montage in der Hinterradaufh\u00e4ngung f\u00fcr Fiat Stilo, anwendbar f\u00fcr alle Modelle: Abarth 3-T\u00fcrer, 5-T\u00fcrer und Kombi.Hinterer Bushilfsrahmen acht","og_url":"https:\/\/turijnmagazijn.nl\/de\/produkt\/hintere-buchse-hilfsrahmen-hinterradaufhangung-polyurethan-stilo-grande-punto-delta-iii-set-of-2\/","og_site_name":"Turijnmagazijn","article_publisher":"https:\/\/www.facebook.com\/turijnmagazijn","article_modified_time":"2025-04-17T18:37:21+00:00","og_image":[{"width":800,"height":600,"url":"https:\/\/turijnmagazijn.nl\/wp-content\/uploads\/2023\/03\/PU00100001_Achterste_bus_subframe_achterzijde_ophanging_polyurethaan_Fiat_Stilo_3-1.jpg","type":"image\/jpeg"}],"twitter_card":"summary_large_image","twitter_misc":{"Gesch\u00e4tzte Lesezeit":"1\u00a0Minute"},"schema":{"@context":"https:\/\/schema.org","@graph":[{"@type":"WebPage","@id":"https:\/\/turijnmagazijn.nl\/de\/produkt\/hintere-buchse-hilfsrahmen-hinterradaufhangung-polyurethan-stilo-grande-punto-delta-iii-set-of-2\/","url":"https:\/\/turijnmagazijn.nl\/de\/produkt\/hintere-buchse-hilfsrahmen-hinterradaufhangung-polyurethan-stilo-grande-punto-delta-iii-set-of-2\/","name":"Hintere Buchse, Hilfsrahmen, Hinterradaufh\u00e4ngung, Polyurethan Stilo + Grande Punto + Delta III (2er-Set) - Turijnmagazijn","isPartOf":{"@id":"https:\/\/turijnmagazijn.jumpstone-dev.nl\/#website"},"primaryImageOfPage":{"@id":"https:\/\/turijnmagazijn.nl\/de\/produkt\/hintere-buchse-hilfsrahmen-hinterradaufhangung-polyurethan-stilo-grande-punto-delta-iii-set-of-2\/#primaryimage"},"image":{"@id":"https:\/\/turijnmagazijn.nl\/de\/produkt\/hintere-buchse-hilfsrahmen-hinterradaufhangung-polyurethan-stilo-grande-punto-delta-iii-set-of-2\/#primaryimage"},"thumbnailUrl":"https:\/\/turijnmagazijn.nl\/wp-content\/uploads\/2023\/03\/PU00100001_Achterste_bus_subframe_achterzijde_ophanging_polyurethaan_Fiat_Stilo_3-1.jpg","datePublished":"2023-03-03T09:09:53+00:00","dateModified":"2025-04-17T18:37:21+00:00","breadcrumb":{"@id":"https:\/\/turijnmagazijn.nl\/de\/produkt\/hintere-buchse-hilfsrahmen-hinterradaufhangung-polyurethan-stilo-grande-punto-delta-iii-set-of-2\/#breadcrumb"},"inLanguage":"de","potentialAction":[{"@type":"ReadAction","target":["https:\/\/turijnmagazijn.nl\/de\/produkt\/hintere-buchse-hilfsrahmen-hinterradaufhangung-polyurethan-stilo-grande-punto-delta-iii-set-of-2\/"]}]},{"@type":"ImageObject","inLanguage":"de","@id":"https:\/\/turijnmagazijn.nl\/de\/produkt\/hintere-buchse-hilfsrahmen-hinterradaufhangung-polyurethan-stilo-grande-punto-delta-iii-set-of-2\/#primaryimage","url":"https:\/\/turijnmagazijn.nl\/wp-content\/uploads\/2023\/03\/PU00100001_Achterste_bus_subframe_achterzijde_ophanging_polyurethaan_Fiat_Stilo_3-1.jpg","contentUrl":"https:\/\/turijnmagazijn.nl\/wp-content\/uploads\/2023\/03\/PU00100001_Achterste_bus_subframe_achterzijde_ophanging_polyurethaan_Fiat_Stilo_3-1.jpg","width":800,"height":600},{"@type":"BreadcrumbList","@id":"https:\/\/turijnmagazijn.nl\/de\/produkt\/hintere-buchse-hilfsrahmen-hinterradaufhangung-polyurethan-stilo-grande-punto-delta-iii-set-of-2\/#breadcrumb","itemListElement":[{"@type":"ListItem","position":1,"name":"Home","item":"https:\/\/turijnmagazijn.nl\/de\/"},{"@type":"ListItem","position":2,"name":"Produkte","item":"https:\/\/turijnmagazijn.nl\/de\/shop\/"},{"@type":"ListItem","position":3,"name":"Hintere Buchse, Hilfsrahmen, Hinterradaufh\u00e4ngung, Polyurethan Stilo + Grande Punto + Delta III (2er-Set)"}]},{"@type":"WebSite","@id":"https:\/\/turijnmagazijn.jumpstone-dev.nl\/#website","url":"https:\/\/turijnmagazijn.jumpstone-dev.nl\/","name":"Turijnmagazijn","description":"Onderdelen nieuw en gebruikt - Fiat &amp; Lancia","publisher":{"@id":"https:\/\/turijnmagazijn.jumpstone-dev.nl\/#organization"},"potentialAction":[{"@type":"SearchAction","target":{"@type":"EntryPoint","urlTemplate":"https:\/\/turijnmagazijn.jumpstone-dev.nl\/?s={search_term_string}"},"query-input":{"@type":"PropertyValueSpecification","valueRequired":true,"valueName":"search_term_string"}}],"inLanguage":"de"},{"@type":"Organization","@id":"https:\/\/turijnmagazijn.jumpstone-dev.nl\/#organization","name":"Turijnmagazijn","url":"https:\/\/turijnmagazijn.jumpstone-dev.nl\/","logo":{"@type":"ImageObject","inLanguage":"de","@id":"https:\/\/turijnmagazijn.jumpstone-dev.nl\/#\/schema\/logo\/image\/","url":"https:\/\/turijnmagazijn.nl\/wp-content\/uploads\/2021\/02\/turijnmagazijnlogo.png","contentUrl":"https:\/\/turijnmagazijn.nl\/wp-content\/uploads\/2021\/02\/turijnmagazijnlogo.png","width":555,"height":270,"caption":"Turijnmagazijn"},"image":{"@id":"https:\/\/turijnmagazijn.jumpstone-dev.nl\/#\/schema\/logo\/image\/"},"sameAs":["https:\/\/www.facebook.com\/turijnmagazijn"]}]}},"_links":{"self":[{"href":"https:\/\/turijnmagazijn.nl\/de\/wp-json\/wp\/v2\/product\/66146","targetHints":{"allow":["GET"]}}],"collection":[{"href":"https:\/\/turijnmagazijn.nl\/de\/wp-json\/wp\/v2\/product"}],"about":[{"href":"https:\/\/turijnmagazijn.nl\/de\/wp-json\/wp\/v2\/types\/product"}],"replies":[{"embeddable":true,"href":"https:\/\/turijnmagazijn.nl\/de\/wp-json\/wp\/v2\/comments?post=66146"}],"wp:featuredmedia":[{"embeddable":true,"href":"https:\/\/turijnmagazijn.nl\/de\/wp-json\/wp\/v2\/media\/55809"}],"wp:attachment":[{"href":"https:\/\/turijnmagazijn.nl\/de\/wp-json\/wp\/v2\/media?parent=66146"}],"wp:term":[{"taxonomy":"product_brand","embeddable":true,"href":"https:\/\/turijnmagazijn.nl\/de\/wp-json\/wp\/v2\/product_brand?post=66146"},{"taxonomy":"product_cat","embeddable":true,"href":"https:\/\/turijnmagazijn.nl\/de\/wp-json\/wp\/v2\/product_cat?post=66146"},{"taxonomy":"product_tag","embeddable":true,"href":"https:\/\/turijnmagazijn.nl\/de\/wp-json\/wp\/v2\/product_tag?post=66146"}],"curies":[{"name":"wp","href":"https:\/\/api.w.org\/{rel}","templated":true}]}}