{"id":66162,"date":"2023-03-03T10:09:54","date_gmt":"2023-03-03T09:09:54","guid":{"rendered":"https:\/\/turijnmagazijn.nl\/product\/obere-schwinge-gummis-vorderradaufhaengung-polyurethan-lancia-thesis-4er-set\/"},"modified":"2023-07-27T12:51:26","modified_gmt":"2023-07-27T10:51:26","slug":"oberschwinge-gummis-vorderradaufhangung-polyurethan-lancia-these-4-set","status":"publish","type":"product","link":"https:\/\/turijnmagazijn.nl\/de\/produkt\/oberschwinge-gummis-vorderradaufhangung-polyurethan-lancia-these-4-set\/","title":{"rendered":"Obere Schwinge Gummis Vorderradaufh\u00e4ngung Polyurethan Lancia Thesis (4er-Set)"},"content":{"rendered":"<p>Obere Schwingengummibuchse zur Montage in der Vorderradaufh\u00e4ngung f\u00fcr Lancia Thesis. Anwendbar auf alle Thesis-Modelle. Pro Seite sind zwei Buchsen montiert, siehe auch das Bild des Montageortes. F\u00fcr ein Auto werden insgesamt 4 Busse ben\u00f6tigt, bei Bestellung von 1 Artikel erhalten Sie ein Set mit 4 Bussen.<\/p>\n<p>Eine Metallf\u00fchrung und ein Ring werden pro Gummibuchse sowie das erforderliche Montagefett geliefert.<\/p>\n<p>Hochwertige Polyurethan-Buchsen als Ersatz f\u00fcr die originalen Gummibuchsen. Polyurethan ist ein modernes Material, das sehr verschlei\u00dffest ist, nicht veraltet ist und bei korrekter Montage nie wieder ausgetauscht werden muss. Polyurethan ist etwas steifer als Gummi und vermittelt daher im Vergleich zu Originalgummi ein strafferes Gef\u00fchl der Federung (ohne unangenehm zu werden).<\/p>\n<p>Wir sind Importeur dieser Busse, die von unserem Hersteller direkt an Sie versendet werden. Aufgrund des erforderlichen internationalen Versands betr\u00e4gt die Lieferzeit dieser Busse ca. 2 Wochen, maximal 12 Werktage.<\/p>\n<p>Die korrekte Montage mit dem mitgelieferten Fett ist f\u00fcr eine lange und ger\u00e4uschlose Lebensdauer von gro\u00dfer Bedeutung.<\/p>\n<p><span style=\"font-weight: bold;\">REFRENZ NUR OEM<br \/>\n<\/span><\/p>\n<div style=\"text-align: start;\"><span style=\"font-size: 12px; text-align: center;\"><br \/>\n60678239<\/span> <span style=\"text-align: center; font-size: 12px;\"><br \/>\n60678238<\/span> <span style=\"text-align: center; font-size: 12px;\">60678241<\/span><\/div>\n<p>&nbsp;<\/p>\n<p>&nbsp;<\/p>\n","protected":false},"excerpt":{"rendered":"<p>Obere Schwinge Gummis Vorderradaufh\u00e4ngung Polyurethan Lancia Thesis (4er Set) &#8211; Obere Schwingengummibuchse zur Montage in der Vorderradaufh\u00e4ngung f\u00fcr Lancia Thesis.<\/p>\n","protected":false},"featured_media":55837,"comment_status":"closed","ping_status":"closed","template":"","meta":{"_acf_changed":false},"product_brand":[],"product_cat":[1797,1905],"product_tag":[],"class_list":{"0":"post-66162","1":"product","2":"type-product","3":"status-publish","4":"has-post-thumbnail","6":"product_cat-lancia-de","7":"product_cat-thesis-841-de","8":"pa_soort-onderdeel-aufhangung-und-fahrwerk","10":"first","11":"instock","12":"taxable","13":"shipping-taxable","14":"purchasable","15":"product-type-simple"},"acf":[],"yoast_head":"<!-- This site is optimized with the Yoast SEO plugin v27.2 - https:\/\/yoast.com\/product\/yoast-seo-wordpress\/ -->\n<title>Obere Schwinge Gummis Vorderradaufh\u00e4ngung Polyurethan Lancia Thesis (4er-Set) - Turijnmagazijn<\/title>\n<meta name=\"robots\" content=\"index, follow, max-snippet:-1, max-image-preview:large, max-video-preview:-1\" \/>\n<link rel=\"canonical\" href=\"https:\/\/turijnmagazijn.nl\/de\/produkt\/oberschwinge-gummis-vorderradaufhangung-polyurethan-lancia-these-4-set\/\" \/>\n<meta property=\"og:locale\" content=\"de_DE\" \/>\n<meta property=\"og:type\" content=\"article\" \/>\n<meta property=\"og:title\" content=\"Obere Schwinge Gummis Vorderradaufh\u00e4ngung Polyurethan Lancia Thesis (4er-Set) - Turijnmagazijn\" \/>\n<meta property=\"og:description\" content=\"Obere Schwinge Gummis Vorderradaufh\u00e4ngung Polyurethan Lancia Thesis (4er Set) - Obere Schwingengummibuchse zur Montage in der Vorderradaufh\u00e4ngung f\u00fcr Lancia Thesis.\" \/>\n<meta property=\"og:url\" content=\"https:\/\/turijnmagazijn.nl\/de\/produkt\/oberschwinge-gummis-vorderradaufhangung-polyurethan-lancia-these-4-set\/\" \/>\n<meta property=\"og:site_name\" content=\"Turijnmagazijn\" \/>\n<meta property=\"article:publisher\" content=\"https:\/\/www.facebook.com\/turijnmagazijn\" \/>\n<meta property=\"article:modified_time\" content=\"2023-07-27T10:51:26+00:00\" \/>\n<meta property=\"og:image\" content=\"https:\/\/turijnmagazijn.nl\/wp-content\/uploads\/2023\/03\/PU00100002-Bovenste-swingarm-rubbers-voorzijde-ophanging-polyurethaan-Lancia-Thesis-set-van-4-1.jpg\" \/>\n\t<meta property=\"og:image:width\" content=\"1024\" \/>\n\t<meta property=\"og:image:height\" content=\"768\" \/>\n\t<meta property=\"og:image:type\" content=\"image\/jpeg\" \/>\n<meta name=\"twitter:card\" content=\"summary_large_image\" \/>\n<meta name=\"twitter:label1\" content=\"Gesch\u00e4tzte Lesezeit\" \/>\n\t<meta name=\"twitter:data1\" content=\"1\u00a0Minute\" \/>\n<script type=\"application\/ld+json\" class=\"yoast-schema-graph\">{\"@context\":\"https:\/\/schema.org\",\"@graph\":[{\"@type\":\"WebPage\",\"@id\":\"https:\/\/turijnmagazijn.nl\/de\/produkt\/oberschwinge-gummis-vorderradaufhangung-polyurethan-lancia-these-4-set\/\",\"url\":\"https:\/\/turijnmagazijn.nl\/de\/produkt\/oberschwinge-gummis-vorderradaufhangung-polyurethan-lancia-these-4-set\/\",\"name\":\"Obere Schwinge Gummis Vorderradaufh\u00e4ngung Polyurethan Lancia Thesis (4er-Set) - Turijnmagazijn\",\"isPartOf\":{\"@id\":\"https:\/\/turijnmagazijn.jumpstone-dev.nl\/#website\"},\"primaryImageOfPage\":{\"@id\":\"https:\/\/turijnmagazijn.nl\/de\/produkt\/oberschwinge-gummis-vorderradaufhangung-polyurethan-lancia-these-4-set\/#primaryimage\"},\"image\":{\"@id\":\"https:\/\/turijnmagazijn.nl\/de\/produkt\/oberschwinge-gummis-vorderradaufhangung-polyurethan-lancia-these-4-set\/#primaryimage\"},\"thumbnailUrl\":\"https:\/\/turijnmagazijn.nl\/wp-content\/uploads\/2023\/03\/PU00100002-Bovenste-swingarm-rubbers-voorzijde-ophanging-polyurethaan-Lancia-Thesis-set-van-4-1.jpg\",\"datePublished\":\"2023-03-03T09:09:54+00:00\",\"dateModified\":\"2023-07-27T10:51:26+00:00\",\"breadcrumb\":{\"@id\":\"https:\/\/turijnmagazijn.nl\/de\/produkt\/oberschwinge-gummis-vorderradaufhangung-polyurethan-lancia-these-4-set\/#breadcrumb\"},\"inLanguage\":\"de\",\"potentialAction\":[{\"@type\":\"ReadAction\",\"target\":[\"https:\/\/turijnmagazijn.nl\/de\/produkt\/oberschwinge-gummis-vorderradaufhangung-polyurethan-lancia-these-4-set\/\"]}]},{\"@type\":\"ImageObject\",\"inLanguage\":\"de\",\"@id\":\"https:\/\/turijnmagazijn.nl\/de\/produkt\/oberschwinge-gummis-vorderradaufhangung-polyurethan-lancia-these-4-set\/#primaryimage\",\"url\":\"https:\/\/turijnmagazijn.nl\/wp-content\/uploads\/2023\/03\/PU00100002-Bovenste-swingarm-rubbers-voorzijde-ophanging-polyurethaan-Lancia-Thesis-set-van-4-1.jpg\",\"contentUrl\":\"https:\/\/turijnmagazijn.nl\/wp-content\/uploads\/2023\/03\/PU00100002-Bovenste-swingarm-rubbers-voorzijde-ophanging-polyurethaan-Lancia-Thesis-set-van-4-1.jpg\",\"width\":1024,\"height\":768},{\"@type\":\"BreadcrumbList\",\"@id\":\"https:\/\/turijnmagazijn.nl\/de\/produkt\/oberschwinge-gummis-vorderradaufhangung-polyurethan-lancia-these-4-set\/#breadcrumb\",\"itemListElement\":[{\"@type\":\"ListItem\",\"position\":1,\"name\":\"Home\",\"item\":\"https:\/\/turijnmagazijn.nl\/de\/\"},{\"@type\":\"ListItem\",\"position\":2,\"name\":\"Produkte\",\"item\":\"https:\/\/turijnmagazijn.nl\/de\/shop\/\"},{\"@type\":\"ListItem\",\"position\":3,\"name\":\"Obere Schwinge Gummis Vorderradaufh\u00e4ngung Polyurethan Lancia Thesis (4er-Set)\"}]},{\"@type\":\"WebSite\",\"@id\":\"https:\/\/turijnmagazijn.jumpstone-dev.nl\/#website\",\"url\":\"https:\/\/turijnmagazijn.jumpstone-dev.nl\/\",\"name\":\"Turijnmagazijn\",\"description\":\"Onderdelen nieuw en gebruikt - Fiat &amp; Lancia\",\"publisher\":{\"@id\":\"https:\/\/turijnmagazijn.jumpstone-dev.nl\/#organization\"},\"potentialAction\":[{\"@type\":\"SearchAction\",\"target\":{\"@type\":\"EntryPoint\",\"urlTemplate\":\"https:\/\/turijnmagazijn.jumpstone-dev.nl\/?s={search_term_string}\"},\"query-input\":{\"@type\":\"PropertyValueSpecification\",\"valueRequired\":true,\"valueName\":\"search_term_string\"}}],\"inLanguage\":\"de\"},{\"@type\":\"Organization\",\"@id\":\"https:\/\/turijnmagazijn.jumpstone-dev.nl\/#organization\",\"name\":\"Turijnmagazijn\",\"url\":\"https:\/\/turijnmagazijn.jumpstone-dev.nl\/\",\"logo\":{\"@type\":\"ImageObject\",\"inLanguage\":\"de\",\"@id\":\"https:\/\/turijnmagazijn.jumpstone-dev.nl\/#\/schema\/logo\/image\/\",\"url\":\"https:\/\/turijnmagazijn.nl\/wp-content\/uploads\/2021\/02\/turijnmagazijnlogo.png\",\"contentUrl\":\"https:\/\/turijnmagazijn.nl\/wp-content\/uploads\/2021\/02\/turijnmagazijnlogo.png\",\"width\":555,\"height\":270,\"caption\":\"Turijnmagazijn\"},\"image\":{\"@id\":\"https:\/\/turijnmagazijn.jumpstone-dev.nl\/#\/schema\/logo\/image\/\"},\"sameAs\":[\"https:\/\/www.facebook.com\/turijnmagazijn\"]}]}<\/script>\n<!-- \/ Yoast SEO plugin. -->","yoast_head_json":{"title":"Obere Schwinge Gummis Vorderradaufh\u00e4ngung Polyurethan Lancia Thesis (4er-Set) - Turijnmagazijn","robots":{"index":"index","follow":"follow","max-snippet":"max-snippet:-1","max-image-preview":"max-image-preview:large","max-video-preview":"max-video-preview:-1"},"canonical":"https:\/\/turijnmagazijn.nl\/de\/produkt\/oberschwinge-gummis-vorderradaufhangung-polyurethan-lancia-these-4-set\/","og_locale":"de_DE","og_type":"article","og_title":"Obere Schwinge Gummis Vorderradaufh\u00e4ngung Polyurethan Lancia Thesis (4er-Set) - Turijnmagazijn","og_description":"Obere Schwinge Gummis Vorderradaufh\u00e4ngung Polyurethan Lancia Thesis (4er Set) - Obere Schwingengummibuchse zur Montage in der Vorderradaufh\u00e4ngung f\u00fcr Lancia Thesis.","og_url":"https:\/\/turijnmagazijn.nl\/de\/produkt\/oberschwinge-gummis-vorderradaufhangung-polyurethan-lancia-these-4-set\/","og_site_name":"Turijnmagazijn","article_publisher":"https:\/\/www.facebook.com\/turijnmagazijn","article_modified_time":"2023-07-27T10:51:26+00:00","og_image":[{"width":1024,"height":768,"url":"https:\/\/turijnmagazijn.nl\/wp-content\/uploads\/2023\/03\/PU00100002-Bovenste-swingarm-rubbers-voorzijde-ophanging-polyurethaan-Lancia-Thesis-set-van-4-1.jpg","type":"image\/jpeg"}],"twitter_card":"summary_large_image","twitter_misc":{"Gesch\u00e4tzte Lesezeit":"1\u00a0Minute"},"schema":{"@context":"https:\/\/schema.org","@graph":[{"@type":"WebPage","@id":"https:\/\/turijnmagazijn.nl\/de\/produkt\/oberschwinge-gummis-vorderradaufhangung-polyurethan-lancia-these-4-set\/","url":"https:\/\/turijnmagazijn.nl\/de\/produkt\/oberschwinge-gummis-vorderradaufhangung-polyurethan-lancia-these-4-set\/","name":"Obere Schwinge Gummis Vorderradaufh\u00e4ngung Polyurethan Lancia Thesis (4er-Set) - Turijnmagazijn","isPartOf":{"@id":"https:\/\/turijnmagazijn.jumpstone-dev.nl\/#website"},"primaryImageOfPage":{"@id":"https:\/\/turijnmagazijn.nl\/de\/produkt\/oberschwinge-gummis-vorderradaufhangung-polyurethan-lancia-these-4-set\/#primaryimage"},"image":{"@id":"https:\/\/turijnmagazijn.nl\/de\/produkt\/oberschwinge-gummis-vorderradaufhangung-polyurethan-lancia-these-4-set\/#primaryimage"},"thumbnailUrl":"https:\/\/turijnmagazijn.nl\/wp-content\/uploads\/2023\/03\/PU00100002-Bovenste-swingarm-rubbers-voorzijde-ophanging-polyurethaan-Lancia-Thesis-set-van-4-1.jpg","datePublished":"2023-03-03T09:09:54+00:00","dateModified":"2023-07-27T10:51:26+00:00","breadcrumb":{"@id":"https:\/\/turijnmagazijn.nl\/de\/produkt\/oberschwinge-gummis-vorderradaufhangung-polyurethan-lancia-these-4-set\/#breadcrumb"},"inLanguage":"de","potentialAction":[{"@type":"ReadAction","target":["https:\/\/turijnmagazijn.nl\/de\/produkt\/oberschwinge-gummis-vorderradaufhangung-polyurethan-lancia-these-4-set\/"]}]},{"@type":"ImageObject","inLanguage":"de","@id":"https:\/\/turijnmagazijn.nl\/de\/produkt\/oberschwinge-gummis-vorderradaufhangung-polyurethan-lancia-these-4-set\/#primaryimage","url":"https:\/\/turijnmagazijn.nl\/wp-content\/uploads\/2023\/03\/PU00100002-Bovenste-swingarm-rubbers-voorzijde-ophanging-polyurethaan-Lancia-Thesis-set-van-4-1.jpg","contentUrl":"https:\/\/turijnmagazijn.nl\/wp-content\/uploads\/2023\/03\/PU00100002-Bovenste-swingarm-rubbers-voorzijde-ophanging-polyurethaan-Lancia-Thesis-set-van-4-1.jpg","width":1024,"height":768},{"@type":"BreadcrumbList","@id":"https:\/\/turijnmagazijn.nl\/de\/produkt\/oberschwinge-gummis-vorderradaufhangung-polyurethan-lancia-these-4-set\/#breadcrumb","itemListElement":[{"@type":"ListItem","position":1,"name":"Home","item":"https:\/\/turijnmagazijn.nl\/de\/"},{"@type":"ListItem","position":2,"name":"Produkte","item":"https:\/\/turijnmagazijn.nl\/de\/shop\/"},{"@type":"ListItem","position":3,"name":"Obere Schwinge Gummis Vorderradaufh\u00e4ngung Polyurethan Lancia Thesis (4er-Set)"}]},{"@type":"WebSite","@id":"https:\/\/turijnmagazijn.jumpstone-dev.nl\/#website","url":"https:\/\/turijnmagazijn.jumpstone-dev.nl\/","name":"Turijnmagazijn","description":"Onderdelen nieuw en gebruikt - Fiat &amp; Lancia","publisher":{"@id":"https:\/\/turijnmagazijn.jumpstone-dev.nl\/#organization"},"potentialAction":[{"@type":"SearchAction","target":{"@type":"EntryPoint","urlTemplate":"https:\/\/turijnmagazijn.jumpstone-dev.nl\/?s={search_term_string}"},"query-input":{"@type":"PropertyValueSpecification","valueRequired":true,"valueName":"search_term_string"}}],"inLanguage":"de"},{"@type":"Organization","@id":"https:\/\/turijnmagazijn.jumpstone-dev.nl\/#organization","name":"Turijnmagazijn","url":"https:\/\/turijnmagazijn.jumpstone-dev.nl\/","logo":{"@type":"ImageObject","inLanguage":"de","@id":"https:\/\/turijnmagazijn.jumpstone-dev.nl\/#\/schema\/logo\/image\/","url":"https:\/\/turijnmagazijn.nl\/wp-content\/uploads\/2021\/02\/turijnmagazijnlogo.png","contentUrl":"https:\/\/turijnmagazijn.nl\/wp-content\/uploads\/2021\/02\/turijnmagazijnlogo.png","width":555,"height":270,"caption":"Turijnmagazijn"},"image":{"@id":"https:\/\/turijnmagazijn.jumpstone-dev.nl\/#\/schema\/logo\/image\/"},"sameAs":["https:\/\/www.facebook.com\/turijnmagazijn"]}]}},"_links":{"self":[{"href":"https:\/\/turijnmagazijn.nl\/de\/wp-json\/wp\/v2\/product\/66162","targetHints":{"allow":["GET"]}}],"collection":[{"href":"https:\/\/turijnmagazijn.nl\/de\/wp-json\/wp\/v2\/product"}],"about":[{"href":"https:\/\/turijnmagazijn.nl\/de\/wp-json\/wp\/v2\/types\/product"}],"replies":[{"embeddable":true,"href":"https:\/\/turijnmagazijn.nl\/de\/wp-json\/wp\/v2\/comments?post=66162"}],"wp:featuredmedia":[{"embeddable":true,"href":"https:\/\/turijnmagazijn.nl\/de\/wp-json\/wp\/v2\/media\/55837"}],"wp:attachment":[{"href":"https:\/\/turijnmagazijn.nl\/de\/wp-json\/wp\/v2\/media?parent=66162"}],"wp:term":[{"taxonomy":"product_brand","embeddable":true,"href":"https:\/\/turijnmagazijn.nl\/de\/wp-json\/wp\/v2\/product_brand?post=66162"},{"taxonomy":"product_cat","embeddable":true,"href":"https:\/\/turijnmagazijn.nl\/de\/wp-json\/wp\/v2\/product_cat?post=66162"},{"taxonomy":"product_tag","embeddable":true,"href":"https:\/\/turijnmagazijn.nl\/de\/wp-json\/wp\/v2\/product_tag?post=66162"}],"curies":[{"name":"wp","href":"https:\/\/api.w.org\/{rel}","templated":true}]}}