{"id":66163,"date":"2023-03-03T10:10:45","date_gmt":"2023-03-03T09:10:45","guid":{"rendered":"https:\/\/turijnmagazijn.nl\/product\/gummiquerlenker-hinten-hinten-aufhaengung-bmw-e36-e46-satz-mit-2-buchsen-in-4-teilen-polyurethan\/"},"modified":"2023-07-27T13:27:15","modified_gmt":"2023-07-27T11:27:15","slug":"vorne-gummi-querlenker-hinten-aufhangung-bmw-e36-e46-set-of-2-buchsen-in-4-teile-polyurethan","status":"publish","type":"product","link":"https:\/\/turijnmagazijn.nl\/de\/produkt\/vorne-gummi-querlenker-hinten-aufhangung-bmw-e36-e46-set-of-2-buchsen-in-4-teile-polyurethan\/","title":{"rendered":"Gummiquerlenker hinten hinten aufh\u00e4ngung BMW E36 E46 (Satz mit 2 Buchsen in 4 Teilen) Polyurethan"},"content":{"rendered":"<p style=\"margin-bottom: 10px; line-height: 20px;\">Polyurethan-Ersatz f\u00fcr vorderen Gummi in hinteren Querlenkern f\u00fcr die Aufh\u00e4ngung der BMW 3er-Reihe, anwendbar sowohl f\u00fcr die Modelle E46 als auch E36. Die urspr\u00fcnglichen Gummis nutzen sich mit der Zeit ab, und diese Polyurethan-Ersatzstoffe sind eine sehr gute Alternative, um die Sie sich nie wieder k\u00fcmmern m\u00fcssen. F\u00fcr den Enthusiasten, der jahrelang Freude an seinem E36 oder E46 haben m\u00f6chte, eine hochwertige und dauerhafte L\u00f6sung.<\/p>\n<p style=\"margin-bottom: 10px; line-height: 20px;\">Eine Metallf\u00fchrung und ein Ring werden pro Polyurethanbuchse sowie das erforderliche Montagefett geliefert.<\/p>\n<p style=\"margin-bottom: 10px; line-height: 20px;\">Hochwertige Polyurethan-Buchsen als Ersatz f\u00fcr die originalen Gummibuchsen. Polyurethan ist ein modernes Material, das sehr verschlei\u00dffest ist, nicht veraltet ist und bei korrekter Montage nie wieder ausgetauscht werden muss. Polyurethan ist etwas steifer als Gummi und vermittelt daher im Vergleich zu Originalgummi ein strafferes Gef\u00fchl der Federung (ohne unangenehm zu werden).<\/p>\n<p style=\"margin-bottom: 10px; line-height: 20px;\">Wir sind Importeur dieser Busse, die von unserem Hersteller direkt an Sie versendet werden. Aufgrund des erforderlichen internationalen Versands betr\u00e4gt die Lieferzeit dieser Busse ca. 2 Wochen, maximal 12 Werktage.<\/p>\n<p style=\"margin-bottom: 10px; line-height: 20px;\">Die korrekte Montage mit dem mitgelieferten Fett ist f\u00fcr eine lange und ger\u00e4uschlose Lebensdauer von gro\u00dfer Bedeutung. Lesen Sie die beiliegende Montageanleitung sorgf\u00e4ltig durch.<\/p>\n","protected":false},"excerpt":{"rendered":"<p>Vordere Gummiquerlenker-Hinterradaufh\u00e4ngung BMW E36 E46 (Satz von 2 Buchsen in 4 Teilen) Polyurethan &#8211; Polyurethan-Ersatz f\u00fcr vorderen Gummi in hinteren Querlenkern f\u00fcr die Aufh\u00e4ngung der BMW 3er-Reihe, anwendbar sowohl f\u00fcr die Modelle E46 als auch E36.<\/p>\n","protected":false},"featured_media":55893,"comment_status":"open","ping_status":"closed","template":"","meta":{"_acf_changed":false},"product_brand":[],"product_cat":[1796],"product_tag":[],"class_list":{"0":"post-66163","1":"product","2":"type-product","3":"status-publish","4":"has-post-thumbnail","6":"product_cat-keine-kategorie","7":"pa_soort-onderdeel-aufhangung-und-fahrwerk","9":"first","10":"instock","11":"taxable","12":"shipping-taxable","13":"purchasable","14":"product-type-simple"},"acf":[],"yoast_head":"<!-- This site is optimized with the Yoast SEO plugin v27.3 - https:\/\/yoast.com\/product\/yoast-seo-wordpress\/ -->\n<title>Gummiquerlenker hinten hinten aufh\u00e4ngung BMW E36 E46 (Satz mit 2 Buchsen in 4 Teilen) Polyurethan - Turijnmagazijn<\/title>\n<meta name=\"robots\" content=\"index, follow, max-snippet:-1, max-image-preview:large, max-video-preview:-1\" \/>\n<link rel=\"canonical\" href=\"https:\/\/turijnmagazijn.nl\/de\/produkt\/vorne-gummi-querlenker-hinten-aufhangung-bmw-e36-e46-set-of-2-buchsen-in-4-teile-polyurethan\/\" \/>\n<meta property=\"og:locale\" content=\"de_DE\" \/>\n<meta property=\"og:type\" content=\"article\" \/>\n<meta property=\"og:title\" content=\"Gummiquerlenker hinten hinten aufh\u00e4ngung BMW E36 E46 (Satz mit 2 Buchsen in 4 Teilen) Polyurethan - Turijnmagazijn\" \/>\n<meta property=\"og:description\" content=\"Vordere Gummiquerlenker-Hinterradaufh\u00e4ngung BMW E36 E46 (Satz von 2 Buchsen in 4 Teilen) Polyurethan - Polyurethan-Ersatz f\u00fcr vorderen Gummi in hinteren Querlenkern f\u00fcr die Aufh\u00e4ngung der BMW 3er-Reihe, anwendbar sowohl f\u00fcr die Modelle E46 als auch E36.\" \/>\n<meta property=\"og:url\" content=\"https:\/\/turijnmagazijn.nl\/de\/produkt\/vorne-gummi-querlenker-hinten-aufhangung-bmw-e36-e46-set-of-2-buchsen-in-4-teile-polyurethan\/\" \/>\n<meta property=\"og:site_name\" content=\"Turijnmagazijn\" \/>\n<meta property=\"article:publisher\" content=\"https:\/\/www.facebook.com\/turijnmagazijn\" \/>\n<meta property=\"article:modified_time\" content=\"2023-07-27T11:27:15+00:00\" \/>\n<meta property=\"og:image\" content=\"https:\/\/turijnmagazijn.nl\/wp-content\/uploads\/2023\/03\/PU00100019_Voorste_rubber_draagarm_achterzijde_ophanging_BMW_E36_E46_set_van_2_bussen_in_4_delen_Polyurethaan_3-1.jpg\" \/>\n\t<meta property=\"og:image:width\" content=\"800\" \/>\n\t<meta property=\"og:image:height\" content=\"600\" \/>\n\t<meta property=\"og:image:type\" content=\"image\/jpeg\" \/>\n<meta name=\"twitter:card\" content=\"summary_large_image\" \/>\n<meta name=\"twitter:label1\" content=\"Gesch\u00e4tzte Lesezeit\" \/>\n\t<meta name=\"twitter:data1\" content=\"1\u00a0Minute\" \/>\n<script type=\"application\/ld+json\" class=\"yoast-schema-graph\">{\"@context\":\"https:\\\/\\\/schema.org\",\"@graph\":[{\"@type\":\"WebPage\",\"@id\":\"https:\\\/\\\/turijnmagazijn.nl\\\/de\\\/produkt\\\/vorne-gummi-querlenker-hinten-aufhangung-bmw-e36-e46-set-of-2-buchsen-in-4-teile-polyurethan\\\/\",\"url\":\"https:\\\/\\\/turijnmagazijn.nl\\\/de\\\/produkt\\\/vorne-gummi-querlenker-hinten-aufhangung-bmw-e36-e46-set-of-2-buchsen-in-4-teile-polyurethan\\\/\",\"name\":\"Gummiquerlenker hinten hinten aufh\u00e4ngung BMW E36 E46 (Satz mit 2 Buchsen in 4 Teilen) Polyurethan - Turijnmagazijn\",\"isPartOf\":{\"@id\":\"https:\\\/\\\/turijnmagazijn.jumpstone-dev.nl\\\/#website\"},\"primaryImageOfPage\":{\"@id\":\"https:\\\/\\\/turijnmagazijn.nl\\\/de\\\/produkt\\\/vorne-gummi-querlenker-hinten-aufhangung-bmw-e36-e46-set-of-2-buchsen-in-4-teile-polyurethan\\\/#primaryimage\"},\"image\":{\"@id\":\"https:\\\/\\\/turijnmagazijn.nl\\\/de\\\/produkt\\\/vorne-gummi-querlenker-hinten-aufhangung-bmw-e36-e46-set-of-2-buchsen-in-4-teile-polyurethan\\\/#primaryimage\"},\"thumbnailUrl\":\"https:\\\/\\\/turijnmagazijn.nl\\\/wp-content\\\/uploads\\\/2023\\\/03\\\/PU00100019_Voorste_rubber_draagarm_achterzijde_ophanging_BMW_E36_E46_set_van_2_bussen_in_4_delen_Polyurethaan_3-1.jpg\",\"datePublished\":\"2023-03-03T09:10:45+00:00\",\"dateModified\":\"2023-07-27T11:27:15+00:00\",\"breadcrumb\":{\"@id\":\"https:\\\/\\\/turijnmagazijn.nl\\\/de\\\/produkt\\\/vorne-gummi-querlenker-hinten-aufhangung-bmw-e36-e46-set-of-2-buchsen-in-4-teile-polyurethan\\\/#breadcrumb\"},\"inLanguage\":\"de\",\"potentialAction\":[{\"@type\":\"ReadAction\",\"target\":[\"https:\\\/\\\/turijnmagazijn.nl\\\/de\\\/produkt\\\/vorne-gummi-querlenker-hinten-aufhangung-bmw-e36-e46-set-of-2-buchsen-in-4-teile-polyurethan\\\/\"]}]},{\"@type\":\"ImageObject\",\"inLanguage\":\"de\",\"@id\":\"https:\\\/\\\/turijnmagazijn.nl\\\/de\\\/produkt\\\/vorne-gummi-querlenker-hinten-aufhangung-bmw-e36-e46-set-of-2-buchsen-in-4-teile-polyurethan\\\/#primaryimage\",\"url\":\"https:\\\/\\\/turijnmagazijn.nl\\\/wp-content\\\/uploads\\\/2023\\\/03\\\/PU00100019_Voorste_rubber_draagarm_achterzijde_ophanging_BMW_E36_E46_set_van_2_bussen_in_4_delen_Polyurethaan_3-1.jpg\",\"contentUrl\":\"https:\\\/\\\/turijnmagazijn.nl\\\/wp-content\\\/uploads\\\/2023\\\/03\\\/PU00100019_Voorste_rubber_draagarm_achterzijde_ophanging_BMW_E36_E46_set_van_2_bussen_in_4_delen_Polyurethaan_3-1.jpg\",\"width\":800,\"height\":600},{\"@type\":\"BreadcrumbList\",\"@id\":\"https:\\\/\\\/turijnmagazijn.nl\\\/de\\\/produkt\\\/vorne-gummi-querlenker-hinten-aufhangung-bmw-e36-e46-set-of-2-buchsen-in-4-teile-polyurethan\\\/#breadcrumb\",\"itemListElement\":[{\"@type\":\"ListItem\",\"position\":1,\"name\":\"Home\",\"item\":\"https:\\\/\\\/turijnmagazijn.nl\\\/de\\\/\"},{\"@type\":\"ListItem\",\"position\":2,\"name\":\"Produkte\",\"item\":\"https:\\\/\\\/turijnmagazijn.nl\\\/de\\\/shop\\\/\"},{\"@type\":\"ListItem\",\"position\":3,\"name\":\"Gummiquerlenker hinten hinten aufh\u00e4ngung BMW E36 E46 (Satz mit 2 Buchsen in 4 Teilen) Polyurethan\"}]},{\"@type\":\"WebSite\",\"@id\":\"https:\\\/\\\/turijnmagazijn.jumpstone-dev.nl\\\/#website\",\"url\":\"https:\\\/\\\/turijnmagazijn.jumpstone-dev.nl\\\/\",\"name\":\"Turijnmagazijn\",\"description\":\"Onderdelen nieuw en gebruikt - Fiat &amp; Lancia\",\"publisher\":{\"@id\":\"https:\\\/\\\/turijnmagazijn.jumpstone-dev.nl\\\/#organization\"},\"potentialAction\":[{\"@type\":\"SearchAction\",\"target\":{\"@type\":\"EntryPoint\",\"urlTemplate\":\"https:\\\/\\\/turijnmagazijn.jumpstone-dev.nl\\\/?s={search_term_string}\"},\"query-input\":{\"@type\":\"PropertyValueSpecification\",\"valueRequired\":true,\"valueName\":\"search_term_string\"}}],\"inLanguage\":\"de\"},{\"@type\":\"Organization\",\"@id\":\"https:\\\/\\\/turijnmagazijn.jumpstone-dev.nl\\\/#organization\",\"name\":\"Turijnmagazijn\",\"url\":\"https:\\\/\\\/turijnmagazijn.jumpstone-dev.nl\\\/\",\"logo\":{\"@type\":\"ImageObject\",\"inLanguage\":\"de\",\"@id\":\"https:\\\/\\\/turijnmagazijn.jumpstone-dev.nl\\\/#\\\/schema\\\/logo\\\/image\\\/\",\"url\":\"https:\\\/\\\/turijnmagazijn.nl\\\/wp-content\\\/uploads\\\/2021\\\/02\\\/turijnmagazijnlogo.png\",\"contentUrl\":\"https:\\\/\\\/turijnmagazijn.nl\\\/wp-content\\\/uploads\\\/2021\\\/02\\\/turijnmagazijnlogo.png\",\"width\":555,\"height\":270,\"caption\":\"Turijnmagazijn\"},\"image\":{\"@id\":\"https:\\\/\\\/turijnmagazijn.jumpstone-dev.nl\\\/#\\\/schema\\\/logo\\\/image\\\/\"},\"sameAs\":[\"https:\\\/\\\/www.facebook.com\\\/turijnmagazijn\"]}]}<\/script>\n<!-- \/ Yoast SEO plugin. -->","yoast_head_json":{"title":"Gummiquerlenker hinten hinten aufh\u00e4ngung BMW E36 E46 (Satz mit 2 Buchsen in 4 Teilen) Polyurethan - Turijnmagazijn","robots":{"index":"index","follow":"follow","max-snippet":"max-snippet:-1","max-image-preview":"max-image-preview:large","max-video-preview":"max-video-preview:-1"},"canonical":"https:\/\/turijnmagazijn.nl\/de\/produkt\/vorne-gummi-querlenker-hinten-aufhangung-bmw-e36-e46-set-of-2-buchsen-in-4-teile-polyurethan\/","og_locale":"de_DE","og_type":"article","og_title":"Gummiquerlenker hinten hinten aufh\u00e4ngung BMW E36 E46 (Satz mit 2 Buchsen in 4 Teilen) Polyurethan - Turijnmagazijn","og_description":"Vordere Gummiquerlenker-Hinterradaufh\u00e4ngung BMW E36 E46 (Satz von 2 Buchsen in 4 Teilen) Polyurethan - Polyurethan-Ersatz f\u00fcr vorderen Gummi in hinteren Querlenkern f\u00fcr die Aufh\u00e4ngung der BMW 3er-Reihe, anwendbar sowohl f\u00fcr die Modelle E46 als auch E36.","og_url":"https:\/\/turijnmagazijn.nl\/de\/produkt\/vorne-gummi-querlenker-hinten-aufhangung-bmw-e36-e46-set-of-2-buchsen-in-4-teile-polyurethan\/","og_site_name":"Turijnmagazijn","article_publisher":"https:\/\/www.facebook.com\/turijnmagazijn","article_modified_time":"2023-07-27T11:27:15+00:00","og_image":[{"width":800,"height":600,"url":"https:\/\/turijnmagazijn.nl\/wp-content\/uploads\/2023\/03\/PU00100019_Voorste_rubber_draagarm_achterzijde_ophanging_BMW_E36_E46_set_van_2_bussen_in_4_delen_Polyurethaan_3-1.jpg","type":"image\/jpeg"}],"twitter_card":"summary_large_image","twitter_misc":{"Gesch\u00e4tzte Lesezeit":"1\u00a0Minute"},"schema":{"@context":"https:\/\/schema.org","@graph":[{"@type":"WebPage","@id":"https:\/\/turijnmagazijn.nl\/de\/produkt\/vorne-gummi-querlenker-hinten-aufhangung-bmw-e36-e46-set-of-2-buchsen-in-4-teile-polyurethan\/","url":"https:\/\/turijnmagazijn.nl\/de\/produkt\/vorne-gummi-querlenker-hinten-aufhangung-bmw-e36-e46-set-of-2-buchsen-in-4-teile-polyurethan\/","name":"Gummiquerlenker hinten hinten aufh\u00e4ngung BMW E36 E46 (Satz mit 2 Buchsen in 4 Teilen) Polyurethan - Turijnmagazijn","isPartOf":{"@id":"https:\/\/turijnmagazijn.jumpstone-dev.nl\/#website"},"primaryImageOfPage":{"@id":"https:\/\/turijnmagazijn.nl\/de\/produkt\/vorne-gummi-querlenker-hinten-aufhangung-bmw-e36-e46-set-of-2-buchsen-in-4-teile-polyurethan\/#primaryimage"},"image":{"@id":"https:\/\/turijnmagazijn.nl\/de\/produkt\/vorne-gummi-querlenker-hinten-aufhangung-bmw-e36-e46-set-of-2-buchsen-in-4-teile-polyurethan\/#primaryimage"},"thumbnailUrl":"https:\/\/turijnmagazijn.nl\/wp-content\/uploads\/2023\/03\/PU00100019_Voorste_rubber_draagarm_achterzijde_ophanging_BMW_E36_E46_set_van_2_bussen_in_4_delen_Polyurethaan_3-1.jpg","datePublished":"2023-03-03T09:10:45+00:00","dateModified":"2023-07-27T11:27:15+00:00","breadcrumb":{"@id":"https:\/\/turijnmagazijn.nl\/de\/produkt\/vorne-gummi-querlenker-hinten-aufhangung-bmw-e36-e46-set-of-2-buchsen-in-4-teile-polyurethan\/#breadcrumb"},"inLanguage":"de","potentialAction":[{"@type":"ReadAction","target":["https:\/\/turijnmagazijn.nl\/de\/produkt\/vorne-gummi-querlenker-hinten-aufhangung-bmw-e36-e46-set-of-2-buchsen-in-4-teile-polyurethan\/"]}]},{"@type":"ImageObject","inLanguage":"de","@id":"https:\/\/turijnmagazijn.nl\/de\/produkt\/vorne-gummi-querlenker-hinten-aufhangung-bmw-e36-e46-set-of-2-buchsen-in-4-teile-polyurethan\/#primaryimage","url":"https:\/\/turijnmagazijn.nl\/wp-content\/uploads\/2023\/03\/PU00100019_Voorste_rubber_draagarm_achterzijde_ophanging_BMW_E36_E46_set_van_2_bussen_in_4_delen_Polyurethaan_3-1.jpg","contentUrl":"https:\/\/turijnmagazijn.nl\/wp-content\/uploads\/2023\/03\/PU00100019_Voorste_rubber_draagarm_achterzijde_ophanging_BMW_E36_E46_set_van_2_bussen_in_4_delen_Polyurethaan_3-1.jpg","width":800,"height":600},{"@type":"BreadcrumbList","@id":"https:\/\/turijnmagazijn.nl\/de\/produkt\/vorne-gummi-querlenker-hinten-aufhangung-bmw-e36-e46-set-of-2-buchsen-in-4-teile-polyurethan\/#breadcrumb","itemListElement":[{"@type":"ListItem","position":1,"name":"Home","item":"https:\/\/turijnmagazijn.nl\/de\/"},{"@type":"ListItem","position":2,"name":"Produkte","item":"https:\/\/turijnmagazijn.nl\/de\/shop\/"},{"@type":"ListItem","position":3,"name":"Gummiquerlenker hinten hinten aufh\u00e4ngung BMW E36 E46 (Satz mit 2 Buchsen in 4 Teilen) Polyurethan"}]},{"@type":"WebSite","@id":"https:\/\/turijnmagazijn.jumpstone-dev.nl\/#website","url":"https:\/\/turijnmagazijn.jumpstone-dev.nl\/","name":"Turijnmagazijn","description":"Onderdelen nieuw en gebruikt - Fiat &amp; Lancia","publisher":{"@id":"https:\/\/turijnmagazijn.jumpstone-dev.nl\/#organization"},"potentialAction":[{"@type":"SearchAction","target":{"@type":"EntryPoint","urlTemplate":"https:\/\/turijnmagazijn.jumpstone-dev.nl\/?s={search_term_string}"},"query-input":{"@type":"PropertyValueSpecification","valueRequired":true,"valueName":"search_term_string"}}],"inLanguage":"de"},{"@type":"Organization","@id":"https:\/\/turijnmagazijn.jumpstone-dev.nl\/#organization","name":"Turijnmagazijn","url":"https:\/\/turijnmagazijn.jumpstone-dev.nl\/","logo":{"@type":"ImageObject","inLanguage":"de","@id":"https:\/\/turijnmagazijn.jumpstone-dev.nl\/#\/schema\/logo\/image\/","url":"https:\/\/turijnmagazijn.nl\/wp-content\/uploads\/2021\/02\/turijnmagazijnlogo.png","contentUrl":"https:\/\/turijnmagazijn.nl\/wp-content\/uploads\/2021\/02\/turijnmagazijnlogo.png","width":555,"height":270,"caption":"Turijnmagazijn"},"image":{"@id":"https:\/\/turijnmagazijn.jumpstone-dev.nl\/#\/schema\/logo\/image\/"},"sameAs":["https:\/\/www.facebook.com\/turijnmagazijn"]}]}},"_links":{"self":[{"href":"https:\/\/turijnmagazijn.nl\/de\/wp-json\/wp\/v2\/product\/66163","targetHints":{"allow":["GET"]}}],"collection":[{"href":"https:\/\/turijnmagazijn.nl\/de\/wp-json\/wp\/v2\/product"}],"about":[{"href":"https:\/\/turijnmagazijn.nl\/de\/wp-json\/wp\/v2\/types\/product"}],"replies":[{"embeddable":true,"href":"https:\/\/turijnmagazijn.nl\/de\/wp-json\/wp\/v2\/comments?post=66163"}],"wp:featuredmedia":[{"embeddable":true,"href":"https:\/\/turijnmagazijn.nl\/de\/wp-json\/wp\/v2\/media\/55893"}],"wp:attachment":[{"href":"https:\/\/turijnmagazijn.nl\/de\/wp-json\/wp\/v2\/media?parent=66163"}],"wp:term":[{"taxonomy":"product_brand","embeddable":true,"href":"https:\/\/turijnmagazijn.nl\/de\/wp-json\/wp\/v2\/product_brand?post=66163"},{"taxonomy":"product_cat","embeddable":true,"href":"https:\/\/turijnmagazijn.nl\/de\/wp-json\/wp\/v2\/product_cat?post=66163"},{"taxonomy":"product_tag","embeddable":true,"href":"https:\/\/turijnmagazijn.nl\/de\/wp-json\/wp\/v2\/product_tag?post=66163"}],"curies":[{"name":"wp","href":"https:\/\/api.w.org\/{rel}","templated":true}]}}