{"id":66164,"date":"2023-03-03T10:10:45","date_gmt":"2023-03-03T09:10:45","guid":{"rendered":"https:\/\/turijnmagazijn.nl\/product\/komplettaufhaengung-vorne-polyurethan-set-lancia-thesis-8er-set\/"},"modified":"2025-04-17T15:32:53","modified_gmt":"2025-04-17T13:32:53","slug":"komplett-aufhangung-vorne-polyurethan-set-lancia-thesis-set-of-8","status":"publish","type":"product","link":"https:\/\/turijnmagazijn.nl\/de\/produkt\/komplett-aufhangung-vorne-polyurethan-set-lancia-thesis-set-of-8\/","title":{"rendered":"Komplettaufh\u00e4ngung vorne Polyurethan Set Lancia Thesis (8er Set)"},"content":{"rendered":"<p>Komplettset bestehend aus 8 Polyurethan-Buchsen als Ersatz f\u00fcr die originalen Gummibuchsen f\u00fcr die Vorderradaufh\u00e4ngung f\u00fcr Lancia Thesis. Das Set enth\u00e4lt alle auf dem Bild schattierten Buchsen in der richtigen Menge f\u00fcr 1 Auto. Mit diesem Set werden sowohl die linke als auch die rechte Front mit neuen Bussen ausgestattet.<\/p>\n<p>Hochwertige Polyurethan-Buchsen als Ersatz f\u00fcr die originalen Gummibuchsen. Polyurethan ist ein modernes Material, das sehr verschlei\u00dffest ist, nicht veraltet ist und bei korrekter Montage nie wieder ausgetauscht werden muss. Polyurethan ist etwas steifer als Gummi und vermittelt daher im Vergleich zu Originalgummi ein strafferes Gef\u00fchl der Federung (ohne unangenehm zu werden).<\/p>\n<p>Wir sind Importeur dieser Busse, die von unserem Hersteller direkt an Sie versendet werden. Aufgrund des erforderlichen internationalen Versands betr\u00e4gt die Lieferzeit dieser Busse ca. 2 Wochen, maximal 12 Werktage.<\/p>\n<p>Die korrekte Montage mit dem mitgelieferten Fett ist f\u00fcr eine lange und ger\u00e4uschlose Lebensdauer von gro\u00dfer Bedeutung.<\/p>\n<p style=\"margin-bottom: 10px; font-size: 12px; line-height: 20px;\"><span style=\"font-weight: bold;\">REFERENZ NUR OEM<br \/>\n<\/span><\/p>\n<div style=\"font-size: 12px; line-height: 20px;\"><span style=\"font-size: 12px; text-align: center;\"><br \/>\n60678239<\/span> <span style=\"text-align: center; font-size: 12px;\"><br \/>\n60678238<\/span> <span style=\"text-align: center; font-size: 12px;\">60678241<\/span><\/div>\n<div style=\"font-size: 12px; line-height: 20px;\"><span style=\"font-size: 12px; text-align: center;\">46844502<\/span><br style=\"font-size: 12px; text-align: center;\"><span style=\"font-size: 12px; text-align: center;\"><br \/>\n60675743<\/span> <span style=\"font-size: 12px; text-align: -webkit-center;\"><\/p>\n<p>60680200 60680201 46844503<br \/>\n46844504<\/span><span style=\"font-size: 12px;\"> <\/span><\/div>\n<p>&nbsp;<\/p>\n","protected":false},"excerpt":{"rendered":"<p>Kompletter Aufh\u00e4ngungssatz vorn Polyurethan Lancia Thesis (8er-Set) &#8211; Kompletter Satz bestehend aus 8 Polyurethan-Buchsen zum Ersatz der originalen Gummibuchsen f\u00fcr die Vorderradaufh\u00e4ngung f\u00fcr Lancia Thesis.NICHT VERF\u00dcGBAR Kompletter Pick-up<\/p>\n","protected":false},"featured_media":55873,"comment_status":"closed","ping_status":"closed","template":"","meta":{"_acf_changed":false},"product_brand":[],"product_cat":[1797,1905],"product_tag":[],"class_list":{"0":"post-66164","1":"product","2":"type-product","3":"status-publish","4":"has-post-thumbnail","6":"product_cat-lancia-de","7":"product_cat-thesis-841-de","8":"pa_soort-onderdeel-aufhangung-und-fahrwerk","10":"first","11":"instock","12":"taxable","13":"shipping-taxable","14":"purchasable","15":"product-type-simple"},"acf":[],"yoast_head":"<!-- This site is optimized with the Yoast SEO plugin v27.3 - https:\/\/yoast.com\/product\/yoast-seo-wordpress\/ -->\n<title>Komplettaufh\u00e4ngung vorne Polyurethan Set Lancia Thesis (8er Set) - Turijnmagazijn<\/title>\n<meta name=\"robots\" content=\"index, follow, max-snippet:-1, max-image-preview:large, max-video-preview:-1\" \/>\n<link rel=\"canonical\" href=\"https:\/\/turijnmagazijn.nl\/de\/produkt\/komplett-aufhangung-vorne-polyurethan-set-lancia-thesis-set-of-8\/\" \/>\n<meta property=\"og:locale\" content=\"de_DE\" \/>\n<meta property=\"og:type\" content=\"article\" \/>\n<meta property=\"og:title\" content=\"Komplettaufh\u00e4ngung vorne Polyurethan Set Lancia Thesis (8er Set) - Turijnmagazijn\" \/>\n<meta property=\"og:description\" content=\"Kompletter Aufh\u00e4ngungssatz vorn Polyurethan Lancia Thesis (8er-Set) - Kompletter Satz bestehend aus 8 Polyurethan-Buchsen zum Ersatz der originalen Gummibuchsen f\u00fcr die Vorderradaufh\u00e4ngung f\u00fcr Lancia Thesis.NICHT VERF\u00dcGBAR Kompletter Pick-up\" \/>\n<meta property=\"og:url\" content=\"https:\/\/turijnmagazijn.nl\/de\/produkt\/komplett-aufhangung-vorne-polyurethan-set-lancia-thesis-set-of-8\/\" \/>\n<meta property=\"og:site_name\" content=\"Turijnmagazijn\" \/>\n<meta property=\"article:publisher\" content=\"https:\/\/www.facebook.com\/turijnmagazijn\" \/>\n<meta property=\"article:modified_time\" content=\"2025-04-17T13:32:53+00:00\" \/>\n<meta property=\"og:image\" content=\"https:\/\/turijnmagazijn.nl\/wp-content\/uploads\/2023\/03\/PU00100016-Complete-ophanging-voorzijde-polyurethaan-set-Lancia-Thesis-set-van-8-3.jpg\" \/>\n\t<meta property=\"og:image:width\" content=\"1024\" \/>\n\t<meta property=\"og:image:height\" content=\"768\" \/>\n\t<meta property=\"og:image:type\" content=\"image\/jpeg\" \/>\n<meta name=\"twitter:card\" content=\"summary_large_image\" \/>\n<meta name=\"twitter:label1\" content=\"Gesch\u00e4tzte Lesezeit\" \/>\n\t<meta name=\"twitter:data1\" content=\"1\u00a0Minute\" \/>\n<script type=\"application\/ld+json\" class=\"yoast-schema-graph\">{\"@context\":\"https:\\\/\\\/schema.org\",\"@graph\":[{\"@type\":\"WebPage\",\"@id\":\"https:\\\/\\\/turijnmagazijn.nl\\\/de\\\/produkt\\\/komplett-aufhangung-vorne-polyurethan-set-lancia-thesis-set-of-8\\\/\",\"url\":\"https:\\\/\\\/turijnmagazijn.nl\\\/de\\\/produkt\\\/komplett-aufhangung-vorne-polyurethan-set-lancia-thesis-set-of-8\\\/\",\"name\":\"Komplettaufh\u00e4ngung vorne Polyurethan Set Lancia Thesis (8er Set) - Turijnmagazijn\",\"isPartOf\":{\"@id\":\"https:\\\/\\\/turijnmagazijn.jumpstone-dev.nl\\\/#website\"},\"primaryImageOfPage\":{\"@id\":\"https:\\\/\\\/turijnmagazijn.nl\\\/de\\\/produkt\\\/komplett-aufhangung-vorne-polyurethan-set-lancia-thesis-set-of-8\\\/#primaryimage\"},\"image\":{\"@id\":\"https:\\\/\\\/turijnmagazijn.nl\\\/de\\\/produkt\\\/komplett-aufhangung-vorne-polyurethan-set-lancia-thesis-set-of-8\\\/#primaryimage\"},\"thumbnailUrl\":\"https:\\\/\\\/turijnmagazijn.nl\\\/wp-content\\\/uploads\\\/2023\\\/03\\\/PU00100016-Complete-ophanging-voorzijde-polyurethaan-set-Lancia-Thesis-set-van-8-3.jpg\",\"datePublished\":\"2023-03-03T09:10:45+00:00\",\"dateModified\":\"2025-04-17T13:32:53+00:00\",\"breadcrumb\":{\"@id\":\"https:\\\/\\\/turijnmagazijn.nl\\\/de\\\/produkt\\\/komplett-aufhangung-vorne-polyurethan-set-lancia-thesis-set-of-8\\\/#breadcrumb\"},\"inLanguage\":\"de\",\"potentialAction\":[{\"@type\":\"ReadAction\",\"target\":[\"https:\\\/\\\/turijnmagazijn.nl\\\/de\\\/produkt\\\/komplett-aufhangung-vorne-polyurethan-set-lancia-thesis-set-of-8\\\/\"]}]},{\"@type\":\"ImageObject\",\"inLanguage\":\"de\",\"@id\":\"https:\\\/\\\/turijnmagazijn.nl\\\/de\\\/produkt\\\/komplett-aufhangung-vorne-polyurethan-set-lancia-thesis-set-of-8\\\/#primaryimage\",\"url\":\"https:\\\/\\\/turijnmagazijn.nl\\\/wp-content\\\/uploads\\\/2023\\\/03\\\/PU00100016-Complete-ophanging-voorzijde-polyurethaan-set-Lancia-Thesis-set-van-8-3.jpg\",\"contentUrl\":\"https:\\\/\\\/turijnmagazijn.nl\\\/wp-content\\\/uploads\\\/2023\\\/03\\\/PU00100016-Complete-ophanging-voorzijde-polyurethaan-set-Lancia-Thesis-set-van-8-3.jpg\",\"width\":1024,\"height\":768},{\"@type\":\"BreadcrumbList\",\"@id\":\"https:\\\/\\\/turijnmagazijn.nl\\\/de\\\/produkt\\\/komplett-aufhangung-vorne-polyurethan-set-lancia-thesis-set-of-8\\\/#breadcrumb\",\"itemListElement\":[{\"@type\":\"ListItem\",\"position\":1,\"name\":\"Home\",\"item\":\"https:\\\/\\\/turijnmagazijn.nl\\\/de\\\/\"},{\"@type\":\"ListItem\",\"position\":2,\"name\":\"Produkte\",\"item\":\"https:\\\/\\\/turijnmagazijn.nl\\\/de\\\/shop\\\/\"},{\"@type\":\"ListItem\",\"position\":3,\"name\":\"Komplettaufh\u00e4ngung vorne Polyurethan Set Lancia Thesis (8er Set)\"}]},{\"@type\":\"WebSite\",\"@id\":\"https:\\\/\\\/turijnmagazijn.jumpstone-dev.nl\\\/#website\",\"url\":\"https:\\\/\\\/turijnmagazijn.jumpstone-dev.nl\\\/\",\"name\":\"Turijnmagazijn\",\"description\":\"Onderdelen nieuw en gebruikt - Fiat &amp; Lancia\",\"publisher\":{\"@id\":\"https:\\\/\\\/turijnmagazijn.jumpstone-dev.nl\\\/#organization\"},\"potentialAction\":[{\"@type\":\"SearchAction\",\"target\":{\"@type\":\"EntryPoint\",\"urlTemplate\":\"https:\\\/\\\/turijnmagazijn.jumpstone-dev.nl\\\/?s={search_term_string}\"},\"query-input\":{\"@type\":\"PropertyValueSpecification\",\"valueRequired\":true,\"valueName\":\"search_term_string\"}}],\"inLanguage\":\"de\"},{\"@type\":\"Organization\",\"@id\":\"https:\\\/\\\/turijnmagazijn.jumpstone-dev.nl\\\/#organization\",\"name\":\"Turijnmagazijn\",\"url\":\"https:\\\/\\\/turijnmagazijn.jumpstone-dev.nl\\\/\",\"logo\":{\"@type\":\"ImageObject\",\"inLanguage\":\"de\",\"@id\":\"https:\\\/\\\/turijnmagazijn.jumpstone-dev.nl\\\/#\\\/schema\\\/logo\\\/image\\\/\",\"url\":\"https:\\\/\\\/turijnmagazijn.nl\\\/wp-content\\\/uploads\\\/2021\\\/02\\\/turijnmagazijnlogo.png\",\"contentUrl\":\"https:\\\/\\\/turijnmagazijn.nl\\\/wp-content\\\/uploads\\\/2021\\\/02\\\/turijnmagazijnlogo.png\",\"width\":555,\"height\":270,\"caption\":\"Turijnmagazijn\"},\"image\":{\"@id\":\"https:\\\/\\\/turijnmagazijn.jumpstone-dev.nl\\\/#\\\/schema\\\/logo\\\/image\\\/\"},\"sameAs\":[\"https:\\\/\\\/www.facebook.com\\\/turijnmagazijn\"]}]}<\/script>\n<!-- \/ Yoast SEO plugin. -->","yoast_head_json":{"title":"Komplettaufh\u00e4ngung vorne Polyurethan Set Lancia Thesis (8er Set) - Turijnmagazijn","robots":{"index":"index","follow":"follow","max-snippet":"max-snippet:-1","max-image-preview":"max-image-preview:large","max-video-preview":"max-video-preview:-1"},"canonical":"https:\/\/turijnmagazijn.nl\/de\/produkt\/komplett-aufhangung-vorne-polyurethan-set-lancia-thesis-set-of-8\/","og_locale":"de_DE","og_type":"article","og_title":"Komplettaufh\u00e4ngung vorne Polyurethan Set Lancia Thesis (8er Set) - Turijnmagazijn","og_description":"Kompletter Aufh\u00e4ngungssatz vorn Polyurethan Lancia Thesis (8er-Set) - Kompletter Satz bestehend aus 8 Polyurethan-Buchsen zum Ersatz der originalen Gummibuchsen f\u00fcr die Vorderradaufh\u00e4ngung f\u00fcr Lancia Thesis.NICHT VERF\u00dcGBAR Kompletter Pick-up","og_url":"https:\/\/turijnmagazijn.nl\/de\/produkt\/komplett-aufhangung-vorne-polyurethan-set-lancia-thesis-set-of-8\/","og_site_name":"Turijnmagazijn","article_publisher":"https:\/\/www.facebook.com\/turijnmagazijn","article_modified_time":"2025-04-17T13:32:53+00:00","og_image":[{"width":1024,"height":768,"url":"https:\/\/turijnmagazijn.nl\/wp-content\/uploads\/2023\/03\/PU00100016-Complete-ophanging-voorzijde-polyurethaan-set-Lancia-Thesis-set-van-8-3.jpg","type":"image\/jpeg"}],"twitter_card":"summary_large_image","twitter_misc":{"Gesch\u00e4tzte Lesezeit":"1\u00a0Minute"},"schema":{"@context":"https:\/\/schema.org","@graph":[{"@type":"WebPage","@id":"https:\/\/turijnmagazijn.nl\/de\/produkt\/komplett-aufhangung-vorne-polyurethan-set-lancia-thesis-set-of-8\/","url":"https:\/\/turijnmagazijn.nl\/de\/produkt\/komplett-aufhangung-vorne-polyurethan-set-lancia-thesis-set-of-8\/","name":"Komplettaufh\u00e4ngung vorne Polyurethan Set Lancia Thesis (8er Set) - Turijnmagazijn","isPartOf":{"@id":"https:\/\/turijnmagazijn.jumpstone-dev.nl\/#website"},"primaryImageOfPage":{"@id":"https:\/\/turijnmagazijn.nl\/de\/produkt\/komplett-aufhangung-vorne-polyurethan-set-lancia-thesis-set-of-8\/#primaryimage"},"image":{"@id":"https:\/\/turijnmagazijn.nl\/de\/produkt\/komplett-aufhangung-vorne-polyurethan-set-lancia-thesis-set-of-8\/#primaryimage"},"thumbnailUrl":"https:\/\/turijnmagazijn.nl\/wp-content\/uploads\/2023\/03\/PU00100016-Complete-ophanging-voorzijde-polyurethaan-set-Lancia-Thesis-set-van-8-3.jpg","datePublished":"2023-03-03T09:10:45+00:00","dateModified":"2025-04-17T13:32:53+00:00","breadcrumb":{"@id":"https:\/\/turijnmagazijn.nl\/de\/produkt\/komplett-aufhangung-vorne-polyurethan-set-lancia-thesis-set-of-8\/#breadcrumb"},"inLanguage":"de","potentialAction":[{"@type":"ReadAction","target":["https:\/\/turijnmagazijn.nl\/de\/produkt\/komplett-aufhangung-vorne-polyurethan-set-lancia-thesis-set-of-8\/"]}]},{"@type":"ImageObject","inLanguage":"de","@id":"https:\/\/turijnmagazijn.nl\/de\/produkt\/komplett-aufhangung-vorne-polyurethan-set-lancia-thesis-set-of-8\/#primaryimage","url":"https:\/\/turijnmagazijn.nl\/wp-content\/uploads\/2023\/03\/PU00100016-Complete-ophanging-voorzijde-polyurethaan-set-Lancia-Thesis-set-van-8-3.jpg","contentUrl":"https:\/\/turijnmagazijn.nl\/wp-content\/uploads\/2023\/03\/PU00100016-Complete-ophanging-voorzijde-polyurethaan-set-Lancia-Thesis-set-van-8-3.jpg","width":1024,"height":768},{"@type":"BreadcrumbList","@id":"https:\/\/turijnmagazijn.nl\/de\/produkt\/komplett-aufhangung-vorne-polyurethan-set-lancia-thesis-set-of-8\/#breadcrumb","itemListElement":[{"@type":"ListItem","position":1,"name":"Home","item":"https:\/\/turijnmagazijn.nl\/de\/"},{"@type":"ListItem","position":2,"name":"Produkte","item":"https:\/\/turijnmagazijn.nl\/de\/shop\/"},{"@type":"ListItem","position":3,"name":"Komplettaufh\u00e4ngung vorne Polyurethan Set Lancia Thesis (8er Set)"}]},{"@type":"WebSite","@id":"https:\/\/turijnmagazijn.jumpstone-dev.nl\/#website","url":"https:\/\/turijnmagazijn.jumpstone-dev.nl\/","name":"Turijnmagazijn","description":"Onderdelen nieuw en gebruikt - Fiat &amp; Lancia","publisher":{"@id":"https:\/\/turijnmagazijn.jumpstone-dev.nl\/#organization"},"potentialAction":[{"@type":"SearchAction","target":{"@type":"EntryPoint","urlTemplate":"https:\/\/turijnmagazijn.jumpstone-dev.nl\/?s={search_term_string}"},"query-input":{"@type":"PropertyValueSpecification","valueRequired":true,"valueName":"search_term_string"}}],"inLanguage":"de"},{"@type":"Organization","@id":"https:\/\/turijnmagazijn.jumpstone-dev.nl\/#organization","name":"Turijnmagazijn","url":"https:\/\/turijnmagazijn.jumpstone-dev.nl\/","logo":{"@type":"ImageObject","inLanguage":"de","@id":"https:\/\/turijnmagazijn.jumpstone-dev.nl\/#\/schema\/logo\/image\/","url":"https:\/\/turijnmagazijn.nl\/wp-content\/uploads\/2021\/02\/turijnmagazijnlogo.png","contentUrl":"https:\/\/turijnmagazijn.nl\/wp-content\/uploads\/2021\/02\/turijnmagazijnlogo.png","width":555,"height":270,"caption":"Turijnmagazijn"},"image":{"@id":"https:\/\/turijnmagazijn.jumpstone-dev.nl\/#\/schema\/logo\/image\/"},"sameAs":["https:\/\/www.facebook.com\/turijnmagazijn"]}]}},"_links":{"self":[{"href":"https:\/\/turijnmagazijn.nl\/de\/wp-json\/wp\/v2\/product\/66164","targetHints":{"allow":["GET"]}}],"collection":[{"href":"https:\/\/turijnmagazijn.nl\/de\/wp-json\/wp\/v2\/product"}],"about":[{"href":"https:\/\/turijnmagazijn.nl\/de\/wp-json\/wp\/v2\/types\/product"}],"replies":[{"embeddable":true,"href":"https:\/\/turijnmagazijn.nl\/de\/wp-json\/wp\/v2\/comments?post=66164"}],"wp:featuredmedia":[{"embeddable":true,"href":"https:\/\/turijnmagazijn.nl\/de\/wp-json\/wp\/v2\/media\/55873"}],"wp:attachment":[{"href":"https:\/\/turijnmagazijn.nl\/de\/wp-json\/wp\/v2\/media?parent=66164"}],"wp:term":[{"taxonomy":"product_brand","embeddable":true,"href":"https:\/\/turijnmagazijn.nl\/de\/wp-json\/wp\/v2\/product_brand?post=66164"},{"taxonomy":"product_cat","embeddable":true,"href":"https:\/\/turijnmagazijn.nl\/de\/wp-json\/wp\/v2\/product_cat?post=66164"},{"taxonomy":"product_tag","embeddable":true,"href":"https:\/\/turijnmagazijn.nl\/de\/wp-json\/wp\/v2\/product_tag?post=66164"}],"curies":[{"name":"wp","href":"https:\/\/api.w.org\/{rel}","templated":true}]}}