{"id":66175,"date":"2023-03-03T10:10:45","date_gmt":"2023-03-03T09:10:45","guid":{"rendered":"https:\/\/turijnmagazijn.nl\/product\/vorderer-gummi-unterer-querlenker-vorne-polyurethan-audi-tt-satz-mit-2-buchsen-in-4-teilen\/"},"modified":"2023-07-27T12:52:14","modified_gmt":"2023-07-27T10:52:14","slug":"vorne-gummi-unterere-querlenker-vorne-polyurethan-audi-tt-set-of-2-buchsen-in-4-teilen","status":"publish","type":"product","link":"https:\/\/turijnmagazijn.nl\/de\/produkt\/vorne-gummi-unterere-querlenker-vorne-polyurethan-audi-tt-set-of-2-buchsen-in-4-teilen\/","title":{"rendered":"Vorderer Gummi unterer Querlenker vorne Polyurethan Audi TT (Satz mit 2 Buchsen in 4 Teilen)"},"content":{"rendered":"<p><span style=\"line-height: 20px;\">Polyurethan-Ersatz<\/span>f\u00fcr den Originalgummi zur Montage im unteren Querlenker an der Vorderachse der Aufh\u00e4ngung f\u00fcr den Audi TT der ersten Serie. Es handelt sich um einen Satz von 4 Teilen, 2-zweiteiligen Buchsen, die sich gut zum Reduzieren dieser Busposition sowohl am linken als auch am rechten Querlenker eignen.  <span style=\"line-height: 20px;\">Die urspr\u00fcnglichen Gummis nutzen sich mit der Zeit ab, und diese Polyurethan-Ersatzstoffe sind eine sehr gute Alternative, um die Sie sich nie wieder k\u00fcmmern m\u00fcssen.<\/span><span style=\"line-height: 20px;\"> <\/span><\/p>\n<p style=\"margin-bottom: 10px; line-height: 20px;\">Eine Metallf\u00fchrung und ein Ring werden pro Polyurethanbuchse sowie das erforderliche Montagefett geliefert.<\/p>\n<p style=\"margin-bottom: 10px; line-height: 20px;\">Hochwertige Polyurethan-Buchsen als Ersatz f\u00fcr die originalen Gummibuchsen. Polyurethan ist ein modernes Material, das sehr verschlei\u00dffest ist, nicht veraltet ist und bei korrekter Montage nie wieder ausgetauscht werden muss. Polyurethan ist etwas steifer als Gummi und vermittelt daher im Vergleich zu Originalgummi ein strafferes Gef\u00fchl der Federung (ohne unangenehm zu werden).<\/p>\n<p style=\"margin-bottom: 10px; line-height: 20px;\">Wir sind Importeur dieser Busse, die von unserem Hersteller direkt an Sie versendet werden.<br \/>\n<span style=\"font-weight: bold;\">Aufgrund des erforderlichen internationalen Versands betr\u00e4gt die Lieferzeit dieser Busse ca. 2 Wochen, maximal 12 Werktage.<\/span><\/p>\n<p style=\"margin-bottom: 10px; line-height: 20px;\"><span style=\"font-weight: bold; color: #ff0000;\">Die korrekte Montage mit dem mitgelieferten Fett ist f\u00fcr eine lange und ger\u00e4uschlose Lebensdauer von gro\u00dfer Bedeutung.<\/span>  Befolgen Sie die beiliegende Montageanleitung sorgf\u00e4ltig.<\/p>\n<p>&nbsp;<\/p>\n","protected":false},"excerpt":{"rendered":"<p>Vorderer Gummi unterer Querlenker vorne Polyurethan TT (Satz mit 2 Buchsen in 4 Teilen) &#8211; Polyurethan-Ersatz f\u00fcr den vorderen Gummi zur Montage im unteren Querlenker vorne an der Aufh\u00e4ngung f\u00fcr den Audi TT der ersten Serie.<\/p>\n","protected":false},"featured_media":55909,"comment_status":"open","ping_status":"closed","template":"","meta":{"_acf_changed":false},"product_brand":[],"product_cat":[1796],"product_tag":[],"class_list":{"0":"post-66175","1":"product","2":"type-product","3":"status-publish","4":"has-post-thumbnail","6":"product_cat-keine-kategorie","7":"pa_soort-onderdeel-aufhangung-und-fahrwerk","9":"first","10":"instock","11":"taxable","12":"shipping-taxable","13":"purchasable","14":"product-type-simple"},"acf":[],"yoast_head":"<!-- This site is optimized with the Yoast SEO plugin v27.3 - https:\/\/yoast.com\/product\/yoast-seo-wordpress\/ -->\n<title>Vorderer Gummi unterer Querlenker vorne Polyurethan Audi TT (Satz mit 2 Buchsen in 4 Teilen) - Turijnmagazijn<\/title>\n<meta name=\"robots\" content=\"index, follow, max-snippet:-1, max-image-preview:large, max-video-preview:-1\" \/>\n<link rel=\"canonical\" href=\"https:\/\/turijnmagazijn.nl\/de\/produkt\/vorne-gummi-unterere-querlenker-vorne-polyurethan-audi-tt-set-of-2-buchsen-in-4-teilen\/\" \/>\n<meta property=\"og:locale\" content=\"de_DE\" \/>\n<meta property=\"og:type\" content=\"article\" \/>\n<meta property=\"og:title\" content=\"Vorderer Gummi unterer Querlenker vorne Polyurethan Audi TT (Satz mit 2 Buchsen in 4 Teilen) - Turijnmagazijn\" \/>\n<meta property=\"og:description\" content=\"Vorderer Gummi unterer Querlenker vorne Polyurethan TT (Satz mit 2 Buchsen in 4 Teilen) - Polyurethan-Ersatz f\u00fcr den vorderen Gummi zur Montage im unteren Querlenker vorne an der Aufh\u00e4ngung f\u00fcr den Audi TT der ersten Serie.\" \/>\n<meta property=\"og:url\" content=\"https:\/\/turijnmagazijn.nl\/de\/produkt\/vorne-gummi-unterere-querlenker-vorne-polyurethan-audi-tt-set-of-2-buchsen-in-4-teilen\/\" \/>\n<meta property=\"og:site_name\" content=\"Turijnmagazijn\" \/>\n<meta property=\"article:publisher\" content=\"https:\/\/www.facebook.com\/turijnmagazijn\" \/>\n<meta property=\"article:modified_time\" content=\"2023-07-27T10:52:14+00:00\" \/>\n<meta property=\"og:image\" content=\"https:\/\/turijnmagazijn.nl\/wp-content\/uploads\/2023\/03\/PU00100020_3-1.jpg\" \/>\n\t<meta property=\"og:image:width\" content=\"800\" \/>\n\t<meta property=\"og:image:height\" content=\"600\" \/>\n\t<meta property=\"og:image:type\" content=\"image\/jpeg\" \/>\n<meta name=\"twitter:card\" content=\"summary_large_image\" \/>\n<meta name=\"twitter:label1\" content=\"Gesch\u00e4tzte Lesezeit\" \/>\n\t<meta name=\"twitter:data1\" content=\"1\u00a0Minute\" \/>\n<script type=\"application\/ld+json\" class=\"yoast-schema-graph\">{\"@context\":\"https:\\\/\\\/schema.org\",\"@graph\":[{\"@type\":\"WebPage\",\"@id\":\"https:\\\/\\\/turijnmagazijn.nl\\\/de\\\/produkt\\\/vorne-gummi-unterere-querlenker-vorne-polyurethan-audi-tt-set-of-2-buchsen-in-4-teilen\\\/\",\"url\":\"https:\\\/\\\/turijnmagazijn.nl\\\/de\\\/produkt\\\/vorne-gummi-unterere-querlenker-vorne-polyurethan-audi-tt-set-of-2-buchsen-in-4-teilen\\\/\",\"name\":\"Vorderer Gummi unterer Querlenker vorne Polyurethan Audi TT (Satz mit 2 Buchsen in 4 Teilen) - Turijnmagazijn\",\"isPartOf\":{\"@id\":\"https:\\\/\\\/turijnmagazijn.jumpstone-dev.nl\\\/#website\"},\"primaryImageOfPage\":{\"@id\":\"https:\\\/\\\/turijnmagazijn.nl\\\/de\\\/produkt\\\/vorne-gummi-unterere-querlenker-vorne-polyurethan-audi-tt-set-of-2-buchsen-in-4-teilen\\\/#primaryimage\"},\"image\":{\"@id\":\"https:\\\/\\\/turijnmagazijn.nl\\\/de\\\/produkt\\\/vorne-gummi-unterere-querlenker-vorne-polyurethan-audi-tt-set-of-2-buchsen-in-4-teilen\\\/#primaryimage\"},\"thumbnailUrl\":\"https:\\\/\\\/turijnmagazijn.nl\\\/wp-content\\\/uploads\\\/2023\\\/03\\\/PU00100020_3-1.jpg\",\"datePublished\":\"2023-03-03T09:10:45+00:00\",\"dateModified\":\"2023-07-27T10:52:14+00:00\",\"breadcrumb\":{\"@id\":\"https:\\\/\\\/turijnmagazijn.nl\\\/de\\\/produkt\\\/vorne-gummi-unterere-querlenker-vorne-polyurethan-audi-tt-set-of-2-buchsen-in-4-teilen\\\/#breadcrumb\"},\"inLanguage\":\"de\",\"potentialAction\":[{\"@type\":\"ReadAction\",\"target\":[\"https:\\\/\\\/turijnmagazijn.nl\\\/de\\\/produkt\\\/vorne-gummi-unterere-querlenker-vorne-polyurethan-audi-tt-set-of-2-buchsen-in-4-teilen\\\/\"]}]},{\"@type\":\"ImageObject\",\"inLanguage\":\"de\",\"@id\":\"https:\\\/\\\/turijnmagazijn.nl\\\/de\\\/produkt\\\/vorne-gummi-unterere-querlenker-vorne-polyurethan-audi-tt-set-of-2-buchsen-in-4-teilen\\\/#primaryimage\",\"url\":\"https:\\\/\\\/turijnmagazijn.nl\\\/wp-content\\\/uploads\\\/2023\\\/03\\\/PU00100020_3-1.jpg\",\"contentUrl\":\"https:\\\/\\\/turijnmagazijn.nl\\\/wp-content\\\/uploads\\\/2023\\\/03\\\/PU00100020_3-1.jpg\",\"width\":800,\"height\":600},{\"@type\":\"BreadcrumbList\",\"@id\":\"https:\\\/\\\/turijnmagazijn.nl\\\/de\\\/produkt\\\/vorne-gummi-unterere-querlenker-vorne-polyurethan-audi-tt-set-of-2-buchsen-in-4-teilen\\\/#breadcrumb\",\"itemListElement\":[{\"@type\":\"ListItem\",\"position\":1,\"name\":\"Home\",\"item\":\"https:\\\/\\\/turijnmagazijn.nl\\\/de\\\/\"},{\"@type\":\"ListItem\",\"position\":2,\"name\":\"Produkte\",\"item\":\"https:\\\/\\\/turijnmagazijn.nl\\\/de\\\/shop\\\/\"},{\"@type\":\"ListItem\",\"position\":3,\"name\":\"Vorderer Gummi unterer Querlenker vorne Polyurethan Audi TT (Satz mit 2 Buchsen in 4 Teilen)\"}]},{\"@type\":\"WebSite\",\"@id\":\"https:\\\/\\\/turijnmagazijn.jumpstone-dev.nl\\\/#website\",\"url\":\"https:\\\/\\\/turijnmagazijn.jumpstone-dev.nl\\\/\",\"name\":\"Turijnmagazijn\",\"description\":\"Onderdelen nieuw en gebruikt - Fiat &amp; Lancia\",\"publisher\":{\"@id\":\"https:\\\/\\\/turijnmagazijn.jumpstone-dev.nl\\\/#organization\"},\"potentialAction\":[{\"@type\":\"SearchAction\",\"target\":{\"@type\":\"EntryPoint\",\"urlTemplate\":\"https:\\\/\\\/turijnmagazijn.jumpstone-dev.nl\\\/?s={search_term_string}\"},\"query-input\":{\"@type\":\"PropertyValueSpecification\",\"valueRequired\":true,\"valueName\":\"search_term_string\"}}],\"inLanguage\":\"de\"},{\"@type\":\"Organization\",\"@id\":\"https:\\\/\\\/turijnmagazijn.jumpstone-dev.nl\\\/#organization\",\"name\":\"Turijnmagazijn\",\"url\":\"https:\\\/\\\/turijnmagazijn.jumpstone-dev.nl\\\/\",\"logo\":{\"@type\":\"ImageObject\",\"inLanguage\":\"de\",\"@id\":\"https:\\\/\\\/turijnmagazijn.jumpstone-dev.nl\\\/#\\\/schema\\\/logo\\\/image\\\/\",\"url\":\"https:\\\/\\\/turijnmagazijn.nl\\\/wp-content\\\/uploads\\\/2021\\\/02\\\/turijnmagazijnlogo.png\",\"contentUrl\":\"https:\\\/\\\/turijnmagazijn.nl\\\/wp-content\\\/uploads\\\/2021\\\/02\\\/turijnmagazijnlogo.png\",\"width\":555,\"height\":270,\"caption\":\"Turijnmagazijn\"},\"image\":{\"@id\":\"https:\\\/\\\/turijnmagazijn.jumpstone-dev.nl\\\/#\\\/schema\\\/logo\\\/image\\\/\"},\"sameAs\":[\"https:\\\/\\\/www.facebook.com\\\/turijnmagazijn\"]}]}<\/script>\n<!-- \/ Yoast SEO plugin. -->","yoast_head_json":{"title":"Vorderer Gummi unterer Querlenker vorne Polyurethan Audi TT (Satz mit 2 Buchsen in 4 Teilen) - Turijnmagazijn","robots":{"index":"index","follow":"follow","max-snippet":"max-snippet:-1","max-image-preview":"max-image-preview:large","max-video-preview":"max-video-preview:-1"},"canonical":"https:\/\/turijnmagazijn.nl\/de\/produkt\/vorne-gummi-unterere-querlenker-vorne-polyurethan-audi-tt-set-of-2-buchsen-in-4-teilen\/","og_locale":"de_DE","og_type":"article","og_title":"Vorderer Gummi unterer Querlenker vorne Polyurethan Audi TT (Satz mit 2 Buchsen in 4 Teilen) - Turijnmagazijn","og_description":"Vorderer Gummi unterer Querlenker vorne Polyurethan TT (Satz mit 2 Buchsen in 4 Teilen) - Polyurethan-Ersatz f\u00fcr den vorderen Gummi zur Montage im unteren Querlenker vorne an der Aufh\u00e4ngung f\u00fcr den Audi TT der ersten Serie.","og_url":"https:\/\/turijnmagazijn.nl\/de\/produkt\/vorne-gummi-unterere-querlenker-vorne-polyurethan-audi-tt-set-of-2-buchsen-in-4-teilen\/","og_site_name":"Turijnmagazijn","article_publisher":"https:\/\/www.facebook.com\/turijnmagazijn","article_modified_time":"2023-07-27T10:52:14+00:00","og_image":[{"width":800,"height":600,"url":"https:\/\/turijnmagazijn.nl\/wp-content\/uploads\/2023\/03\/PU00100020_3-1.jpg","type":"image\/jpeg"}],"twitter_card":"summary_large_image","twitter_misc":{"Gesch\u00e4tzte Lesezeit":"1\u00a0Minute"},"schema":{"@context":"https:\/\/schema.org","@graph":[{"@type":"WebPage","@id":"https:\/\/turijnmagazijn.nl\/de\/produkt\/vorne-gummi-unterere-querlenker-vorne-polyurethan-audi-tt-set-of-2-buchsen-in-4-teilen\/","url":"https:\/\/turijnmagazijn.nl\/de\/produkt\/vorne-gummi-unterere-querlenker-vorne-polyurethan-audi-tt-set-of-2-buchsen-in-4-teilen\/","name":"Vorderer Gummi unterer Querlenker vorne Polyurethan Audi TT (Satz mit 2 Buchsen in 4 Teilen) - Turijnmagazijn","isPartOf":{"@id":"https:\/\/turijnmagazijn.jumpstone-dev.nl\/#website"},"primaryImageOfPage":{"@id":"https:\/\/turijnmagazijn.nl\/de\/produkt\/vorne-gummi-unterere-querlenker-vorne-polyurethan-audi-tt-set-of-2-buchsen-in-4-teilen\/#primaryimage"},"image":{"@id":"https:\/\/turijnmagazijn.nl\/de\/produkt\/vorne-gummi-unterere-querlenker-vorne-polyurethan-audi-tt-set-of-2-buchsen-in-4-teilen\/#primaryimage"},"thumbnailUrl":"https:\/\/turijnmagazijn.nl\/wp-content\/uploads\/2023\/03\/PU00100020_3-1.jpg","datePublished":"2023-03-03T09:10:45+00:00","dateModified":"2023-07-27T10:52:14+00:00","breadcrumb":{"@id":"https:\/\/turijnmagazijn.nl\/de\/produkt\/vorne-gummi-unterere-querlenker-vorne-polyurethan-audi-tt-set-of-2-buchsen-in-4-teilen\/#breadcrumb"},"inLanguage":"de","potentialAction":[{"@type":"ReadAction","target":["https:\/\/turijnmagazijn.nl\/de\/produkt\/vorne-gummi-unterere-querlenker-vorne-polyurethan-audi-tt-set-of-2-buchsen-in-4-teilen\/"]}]},{"@type":"ImageObject","inLanguage":"de","@id":"https:\/\/turijnmagazijn.nl\/de\/produkt\/vorne-gummi-unterere-querlenker-vorne-polyurethan-audi-tt-set-of-2-buchsen-in-4-teilen\/#primaryimage","url":"https:\/\/turijnmagazijn.nl\/wp-content\/uploads\/2023\/03\/PU00100020_3-1.jpg","contentUrl":"https:\/\/turijnmagazijn.nl\/wp-content\/uploads\/2023\/03\/PU00100020_3-1.jpg","width":800,"height":600},{"@type":"BreadcrumbList","@id":"https:\/\/turijnmagazijn.nl\/de\/produkt\/vorne-gummi-unterere-querlenker-vorne-polyurethan-audi-tt-set-of-2-buchsen-in-4-teilen\/#breadcrumb","itemListElement":[{"@type":"ListItem","position":1,"name":"Home","item":"https:\/\/turijnmagazijn.nl\/de\/"},{"@type":"ListItem","position":2,"name":"Produkte","item":"https:\/\/turijnmagazijn.nl\/de\/shop\/"},{"@type":"ListItem","position":3,"name":"Vorderer Gummi unterer Querlenker vorne Polyurethan Audi TT (Satz mit 2 Buchsen in 4 Teilen)"}]},{"@type":"WebSite","@id":"https:\/\/turijnmagazijn.jumpstone-dev.nl\/#website","url":"https:\/\/turijnmagazijn.jumpstone-dev.nl\/","name":"Turijnmagazijn","description":"Onderdelen nieuw en gebruikt - Fiat &amp; Lancia","publisher":{"@id":"https:\/\/turijnmagazijn.jumpstone-dev.nl\/#organization"},"potentialAction":[{"@type":"SearchAction","target":{"@type":"EntryPoint","urlTemplate":"https:\/\/turijnmagazijn.jumpstone-dev.nl\/?s={search_term_string}"},"query-input":{"@type":"PropertyValueSpecification","valueRequired":true,"valueName":"search_term_string"}}],"inLanguage":"de"},{"@type":"Organization","@id":"https:\/\/turijnmagazijn.jumpstone-dev.nl\/#organization","name":"Turijnmagazijn","url":"https:\/\/turijnmagazijn.jumpstone-dev.nl\/","logo":{"@type":"ImageObject","inLanguage":"de","@id":"https:\/\/turijnmagazijn.jumpstone-dev.nl\/#\/schema\/logo\/image\/","url":"https:\/\/turijnmagazijn.nl\/wp-content\/uploads\/2021\/02\/turijnmagazijnlogo.png","contentUrl":"https:\/\/turijnmagazijn.nl\/wp-content\/uploads\/2021\/02\/turijnmagazijnlogo.png","width":555,"height":270,"caption":"Turijnmagazijn"},"image":{"@id":"https:\/\/turijnmagazijn.jumpstone-dev.nl\/#\/schema\/logo\/image\/"},"sameAs":["https:\/\/www.facebook.com\/turijnmagazijn"]}]}},"_links":{"self":[{"href":"https:\/\/turijnmagazijn.nl\/de\/wp-json\/wp\/v2\/product\/66175","targetHints":{"allow":["GET"]}}],"collection":[{"href":"https:\/\/turijnmagazijn.nl\/de\/wp-json\/wp\/v2\/product"}],"about":[{"href":"https:\/\/turijnmagazijn.nl\/de\/wp-json\/wp\/v2\/types\/product"}],"replies":[{"embeddable":true,"href":"https:\/\/turijnmagazijn.nl\/de\/wp-json\/wp\/v2\/comments?post=66175"}],"wp:featuredmedia":[{"embeddable":true,"href":"https:\/\/turijnmagazijn.nl\/de\/wp-json\/wp\/v2\/media\/55909"}],"wp:attachment":[{"href":"https:\/\/turijnmagazijn.nl\/de\/wp-json\/wp\/v2\/media?parent=66175"}],"wp:term":[{"taxonomy":"product_brand","embeddable":true,"href":"https:\/\/turijnmagazijn.nl\/de\/wp-json\/wp\/v2\/product_brand?post=66175"},{"taxonomy":"product_cat","embeddable":true,"href":"https:\/\/turijnmagazijn.nl\/de\/wp-json\/wp\/v2\/product_cat?post=66175"},{"taxonomy":"product_tag","embeddable":true,"href":"https:\/\/turijnmagazijn.nl\/de\/wp-json\/wp\/v2\/product_tag?post=66175"}],"curies":[{"name":"wp","href":"https:\/\/api.w.org\/{rel}","templated":true}]}}