{"id":66190,"date":"2023-03-03T09:11:10","date_gmt":"2023-03-03T08:11:10","guid":{"rendered":"https:\/\/turijnmagazijn.nl\/product\/tuergriff-reparaturteil-aus-massivem-aluminium-lancia-delta-i-integrale-4er-set-neu\/"},"modified":"2026-02-13T11:54:05","modified_gmt":"2026-02-13T10:54:05","slug":"turgriff-reparaturteil-massiv-aluminium-lancia-delta-i-integral-set-of-4-neu","status":"publish","type":"product","link":"https:\/\/turijnmagazijn.nl\/de\/produkt\/turgriff-reparaturteil-massiv-aluminium-lancia-delta-i-integral-set-of-4-neu\/","title":{"rendered":"T\u00fcrgriff Reparaturteil aus massivem Aluminium Lancia Delta I Integrale (4er-Set) -NEU-"},"content":{"rendered":"<p><strong><span style=\"color: #ff0000;\">NEUES DESIGN<\/span> Bitte beachten Sie: ab Mai 2025 liefern wir eine Version mit einem verbesserten Design, bei dem die Welle nicht mehr modifiziert (geschliffen) werden muss. Auf den Fotos mit dem rot schattierten Text sehen Sie die genaue Abbildung des Aliminium-T\u00fcrgriffs, den Sie erhalten. <\/strong><\/p>\n<p>Set mit 4 Reproduktions-T\u00fcrgriffen f\u00fcr Lancia Delta Integrale aus massivem Aluminium gefr\u00e4st. Handelt es sich um ein einzigartiges Produkt, eine Reproduktion, die deutlich besser ist als das Original. Ist ein Produkt, das aus massivem Aluminium gefr\u00e4st wird, um den Teil des T\u00fcrgriffs zu ersetzen, der von Hand bewegt wird. Urspr\u00fcnglich besteht dieser Teil des T\u00fcrgriffs aus Kunststoff, um den ein St\u00fcck gespritzte Aluminiumplatte geklemmt ist. Die Originalplatte ist anf\u00e4llig f\u00fcr Kratzer, und schlie\u00dflich verwittert der Kunststoff so stark, dass der T\u00fcrgriff nicht mehr verwendbar ist. Dieses Ersatzprodukt aus massivem Aluminium ist schwarz eloxiert und hat eine matte Optik.<\/p>\n<p>Die Inschrift auf den losen Griffen, falls Sie eine der Marken Cromodora haben, lautet:<\/p>\n<p>CROMODORA 82377187 (Nur als Referenz)<\/p>\n<p>Die originale T\u00fcrgriffbaugruppe kann mit diesem Produkt repariert und gleichzeitig mit einem viel sch\u00f6neren Aussehen versehen werden, das nicht mehr verloren geht. Dadurch entf\u00e4llt die Notwendigkeit, einen neuen T\u00fcrgriff zu kaufen, der nicht mehr neu erh\u00e4ltlich ist.<\/p>\n<p>In vielen F\u00e4llen muss eine Gussnaht an der Welle kurz nachgearbeitet werden, damit sie passt. Ansonsten ist der Austausch sehr einfach und bei demontierter T\u00fcrgriffbaugruppe in wenigen Minuten erledigt.<br \/>\nSehen Sie sich unser Produktvideo an, in dem einfach erkl\u00e4rt wird, wie Sie die Welle einstellen.<\/p>\n<p><iframe src=\"https:\/\/player.vimeo.com\/video\/184229956\" width=\"640\" height=\"360\" frameborder=\"0\" allowfullscreen=\"allowfullscreen\"><\/iframe><\/p>\n<p><a href=\"https:\/\/vimeo.com\/184229956\">Anleitungsvideo von handle Lancia Delta integrale von<\/a> <a href=\"https:\/\/vimeo.com\/user57124386\">Raymond Bosch<\/a> auf <a href=\"https:\/\/vimeo.com\">Vimeo<\/a>.<\/p>\n<p>&nbsp;<\/p>\n<p>Logischerweise empfiehlt es sich, aufgrund des einheitlichen Aussehens der Griffe ein 4er-Set zu bestellen.<\/p>\n<p>Anwendbar f\u00fcr alle Lancia Delta 1 Baujahre 1986 bis 1994.<\/p>\n<p>So auch f\u00fcr Delta 4WD, Delta-Integral 8V, Delta-Integral 16V, Delta-Integral EVO I und Delta-Integral EVO II<\/p>\n<p>OEM des Original-T\u00fcrgriffs NUR ALS REFERENZ:<\/p>\n<p><span style=\"text-align: -webkit-right;\"><br \/>\n82392490<\/span> <span style=\"text-align: -webkit-right;\"><br \/>\n82392491<\/span> <span style=\"text-align: -webkit-right;\"><br \/>\n82468874<\/span> <span style=\"text-align: -webkit-right;\">82468873<\/span><\/p>\n<p>&nbsp;<\/p>\n","protected":false},"excerpt":{"rendered":"<p>T\u00fcrgriff Reparaturteil aus massivem Aluminium Lancia Delta I &#8211; Einzigartiges Produkt, eine Reproduktion, die deutlich besser ist als das Original. T\u00fcrgriff Reparaturteil aus massivem Aluminium Lancia Delta I Integrale &#8211; Einzigartiges Produkt, eine Reproduktion, die<\/p>\n","protected":false},"featured_media":56005,"comment_status":"closed","ping_status":"closed","template":"","meta":{"_acf_changed":false},"product_brand":[],"product_cat":[1807,1822,1826,1834,1829,1839,1797],"product_tag":[],"class_list":{"0":"post-66190","1":"product","2":"type-product","3":"status-publish","4":"has-post-thumbnail","6":"product_cat-delta-1-831-de","7":"product_cat-hf-4wd-de","8":"product_cat-hf-turbo-de","9":"product_cat-integrale-16v-de","10":"product_cat-integrale-8v-de","11":"product_cat-integrale-evo-de","12":"product_cat-lancia-de","13":"pa_soort-onderdeel-karosserie-und-blech","15":"first","16":"instock","17":"featured","18":"taxable","19":"shipping-taxable","20":"purchasable","21":"product-type-simple"},"acf":[],"yoast_head":"<!-- This site is optimized with the Yoast SEO plugin v27.3 - https:\/\/yoast.com\/product\/yoast-seo-wordpress\/ -->\n<title>T\u00fcrgriff Reparaturteil aus massivem Aluminium Lancia Delta I Integrale (4er-Set) -NEU- Turijnmagazijn<\/title>\n<meta name=\"robots\" content=\"index, follow, max-snippet:-1, max-image-preview:large, max-video-preview:-1\" \/>\n<link rel=\"canonical\" href=\"https:\/\/turijnmagazijn.nl\/de\/produkt\/turgriff-reparaturteil-massiv-aluminium-lancia-delta-i-integral-set-of-4-neu\/\" \/>\n<meta property=\"og:locale\" content=\"de_DE\" \/>\n<meta property=\"og:type\" content=\"article\" \/>\n<meta property=\"og:title\" content=\"T\u00fcrgriff Reparaturteil aus massivem Aluminium Lancia Delta I Integrale (4er-Set) -NEU- Turijnmagazijn\" \/>\n<meta property=\"og:description\" content=\"T\u00fcrgriff Reparaturteil aus massivem Aluminium Lancia Delta I - Einzigartiges Produkt, eine Reproduktion, die deutlich besser ist als das Original. T\u00fcrgriff Reparaturteil aus massivem Aluminium Lancia Delta I Integrale - Einzigartiges Produkt, eine Reproduktion, die\" \/>\n<meta property=\"og:url\" content=\"https:\/\/turijnmagazijn.nl\/de\/produkt\/turgriff-reparaturteil-massiv-aluminium-lancia-delta-i-integral-set-of-4-neu\/\" \/>\n<meta property=\"og:site_name\" content=\"Turijnmagazijn\" \/>\n<meta property=\"article:publisher\" content=\"https:\/\/www.facebook.com\/turijnmagazijn\" \/>\n<meta property=\"article:modified_time\" content=\"2026-02-13T10:54:05+00:00\" \/>\n<meta property=\"og:image\" content=\"https:\/\/turijnmagazijn.nl\/wp-content\/uploads\/2023\/03\/RG00100002_Lancia_Delta_integrale_door_handle_set_of_4_2_Custom-1.jpg\" \/>\n\t<meta property=\"og:image:width\" content=\"800\" \/>\n\t<meta property=\"og:image:height\" content=\"600\" \/>\n\t<meta property=\"og:image:type\" content=\"image\/jpeg\" \/>\n<meta name=\"twitter:card\" content=\"summary_large_image\" \/>\n<meta name=\"twitter:label1\" content=\"Gesch\u00e4tzte Lesezeit\" \/>\n\t<meta name=\"twitter:data1\" content=\"2\u00a0Minuten\" \/>\n<script type=\"application\/ld+json\" class=\"yoast-schema-graph\">{\"@context\":\"https:\\\/\\\/schema.org\",\"@graph\":[{\"@type\":\"WebPage\",\"@id\":\"https:\\\/\\\/turijnmagazijn.nl\\\/de\\\/produkt\\\/turgriff-reparaturteil-massiv-aluminium-lancia-delta-i-integral-set-of-4-neu\\\/\",\"url\":\"https:\\\/\\\/turijnmagazijn.nl\\\/de\\\/produkt\\\/turgriff-reparaturteil-massiv-aluminium-lancia-delta-i-integral-set-of-4-neu\\\/\",\"name\":\"T\u00fcrgriff Reparaturteil aus massivem Aluminium Lancia Delta I Integrale (4er-Set) -NEU- Turijnmagazijn\",\"isPartOf\":{\"@id\":\"https:\\\/\\\/turijnmagazijn.jumpstone-dev.nl\\\/#website\"},\"primaryImageOfPage\":{\"@id\":\"https:\\\/\\\/turijnmagazijn.nl\\\/de\\\/produkt\\\/turgriff-reparaturteil-massiv-aluminium-lancia-delta-i-integral-set-of-4-neu\\\/#primaryimage\"},\"image\":{\"@id\":\"https:\\\/\\\/turijnmagazijn.nl\\\/de\\\/produkt\\\/turgriff-reparaturteil-massiv-aluminium-lancia-delta-i-integral-set-of-4-neu\\\/#primaryimage\"},\"thumbnailUrl\":\"https:\\\/\\\/turijnmagazijn.nl\\\/wp-content\\\/uploads\\\/2023\\\/03\\\/RG00100002_Lancia_Delta_integrale_door_handle_set_of_4_2_Custom-1.jpg\",\"datePublished\":\"2023-03-03T08:11:10+00:00\",\"dateModified\":\"2026-02-13T10:54:05+00:00\",\"breadcrumb\":{\"@id\":\"https:\\\/\\\/turijnmagazijn.nl\\\/de\\\/produkt\\\/turgriff-reparaturteil-massiv-aluminium-lancia-delta-i-integral-set-of-4-neu\\\/#breadcrumb\"},\"inLanguage\":\"de\",\"potentialAction\":[{\"@type\":\"ReadAction\",\"target\":[\"https:\\\/\\\/turijnmagazijn.nl\\\/de\\\/produkt\\\/turgriff-reparaturteil-massiv-aluminium-lancia-delta-i-integral-set-of-4-neu\\\/\"]}]},{\"@type\":\"ImageObject\",\"inLanguage\":\"de\",\"@id\":\"https:\\\/\\\/turijnmagazijn.nl\\\/de\\\/produkt\\\/turgriff-reparaturteil-massiv-aluminium-lancia-delta-i-integral-set-of-4-neu\\\/#primaryimage\",\"url\":\"https:\\\/\\\/turijnmagazijn.nl\\\/wp-content\\\/uploads\\\/2023\\\/03\\\/RG00100002_Lancia_Delta_integrale_door_handle_set_of_4_2_Custom-1.jpg\",\"contentUrl\":\"https:\\\/\\\/turijnmagazijn.nl\\\/wp-content\\\/uploads\\\/2023\\\/03\\\/RG00100002_Lancia_Delta_integrale_door_handle_set_of_4_2_Custom-1.jpg\",\"width\":800,\"height\":600},{\"@type\":\"BreadcrumbList\",\"@id\":\"https:\\\/\\\/turijnmagazijn.nl\\\/de\\\/produkt\\\/turgriff-reparaturteil-massiv-aluminium-lancia-delta-i-integral-set-of-4-neu\\\/#breadcrumb\",\"itemListElement\":[{\"@type\":\"ListItem\",\"position\":1,\"name\":\"Home\",\"item\":\"https:\\\/\\\/turijnmagazijn.nl\\\/de\\\/\"},{\"@type\":\"ListItem\",\"position\":2,\"name\":\"Produkte\",\"item\":\"https:\\\/\\\/turijnmagazijn.nl\\\/de\\\/shop\\\/\"},{\"@type\":\"ListItem\",\"position\":3,\"name\":\"T\u00fcrgriff Reparaturteil aus massivem Aluminium Lancia Delta I Integrale (4er-Set) -NEU-\"}]},{\"@type\":\"WebSite\",\"@id\":\"https:\\\/\\\/turijnmagazijn.jumpstone-dev.nl\\\/#website\",\"url\":\"https:\\\/\\\/turijnmagazijn.jumpstone-dev.nl\\\/\",\"name\":\"Turijnmagazijn\",\"description\":\"Onderdelen nieuw en gebruikt - Fiat &amp; Lancia\",\"publisher\":{\"@id\":\"https:\\\/\\\/turijnmagazijn.jumpstone-dev.nl\\\/#organization\"},\"potentialAction\":[{\"@type\":\"SearchAction\",\"target\":{\"@type\":\"EntryPoint\",\"urlTemplate\":\"https:\\\/\\\/turijnmagazijn.jumpstone-dev.nl\\\/?s={search_term_string}\"},\"query-input\":{\"@type\":\"PropertyValueSpecification\",\"valueRequired\":true,\"valueName\":\"search_term_string\"}}],\"inLanguage\":\"de\"},{\"@type\":\"Organization\",\"@id\":\"https:\\\/\\\/turijnmagazijn.jumpstone-dev.nl\\\/#organization\",\"name\":\"Turijnmagazijn\",\"url\":\"https:\\\/\\\/turijnmagazijn.jumpstone-dev.nl\\\/\",\"logo\":{\"@type\":\"ImageObject\",\"inLanguage\":\"de\",\"@id\":\"https:\\\/\\\/turijnmagazijn.jumpstone-dev.nl\\\/#\\\/schema\\\/logo\\\/image\\\/\",\"url\":\"https:\\\/\\\/turijnmagazijn.nl\\\/wp-content\\\/uploads\\\/2021\\\/02\\\/turijnmagazijnlogo.png\",\"contentUrl\":\"https:\\\/\\\/turijnmagazijn.nl\\\/wp-content\\\/uploads\\\/2021\\\/02\\\/turijnmagazijnlogo.png\",\"width\":555,\"height\":270,\"caption\":\"Turijnmagazijn\"},\"image\":{\"@id\":\"https:\\\/\\\/turijnmagazijn.jumpstone-dev.nl\\\/#\\\/schema\\\/logo\\\/image\\\/\"},\"sameAs\":[\"https:\\\/\\\/www.facebook.com\\\/turijnmagazijn\"]}]}<\/script>\n<!-- \/ Yoast SEO plugin. -->","yoast_head_json":{"title":"T\u00fcrgriff Reparaturteil aus massivem Aluminium Lancia Delta I Integrale (4er-Set) -NEU- Turijnmagazijn","robots":{"index":"index","follow":"follow","max-snippet":"max-snippet:-1","max-image-preview":"max-image-preview:large","max-video-preview":"max-video-preview:-1"},"canonical":"https:\/\/turijnmagazijn.nl\/de\/produkt\/turgriff-reparaturteil-massiv-aluminium-lancia-delta-i-integral-set-of-4-neu\/","og_locale":"de_DE","og_type":"article","og_title":"T\u00fcrgriff Reparaturteil aus massivem Aluminium Lancia Delta I Integrale (4er-Set) -NEU- Turijnmagazijn","og_description":"T\u00fcrgriff Reparaturteil aus massivem Aluminium Lancia Delta I - Einzigartiges Produkt, eine Reproduktion, die deutlich besser ist als das Original. T\u00fcrgriff Reparaturteil aus massivem Aluminium Lancia Delta I Integrale - Einzigartiges Produkt, eine Reproduktion, die","og_url":"https:\/\/turijnmagazijn.nl\/de\/produkt\/turgriff-reparaturteil-massiv-aluminium-lancia-delta-i-integral-set-of-4-neu\/","og_site_name":"Turijnmagazijn","article_publisher":"https:\/\/www.facebook.com\/turijnmagazijn","article_modified_time":"2026-02-13T10:54:05+00:00","og_image":[{"width":800,"height":600,"url":"https:\/\/turijnmagazijn.nl\/wp-content\/uploads\/2023\/03\/RG00100002_Lancia_Delta_integrale_door_handle_set_of_4_2_Custom-1.jpg","type":"image\/jpeg"}],"twitter_card":"summary_large_image","twitter_misc":{"Gesch\u00e4tzte Lesezeit":"2\u00a0Minuten"},"schema":{"@context":"https:\/\/schema.org","@graph":[{"@type":"WebPage","@id":"https:\/\/turijnmagazijn.nl\/de\/produkt\/turgriff-reparaturteil-massiv-aluminium-lancia-delta-i-integral-set-of-4-neu\/","url":"https:\/\/turijnmagazijn.nl\/de\/produkt\/turgriff-reparaturteil-massiv-aluminium-lancia-delta-i-integral-set-of-4-neu\/","name":"T\u00fcrgriff Reparaturteil aus massivem Aluminium Lancia Delta I Integrale (4er-Set) -NEU- Turijnmagazijn","isPartOf":{"@id":"https:\/\/turijnmagazijn.jumpstone-dev.nl\/#website"},"primaryImageOfPage":{"@id":"https:\/\/turijnmagazijn.nl\/de\/produkt\/turgriff-reparaturteil-massiv-aluminium-lancia-delta-i-integral-set-of-4-neu\/#primaryimage"},"image":{"@id":"https:\/\/turijnmagazijn.nl\/de\/produkt\/turgriff-reparaturteil-massiv-aluminium-lancia-delta-i-integral-set-of-4-neu\/#primaryimage"},"thumbnailUrl":"https:\/\/turijnmagazijn.nl\/wp-content\/uploads\/2023\/03\/RG00100002_Lancia_Delta_integrale_door_handle_set_of_4_2_Custom-1.jpg","datePublished":"2023-03-03T08:11:10+00:00","dateModified":"2026-02-13T10:54:05+00:00","breadcrumb":{"@id":"https:\/\/turijnmagazijn.nl\/de\/produkt\/turgriff-reparaturteil-massiv-aluminium-lancia-delta-i-integral-set-of-4-neu\/#breadcrumb"},"inLanguage":"de","potentialAction":[{"@type":"ReadAction","target":["https:\/\/turijnmagazijn.nl\/de\/produkt\/turgriff-reparaturteil-massiv-aluminium-lancia-delta-i-integral-set-of-4-neu\/"]}]},{"@type":"ImageObject","inLanguage":"de","@id":"https:\/\/turijnmagazijn.nl\/de\/produkt\/turgriff-reparaturteil-massiv-aluminium-lancia-delta-i-integral-set-of-4-neu\/#primaryimage","url":"https:\/\/turijnmagazijn.nl\/wp-content\/uploads\/2023\/03\/RG00100002_Lancia_Delta_integrale_door_handle_set_of_4_2_Custom-1.jpg","contentUrl":"https:\/\/turijnmagazijn.nl\/wp-content\/uploads\/2023\/03\/RG00100002_Lancia_Delta_integrale_door_handle_set_of_4_2_Custom-1.jpg","width":800,"height":600},{"@type":"BreadcrumbList","@id":"https:\/\/turijnmagazijn.nl\/de\/produkt\/turgriff-reparaturteil-massiv-aluminium-lancia-delta-i-integral-set-of-4-neu\/#breadcrumb","itemListElement":[{"@type":"ListItem","position":1,"name":"Home","item":"https:\/\/turijnmagazijn.nl\/de\/"},{"@type":"ListItem","position":2,"name":"Produkte","item":"https:\/\/turijnmagazijn.nl\/de\/shop\/"},{"@type":"ListItem","position":3,"name":"T\u00fcrgriff Reparaturteil aus massivem Aluminium Lancia Delta I Integrale (4er-Set) -NEU-"}]},{"@type":"WebSite","@id":"https:\/\/turijnmagazijn.jumpstone-dev.nl\/#website","url":"https:\/\/turijnmagazijn.jumpstone-dev.nl\/","name":"Turijnmagazijn","description":"Onderdelen nieuw en gebruikt - Fiat &amp; Lancia","publisher":{"@id":"https:\/\/turijnmagazijn.jumpstone-dev.nl\/#organization"},"potentialAction":[{"@type":"SearchAction","target":{"@type":"EntryPoint","urlTemplate":"https:\/\/turijnmagazijn.jumpstone-dev.nl\/?s={search_term_string}"},"query-input":{"@type":"PropertyValueSpecification","valueRequired":true,"valueName":"search_term_string"}}],"inLanguage":"de"},{"@type":"Organization","@id":"https:\/\/turijnmagazijn.jumpstone-dev.nl\/#organization","name":"Turijnmagazijn","url":"https:\/\/turijnmagazijn.jumpstone-dev.nl\/","logo":{"@type":"ImageObject","inLanguage":"de","@id":"https:\/\/turijnmagazijn.jumpstone-dev.nl\/#\/schema\/logo\/image\/","url":"https:\/\/turijnmagazijn.nl\/wp-content\/uploads\/2021\/02\/turijnmagazijnlogo.png","contentUrl":"https:\/\/turijnmagazijn.nl\/wp-content\/uploads\/2021\/02\/turijnmagazijnlogo.png","width":555,"height":270,"caption":"Turijnmagazijn"},"image":{"@id":"https:\/\/turijnmagazijn.jumpstone-dev.nl\/#\/schema\/logo\/image\/"},"sameAs":["https:\/\/www.facebook.com\/turijnmagazijn"]}]}},"_links":{"self":[{"href":"https:\/\/turijnmagazijn.nl\/de\/wp-json\/wp\/v2\/product\/66190","targetHints":{"allow":["GET"]}}],"collection":[{"href":"https:\/\/turijnmagazijn.nl\/de\/wp-json\/wp\/v2\/product"}],"about":[{"href":"https:\/\/turijnmagazijn.nl\/de\/wp-json\/wp\/v2\/types\/product"}],"replies":[{"embeddable":true,"href":"https:\/\/turijnmagazijn.nl\/de\/wp-json\/wp\/v2\/comments?post=66190"}],"wp:featuredmedia":[{"embeddable":true,"href":"https:\/\/turijnmagazijn.nl\/de\/wp-json\/wp\/v2\/media\/56005"}],"wp:attachment":[{"href":"https:\/\/turijnmagazijn.nl\/de\/wp-json\/wp\/v2\/media?parent=66190"}],"wp:term":[{"taxonomy":"product_brand","embeddable":true,"href":"https:\/\/turijnmagazijn.nl\/de\/wp-json\/wp\/v2\/product_brand?post=66190"},{"taxonomy":"product_cat","embeddable":true,"href":"https:\/\/turijnmagazijn.nl\/de\/wp-json\/wp\/v2\/product_cat?post=66190"},{"taxonomy":"product_tag","embeddable":true,"href":"https:\/\/turijnmagazijn.nl\/de\/wp-json\/wp\/v2\/product_tag?post=66190"}],"curies":[{"name":"wp","href":"https:\/\/api.w.org\/{rel}","templated":true}]}}