{"id":66192,"date":"2023-03-03T09:11:10","date_gmt":"2023-03-03T08:11:10","guid":{"rendered":"https:\/\/turijnmagazijn.nl\/product\/tuergriff-reparaturteil-aus-massivem-aluminium-lancia-delta-i-integrale-neu\/"},"modified":"2025-10-10T19:50:23","modified_gmt":"2025-10-10T17:50:23","slug":"turgriff-reparatur-teil-massiv-aluminium-lancia-delta-i-integral-neu","status":"publish","type":"product","link":"https:\/\/turijnmagazijn.nl\/de\/produkt\/turgriff-reparatur-teil-massiv-aluminium-lancia-delta-i-integral-neu\/","title":{"rendered":"T\u00fcrgriff Reparaturteil aus massivem Aluminium Lancia Delta I Integrale -NEU-"},"content":{"rendered":"<p><span style=\"color: #ff0000;\"><strong>NEUES DESIGN<\/strong><\/span><strong>  Bitte beachten Sie, dass wir ab Mai 2025 eine Version mit verbessertem Design liefern werden, bei der die Welle nicht mehr modifiziert (geschliffen) werden muss. Auf den Fotos mit dem rot schattierten Text sehen Sie die genaue Abbildung des Aliminium-T\u00fcrgriffs, den Sie erhalten werden. <\/strong><\/p>\n<p>Einzigartiges Produkt, eine Reproduktion, die deutlich besser ist als das Original. Ist ein Produkt, das aus massivem Aluminium gefr\u00e4st wird, um den Teil des T\u00fcrgriffs zu ersetzen, der von Hand bewegt wird. Urspr\u00fcnglich besteht dieser Teil des T\u00fcrgriffs aus Kunststoff, um den ein St\u00fcck gespritzte Aluminiumplatte geklemmt ist. Die Originalplatte ist anf\u00e4llig f\u00fcr Kratzer, und schlie\u00dflich verwittert der Kunststoff so stark, dass der T\u00fcrgriff nicht mehr verwendbar ist. Dieses Ersatzprodukt aus massivem Aluminium ist schwarz eloxiert und hat eine matte Optik.<\/p>\n<p>Die Inschrift auf den losen Griffen, falls Sie eine der Marken Cromodora haben, lautet:<\/p>\n<p>CROMODORA 82377187 (Nur als Referenz)<\/p>\n<p>Die originale T\u00fcrgriffbaugruppe kann mit diesem Produkt repariert und gleichzeitig mit einem viel sch\u00f6neren Aussehen versehen werden, das nicht mehr verloren geht. Dadurch entf\u00e4llt die Notwendigkeit, einen neuen T\u00fcrgriff zu kaufen, der nicht mehr neu erh\u00e4ltlich ist.<\/p>\n<p>In einigen F\u00e4llen muss eine Gussnaht auf der Welle kurz versteigert werden, um den Sitz zu erhalten, au\u00dferdem ist der Austausch sehr einfach und bei demontiertem T\u00fcrgriff ist die Montage in wenigen Minuten fertig.<\/p>\n<p>Sehen Sie sich unser Produktvideo an, um eine einfache Erkl\u00e4rung zum Einstellen der Welle zu erhalten.<\/p>\n<p><iframe src=\"https:\/\/player.vimeo.com\/video\/184229956\" width=\"640\" height=\"360\" frameborder=\"0\" allowfullscreen=\"allowfullscreen\"><\/iframe><\/p>\n<p><a href=\"https:\/\/vimeo.com\/184229956\">Anleitungsvideo von handle Lancia Delta integrale von<\/a> <a href=\"https:\/\/vimeo.com\/user57124386\">Raymond Bosch<\/a> auf <a href=\"https:\/\/vimeo.com\/\">Vimeo<\/a>.<\/p>\n<div><\/div>\n<p>Logischerweise empfiehlt es sich, aufgrund des einheitlichen Aussehens der Griffe ein 4er-Set zu bestellen.<\/p>\n<p>Anwendbar f\u00fcr alle Lancia Delta 1 Baujahre 1986 bis 1994.<\/p>\n<p>So auch f\u00fcr Delta 4WD, Delta-Integral 8V, Delta-Integral 16V, Delta-Integral EVO I und Delta-Integral EVO II<\/p>\n<p>OEM des Original-T\u00fcrgriffs NUR ALS REFERENZ:<\/p>\n<p><span style=\"text-align: -webkit-right;\"><br \/>\n82392490<\/span> <span style=\"text-align: -webkit-right;\"><br \/>\n82392491<\/span> <span style=\"text-align: -webkit-right;\"><br \/>\n82468874<\/span> <span style=\"text-align: -webkit-right;\">82468873<\/span><\/p>\n<p>&nbsp;<\/p>\n","protected":false},"excerpt":{"rendered":"<p>T\u00fcrgriff Reparaturteil aus massivem Aluminium Lancia Delta I &#8211; Einzigartiges Produkt, eine Reproduktion, die deutlich besser ist als das Original. T\u00fcrgriff Reparaturteil aus massivem Aluminium Lancia Delta I Integrale &#8211; Einzigartiges Produkt, eine Reproduktion, die<\/p>\n","protected":false},"featured_media":55969,"comment_status":"closed","ping_status":"closed","template":"","meta":{"_acf_changed":false},"product_brand":[],"product_cat":[1807,1822,1826,1834,1829,1839,1797],"product_tag":[],"class_list":{"0":"post-66192","1":"product","2":"type-product","3":"status-publish","4":"has-post-thumbnail","6":"product_cat-delta-1-831-de","7":"product_cat-hf-4wd-de","8":"product_cat-hf-turbo-de","9":"product_cat-integrale-16v-de","10":"product_cat-integrale-8v-de","11":"product_cat-integrale-evo-de","12":"product_cat-lancia-de","13":"pa_soort-onderdeel-karosserie-und-blech","15":"first","16":"instock","17":"taxable","18":"shipping-taxable","19":"purchasable","20":"product-type-simple"},"acf":[],"yoast_head":"<!-- This site is optimized with the Yoast SEO plugin v27.2 - https:\/\/yoast.com\/product\/yoast-seo-wordpress\/ -->\n<title>T\u00fcrgriff Reparaturteil aus massivem Aluminium Lancia Delta I Integrale -NEU- Turijnmagazijn<\/title>\n<meta name=\"robots\" content=\"index, follow, max-snippet:-1, max-image-preview:large, max-video-preview:-1\" \/>\n<link rel=\"canonical\" href=\"https:\/\/turijnmagazijn.nl\/de\/produkt\/turgriff-reparatur-teil-massiv-aluminium-lancia-delta-i-integral-neu\/\" \/>\n<meta property=\"og:locale\" content=\"de_DE\" \/>\n<meta property=\"og:type\" content=\"article\" \/>\n<meta property=\"og:title\" content=\"T\u00fcrgriff Reparaturteil aus massivem Aluminium Lancia Delta I Integrale -NEU- Turijnmagazijn\" \/>\n<meta property=\"og:description\" content=\"T\u00fcrgriff Reparaturteil aus massivem Aluminium Lancia Delta I - Einzigartiges Produkt, eine Reproduktion, die deutlich besser ist als das Original. T\u00fcrgriff Reparaturteil aus massivem Aluminium Lancia Delta I Integrale - Einzigartiges Produkt, eine Reproduktion, die\" \/>\n<meta property=\"og:url\" content=\"https:\/\/turijnmagazijn.nl\/de\/produkt\/turgriff-reparatur-teil-massiv-aluminium-lancia-delta-i-integral-neu\/\" \/>\n<meta property=\"og:site_name\" content=\"Turijnmagazijn\" \/>\n<meta property=\"article:publisher\" content=\"https:\/\/www.facebook.com\/turijnmagazijn\" \/>\n<meta property=\"article:modified_time\" content=\"2025-10-10T17:50:23+00:00\" \/>\n<meta property=\"og:image\" content=\"https:\/\/turijnmagazijn.nl\/wp-content\/uploads\/2023\/03\/RG00100001_Lancia_Delta_integrale_doorhandle_3_Custom-1.jpg\" \/>\n\t<meta property=\"og:image:width\" content=\"800\" \/>\n\t<meta property=\"og:image:height\" content=\"600\" \/>\n\t<meta property=\"og:image:type\" content=\"image\/jpeg\" \/>\n<meta name=\"twitter:card\" content=\"summary_large_image\" \/>\n<meta name=\"twitter:label1\" content=\"Gesch\u00e4tzte Lesezeit\" \/>\n\t<meta name=\"twitter:data1\" content=\"2\u00a0Minuten\" \/>\n<script type=\"application\/ld+json\" class=\"yoast-schema-graph\">{\"@context\":\"https:\/\/schema.org\",\"@graph\":[{\"@type\":\"WebPage\",\"@id\":\"https:\/\/turijnmagazijn.nl\/de\/produkt\/turgriff-reparatur-teil-massiv-aluminium-lancia-delta-i-integral-neu\/\",\"url\":\"https:\/\/turijnmagazijn.nl\/de\/produkt\/turgriff-reparatur-teil-massiv-aluminium-lancia-delta-i-integral-neu\/\",\"name\":\"T\u00fcrgriff Reparaturteil aus massivem Aluminium Lancia Delta I Integrale -NEU- Turijnmagazijn\",\"isPartOf\":{\"@id\":\"https:\/\/turijnmagazijn.jumpstone-dev.nl\/#website\"},\"primaryImageOfPage\":{\"@id\":\"https:\/\/turijnmagazijn.nl\/de\/produkt\/turgriff-reparatur-teil-massiv-aluminium-lancia-delta-i-integral-neu\/#primaryimage\"},\"image\":{\"@id\":\"https:\/\/turijnmagazijn.nl\/de\/produkt\/turgriff-reparatur-teil-massiv-aluminium-lancia-delta-i-integral-neu\/#primaryimage\"},\"thumbnailUrl\":\"https:\/\/turijnmagazijn.nl\/wp-content\/uploads\/2023\/03\/RG00100001_Lancia_Delta_integrale_doorhandle_3_Custom-1.jpg\",\"datePublished\":\"2023-03-03T08:11:10+00:00\",\"dateModified\":\"2025-10-10T17:50:23+00:00\",\"breadcrumb\":{\"@id\":\"https:\/\/turijnmagazijn.nl\/de\/produkt\/turgriff-reparatur-teil-massiv-aluminium-lancia-delta-i-integral-neu\/#breadcrumb\"},\"inLanguage\":\"de\",\"potentialAction\":[{\"@type\":\"ReadAction\",\"target\":[\"https:\/\/turijnmagazijn.nl\/de\/produkt\/turgriff-reparatur-teil-massiv-aluminium-lancia-delta-i-integral-neu\/\"]}]},{\"@type\":\"ImageObject\",\"inLanguage\":\"de\",\"@id\":\"https:\/\/turijnmagazijn.nl\/de\/produkt\/turgriff-reparatur-teil-massiv-aluminium-lancia-delta-i-integral-neu\/#primaryimage\",\"url\":\"https:\/\/turijnmagazijn.nl\/wp-content\/uploads\/2023\/03\/RG00100001_Lancia_Delta_integrale_doorhandle_3_Custom-1.jpg\",\"contentUrl\":\"https:\/\/turijnmagazijn.nl\/wp-content\/uploads\/2023\/03\/RG00100001_Lancia_Delta_integrale_doorhandle_3_Custom-1.jpg\",\"width\":800,\"height\":600},{\"@type\":\"BreadcrumbList\",\"@id\":\"https:\/\/turijnmagazijn.nl\/de\/produkt\/turgriff-reparatur-teil-massiv-aluminium-lancia-delta-i-integral-neu\/#breadcrumb\",\"itemListElement\":[{\"@type\":\"ListItem\",\"position\":1,\"name\":\"Home\",\"item\":\"https:\/\/turijnmagazijn.jumpstone-dev.nl\/\"},{\"@type\":\"ListItem\",\"position\":2,\"name\":\"Produkte\",\"item\":\"https:\/\/turijnmagazijn.nl\/de\/shop\/\"},{\"@type\":\"ListItem\",\"position\":3,\"name\":\"T\u00fcrgriff Reparaturteil aus massivem Aluminium Lancia Delta I Integrale -NEU-\"}]},{\"@type\":\"WebSite\",\"@id\":\"https:\/\/turijnmagazijn.jumpstone-dev.nl\/#website\",\"url\":\"https:\/\/turijnmagazijn.jumpstone-dev.nl\/\",\"name\":\"Turijnmagazijn\",\"description\":\"Onderdelen nieuw en gebruikt - Fiat &amp; Lancia\",\"publisher\":{\"@id\":\"https:\/\/turijnmagazijn.jumpstone-dev.nl\/#organization\"},\"potentialAction\":[{\"@type\":\"SearchAction\",\"target\":{\"@type\":\"EntryPoint\",\"urlTemplate\":\"https:\/\/turijnmagazijn.jumpstone-dev.nl\/?s={search_term_string}\"},\"query-input\":{\"@type\":\"PropertyValueSpecification\",\"valueRequired\":true,\"valueName\":\"search_term_string\"}}],\"inLanguage\":\"de\"},{\"@type\":\"Organization\",\"@id\":\"https:\/\/turijnmagazijn.jumpstone-dev.nl\/#organization\",\"name\":\"Turijnmagazijn\",\"url\":\"https:\/\/turijnmagazijn.jumpstone-dev.nl\/\",\"logo\":{\"@type\":\"ImageObject\",\"inLanguage\":\"de\",\"@id\":\"https:\/\/turijnmagazijn.jumpstone-dev.nl\/#\/schema\/logo\/image\/\",\"url\":\"https:\/\/turijnmagazijn.nl\/wp-content\/uploads\/2021\/02\/turijnmagazijnlogo.png\",\"contentUrl\":\"https:\/\/turijnmagazijn.nl\/wp-content\/uploads\/2021\/02\/turijnmagazijnlogo.png\",\"width\":555,\"height\":270,\"caption\":\"Turijnmagazijn\"},\"image\":{\"@id\":\"https:\/\/turijnmagazijn.jumpstone-dev.nl\/#\/schema\/logo\/image\/\"},\"sameAs\":[\"https:\/\/www.facebook.com\/turijnmagazijn\"]}]}<\/script>\n<!-- \/ Yoast SEO plugin. -->","yoast_head_json":{"title":"T\u00fcrgriff Reparaturteil aus massivem Aluminium Lancia Delta I Integrale -NEU- Turijnmagazijn","robots":{"index":"index","follow":"follow","max-snippet":"max-snippet:-1","max-image-preview":"max-image-preview:large","max-video-preview":"max-video-preview:-1"},"canonical":"https:\/\/turijnmagazijn.nl\/de\/produkt\/turgriff-reparatur-teil-massiv-aluminium-lancia-delta-i-integral-neu\/","og_locale":"de_DE","og_type":"article","og_title":"T\u00fcrgriff Reparaturteil aus massivem Aluminium Lancia Delta I Integrale -NEU- Turijnmagazijn","og_description":"T\u00fcrgriff Reparaturteil aus massivem Aluminium Lancia Delta I - Einzigartiges Produkt, eine Reproduktion, die deutlich besser ist als das Original. T\u00fcrgriff Reparaturteil aus massivem Aluminium Lancia Delta I Integrale - Einzigartiges Produkt, eine Reproduktion, die","og_url":"https:\/\/turijnmagazijn.nl\/de\/produkt\/turgriff-reparatur-teil-massiv-aluminium-lancia-delta-i-integral-neu\/","og_site_name":"Turijnmagazijn","article_publisher":"https:\/\/www.facebook.com\/turijnmagazijn","article_modified_time":"2025-10-10T17:50:23+00:00","og_image":[{"width":800,"height":600,"url":"https:\/\/turijnmagazijn.nl\/wp-content\/uploads\/2023\/03\/RG00100001_Lancia_Delta_integrale_doorhandle_3_Custom-1.jpg","type":"image\/jpeg"}],"twitter_card":"summary_large_image","twitter_misc":{"Gesch\u00e4tzte Lesezeit":"2\u00a0Minuten"},"schema":{"@context":"https:\/\/schema.org","@graph":[{"@type":"WebPage","@id":"https:\/\/turijnmagazijn.nl\/de\/produkt\/turgriff-reparatur-teil-massiv-aluminium-lancia-delta-i-integral-neu\/","url":"https:\/\/turijnmagazijn.nl\/de\/produkt\/turgriff-reparatur-teil-massiv-aluminium-lancia-delta-i-integral-neu\/","name":"T\u00fcrgriff Reparaturteil aus massivem Aluminium Lancia Delta I Integrale -NEU- Turijnmagazijn","isPartOf":{"@id":"https:\/\/turijnmagazijn.jumpstone-dev.nl\/#website"},"primaryImageOfPage":{"@id":"https:\/\/turijnmagazijn.nl\/de\/produkt\/turgriff-reparatur-teil-massiv-aluminium-lancia-delta-i-integral-neu\/#primaryimage"},"image":{"@id":"https:\/\/turijnmagazijn.nl\/de\/produkt\/turgriff-reparatur-teil-massiv-aluminium-lancia-delta-i-integral-neu\/#primaryimage"},"thumbnailUrl":"https:\/\/turijnmagazijn.nl\/wp-content\/uploads\/2023\/03\/RG00100001_Lancia_Delta_integrale_doorhandle_3_Custom-1.jpg","datePublished":"2023-03-03T08:11:10+00:00","dateModified":"2025-10-10T17:50:23+00:00","breadcrumb":{"@id":"https:\/\/turijnmagazijn.nl\/de\/produkt\/turgriff-reparatur-teil-massiv-aluminium-lancia-delta-i-integral-neu\/#breadcrumb"},"inLanguage":"de","potentialAction":[{"@type":"ReadAction","target":["https:\/\/turijnmagazijn.nl\/de\/produkt\/turgriff-reparatur-teil-massiv-aluminium-lancia-delta-i-integral-neu\/"]}]},{"@type":"ImageObject","inLanguage":"de","@id":"https:\/\/turijnmagazijn.nl\/de\/produkt\/turgriff-reparatur-teil-massiv-aluminium-lancia-delta-i-integral-neu\/#primaryimage","url":"https:\/\/turijnmagazijn.nl\/wp-content\/uploads\/2023\/03\/RG00100001_Lancia_Delta_integrale_doorhandle_3_Custom-1.jpg","contentUrl":"https:\/\/turijnmagazijn.nl\/wp-content\/uploads\/2023\/03\/RG00100001_Lancia_Delta_integrale_doorhandle_3_Custom-1.jpg","width":800,"height":600},{"@type":"BreadcrumbList","@id":"https:\/\/turijnmagazijn.nl\/de\/produkt\/turgriff-reparatur-teil-massiv-aluminium-lancia-delta-i-integral-neu\/#breadcrumb","itemListElement":[{"@type":"ListItem","position":1,"name":"Home","item":"https:\/\/turijnmagazijn.jumpstone-dev.nl\/"},{"@type":"ListItem","position":2,"name":"Produkte","item":"https:\/\/turijnmagazijn.nl\/de\/shop\/"},{"@type":"ListItem","position":3,"name":"T\u00fcrgriff Reparaturteil aus massivem Aluminium Lancia Delta I Integrale -NEU-"}]},{"@type":"WebSite","@id":"https:\/\/turijnmagazijn.jumpstone-dev.nl\/#website","url":"https:\/\/turijnmagazijn.jumpstone-dev.nl\/","name":"Turijnmagazijn","description":"Onderdelen nieuw en gebruikt - Fiat &amp; Lancia","publisher":{"@id":"https:\/\/turijnmagazijn.jumpstone-dev.nl\/#organization"},"potentialAction":[{"@type":"SearchAction","target":{"@type":"EntryPoint","urlTemplate":"https:\/\/turijnmagazijn.jumpstone-dev.nl\/?s={search_term_string}"},"query-input":{"@type":"PropertyValueSpecification","valueRequired":true,"valueName":"search_term_string"}}],"inLanguage":"de"},{"@type":"Organization","@id":"https:\/\/turijnmagazijn.jumpstone-dev.nl\/#organization","name":"Turijnmagazijn","url":"https:\/\/turijnmagazijn.jumpstone-dev.nl\/","logo":{"@type":"ImageObject","inLanguage":"de","@id":"https:\/\/turijnmagazijn.jumpstone-dev.nl\/#\/schema\/logo\/image\/","url":"https:\/\/turijnmagazijn.nl\/wp-content\/uploads\/2021\/02\/turijnmagazijnlogo.png","contentUrl":"https:\/\/turijnmagazijn.nl\/wp-content\/uploads\/2021\/02\/turijnmagazijnlogo.png","width":555,"height":270,"caption":"Turijnmagazijn"},"image":{"@id":"https:\/\/turijnmagazijn.jumpstone-dev.nl\/#\/schema\/logo\/image\/"},"sameAs":["https:\/\/www.facebook.com\/turijnmagazijn"]}]}},"_links":{"self":[{"href":"https:\/\/turijnmagazijn.nl\/de\/wp-json\/wp\/v2\/product\/66192","targetHints":{"allow":["GET"]}}],"collection":[{"href":"https:\/\/turijnmagazijn.nl\/de\/wp-json\/wp\/v2\/product"}],"about":[{"href":"https:\/\/turijnmagazijn.nl\/de\/wp-json\/wp\/v2\/types\/product"}],"replies":[{"embeddable":true,"href":"https:\/\/turijnmagazijn.nl\/de\/wp-json\/wp\/v2\/comments?post=66192"}],"wp:featuredmedia":[{"embeddable":true,"href":"https:\/\/turijnmagazijn.nl\/de\/wp-json\/wp\/v2\/media\/55969"}],"wp:attachment":[{"href":"https:\/\/turijnmagazijn.nl\/de\/wp-json\/wp\/v2\/media?parent=66192"}],"wp:term":[{"taxonomy":"product_brand","embeddable":true,"href":"https:\/\/turijnmagazijn.nl\/de\/wp-json\/wp\/v2\/product_brand?post=66192"},{"taxonomy":"product_cat","embeddable":true,"href":"https:\/\/turijnmagazijn.nl\/de\/wp-json\/wp\/v2\/product_cat?post=66192"},{"taxonomy":"product_tag","embeddable":true,"href":"https:\/\/turijnmagazijn.nl\/de\/wp-json\/wp\/v2\/product_tag?post=66192"}],"curies":[{"name":"wp","href":"https:\/\/api.w.org\/{rel}","templated":true}]}}