{"id":66220,"date":"2023-03-03T10:11:34","date_gmt":"2023-03-03T09:11:34","guid":{"rendered":"https:\/\/turijnmagazijn.nl\/product\/reparaturstangen-set-scheibenwischer-fiat-punto-ii\/"},"modified":"2023-07-27T12:52:23","modified_gmt":"2023-07-27T10:52:23","slug":"reparatur-stangen-satz-windschutzscheibe-fiat-punto-ii","status":"publish","type":"product","link":"https:\/\/turijnmagazijn.nl\/de\/produkt\/reparatur-stangen-satz-windschutzscheibe-fiat-punto-ii\/","title":{"rendered":"Reparaturstangen Set Scheibenwischer Fiat Punto II"},"content":{"rendered":"<p><a style=\"background-color: #ffffff; color: #23527c; outline: 0px;\" href=\"https:\/\/turijnmagazijn.nl\/de\/postfachversand\/\" target=\"\" rel=\"noopener\"><img decoding=\"async\" src=\"https:\/\/www.delenkorf.nl\/image\/catalog\/brievenbus.png\"><\/a><\/p>\n<p>Reparatursatz f\u00fcr den Scheibenwischermechanismus f\u00fcr Fiat Punto Typ II einschlie\u00dflich des Facelift-Modells. Baujahre 1999 bis 2006, aber nur Modell II Punto, nicht passend f\u00fcr Grande Punto.<\/p>\n<p>Dieser Reparatursatz ist eine billige und einfache L\u00f6sung f\u00fcr das h\u00e4ufige Wischerproblem mit dieser Art von Fiat Punto. Das zugrunde liegende Problem ist die Konstruktion der Gelenke im Stabsystem, die dazu f\u00fchrt, dass sich die Arme ungleichm\u00e4\u00dfig bewegen, sich ber\u00fchren oder einen oder beide Arme ganz stoppen. Oft kann dies vor\u00fcbergehend gel\u00f6st werden, indem der Metallstift wieder in die Kunststoffverbindung eingeklickt wird, aber das h\u00e4lt nie lange an. Jedes Mal verschlechtert sich der Sitz des Gelenks.<\/p>\n<p>Ein englisches Unternehmen hat diesen Reparatursatz f\u00fcr Fiat Punto II entwickelt, mit dem dieses Problem endg\u00fcltig gel\u00f6st werden kann.<\/p>\n<p>Die Wischereinheit muss aus dem Auto demontiert werden, und dann k\u00f6nnen die Stangen mit einfachen Werkzeugen ersetzt werden. Eine englische Anleitung f\u00fcr die Reparatur ist im Set enthalten.<\/p>\n<p>Ein neues Scheibenwischer-Set bei Fiat kostet mehr als 250 Euro, mit diesem Set sind Sie dieses l\u00e4stige und gef\u00e4hrliche Problem f\u00fcr einen Bruchteil dieses Preises definitiv los.<\/p>\n<p>&nbsp;<\/p>\n<p>&nbsp;<\/p>\n","protected":false},"excerpt":{"rendered":"<p>Stangensatz Scheibenwischer Fiat Punto II &#8211; Reparatursatz f\u00fcr den Scheibenwischermechanismus f\u00fcr Fiat Punto Typ II inklusive des Facelift-Modells. Reparaturstangensatz Scheibenwischer Fiat Punto II &#8211; Reparatursatz f\u00fcr den Scheibenwischermechanismus f\u00fcr Fiat Punto Typ I<\/p>\n","protected":false},"featured_media":56029,"comment_status":"closed","ping_status":"closed","template":"","meta":{"_acf_changed":false},"product_brand":[],"product_cat":[1689,1751],"product_tag":[],"class_list":{"0":"post-66220","1":"product","2":"type-product","3":"status-publish","4":"has-post-thumbnail","6":"product_cat-fiat-de","7":"product_cat-punto-2-188-de","8":"pa_soort-onderdeel-fenster-und-zubehor","10":"first","11":"instock","12":"taxable","13":"shipping-taxable","14":"purchasable","15":"product-type-simple"},"acf":[],"yoast_head":"<!-- This site is optimized with the Yoast SEO plugin v27.3 - https:\/\/yoast.com\/product\/yoast-seo-wordpress\/ -->\n<title>Reparaturstangen Set Scheibenwischer Fiat Punto II - Turijnmagazijn<\/title>\n<meta name=\"robots\" content=\"index, follow, max-snippet:-1, max-image-preview:large, max-video-preview:-1\" \/>\n<link rel=\"canonical\" href=\"https:\/\/turijnmagazijn.nl\/de\/produkt\/reparatur-stangen-satz-windschutzscheibe-fiat-punto-ii\/\" \/>\n<meta property=\"og:locale\" content=\"de_DE\" \/>\n<meta property=\"og:type\" content=\"article\" \/>\n<meta property=\"og:title\" content=\"Reparaturstangen Set Scheibenwischer Fiat Punto II - Turijnmagazijn\" \/>\n<meta property=\"og:description\" content=\"Stangensatz Scheibenwischer Fiat Punto II - Reparatursatz f\u00fcr den Scheibenwischermechanismus f\u00fcr Fiat Punto Typ II inklusive des Facelift-Modells. Reparaturstangensatz Scheibenwischer Fiat Punto II - Reparatursatz f\u00fcr den Scheibenwischermechanismus f\u00fcr Fiat Punto Typ I\" \/>\n<meta property=\"og:url\" content=\"https:\/\/turijnmagazijn.nl\/de\/produkt\/reparatur-stangen-satz-windschutzscheibe-fiat-punto-ii\/\" \/>\n<meta property=\"og:site_name\" content=\"Turijnmagazijn\" \/>\n<meta property=\"article:publisher\" content=\"https:\/\/www.facebook.com\/turijnmagazijn\" \/>\n<meta property=\"article:modified_time\" content=\"2023-07-27T10:52:23+00:00\" \/>\n<meta property=\"og:image\" content=\"https:\/\/turijnmagazijn.nl\/wp-content\/uploads\/2023\/03\/WL00100001_Reparatie_Stangen_set_Ruitenwisser_Fiat_Punto_II_3.jpg\" \/>\n\t<meta property=\"og:image:width\" content=\"800\" \/>\n\t<meta property=\"og:image:height\" content=\"600\" \/>\n\t<meta property=\"og:image:type\" content=\"image\/jpeg\" \/>\n<meta name=\"twitter:card\" content=\"summary_large_image\" \/>\n<meta name=\"twitter:label1\" content=\"Gesch\u00e4tzte Lesezeit\" \/>\n\t<meta name=\"twitter:data1\" content=\"1\u00a0Minute\" \/>\n<script type=\"application\/ld+json\" class=\"yoast-schema-graph\">{\"@context\":\"https:\\\/\\\/schema.org\",\"@graph\":[{\"@type\":\"WebPage\",\"@id\":\"https:\\\/\\\/turijnmagazijn.nl\\\/de\\\/produkt\\\/reparatur-stangen-satz-windschutzscheibe-fiat-punto-ii\\\/\",\"url\":\"https:\\\/\\\/turijnmagazijn.nl\\\/de\\\/produkt\\\/reparatur-stangen-satz-windschutzscheibe-fiat-punto-ii\\\/\",\"name\":\"Reparaturstangen Set Scheibenwischer Fiat Punto II - Turijnmagazijn\",\"isPartOf\":{\"@id\":\"https:\\\/\\\/turijnmagazijn.jumpstone-dev.nl\\\/#website\"},\"primaryImageOfPage\":{\"@id\":\"https:\\\/\\\/turijnmagazijn.nl\\\/de\\\/produkt\\\/reparatur-stangen-satz-windschutzscheibe-fiat-punto-ii\\\/#primaryimage\"},\"image\":{\"@id\":\"https:\\\/\\\/turijnmagazijn.nl\\\/de\\\/produkt\\\/reparatur-stangen-satz-windschutzscheibe-fiat-punto-ii\\\/#primaryimage\"},\"thumbnailUrl\":\"https:\\\/\\\/turijnmagazijn.nl\\\/wp-content\\\/uploads\\\/2023\\\/03\\\/WL00100001_Reparatie_Stangen_set_Ruitenwisser_Fiat_Punto_II_3.jpg\",\"datePublished\":\"2023-03-03T09:11:34+00:00\",\"dateModified\":\"2023-07-27T10:52:23+00:00\",\"breadcrumb\":{\"@id\":\"https:\\\/\\\/turijnmagazijn.nl\\\/de\\\/produkt\\\/reparatur-stangen-satz-windschutzscheibe-fiat-punto-ii\\\/#breadcrumb\"},\"inLanguage\":\"de\",\"potentialAction\":[{\"@type\":\"ReadAction\",\"target\":[\"https:\\\/\\\/turijnmagazijn.nl\\\/de\\\/produkt\\\/reparatur-stangen-satz-windschutzscheibe-fiat-punto-ii\\\/\"]}]},{\"@type\":\"ImageObject\",\"inLanguage\":\"de\",\"@id\":\"https:\\\/\\\/turijnmagazijn.nl\\\/de\\\/produkt\\\/reparatur-stangen-satz-windschutzscheibe-fiat-punto-ii\\\/#primaryimage\",\"url\":\"https:\\\/\\\/turijnmagazijn.nl\\\/wp-content\\\/uploads\\\/2023\\\/03\\\/WL00100001_Reparatie_Stangen_set_Ruitenwisser_Fiat_Punto_II_3.jpg\",\"contentUrl\":\"https:\\\/\\\/turijnmagazijn.nl\\\/wp-content\\\/uploads\\\/2023\\\/03\\\/WL00100001_Reparatie_Stangen_set_Ruitenwisser_Fiat_Punto_II_3.jpg\",\"width\":800,\"height\":600},{\"@type\":\"BreadcrumbList\",\"@id\":\"https:\\\/\\\/turijnmagazijn.nl\\\/de\\\/produkt\\\/reparatur-stangen-satz-windschutzscheibe-fiat-punto-ii\\\/#breadcrumb\",\"itemListElement\":[{\"@type\":\"ListItem\",\"position\":1,\"name\":\"Home\",\"item\":\"https:\\\/\\\/turijnmagazijn.nl\\\/de\\\/\"},{\"@type\":\"ListItem\",\"position\":2,\"name\":\"Produkte\",\"item\":\"https:\\\/\\\/turijnmagazijn.nl\\\/de\\\/shop\\\/\"},{\"@type\":\"ListItem\",\"position\":3,\"name\":\"Reparaturstangen Set Scheibenwischer Fiat Punto II\"}]},{\"@type\":\"WebSite\",\"@id\":\"https:\\\/\\\/turijnmagazijn.jumpstone-dev.nl\\\/#website\",\"url\":\"https:\\\/\\\/turijnmagazijn.jumpstone-dev.nl\\\/\",\"name\":\"Turijnmagazijn\",\"description\":\"Onderdelen nieuw en gebruikt - Fiat &amp; Lancia\",\"publisher\":{\"@id\":\"https:\\\/\\\/turijnmagazijn.jumpstone-dev.nl\\\/#organization\"},\"potentialAction\":[{\"@type\":\"SearchAction\",\"target\":{\"@type\":\"EntryPoint\",\"urlTemplate\":\"https:\\\/\\\/turijnmagazijn.jumpstone-dev.nl\\\/?s={search_term_string}\"},\"query-input\":{\"@type\":\"PropertyValueSpecification\",\"valueRequired\":true,\"valueName\":\"search_term_string\"}}],\"inLanguage\":\"de\"},{\"@type\":\"Organization\",\"@id\":\"https:\\\/\\\/turijnmagazijn.jumpstone-dev.nl\\\/#organization\",\"name\":\"Turijnmagazijn\",\"url\":\"https:\\\/\\\/turijnmagazijn.jumpstone-dev.nl\\\/\",\"logo\":{\"@type\":\"ImageObject\",\"inLanguage\":\"de\",\"@id\":\"https:\\\/\\\/turijnmagazijn.jumpstone-dev.nl\\\/#\\\/schema\\\/logo\\\/image\\\/\",\"url\":\"https:\\\/\\\/turijnmagazijn.nl\\\/wp-content\\\/uploads\\\/2021\\\/02\\\/turijnmagazijnlogo.png\",\"contentUrl\":\"https:\\\/\\\/turijnmagazijn.nl\\\/wp-content\\\/uploads\\\/2021\\\/02\\\/turijnmagazijnlogo.png\",\"width\":555,\"height\":270,\"caption\":\"Turijnmagazijn\"},\"image\":{\"@id\":\"https:\\\/\\\/turijnmagazijn.jumpstone-dev.nl\\\/#\\\/schema\\\/logo\\\/image\\\/\"},\"sameAs\":[\"https:\\\/\\\/www.facebook.com\\\/turijnmagazijn\"]}]}<\/script>\n<!-- \/ Yoast SEO plugin. -->","yoast_head_json":{"title":"Reparaturstangen Set Scheibenwischer Fiat Punto II - Turijnmagazijn","robots":{"index":"index","follow":"follow","max-snippet":"max-snippet:-1","max-image-preview":"max-image-preview:large","max-video-preview":"max-video-preview:-1"},"canonical":"https:\/\/turijnmagazijn.nl\/de\/produkt\/reparatur-stangen-satz-windschutzscheibe-fiat-punto-ii\/","og_locale":"de_DE","og_type":"article","og_title":"Reparaturstangen Set Scheibenwischer Fiat Punto II - Turijnmagazijn","og_description":"Stangensatz Scheibenwischer Fiat Punto II - Reparatursatz f\u00fcr den Scheibenwischermechanismus f\u00fcr Fiat Punto Typ II inklusive des Facelift-Modells. Reparaturstangensatz Scheibenwischer Fiat Punto II - Reparatursatz f\u00fcr den Scheibenwischermechanismus f\u00fcr Fiat Punto Typ I","og_url":"https:\/\/turijnmagazijn.nl\/de\/produkt\/reparatur-stangen-satz-windschutzscheibe-fiat-punto-ii\/","og_site_name":"Turijnmagazijn","article_publisher":"https:\/\/www.facebook.com\/turijnmagazijn","article_modified_time":"2023-07-27T10:52:23+00:00","og_image":[{"width":800,"height":600,"url":"https:\/\/turijnmagazijn.nl\/wp-content\/uploads\/2023\/03\/WL00100001_Reparatie_Stangen_set_Ruitenwisser_Fiat_Punto_II_3.jpg","type":"image\/jpeg"}],"twitter_card":"summary_large_image","twitter_misc":{"Gesch\u00e4tzte Lesezeit":"1\u00a0Minute"},"schema":{"@context":"https:\/\/schema.org","@graph":[{"@type":"WebPage","@id":"https:\/\/turijnmagazijn.nl\/de\/produkt\/reparatur-stangen-satz-windschutzscheibe-fiat-punto-ii\/","url":"https:\/\/turijnmagazijn.nl\/de\/produkt\/reparatur-stangen-satz-windschutzscheibe-fiat-punto-ii\/","name":"Reparaturstangen Set Scheibenwischer Fiat Punto II - Turijnmagazijn","isPartOf":{"@id":"https:\/\/turijnmagazijn.jumpstone-dev.nl\/#website"},"primaryImageOfPage":{"@id":"https:\/\/turijnmagazijn.nl\/de\/produkt\/reparatur-stangen-satz-windschutzscheibe-fiat-punto-ii\/#primaryimage"},"image":{"@id":"https:\/\/turijnmagazijn.nl\/de\/produkt\/reparatur-stangen-satz-windschutzscheibe-fiat-punto-ii\/#primaryimage"},"thumbnailUrl":"https:\/\/turijnmagazijn.nl\/wp-content\/uploads\/2023\/03\/WL00100001_Reparatie_Stangen_set_Ruitenwisser_Fiat_Punto_II_3.jpg","datePublished":"2023-03-03T09:11:34+00:00","dateModified":"2023-07-27T10:52:23+00:00","breadcrumb":{"@id":"https:\/\/turijnmagazijn.nl\/de\/produkt\/reparatur-stangen-satz-windschutzscheibe-fiat-punto-ii\/#breadcrumb"},"inLanguage":"de","potentialAction":[{"@type":"ReadAction","target":["https:\/\/turijnmagazijn.nl\/de\/produkt\/reparatur-stangen-satz-windschutzscheibe-fiat-punto-ii\/"]}]},{"@type":"ImageObject","inLanguage":"de","@id":"https:\/\/turijnmagazijn.nl\/de\/produkt\/reparatur-stangen-satz-windschutzscheibe-fiat-punto-ii\/#primaryimage","url":"https:\/\/turijnmagazijn.nl\/wp-content\/uploads\/2023\/03\/WL00100001_Reparatie_Stangen_set_Ruitenwisser_Fiat_Punto_II_3.jpg","contentUrl":"https:\/\/turijnmagazijn.nl\/wp-content\/uploads\/2023\/03\/WL00100001_Reparatie_Stangen_set_Ruitenwisser_Fiat_Punto_II_3.jpg","width":800,"height":600},{"@type":"BreadcrumbList","@id":"https:\/\/turijnmagazijn.nl\/de\/produkt\/reparatur-stangen-satz-windschutzscheibe-fiat-punto-ii\/#breadcrumb","itemListElement":[{"@type":"ListItem","position":1,"name":"Home","item":"https:\/\/turijnmagazijn.nl\/de\/"},{"@type":"ListItem","position":2,"name":"Produkte","item":"https:\/\/turijnmagazijn.nl\/de\/shop\/"},{"@type":"ListItem","position":3,"name":"Reparaturstangen Set Scheibenwischer Fiat Punto II"}]},{"@type":"WebSite","@id":"https:\/\/turijnmagazijn.jumpstone-dev.nl\/#website","url":"https:\/\/turijnmagazijn.jumpstone-dev.nl\/","name":"Turijnmagazijn","description":"Onderdelen nieuw en gebruikt - Fiat &amp; Lancia","publisher":{"@id":"https:\/\/turijnmagazijn.jumpstone-dev.nl\/#organization"},"potentialAction":[{"@type":"SearchAction","target":{"@type":"EntryPoint","urlTemplate":"https:\/\/turijnmagazijn.jumpstone-dev.nl\/?s={search_term_string}"},"query-input":{"@type":"PropertyValueSpecification","valueRequired":true,"valueName":"search_term_string"}}],"inLanguage":"de"},{"@type":"Organization","@id":"https:\/\/turijnmagazijn.jumpstone-dev.nl\/#organization","name":"Turijnmagazijn","url":"https:\/\/turijnmagazijn.jumpstone-dev.nl\/","logo":{"@type":"ImageObject","inLanguage":"de","@id":"https:\/\/turijnmagazijn.jumpstone-dev.nl\/#\/schema\/logo\/image\/","url":"https:\/\/turijnmagazijn.nl\/wp-content\/uploads\/2021\/02\/turijnmagazijnlogo.png","contentUrl":"https:\/\/turijnmagazijn.nl\/wp-content\/uploads\/2021\/02\/turijnmagazijnlogo.png","width":555,"height":270,"caption":"Turijnmagazijn"},"image":{"@id":"https:\/\/turijnmagazijn.jumpstone-dev.nl\/#\/schema\/logo\/image\/"},"sameAs":["https:\/\/www.facebook.com\/turijnmagazijn"]}]}},"_links":{"self":[{"href":"https:\/\/turijnmagazijn.nl\/de\/wp-json\/wp\/v2\/product\/66220","targetHints":{"allow":["GET"]}}],"collection":[{"href":"https:\/\/turijnmagazijn.nl\/de\/wp-json\/wp\/v2\/product"}],"about":[{"href":"https:\/\/turijnmagazijn.nl\/de\/wp-json\/wp\/v2\/types\/product"}],"replies":[{"embeddable":true,"href":"https:\/\/turijnmagazijn.nl\/de\/wp-json\/wp\/v2\/comments?post=66220"}],"wp:featuredmedia":[{"embeddable":true,"href":"https:\/\/turijnmagazijn.nl\/de\/wp-json\/wp\/v2\/media\/56029"}],"wp:attachment":[{"href":"https:\/\/turijnmagazijn.nl\/de\/wp-json\/wp\/v2\/media?parent=66220"}],"wp:term":[{"taxonomy":"product_brand","embeddable":true,"href":"https:\/\/turijnmagazijn.nl\/de\/wp-json\/wp\/v2\/product_brand?post=66220"},{"taxonomy":"product_cat","embeddable":true,"href":"https:\/\/turijnmagazijn.nl\/de\/wp-json\/wp\/v2\/product_cat?post=66220"},{"taxonomy":"product_tag","embeddable":true,"href":"https:\/\/turijnmagazijn.nl\/de\/wp-json\/wp\/v2\/product_tag?post=66220"}],"curies":[{"name":"wp","href":"https:\/\/api.w.org\/{rel}","templated":true}]}}