{"id":66225,"date":"2023-03-03T10:12:00","date_gmt":"2023-03-03T09:12:00","guid":{"rendered":"https:\/\/turijnmagazijn.nl\/product\/zuendkerze-9628000280-lancia-fiat-verschiedene-motoren\/"},"modified":"2023-07-27T13:30:40","modified_gmt":"2023-07-27T11:30:40","slug":"zundkerze-9628000280-lancia-fiat-verschiedene-motoren","status":"publish","type":"product","link":"https:\/\/turijnmagazijn.nl\/de\/produkt\/zundkerze-9628000280-lancia-fiat-verschiedene-motoren\/","title":{"rendered":"Z\u00fcndkerze 9628000280 Lancia Fiat verschiedene Motoren"},"content":{"rendered":"<p>Neue originale Z\u00fcndkerze aus altem Lagerbestand. Handelt es sich um eine Z\u00fcndkerze mit doppeltem Kontaktpunkt.<\/p>\n<p>\u00dcberschrift:<\/p>\n<blockquote><p>EYQUEM<\/p>\n<p>RFC58LZ2E<\/p>\n<p>Hergestellt in Frankreich<\/p>\n<p>910 EA<\/p><\/blockquote>\n<p>In Original-OEM-Verpackung<\/p>\n<p>Geeignet f\u00fcr den Einsatz an Benzinmotoren wie:<\/p>\n<p>Fiat Coupe 2.0 20V<\/p>\n<p>Fiat Marea 2.0 20V<\/p>\n<p>Lancia Zeta 2.0 Turbo<\/p>\n<p>Fiat Ulyssee 2.0 Turbo<\/p>\n<p>Fiat Bravo 2.0 20V<\/p>\n<p>Lancia Ypsilon 1.4 (2000\u20132003)<\/p>\n<p>&nbsp;<\/p>\n<p>OEM Lancia 9628000280<\/p>\n","protected":false},"excerpt":{"rendered":"<p>Neue originale Z\u00fcndkerze aus altem Lagerbestand.<\/p>\n","protected":false},"featured_media":56137,"comment_status":"closed","ping_status":"closed","template":"","meta":{"_acf_changed":false},"product_brand":[],"product_cat":[1710,1717,1689,1797,1734,1913],"product_tag":[],"class_list":{"0":"post-66225","1":"product","2":"type-product","3":"status-publish","4":"has-post-thumbnail","6":"product_cat-bravo-198-de","7":"product_cat-coupe-175-de","8":"product_cat-fiat-de","9":"product_cat-lancia-de","10":"product_cat-marea-185-de","11":"product_cat-ypsilon-1-840-de","12":"pa_soort-onderdeel-andere-autoteile","13":"pa_soort-onderdeel-motor-und-zubehor","15":"first","16":"instock","17":"shipping-taxable","18":"purchasable","19":"product-type-simple"},"acf":[],"yoast_head":"<!-- This site is optimized with the Yoast SEO plugin v27.2 - https:\/\/yoast.com\/product\/yoast-seo-wordpress\/ -->\n<title>Z\u00fcndkerze 9628000280 Lancia Fiat verschiedene Motoren - Turijnmagazijn<\/title>\n<meta name=\"robots\" content=\"index, follow, max-snippet:-1, max-image-preview:large, max-video-preview:-1\" \/>\n<link rel=\"canonical\" href=\"https:\/\/turijnmagazijn.nl\/de\/produkt\/zundkerze-9628000280-lancia-fiat-verschiedene-motoren\/\" \/>\n<meta property=\"og:locale\" content=\"de_DE\" \/>\n<meta property=\"og:type\" content=\"article\" \/>\n<meta property=\"og:title\" content=\"Z\u00fcndkerze 9628000280 Lancia Fiat verschiedene Motoren - Turijnmagazijn\" \/>\n<meta property=\"og:description\" content=\"Neue originale Z\u00fcndkerze aus altem Lagerbestand.\" \/>\n<meta property=\"og:url\" content=\"https:\/\/turijnmagazijn.nl\/de\/produkt\/zundkerze-9628000280-lancia-fiat-verschiedene-motoren\/\" \/>\n<meta property=\"og:site_name\" content=\"Turijnmagazijn\" \/>\n<meta property=\"article:publisher\" content=\"https:\/\/www.facebook.com\/turijnmagazijn\" \/>\n<meta property=\"article:modified_time\" content=\"2023-07-27T11:30:40+00:00\" \/>\n<meta property=\"og:image\" content=\"https:\/\/turijnmagazijn.nl\/wp-content\/uploads\/2023\/03\/DS0108873-Bougie-9628000280-Lancia-Fiat-diverse-motoren-3.jpg\" \/>\n\t<meta property=\"og:image:width\" content=\"1024\" \/>\n\t<meta property=\"og:image:height\" content=\"768\" \/>\n\t<meta property=\"og:image:type\" content=\"image\/jpeg\" \/>\n<meta name=\"twitter:card\" content=\"summary_large_image\" \/>\n<script type=\"application\/ld+json\" class=\"yoast-schema-graph\">{\"@context\":\"https:\/\/schema.org\",\"@graph\":[{\"@type\":\"WebPage\",\"@id\":\"https:\/\/turijnmagazijn.nl\/de\/produkt\/zundkerze-9628000280-lancia-fiat-verschiedene-motoren\/\",\"url\":\"https:\/\/turijnmagazijn.nl\/de\/produkt\/zundkerze-9628000280-lancia-fiat-verschiedene-motoren\/\",\"name\":\"Z\u00fcndkerze 9628000280 Lancia Fiat verschiedene Motoren - Turijnmagazijn\",\"isPartOf\":{\"@id\":\"https:\/\/turijnmagazijn.jumpstone-dev.nl\/#website\"},\"primaryImageOfPage\":{\"@id\":\"https:\/\/turijnmagazijn.nl\/de\/produkt\/zundkerze-9628000280-lancia-fiat-verschiedene-motoren\/#primaryimage\"},\"image\":{\"@id\":\"https:\/\/turijnmagazijn.nl\/de\/produkt\/zundkerze-9628000280-lancia-fiat-verschiedene-motoren\/#primaryimage\"},\"thumbnailUrl\":\"https:\/\/turijnmagazijn.nl\/wp-content\/uploads\/2023\/03\/DS0108873-Bougie-9628000280-Lancia-Fiat-diverse-motoren-3.jpg\",\"datePublished\":\"2023-03-03T09:12:00+00:00\",\"dateModified\":\"2023-07-27T11:30:40+00:00\",\"breadcrumb\":{\"@id\":\"https:\/\/turijnmagazijn.nl\/de\/produkt\/zundkerze-9628000280-lancia-fiat-verschiedene-motoren\/#breadcrumb\"},\"inLanguage\":\"de\",\"potentialAction\":[{\"@type\":\"ReadAction\",\"target\":[\"https:\/\/turijnmagazijn.nl\/de\/produkt\/zundkerze-9628000280-lancia-fiat-verschiedene-motoren\/\"]}]},{\"@type\":\"ImageObject\",\"inLanguage\":\"de\",\"@id\":\"https:\/\/turijnmagazijn.nl\/de\/produkt\/zundkerze-9628000280-lancia-fiat-verschiedene-motoren\/#primaryimage\",\"url\":\"https:\/\/turijnmagazijn.nl\/wp-content\/uploads\/2023\/03\/DS0108873-Bougie-9628000280-Lancia-Fiat-diverse-motoren-3.jpg\",\"contentUrl\":\"https:\/\/turijnmagazijn.nl\/wp-content\/uploads\/2023\/03\/DS0108873-Bougie-9628000280-Lancia-Fiat-diverse-motoren-3.jpg\",\"width\":1024,\"height\":768},{\"@type\":\"BreadcrumbList\",\"@id\":\"https:\/\/turijnmagazijn.nl\/de\/produkt\/zundkerze-9628000280-lancia-fiat-verschiedene-motoren\/#breadcrumb\",\"itemListElement\":[{\"@type\":\"ListItem\",\"position\":1,\"name\":\"Home\",\"item\":\"https:\/\/turijnmagazijn.nl\/de\/\"},{\"@type\":\"ListItem\",\"position\":2,\"name\":\"Produkte\",\"item\":\"https:\/\/turijnmagazijn.nl\/de\/shop\/\"},{\"@type\":\"ListItem\",\"position\":3,\"name\":\"Z\u00fcndkerze 9628000280 Lancia Fiat verschiedene Motoren\"}]},{\"@type\":\"WebSite\",\"@id\":\"https:\/\/turijnmagazijn.jumpstone-dev.nl\/#website\",\"url\":\"https:\/\/turijnmagazijn.jumpstone-dev.nl\/\",\"name\":\"Turijnmagazijn\",\"description\":\"Onderdelen nieuw en gebruikt - Fiat &amp; Lancia\",\"publisher\":{\"@id\":\"https:\/\/turijnmagazijn.jumpstone-dev.nl\/#organization\"},\"potentialAction\":[{\"@type\":\"SearchAction\",\"target\":{\"@type\":\"EntryPoint\",\"urlTemplate\":\"https:\/\/turijnmagazijn.jumpstone-dev.nl\/?s={search_term_string}\"},\"query-input\":{\"@type\":\"PropertyValueSpecification\",\"valueRequired\":true,\"valueName\":\"search_term_string\"}}],\"inLanguage\":\"de\"},{\"@type\":\"Organization\",\"@id\":\"https:\/\/turijnmagazijn.jumpstone-dev.nl\/#organization\",\"name\":\"Turijnmagazijn\",\"url\":\"https:\/\/turijnmagazijn.jumpstone-dev.nl\/\",\"logo\":{\"@type\":\"ImageObject\",\"inLanguage\":\"de\",\"@id\":\"https:\/\/turijnmagazijn.jumpstone-dev.nl\/#\/schema\/logo\/image\/\",\"url\":\"https:\/\/turijnmagazijn.nl\/wp-content\/uploads\/2021\/02\/turijnmagazijnlogo.png\",\"contentUrl\":\"https:\/\/turijnmagazijn.nl\/wp-content\/uploads\/2021\/02\/turijnmagazijnlogo.png\",\"width\":555,\"height\":270,\"caption\":\"Turijnmagazijn\"},\"image\":{\"@id\":\"https:\/\/turijnmagazijn.jumpstone-dev.nl\/#\/schema\/logo\/image\/\"},\"sameAs\":[\"https:\/\/www.facebook.com\/turijnmagazijn\"]}]}<\/script>\n<!-- \/ Yoast SEO plugin. -->","yoast_head_json":{"title":"Z\u00fcndkerze 9628000280 Lancia Fiat verschiedene Motoren - Turijnmagazijn","robots":{"index":"index","follow":"follow","max-snippet":"max-snippet:-1","max-image-preview":"max-image-preview:large","max-video-preview":"max-video-preview:-1"},"canonical":"https:\/\/turijnmagazijn.nl\/de\/produkt\/zundkerze-9628000280-lancia-fiat-verschiedene-motoren\/","og_locale":"de_DE","og_type":"article","og_title":"Z\u00fcndkerze 9628000280 Lancia Fiat verschiedene Motoren - Turijnmagazijn","og_description":"Neue originale Z\u00fcndkerze aus altem Lagerbestand.","og_url":"https:\/\/turijnmagazijn.nl\/de\/produkt\/zundkerze-9628000280-lancia-fiat-verschiedene-motoren\/","og_site_name":"Turijnmagazijn","article_publisher":"https:\/\/www.facebook.com\/turijnmagazijn","article_modified_time":"2023-07-27T11:30:40+00:00","og_image":[{"width":1024,"height":768,"url":"https:\/\/turijnmagazijn.nl\/wp-content\/uploads\/2023\/03\/DS0108873-Bougie-9628000280-Lancia-Fiat-diverse-motoren-3.jpg","type":"image\/jpeg"}],"twitter_card":"summary_large_image","schema":{"@context":"https:\/\/schema.org","@graph":[{"@type":"WebPage","@id":"https:\/\/turijnmagazijn.nl\/de\/produkt\/zundkerze-9628000280-lancia-fiat-verschiedene-motoren\/","url":"https:\/\/turijnmagazijn.nl\/de\/produkt\/zundkerze-9628000280-lancia-fiat-verschiedene-motoren\/","name":"Z\u00fcndkerze 9628000280 Lancia Fiat verschiedene Motoren - Turijnmagazijn","isPartOf":{"@id":"https:\/\/turijnmagazijn.jumpstone-dev.nl\/#website"},"primaryImageOfPage":{"@id":"https:\/\/turijnmagazijn.nl\/de\/produkt\/zundkerze-9628000280-lancia-fiat-verschiedene-motoren\/#primaryimage"},"image":{"@id":"https:\/\/turijnmagazijn.nl\/de\/produkt\/zundkerze-9628000280-lancia-fiat-verschiedene-motoren\/#primaryimage"},"thumbnailUrl":"https:\/\/turijnmagazijn.nl\/wp-content\/uploads\/2023\/03\/DS0108873-Bougie-9628000280-Lancia-Fiat-diverse-motoren-3.jpg","datePublished":"2023-03-03T09:12:00+00:00","dateModified":"2023-07-27T11:30:40+00:00","breadcrumb":{"@id":"https:\/\/turijnmagazijn.nl\/de\/produkt\/zundkerze-9628000280-lancia-fiat-verschiedene-motoren\/#breadcrumb"},"inLanguage":"de","potentialAction":[{"@type":"ReadAction","target":["https:\/\/turijnmagazijn.nl\/de\/produkt\/zundkerze-9628000280-lancia-fiat-verschiedene-motoren\/"]}]},{"@type":"ImageObject","inLanguage":"de","@id":"https:\/\/turijnmagazijn.nl\/de\/produkt\/zundkerze-9628000280-lancia-fiat-verschiedene-motoren\/#primaryimage","url":"https:\/\/turijnmagazijn.nl\/wp-content\/uploads\/2023\/03\/DS0108873-Bougie-9628000280-Lancia-Fiat-diverse-motoren-3.jpg","contentUrl":"https:\/\/turijnmagazijn.nl\/wp-content\/uploads\/2023\/03\/DS0108873-Bougie-9628000280-Lancia-Fiat-diverse-motoren-3.jpg","width":1024,"height":768},{"@type":"BreadcrumbList","@id":"https:\/\/turijnmagazijn.nl\/de\/produkt\/zundkerze-9628000280-lancia-fiat-verschiedene-motoren\/#breadcrumb","itemListElement":[{"@type":"ListItem","position":1,"name":"Home","item":"https:\/\/turijnmagazijn.nl\/de\/"},{"@type":"ListItem","position":2,"name":"Produkte","item":"https:\/\/turijnmagazijn.nl\/de\/shop\/"},{"@type":"ListItem","position":3,"name":"Z\u00fcndkerze 9628000280 Lancia Fiat verschiedene Motoren"}]},{"@type":"WebSite","@id":"https:\/\/turijnmagazijn.jumpstone-dev.nl\/#website","url":"https:\/\/turijnmagazijn.jumpstone-dev.nl\/","name":"Turijnmagazijn","description":"Onderdelen nieuw en gebruikt - Fiat &amp; Lancia","publisher":{"@id":"https:\/\/turijnmagazijn.jumpstone-dev.nl\/#organization"},"potentialAction":[{"@type":"SearchAction","target":{"@type":"EntryPoint","urlTemplate":"https:\/\/turijnmagazijn.jumpstone-dev.nl\/?s={search_term_string}"},"query-input":{"@type":"PropertyValueSpecification","valueRequired":true,"valueName":"search_term_string"}}],"inLanguage":"de"},{"@type":"Organization","@id":"https:\/\/turijnmagazijn.jumpstone-dev.nl\/#organization","name":"Turijnmagazijn","url":"https:\/\/turijnmagazijn.jumpstone-dev.nl\/","logo":{"@type":"ImageObject","inLanguage":"de","@id":"https:\/\/turijnmagazijn.jumpstone-dev.nl\/#\/schema\/logo\/image\/","url":"https:\/\/turijnmagazijn.nl\/wp-content\/uploads\/2021\/02\/turijnmagazijnlogo.png","contentUrl":"https:\/\/turijnmagazijn.nl\/wp-content\/uploads\/2021\/02\/turijnmagazijnlogo.png","width":555,"height":270,"caption":"Turijnmagazijn"},"image":{"@id":"https:\/\/turijnmagazijn.jumpstone-dev.nl\/#\/schema\/logo\/image\/"},"sameAs":["https:\/\/www.facebook.com\/turijnmagazijn"]}]}},"_links":{"self":[{"href":"https:\/\/turijnmagazijn.nl\/de\/wp-json\/wp\/v2\/product\/66225","targetHints":{"allow":["GET"]}}],"collection":[{"href":"https:\/\/turijnmagazijn.nl\/de\/wp-json\/wp\/v2\/product"}],"about":[{"href":"https:\/\/turijnmagazijn.nl\/de\/wp-json\/wp\/v2\/types\/product"}],"replies":[{"embeddable":true,"href":"https:\/\/turijnmagazijn.nl\/de\/wp-json\/wp\/v2\/comments?post=66225"}],"wp:featuredmedia":[{"embeddable":true,"href":"https:\/\/turijnmagazijn.nl\/de\/wp-json\/wp\/v2\/media\/56137"}],"wp:attachment":[{"href":"https:\/\/turijnmagazijn.nl\/de\/wp-json\/wp\/v2\/media?parent=66225"}],"wp:term":[{"taxonomy":"product_brand","embeddable":true,"href":"https:\/\/turijnmagazijn.nl\/de\/wp-json\/wp\/v2\/product_brand?post=66225"},{"taxonomy":"product_cat","embeddable":true,"href":"https:\/\/turijnmagazijn.nl\/de\/wp-json\/wp\/v2\/product_cat?post=66225"},{"taxonomy":"product_tag","embeddable":true,"href":"https:\/\/turijnmagazijn.nl\/de\/wp-json\/wp\/v2\/product_tag?post=66225"}],"curies":[{"name":"wp","href":"https:\/\/api.w.org\/{rel}","templated":true}]}}