{"id":66230,"date":"2023-03-03T10:11:34","date_gmt":"2023-03-03T09:11:34","guid":{"rendered":"https:\/\/turijnmagazijn.nl\/product\/reparaturstangen-set-scheibenwischer-fiat-stilo\/"},"modified":"2023-07-27T12:52:21","modified_gmt":"2023-07-27T10:52:21","slug":"reparatur-stangen-set-windschutzscheibe-fiat-stilo","status":"publish","type":"product","link":"https:\/\/turijnmagazijn.nl\/de\/produkt\/reparatur-stangen-set-windschutzscheibe-fiat-stilo\/","title":{"rendered":"Reparaturstangen Set Scheibenwischer Fiat Stilo"},"content":{"rendered":"<p><a style=\"background-color: #ffffff; color: #23527c; outline: 0px;\" href=\"https:\/\/turijnmagazijn.nl\/de\/postfachversand\/\" target=\"\" rel=\"noopener\"><img decoding=\"async\" src=\"https:\/\/www.delenkorf.nl\/image\/catalog\/brievenbus.png\"><\/a><\/p>\n<p>Reparatursatz f\u00fcr den Scheibenwischermechanismus f\u00fcr Fiat Stilo inklusive des Facelift-Modells.<\/p>\n<p>Dieses Reparaturset ist eine billige und einfache L\u00f6sung f\u00fcr das h\u00e4ufige Wischerproblem bei diesem Fiat Stilo-Typ.<\/p>\n<p>Das zugrunde liegende Problem ist die Konstruktion der Gelenke im Stabsystem, die dazu f\u00fchrt, dass sich die Arme ungleichm\u00e4\u00dfig bewegen, sich ber\u00fchren oder einen oder beide Arme ganz stoppen. Oft kann dies vor\u00fcbergehend gel\u00f6st werden, indem der Metallstift wieder in die Kunststoffverbindung eingeklickt wird, aber das h\u00e4lt nie lange an. Jedes Mal verschlechtert sich der Sitz des Gelenks.<\/p>\n<p>Ein englisches Unternehmen hat diesen Reparatursatz f\u00fcr Fiat Punto II entwickelt, mit dem dieses Problem endg\u00fcltig gel\u00f6st werden kann.<\/p>\n<p>Die Wischereinheit muss aus dem Auto demontiert werden, und dann k\u00f6nnen die Stangen mit einfachen Werkzeugen ersetzt werden. Eine englische Anleitung f\u00fcr die Reparatur ist im Kit enthalten.<\/p>\n<p>Ein neues Scheibenwischer-Set bei Fiat kostet mehr als 250 Euro, mit diesem Set sind Sie dieses l\u00e4stige und gef\u00e4hrliche Problem f\u00fcr einen Bruchteil dieses Preises definitiv los.<\/p>\n<p>&nbsp;<\/p>\n<p>&nbsp;<\/p>\n","protected":false},"excerpt":{"rendered":"<p>Reparaturstangensatz Scheibenwischer Fiat Stilo &#8211; Reparatursatz f\u00fcr den Scheibenwischermechanismus f\u00fcr Fiat Stilo inklusive des Facelift-Modells.<\/p>\n","protected":false},"featured_media":56049,"comment_status":"open","ping_status":"closed","template":"","meta":{"_acf_changed":false},"product_brand":[],"product_cat":[1689,1751],"product_tag":[],"class_list":{"0":"post-66230","1":"product","2":"type-product","3":"status-publish","4":"has-post-thumbnail","6":"product_cat-fiat-de","7":"product_cat-punto-2-188-de","8":"pa_soort-onderdeel-fenster-und-zubehor","10":"first","11":"instock","12":"taxable","13":"shipping-taxable","14":"purchasable","15":"product-type-simple"},"acf":[],"yoast_head":"<!-- This site is optimized with the Yoast SEO plugin v27.3 - https:\/\/yoast.com\/product\/yoast-seo-wordpress\/ -->\n<title>Reparaturstangen Set Scheibenwischer Fiat Stilo - Turijnmagazijn<\/title>\n<meta name=\"robots\" content=\"index, follow, max-snippet:-1, max-image-preview:large, max-video-preview:-1\" \/>\n<link rel=\"canonical\" href=\"https:\/\/turijnmagazijn.nl\/de\/produkt\/reparatur-stangen-set-windschutzscheibe-fiat-stilo\/\" \/>\n<meta property=\"og:locale\" content=\"de_DE\" \/>\n<meta property=\"og:type\" content=\"article\" \/>\n<meta property=\"og:title\" content=\"Reparaturstangen Set Scheibenwischer Fiat Stilo - Turijnmagazijn\" \/>\n<meta property=\"og:description\" content=\"Reparaturstangensatz Scheibenwischer Fiat Stilo - Reparatursatz f\u00fcr den Scheibenwischermechanismus f\u00fcr Fiat Stilo inklusive des Facelift-Modells.\" \/>\n<meta property=\"og:url\" content=\"https:\/\/turijnmagazijn.nl\/de\/produkt\/reparatur-stangen-set-windschutzscheibe-fiat-stilo\/\" \/>\n<meta property=\"og:site_name\" content=\"Turijnmagazijn\" \/>\n<meta property=\"article:publisher\" content=\"https:\/\/www.facebook.com\/turijnmagazijn\" \/>\n<meta property=\"article:modified_time\" content=\"2023-07-27T10:52:21+00:00\" \/>\n<meta property=\"og:image\" content=\"https:\/\/turijnmagazijn.nl\/wp-content\/uploads\/2023\/03\/WL00100002-Reparatie-Stangen-set-Ruitenwisser-Fiat-Stilo-2-1.jpg\" \/>\n\t<meta property=\"og:image:width\" content=\"1024\" \/>\n\t<meta property=\"og:image:height\" content=\"768\" \/>\n\t<meta property=\"og:image:type\" content=\"image\/jpeg\" \/>\n<meta name=\"twitter:card\" content=\"summary_large_image\" \/>\n<meta name=\"twitter:label1\" content=\"Gesch\u00e4tzte Lesezeit\" \/>\n\t<meta name=\"twitter:data1\" content=\"1\u00a0Minute\" \/>\n<script type=\"application\/ld+json\" class=\"yoast-schema-graph\">{\"@context\":\"https:\\\/\\\/schema.org\",\"@graph\":[{\"@type\":\"WebPage\",\"@id\":\"https:\\\/\\\/turijnmagazijn.nl\\\/de\\\/produkt\\\/reparatur-stangen-set-windschutzscheibe-fiat-stilo\\\/\",\"url\":\"https:\\\/\\\/turijnmagazijn.nl\\\/de\\\/produkt\\\/reparatur-stangen-set-windschutzscheibe-fiat-stilo\\\/\",\"name\":\"Reparaturstangen Set Scheibenwischer Fiat Stilo - Turijnmagazijn\",\"isPartOf\":{\"@id\":\"https:\\\/\\\/turijnmagazijn.jumpstone-dev.nl\\\/#website\"},\"primaryImageOfPage\":{\"@id\":\"https:\\\/\\\/turijnmagazijn.nl\\\/de\\\/produkt\\\/reparatur-stangen-set-windschutzscheibe-fiat-stilo\\\/#primaryimage\"},\"image\":{\"@id\":\"https:\\\/\\\/turijnmagazijn.nl\\\/de\\\/produkt\\\/reparatur-stangen-set-windschutzscheibe-fiat-stilo\\\/#primaryimage\"},\"thumbnailUrl\":\"https:\\\/\\\/turijnmagazijn.nl\\\/wp-content\\\/uploads\\\/2023\\\/03\\\/WL00100002-Reparatie-Stangen-set-Ruitenwisser-Fiat-Stilo-2-1.jpg\",\"datePublished\":\"2023-03-03T09:11:34+00:00\",\"dateModified\":\"2023-07-27T10:52:21+00:00\",\"breadcrumb\":{\"@id\":\"https:\\\/\\\/turijnmagazijn.nl\\\/de\\\/produkt\\\/reparatur-stangen-set-windschutzscheibe-fiat-stilo\\\/#breadcrumb\"},\"inLanguage\":\"de\",\"potentialAction\":[{\"@type\":\"ReadAction\",\"target\":[\"https:\\\/\\\/turijnmagazijn.nl\\\/de\\\/produkt\\\/reparatur-stangen-set-windschutzscheibe-fiat-stilo\\\/\"]}]},{\"@type\":\"ImageObject\",\"inLanguage\":\"de\",\"@id\":\"https:\\\/\\\/turijnmagazijn.nl\\\/de\\\/produkt\\\/reparatur-stangen-set-windschutzscheibe-fiat-stilo\\\/#primaryimage\",\"url\":\"https:\\\/\\\/turijnmagazijn.nl\\\/wp-content\\\/uploads\\\/2023\\\/03\\\/WL00100002-Reparatie-Stangen-set-Ruitenwisser-Fiat-Stilo-2-1.jpg\",\"contentUrl\":\"https:\\\/\\\/turijnmagazijn.nl\\\/wp-content\\\/uploads\\\/2023\\\/03\\\/WL00100002-Reparatie-Stangen-set-Ruitenwisser-Fiat-Stilo-2-1.jpg\",\"width\":1024,\"height\":768},{\"@type\":\"BreadcrumbList\",\"@id\":\"https:\\\/\\\/turijnmagazijn.nl\\\/de\\\/produkt\\\/reparatur-stangen-set-windschutzscheibe-fiat-stilo\\\/#breadcrumb\",\"itemListElement\":[{\"@type\":\"ListItem\",\"position\":1,\"name\":\"Home\",\"item\":\"https:\\\/\\\/turijnmagazijn.nl\\\/de\\\/\"},{\"@type\":\"ListItem\",\"position\":2,\"name\":\"Produkte\",\"item\":\"https:\\\/\\\/turijnmagazijn.nl\\\/de\\\/shop\\\/\"},{\"@type\":\"ListItem\",\"position\":3,\"name\":\"Reparaturstangen Set Scheibenwischer Fiat Stilo\"}]},{\"@type\":\"WebSite\",\"@id\":\"https:\\\/\\\/turijnmagazijn.jumpstone-dev.nl\\\/#website\",\"url\":\"https:\\\/\\\/turijnmagazijn.jumpstone-dev.nl\\\/\",\"name\":\"Turijnmagazijn\",\"description\":\"Onderdelen nieuw en gebruikt - Fiat &amp; Lancia\",\"publisher\":{\"@id\":\"https:\\\/\\\/turijnmagazijn.jumpstone-dev.nl\\\/#organization\"},\"potentialAction\":[{\"@type\":\"SearchAction\",\"target\":{\"@type\":\"EntryPoint\",\"urlTemplate\":\"https:\\\/\\\/turijnmagazijn.jumpstone-dev.nl\\\/?s={search_term_string}\"},\"query-input\":{\"@type\":\"PropertyValueSpecification\",\"valueRequired\":true,\"valueName\":\"search_term_string\"}}],\"inLanguage\":\"de\"},{\"@type\":\"Organization\",\"@id\":\"https:\\\/\\\/turijnmagazijn.jumpstone-dev.nl\\\/#organization\",\"name\":\"Turijnmagazijn\",\"url\":\"https:\\\/\\\/turijnmagazijn.jumpstone-dev.nl\\\/\",\"logo\":{\"@type\":\"ImageObject\",\"inLanguage\":\"de\",\"@id\":\"https:\\\/\\\/turijnmagazijn.jumpstone-dev.nl\\\/#\\\/schema\\\/logo\\\/image\\\/\",\"url\":\"https:\\\/\\\/turijnmagazijn.nl\\\/wp-content\\\/uploads\\\/2021\\\/02\\\/turijnmagazijnlogo.png\",\"contentUrl\":\"https:\\\/\\\/turijnmagazijn.nl\\\/wp-content\\\/uploads\\\/2021\\\/02\\\/turijnmagazijnlogo.png\",\"width\":555,\"height\":270,\"caption\":\"Turijnmagazijn\"},\"image\":{\"@id\":\"https:\\\/\\\/turijnmagazijn.jumpstone-dev.nl\\\/#\\\/schema\\\/logo\\\/image\\\/\"},\"sameAs\":[\"https:\\\/\\\/www.facebook.com\\\/turijnmagazijn\"]}]}<\/script>\n<!-- \/ Yoast SEO plugin. -->","yoast_head_json":{"title":"Reparaturstangen Set Scheibenwischer Fiat Stilo - Turijnmagazijn","robots":{"index":"index","follow":"follow","max-snippet":"max-snippet:-1","max-image-preview":"max-image-preview:large","max-video-preview":"max-video-preview:-1"},"canonical":"https:\/\/turijnmagazijn.nl\/de\/produkt\/reparatur-stangen-set-windschutzscheibe-fiat-stilo\/","og_locale":"de_DE","og_type":"article","og_title":"Reparaturstangen Set Scheibenwischer Fiat Stilo - Turijnmagazijn","og_description":"Reparaturstangensatz Scheibenwischer Fiat Stilo - Reparatursatz f\u00fcr den Scheibenwischermechanismus f\u00fcr Fiat Stilo inklusive des Facelift-Modells.","og_url":"https:\/\/turijnmagazijn.nl\/de\/produkt\/reparatur-stangen-set-windschutzscheibe-fiat-stilo\/","og_site_name":"Turijnmagazijn","article_publisher":"https:\/\/www.facebook.com\/turijnmagazijn","article_modified_time":"2023-07-27T10:52:21+00:00","og_image":[{"width":1024,"height":768,"url":"https:\/\/turijnmagazijn.nl\/wp-content\/uploads\/2023\/03\/WL00100002-Reparatie-Stangen-set-Ruitenwisser-Fiat-Stilo-2-1.jpg","type":"image\/jpeg"}],"twitter_card":"summary_large_image","twitter_misc":{"Gesch\u00e4tzte Lesezeit":"1\u00a0Minute"},"schema":{"@context":"https:\/\/schema.org","@graph":[{"@type":"WebPage","@id":"https:\/\/turijnmagazijn.nl\/de\/produkt\/reparatur-stangen-set-windschutzscheibe-fiat-stilo\/","url":"https:\/\/turijnmagazijn.nl\/de\/produkt\/reparatur-stangen-set-windschutzscheibe-fiat-stilo\/","name":"Reparaturstangen Set Scheibenwischer Fiat Stilo - Turijnmagazijn","isPartOf":{"@id":"https:\/\/turijnmagazijn.jumpstone-dev.nl\/#website"},"primaryImageOfPage":{"@id":"https:\/\/turijnmagazijn.nl\/de\/produkt\/reparatur-stangen-set-windschutzscheibe-fiat-stilo\/#primaryimage"},"image":{"@id":"https:\/\/turijnmagazijn.nl\/de\/produkt\/reparatur-stangen-set-windschutzscheibe-fiat-stilo\/#primaryimage"},"thumbnailUrl":"https:\/\/turijnmagazijn.nl\/wp-content\/uploads\/2023\/03\/WL00100002-Reparatie-Stangen-set-Ruitenwisser-Fiat-Stilo-2-1.jpg","datePublished":"2023-03-03T09:11:34+00:00","dateModified":"2023-07-27T10:52:21+00:00","breadcrumb":{"@id":"https:\/\/turijnmagazijn.nl\/de\/produkt\/reparatur-stangen-set-windschutzscheibe-fiat-stilo\/#breadcrumb"},"inLanguage":"de","potentialAction":[{"@type":"ReadAction","target":["https:\/\/turijnmagazijn.nl\/de\/produkt\/reparatur-stangen-set-windschutzscheibe-fiat-stilo\/"]}]},{"@type":"ImageObject","inLanguage":"de","@id":"https:\/\/turijnmagazijn.nl\/de\/produkt\/reparatur-stangen-set-windschutzscheibe-fiat-stilo\/#primaryimage","url":"https:\/\/turijnmagazijn.nl\/wp-content\/uploads\/2023\/03\/WL00100002-Reparatie-Stangen-set-Ruitenwisser-Fiat-Stilo-2-1.jpg","contentUrl":"https:\/\/turijnmagazijn.nl\/wp-content\/uploads\/2023\/03\/WL00100002-Reparatie-Stangen-set-Ruitenwisser-Fiat-Stilo-2-1.jpg","width":1024,"height":768},{"@type":"BreadcrumbList","@id":"https:\/\/turijnmagazijn.nl\/de\/produkt\/reparatur-stangen-set-windschutzscheibe-fiat-stilo\/#breadcrumb","itemListElement":[{"@type":"ListItem","position":1,"name":"Home","item":"https:\/\/turijnmagazijn.nl\/de\/"},{"@type":"ListItem","position":2,"name":"Produkte","item":"https:\/\/turijnmagazijn.nl\/de\/shop\/"},{"@type":"ListItem","position":3,"name":"Reparaturstangen Set Scheibenwischer Fiat Stilo"}]},{"@type":"WebSite","@id":"https:\/\/turijnmagazijn.jumpstone-dev.nl\/#website","url":"https:\/\/turijnmagazijn.jumpstone-dev.nl\/","name":"Turijnmagazijn","description":"Onderdelen nieuw en gebruikt - Fiat &amp; Lancia","publisher":{"@id":"https:\/\/turijnmagazijn.jumpstone-dev.nl\/#organization"},"potentialAction":[{"@type":"SearchAction","target":{"@type":"EntryPoint","urlTemplate":"https:\/\/turijnmagazijn.jumpstone-dev.nl\/?s={search_term_string}"},"query-input":{"@type":"PropertyValueSpecification","valueRequired":true,"valueName":"search_term_string"}}],"inLanguage":"de"},{"@type":"Organization","@id":"https:\/\/turijnmagazijn.jumpstone-dev.nl\/#organization","name":"Turijnmagazijn","url":"https:\/\/turijnmagazijn.jumpstone-dev.nl\/","logo":{"@type":"ImageObject","inLanguage":"de","@id":"https:\/\/turijnmagazijn.jumpstone-dev.nl\/#\/schema\/logo\/image\/","url":"https:\/\/turijnmagazijn.nl\/wp-content\/uploads\/2021\/02\/turijnmagazijnlogo.png","contentUrl":"https:\/\/turijnmagazijn.nl\/wp-content\/uploads\/2021\/02\/turijnmagazijnlogo.png","width":555,"height":270,"caption":"Turijnmagazijn"},"image":{"@id":"https:\/\/turijnmagazijn.jumpstone-dev.nl\/#\/schema\/logo\/image\/"},"sameAs":["https:\/\/www.facebook.com\/turijnmagazijn"]}]}},"_links":{"self":[{"href":"https:\/\/turijnmagazijn.nl\/de\/wp-json\/wp\/v2\/product\/66230","targetHints":{"allow":["GET"]}}],"collection":[{"href":"https:\/\/turijnmagazijn.nl\/de\/wp-json\/wp\/v2\/product"}],"about":[{"href":"https:\/\/turijnmagazijn.nl\/de\/wp-json\/wp\/v2\/types\/product"}],"replies":[{"embeddable":true,"href":"https:\/\/turijnmagazijn.nl\/de\/wp-json\/wp\/v2\/comments?post=66230"}],"wp:featuredmedia":[{"embeddable":true,"href":"https:\/\/turijnmagazijn.nl\/de\/wp-json\/wp\/v2\/media\/56049"}],"wp:attachment":[{"href":"https:\/\/turijnmagazijn.nl\/de\/wp-json\/wp\/v2\/media?parent=66230"}],"wp:term":[{"taxonomy":"product_brand","embeddable":true,"href":"https:\/\/turijnmagazijn.nl\/de\/wp-json\/wp\/v2\/product_brand?post=66230"},{"taxonomy":"product_cat","embeddable":true,"href":"https:\/\/turijnmagazijn.nl\/de\/wp-json\/wp\/v2\/product_cat?post=66230"},{"taxonomy":"product_tag","embeddable":true,"href":"https:\/\/turijnmagazijn.nl\/de\/wp-json\/wp\/v2\/product_tag?post=66230"}],"curies":[{"name":"wp","href":"https:\/\/api.w.org\/{rel}","templated":true}]}}