{"id":66271,"date":"2023-03-03T10:14:42","date_gmt":"2023-03-03T09:14:42","guid":{"rendered":"https:\/\/turijnmagazijn.nl\/product\/tuergriffgarnitur-lancia-delta-integrale-4-teilig-generalueberholt-b-qualitaet\/"},"modified":"2024-09-05T13:09:26","modified_gmt":"2024-09-05T11:09:26","slug":"turgriff-set-lancia-delta-integral-4-stk-uberholte-b-qualitat","status":"publish","type":"product","link":"https:\/\/turijnmagazijn.nl\/de\/produkt\/turgriff-set-lancia-delta-integral-4-stk-uberholte-b-qualitat\/","title":{"rendered":"T\u00fcrgriffgarnitur Lancia Delta Integrale 4-teilig -GENERAL\u00dcBERHOLT- B-Qualit\u00e4t"},"content":{"rendered":"<p>Gebrauchter Satz T\u00fcrglieder f\u00fcr Lancia Delta Integrale. Die T\u00fcrgriffe wurden \u00fcberholt und mit neuen massiven Aluminiumgriffen versehen. Durch diese hochwertige Aufwertung f\u00fchlen sich die T\u00fcrgriffe viel angenehmer an und behalten ihre schwarze Farbe auch bei Kratzern durch den Eloxalprozess. Es handelt sich um ein gebrauchtes Set, bei dem Gebrauchsspuren auf den Kunststoffteilen sichtbar sind. Legen Sie vor der Bestellung die Bilder der Unvollkommenheiten dieses Sets richtig ein. Das Set wird ohne die Dichtungen f\u00fcr die Karosserie geliefert. Komplett \u00fcberholte T\u00fcrgriffe mit Aluminiumgriff f\u00fcr Lancia Delta HF Integrale alle Modelle. Die Schlossplatte wurde in mattschwarz neu lackiert und der T\u00fcrgriff durch ein hochwertiges Aluminium-Ersatzteil in schwarz eloxiert ersetzt. Alle Befestigungspunkte dieser T\u00fcrgriffe sind in gutem Zustand. An einigen T\u00fcrgriffen ist etwas Rost an der Feder sichtbar. Alle Federn funktionieren jedoch gut, und von Durchrosten kann sicherlich keine Rede sein. RV OEM Lancia 82392490 \/ 82392490 LV OEM Lancia 82392491 \/ 82392491 RA OEM Lancia 82392639 \/ 82468873 LA OEM Lancia 82392640 \/ 82468874  <\/p>\n<div><\/div>\n","protected":false},"excerpt":{"rendered":"<p>Gebrauchter Satz T\u00fcrglieder f\u00fcr Lancia Delta Integrale. Die T\u00fcrgriffe wurden \u00fcberholt und mit neuen massiven Aluminiumgriffen versehen. Durch diese hochwertige Aufwertung f\u00fchlen sich die T\u00fcrgriffe viel angenehmer an und behalten ihre schwarze Farbe auch bei Kratzern durch den Eloxalprozess.<\/p>\n","protected":false},"featured_media":56493,"comment_status":"closed","ping_status":"closed","template":"","meta":{"_acf_changed":false},"product_brand":[],"product_cat":[1807,1817,1822,1826,1834,1829,1839,1797],"product_tag":[],"class_list":{"0":"post-66271","1":"product","2":"type-product","3":"status-publish","4":"has-post-thumbnail","6":"product_cat-delta-1-831-de","7":"product_cat-gt-i-e-de","8":"product_cat-hf-4wd-de","9":"product_cat-hf-turbo-de","10":"product_cat-integrale-16v-de","11":"product_cat-integrale-8v-de","12":"product_cat-integrale-evo-de","13":"product_cat-lancia-de","14":"pa_soort-onderdeel-karosserie-und-blech","16":"first","17":"instock","18":"shipping-taxable","19":"purchasable","20":"product-type-simple"},"acf":[],"yoast_head":"<!-- This site is optimized with the Yoast SEO plugin v27.2 - https:\/\/yoast.com\/product\/yoast-seo-wordpress\/ -->\n<title>T\u00fcrgriffgarnitur Lancia Delta Integrale 4-teilig -GENERAL\u00dcBERHOLT- B-Qualit\u00e4t - Turijnmagazijn<\/title>\n<meta name=\"robots\" content=\"index, follow, max-snippet:-1, max-image-preview:large, max-video-preview:-1\" \/>\n<link rel=\"canonical\" href=\"https:\/\/turijnmagazijn.nl\/de\/produkt\/turgriff-set-lancia-delta-integral-4-stk-uberholte-b-qualitat\/\" \/>\n<meta property=\"og:locale\" content=\"de_DE\" \/>\n<meta property=\"og:type\" content=\"article\" \/>\n<meta property=\"og:title\" content=\"T\u00fcrgriffgarnitur Lancia Delta Integrale 4-teilig -GENERAL\u00dcBERHOLT- B-Qualit\u00e4t - Turijnmagazijn\" \/>\n<meta property=\"og:description\" content=\"Gebrauchter Satz T\u00fcrglieder f\u00fcr Lancia Delta Integrale. Die T\u00fcrgriffe wurden \u00fcberholt und mit neuen massiven Aluminiumgriffen versehen. Durch diese hochwertige Aufwertung f\u00fchlen sich die T\u00fcrgriffe viel angenehmer an und behalten ihre schwarze Farbe auch bei Kratzern durch den Eloxalprozess.\" \/>\n<meta property=\"og:url\" content=\"https:\/\/turijnmagazijn.nl\/de\/produkt\/turgriff-set-lancia-delta-integral-4-stk-uberholte-b-qualitat\/\" \/>\n<meta property=\"og:site_name\" content=\"Turijnmagazijn\" \/>\n<meta property=\"article:publisher\" content=\"https:\/\/www.facebook.com\/turijnmagazijn\" \/>\n<meta property=\"article:modified_time\" content=\"2024-09-05T11:09:26+00:00\" \/>\n<meta property=\"og:image\" content=\"https:\/\/turijnmagazijn.nl\/wp-content\/uploads\/2023\/03\/DK00102498-Deurklink-set-Lancia-Delta-Integrale-4-stuks-GEREVISEERD-B-kwaliteit-2.jpg\" \/>\n\t<meta property=\"og:image:width\" content=\"1024\" \/>\n\t<meta property=\"og:image:height\" content=\"768\" \/>\n\t<meta property=\"og:image:type\" content=\"image\/jpeg\" \/>\n<meta name=\"twitter:card\" content=\"summary_large_image\" \/>\n<meta name=\"twitter:label1\" content=\"Gesch\u00e4tzte Lesezeit\" \/>\n\t<meta name=\"twitter:data1\" content=\"1\u00a0Minute\" \/>\n<script type=\"application\/ld+json\" class=\"yoast-schema-graph\">{\"@context\":\"https:\/\/schema.org\",\"@graph\":[{\"@type\":\"WebPage\",\"@id\":\"https:\/\/turijnmagazijn.nl\/de\/produkt\/turgriff-set-lancia-delta-integral-4-stk-uberholte-b-qualitat\/\",\"url\":\"https:\/\/turijnmagazijn.nl\/de\/produkt\/turgriff-set-lancia-delta-integral-4-stk-uberholte-b-qualitat\/\",\"name\":\"T\u00fcrgriffgarnitur Lancia Delta Integrale 4-teilig -GENERAL\u00dcBERHOLT- B-Qualit\u00e4t - Turijnmagazijn\",\"isPartOf\":{\"@id\":\"https:\/\/turijnmagazijn.jumpstone-dev.nl\/#website\"},\"primaryImageOfPage\":{\"@id\":\"https:\/\/turijnmagazijn.nl\/de\/produkt\/turgriff-set-lancia-delta-integral-4-stk-uberholte-b-qualitat\/#primaryimage\"},\"image\":{\"@id\":\"https:\/\/turijnmagazijn.nl\/de\/produkt\/turgriff-set-lancia-delta-integral-4-stk-uberholte-b-qualitat\/#primaryimage\"},\"thumbnailUrl\":\"https:\/\/turijnmagazijn.nl\/wp-content\/uploads\/2023\/03\/DK00102498-Deurklink-set-Lancia-Delta-Integrale-4-stuks-GEREVISEERD-B-kwaliteit-2.jpg\",\"datePublished\":\"2023-03-03T09:14:42+00:00\",\"dateModified\":\"2024-09-05T11:09:26+00:00\",\"breadcrumb\":{\"@id\":\"https:\/\/turijnmagazijn.nl\/de\/produkt\/turgriff-set-lancia-delta-integral-4-stk-uberholte-b-qualitat\/#breadcrumb\"},\"inLanguage\":\"de\",\"potentialAction\":[{\"@type\":\"ReadAction\",\"target\":[\"https:\/\/turijnmagazijn.nl\/de\/produkt\/turgriff-set-lancia-delta-integral-4-stk-uberholte-b-qualitat\/\"]}]},{\"@type\":\"ImageObject\",\"inLanguage\":\"de\",\"@id\":\"https:\/\/turijnmagazijn.nl\/de\/produkt\/turgriff-set-lancia-delta-integral-4-stk-uberholte-b-qualitat\/#primaryimage\",\"url\":\"https:\/\/turijnmagazijn.nl\/wp-content\/uploads\/2023\/03\/DK00102498-Deurklink-set-Lancia-Delta-Integrale-4-stuks-GEREVISEERD-B-kwaliteit-2.jpg\",\"contentUrl\":\"https:\/\/turijnmagazijn.nl\/wp-content\/uploads\/2023\/03\/DK00102498-Deurklink-set-Lancia-Delta-Integrale-4-stuks-GEREVISEERD-B-kwaliteit-2.jpg\",\"width\":1024,\"height\":768},{\"@type\":\"BreadcrumbList\",\"@id\":\"https:\/\/turijnmagazijn.nl\/de\/produkt\/turgriff-set-lancia-delta-integral-4-stk-uberholte-b-qualitat\/#breadcrumb\",\"itemListElement\":[{\"@type\":\"ListItem\",\"position\":1,\"name\":\"Home\",\"item\":\"https:\/\/turijnmagazijn.nl\/de\/\"},{\"@type\":\"ListItem\",\"position\":2,\"name\":\"Produkte\",\"item\":\"https:\/\/turijnmagazijn.nl\/de\/shop\/\"},{\"@type\":\"ListItem\",\"position\":3,\"name\":\"T\u00fcrgriffgarnitur Lancia Delta Integrale 4-teilig -GENERAL\u00dcBERHOLT- B-Qualit\u00e4t\"}]},{\"@type\":\"WebSite\",\"@id\":\"https:\/\/turijnmagazijn.jumpstone-dev.nl\/#website\",\"url\":\"https:\/\/turijnmagazijn.jumpstone-dev.nl\/\",\"name\":\"Turijnmagazijn\",\"description\":\"Onderdelen nieuw en gebruikt - Fiat &amp; Lancia\",\"publisher\":{\"@id\":\"https:\/\/turijnmagazijn.jumpstone-dev.nl\/#organization\"},\"potentialAction\":[{\"@type\":\"SearchAction\",\"target\":{\"@type\":\"EntryPoint\",\"urlTemplate\":\"https:\/\/turijnmagazijn.jumpstone-dev.nl\/?s={search_term_string}\"},\"query-input\":{\"@type\":\"PropertyValueSpecification\",\"valueRequired\":true,\"valueName\":\"search_term_string\"}}],\"inLanguage\":\"de\"},{\"@type\":\"Organization\",\"@id\":\"https:\/\/turijnmagazijn.jumpstone-dev.nl\/#organization\",\"name\":\"Turijnmagazijn\",\"url\":\"https:\/\/turijnmagazijn.jumpstone-dev.nl\/\",\"logo\":{\"@type\":\"ImageObject\",\"inLanguage\":\"de\",\"@id\":\"https:\/\/turijnmagazijn.jumpstone-dev.nl\/#\/schema\/logo\/image\/\",\"url\":\"https:\/\/turijnmagazijn.nl\/wp-content\/uploads\/2021\/02\/turijnmagazijnlogo.png\",\"contentUrl\":\"https:\/\/turijnmagazijn.nl\/wp-content\/uploads\/2021\/02\/turijnmagazijnlogo.png\",\"width\":555,\"height\":270,\"caption\":\"Turijnmagazijn\"},\"image\":{\"@id\":\"https:\/\/turijnmagazijn.jumpstone-dev.nl\/#\/schema\/logo\/image\/\"},\"sameAs\":[\"https:\/\/www.facebook.com\/turijnmagazijn\"]}]}<\/script>\n<!-- \/ Yoast SEO plugin. -->","yoast_head_json":{"title":"T\u00fcrgriffgarnitur Lancia Delta Integrale 4-teilig -GENERAL\u00dcBERHOLT- B-Qualit\u00e4t - Turijnmagazijn","robots":{"index":"index","follow":"follow","max-snippet":"max-snippet:-1","max-image-preview":"max-image-preview:large","max-video-preview":"max-video-preview:-1"},"canonical":"https:\/\/turijnmagazijn.nl\/de\/produkt\/turgriff-set-lancia-delta-integral-4-stk-uberholte-b-qualitat\/","og_locale":"de_DE","og_type":"article","og_title":"T\u00fcrgriffgarnitur Lancia Delta Integrale 4-teilig -GENERAL\u00dcBERHOLT- B-Qualit\u00e4t - Turijnmagazijn","og_description":"Gebrauchter Satz T\u00fcrglieder f\u00fcr Lancia Delta Integrale. Die T\u00fcrgriffe wurden \u00fcberholt und mit neuen massiven Aluminiumgriffen versehen. Durch diese hochwertige Aufwertung f\u00fchlen sich die T\u00fcrgriffe viel angenehmer an und behalten ihre schwarze Farbe auch bei Kratzern durch den Eloxalprozess.","og_url":"https:\/\/turijnmagazijn.nl\/de\/produkt\/turgriff-set-lancia-delta-integral-4-stk-uberholte-b-qualitat\/","og_site_name":"Turijnmagazijn","article_publisher":"https:\/\/www.facebook.com\/turijnmagazijn","article_modified_time":"2024-09-05T11:09:26+00:00","og_image":[{"width":1024,"height":768,"url":"https:\/\/turijnmagazijn.nl\/wp-content\/uploads\/2023\/03\/DK00102498-Deurklink-set-Lancia-Delta-Integrale-4-stuks-GEREVISEERD-B-kwaliteit-2.jpg","type":"image\/jpeg"}],"twitter_card":"summary_large_image","twitter_misc":{"Gesch\u00e4tzte Lesezeit":"1\u00a0Minute"},"schema":{"@context":"https:\/\/schema.org","@graph":[{"@type":"WebPage","@id":"https:\/\/turijnmagazijn.nl\/de\/produkt\/turgriff-set-lancia-delta-integral-4-stk-uberholte-b-qualitat\/","url":"https:\/\/turijnmagazijn.nl\/de\/produkt\/turgriff-set-lancia-delta-integral-4-stk-uberholte-b-qualitat\/","name":"T\u00fcrgriffgarnitur Lancia Delta Integrale 4-teilig -GENERAL\u00dcBERHOLT- B-Qualit\u00e4t - Turijnmagazijn","isPartOf":{"@id":"https:\/\/turijnmagazijn.jumpstone-dev.nl\/#website"},"primaryImageOfPage":{"@id":"https:\/\/turijnmagazijn.nl\/de\/produkt\/turgriff-set-lancia-delta-integral-4-stk-uberholte-b-qualitat\/#primaryimage"},"image":{"@id":"https:\/\/turijnmagazijn.nl\/de\/produkt\/turgriff-set-lancia-delta-integral-4-stk-uberholte-b-qualitat\/#primaryimage"},"thumbnailUrl":"https:\/\/turijnmagazijn.nl\/wp-content\/uploads\/2023\/03\/DK00102498-Deurklink-set-Lancia-Delta-Integrale-4-stuks-GEREVISEERD-B-kwaliteit-2.jpg","datePublished":"2023-03-03T09:14:42+00:00","dateModified":"2024-09-05T11:09:26+00:00","breadcrumb":{"@id":"https:\/\/turijnmagazijn.nl\/de\/produkt\/turgriff-set-lancia-delta-integral-4-stk-uberholte-b-qualitat\/#breadcrumb"},"inLanguage":"de","potentialAction":[{"@type":"ReadAction","target":["https:\/\/turijnmagazijn.nl\/de\/produkt\/turgriff-set-lancia-delta-integral-4-stk-uberholte-b-qualitat\/"]}]},{"@type":"ImageObject","inLanguage":"de","@id":"https:\/\/turijnmagazijn.nl\/de\/produkt\/turgriff-set-lancia-delta-integral-4-stk-uberholte-b-qualitat\/#primaryimage","url":"https:\/\/turijnmagazijn.nl\/wp-content\/uploads\/2023\/03\/DK00102498-Deurklink-set-Lancia-Delta-Integrale-4-stuks-GEREVISEERD-B-kwaliteit-2.jpg","contentUrl":"https:\/\/turijnmagazijn.nl\/wp-content\/uploads\/2023\/03\/DK00102498-Deurklink-set-Lancia-Delta-Integrale-4-stuks-GEREVISEERD-B-kwaliteit-2.jpg","width":1024,"height":768},{"@type":"BreadcrumbList","@id":"https:\/\/turijnmagazijn.nl\/de\/produkt\/turgriff-set-lancia-delta-integral-4-stk-uberholte-b-qualitat\/#breadcrumb","itemListElement":[{"@type":"ListItem","position":1,"name":"Home","item":"https:\/\/turijnmagazijn.nl\/de\/"},{"@type":"ListItem","position":2,"name":"Produkte","item":"https:\/\/turijnmagazijn.nl\/de\/shop\/"},{"@type":"ListItem","position":3,"name":"T\u00fcrgriffgarnitur Lancia Delta Integrale 4-teilig -GENERAL\u00dcBERHOLT- B-Qualit\u00e4t"}]},{"@type":"WebSite","@id":"https:\/\/turijnmagazijn.jumpstone-dev.nl\/#website","url":"https:\/\/turijnmagazijn.jumpstone-dev.nl\/","name":"Turijnmagazijn","description":"Onderdelen nieuw en gebruikt - Fiat &amp; Lancia","publisher":{"@id":"https:\/\/turijnmagazijn.jumpstone-dev.nl\/#organization"},"potentialAction":[{"@type":"SearchAction","target":{"@type":"EntryPoint","urlTemplate":"https:\/\/turijnmagazijn.jumpstone-dev.nl\/?s={search_term_string}"},"query-input":{"@type":"PropertyValueSpecification","valueRequired":true,"valueName":"search_term_string"}}],"inLanguage":"de"},{"@type":"Organization","@id":"https:\/\/turijnmagazijn.jumpstone-dev.nl\/#organization","name":"Turijnmagazijn","url":"https:\/\/turijnmagazijn.jumpstone-dev.nl\/","logo":{"@type":"ImageObject","inLanguage":"de","@id":"https:\/\/turijnmagazijn.jumpstone-dev.nl\/#\/schema\/logo\/image\/","url":"https:\/\/turijnmagazijn.nl\/wp-content\/uploads\/2021\/02\/turijnmagazijnlogo.png","contentUrl":"https:\/\/turijnmagazijn.nl\/wp-content\/uploads\/2021\/02\/turijnmagazijnlogo.png","width":555,"height":270,"caption":"Turijnmagazijn"},"image":{"@id":"https:\/\/turijnmagazijn.jumpstone-dev.nl\/#\/schema\/logo\/image\/"},"sameAs":["https:\/\/www.facebook.com\/turijnmagazijn"]}]}},"_links":{"self":[{"href":"https:\/\/turijnmagazijn.nl\/de\/wp-json\/wp\/v2\/product\/66271","targetHints":{"allow":["GET"]}}],"collection":[{"href":"https:\/\/turijnmagazijn.nl\/de\/wp-json\/wp\/v2\/product"}],"about":[{"href":"https:\/\/turijnmagazijn.nl\/de\/wp-json\/wp\/v2\/types\/product"}],"replies":[{"embeddable":true,"href":"https:\/\/turijnmagazijn.nl\/de\/wp-json\/wp\/v2\/comments?post=66271"}],"wp:featuredmedia":[{"embeddable":true,"href":"https:\/\/turijnmagazijn.nl\/de\/wp-json\/wp\/v2\/media\/56493"}],"wp:attachment":[{"href":"https:\/\/turijnmagazijn.nl\/de\/wp-json\/wp\/v2\/media?parent=66271"}],"wp:term":[{"taxonomy":"product_brand","embeddable":true,"href":"https:\/\/turijnmagazijn.nl\/de\/wp-json\/wp\/v2\/product_brand?post=66271"},{"taxonomy":"product_cat","embeddable":true,"href":"https:\/\/turijnmagazijn.nl\/de\/wp-json\/wp\/v2\/product_cat?post=66271"},{"taxonomy":"product_tag","embeddable":true,"href":"https:\/\/turijnmagazijn.nl\/de\/wp-json\/wp\/v2\/product_tag?post=66271"}],"curies":[{"name":"wp","href":"https:\/\/api.w.org\/{rel}","templated":true}]}}