{"id":66698,"date":"2023-03-03T09:57:17","date_gmt":"2023-03-03T08:57:17","guid":{"rendered":"https:\/\/turijnmagazijn.nl\/product\/gummi-fuer-kuehlergrill-lancia-delta-integrale-reproduktion\/"},"modified":"2024-12-21T06:58:52","modified_gmt":"2024-12-21T05:58:52","slug":"gummi-fur-frontgrill-lancia-delta-integral-reproduktion","status":"publish","type":"product","link":"https:\/\/turijnmagazijn.nl\/de\/produkt\/gummi-fur-frontgrill-lancia-delta-integral-reproduktion\/","title":{"rendered":"Gummi f\u00fcr K\u00fchlergrill Lancia Delta Integrale -REPRODUKTION-"},"content":{"rendered":"<p><a style=\"background-color: #ffffff; color: #23527c; outline: 0px;\" href=\"https:\/\/turijnmagazijn.nl\/de\/postfachversand\/\" target=\"\" rel=\"noopener\"><img decoding=\"async\" src=\"https:\/\/www.delenkorf.nl\/image\/catalog\/brievenbus.png\"><\/a><\/p>\n<p>Neue Reproduktion aus wei\u00dfem, halbtransparentem TPU.<\/p>\n<p>Dieser Gummi befindet sich in den unteren Distanzhaltern des K\u00fchlergrills f\u00fcr Lancia Delta. Diese Konstruktion wurde in der sp\u00e4teren Gitterserie modifiziert und <span style=\"text-decoration: underline;\">gilt daher nur f\u00fcr die erste Gitterserie<\/span>, mit einer Aussparung f\u00fcr den K\u00fchlergrill in der Karosserie.<\/p>\n<p>2 St\u00fcck pro Auto ben\u00f6tigt.<\/p>\n<p>OEM LANCIA als Referenz 82412899<\/p>\n","protected":false},"excerpt":{"rendered":"<p>Gummi f\u00fcr den K\u00fchlergrill Lancia Delta Integrale -REPRODUCTION- &#8211; Neue Reproduktion aus wei\u00dfem, halbtransparentem TPU.<\/p>\n","protected":false},"featured_media":0,"comment_status":"closed","ping_status":"closed","template":"","meta":{"_acf_changed":false},"product_brand":[],"product_cat":[1811,1807,1817,1822,1826,1829,1797],"product_tag":[],"class_list":{"0":"post-66698","1":"product","2":"type-product","3":"status-publish","5":"product_cat-1-1-1-3-1-5-de","6":"product_cat-delta-1-831-de","7":"product_cat-gt-i-e-de","8":"product_cat-hf-4wd-de","9":"product_cat-hf-turbo-de","10":"product_cat-integrale-8v-de","11":"product_cat-lancia-de","12":"pa_soort-onderdeel-karosserie-und-blech","14":"first","15":"instock","16":"taxable","17":"shipping-taxable","18":"purchasable","19":"product-type-simple"},"acf":[],"yoast_head":"<!-- This site is optimized with the Yoast SEO plugin v27.2 - https:\/\/yoast.com\/product\/yoast-seo-wordpress\/ -->\n<title>Gummi f\u00fcr K\u00fchlergrill Lancia Delta Integrale -REPRODUKTION- Turijnmagazijn<\/title>\n<meta name=\"robots\" content=\"index, follow, max-snippet:-1, max-image-preview:large, max-video-preview:-1\" \/>\n<link rel=\"canonical\" href=\"https:\/\/turijnmagazijn.nl\/de\/produkt\/gummi-fur-frontgrill-lancia-delta-integral-reproduktion\/\" \/>\n<meta property=\"og:locale\" content=\"de_DE\" \/>\n<meta property=\"og:type\" content=\"article\" \/>\n<meta property=\"og:title\" content=\"Gummi f\u00fcr K\u00fchlergrill Lancia Delta Integrale -REPRODUKTION- Turijnmagazijn\" \/>\n<meta property=\"og:description\" content=\"Gummi f\u00fcr den K\u00fchlergrill Lancia Delta Integrale -REPRODUCTION- - Neue Reproduktion aus wei\u00dfem, halbtransparentem TPU.\" \/>\n<meta property=\"og:url\" content=\"https:\/\/turijnmagazijn.nl\/de\/produkt\/gummi-fur-frontgrill-lancia-delta-integral-reproduktion\/\" \/>\n<meta property=\"og:site_name\" content=\"Turijnmagazijn\" \/>\n<meta property=\"article:publisher\" content=\"https:\/\/www.facebook.com\/turijnmagazijn\" \/>\n<meta property=\"article:modified_time\" content=\"2024-12-21T05:58:52+00:00\" \/>\n<meta property=\"og:image\" content=\"https:\/\/turijnmagazijn.nl\/wp-content\/uploads\/2023\/03\/DN00100182-Rubber-voor-front-grille-Lancia-Delta-Integrale-REPRODUCTIE-1.jpeg\" \/>\n\t<meta property=\"og:image:width\" content=\"800\" \/>\n\t<meta property=\"og:image:height\" content=\"600\" \/>\n\t<meta property=\"og:image:type\" content=\"image\/jpeg\" \/>\n<meta name=\"twitter:card\" content=\"summary_large_image\" \/>\n<script type=\"application\/ld+json\" class=\"yoast-schema-graph\">{\"@context\":\"https:\/\/schema.org\",\"@graph\":[{\"@type\":\"WebPage\",\"@id\":\"https:\/\/turijnmagazijn.nl\/de\/produkt\/gummi-fur-frontgrill-lancia-delta-integral-reproduktion\/\",\"url\":\"https:\/\/turijnmagazijn.nl\/de\/produkt\/gummi-fur-frontgrill-lancia-delta-integral-reproduktion\/\",\"name\":\"Gummi f\u00fcr K\u00fchlergrill Lancia Delta Integrale -REPRODUKTION- Turijnmagazijn\",\"isPartOf\":{\"@id\":\"https:\/\/turijnmagazijn.jumpstone-dev.nl\/#website\"},\"primaryImageOfPage\":{\"@id\":\"https:\/\/turijnmagazijn.nl\/de\/produkt\/gummi-fur-frontgrill-lancia-delta-integral-reproduktion\/#primaryimage\"},\"image\":{\"@id\":\"https:\/\/turijnmagazijn.nl\/de\/produkt\/gummi-fur-frontgrill-lancia-delta-integral-reproduktion\/#primaryimage\"},\"thumbnailUrl\":\"https:\/\/www.delenkorf.nl\/image\/catalog\/brievenbus.png\",\"datePublished\":\"2023-03-03T08:57:17+00:00\",\"dateModified\":\"2024-12-21T05:58:52+00:00\",\"breadcrumb\":{\"@id\":\"https:\/\/turijnmagazijn.nl\/de\/produkt\/gummi-fur-frontgrill-lancia-delta-integral-reproduktion\/#breadcrumb\"},\"inLanguage\":\"de\",\"potentialAction\":[{\"@type\":\"ReadAction\",\"target\":[\"https:\/\/turijnmagazijn.nl\/de\/produkt\/gummi-fur-frontgrill-lancia-delta-integral-reproduktion\/\"]}]},{\"@type\":\"ImageObject\",\"inLanguage\":\"de\",\"@id\":\"https:\/\/turijnmagazijn.nl\/de\/produkt\/gummi-fur-frontgrill-lancia-delta-integral-reproduktion\/#primaryimage\",\"url\":\"https:\/\/www.delenkorf.nl\/image\/catalog\/brievenbus.png\",\"contentUrl\":\"https:\/\/www.delenkorf.nl\/image\/catalog\/brievenbus.png\"},{\"@type\":\"BreadcrumbList\",\"@id\":\"https:\/\/turijnmagazijn.nl\/de\/produkt\/gummi-fur-frontgrill-lancia-delta-integral-reproduktion\/#breadcrumb\",\"itemListElement\":[{\"@type\":\"ListItem\",\"position\":1,\"name\":\"Home\",\"item\":\"https:\/\/turijnmagazijn.nl\/de\/\"},{\"@type\":\"ListItem\",\"position\":2,\"name\":\"Produkte\",\"item\":\"https:\/\/turijnmagazijn.nl\/de\/shop\/\"},{\"@type\":\"ListItem\",\"position\":3,\"name\":\"Gummi f\u00fcr K\u00fchlergrill Lancia Delta Integrale -REPRODUKTION-\"}]},{\"@type\":\"WebSite\",\"@id\":\"https:\/\/turijnmagazijn.jumpstone-dev.nl\/#website\",\"url\":\"https:\/\/turijnmagazijn.jumpstone-dev.nl\/\",\"name\":\"Turijnmagazijn\",\"description\":\"Onderdelen nieuw en gebruikt - Fiat &amp; Lancia\",\"publisher\":{\"@id\":\"https:\/\/turijnmagazijn.jumpstone-dev.nl\/#organization\"},\"potentialAction\":[{\"@type\":\"SearchAction\",\"target\":{\"@type\":\"EntryPoint\",\"urlTemplate\":\"https:\/\/turijnmagazijn.jumpstone-dev.nl\/?s={search_term_string}\"},\"query-input\":{\"@type\":\"PropertyValueSpecification\",\"valueRequired\":true,\"valueName\":\"search_term_string\"}}],\"inLanguage\":\"de\"},{\"@type\":\"Organization\",\"@id\":\"https:\/\/turijnmagazijn.jumpstone-dev.nl\/#organization\",\"name\":\"Turijnmagazijn\",\"url\":\"https:\/\/turijnmagazijn.jumpstone-dev.nl\/\",\"logo\":{\"@type\":\"ImageObject\",\"inLanguage\":\"de\",\"@id\":\"https:\/\/turijnmagazijn.jumpstone-dev.nl\/#\/schema\/logo\/image\/\",\"url\":\"https:\/\/turijnmagazijn.nl\/wp-content\/uploads\/2021\/02\/turijnmagazijnlogo.png\",\"contentUrl\":\"https:\/\/turijnmagazijn.nl\/wp-content\/uploads\/2021\/02\/turijnmagazijnlogo.png\",\"width\":555,\"height\":270,\"caption\":\"Turijnmagazijn\"},\"image\":{\"@id\":\"https:\/\/turijnmagazijn.jumpstone-dev.nl\/#\/schema\/logo\/image\/\"},\"sameAs\":[\"https:\/\/www.facebook.com\/turijnmagazijn\"]}]}<\/script>\n<!-- \/ Yoast SEO plugin. -->","yoast_head_json":{"title":"Gummi f\u00fcr K\u00fchlergrill Lancia Delta Integrale -REPRODUKTION- Turijnmagazijn","robots":{"index":"index","follow":"follow","max-snippet":"max-snippet:-1","max-image-preview":"max-image-preview:large","max-video-preview":"max-video-preview:-1"},"canonical":"https:\/\/turijnmagazijn.nl\/de\/produkt\/gummi-fur-frontgrill-lancia-delta-integral-reproduktion\/","og_locale":"de_DE","og_type":"article","og_title":"Gummi f\u00fcr K\u00fchlergrill Lancia Delta Integrale -REPRODUKTION- Turijnmagazijn","og_description":"Gummi f\u00fcr den K\u00fchlergrill Lancia Delta Integrale -REPRODUCTION- - Neue Reproduktion aus wei\u00dfem, halbtransparentem TPU.","og_url":"https:\/\/turijnmagazijn.nl\/de\/produkt\/gummi-fur-frontgrill-lancia-delta-integral-reproduktion\/","og_site_name":"Turijnmagazijn","article_publisher":"https:\/\/www.facebook.com\/turijnmagazijn","article_modified_time":"2024-12-21T05:58:52+00:00","og_image":[{"width":800,"height":600,"url":"https:\/\/turijnmagazijn.nl\/wp-content\/uploads\/2023\/03\/DN00100182-Rubber-voor-front-grille-Lancia-Delta-Integrale-REPRODUCTIE-1.jpeg","type":"image\/jpeg"}],"twitter_card":"summary_large_image","schema":{"@context":"https:\/\/schema.org","@graph":[{"@type":"WebPage","@id":"https:\/\/turijnmagazijn.nl\/de\/produkt\/gummi-fur-frontgrill-lancia-delta-integral-reproduktion\/","url":"https:\/\/turijnmagazijn.nl\/de\/produkt\/gummi-fur-frontgrill-lancia-delta-integral-reproduktion\/","name":"Gummi f\u00fcr K\u00fchlergrill Lancia Delta Integrale -REPRODUKTION- Turijnmagazijn","isPartOf":{"@id":"https:\/\/turijnmagazijn.jumpstone-dev.nl\/#website"},"primaryImageOfPage":{"@id":"https:\/\/turijnmagazijn.nl\/de\/produkt\/gummi-fur-frontgrill-lancia-delta-integral-reproduktion\/#primaryimage"},"image":{"@id":"https:\/\/turijnmagazijn.nl\/de\/produkt\/gummi-fur-frontgrill-lancia-delta-integral-reproduktion\/#primaryimage"},"thumbnailUrl":"https:\/\/www.delenkorf.nl\/image\/catalog\/brievenbus.png","datePublished":"2023-03-03T08:57:17+00:00","dateModified":"2024-12-21T05:58:52+00:00","breadcrumb":{"@id":"https:\/\/turijnmagazijn.nl\/de\/produkt\/gummi-fur-frontgrill-lancia-delta-integral-reproduktion\/#breadcrumb"},"inLanguage":"de","potentialAction":[{"@type":"ReadAction","target":["https:\/\/turijnmagazijn.nl\/de\/produkt\/gummi-fur-frontgrill-lancia-delta-integral-reproduktion\/"]}]},{"@type":"ImageObject","inLanguage":"de","@id":"https:\/\/turijnmagazijn.nl\/de\/produkt\/gummi-fur-frontgrill-lancia-delta-integral-reproduktion\/#primaryimage","url":"https:\/\/www.delenkorf.nl\/image\/catalog\/brievenbus.png","contentUrl":"https:\/\/www.delenkorf.nl\/image\/catalog\/brievenbus.png"},{"@type":"BreadcrumbList","@id":"https:\/\/turijnmagazijn.nl\/de\/produkt\/gummi-fur-frontgrill-lancia-delta-integral-reproduktion\/#breadcrumb","itemListElement":[{"@type":"ListItem","position":1,"name":"Home","item":"https:\/\/turijnmagazijn.nl\/de\/"},{"@type":"ListItem","position":2,"name":"Produkte","item":"https:\/\/turijnmagazijn.nl\/de\/shop\/"},{"@type":"ListItem","position":3,"name":"Gummi f\u00fcr K\u00fchlergrill Lancia Delta Integrale -REPRODUKTION-"}]},{"@type":"WebSite","@id":"https:\/\/turijnmagazijn.jumpstone-dev.nl\/#website","url":"https:\/\/turijnmagazijn.jumpstone-dev.nl\/","name":"Turijnmagazijn","description":"Onderdelen nieuw en gebruikt - Fiat &amp; Lancia","publisher":{"@id":"https:\/\/turijnmagazijn.jumpstone-dev.nl\/#organization"},"potentialAction":[{"@type":"SearchAction","target":{"@type":"EntryPoint","urlTemplate":"https:\/\/turijnmagazijn.jumpstone-dev.nl\/?s={search_term_string}"},"query-input":{"@type":"PropertyValueSpecification","valueRequired":true,"valueName":"search_term_string"}}],"inLanguage":"de"},{"@type":"Organization","@id":"https:\/\/turijnmagazijn.jumpstone-dev.nl\/#organization","name":"Turijnmagazijn","url":"https:\/\/turijnmagazijn.jumpstone-dev.nl\/","logo":{"@type":"ImageObject","inLanguage":"de","@id":"https:\/\/turijnmagazijn.jumpstone-dev.nl\/#\/schema\/logo\/image\/","url":"https:\/\/turijnmagazijn.nl\/wp-content\/uploads\/2021\/02\/turijnmagazijnlogo.png","contentUrl":"https:\/\/turijnmagazijn.nl\/wp-content\/uploads\/2021\/02\/turijnmagazijnlogo.png","width":555,"height":270,"caption":"Turijnmagazijn"},"image":{"@id":"https:\/\/turijnmagazijn.jumpstone-dev.nl\/#\/schema\/logo\/image\/"},"sameAs":["https:\/\/www.facebook.com\/turijnmagazijn"]}]}},"_links":{"self":[{"href":"https:\/\/turijnmagazijn.nl\/de\/wp-json\/wp\/v2\/product\/66698","targetHints":{"allow":["GET"]}}],"collection":[{"href":"https:\/\/turijnmagazijn.nl\/de\/wp-json\/wp\/v2\/product"}],"about":[{"href":"https:\/\/turijnmagazijn.nl\/de\/wp-json\/wp\/v2\/types\/product"}],"replies":[{"embeddable":true,"href":"https:\/\/turijnmagazijn.nl\/de\/wp-json\/wp\/v2\/comments?post=66698"}],"wp:attachment":[{"href":"https:\/\/turijnmagazijn.nl\/de\/wp-json\/wp\/v2\/media?parent=66698"}],"wp:term":[{"taxonomy":"product_brand","embeddable":true,"href":"https:\/\/turijnmagazijn.nl\/de\/wp-json\/wp\/v2\/product_brand?post=66698"},{"taxonomy":"product_cat","embeddable":true,"href":"https:\/\/turijnmagazijn.nl\/de\/wp-json\/wp\/v2\/product_cat?post=66698"},{"taxonomy":"product_tag","embeddable":true,"href":"https:\/\/turijnmagazijn.nl\/de\/wp-json\/wp\/v2\/product_tag?post=66698"}],"curies":[{"name":"wp","href":"https:\/\/api.w.org\/{rel}","templated":true}]}}