{"id":66702,"date":"2023-03-03T08:56:49","date_gmt":"2023-03-03T07:56:49","guid":{"rendered":"https:\/\/turijnmagazijn.nl\/product\/clip-fuer-hutablage-fiat-stilo-grande-punto-rechts\/"},"modified":"2023-07-31T16:38:09","modified_gmt":"2023-07-31T14:38:09","slug":"clip-for-hat-regal-fiat-stilo-grande-punto-right","status":"publish","type":"product","link":"https:\/\/turijnmagazijn.nl\/de\/produkt\/clip-for-hat-regal-fiat-stilo-grande-punto-right\/","title":{"rendered":"Clip f\u00fcr Hutablage Fiat Stilo + Grande Punto Rechts"},"content":{"rendered":"<p>1 neuer Imitat-Clip zur Befestigung der Hutablage f\u00fcr Fiat Stilo und Fiat Punto EVO und Grande Punto. Diese Clips brechen oft und sorgen dann daf\u00fcr, dass sich die Hutablage beim \u00d6ffnen der Heckklappe nicht mehr sauber nach oben bewegt.<\/p>\n<p>Sie sind sehr einfach selbst zu ersetzen.<\/p>\n<p>Achten Sie genau auf den Unterschied zwischen links und rechts, es gibt zwei verschiedene Versionen.<\/p>\n<p>Dies ist eine Richterkopie.<\/p>\n<p><span style=\"font-weight: bold;\">Direkt ab Lager in den Niederlanden verf\u00fcgbar, in wenigen Tagen geliefert.<\/span><\/p>\n<p>&nbsp;<\/p>\n<p>OEM Fiat 71719952 (Nummer als Referenz, ist ein Nachahmungsteil nach den gleichen Spezifikationen, sind 1 zu 1 austauschbar)<\/p>\n","protected":false},"excerpt":{"rendered":"<p>71719952 Clip f\u00fcr Hutablage Fiat Stilo + Grande Punto Rechts &#8211; 1 neuer Clip zur Befestigung der Hutablage f\u00fcr Fiat Stilo und Fiat Punto EVO und Grande Punto.<\/p>\n","protected":false},"featured_media":53909,"comment_status":"closed","ping_status":"closed","template":"","meta":{"_acf_changed":false},"product_brand":[],"product_cat":[1584,1642,1689,1729,1762],"product_tag":[],"class_list":{"0":"post-66702","1":"product","2":"type-product","3":"status-publish","4":"has-post-thumbnail","6":"product_cat-alfa-romeo-de","7":"product_cat-brera-939-de","8":"product_cat-fiat-de","9":"product_cat-grande-punto-199-de","10":"product_cat-stilo-192-de","11":"pa_soort-onderdeel-karosserie-und-blech","13":"first","14":"instock","15":"taxable","16":"shipping-taxable","17":"purchasable","18":"product-type-simple"},"acf":[],"yoast_head":"<!-- This site is optimized with the Yoast SEO plugin v27.3 - https:\/\/yoast.com\/product\/yoast-seo-wordpress\/ -->\n<title>Clip f\u00fcr Hutablage Fiat Stilo + Grande Punto Rechts - Turijnmagazijn<\/title>\n<meta name=\"robots\" content=\"index, follow, max-snippet:-1, max-image-preview:large, max-video-preview:-1\" \/>\n<link rel=\"canonical\" href=\"https:\/\/turijnmagazijn.nl\/de\/produkt\/clip-for-hat-regal-fiat-stilo-grande-punto-right\/\" \/>\n<meta property=\"og:locale\" content=\"de_DE\" \/>\n<meta property=\"og:type\" content=\"article\" \/>\n<meta property=\"og:title\" content=\"Clip f\u00fcr Hutablage Fiat Stilo + Grande Punto Rechts - Turijnmagazijn\" \/>\n<meta property=\"og:description\" content=\"71719952 Clip f\u00fcr Hutablage Fiat Stilo + Grande Punto Rechts - 1 neuer Clip zur Befestigung der Hutablage f\u00fcr Fiat Stilo und Fiat Punto EVO und Grande Punto.\" \/>\n<meta property=\"og:url\" content=\"https:\/\/turijnmagazijn.nl\/de\/produkt\/clip-for-hat-regal-fiat-stilo-grande-punto-right\/\" \/>\n<meta property=\"og:site_name\" content=\"Turijnmagazijn\" \/>\n<meta property=\"article:publisher\" content=\"https:\/\/www.facebook.com\/turijnmagazijn\" \/>\n<meta property=\"article:modified_time\" content=\"2023-07-31T14:38:09+00:00\" \/>\n<meta property=\"og:image\" content=\"https:\/\/turijnmagazijn.nl\/wp-content\/uploads\/2023\/03\/DN00100179-Clip-voor-hoedenplank-Fiat-Stilo-Grande-Punto-Rechts-3.jpg\" \/>\n\t<meta property=\"og:image:width\" content=\"1024\" \/>\n\t<meta property=\"og:image:height\" content=\"768\" \/>\n\t<meta property=\"og:image:type\" content=\"image\/jpeg\" \/>\n<meta name=\"twitter:card\" content=\"summary_large_image\" \/>\n<script type=\"application\/ld+json\" class=\"yoast-schema-graph\">{\"@context\":\"https:\\\/\\\/schema.org\",\"@graph\":[{\"@type\":\"WebPage\",\"@id\":\"https:\\\/\\\/turijnmagazijn.nl\\\/de\\\/produkt\\\/clip-for-hat-regal-fiat-stilo-grande-punto-right\\\/\",\"url\":\"https:\\\/\\\/turijnmagazijn.nl\\\/de\\\/produkt\\\/clip-for-hat-regal-fiat-stilo-grande-punto-right\\\/\",\"name\":\"Clip f\u00fcr Hutablage Fiat Stilo + Grande Punto Rechts - Turijnmagazijn\",\"isPartOf\":{\"@id\":\"https:\\\/\\\/turijnmagazijn.jumpstone-dev.nl\\\/#website\"},\"primaryImageOfPage\":{\"@id\":\"https:\\\/\\\/turijnmagazijn.nl\\\/de\\\/produkt\\\/clip-for-hat-regal-fiat-stilo-grande-punto-right\\\/#primaryimage\"},\"image\":{\"@id\":\"https:\\\/\\\/turijnmagazijn.nl\\\/de\\\/produkt\\\/clip-for-hat-regal-fiat-stilo-grande-punto-right\\\/#primaryimage\"},\"thumbnailUrl\":\"https:\\\/\\\/turijnmagazijn.nl\\\/wp-content\\\/uploads\\\/2023\\\/03\\\/DN00100179-Clip-voor-hoedenplank-Fiat-Stilo-Grande-Punto-Rechts-3.jpg\",\"datePublished\":\"2023-03-03T07:56:49+00:00\",\"dateModified\":\"2023-07-31T14:38:09+00:00\",\"breadcrumb\":{\"@id\":\"https:\\\/\\\/turijnmagazijn.nl\\\/de\\\/produkt\\\/clip-for-hat-regal-fiat-stilo-grande-punto-right\\\/#breadcrumb\"},\"inLanguage\":\"de\",\"potentialAction\":[{\"@type\":\"ReadAction\",\"target\":[\"https:\\\/\\\/turijnmagazijn.nl\\\/de\\\/produkt\\\/clip-for-hat-regal-fiat-stilo-grande-punto-right\\\/\"]}]},{\"@type\":\"ImageObject\",\"inLanguage\":\"de\",\"@id\":\"https:\\\/\\\/turijnmagazijn.nl\\\/de\\\/produkt\\\/clip-for-hat-regal-fiat-stilo-grande-punto-right\\\/#primaryimage\",\"url\":\"https:\\\/\\\/turijnmagazijn.nl\\\/wp-content\\\/uploads\\\/2023\\\/03\\\/DN00100179-Clip-voor-hoedenplank-Fiat-Stilo-Grande-Punto-Rechts-3.jpg\",\"contentUrl\":\"https:\\\/\\\/turijnmagazijn.nl\\\/wp-content\\\/uploads\\\/2023\\\/03\\\/DN00100179-Clip-voor-hoedenplank-Fiat-Stilo-Grande-Punto-Rechts-3.jpg\",\"width\":1024,\"height\":768},{\"@type\":\"BreadcrumbList\",\"@id\":\"https:\\\/\\\/turijnmagazijn.nl\\\/de\\\/produkt\\\/clip-for-hat-regal-fiat-stilo-grande-punto-right\\\/#breadcrumb\",\"itemListElement\":[{\"@type\":\"ListItem\",\"position\":1,\"name\":\"Home\",\"item\":\"https:\\\/\\\/turijnmagazijn.nl\\\/de\\\/\"},{\"@type\":\"ListItem\",\"position\":2,\"name\":\"Produkte\",\"item\":\"https:\\\/\\\/turijnmagazijn.nl\\\/de\\\/shop\\\/\"},{\"@type\":\"ListItem\",\"position\":3,\"name\":\"Clip f\u00fcr Hutablage Fiat Stilo + Grande Punto Rechts\"}]},{\"@type\":\"WebSite\",\"@id\":\"https:\\\/\\\/turijnmagazijn.jumpstone-dev.nl\\\/#website\",\"url\":\"https:\\\/\\\/turijnmagazijn.jumpstone-dev.nl\\\/\",\"name\":\"Turijnmagazijn\",\"description\":\"Onderdelen nieuw en gebruikt - Fiat &amp; Lancia\",\"publisher\":{\"@id\":\"https:\\\/\\\/turijnmagazijn.jumpstone-dev.nl\\\/#organization\"},\"potentialAction\":[{\"@type\":\"SearchAction\",\"target\":{\"@type\":\"EntryPoint\",\"urlTemplate\":\"https:\\\/\\\/turijnmagazijn.jumpstone-dev.nl\\\/?s={search_term_string}\"},\"query-input\":{\"@type\":\"PropertyValueSpecification\",\"valueRequired\":true,\"valueName\":\"search_term_string\"}}],\"inLanguage\":\"de\"},{\"@type\":\"Organization\",\"@id\":\"https:\\\/\\\/turijnmagazijn.jumpstone-dev.nl\\\/#organization\",\"name\":\"Turijnmagazijn\",\"url\":\"https:\\\/\\\/turijnmagazijn.jumpstone-dev.nl\\\/\",\"logo\":{\"@type\":\"ImageObject\",\"inLanguage\":\"de\",\"@id\":\"https:\\\/\\\/turijnmagazijn.jumpstone-dev.nl\\\/#\\\/schema\\\/logo\\\/image\\\/\",\"url\":\"https:\\\/\\\/turijnmagazijn.nl\\\/wp-content\\\/uploads\\\/2021\\\/02\\\/turijnmagazijnlogo.png\",\"contentUrl\":\"https:\\\/\\\/turijnmagazijn.nl\\\/wp-content\\\/uploads\\\/2021\\\/02\\\/turijnmagazijnlogo.png\",\"width\":555,\"height\":270,\"caption\":\"Turijnmagazijn\"},\"image\":{\"@id\":\"https:\\\/\\\/turijnmagazijn.jumpstone-dev.nl\\\/#\\\/schema\\\/logo\\\/image\\\/\"},\"sameAs\":[\"https:\\\/\\\/www.facebook.com\\\/turijnmagazijn\"]}]}<\/script>\n<!-- \/ Yoast SEO plugin. -->","yoast_head_json":{"title":"Clip f\u00fcr Hutablage Fiat Stilo + Grande Punto Rechts - Turijnmagazijn","robots":{"index":"index","follow":"follow","max-snippet":"max-snippet:-1","max-image-preview":"max-image-preview:large","max-video-preview":"max-video-preview:-1"},"canonical":"https:\/\/turijnmagazijn.nl\/de\/produkt\/clip-for-hat-regal-fiat-stilo-grande-punto-right\/","og_locale":"de_DE","og_type":"article","og_title":"Clip f\u00fcr Hutablage Fiat Stilo + Grande Punto Rechts - Turijnmagazijn","og_description":"71719952 Clip f\u00fcr Hutablage Fiat Stilo + Grande Punto Rechts - 1 neuer Clip zur Befestigung der Hutablage f\u00fcr Fiat Stilo und Fiat Punto EVO und Grande Punto.","og_url":"https:\/\/turijnmagazijn.nl\/de\/produkt\/clip-for-hat-regal-fiat-stilo-grande-punto-right\/","og_site_name":"Turijnmagazijn","article_publisher":"https:\/\/www.facebook.com\/turijnmagazijn","article_modified_time":"2023-07-31T14:38:09+00:00","og_image":[{"width":1024,"height":768,"url":"https:\/\/turijnmagazijn.nl\/wp-content\/uploads\/2023\/03\/DN00100179-Clip-voor-hoedenplank-Fiat-Stilo-Grande-Punto-Rechts-3.jpg","type":"image\/jpeg"}],"twitter_card":"summary_large_image","schema":{"@context":"https:\/\/schema.org","@graph":[{"@type":"WebPage","@id":"https:\/\/turijnmagazijn.nl\/de\/produkt\/clip-for-hat-regal-fiat-stilo-grande-punto-right\/","url":"https:\/\/turijnmagazijn.nl\/de\/produkt\/clip-for-hat-regal-fiat-stilo-grande-punto-right\/","name":"Clip f\u00fcr Hutablage Fiat Stilo + Grande Punto Rechts - Turijnmagazijn","isPartOf":{"@id":"https:\/\/turijnmagazijn.jumpstone-dev.nl\/#website"},"primaryImageOfPage":{"@id":"https:\/\/turijnmagazijn.nl\/de\/produkt\/clip-for-hat-regal-fiat-stilo-grande-punto-right\/#primaryimage"},"image":{"@id":"https:\/\/turijnmagazijn.nl\/de\/produkt\/clip-for-hat-regal-fiat-stilo-grande-punto-right\/#primaryimage"},"thumbnailUrl":"https:\/\/turijnmagazijn.nl\/wp-content\/uploads\/2023\/03\/DN00100179-Clip-voor-hoedenplank-Fiat-Stilo-Grande-Punto-Rechts-3.jpg","datePublished":"2023-03-03T07:56:49+00:00","dateModified":"2023-07-31T14:38:09+00:00","breadcrumb":{"@id":"https:\/\/turijnmagazijn.nl\/de\/produkt\/clip-for-hat-regal-fiat-stilo-grande-punto-right\/#breadcrumb"},"inLanguage":"de","potentialAction":[{"@type":"ReadAction","target":["https:\/\/turijnmagazijn.nl\/de\/produkt\/clip-for-hat-regal-fiat-stilo-grande-punto-right\/"]}]},{"@type":"ImageObject","inLanguage":"de","@id":"https:\/\/turijnmagazijn.nl\/de\/produkt\/clip-for-hat-regal-fiat-stilo-grande-punto-right\/#primaryimage","url":"https:\/\/turijnmagazijn.nl\/wp-content\/uploads\/2023\/03\/DN00100179-Clip-voor-hoedenplank-Fiat-Stilo-Grande-Punto-Rechts-3.jpg","contentUrl":"https:\/\/turijnmagazijn.nl\/wp-content\/uploads\/2023\/03\/DN00100179-Clip-voor-hoedenplank-Fiat-Stilo-Grande-Punto-Rechts-3.jpg","width":1024,"height":768},{"@type":"BreadcrumbList","@id":"https:\/\/turijnmagazijn.nl\/de\/produkt\/clip-for-hat-regal-fiat-stilo-grande-punto-right\/#breadcrumb","itemListElement":[{"@type":"ListItem","position":1,"name":"Home","item":"https:\/\/turijnmagazijn.nl\/de\/"},{"@type":"ListItem","position":2,"name":"Produkte","item":"https:\/\/turijnmagazijn.nl\/de\/shop\/"},{"@type":"ListItem","position":3,"name":"Clip f\u00fcr Hutablage Fiat Stilo + Grande Punto Rechts"}]},{"@type":"WebSite","@id":"https:\/\/turijnmagazijn.jumpstone-dev.nl\/#website","url":"https:\/\/turijnmagazijn.jumpstone-dev.nl\/","name":"Turijnmagazijn","description":"Onderdelen nieuw en gebruikt - Fiat &amp; Lancia","publisher":{"@id":"https:\/\/turijnmagazijn.jumpstone-dev.nl\/#organization"},"potentialAction":[{"@type":"SearchAction","target":{"@type":"EntryPoint","urlTemplate":"https:\/\/turijnmagazijn.jumpstone-dev.nl\/?s={search_term_string}"},"query-input":{"@type":"PropertyValueSpecification","valueRequired":true,"valueName":"search_term_string"}}],"inLanguage":"de"},{"@type":"Organization","@id":"https:\/\/turijnmagazijn.jumpstone-dev.nl\/#organization","name":"Turijnmagazijn","url":"https:\/\/turijnmagazijn.jumpstone-dev.nl\/","logo":{"@type":"ImageObject","inLanguage":"de","@id":"https:\/\/turijnmagazijn.jumpstone-dev.nl\/#\/schema\/logo\/image\/","url":"https:\/\/turijnmagazijn.nl\/wp-content\/uploads\/2021\/02\/turijnmagazijnlogo.png","contentUrl":"https:\/\/turijnmagazijn.nl\/wp-content\/uploads\/2021\/02\/turijnmagazijnlogo.png","width":555,"height":270,"caption":"Turijnmagazijn"},"image":{"@id":"https:\/\/turijnmagazijn.jumpstone-dev.nl\/#\/schema\/logo\/image\/"},"sameAs":["https:\/\/www.facebook.com\/turijnmagazijn"]}]}},"_links":{"self":[{"href":"https:\/\/turijnmagazijn.nl\/de\/wp-json\/wp\/v2\/product\/66702","targetHints":{"allow":["GET"]}}],"collection":[{"href":"https:\/\/turijnmagazijn.nl\/de\/wp-json\/wp\/v2\/product"}],"about":[{"href":"https:\/\/turijnmagazijn.nl\/de\/wp-json\/wp\/v2\/types\/product"}],"replies":[{"embeddable":true,"href":"https:\/\/turijnmagazijn.nl\/de\/wp-json\/wp\/v2\/comments?post=66702"}],"wp:featuredmedia":[{"embeddable":true,"href":"https:\/\/turijnmagazijn.nl\/de\/wp-json\/wp\/v2\/media\/53909"}],"wp:attachment":[{"href":"https:\/\/turijnmagazijn.nl\/de\/wp-json\/wp\/v2\/media?parent=66702"}],"wp:term":[{"taxonomy":"product_brand","embeddable":true,"href":"https:\/\/turijnmagazijn.nl\/de\/wp-json\/wp\/v2\/product_brand?post=66702"},{"taxonomy":"product_cat","embeddable":true,"href":"https:\/\/turijnmagazijn.nl\/de\/wp-json\/wp\/v2\/product_cat?post=66702"},{"taxonomy":"product_tag","embeddable":true,"href":"https:\/\/turijnmagazijn.nl\/de\/wp-json\/wp\/v2\/product_tag?post=66702"}],"curies":[{"name":"wp","href":"https:\/\/api.w.org\/{rel}","templated":true}]}}