{"id":66712,"date":"2023-03-03T08:57:42","date_gmt":"2023-03-03T07:57:42","guid":{"rendered":"https:\/\/turijnmagazijn.nl\/product\/hupe-knopf-lancia-delta-integrale-nachahmung\/"},"modified":"2024-03-02T19:08:37","modified_gmt":"2024-03-02T18:08:37","slug":"hupe-knopf-lancia-delta-integral-imitation","status":"publish","type":"product","link":"https:\/\/turijnmagazijn.nl\/de\/produkt\/hupe-knopf-lancia-delta-integral-imitation\/","title":{"rendered":"Hupe Knopf Lancia Delta Integrale -Nachahmung-"},"content":{"rendered":"<p>Neuer Hupenimitat-Knopf f\u00fcr die Montage im Lenkrad des Lancia Delta integral.<\/p>\n<p>Es sind mehrere Lenkr\u00e4der im Umlauf, die Aussparung f\u00fcr den Hupenknopf ist im Allgemeinen gleich und auch f\u00fcr viele Aftermarket-Lenkr\u00e4der gleich.<\/p>\n<p>Dieser Hupenknopf hat ein Lancia-Logo in Schwarz und Wei\u00df.<\/p>\n<p>Die alte Hupe kann einfach herausgenommen werden, also einfach den Stecker wechseln und fertig!<\/p>\n<p>&nbsp;<\/p>\n<p><span style=\"font-weight: bold;\">TIP<\/span>: Dieses Produkt ist sehr sch\u00f6n mit dem Aluminium-Hornring zu kombinieren, das Produkt kann \u00fcber diesen Link gefunden werden: <a href=\"http:\/\/www.delenkorf.nl\/index.php?route=product\/product&amp;product_id=2776\" target=\"_blank\" rel=\"noopener\">Hornring<\/a><\/p>\n<p>&nbsp;<\/p>\n<p>OEM als Referenz 7777386<\/p>\n<p>OEM als Referenz 82407817<\/p>\n<p>&nbsp;<\/p>\n","protected":false},"excerpt":{"rendered":"<p>Hupenknopf Lancia Delta Integrale -Imitation- &#8211; Neuer Hupenimitat-Knopf f\u00fcr den Einbau in das Lenkrad des Lancia Delta integral.<\/p>\n","protected":false},"featured_media":54001,"comment_status":"closed","ping_status":"closed","template":"","meta":{"_acf_changed":false},"product_brand":[],"product_cat":[1807,1817,1822,1826,1834,1829,1797],"product_tag":[],"class_list":{"0":"post-66712","1":"product","2":"type-product","3":"status-publish","4":"has-post-thumbnail","6":"product_cat-delta-1-831-de","7":"product_cat-gt-i-e-de","8":"product_cat-hf-4wd-de","9":"product_cat-hf-turbo-de","10":"product_cat-integrale-16v-de","11":"product_cat-integrale-8v-de","12":"product_cat-lancia-de","13":"pa_soort-onderdeel-interieur-und-polsterung","15":"first","16":"instock","17":"taxable","18":"shipping-taxable","19":"purchasable","20":"product-type-simple"},"acf":[],"yoast_head":"<!-- This site is optimized with the Yoast SEO plugin v27.2 - https:\/\/yoast.com\/product\/yoast-seo-wordpress\/ -->\n<title>Hupe Knopf Lancia Delta Integrale -Nachahmung- Turijnmagazijn<\/title>\n<meta name=\"robots\" content=\"index, follow, max-snippet:-1, max-image-preview:large, max-video-preview:-1\" \/>\n<link rel=\"canonical\" href=\"https:\/\/turijnmagazijn.nl\/de\/produkt\/hupe-knopf-lancia-delta-integral-imitation\/\" \/>\n<meta property=\"og:locale\" content=\"de_DE\" \/>\n<meta property=\"og:type\" content=\"article\" \/>\n<meta property=\"og:title\" content=\"Hupe Knopf Lancia Delta Integrale -Nachahmung- Turijnmagazijn\" \/>\n<meta property=\"og:description\" content=\"Hupenknopf Lancia Delta Integrale -Imitation- - Neuer Hupenimitat-Knopf f\u00fcr den Einbau in das Lenkrad des Lancia Delta integral.\" \/>\n<meta property=\"og:url\" content=\"https:\/\/turijnmagazijn.nl\/de\/produkt\/hupe-knopf-lancia-delta-integral-imitation\/\" \/>\n<meta property=\"og:site_name\" content=\"Turijnmagazijn\" \/>\n<meta property=\"article:publisher\" content=\"https:\/\/www.facebook.com\/turijnmagazijn\" \/>\n<meta property=\"article:modified_time\" content=\"2024-03-02T18:08:37+00:00\" \/>\n<meta property=\"og:image\" content=\"https:\/\/turijnmagazijn.nl\/wp-content\/uploads\/2023\/03\/DN00100184-Claxon-knop-Lancia-Delta-Integrale-imitatie-3.jpg\" \/>\n\t<meta property=\"og:image:width\" content=\"634\" \/>\n\t<meta property=\"og:image:height\" content=\"477\" \/>\n\t<meta property=\"og:image:type\" content=\"image\/jpeg\" \/>\n<meta name=\"twitter:card\" content=\"summary_large_image\" \/>\n<script type=\"application\/ld+json\" class=\"yoast-schema-graph\">{\"@context\":\"https:\/\/schema.org\",\"@graph\":[{\"@type\":\"WebPage\",\"@id\":\"https:\/\/turijnmagazijn.nl\/de\/produkt\/hupe-knopf-lancia-delta-integral-imitation\/\",\"url\":\"https:\/\/turijnmagazijn.nl\/de\/produkt\/hupe-knopf-lancia-delta-integral-imitation\/\",\"name\":\"Hupe Knopf Lancia Delta Integrale -Nachahmung- Turijnmagazijn\",\"isPartOf\":{\"@id\":\"https:\/\/turijnmagazijn.jumpstone-dev.nl\/#website\"},\"primaryImageOfPage\":{\"@id\":\"https:\/\/turijnmagazijn.nl\/de\/produkt\/hupe-knopf-lancia-delta-integral-imitation\/#primaryimage\"},\"image\":{\"@id\":\"https:\/\/turijnmagazijn.nl\/de\/produkt\/hupe-knopf-lancia-delta-integral-imitation\/#primaryimage\"},\"thumbnailUrl\":\"https:\/\/turijnmagazijn.nl\/wp-content\/uploads\/2023\/03\/DN00100184-Claxon-knop-Lancia-Delta-Integrale-imitatie-3.jpg\",\"datePublished\":\"2023-03-03T07:57:42+00:00\",\"dateModified\":\"2024-03-02T18:08:37+00:00\",\"breadcrumb\":{\"@id\":\"https:\/\/turijnmagazijn.nl\/de\/produkt\/hupe-knopf-lancia-delta-integral-imitation\/#breadcrumb\"},\"inLanguage\":\"de\",\"potentialAction\":[{\"@type\":\"ReadAction\",\"target\":[\"https:\/\/turijnmagazijn.nl\/de\/produkt\/hupe-knopf-lancia-delta-integral-imitation\/\"]}]},{\"@type\":\"ImageObject\",\"inLanguage\":\"de\",\"@id\":\"https:\/\/turijnmagazijn.nl\/de\/produkt\/hupe-knopf-lancia-delta-integral-imitation\/#primaryimage\",\"url\":\"https:\/\/turijnmagazijn.nl\/wp-content\/uploads\/2023\/03\/DN00100184-Claxon-knop-Lancia-Delta-Integrale-imitatie-3.jpg\",\"contentUrl\":\"https:\/\/turijnmagazijn.nl\/wp-content\/uploads\/2023\/03\/DN00100184-Claxon-knop-Lancia-Delta-Integrale-imitatie-3.jpg\",\"width\":634,\"height\":477},{\"@type\":\"BreadcrumbList\",\"@id\":\"https:\/\/turijnmagazijn.nl\/de\/produkt\/hupe-knopf-lancia-delta-integral-imitation\/#breadcrumb\",\"itemListElement\":[{\"@type\":\"ListItem\",\"position\":1,\"name\":\"Home\",\"item\":\"https:\/\/turijnmagazijn.nl\/de\/\"},{\"@type\":\"ListItem\",\"position\":2,\"name\":\"Produkte\",\"item\":\"https:\/\/turijnmagazijn.nl\/de\/shop\/\"},{\"@type\":\"ListItem\",\"position\":3,\"name\":\"Hupe Knopf Lancia Delta Integrale -Nachahmung-\"}]},{\"@type\":\"WebSite\",\"@id\":\"https:\/\/turijnmagazijn.jumpstone-dev.nl\/#website\",\"url\":\"https:\/\/turijnmagazijn.jumpstone-dev.nl\/\",\"name\":\"Turijnmagazijn\",\"description\":\"Onderdelen nieuw en gebruikt - Fiat &amp; Lancia\",\"publisher\":{\"@id\":\"https:\/\/turijnmagazijn.jumpstone-dev.nl\/#organization\"},\"potentialAction\":[{\"@type\":\"SearchAction\",\"target\":{\"@type\":\"EntryPoint\",\"urlTemplate\":\"https:\/\/turijnmagazijn.jumpstone-dev.nl\/?s={search_term_string}\"},\"query-input\":{\"@type\":\"PropertyValueSpecification\",\"valueRequired\":true,\"valueName\":\"search_term_string\"}}],\"inLanguage\":\"de\"},{\"@type\":\"Organization\",\"@id\":\"https:\/\/turijnmagazijn.jumpstone-dev.nl\/#organization\",\"name\":\"Turijnmagazijn\",\"url\":\"https:\/\/turijnmagazijn.jumpstone-dev.nl\/\",\"logo\":{\"@type\":\"ImageObject\",\"inLanguage\":\"de\",\"@id\":\"https:\/\/turijnmagazijn.jumpstone-dev.nl\/#\/schema\/logo\/image\/\",\"url\":\"https:\/\/turijnmagazijn.nl\/wp-content\/uploads\/2021\/02\/turijnmagazijnlogo.png\",\"contentUrl\":\"https:\/\/turijnmagazijn.nl\/wp-content\/uploads\/2021\/02\/turijnmagazijnlogo.png\",\"width\":555,\"height\":270,\"caption\":\"Turijnmagazijn\"},\"image\":{\"@id\":\"https:\/\/turijnmagazijn.jumpstone-dev.nl\/#\/schema\/logo\/image\/\"},\"sameAs\":[\"https:\/\/www.facebook.com\/turijnmagazijn\"]}]}<\/script>\n<!-- \/ Yoast SEO plugin. -->","yoast_head_json":{"title":"Hupe Knopf Lancia Delta Integrale -Nachahmung- Turijnmagazijn","robots":{"index":"index","follow":"follow","max-snippet":"max-snippet:-1","max-image-preview":"max-image-preview:large","max-video-preview":"max-video-preview:-1"},"canonical":"https:\/\/turijnmagazijn.nl\/de\/produkt\/hupe-knopf-lancia-delta-integral-imitation\/","og_locale":"de_DE","og_type":"article","og_title":"Hupe Knopf Lancia Delta Integrale -Nachahmung- Turijnmagazijn","og_description":"Hupenknopf Lancia Delta Integrale -Imitation- - Neuer Hupenimitat-Knopf f\u00fcr den Einbau in das Lenkrad des Lancia Delta integral.","og_url":"https:\/\/turijnmagazijn.nl\/de\/produkt\/hupe-knopf-lancia-delta-integral-imitation\/","og_site_name":"Turijnmagazijn","article_publisher":"https:\/\/www.facebook.com\/turijnmagazijn","article_modified_time":"2024-03-02T18:08:37+00:00","og_image":[{"width":634,"height":477,"url":"https:\/\/turijnmagazijn.nl\/wp-content\/uploads\/2023\/03\/DN00100184-Claxon-knop-Lancia-Delta-Integrale-imitatie-3.jpg","type":"image\/jpeg"}],"twitter_card":"summary_large_image","schema":{"@context":"https:\/\/schema.org","@graph":[{"@type":"WebPage","@id":"https:\/\/turijnmagazijn.nl\/de\/produkt\/hupe-knopf-lancia-delta-integral-imitation\/","url":"https:\/\/turijnmagazijn.nl\/de\/produkt\/hupe-knopf-lancia-delta-integral-imitation\/","name":"Hupe Knopf Lancia Delta Integrale -Nachahmung- Turijnmagazijn","isPartOf":{"@id":"https:\/\/turijnmagazijn.jumpstone-dev.nl\/#website"},"primaryImageOfPage":{"@id":"https:\/\/turijnmagazijn.nl\/de\/produkt\/hupe-knopf-lancia-delta-integral-imitation\/#primaryimage"},"image":{"@id":"https:\/\/turijnmagazijn.nl\/de\/produkt\/hupe-knopf-lancia-delta-integral-imitation\/#primaryimage"},"thumbnailUrl":"https:\/\/turijnmagazijn.nl\/wp-content\/uploads\/2023\/03\/DN00100184-Claxon-knop-Lancia-Delta-Integrale-imitatie-3.jpg","datePublished":"2023-03-03T07:57:42+00:00","dateModified":"2024-03-02T18:08:37+00:00","breadcrumb":{"@id":"https:\/\/turijnmagazijn.nl\/de\/produkt\/hupe-knopf-lancia-delta-integral-imitation\/#breadcrumb"},"inLanguage":"de","potentialAction":[{"@type":"ReadAction","target":["https:\/\/turijnmagazijn.nl\/de\/produkt\/hupe-knopf-lancia-delta-integral-imitation\/"]}]},{"@type":"ImageObject","inLanguage":"de","@id":"https:\/\/turijnmagazijn.nl\/de\/produkt\/hupe-knopf-lancia-delta-integral-imitation\/#primaryimage","url":"https:\/\/turijnmagazijn.nl\/wp-content\/uploads\/2023\/03\/DN00100184-Claxon-knop-Lancia-Delta-Integrale-imitatie-3.jpg","contentUrl":"https:\/\/turijnmagazijn.nl\/wp-content\/uploads\/2023\/03\/DN00100184-Claxon-knop-Lancia-Delta-Integrale-imitatie-3.jpg","width":634,"height":477},{"@type":"BreadcrumbList","@id":"https:\/\/turijnmagazijn.nl\/de\/produkt\/hupe-knopf-lancia-delta-integral-imitation\/#breadcrumb","itemListElement":[{"@type":"ListItem","position":1,"name":"Home","item":"https:\/\/turijnmagazijn.nl\/de\/"},{"@type":"ListItem","position":2,"name":"Produkte","item":"https:\/\/turijnmagazijn.nl\/de\/shop\/"},{"@type":"ListItem","position":3,"name":"Hupe Knopf Lancia Delta Integrale -Nachahmung-"}]},{"@type":"WebSite","@id":"https:\/\/turijnmagazijn.jumpstone-dev.nl\/#website","url":"https:\/\/turijnmagazijn.jumpstone-dev.nl\/","name":"Turijnmagazijn","description":"Onderdelen nieuw en gebruikt - Fiat &amp; Lancia","publisher":{"@id":"https:\/\/turijnmagazijn.jumpstone-dev.nl\/#organization"},"potentialAction":[{"@type":"SearchAction","target":{"@type":"EntryPoint","urlTemplate":"https:\/\/turijnmagazijn.jumpstone-dev.nl\/?s={search_term_string}"},"query-input":{"@type":"PropertyValueSpecification","valueRequired":true,"valueName":"search_term_string"}}],"inLanguage":"de"},{"@type":"Organization","@id":"https:\/\/turijnmagazijn.jumpstone-dev.nl\/#organization","name":"Turijnmagazijn","url":"https:\/\/turijnmagazijn.jumpstone-dev.nl\/","logo":{"@type":"ImageObject","inLanguage":"de","@id":"https:\/\/turijnmagazijn.jumpstone-dev.nl\/#\/schema\/logo\/image\/","url":"https:\/\/turijnmagazijn.nl\/wp-content\/uploads\/2021\/02\/turijnmagazijnlogo.png","contentUrl":"https:\/\/turijnmagazijn.nl\/wp-content\/uploads\/2021\/02\/turijnmagazijnlogo.png","width":555,"height":270,"caption":"Turijnmagazijn"},"image":{"@id":"https:\/\/turijnmagazijn.jumpstone-dev.nl\/#\/schema\/logo\/image\/"},"sameAs":["https:\/\/www.facebook.com\/turijnmagazijn"]}]}},"_links":{"self":[{"href":"https:\/\/turijnmagazijn.nl\/de\/wp-json\/wp\/v2\/product\/66712","targetHints":{"allow":["GET"]}}],"collection":[{"href":"https:\/\/turijnmagazijn.nl\/de\/wp-json\/wp\/v2\/product"}],"about":[{"href":"https:\/\/turijnmagazijn.nl\/de\/wp-json\/wp\/v2\/types\/product"}],"replies":[{"embeddable":true,"href":"https:\/\/turijnmagazijn.nl\/de\/wp-json\/wp\/v2\/comments?post=66712"}],"wp:featuredmedia":[{"embeddable":true,"href":"https:\/\/turijnmagazijn.nl\/de\/wp-json\/wp\/v2\/media\/54001"}],"wp:attachment":[{"href":"https:\/\/turijnmagazijn.nl\/de\/wp-json\/wp\/v2\/media?parent=66712"}],"wp:term":[{"taxonomy":"product_brand","embeddable":true,"href":"https:\/\/turijnmagazijn.nl\/de\/wp-json\/wp\/v2\/product_brand?post=66712"},{"taxonomy":"product_cat","embeddable":true,"href":"https:\/\/turijnmagazijn.nl\/de\/wp-json\/wp\/v2\/product_cat?post=66712"},{"taxonomy":"product_tag","embeddable":true,"href":"https:\/\/turijnmagazijn.nl\/de\/wp-json\/wp\/v2\/product_tag?post=66712"}],"curies":[{"name":"wp","href":"https:\/\/api.w.org\/{rel}","templated":true}]}}