{"id":66745,"date":"2023-03-03T09:58:07","date_gmt":"2023-03-03T08:58:07","guid":{"rendered":"https:\/\/turijnmagazijn.nl\/product\/reparatur-klemmsystem-nabenabdeckung-lancia-kappa-coupe\/"},"modified":"2024-09-05T13:32:36","modified_gmt":"2024-09-05T11:32:36","slug":"reparatur-klemmsystem-nabenabdeckung-lancia-kappa-coupe","status":"publish","type":"product","link":"https:\/\/turijnmagazijn.nl\/de\/produkt\/reparatur-klemmsystem-nabenabdeckung-lancia-kappa-coupe\/","title":{"rendered":"Reparatur Klemmsystem Nabenabdeckung Lancia Kappa Coupe"},"content":{"rendered":"<p>Reparatursatz zur Reparatur von gebrochenen Beinen auf der R\u00fcckseite der Nabenabdeckung mit der Nummer&nbsp;46473237.&nbsp;<\/p>\n<p>Diese Deckel werden auf die Lancia Kappa Coup\u00e9-Felgen aufgebracht, sowohl auf die Turbo- als auch auf die regul\u00e4re Version.<\/p>\n<p>Um diese Reparatur durchzuf\u00fchren, ist es notwendig, alle Beine abzuschleifen und eine ebene Oberfl\u00e4che zu schaffen.<\/p>\n<p>Entfernen Sie die Chromabdeckung auf der Vorderseite und bohren Sie ein Loch in das vorhandene Gr\u00fcbchen in der Mitte des Teils.<\/p>\n<p>Mit dem mitgelieferten Bolzen und Most kann die neue Rosette am Deckel befestigt werden.<\/p>\n<p>Genie\u00dfen Sie Ihre Nabenabdeckungen f\u00fcr die kommenden Jahre!<\/p>\n<p><\/p>\n<p><span style=\"font-weight: bold;\">Betrifft ein Set f\u00fcr die Reparatur von 1 Mittelkappe.<\/span><\/p>\n<p><span style=\"font-weight: bold;\"><br \/><\/span><\/p>\n<p>Wir haben einen Artikel \u00fcber die verschiedenen m\u00f6glichen Probleme mit den Kappa-Coup\u00e9-Nabenabdeckungen geschrieben, in dem auch die verschiedenen L\u00f6sungen \u00fcbersichtlich aufgelistet sind. Den Artikel finden Sie hier:<\/p>\n<p><a href=\"http:\/\/www.delenkorf.nl\/lancia-kappa-naafdeksel-kap-problemen-en-oplossing.html%C2%A0\" target=\"_blank\" rel=\"noopener\">http:\/\/www.delenkorf.nl\/lancia-kappa-naafdeksel-kap-problemen-en-oplossing.html&nbsp;<\/a><\/p>\n","protected":false},"excerpt":{"rendered":"<p>Reparatur Klemmsystem Nabenabdeckung Lancia Kappa Coupe &#8211; Reparatursatz zur Reparatur von gebrochenen Beinen auf der R\u00fcckseite der Nabenabdeckung mit Nummer<\/p>\n","protected":false},"featured_media":54165,"comment_status":"closed","ping_status":"closed","template":"","meta":{"_acf_changed":false},"product_brand":[],"product_cat":[1867,1859,1797,1869],"product_tag":[],"class_list":{"0":"post-66745","1":"product","2":"type-product","3":"status-publish","4":"has-post-thumbnail","6":"product_cat-coupe-de","7":"product_cat-kappa-838-de","8":"product_cat-lancia-de","9":"product_cat-sw-de","10":"pa_soort-onderdeel-interieur-und-polsterung","12":"first","13":"instock","14":"taxable","15":"shipping-taxable","16":"purchasable","17":"product-type-simple"},"acf":[],"yoast_head":"<!-- This site is optimized with the Yoast SEO plugin v27.3 - https:\/\/yoast.com\/product\/yoast-seo-wordpress\/ -->\n<title>Reparatur Klemmsystem Nabenabdeckung Lancia Kappa Coupe - Turijnmagazijn<\/title>\n<meta name=\"robots\" content=\"index, follow, max-snippet:-1, max-image-preview:large, max-video-preview:-1\" \/>\n<link rel=\"canonical\" href=\"https:\/\/turijnmagazijn.nl\/de\/produkt\/reparatur-klemmsystem-nabenabdeckung-lancia-kappa-coupe\/\" \/>\n<meta property=\"og:locale\" content=\"de_DE\" \/>\n<meta property=\"og:type\" content=\"article\" \/>\n<meta property=\"og:title\" content=\"Reparatur Klemmsystem Nabenabdeckung Lancia Kappa Coupe - Turijnmagazijn\" \/>\n<meta property=\"og:description\" content=\"Reparatur Klemmsystem Nabenabdeckung Lancia Kappa Coupe - Reparatursatz zur Reparatur von gebrochenen Beinen auf der R\u00fcckseite der Nabenabdeckung mit Nummer\" \/>\n<meta property=\"og:url\" content=\"https:\/\/turijnmagazijn.nl\/de\/produkt\/reparatur-klemmsystem-nabenabdeckung-lancia-kappa-coupe\/\" \/>\n<meta property=\"og:site_name\" content=\"Turijnmagazijn\" \/>\n<meta property=\"article:publisher\" content=\"https:\/\/www.facebook.com\/turijnmagazijn\" \/>\n<meta property=\"article:modified_time\" content=\"2024-09-05T11:32:36+00:00\" \/>\n<meta property=\"og:image\" content=\"https:\/\/turijnmagazijn.nl\/wp-content\/uploads\/2023\/03\/DN00100189-Reparatie-klemsysteem-naafdeksel-Lancia-Kappa-Coupe-3-1.jpg\" \/>\n\t<meta property=\"og:image:width\" content=\"1024\" \/>\n\t<meta property=\"og:image:height\" content=\"768\" \/>\n\t<meta property=\"og:image:type\" content=\"image\/jpeg\" \/>\n<meta name=\"twitter:card\" content=\"summary_large_image\" \/>\n<meta name=\"twitter:label1\" content=\"Gesch\u00e4tzte Lesezeit\" \/>\n\t<meta name=\"twitter:data1\" content=\"1\u00a0Minute\" \/>\n<script type=\"application\/ld+json\" class=\"yoast-schema-graph\">{\"@context\":\"https:\\\/\\\/schema.org\",\"@graph\":[{\"@type\":\"WebPage\",\"@id\":\"https:\\\/\\\/turijnmagazijn.nl\\\/de\\\/produkt\\\/reparatur-klemmsystem-nabenabdeckung-lancia-kappa-coupe\\\/\",\"url\":\"https:\\\/\\\/turijnmagazijn.nl\\\/de\\\/produkt\\\/reparatur-klemmsystem-nabenabdeckung-lancia-kappa-coupe\\\/\",\"name\":\"Reparatur Klemmsystem Nabenabdeckung Lancia Kappa Coupe - Turijnmagazijn\",\"isPartOf\":{\"@id\":\"https:\\\/\\\/turijnmagazijn.jumpstone-dev.nl\\\/#website\"},\"primaryImageOfPage\":{\"@id\":\"https:\\\/\\\/turijnmagazijn.nl\\\/de\\\/produkt\\\/reparatur-klemmsystem-nabenabdeckung-lancia-kappa-coupe\\\/#primaryimage\"},\"image\":{\"@id\":\"https:\\\/\\\/turijnmagazijn.nl\\\/de\\\/produkt\\\/reparatur-klemmsystem-nabenabdeckung-lancia-kappa-coupe\\\/#primaryimage\"},\"thumbnailUrl\":\"https:\\\/\\\/turijnmagazijn.nl\\\/wp-content\\\/uploads\\\/2023\\\/03\\\/DN00100189-Reparatie-klemsysteem-naafdeksel-Lancia-Kappa-Coupe-3-1.jpg\",\"datePublished\":\"2023-03-03T08:58:07+00:00\",\"dateModified\":\"2024-09-05T11:32:36+00:00\",\"breadcrumb\":{\"@id\":\"https:\\\/\\\/turijnmagazijn.nl\\\/de\\\/produkt\\\/reparatur-klemmsystem-nabenabdeckung-lancia-kappa-coupe\\\/#breadcrumb\"},\"inLanguage\":\"de\",\"potentialAction\":[{\"@type\":\"ReadAction\",\"target\":[\"https:\\\/\\\/turijnmagazijn.nl\\\/de\\\/produkt\\\/reparatur-klemmsystem-nabenabdeckung-lancia-kappa-coupe\\\/\"]}]},{\"@type\":\"ImageObject\",\"inLanguage\":\"de\",\"@id\":\"https:\\\/\\\/turijnmagazijn.nl\\\/de\\\/produkt\\\/reparatur-klemmsystem-nabenabdeckung-lancia-kappa-coupe\\\/#primaryimage\",\"url\":\"https:\\\/\\\/turijnmagazijn.nl\\\/wp-content\\\/uploads\\\/2023\\\/03\\\/DN00100189-Reparatie-klemsysteem-naafdeksel-Lancia-Kappa-Coupe-3-1.jpg\",\"contentUrl\":\"https:\\\/\\\/turijnmagazijn.nl\\\/wp-content\\\/uploads\\\/2023\\\/03\\\/DN00100189-Reparatie-klemsysteem-naafdeksel-Lancia-Kappa-Coupe-3-1.jpg\",\"width\":1024,\"height\":768},{\"@type\":\"BreadcrumbList\",\"@id\":\"https:\\\/\\\/turijnmagazijn.nl\\\/de\\\/produkt\\\/reparatur-klemmsystem-nabenabdeckung-lancia-kappa-coupe\\\/#breadcrumb\",\"itemListElement\":[{\"@type\":\"ListItem\",\"position\":1,\"name\":\"Home\",\"item\":\"https:\\\/\\\/turijnmagazijn.nl\\\/de\\\/\"},{\"@type\":\"ListItem\",\"position\":2,\"name\":\"Produkte\",\"item\":\"https:\\\/\\\/turijnmagazijn.nl\\\/de\\\/shop\\\/\"},{\"@type\":\"ListItem\",\"position\":3,\"name\":\"Reparatur Klemmsystem Nabenabdeckung Lancia Kappa Coupe\"}]},{\"@type\":\"WebSite\",\"@id\":\"https:\\\/\\\/turijnmagazijn.jumpstone-dev.nl\\\/#website\",\"url\":\"https:\\\/\\\/turijnmagazijn.jumpstone-dev.nl\\\/\",\"name\":\"Turijnmagazijn\",\"description\":\"Onderdelen nieuw en gebruikt - Fiat &amp; Lancia\",\"publisher\":{\"@id\":\"https:\\\/\\\/turijnmagazijn.jumpstone-dev.nl\\\/#organization\"},\"potentialAction\":[{\"@type\":\"SearchAction\",\"target\":{\"@type\":\"EntryPoint\",\"urlTemplate\":\"https:\\\/\\\/turijnmagazijn.jumpstone-dev.nl\\\/?s={search_term_string}\"},\"query-input\":{\"@type\":\"PropertyValueSpecification\",\"valueRequired\":true,\"valueName\":\"search_term_string\"}}],\"inLanguage\":\"de\"},{\"@type\":\"Organization\",\"@id\":\"https:\\\/\\\/turijnmagazijn.jumpstone-dev.nl\\\/#organization\",\"name\":\"Turijnmagazijn\",\"url\":\"https:\\\/\\\/turijnmagazijn.jumpstone-dev.nl\\\/\",\"logo\":{\"@type\":\"ImageObject\",\"inLanguage\":\"de\",\"@id\":\"https:\\\/\\\/turijnmagazijn.jumpstone-dev.nl\\\/#\\\/schema\\\/logo\\\/image\\\/\",\"url\":\"https:\\\/\\\/turijnmagazijn.nl\\\/wp-content\\\/uploads\\\/2021\\\/02\\\/turijnmagazijnlogo.png\",\"contentUrl\":\"https:\\\/\\\/turijnmagazijn.nl\\\/wp-content\\\/uploads\\\/2021\\\/02\\\/turijnmagazijnlogo.png\",\"width\":555,\"height\":270,\"caption\":\"Turijnmagazijn\"},\"image\":{\"@id\":\"https:\\\/\\\/turijnmagazijn.jumpstone-dev.nl\\\/#\\\/schema\\\/logo\\\/image\\\/\"},\"sameAs\":[\"https:\\\/\\\/www.facebook.com\\\/turijnmagazijn\"]}]}<\/script>\n<!-- \/ Yoast SEO plugin. -->","yoast_head_json":{"title":"Reparatur Klemmsystem Nabenabdeckung Lancia Kappa Coupe - Turijnmagazijn","robots":{"index":"index","follow":"follow","max-snippet":"max-snippet:-1","max-image-preview":"max-image-preview:large","max-video-preview":"max-video-preview:-1"},"canonical":"https:\/\/turijnmagazijn.nl\/de\/produkt\/reparatur-klemmsystem-nabenabdeckung-lancia-kappa-coupe\/","og_locale":"de_DE","og_type":"article","og_title":"Reparatur Klemmsystem Nabenabdeckung Lancia Kappa Coupe - Turijnmagazijn","og_description":"Reparatur Klemmsystem Nabenabdeckung Lancia Kappa Coupe - Reparatursatz zur Reparatur von gebrochenen Beinen auf der R\u00fcckseite der Nabenabdeckung mit Nummer","og_url":"https:\/\/turijnmagazijn.nl\/de\/produkt\/reparatur-klemmsystem-nabenabdeckung-lancia-kappa-coupe\/","og_site_name":"Turijnmagazijn","article_publisher":"https:\/\/www.facebook.com\/turijnmagazijn","article_modified_time":"2024-09-05T11:32:36+00:00","og_image":[{"width":1024,"height":768,"url":"https:\/\/turijnmagazijn.nl\/wp-content\/uploads\/2023\/03\/DN00100189-Reparatie-klemsysteem-naafdeksel-Lancia-Kappa-Coupe-3-1.jpg","type":"image\/jpeg"}],"twitter_card":"summary_large_image","twitter_misc":{"Gesch\u00e4tzte Lesezeit":"1\u00a0Minute"},"schema":{"@context":"https:\/\/schema.org","@graph":[{"@type":"WebPage","@id":"https:\/\/turijnmagazijn.nl\/de\/produkt\/reparatur-klemmsystem-nabenabdeckung-lancia-kappa-coupe\/","url":"https:\/\/turijnmagazijn.nl\/de\/produkt\/reparatur-klemmsystem-nabenabdeckung-lancia-kappa-coupe\/","name":"Reparatur Klemmsystem Nabenabdeckung Lancia Kappa Coupe - Turijnmagazijn","isPartOf":{"@id":"https:\/\/turijnmagazijn.jumpstone-dev.nl\/#website"},"primaryImageOfPage":{"@id":"https:\/\/turijnmagazijn.nl\/de\/produkt\/reparatur-klemmsystem-nabenabdeckung-lancia-kappa-coupe\/#primaryimage"},"image":{"@id":"https:\/\/turijnmagazijn.nl\/de\/produkt\/reparatur-klemmsystem-nabenabdeckung-lancia-kappa-coupe\/#primaryimage"},"thumbnailUrl":"https:\/\/turijnmagazijn.nl\/wp-content\/uploads\/2023\/03\/DN00100189-Reparatie-klemsysteem-naafdeksel-Lancia-Kappa-Coupe-3-1.jpg","datePublished":"2023-03-03T08:58:07+00:00","dateModified":"2024-09-05T11:32:36+00:00","breadcrumb":{"@id":"https:\/\/turijnmagazijn.nl\/de\/produkt\/reparatur-klemmsystem-nabenabdeckung-lancia-kappa-coupe\/#breadcrumb"},"inLanguage":"de","potentialAction":[{"@type":"ReadAction","target":["https:\/\/turijnmagazijn.nl\/de\/produkt\/reparatur-klemmsystem-nabenabdeckung-lancia-kappa-coupe\/"]}]},{"@type":"ImageObject","inLanguage":"de","@id":"https:\/\/turijnmagazijn.nl\/de\/produkt\/reparatur-klemmsystem-nabenabdeckung-lancia-kappa-coupe\/#primaryimage","url":"https:\/\/turijnmagazijn.nl\/wp-content\/uploads\/2023\/03\/DN00100189-Reparatie-klemsysteem-naafdeksel-Lancia-Kappa-Coupe-3-1.jpg","contentUrl":"https:\/\/turijnmagazijn.nl\/wp-content\/uploads\/2023\/03\/DN00100189-Reparatie-klemsysteem-naafdeksel-Lancia-Kappa-Coupe-3-1.jpg","width":1024,"height":768},{"@type":"BreadcrumbList","@id":"https:\/\/turijnmagazijn.nl\/de\/produkt\/reparatur-klemmsystem-nabenabdeckung-lancia-kappa-coupe\/#breadcrumb","itemListElement":[{"@type":"ListItem","position":1,"name":"Home","item":"https:\/\/turijnmagazijn.nl\/de\/"},{"@type":"ListItem","position":2,"name":"Produkte","item":"https:\/\/turijnmagazijn.nl\/de\/shop\/"},{"@type":"ListItem","position":3,"name":"Reparatur Klemmsystem Nabenabdeckung Lancia Kappa Coupe"}]},{"@type":"WebSite","@id":"https:\/\/turijnmagazijn.jumpstone-dev.nl\/#website","url":"https:\/\/turijnmagazijn.jumpstone-dev.nl\/","name":"Turijnmagazijn","description":"Onderdelen nieuw en gebruikt - Fiat &amp; Lancia","publisher":{"@id":"https:\/\/turijnmagazijn.jumpstone-dev.nl\/#organization"},"potentialAction":[{"@type":"SearchAction","target":{"@type":"EntryPoint","urlTemplate":"https:\/\/turijnmagazijn.jumpstone-dev.nl\/?s={search_term_string}"},"query-input":{"@type":"PropertyValueSpecification","valueRequired":true,"valueName":"search_term_string"}}],"inLanguage":"de"},{"@type":"Organization","@id":"https:\/\/turijnmagazijn.jumpstone-dev.nl\/#organization","name":"Turijnmagazijn","url":"https:\/\/turijnmagazijn.jumpstone-dev.nl\/","logo":{"@type":"ImageObject","inLanguage":"de","@id":"https:\/\/turijnmagazijn.jumpstone-dev.nl\/#\/schema\/logo\/image\/","url":"https:\/\/turijnmagazijn.nl\/wp-content\/uploads\/2021\/02\/turijnmagazijnlogo.png","contentUrl":"https:\/\/turijnmagazijn.nl\/wp-content\/uploads\/2021\/02\/turijnmagazijnlogo.png","width":555,"height":270,"caption":"Turijnmagazijn"},"image":{"@id":"https:\/\/turijnmagazijn.jumpstone-dev.nl\/#\/schema\/logo\/image\/"},"sameAs":["https:\/\/www.facebook.com\/turijnmagazijn"]}]}},"_links":{"self":[{"href":"https:\/\/turijnmagazijn.nl\/de\/wp-json\/wp\/v2\/product\/66745","targetHints":{"allow":["GET"]}}],"collection":[{"href":"https:\/\/turijnmagazijn.nl\/de\/wp-json\/wp\/v2\/product"}],"about":[{"href":"https:\/\/turijnmagazijn.nl\/de\/wp-json\/wp\/v2\/types\/product"}],"replies":[{"embeddable":true,"href":"https:\/\/turijnmagazijn.nl\/de\/wp-json\/wp\/v2\/comments?post=66745"}],"wp:featuredmedia":[{"embeddable":true,"href":"https:\/\/turijnmagazijn.nl\/de\/wp-json\/wp\/v2\/media\/54165"}],"wp:attachment":[{"href":"https:\/\/turijnmagazijn.nl\/de\/wp-json\/wp\/v2\/media?parent=66745"}],"wp:term":[{"taxonomy":"product_brand","embeddable":true,"href":"https:\/\/turijnmagazijn.nl\/de\/wp-json\/wp\/v2\/product_brand?post=66745"},{"taxonomy":"product_cat","embeddable":true,"href":"https:\/\/turijnmagazijn.nl\/de\/wp-json\/wp\/v2\/product_cat?post=66745"},{"taxonomy":"product_tag","embeddable":true,"href":"https:\/\/turijnmagazijn.nl\/de\/wp-json\/wp\/v2\/product_tag?post=66745"}],"curies":[{"name":"wp","href":"https:\/\/api.w.org\/{rel}","templated":true}]}}