{"id":66752,"date":"2023-03-03T08:57:42","date_gmt":"2023-03-03T07:57:42","guid":{"rendered":"https:\/\/turijnmagazijn.nl\/product\/lancia-schild-logo-58mm-lancia-kappa-coupe-radmitte-radkappe-imitation\/"},"modified":"2024-12-10T22:12:23","modified_gmt":"2024-12-10T21:12:23","slug":"lancia-shield-logo-58mm-lancia-kappa-coupe-wielcenter-radcap-imitation","status":"publish","type":"product","link":"https:\/\/turijnmagazijn.nl\/de\/produkt\/lancia-shield-logo-58mm-lancia-kappa-coupe-wielcenter-radcap-imitation\/","title":{"rendered":"Lancia Schild Logo 58mm Lancia Kappa Coup\u00e9 Radmitte oder Radkappe -Imitatie-"},"content":{"rendered":"<p>Nachgeahmtes selbstklebendes Logo in Schildform mit Lancia-Logo blau, wei\u00df und chrom. Hochwertiges Gel-Dome-Logo, das als Ersatz f\u00fcr die Lancia-Logos auf Lancia Kappa geeignet ist.<\/p>\n<p>Diese Art von Logo mit einem Durchmesser zwischen den oberen beiden Ecken des 58-mm-Logos wurde auf die Radkappe f\u00fcr Lancia Kappa Coup\u00e9-R\u00e4der, aber auch auf die serienm\u00e4\u00dfigen Werksradkappen f\u00fcr Lancia Kappa aufgebracht.<\/p>\n<p>Das Logo ist in einem etwas helleren Blau gehalten als die urspr\u00fcnglich f\u00fcr die Kappa Hub Centres verwendete Farbe, weil es uns besser gef\u00e4llt! Wenn Sie das nicht glauben, bestellen Sie nicht!<\/p>\n<p>&nbsp;<\/p>\n<p>OEM-Nummer der Radkappe, auf die das Logo passt: <span style=\"color: #1e1e22; font-family: Arial, Helvetica, sans-serif; font-weight: bold;\">82481959 <\/span> <\/p>\n<p>OEM-Nummer Nabenabdeckung f\u00fcr Lancia Kappa Coup\u00e9, wo das Logo passt: <span style=\"font-weight: bold; color: #000000;\">46473237<\/span><\/p>\n<p>&nbsp;<\/p>\n<p><span style=\"font-weight: bold;\">Kein Originalteil, sondern ein hochwertiger Nachbau f\u00fcr die Reparatur eines verlorenen oder h\u00e4sslichen Logos auf einer originalen Nabenabdeckung oder Radkappe f\u00fcr Lancia Kappa!<\/span><\/p>\n<p><span style=\"font-weight: bold; color: #ff0000;\">  Lieferumfang: nur das selbstklebende Logo! OHNE ABDECKUNG ODER HAUBE!<\/span><\/p>\n<p>Wir haben einen Artikel \u00fcber die verschiedenen m\u00f6glichen Probleme mit den Kappa-Coup\u00e9-Nabenabdeckungen geschrieben, in dem auch die verschiedenen L\u00f6sungen \u00fcbersichtlich aufgelistet sind. Den Artikel finden Sie hier:<\/p>\n<p><a href=\"http:\/\/www.delenkorf.nl\/lancia-kappa-naafdeksel-kap-problemen-en-oplossing.html%C2%A0\" target=\"_blank\" rel=\"noopener\">http:\/\/www.delenkorf.nl\/lancia-kappa-naafdeksel-kap-problemen-en-oplossing.html  <\/a><\/p>\n","protected":false},"excerpt":{"rendered":"<p>Lancia Schild Logo 58mm Lancia Kappa Coupe Radk\u00f6rper + Radkappe -Imitation- &#8211; Nachahmung selbstklebendes Logo in Schildform mit Lancia Logo blau wei\u00df und Chrom.<\/p>\n","protected":false},"featured_media":54045,"comment_status":"closed","ping_status":"closed","template":"","meta":{"_acf_changed":false},"product_brand":[],"product_cat":[1867,1859,1797,1869],"product_tag":[],"class_list":{"0":"post-66752","1":"product","2":"type-product","3":"status-publish","4":"has-post-thumbnail","6":"product_cat-coupe-de","7":"product_cat-kappa-838-de","8":"product_cat-lancia-de","9":"product_cat-sw-de","10":"pa_soort-onderdeel-dashboard-und-schalter","12":"first","13":"instock","14":"taxable","15":"shipping-taxable","16":"purchasable","17":"product-type-simple"},"acf":[],"yoast_head":"<!-- This site is optimized with the Yoast SEO plugin v27.3 - https:\/\/yoast.com\/product\/yoast-seo-wordpress\/ -->\n<title>Lancia Schild Logo 58mm Lancia Kappa Coup\u00e9 Radmitte oder Radkappe -Imitatie- Turijnmagazijn<\/title>\n<meta name=\"robots\" content=\"index, follow, max-snippet:-1, max-image-preview:large, max-video-preview:-1\" \/>\n<link rel=\"canonical\" href=\"https:\/\/turijnmagazijn.nl\/de\/produkt\/lancia-shield-logo-58mm-lancia-kappa-coupe-wielcenter-radcap-imitation\/\" \/>\n<meta property=\"og:locale\" content=\"de_DE\" \/>\n<meta property=\"og:type\" content=\"article\" \/>\n<meta property=\"og:title\" content=\"Lancia Schild Logo 58mm Lancia Kappa Coup\u00e9 Radmitte oder Radkappe -Imitatie- Turijnmagazijn\" \/>\n<meta property=\"og:description\" content=\"Lancia Schild Logo 58mm Lancia Kappa Coupe Radk\u00f6rper + Radkappe -Imitation- - Nachahmung selbstklebendes Logo in Schildform mit Lancia Logo blau wei\u00df und Chrom.\" \/>\n<meta property=\"og:url\" content=\"https:\/\/turijnmagazijn.nl\/de\/produkt\/lancia-shield-logo-58mm-lancia-kappa-coupe-wielcenter-radcap-imitation\/\" \/>\n<meta property=\"og:site_name\" content=\"Turijnmagazijn\" \/>\n<meta property=\"article:publisher\" content=\"https:\/\/www.facebook.com\/turijnmagazijn\" \/>\n<meta property=\"article:modified_time\" content=\"2024-12-10T21:12:23+00:00\" \/>\n<meta property=\"og:image\" content=\"https:\/\/turijnmagazijn.nl\/wp-content\/uploads\/2023\/03\/DN00100186-Lancia-schild-logo-58mm-Lancia-Kappa-coupe-wielcenter-wieldop-Imitatie-7.jpg\" \/>\n\t<meta property=\"og:image:width\" content=\"1024\" \/>\n\t<meta property=\"og:image:height\" content=\"768\" \/>\n\t<meta property=\"og:image:type\" content=\"image\/jpeg\" \/>\n<meta name=\"twitter:card\" content=\"summary_large_image\" \/>\n<meta name=\"twitter:label1\" content=\"Gesch\u00e4tzte Lesezeit\" \/>\n\t<meta name=\"twitter:data1\" content=\"1\u00a0Minute\" \/>\n<script type=\"application\/ld+json\" class=\"yoast-schema-graph\">{\"@context\":\"https:\\\/\\\/schema.org\",\"@graph\":[{\"@type\":\"WebPage\",\"@id\":\"https:\\\/\\\/turijnmagazijn.nl\\\/de\\\/produkt\\\/lancia-shield-logo-58mm-lancia-kappa-coupe-wielcenter-radcap-imitation\\\/\",\"url\":\"https:\\\/\\\/turijnmagazijn.nl\\\/de\\\/produkt\\\/lancia-shield-logo-58mm-lancia-kappa-coupe-wielcenter-radcap-imitation\\\/\",\"name\":\"Lancia Schild Logo 58mm Lancia Kappa Coup\u00e9 Radmitte oder Radkappe -Imitatie- Turijnmagazijn\",\"isPartOf\":{\"@id\":\"https:\\\/\\\/turijnmagazijn.jumpstone-dev.nl\\\/#website\"},\"primaryImageOfPage\":{\"@id\":\"https:\\\/\\\/turijnmagazijn.nl\\\/de\\\/produkt\\\/lancia-shield-logo-58mm-lancia-kappa-coupe-wielcenter-radcap-imitation\\\/#primaryimage\"},\"image\":{\"@id\":\"https:\\\/\\\/turijnmagazijn.nl\\\/de\\\/produkt\\\/lancia-shield-logo-58mm-lancia-kappa-coupe-wielcenter-radcap-imitation\\\/#primaryimage\"},\"thumbnailUrl\":\"https:\\\/\\\/turijnmagazijn.nl\\\/wp-content\\\/uploads\\\/2023\\\/03\\\/DN00100186-Lancia-schild-logo-58mm-Lancia-Kappa-coupe-wielcenter-wieldop-Imitatie-7.jpg\",\"datePublished\":\"2023-03-03T07:57:42+00:00\",\"dateModified\":\"2024-12-10T21:12:23+00:00\",\"breadcrumb\":{\"@id\":\"https:\\\/\\\/turijnmagazijn.nl\\\/de\\\/produkt\\\/lancia-shield-logo-58mm-lancia-kappa-coupe-wielcenter-radcap-imitation\\\/#breadcrumb\"},\"inLanguage\":\"de\",\"potentialAction\":[{\"@type\":\"ReadAction\",\"target\":[\"https:\\\/\\\/turijnmagazijn.nl\\\/de\\\/produkt\\\/lancia-shield-logo-58mm-lancia-kappa-coupe-wielcenter-radcap-imitation\\\/\"]}]},{\"@type\":\"ImageObject\",\"inLanguage\":\"de\",\"@id\":\"https:\\\/\\\/turijnmagazijn.nl\\\/de\\\/produkt\\\/lancia-shield-logo-58mm-lancia-kappa-coupe-wielcenter-radcap-imitation\\\/#primaryimage\",\"url\":\"https:\\\/\\\/turijnmagazijn.nl\\\/wp-content\\\/uploads\\\/2023\\\/03\\\/DN00100186-Lancia-schild-logo-58mm-Lancia-Kappa-coupe-wielcenter-wieldop-Imitatie-7.jpg\",\"contentUrl\":\"https:\\\/\\\/turijnmagazijn.nl\\\/wp-content\\\/uploads\\\/2023\\\/03\\\/DN00100186-Lancia-schild-logo-58mm-Lancia-Kappa-coupe-wielcenter-wieldop-Imitatie-7.jpg\",\"width\":1024,\"height\":768},{\"@type\":\"BreadcrumbList\",\"@id\":\"https:\\\/\\\/turijnmagazijn.nl\\\/de\\\/produkt\\\/lancia-shield-logo-58mm-lancia-kappa-coupe-wielcenter-radcap-imitation\\\/#breadcrumb\",\"itemListElement\":[{\"@type\":\"ListItem\",\"position\":1,\"name\":\"Home\",\"item\":\"https:\\\/\\\/turijnmagazijn.nl\\\/de\\\/\"},{\"@type\":\"ListItem\",\"position\":2,\"name\":\"Produkte\",\"item\":\"https:\\\/\\\/turijnmagazijn.nl\\\/de\\\/shop\\\/\"},{\"@type\":\"ListItem\",\"position\":3,\"name\":\"Lancia Schild Logo 58mm Lancia Kappa Coup\u00e9 Radmitte oder Radkappe -Imitatie-\"}]},{\"@type\":\"WebSite\",\"@id\":\"https:\\\/\\\/turijnmagazijn.jumpstone-dev.nl\\\/#website\",\"url\":\"https:\\\/\\\/turijnmagazijn.jumpstone-dev.nl\\\/\",\"name\":\"Turijnmagazijn\",\"description\":\"Onderdelen nieuw en gebruikt - Fiat &amp; Lancia\",\"publisher\":{\"@id\":\"https:\\\/\\\/turijnmagazijn.jumpstone-dev.nl\\\/#organization\"},\"potentialAction\":[{\"@type\":\"SearchAction\",\"target\":{\"@type\":\"EntryPoint\",\"urlTemplate\":\"https:\\\/\\\/turijnmagazijn.jumpstone-dev.nl\\\/?s={search_term_string}\"},\"query-input\":{\"@type\":\"PropertyValueSpecification\",\"valueRequired\":true,\"valueName\":\"search_term_string\"}}],\"inLanguage\":\"de\"},{\"@type\":\"Organization\",\"@id\":\"https:\\\/\\\/turijnmagazijn.jumpstone-dev.nl\\\/#organization\",\"name\":\"Turijnmagazijn\",\"url\":\"https:\\\/\\\/turijnmagazijn.jumpstone-dev.nl\\\/\",\"logo\":{\"@type\":\"ImageObject\",\"inLanguage\":\"de\",\"@id\":\"https:\\\/\\\/turijnmagazijn.jumpstone-dev.nl\\\/#\\\/schema\\\/logo\\\/image\\\/\",\"url\":\"https:\\\/\\\/turijnmagazijn.nl\\\/wp-content\\\/uploads\\\/2021\\\/02\\\/turijnmagazijnlogo.png\",\"contentUrl\":\"https:\\\/\\\/turijnmagazijn.nl\\\/wp-content\\\/uploads\\\/2021\\\/02\\\/turijnmagazijnlogo.png\",\"width\":555,\"height\":270,\"caption\":\"Turijnmagazijn\"},\"image\":{\"@id\":\"https:\\\/\\\/turijnmagazijn.jumpstone-dev.nl\\\/#\\\/schema\\\/logo\\\/image\\\/\"},\"sameAs\":[\"https:\\\/\\\/www.facebook.com\\\/turijnmagazijn\"]}]}<\/script>\n<!-- \/ Yoast SEO plugin. -->","yoast_head_json":{"title":"Lancia Schild Logo 58mm Lancia Kappa Coup\u00e9 Radmitte oder Radkappe -Imitatie- Turijnmagazijn","robots":{"index":"index","follow":"follow","max-snippet":"max-snippet:-1","max-image-preview":"max-image-preview:large","max-video-preview":"max-video-preview:-1"},"canonical":"https:\/\/turijnmagazijn.nl\/de\/produkt\/lancia-shield-logo-58mm-lancia-kappa-coupe-wielcenter-radcap-imitation\/","og_locale":"de_DE","og_type":"article","og_title":"Lancia Schild Logo 58mm Lancia Kappa Coup\u00e9 Radmitte oder Radkappe -Imitatie- Turijnmagazijn","og_description":"Lancia Schild Logo 58mm Lancia Kappa Coupe Radk\u00f6rper + Radkappe -Imitation- - Nachahmung selbstklebendes Logo in Schildform mit Lancia Logo blau wei\u00df und Chrom.","og_url":"https:\/\/turijnmagazijn.nl\/de\/produkt\/lancia-shield-logo-58mm-lancia-kappa-coupe-wielcenter-radcap-imitation\/","og_site_name":"Turijnmagazijn","article_publisher":"https:\/\/www.facebook.com\/turijnmagazijn","article_modified_time":"2024-12-10T21:12:23+00:00","og_image":[{"width":1024,"height":768,"url":"https:\/\/turijnmagazijn.nl\/wp-content\/uploads\/2023\/03\/DN00100186-Lancia-schild-logo-58mm-Lancia-Kappa-coupe-wielcenter-wieldop-Imitatie-7.jpg","type":"image\/jpeg"}],"twitter_card":"summary_large_image","twitter_misc":{"Gesch\u00e4tzte Lesezeit":"1\u00a0Minute"},"schema":{"@context":"https:\/\/schema.org","@graph":[{"@type":"WebPage","@id":"https:\/\/turijnmagazijn.nl\/de\/produkt\/lancia-shield-logo-58mm-lancia-kappa-coupe-wielcenter-radcap-imitation\/","url":"https:\/\/turijnmagazijn.nl\/de\/produkt\/lancia-shield-logo-58mm-lancia-kappa-coupe-wielcenter-radcap-imitation\/","name":"Lancia Schild Logo 58mm Lancia Kappa Coup\u00e9 Radmitte oder Radkappe -Imitatie- Turijnmagazijn","isPartOf":{"@id":"https:\/\/turijnmagazijn.jumpstone-dev.nl\/#website"},"primaryImageOfPage":{"@id":"https:\/\/turijnmagazijn.nl\/de\/produkt\/lancia-shield-logo-58mm-lancia-kappa-coupe-wielcenter-radcap-imitation\/#primaryimage"},"image":{"@id":"https:\/\/turijnmagazijn.nl\/de\/produkt\/lancia-shield-logo-58mm-lancia-kappa-coupe-wielcenter-radcap-imitation\/#primaryimage"},"thumbnailUrl":"https:\/\/turijnmagazijn.nl\/wp-content\/uploads\/2023\/03\/DN00100186-Lancia-schild-logo-58mm-Lancia-Kappa-coupe-wielcenter-wieldop-Imitatie-7.jpg","datePublished":"2023-03-03T07:57:42+00:00","dateModified":"2024-12-10T21:12:23+00:00","breadcrumb":{"@id":"https:\/\/turijnmagazijn.nl\/de\/produkt\/lancia-shield-logo-58mm-lancia-kappa-coupe-wielcenter-radcap-imitation\/#breadcrumb"},"inLanguage":"de","potentialAction":[{"@type":"ReadAction","target":["https:\/\/turijnmagazijn.nl\/de\/produkt\/lancia-shield-logo-58mm-lancia-kappa-coupe-wielcenter-radcap-imitation\/"]}]},{"@type":"ImageObject","inLanguage":"de","@id":"https:\/\/turijnmagazijn.nl\/de\/produkt\/lancia-shield-logo-58mm-lancia-kappa-coupe-wielcenter-radcap-imitation\/#primaryimage","url":"https:\/\/turijnmagazijn.nl\/wp-content\/uploads\/2023\/03\/DN00100186-Lancia-schild-logo-58mm-Lancia-Kappa-coupe-wielcenter-wieldop-Imitatie-7.jpg","contentUrl":"https:\/\/turijnmagazijn.nl\/wp-content\/uploads\/2023\/03\/DN00100186-Lancia-schild-logo-58mm-Lancia-Kappa-coupe-wielcenter-wieldop-Imitatie-7.jpg","width":1024,"height":768},{"@type":"BreadcrumbList","@id":"https:\/\/turijnmagazijn.nl\/de\/produkt\/lancia-shield-logo-58mm-lancia-kappa-coupe-wielcenter-radcap-imitation\/#breadcrumb","itemListElement":[{"@type":"ListItem","position":1,"name":"Home","item":"https:\/\/turijnmagazijn.nl\/de\/"},{"@type":"ListItem","position":2,"name":"Produkte","item":"https:\/\/turijnmagazijn.nl\/de\/shop\/"},{"@type":"ListItem","position":3,"name":"Lancia Schild Logo 58mm Lancia Kappa Coup\u00e9 Radmitte oder Radkappe -Imitatie-"}]},{"@type":"WebSite","@id":"https:\/\/turijnmagazijn.jumpstone-dev.nl\/#website","url":"https:\/\/turijnmagazijn.jumpstone-dev.nl\/","name":"Turijnmagazijn","description":"Onderdelen nieuw en gebruikt - Fiat &amp; Lancia","publisher":{"@id":"https:\/\/turijnmagazijn.jumpstone-dev.nl\/#organization"},"potentialAction":[{"@type":"SearchAction","target":{"@type":"EntryPoint","urlTemplate":"https:\/\/turijnmagazijn.jumpstone-dev.nl\/?s={search_term_string}"},"query-input":{"@type":"PropertyValueSpecification","valueRequired":true,"valueName":"search_term_string"}}],"inLanguage":"de"},{"@type":"Organization","@id":"https:\/\/turijnmagazijn.jumpstone-dev.nl\/#organization","name":"Turijnmagazijn","url":"https:\/\/turijnmagazijn.jumpstone-dev.nl\/","logo":{"@type":"ImageObject","inLanguage":"de","@id":"https:\/\/turijnmagazijn.jumpstone-dev.nl\/#\/schema\/logo\/image\/","url":"https:\/\/turijnmagazijn.nl\/wp-content\/uploads\/2021\/02\/turijnmagazijnlogo.png","contentUrl":"https:\/\/turijnmagazijn.nl\/wp-content\/uploads\/2021\/02\/turijnmagazijnlogo.png","width":555,"height":270,"caption":"Turijnmagazijn"},"image":{"@id":"https:\/\/turijnmagazijn.jumpstone-dev.nl\/#\/schema\/logo\/image\/"},"sameAs":["https:\/\/www.facebook.com\/turijnmagazijn"]}]}},"_links":{"self":[{"href":"https:\/\/turijnmagazijn.nl\/de\/wp-json\/wp\/v2\/product\/66752","targetHints":{"allow":["GET"]}}],"collection":[{"href":"https:\/\/turijnmagazijn.nl\/de\/wp-json\/wp\/v2\/product"}],"about":[{"href":"https:\/\/turijnmagazijn.nl\/de\/wp-json\/wp\/v2\/types\/product"}],"replies":[{"embeddable":true,"href":"https:\/\/turijnmagazijn.nl\/de\/wp-json\/wp\/v2\/comments?post=66752"}],"wp:featuredmedia":[{"embeddable":true,"href":"https:\/\/turijnmagazijn.nl\/de\/wp-json\/wp\/v2\/media\/54045"}],"wp:attachment":[{"href":"https:\/\/turijnmagazijn.nl\/de\/wp-json\/wp\/v2\/media?parent=66752"}],"wp:term":[{"taxonomy":"product_brand","embeddable":true,"href":"https:\/\/turijnmagazijn.nl\/de\/wp-json\/wp\/v2\/product_brand?post=66752"},{"taxonomy":"product_cat","embeddable":true,"href":"https:\/\/turijnmagazijn.nl\/de\/wp-json\/wp\/v2\/product_cat?post=66752"},{"taxonomy":"product_tag","embeddable":true,"href":"https:\/\/turijnmagazijn.nl\/de\/wp-json\/wp\/v2\/product_tag?post=66752"}],"curies":[{"name":"wp","href":"https:\/\/api.w.org\/{rel}","templated":true}]}}