{"id":66816,"date":"2023-03-03T09:59:19","date_gmt":"2023-03-03T08:59:19","guid":{"rendered":"https:\/\/turijnmagazijn.nl\/product\/lancia-wappen-logo-47mm-lancia-lybra-radmitte-imitation-set-4\/"},"modified":"2026-02-04T21:52:07","modified_gmt":"2026-02-04T20:52:07","slug":"lancia-schild-logo-47mm-lancia-lybra-radmitten-imitation-set-4","status":"publish","type":"product","link":"https:\/\/turijnmagazijn.nl\/de\/produkt\/lancia-schild-logo-47mm-lancia-lybra-radmitten-imitation-set-4\/","title":{"rendered":"Lancia Schild Logo 47mm Lancia Lybra &amp; Thesis Radk\u00f6rper -Imitatie- SET 4"},"content":{"rendered":"<p>Nachgeahmtes selbstklebendes Logo in Schildform mit Lancia-Logo blau, wei\u00df und chrom. Hochwertiges Gel-Dome-Logo als Ersatz f\u00fcr die Lancia-Logos auf Lancia Lybra.<\/p>\n<p>Diese Art von Logo mit einem Durchmesser zwischen den oberen beiden Ecken des 47-mm-Logos wird auf die Nabenkappe f\u00fcr Lancia Lybra-R\u00e4der aufgebracht, das Logo passt sowohl auf die Emblema- und Intensa-Optionsfelgen als auch auf die Standard-Leichtmetallfelgen.<\/p>\n<p><\/p>\n<p><span style=\"font-weight: bold;\">AUFMERKSAMKEIT!&nbsp;<\/span>Um diese selbstklebenden Logos platzieren zu k\u00f6nnen, ist eine ebene Montagefl\u00e4che von gro\u00dfer Bedeutung. Die Emblema-Nabenabdeckungen m\u00fcssen vor der Montage zu einer flachen Einheit abgeschliffen werden. Mit den Chromkappen des Standard-Leichtmetalls (Deckel mit OEM-46821049&nbsp;) sind zwei Varianten im Umlauf; eine mit einem kugelf\u00f6rmigen Logo aus Aluminium und eine mit einem flachen Logo aus Kunststoff. Bei letzterer Variante ist es am einfachsten, das Originallogo an Ort und Stelle zu belassen, leicht zu schleifen und zu entfetten und dann das selbstklebende Logo darauf zu kleben. Bei der Aluminiumvariante ist es am besten, zuerst das alte Logo zu entfernen, indem man die Metallbeine hinten aufbiegt. Darunter finden Sie zwei m\u00f6gliche Varianten von ungleichen B\u00f6den. F\u00fcllen Sie diesen Raum mit Silikondichtmittel und gl\u00e4tten Sie ihn gut. Nach dem Trocknen und Entfetten kann das selbstklebende Logo hier ordentlich platziert werden.<\/p>\n<p><\/p>\n<p>OEM-Nummer Nabenabdeckung \/ Radkappe, wo das Logo passt:&nbsp; <span style=\"color: rgb(30, 30, 34); font-family: Arial, Helvetica, sans-serif; font-weight: 700;\">82481959<\/span><\/p>\n<p>OEM-Nummer Nabenabdeckung \/ Radkappe, wo das Logo passt:&nbsp;<span style=\"color: rgb(30, 30, 34); font-family: Arial, Helvetica, sans-serif; font-weight: 700;\">46839166<\/span><\/p>\n<p>OEM-Nummer Nabenabdeckung \/ Radkappe, wo das Logo passt:&nbsp;<span style=\"font-weight: bold;\">46824862<\/span><\/p>\n<p>OEM-Nummer Nabenabdeckung \/ Radkappe, wo das Logo passt:&nbsp; <span style=\"font-weight: bold;\">46821049<\/span><\/p>\n<p>OEM-Nummer Nabenabdeckung \/ Radkappe, wo das Logo passt:&nbsp;<span style=\"font-weight: bold;\">46821048<\/span><\/p>\n<p>OEM-Nummer Nabenabdeckung \/ Radkappe, wo das Logo passt:&nbsp; <span style=\"font-weight: bold;\">46511557<\/span><\/p>\n<p>OEM-Nummer Nabenabdeckung \/ Radkappe, wo das Logo passt:&nbsp;<span style=\"font-weight: bold;\">46556983<\/span><\/p>\n<p><span style=\"font-weight: bold;\"><br \/><\/span><\/p>\n<p><span style=\"font-weight: bold;\">Kein Originalteil, sondern ein hochwertiger Nachbau f\u00fcr die Reparatur eines verlorenen oder h\u00e4sslichen Logos auf einer originalen Nabenabdeckung oder Radkappe f\u00fcr Lancia Lybra!<\/span><\/p>\n<p><span style=\"font-weight: bold;\">Bei der Liefergr\u00f6\u00dfe handelt es sich um einen Satz von 4 Exemplaren.<\/span><\/p>\n","protected":false},"excerpt":{"rendered":"<p>Lancia Schild Logo 47mm Lancia Lybra Radmitte -Imitation- SET 4 &#8211; Nachahmung selbstklebendes Logo in Schildform mit Lancia Logo blau wei\u00df und chrom.<\/p>\n","protected":false},"featured_media":54385,"comment_status":"open","ping_status":"closed","template":"","meta":{"_acf_changed":false},"product_brand":[],"product_cat":[1797,1874,1883,1878,1905],"product_tag":[],"class_list":{"0":"post-66816","1":"product","2":"type-product","3":"status-publish","4":"has-post-thumbnail","6":"product_cat-lancia-de","7":"product_cat-lybra-839-de","8":"product_cat-sedan-lybra-839-de","9":"product_cat-sw-lybra-839-de","10":"product_cat-thesis-841-de","11":"pa_soort-onderdeel-interieur-und-polsterung","13":"first","14":"instock","15":"taxable","16":"shipping-taxable","17":"purchasable","18":"product-type-simple"},"acf":[],"yoast_head":"<!-- This site is optimized with the Yoast SEO plugin v27.2 - https:\/\/yoast.com\/product\/yoast-seo-wordpress\/ -->\n<title>Lancia Schild Logo 47mm Lancia Lybra &amp; Thesis Radk\u00f6rper -Imitatie- SET 4 - Turijnmagazijn<\/title>\n<meta name=\"robots\" content=\"index, follow, max-snippet:-1, max-image-preview:large, max-video-preview:-1\" \/>\n<link rel=\"canonical\" href=\"https:\/\/turijnmagazijn.nl\/de\/produkt\/lancia-schild-logo-47mm-lancia-lybra-radmitten-imitation-set-4\/\" \/>\n<meta property=\"og:locale\" content=\"de_DE\" \/>\n<meta property=\"og:type\" content=\"article\" \/>\n<meta property=\"og:title\" content=\"Lancia Schild Logo 47mm Lancia Lybra &amp; Thesis Radk\u00f6rper -Imitatie- SET 4 - Turijnmagazijn\" \/>\n<meta property=\"og:description\" content=\"Lancia Schild Logo 47mm Lancia Lybra Radmitte -Imitation- SET 4 - Nachahmung selbstklebendes Logo in Schildform mit Lancia Logo blau wei\u00df und chrom.\" \/>\n<meta property=\"og:url\" content=\"https:\/\/turijnmagazijn.nl\/de\/produkt\/lancia-schild-logo-47mm-lancia-lybra-radmitten-imitation-set-4\/\" \/>\n<meta property=\"og:site_name\" content=\"Turijnmagazijn\" \/>\n<meta property=\"article:publisher\" content=\"https:\/\/www.facebook.com\/turijnmagazijn\" \/>\n<meta property=\"article:modified_time\" content=\"2026-02-04T20:52:07+00:00\" \/>\n<meta property=\"og:image\" content=\"https:\/\/turijnmagazijn.nl\/wp-content\/uploads\/2023\/03\/DN00100196-S-9-1.jpg\" \/>\n\t<meta property=\"og:image:width\" content=\"1024\" \/>\n\t<meta property=\"og:image:height\" content=\"768\" \/>\n\t<meta property=\"og:image:type\" content=\"image\/jpeg\" \/>\n<meta name=\"twitter:card\" content=\"summary_large_image\" \/>\n<meta name=\"twitter:label1\" content=\"Gesch\u00e4tzte Lesezeit\" \/>\n\t<meta name=\"twitter:data1\" content=\"2\u00a0Minuten\" \/>\n<script type=\"application\/ld+json\" class=\"yoast-schema-graph\">{\"@context\":\"https:\/\/schema.org\",\"@graph\":[{\"@type\":\"WebPage\",\"@id\":\"https:\/\/turijnmagazijn.nl\/de\/produkt\/lancia-schild-logo-47mm-lancia-lybra-radmitten-imitation-set-4\/\",\"url\":\"https:\/\/turijnmagazijn.nl\/de\/produkt\/lancia-schild-logo-47mm-lancia-lybra-radmitten-imitation-set-4\/\",\"name\":\"Lancia Schild Logo 47mm Lancia Lybra &amp; Thesis Radk\u00f6rper -Imitatie- SET 4 - Turijnmagazijn\",\"isPartOf\":{\"@id\":\"https:\/\/turijnmagazijn.jumpstone-dev.nl\/#website\"},\"primaryImageOfPage\":{\"@id\":\"https:\/\/turijnmagazijn.nl\/de\/produkt\/lancia-schild-logo-47mm-lancia-lybra-radmitten-imitation-set-4\/#primaryimage\"},\"image\":{\"@id\":\"https:\/\/turijnmagazijn.nl\/de\/produkt\/lancia-schild-logo-47mm-lancia-lybra-radmitten-imitation-set-4\/#primaryimage\"},\"thumbnailUrl\":\"https:\/\/turijnmagazijn.nl\/wp-content\/uploads\/2023\/03\/DN00100196-S-9-1.jpg\",\"datePublished\":\"2023-03-03T08:59:19+00:00\",\"dateModified\":\"2026-02-04T20:52:07+00:00\",\"breadcrumb\":{\"@id\":\"https:\/\/turijnmagazijn.nl\/de\/produkt\/lancia-schild-logo-47mm-lancia-lybra-radmitten-imitation-set-4\/#breadcrumb\"},\"inLanguage\":\"de\",\"potentialAction\":[{\"@type\":\"ReadAction\",\"target\":[\"https:\/\/turijnmagazijn.nl\/de\/produkt\/lancia-schild-logo-47mm-lancia-lybra-radmitten-imitation-set-4\/\"]}]},{\"@type\":\"ImageObject\",\"inLanguage\":\"de\",\"@id\":\"https:\/\/turijnmagazijn.nl\/de\/produkt\/lancia-schild-logo-47mm-lancia-lybra-radmitten-imitation-set-4\/#primaryimage\",\"url\":\"https:\/\/turijnmagazijn.nl\/wp-content\/uploads\/2023\/03\/DN00100196-S-9-1.jpg\",\"contentUrl\":\"https:\/\/turijnmagazijn.nl\/wp-content\/uploads\/2023\/03\/DN00100196-S-9-1.jpg\",\"width\":1024,\"height\":768},{\"@type\":\"BreadcrumbList\",\"@id\":\"https:\/\/turijnmagazijn.nl\/de\/produkt\/lancia-schild-logo-47mm-lancia-lybra-radmitten-imitation-set-4\/#breadcrumb\",\"itemListElement\":[{\"@type\":\"ListItem\",\"position\":1,\"name\":\"Home\",\"item\":\"https:\/\/turijnmagazijn.nl\/de\/\"},{\"@type\":\"ListItem\",\"position\":2,\"name\":\"Produkte\",\"item\":\"https:\/\/turijnmagazijn.nl\/de\/shop\/\"},{\"@type\":\"ListItem\",\"position\":3,\"name\":\"Lancia Schild Logo 47mm Lancia Lybra &amp; Thesis Radk\u00f6rper -Imitatie- SET 4\"}]},{\"@type\":\"WebSite\",\"@id\":\"https:\/\/turijnmagazijn.jumpstone-dev.nl\/#website\",\"url\":\"https:\/\/turijnmagazijn.jumpstone-dev.nl\/\",\"name\":\"Turijnmagazijn\",\"description\":\"Onderdelen nieuw en gebruikt - Fiat &amp; Lancia\",\"publisher\":{\"@id\":\"https:\/\/turijnmagazijn.jumpstone-dev.nl\/#organization\"},\"potentialAction\":[{\"@type\":\"SearchAction\",\"target\":{\"@type\":\"EntryPoint\",\"urlTemplate\":\"https:\/\/turijnmagazijn.jumpstone-dev.nl\/?s={search_term_string}\"},\"query-input\":{\"@type\":\"PropertyValueSpecification\",\"valueRequired\":true,\"valueName\":\"search_term_string\"}}],\"inLanguage\":\"de\"},{\"@type\":\"Organization\",\"@id\":\"https:\/\/turijnmagazijn.jumpstone-dev.nl\/#organization\",\"name\":\"Turijnmagazijn\",\"url\":\"https:\/\/turijnmagazijn.jumpstone-dev.nl\/\",\"logo\":{\"@type\":\"ImageObject\",\"inLanguage\":\"de\",\"@id\":\"https:\/\/turijnmagazijn.jumpstone-dev.nl\/#\/schema\/logo\/image\/\",\"url\":\"https:\/\/turijnmagazijn.nl\/wp-content\/uploads\/2021\/02\/turijnmagazijnlogo.png\",\"contentUrl\":\"https:\/\/turijnmagazijn.nl\/wp-content\/uploads\/2021\/02\/turijnmagazijnlogo.png\",\"width\":555,\"height\":270,\"caption\":\"Turijnmagazijn\"},\"image\":{\"@id\":\"https:\/\/turijnmagazijn.jumpstone-dev.nl\/#\/schema\/logo\/image\/\"},\"sameAs\":[\"https:\/\/www.facebook.com\/turijnmagazijn\"]}]}<\/script>\n<!-- \/ Yoast SEO plugin. -->","yoast_head_json":{"title":"Lancia Schild Logo 47mm Lancia Lybra &amp; Thesis Radk\u00f6rper -Imitatie- SET 4 - Turijnmagazijn","robots":{"index":"index","follow":"follow","max-snippet":"max-snippet:-1","max-image-preview":"max-image-preview:large","max-video-preview":"max-video-preview:-1"},"canonical":"https:\/\/turijnmagazijn.nl\/de\/produkt\/lancia-schild-logo-47mm-lancia-lybra-radmitten-imitation-set-4\/","og_locale":"de_DE","og_type":"article","og_title":"Lancia Schild Logo 47mm Lancia Lybra &amp; Thesis Radk\u00f6rper -Imitatie- SET 4 - Turijnmagazijn","og_description":"Lancia Schild Logo 47mm Lancia Lybra Radmitte -Imitation- SET 4 - Nachahmung selbstklebendes Logo in Schildform mit Lancia Logo blau wei\u00df und chrom.","og_url":"https:\/\/turijnmagazijn.nl\/de\/produkt\/lancia-schild-logo-47mm-lancia-lybra-radmitten-imitation-set-4\/","og_site_name":"Turijnmagazijn","article_publisher":"https:\/\/www.facebook.com\/turijnmagazijn","article_modified_time":"2026-02-04T20:52:07+00:00","og_image":[{"width":1024,"height":768,"url":"https:\/\/turijnmagazijn.nl\/wp-content\/uploads\/2023\/03\/DN00100196-S-9-1.jpg","type":"image\/jpeg"}],"twitter_card":"summary_large_image","twitter_misc":{"Gesch\u00e4tzte Lesezeit":"2\u00a0Minuten"},"schema":{"@context":"https:\/\/schema.org","@graph":[{"@type":"WebPage","@id":"https:\/\/turijnmagazijn.nl\/de\/produkt\/lancia-schild-logo-47mm-lancia-lybra-radmitten-imitation-set-4\/","url":"https:\/\/turijnmagazijn.nl\/de\/produkt\/lancia-schild-logo-47mm-lancia-lybra-radmitten-imitation-set-4\/","name":"Lancia Schild Logo 47mm Lancia Lybra &amp; Thesis Radk\u00f6rper -Imitatie- SET 4 - Turijnmagazijn","isPartOf":{"@id":"https:\/\/turijnmagazijn.jumpstone-dev.nl\/#website"},"primaryImageOfPage":{"@id":"https:\/\/turijnmagazijn.nl\/de\/produkt\/lancia-schild-logo-47mm-lancia-lybra-radmitten-imitation-set-4\/#primaryimage"},"image":{"@id":"https:\/\/turijnmagazijn.nl\/de\/produkt\/lancia-schild-logo-47mm-lancia-lybra-radmitten-imitation-set-4\/#primaryimage"},"thumbnailUrl":"https:\/\/turijnmagazijn.nl\/wp-content\/uploads\/2023\/03\/DN00100196-S-9-1.jpg","datePublished":"2023-03-03T08:59:19+00:00","dateModified":"2026-02-04T20:52:07+00:00","breadcrumb":{"@id":"https:\/\/turijnmagazijn.nl\/de\/produkt\/lancia-schild-logo-47mm-lancia-lybra-radmitten-imitation-set-4\/#breadcrumb"},"inLanguage":"de","potentialAction":[{"@type":"ReadAction","target":["https:\/\/turijnmagazijn.nl\/de\/produkt\/lancia-schild-logo-47mm-lancia-lybra-radmitten-imitation-set-4\/"]}]},{"@type":"ImageObject","inLanguage":"de","@id":"https:\/\/turijnmagazijn.nl\/de\/produkt\/lancia-schild-logo-47mm-lancia-lybra-radmitten-imitation-set-4\/#primaryimage","url":"https:\/\/turijnmagazijn.nl\/wp-content\/uploads\/2023\/03\/DN00100196-S-9-1.jpg","contentUrl":"https:\/\/turijnmagazijn.nl\/wp-content\/uploads\/2023\/03\/DN00100196-S-9-1.jpg","width":1024,"height":768},{"@type":"BreadcrumbList","@id":"https:\/\/turijnmagazijn.nl\/de\/produkt\/lancia-schild-logo-47mm-lancia-lybra-radmitten-imitation-set-4\/#breadcrumb","itemListElement":[{"@type":"ListItem","position":1,"name":"Home","item":"https:\/\/turijnmagazijn.nl\/de\/"},{"@type":"ListItem","position":2,"name":"Produkte","item":"https:\/\/turijnmagazijn.nl\/de\/shop\/"},{"@type":"ListItem","position":3,"name":"Lancia Schild Logo 47mm Lancia Lybra &amp; Thesis Radk\u00f6rper -Imitatie- SET 4"}]},{"@type":"WebSite","@id":"https:\/\/turijnmagazijn.jumpstone-dev.nl\/#website","url":"https:\/\/turijnmagazijn.jumpstone-dev.nl\/","name":"Turijnmagazijn","description":"Onderdelen nieuw en gebruikt - Fiat &amp; Lancia","publisher":{"@id":"https:\/\/turijnmagazijn.jumpstone-dev.nl\/#organization"},"potentialAction":[{"@type":"SearchAction","target":{"@type":"EntryPoint","urlTemplate":"https:\/\/turijnmagazijn.jumpstone-dev.nl\/?s={search_term_string}"},"query-input":{"@type":"PropertyValueSpecification","valueRequired":true,"valueName":"search_term_string"}}],"inLanguage":"de"},{"@type":"Organization","@id":"https:\/\/turijnmagazijn.jumpstone-dev.nl\/#organization","name":"Turijnmagazijn","url":"https:\/\/turijnmagazijn.jumpstone-dev.nl\/","logo":{"@type":"ImageObject","inLanguage":"de","@id":"https:\/\/turijnmagazijn.jumpstone-dev.nl\/#\/schema\/logo\/image\/","url":"https:\/\/turijnmagazijn.nl\/wp-content\/uploads\/2021\/02\/turijnmagazijnlogo.png","contentUrl":"https:\/\/turijnmagazijn.nl\/wp-content\/uploads\/2021\/02\/turijnmagazijnlogo.png","width":555,"height":270,"caption":"Turijnmagazijn"},"image":{"@id":"https:\/\/turijnmagazijn.jumpstone-dev.nl\/#\/schema\/logo\/image\/"},"sameAs":["https:\/\/www.facebook.com\/turijnmagazijn"]}]}},"_links":{"self":[{"href":"https:\/\/turijnmagazijn.nl\/de\/wp-json\/wp\/v2\/product\/66816","targetHints":{"allow":["GET"]}}],"collection":[{"href":"https:\/\/turijnmagazijn.nl\/de\/wp-json\/wp\/v2\/product"}],"about":[{"href":"https:\/\/turijnmagazijn.nl\/de\/wp-json\/wp\/v2\/types\/product"}],"replies":[{"embeddable":true,"href":"https:\/\/turijnmagazijn.nl\/de\/wp-json\/wp\/v2\/comments?post=66816"}],"wp:featuredmedia":[{"embeddable":true,"href":"https:\/\/turijnmagazijn.nl\/de\/wp-json\/wp\/v2\/media\/54385"}],"wp:attachment":[{"href":"https:\/\/turijnmagazijn.nl\/de\/wp-json\/wp\/v2\/media?parent=66816"}],"wp:term":[{"taxonomy":"product_brand","embeddable":true,"href":"https:\/\/turijnmagazijn.nl\/de\/wp-json\/wp\/v2\/product_brand?post=66816"},{"taxonomy":"product_cat","embeddable":true,"href":"https:\/\/turijnmagazijn.nl\/de\/wp-json\/wp\/v2\/product_cat?post=66816"},{"taxonomy":"product_tag","embeddable":true,"href":"https:\/\/turijnmagazijn.nl\/de\/wp-json\/wp\/v2\/product_tag?post=66816"}],"curies":[{"name":"wp","href":"https:\/\/api.w.org\/{rel}","templated":true}]}}