{"id":66820,"date":"2023-03-03T10:00:04","date_gmt":"2023-03-03T09:00:04","guid":{"rendered":"https:\/\/turijnmagazijn.nl\/product\/fender-logo-aufkleber-lancia-kappa-3-0-imitation-set-2tlg\/"},"modified":"2025-05-29T19:45:29","modified_gmt":"2025-05-29T17:45:29","slug":"fender-logo-sticker-lancia-kappa-3-0-imitation-set-2pcs","status":"publish","type":"product","link":"https:\/\/turijnmagazijn.nl\/de\/produkt\/fender-logo-sticker-lancia-kappa-3-0-imitation-set-2pcs\/","title":{"rendered":"Fender Logo Aufkleber Lancia Kappa 3.0 -IMITATION- Set 2tlg."},"content":{"rendered":"<p>Ste von 2 neuen Imitationslogos f\u00fcr den Kotfl\u00fcgel f\u00fcr Lancia Kappa.&nbsp;<\/p>\n<p>Die Logos finden sich auf den Kotfl\u00fcgeln aller Modelle von Lancia Kappa.&nbsp;<\/p>\n<p>Oft sind die urspr\u00fcnglichen Logos durch das Eindringen von Feuchtigkeit h\u00e4sslich geworden. Diese selbstklebenden Ersatzlogos sind eine gute und kosteng\u00fcnstige Alternative zu einem originalen Ersatzlogo, das oft um die 30 Euro pro St\u00fcck kostet.<\/p>\n<p>Anmerkung! Dieser Artikel wird ohne das verchromte &#8222;Tablett&#8220; geliefert, in dem sich das Logo befindet. Das Tablett kann fast immer wiederverwendet werden und das alte Logo l\u00e4sst sich leicht aus dem Tablett entfernen.<\/p>\n<p><\/p>\n<p>OEM Lancia (REFERENZ BETRIFFT NUR NACHAHMUNGSTEIL)&nbsp;464Fiat, Fiat &gt; Grande Punto [199], 91<\/p>\n","protected":false},"excerpt":{"rendered":"<p>Fender Logo Aufkleber Lancia Kappa -IMITATION- Set 2tlg. &#8211; Ste von 2 neuen Imitation Logos f\u00fcr den Kotfl\u00fcgel f\u00fcr Lancia Kappa.Fender Logo Aufkleber Lancia Kappa 3.0 -IMITATION- Set 2tlg. &#8211; Ste von 2 neuen Imitationslogos f\u00fcr den Kotfl\u00fcgel f\u00fcr Lancia<\/p>\n","protected":false},"featured_media":54557,"comment_status":"open","ping_status":"closed","template":"","meta":{"_acf_changed":false},"product_brand":[],"product_cat":[1864,1867,1859,1797,1869],"product_tag":[],"class_list":{"0":"post-66820","1":"product","2":"type-product","3":"status-publish","4":"has-post-thumbnail","6":"product_cat-berlina-de","7":"product_cat-coupe-de","8":"product_cat-kappa-838-de","9":"product_cat-lancia-de","10":"product_cat-sw-de","11":"pa_soort-onderdeel-kleines-material","13":"first","14":"instock","15":"taxable","16":"shipping-taxable","17":"purchasable","18":"product-type-simple"},"acf":[],"yoast_head":"<!-- This site is optimized with the Yoast SEO plugin v27.2 - https:\/\/yoast.com\/product\/yoast-seo-wordpress\/ -->\n<title>Fender Logo Aufkleber Lancia Kappa 3.0 -IMITATION- Set 2tlg. - Turijnmagazijn<\/title>\n<meta name=\"robots\" content=\"index, follow, max-snippet:-1, max-image-preview:large, max-video-preview:-1\" \/>\n<link rel=\"canonical\" href=\"https:\/\/turijnmagazijn.nl\/de\/produkt\/fender-logo-sticker-lancia-kappa-3-0-imitation-set-2pcs\/\" \/>\n<meta property=\"og:locale\" content=\"de_DE\" \/>\n<meta property=\"og:type\" content=\"article\" \/>\n<meta property=\"og:title\" content=\"Fender Logo Aufkleber Lancia Kappa 3.0 -IMITATION- Set 2tlg. - Turijnmagazijn\" \/>\n<meta property=\"og:description\" content=\"Fender Logo Aufkleber Lancia Kappa -IMITATION- Set 2tlg. - Ste von 2 neuen Imitation Logos f\u00fcr den Kotfl\u00fcgel f\u00fcr Lancia Kappa.Fender Logo Aufkleber Lancia Kappa 3.0 -IMITATION- Set 2tlg. - Ste von 2 neuen Imitationslogos f\u00fcr den Kotfl\u00fcgel f\u00fcr Lancia\" \/>\n<meta property=\"og:url\" content=\"https:\/\/turijnmagazijn.nl\/de\/produkt\/fender-logo-sticker-lancia-kappa-3-0-imitation-set-2pcs\/\" \/>\n<meta property=\"og:site_name\" content=\"Turijnmagazijn\" \/>\n<meta property=\"article:publisher\" content=\"https:\/\/www.facebook.com\/turijnmagazijn\" \/>\n<meta property=\"article:modified_time\" content=\"2025-05-29T17:45:29+00:00\" \/>\n<meta property=\"og:image\" content=\"https:\/\/turijnmagazijn.nl\/wp-content\/uploads\/2023\/03\/DN00100205-Spatbord-logo-sticker-Lancia-Kappa-3.0-IMITATIE-set-2st-2-1.jpg\" \/>\n\t<meta property=\"og:image:width\" content=\"1024\" \/>\n\t<meta property=\"og:image:height\" content=\"768\" \/>\n\t<meta property=\"og:image:type\" content=\"image\/jpeg\" \/>\n<meta name=\"twitter:card\" content=\"summary_large_image\" \/>\n<meta name=\"twitter:label1\" content=\"Gesch\u00e4tzte Lesezeit\" \/>\n\t<meta name=\"twitter:data1\" content=\"1\u00a0Minute\" \/>\n<script type=\"application\/ld+json\" class=\"yoast-schema-graph\">{\"@context\":\"https:\/\/schema.org\",\"@graph\":[{\"@type\":\"WebPage\",\"@id\":\"https:\/\/turijnmagazijn.nl\/de\/produkt\/fender-logo-sticker-lancia-kappa-3-0-imitation-set-2pcs\/\",\"url\":\"https:\/\/turijnmagazijn.nl\/de\/produkt\/fender-logo-sticker-lancia-kappa-3-0-imitation-set-2pcs\/\",\"name\":\"Fender Logo Aufkleber Lancia Kappa 3.0 -IMITATION- Set 2tlg. - Turijnmagazijn\",\"isPartOf\":{\"@id\":\"https:\/\/turijnmagazijn.jumpstone-dev.nl\/#website\"},\"primaryImageOfPage\":{\"@id\":\"https:\/\/turijnmagazijn.nl\/de\/produkt\/fender-logo-sticker-lancia-kappa-3-0-imitation-set-2pcs\/#primaryimage\"},\"image\":{\"@id\":\"https:\/\/turijnmagazijn.nl\/de\/produkt\/fender-logo-sticker-lancia-kappa-3-0-imitation-set-2pcs\/#primaryimage\"},\"thumbnailUrl\":\"https:\/\/turijnmagazijn.nl\/wp-content\/uploads\/2023\/03\/DN00100205-Spatbord-logo-sticker-Lancia-Kappa-3.0-IMITATIE-set-2st-2-1.jpg\",\"datePublished\":\"2023-03-03T09:00:04+00:00\",\"dateModified\":\"2025-05-29T17:45:29+00:00\",\"breadcrumb\":{\"@id\":\"https:\/\/turijnmagazijn.nl\/de\/produkt\/fender-logo-sticker-lancia-kappa-3-0-imitation-set-2pcs\/#breadcrumb\"},\"inLanguage\":\"de\",\"potentialAction\":[{\"@type\":\"ReadAction\",\"target\":[\"https:\/\/turijnmagazijn.nl\/de\/produkt\/fender-logo-sticker-lancia-kappa-3-0-imitation-set-2pcs\/\"]}]},{\"@type\":\"ImageObject\",\"inLanguage\":\"de\",\"@id\":\"https:\/\/turijnmagazijn.nl\/de\/produkt\/fender-logo-sticker-lancia-kappa-3-0-imitation-set-2pcs\/#primaryimage\",\"url\":\"https:\/\/turijnmagazijn.nl\/wp-content\/uploads\/2023\/03\/DN00100205-Spatbord-logo-sticker-Lancia-Kappa-3.0-IMITATIE-set-2st-2-1.jpg\",\"contentUrl\":\"https:\/\/turijnmagazijn.nl\/wp-content\/uploads\/2023\/03\/DN00100205-Spatbord-logo-sticker-Lancia-Kappa-3.0-IMITATIE-set-2st-2-1.jpg\",\"width\":1024,\"height\":768},{\"@type\":\"BreadcrumbList\",\"@id\":\"https:\/\/turijnmagazijn.nl\/de\/produkt\/fender-logo-sticker-lancia-kappa-3-0-imitation-set-2pcs\/#breadcrumb\",\"itemListElement\":[{\"@type\":\"ListItem\",\"position\":1,\"name\":\"Home\",\"item\":\"https:\/\/turijnmagazijn.nl\/de\/\"},{\"@type\":\"ListItem\",\"position\":2,\"name\":\"Produkte\",\"item\":\"https:\/\/turijnmagazijn.nl\/de\/shop\/\"},{\"@type\":\"ListItem\",\"position\":3,\"name\":\"Fender Logo Aufkleber Lancia Kappa 3.0 -IMITATION- Set 2tlg.\"}]},{\"@type\":\"WebSite\",\"@id\":\"https:\/\/turijnmagazijn.jumpstone-dev.nl\/#website\",\"url\":\"https:\/\/turijnmagazijn.jumpstone-dev.nl\/\",\"name\":\"Turijnmagazijn\",\"description\":\"Onderdelen nieuw en gebruikt - Fiat &amp; Lancia\",\"publisher\":{\"@id\":\"https:\/\/turijnmagazijn.jumpstone-dev.nl\/#organization\"},\"potentialAction\":[{\"@type\":\"SearchAction\",\"target\":{\"@type\":\"EntryPoint\",\"urlTemplate\":\"https:\/\/turijnmagazijn.jumpstone-dev.nl\/?s={search_term_string}\"},\"query-input\":{\"@type\":\"PropertyValueSpecification\",\"valueRequired\":true,\"valueName\":\"search_term_string\"}}],\"inLanguage\":\"de\"},{\"@type\":\"Organization\",\"@id\":\"https:\/\/turijnmagazijn.jumpstone-dev.nl\/#organization\",\"name\":\"Turijnmagazijn\",\"url\":\"https:\/\/turijnmagazijn.jumpstone-dev.nl\/\",\"logo\":{\"@type\":\"ImageObject\",\"inLanguage\":\"de\",\"@id\":\"https:\/\/turijnmagazijn.jumpstone-dev.nl\/#\/schema\/logo\/image\/\",\"url\":\"https:\/\/turijnmagazijn.nl\/wp-content\/uploads\/2021\/02\/turijnmagazijnlogo.png\",\"contentUrl\":\"https:\/\/turijnmagazijn.nl\/wp-content\/uploads\/2021\/02\/turijnmagazijnlogo.png\",\"width\":555,\"height\":270,\"caption\":\"Turijnmagazijn\"},\"image\":{\"@id\":\"https:\/\/turijnmagazijn.jumpstone-dev.nl\/#\/schema\/logo\/image\/\"},\"sameAs\":[\"https:\/\/www.facebook.com\/turijnmagazijn\"]}]}<\/script>\n<!-- \/ Yoast SEO plugin. -->","yoast_head_json":{"title":"Fender Logo Aufkleber Lancia Kappa 3.0 -IMITATION- Set 2tlg. - Turijnmagazijn","robots":{"index":"index","follow":"follow","max-snippet":"max-snippet:-1","max-image-preview":"max-image-preview:large","max-video-preview":"max-video-preview:-1"},"canonical":"https:\/\/turijnmagazijn.nl\/de\/produkt\/fender-logo-sticker-lancia-kappa-3-0-imitation-set-2pcs\/","og_locale":"de_DE","og_type":"article","og_title":"Fender Logo Aufkleber Lancia Kappa 3.0 -IMITATION- Set 2tlg. - Turijnmagazijn","og_description":"Fender Logo Aufkleber Lancia Kappa -IMITATION- Set 2tlg. - Ste von 2 neuen Imitation Logos f\u00fcr den Kotfl\u00fcgel f\u00fcr Lancia Kappa.Fender Logo Aufkleber Lancia Kappa 3.0 -IMITATION- Set 2tlg. - Ste von 2 neuen Imitationslogos f\u00fcr den Kotfl\u00fcgel f\u00fcr Lancia","og_url":"https:\/\/turijnmagazijn.nl\/de\/produkt\/fender-logo-sticker-lancia-kappa-3-0-imitation-set-2pcs\/","og_site_name":"Turijnmagazijn","article_publisher":"https:\/\/www.facebook.com\/turijnmagazijn","article_modified_time":"2025-05-29T17:45:29+00:00","og_image":[{"width":1024,"height":768,"url":"https:\/\/turijnmagazijn.nl\/wp-content\/uploads\/2023\/03\/DN00100205-Spatbord-logo-sticker-Lancia-Kappa-3.0-IMITATIE-set-2st-2-1.jpg","type":"image\/jpeg"}],"twitter_card":"summary_large_image","twitter_misc":{"Gesch\u00e4tzte Lesezeit":"1\u00a0Minute"},"schema":{"@context":"https:\/\/schema.org","@graph":[{"@type":"WebPage","@id":"https:\/\/turijnmagazijn.nl\/de\/produkt\/fender-logo-sticker-lancia-kappa-3-0-imitation-set-2pcs\/","url":"https:\/\/turijnmagazijn.nl\/de\/produkt\/fender-logo-sticker-lancia-kappa-3-0-imitation-set-2pcs\/","name":"Fender Logo Aufkleber Lancia Kappa 3.0 -IMITATION- Set 2tlg. - Turijnmagazijn","isPartOf":{"@id":"https:\/\/turijnmagazijn.jumpstone-dev.nl\/#website"},"primaryImageOfPage":{"@id":"https:\/\/turijnmagazijn.nl\/de\/produkt\/fender-logo-sticker-lancia-kappa-3-0-imitation-set-2pcs\/#primaryimage"},"image":{"@id":"https:\/\/turijnmagazijn.nl\/de\/produkt\/fender-logo-sticker-lancia-kappa-3-0-imitation-set-2pcs\/#primaryimage"},"thumbnailUrl":"https:\/\/turijnmagazijn.nl\/wp-content\/uploads\/2023\/03\/DN00100205-Spatbord-logo-sticker-Lancia-Kappa-3.0-IMITATIE-set-2st-2-1.jpg","datePublished":"2023-03-03T09:00:04+00:00","dateModified":"2025-05-29T17:45:29+00:00","breadcrumb":{"@id":"https:\/\/turijnmagazijn.nl\/de\/produkt\/fender-logo-sticker-lancia-kappa-3-0-imitation-set-2pcs\/#breadcrumb"},"inLanguage":"de","potentialAction":[{"@type":"ReadAction","target":["https:\/\/turijnmagazijn.nl\/de\/produkt\/fender-logo-sticker-lancia-kappa-3-0-imitation-set-2pcs\/"]}]},{"@type":"ImageObject","inLanguage":"de","@id":"https:\/\/turijnmagazijn.nl\/de\/produkt\/fender-logo-sticker-lancia-kappa-3-0-imitation-set-2pcs\/#primaryimage","url":"https:\/\/turijnmagazijn.nl\/wp-content\/uploads\/2023\/03\/DN00100205-Spatbord-logo-sticker-Lancia-Kappa-3.0-IMITATIE-set-2st-2-1.jpg","contentUrl":"https:\/\/turijnmagazijn.nl\/wp-content\/uploads\/2023\/03\/DN00100205-Spatbord-logo-sticker-Lancia-Kappa-3.0-IMITATIE-set-2st-2-1.jpg","width":1024,"height":768},{"@type":"BreadcrumbList","@id":"https:\/\/turijnmagazijn.nl\/de\/produkt\/fender-logo-sticker-lancia-kappa-3-0-imitation-set-2pcs\/#breadcrumb","itemListElement":[{"@type":"ListItem","position":1,"name":"Home","item":"https:\/\/turijnmagazijn.nl\/de\/"},{"@type":"ListItem","position":2,"name":"Produkte","item":"https:\/\/turijnmagazijn.nl\/de\/shop\/"},{"@type":"ListItem","position":3,"name":"Fender Logo Aufkleber Lancia Kappa 3.0 -IMITATION- Set 2tlg."}]},{"@type":"WebSite","@id":"https:\/\/turijnmagazijn.jumpstone-dev.nl\/#website","url":"https:\/\/turijnmagazijn.jumpstone-dev.nl\/","name":"Turijnmagazijn","description":"Onderdelen nieuw en gebruikt - Fiat &amp; Lancia","publisher":{"@id":"https:\/\/turijnmagazijn.jumpstone-dev.nl\/#organization"},"potentialAction":[{"@type":"SearchAction","target":{"@type":"EntryPoint","urlTemplate":"https:\/\/turijnmagazijn.jumpstone-dev.nl\/?s={search_term_string}"},"query-input":{"@type":"PropertyValueSpecification","valueRequired":true,"valueName":"search_term_string"}}],"inLanguage":"de"},{"@type":"Organization","@id":"https:\/\/turijnmagazijn.jumpstone-dev.nl\/#organization","name":"Turijnmagazijn","url":"https:\/\/turijnmagazijn.jumpstone-dev.nl\/","logo":{"@type":"ImageObject","inLanguage":"de","@id":"https:\/\/turijnmagazijn.jumpstone-dev.nl\/#\/schema\/logo\/image\/","url":"https:\/\/turijnmagazijn.nl\/wp-content\/uploads\/2021\/02\/turijnmagazijnlogo.png","contentUrl":"https:\/\/turijnmagazijn.nl\/wp-content\/uploads\/2021\/02\/turijnmagazijnlogo.png","width":555,"height":270,"caption":"Turijnmagazijn"},"image":{"@id":"https:\/\/turijnmagazijn.jumpstone-dev.nl\/#\/schema\/logo\/image\/"},"sameAs":["https:\/\/www.facebook.com\/turijnmagazijn"]}]}},"_links":{"self":[{"href":"https:\/\/turijnmagazijn.nl\/de\/wp-json\/wp\/v2\/product\/66820","targetHints":{"allow":["GET"]}}],"collection":[{"href":"https:\/\/turijnmagazijn.nl\/de\/wp-json\/wp\/v2\/product"}],"about":[{"href":"https:\/\/turijnmagazijn.nl\/de\/wp-json\/wp\/v2\/types\/product"}],"replies":[{"embeddable":true,"href":"https:\/\/turijnmagazijn.nl\/de\/wp-json\/wp\/v2\/comments?post=66820"}],"wp:featuredmedia":[{"embeddable":true,"href":"https:\/\/turijnmagazijn.nl\/de\/wp-json\/wp\/v2\/media\/54557"}],"wp:attachment":[{"href":"https:\/\/turijnmagazijn.nl\/de\/wp-json\/wp\/v2\/media?parent=66820"}],"wp:term":[{"taxonomy":"product_brand","embeddable":true,"href":"https:\/\/turijnmagazijn.nl\/de\/wp-json\/wp\/v2\/product_brand?post=66820"},{"taxonomy":"product_cat","embeddable":true,"href":"https:\/\/turijnmagazijn.nl\/de\/wp-json\/wp\/v2\/product_cat?post=66820"},{"taxonomy":"product_tag","embeddable":true,"href":"https:\/\/turijnmagazijn.nl\/de\/wp-json\/wp\/v2\/product_tag?post=66820"}],"curies":[{"name":"wp","href":"https:\/\/api.w.org\/{rel}","templated":true}]}}