{"id":66853,"date":"2023-03-03T10:01:28","date_gmt":"2023-03-03T09:01:28","guid":{"rendered":"https:\/\/turijnmagazijn.nl\/product\/gummi-staubschutzhuelle-handbremsseil-thv-klaue-lancia-delta-integrale\/"},"modified":"2026-01-12T20:38:31","modified_gmt":"2026-01-12T19:38:31","slug":"gummi-staubabdeckung-handbremsseil-thv-klaue-lancia-delta-integrale","status":"publish","type":"product","link":"https:\/\/turijnmagazijn.nl\/de\/produkt\/gummi-staubabdeckung-handbremsseil-thv-klaue-lancia-delta-integrale\/","title":{"rendered":"Gummi Staubschutzh\u00fclle Handbremsseil thv Klaue Lancia Delta Integrale"},"content":{"rendered":"<p>Gummi-Staubschutzhaube zur Befestigung am Ende des Handbremsseils auf H\u00f6he des Bremssattels f\u00fcr Lancia Delta Integrale 8V und 16V.<\/p>\n<p>Dieser Gummi ist nicht separat \u00fcber Lancia erh\u00e4ltlich und ist ein Gummi, der f\u00fcr diese Anwendung angepasst ist. Siehe das Foto des Montagebeispiels; Die Passform ist perfekt und der Gummi ist einen Bruchteil l\u00e4nger als das Original, was die Chance erh\u00f6ht, dass er l\u00e4nger ganz bleibt. Das Verhindern des Eindringens von Feuchtigkeit und Sand durch eine gute Gummidichtung kann die Lebensdauer des Handbremskabels erheblich verl\u00e4ngern. Dieser Gummi kann eine lohnende Investition sein.<\/p>\n<p>Schwarze Gummi-Staubkappe f\u00fcr Endhandbremskabel Lancia Delta Integrale.<\/p>\n<p>OEM Lancia N\/A<\/p>\n","protected":false},"excerpt":{"rendered":"<p>Gummi-Staubschutzabdeckung Handbremszug THV-Bremssattel Lancia Delta Integrale &#8211; Gummi-Staubschutzabdeckung zur Montage am Ende des Handbremszugs auf H\u00f6he des Bremssattels f\u00fcr Lancia Delta Integrale 8V und 16V.<\/p>\n","protected":false},"featured_media":54681,"comment_status":"open","ping_status":"closed","template":"","meta":{"_acf_changed":false},"product_brand":[],"product_cat":[59,60,61,62,56,57,58,55,1822,1826,44],"product_tag":[],"class_list":{"0":"post-66853","1":"product","2":"type-product","3":"status-publish","4":"has-post-thumbnail","6":"product_cat-1-1-1-3-1-5","7":"product_cat-gt-i-e","8":"product_cat-hf-4wd","9":"product_cat-hf-turbo","10":"product_cat-integrale-16v","11":"product_cat-integrale-8v","12":"product_cat-integrale-evo","13":"product_cat-delta-1-831","14":"product_cat-hf-4wd-de","15":"product_cat-hf-turbo-de","16":"product_cat-lancia","17":"pa_soort-onderdeel-bremsen-und-antrieb","19":"first","20":"instock","21":"taxable","22":"shipping-taxable","23":"purchasable","24":"product-type-simple"},"acf":[],"yoast_head":"<!-- This site is optimized with the Yoast SEO plugin v27.2 - https:\/\/yoast.com\/product\/yoast-seo-wordpress\/ -->\n<title>Gummi Staubschutzh\u00fclle Handbremsseil thv Klaue Lancia Delta Integrale - Turijnmagazijn<\/title>\n<meta name=\"robots\" content=\"index, follow, max-snippet:-1, max-image-preview:large, max-video-preview:-1\" \/>\n<link rel=\"canonical\" href=\"https:\/\/turijnmagazijn.nl\/de\/produkt\/gummi-staubabdeckung-handbremsseil-thv-klaue-lancia-delta-integrale\/\" \/>\n<meta property=\"og:locale\" content=\"de_DE\" \/>\n<meta property=\"og:type\" content=\"article\" \/>\n<meta property=\"og:title\" content=\"Gummi Staubschutzh\u00fclle Handbremsseil thv Klaue Lancia Delta Integrale - Turijnmagazijn\" \/>\n<meta property=\"og:description\" content=\"Gummi-Staubschutzabdeckung Handbremszug THV-Bremssattel Lancia Delta Integrale - Gummi-Staubschutzabdeckung zur Montage am Ende des Handbremszugs auf H\u00f6he des Bremssattels f\u00fcr Lancia Delta Integrale 8V und 16V.\" \/>\n<meta property=\"og:url\" content=\"https:\/\/turijnmagazijn.nl\/de\/produkt\/gummi-staubabdeckung-handbremsseil-thv-klaue-lancia-delta-integrale\/\" \/>\n<meta property=\"og:site_name\" content=\"Turijnmagazijn\" \/>\n<meta property=\"article:publisher\" content=\"https:\/\/www.facebook.com\/turijnmagazijn\" \/>\n<meta property=\"article:modified_time\" content=\"2026-01-12T19:38:31+00:00\" \/>\n<meta property=\"og:image\" content=\"https:\/\/turijnmagazijn.nl\/wp-content\/uploads\/2023\/03\/DN00100216-Rubber-stofhoes-handremkabel-thv-klauw-Lancia-Delta-Integrale-5-1.jpg\" \/>\n\t<meta property=\"og:image:width\" content=\"1024\" \/>\n\t<meta property=\"og:image:height\" content=\"768\" \/>\n\t<meta property=\"og:image:type\" content=\"image\/jpeg\" \/>\n<meta name=\"twitter:card\" content=\"summary_large_image\" \/>\n<meta name=\"twitter:label1\" content=\"Gesch\u00e4tzte Lesezeit\" \/>\n\t<meta name=\"twitter:data1\" content=\"1\u00a0Minute\" \/>\n<script type=\"application\/ld+json\" class=\"yoast-schema-graph\">{\"@context\":\"https:\/\/schema.org\",\"@graph\":[{\"@type\":\"WebPage\",\"@id\":\"https:\/\/turijnmagazijn.nl\/de\/produkt\/gummi-staubabdeckung-handbremsseil-thv-klaue-lancia-delta-integrale\/\",\"url\":\"https:\/\/turijnmagazijn.nl\/de\/produkt\/gummi-staubabdeckung-handbremsseil-thv-klaue-lancia-delta-integrale\/\",\"name\":\"Gummi Staubschutzh\u00fclle Handbremsseil thv Klaue Lancia Delta Integrale - Turijnmagazijn\",\"isPartOf\":{\"@id\":\"https:\/\/turijnmagazijn.jumpstone-dev.nl\/#website\"},\"primaryImageOfPage\":{\"@id\":\"https:\/\/turijnmagazijn.nl\/de\/produkt\/gummi-staubabdeckung-handbremsseil-thv-klaue-lancia-delta-integrale\/#primaryimage\"},\"image\":{\"@id\":\"https:\/\/turijnmagazijn.nl\/de\/produkt\/gummi-staubabdeckung-handbremsseil-thv-klaue-lancia-delta-integrale\/#primaryimage\"},\"thumbnailUrl\":\"https:\/\/turijnmagazijn.nl\/wp-content\/uploads\/2023\/03\/DN00100216-Rubber-stofhoes-handremkabel-thv-klauw-Lancia-Delta-Integrale-5-1.jpg\",\"datePublished\":\"2023-03-03T09:01:28+00:00\",\"dateModified\":\"2026-01-12T19:38:31+00:00\",\"breadcrumb\":{\"@id\":\"https:\/\/turijnmagazijn.nl\/de\/produkt\/gummi-staubabdeckung-handbremsseil-thv-klaue-lancia-delta-integrale\/#breadcrumb\"},\"inLanguage\":\"de\",\"potentialAction\":[{\"@type\":\"ReadAction\",\"target\":[\"https:\/\/turijnmagazijn.nl\/de\/produkt\/gummi-staubabdeckung-handbremsseil-thv-klaue-lancia-delta-integrale\/\"]}]},{\"@type\":\"ImageObject\",\"inLanguage\":\"de\",\"@id\":\"https:\/\/turijnmagazijn.nl\/de\/produkt\/gummi-staubabdeckung-handbremsseil-thv-klaue-lancia-delta-integrale\/#primaryimage\",\"url\":\"https:\/\/turijnmagazijn.nl\/wp-content\/uploads\/2023\/03\/DN00100216-Rubber-stofhoes-handremkabel-thv-klauw-Lancia-Delta-Integrale-5-1.jpg\",\"contentUrl\":\"https:\/\/turijnmagazijn.nl\/wp-content\/uploads\/2023\/03\/DN00100216-Rubber-stofhoes-handremkabel-thv-klauw-Lancia-Delta-Integrale-5-1.jpg\",\"width\":1024,\"height\":768},{\"@type\":\"BreadcrumbList\",\"@id\":\"https:\/\/turijnmagazijn.nl\/de\/produkt\/gummi-staubabdeckung-handbremsseil-thv-klaue-lancia-delta-integrale\/#breadcrumb\",\"itemListElement\":[{\"@type\":\"ListItem\",\"position\":1,\"name\":\"Home\",\"item\":\"https:\/\/turijnmagazijn.jumpstone-dev.nl\/\"},{\"@type\":\"ListItem\",\"position\":2,\"name\":\"Produkte\",\"item\":\"https:\/\/turijnmagazijn.nl\/de\/shop\/\"},{\"@type\":\"ListItem\",\"position\":3,\"name\":\"Gummi Staubschutzh\u00fclle Handbremsseil thv Klaue Lancia Delta Integrale\"}]},{\"@type\":\"WebSite\",\"@id\":\"https:\/\/turijnmagazijn.jumpstone-dev.nl\/#website\",\"url\":\"https:\/\/turijnmagazijn.jumpstone-dev.nl\/\",\"name\":\"Turijnmagazijn\",\"description\":\"Onderdelen nieuw en gebruikt - Fiat &amp; Lancia\",\"publisher\":{\"@id\":\"https:\/\/turijnmagazijn.jumpstone-dev.nl\/#organization\"},\"potentialAction\":[{\"@type\":\"SearchAction\",\"target\":{\"@type\":\"EntryPoint\",\"urlTemplate\":\"https:\/\/turijnmagazijn.jumpstone-dev.nl\/?s={search_term_string}\"},\"query-input\":{\"@type\":\"PropertyValueSpecification\",\"valueRequired\":true,\"valueName\":\"search_term_string\"}}],\"inLanguage\":\"de\"},{\"@type\":\"Organization\",\"@id\":\"https:\/\/turijnmagazijn.jumpstone-dev.nl\/#organization\",\"name\":\"Turijnmagazijn\",\"url\":\"https:\/\/turijnmagazijn.jumpstone-dev.nl\/\",\"logo\":{\"@type\":\"ImageObject\",\"inLanguage\":\"de\",\"@id\":\"https:\/\/turijnmagazijn.jumpstone-dev.nl\/#\/schema\/logo\/image\/\",\"url\":\"https:\/\/turijnmagazijn.nl\/wp-content\/uploads\/2021\/02\/turijnmagazijnlogo.png\",\"contentUrl\":\"https:\/\/turijnmagazijn.nl\/wp-content\/uploads\/2021\/02\/turijnmagazijnlogo.png\",\"width\":555,\"height\":270,\"caption\":\"Turijnmagazijn\"},\"image\":{\"@id\":\"https:\/\/turijnmagazijn.jumpstone-dev.nl\/#\/schema\/logo\/image\/\"},\"sameAs\":[\"https:\/\/www.facebook.com\/turijnmagazijn\"]}]}<\/script>\n<!-- \/ Yoast SEO plugin. -->","yoast_head_json":{"title":"Gummi Staubschutzh\u00fclle Handbremsseil thv Klaue Lancia Delta Integrale - Turijnmagazijn","robots":{"index":"index","follow":"follow","max-snippet":"max-snippet:-1","max-image-preview":"max-image-preview:large","max-video-preview":"max-video-preview:-1"},"canonical":"https:\/\/turijnmagazijn.nl\/de\/produkt\/gummi-staubabdeckung-handbremsseil-thv-klaue-lancia-delta-integrale\/","og_locale":"de_DE","og_type":"article","og_title":"Gummi Staubschutzh\u00fclle Handbremsseil thv Klaue Lancia Delta Integrale - Turijnmagazijn","og_description":"Gummi-Staubschutzabdeckung Handbremszug THV-Bremssattel Lancia Delta Integrale - Gummi-Staubschutzabdeckung zur Montage am Ende des Handbremszugs auf H\u00f6he des Bremssattels f\u00fcr Lancia Delta Integrale 8V und 16V.","og_url":"https:\/\/turijnmagazijn.nl\/de\/produkt\/gummi-staubabdeckung-handbremsseil-thv-klaue-lancia-delta-integrale\/","og_site_name":"Turijnmagazijn","article_publisher":"https:\/\/www.facebook.com\/turijnmagazijn","article_modified_time":"2026-01-12T19:38:31+00:00","og_image":[{"width":1024,"height":768,"url":"https:\/\/turijnmagazijn.nl\/wp-content\/uploads\/2023\/03\/DN00100216-Rubber-stofhoes-handremkabel-thv-klauw-Lancia-Delta-Integrale-5-1.jpg","type":"image\/jpeg"}],"twitter_card":"summary_large_image","twitter_misc":{"Gesch\u00e4tzte Lesezeit":"1\u00a0Minute"},"schema":{"@context":"https:\/\/schema.org","@graph":[{"@type":"WebPage","@id":"https:\/\/turijnmagazijn.nl\/de\/produkt\/gummi-staubabdeckung-handbremsseil-thv-klaue-lancia-delta-integrale\/","url":"https:\/\/turijnmagazijn.nl\/de\/produkt\/gummi-staubabdeckung-handbremsseil-thv-klaue-lancia-delta-integrale\/","name":"Gummi Staubschutzh\u00fclle Handbremsseil thv Klaue Lancia Delta Integrale - Turijnmagazijn","isPartOf":{"@id":"https:\/\/turijnmagazijn.jumpstone-dev.nl\/#website"},"primaryImageOfPage":{"@id":"https:\/\/turijnmagazijn.nl\/de\/produkt\/gummi-staubabdeckung-handbremsseil-thv-klaue-lancia-delta-integrale\/#primaryimage"},"image":{"@id":"https:\/\/turijnmagazijn.nl\/de\/produkt\/gummi-staubabdeckung-handbremsseil-thv-klaue-lancia-delta-integrale\/#primaryimage"},"thumbnailUrl":"https:\/\/turijnmagazijn.nl\/wp-content\/uploads\/2023\/03\/DN00100216-Rubber-stofhoes-handremkabel-thv-klauw-Lancia-Delta-Integrale-5-1.jpg","datePublished":"2023-03-03T09:01:28+00:00","dateModified":"2026-01-12T19:38:31+00:00","breadcrumb":{"@id":"https:\/\/turijnmagazijn.nl\/de\/produkt\/gummi-staubabdeckung-handbremsseil-thv-klaue-lancia-delta-integrale\/#breadcrumb"},"inLanguage":"de","potentialAction":[{"@type":"ReadAction","target":["https:\/\/turijnmagazijn.nl\/de\/produkt\/gummi-staubabdeckung-handbremsseil-thv-klaue-lancia-delta-integrale\/"]}]},{"@type":"ImageObject","inLanguage":"de","@id":"https:\/\/turijnmagazijn.nl\/de\/produkt\/gummi-staubabdeckung-handbremsseil-thv-klaue-lancia-delta-integrale\/#primaryimage","url":"https:\/\/turijnmagazijn.nl\/wp-content\/uploads\/2023\/03\/DN00100216-Rubber-stofhoes-handremkabel-thv-klauw-Lancia-Delta-Integrale-5-1.jpg","contentUrl":"https:\/\/turijnmagazijn.nl\/wp-content\/uploads\/2023\/03\/DN00100216-Rubber-stofhoes-handremkabel-thv-klauw-Lancia-Delta-Integrale-5-1.jpg","width":1024,"height":768},{"@type":"BreadcrumbList","@id":"https:\/\/turijnmagazijn.nl\/de\/produkt\/gummi-staubabdeckung-handbremsseil-thv-klaue-lancia-delta-integrale\/#breadcrumb","itemListElement":[{"@type":"ListItem","position":1,"name":"Home","item":"https:\/\/turijnmagazijn.jumpstone-dev.nl\/"},{"@type":"ListItem","position":2,"name":"Produkte","item":"https:\/\/turijnmagazijn.nl\/de\/shop\/"},{"@type":"ListItem","position":3,"name":"Gummi Staubschutzh\u00fclle Handbremsseil thv Klaue Lancia Delta Integrale"}]},{"@type":"WebSite","@id":"https:\/\/turijnmagazijn.jumpstone-dev.nl\/#website","url":"https:\/\/turijnmagazijn.jumpstone-dev.nl\/","name":"Turijnmagazijn","description":"Onderdelen nieuw en gebruikt - Fiat &amp; Lancia","publisher":{"@id":"https:\/\/turijnmagazijn.jumpstone-dev.nl\/#organization"},"potentialAction":[{"@type":"SearchAction","target":{"@type":"EntryPoint","urlTemplate":"https:\/\/turijnmagazijn.jumpstone-dev.nl\/?s={search_term_string}"},"query-input":{"@type":"PropertyValueSpecification","valueRequired":true,"valueName":"search_term_string"}}],"inLanguage":"de"},{"@type":"Organization","@id":"https:\/\/turijnmagazijn.jumpstone-dev.nl\/#organization","name":"Turijnmagazijn","url":"https:\/\/turijnmagazijn.jumpstone-dev.nl\/","logo":{"@type":"ImageObject","inLanguage":"de","@id":"https:\/\/turijnmagazijn.jumpstone-dev.nl\/#\/schema\/logo\/image\/","url":"https:\/\/turijnmagazijn.nl\/wp-content\/uploads\/2021\/02\/turijnmagazijnlogo.png","contentUrl":"https:\/\/turijnmagazijn.nl\/wp-content\/uploads\/2021\/02\/turijnmagazijnlogo.png","width":555,"height":270,"caption":"Turijnmagazijn"},"image":{"@id":"https:\/\/turijnmagazijn.jumpstone-dev.nl\/#\/schema\/logo\/image\/"},"sameAs":["https:\/\/www.facebook.com\/turijnmagazijn"]}]}},"_links":{"self":[{"href":"https:\/\/turijnmagazijn.nl\/de\/wp-json\/wp\/v2\/product\/66853","targetHints":{"allow":["GET"]}}],"collection":[{"href":"https:\/\/turijnmagazijn.nl\/de\/wp-json\/wp\/v2\/product"}],"about":[{"href":"https:\/\/turijnmagazijn.nl\/de\/wp-json\/wp\/v2\/types\/product"}],"replies":[{"embeddable":true,"href":"https:\/\/turijnmagazijn.nl\/de\/wp-json\/wp\/v2\/comments?post=66853"}],"wp:featuredmedia":[{"embeddable":true,"href":"https:\/\/turijnmagazijn.nl\/de\/wp-json\/wp\/v2\/media\/54681"}],"wp:attachment":[{"href":"https:\/\/turijnmagazijn.nl\/de\/wp-json\/wp\/v2\/media?parent=66853"}],"wp:term":[{"taxonomy":"product_brand","embeddable":true,"href":"https:\/\/turijnmagazijn.nl\/de\/wp-json\/wp\/v2\/product_brand?post=66853"},{"taxonomy":"product_cat","embeddable":true,"href":"https:\/\/turijnmagazijn.nl\/de\/wp-json\/wp\/v2\/product_cat?post=66853"},{"taxonomy":"product_tag","embeddable":true,"href":"https:\/\/turijnmagazijn.nl\/de\/wp-json\/wp\/v2\/product_tag?post=66853"}],"curies":[{"name":"wp","href":"https:\/\/api.w.org\/{rel}","templated":true}]}}