{"id":66854,"date":"2023-03-03T10:02:15","date_gmt":"2023-03-03T09:02:15","guid":{"rendered":"https:\/\/turijnmagazijn.nl\/product\/extra-grosse-pop-naegel-set-4-tlg-fuer-finnenblech-lancia-alfa-fiat\/"},"modified":"2023-07-27T12:48:11","modified_gmt":"2023-07-27T10:48:11","slug":"extra-grose-pop-nagel-set-4-st-for-fin-plate-lancia-alfa-fiat","status":"publish","type":"product","link":"https:\/\/turijnmagazijn.nl\/de\/produkt\/extra-grose-pop-nagel-set-4-st-for-fin-plate-lancia-alfa-fiat\/","title":{"rendered":"Extra gro\u00dfe Pop-N\u00e4gel (Set 4-tlg) f\u00fcr Finnenblech Lancia Alfa Fiat"},"content":{"rendered":"<p>Set aus 4 \u00fcbergro\u00dfen Aluminium-Pop-N\u00e4geln mit mattschwarzer Oberseite. Durch den extra gro\u00dfen Kopf dieses Pop-Nagels eignen sie sich sehr gut f\u00fcr die Montage des Fahrgestellnummernschildes, wenn es bereits einmal aufgebohrt wurde. Die gro\u00dfe Kante f\u00e4llt sch\u00f6n \u00fcber die besch\u00e4digten Ecken.<\/p>\n<p><\/p>\n","protected":false},"excerpt":{"rendered":"<p>Extra gro\u00dfe Pop-N\u00e4gel (Set 4-tlg) f\u00fcr Finnenplatte Lancia Alfa Fiat &#8211; Set mit 4 \u00fcbergro\u00dfen Aluminium-Pop-N\u00e4geln mit mattschwarzem Oberteil.<\/p>\n","protected":false},"featured_media":54801,"comment_status":"open","ping_status":"closed","template":"","meta":{"_acf_changed":false},"product_brand":[],"product_cat":[1616,1651,1584,1704,1807,1844,1689,1729,1634,1829,1797,1751,1762],"product_tag":[],"class_list":{"0":"post-66854","1":"product","2":"type-product","3":"status-publish","4":"has-post-thumbnail","6":"product_cat-156-932-de","7":"product_cat-166-936-de","8":"product_cat-alfa-romeo-de","9":"product_cat-barchetta-183-de","10":"product_cat-delta-1-831-de","11":"product_cat-delta-2-836-de","12":"product_cat-fiat-de","13":"product_cat-grande-punto-199-de","14":"product_cat-gtv-916-de","15":"product_cat-integrale-8v-de","16":"product_cat-lancia-de","17":"product_cat-punto-2-188-de","18":"product_cat-stilo-192-de","19":"pa_soort-onderdeel-klimaanlage-und-heizung","21":"first","22":"instock","23":"taxable","24":"shipping-taxable","25":"purchasable","26":"product-type-simple"},"acf":[],"yoast_head":"<!-- This site is optimized with the Yoast SEO plugin v27.3 - https:\/\/yoast.com\/product\/yoast-seo-wordpress\/ -->\n<title>Extra gro\u00dfe Pop-N\u00e4gel (Set 4-tlg) f\u00fcr Finnenblech Lancia Alfa Fiat - Turijnmagazijn<\/title>\n<meta name=\"robots\" content=\"index, follow, max-snippet:-1, max-image-preview:large, max-video-preview:-1\" \/>\n<link rel=\"canonical\" href=\"https:\/\/turijnmagazijn.nl\/de\/produkt\/extra-grose-pop-nagel-set-4-st-for-fin-plate-lancia-alfa-fiat\/\" \/>\n<meta property=\"og:locale\" content=\"de_DE\" \/>\n<meta property=\"og:type\" content=\"article\" \/>\n<meta property=\"og:title\" content=\"Extra gro\u00dfe Pop-N\u00e4gel (Set 4-tlg) f\u00fcr Finnenblech Lancia Alfa Fiat - Turijnmagazijn\" \/>\n<meta property=\"og:description\" content=\"Extra gro\u00dfe Pop-N\u00e4gel (Set 4-tlg) f\u00fcr Finnenplatte Lancia Alfa Fiat - Set mit 4 \u00fcbergro\u00dfen Aluminium-Pop-N\u00e4geln mit mattschwarzem Oberteil.\" \/>\n<meta property=\"og:url\" content=\"https:\/\/turijnmagazijn.nl\/de\/produkt\/extra-grose-pop-nagel-set-4-st-for-fin-plate-lancia-alfa-fiat\/\" \/>\n<meta property=\"og:site_name\" content=\"Turijnmagazijn\" \/>\n<meta property=\"article:publisher\" content=\"https:\/\/www.facebook.com\/turijnmagazijn\" \/>\n<meta property=\"article:modified_time\" content=\"2023-07-27T10:48:11+00:00\" \/>\n<meta property=\"og:image\" content=\"https:\/\/turijnmagazijn.nl\/wp-content\/uploads\/2023\/03\/DN00100221-Extra-grote-popnagels-set-4-st-voor-vinplaatje-Lancia-Alfa-Fiat-3-1.jpg\" \/>\n\t<meta property=\"og:image:width\" content=\"1024\" \/>\n\t<meta property=\"og:image:height\" content=\"768\" \/>\n\t<meta property=\"og:image:type\" content=\"image\/jpeg\" \/>\n<meta name=\"twitter:card\" content=\"summary_large_image\" \/>\n<script type=\"application\/ld+json\" class=\"yoast-schema-graph\">{\"@context\":\"https:\\\/\\\/schema.org\",\"@graph\":[{\"@type\":\"WebPage\",\"@id\":\"https:\\\/\\\/turijnmagazijn.nl\\\/de\\\/produkt\\\/extra-grose-pop-nagel-set-4-st-for-fin-plate-lancia-alfa-fiat\\\/\",\"url\":\"https:\\\/\\\/turijnmagazijn.nl\\\/de\\\/produkt\\\/extra-grose-pop-nagel-set-4-st-for-fin-plate-lancia-alfa-fiat\\\/\",\"name\":\"Extra gro\u00dfe Pop-N\u00e4gel (Set 4-tlg) f\u00fcr Finnenblech Lancia Alfa Fiat - Turijnmagazijn\",\"isPartOf\":{\"@id\":\"https:\\\/\\\/turijnmagazijn.jumpstone-dev.nl\\\/#website\"},\"primaryImageOfPage\":{\"@id\":\"https:\\\/\\\/turijnmagazijn.nl\\\/de\\\/produkt\\\/extra-grose-pop-nagel-set-4-st-for-fin-plate-lancia-alfa-fiat\\\/#primaryimage\"},\"image\":{\"@id\":\"https:\\\/\\\/turijnmagazijn.nl\\\/de\\\/produkt\\\/extra-grose-pop-nagel-set-4-st-for-fin-plate-lancia-alfa-fiat\\\/#primaryimage\"},\"thumbnailUrl\":\"https:\\\/\\\/turijnmagazijn.nl\\\/wp-content\\\/uploads\\\/2023\\\/03\\\/DN00100221-Extra-grote-popnagels-set-4-st-voor-vinplaatje-Lancia-Alfa-Fiat-3-1.jpg\",\"datePublished\":\"2023-03-03T09:02:15+00:00\",\"dateModified\":\"2023-07-27T10:48:11+00:00\",\"breadcrumb\":{\"@id\":\"https:\\\/\\\/turijnmagazijn.nl\\\/de\\\/produkt\\\/extra-grose-pop-nagel-set-4-st-for-fin-plate-lancia-alfa-fiat\\\/#breadcrumb\"},\"inLanguage\":\"de\",\"potentialAction\":[{\"@type\":\"ReadAction\",\"target\":[\"https:\\\/\\\/turijnmagazijn.nl\\\/de\\\/produkt\\\/extra-grose-pop-nagel-set-4-st-for-fin-plate-lancia-alfa-fiat\\\/\"]}]},{\"@type\":\"ImageObject\",\"inLanguage\":\"de\",\"@id\":\"https:\\\/\\\/turijnmagazijn.nl\\\/de\\\/produkt\\\/extra-grose-pop-nagel-set-4-st-for-fin-plate-lancia-alfa-fiat\\\/#primaryimage\",\"url\":\"https:\\\/\\\/turijnmagazijn.nl\\\/wp-content\\\/uploads\\\/2023\\\/03\\\/DN00100221-Extra-grote-popnagels-set-4-st-voor-vinplaatje-Lancia-Alfa-Fiat-3-1.jpg\",\"contentUrl\":\"https:\\\/\\\/turijnmagazijn.nl\\\/wp-content\\\/uploads\\\/2023\\\/03\\\/DN00100221-Extra-grote-popnagels-set-4-st-voor-vinplaatje-Lancia-Alfa-Fiat-3-1.jpg\",\"width\":1024,\"height\":768},{\"@type\":\"BreadcrumbList\",\"@id\":\"https:\\\/\\\/turijnmagazijn.nl\\\/de\\\/produkt\\\/extra-grose-pop-nagel-set-4-st-for-fin-plate-lancia-alfa-fiat\\\/#breadcrumb\",\"itemListElement\":[{\"@type\":\"ListItem\",\"position\":1,\"name\":\"Home\",\"item\":\"https:\\\/\\\/turijnmagazijn.nl\\\/de\\\/\"},{\"@type\":\"ListItem\",\"position\":2,\"name\":\"Produkte\",\"item\":\"https:\\\/\\\/turijnmagazijn.nl\\\/de\\\/shop\\\/\"},{\"@type\":\"ListItem\",\"position\":3,\"name\":\"Extra gro\u00dfe Pop-N\u00e4gel (Set 4-tlg) f\u00fcr Finnenblech Lancia Alfa Fiat\"}]},{\"@type\":\"WebSite\",\"@id\":\"https:\\\/\\\/turijnmagazijn.jumpstone-dev.nl\\\/#website\",\"url\":\"https:\\\/\\\/turijnmagazijn.jumpstone-dev.nl\\\/\",\"name\":\"Turijnmagazijn\",\"description\":\"Onderdelen nieuw en gebruikt - Fiat &amp; Lancia\",\"publisher\":{\"@id\":\"https:\\\/\\\/turijnmagazijn.jumpstone-dev.nl\\\/#organization\"},\"potentialAction\":[{\"@type\":\"SearchAction\",\"target\":{\"@type\":\"EntryPoint\",\"urlTemplate\":\"https:\\\/\\\/turijnmagazijn.jumpstone-dev.nl\\\/?s={search_term_string}\"},\"query-input\":{\"@type\":\"PropertyValueSpecification\",\"valueRequired\":true,\"valueName\":\"search_term_string\"}}],\"inLanguage\":\"de\"},{\"@type\":\"Organization\",\"@id\":\"https:\\\/\\\/turijnmagazijn.jumpstone-dev.nl\\\/#organization\",\"name\":\"Turijnmagazijn\",\"url\":\"https:\\\/\\\/turijnmagazijn.jumpstone-dev.nl\\\/\",\"logo\":{\"@type\":\"ImageObject\",\"inLanguage\":\"de\",\"@id\":\"https:\\\/\\\/turijnmagazijn.jumpstone-dev.nl\\\/#\\\/schema\\\/logo\\\/image\\\/\",\"url\":\"https:\\\/\\\/turijnmagazijn.nl\\\/wp-content\\\/uploads\\\/2021\\\/02\\\/turijnmagazijnlogo.png\",\"contentUrl\":\"https:\\\/\\\/turijnmagazijn.nl\\\/wp-content\\\/uploads\\\/2021\\\/02\\\/turijnmagazijnlogo.png\",\"width\":555,\"height\":270,\"caption\":\"Turijnmagazijn\"},\"image\":{\"@id\":\"https:\\\/\\\/turijnmagazijn.jumpstone-dev.nl\\\/#\\\/schema\\\/logo\\\/image\\\/\"},\"sameAs\":[\"https:\\\/\\\/www.facebook.com\\\/turijnmagazijn\"]}]}<\/script>\n<!-- \/ Yoast SEO plugin. -->","yoast_head_json":{"title":"Extra gro\u00dfe Pop-N\u00e4gel (Set 4-tlg) f\u00fcr Finnenblech Lancia Alfa Fiat - Turijnmagazijn","robots":{"index":"index","follow":"follow","max-snippet":"max-snippet:-1","max-image-preview":"max-image-preview:large","max-video-preview":"max-video-preview:-1"},"canonical":"https:\/\/turijnmagazijn.nl\/de\/produkt\/extra-grose-pop-nagel-set-4-st-for-fin-plate-lancia-alfa-fiat\/","og_locale":"de_DE","og_type":"article","og_title":"Extra gro\u00dfe Pop-N\u00e4gel (Set 4-tlg) f\u00fcr Finnenblech Lancia Alfa Fiat - Turijnmagazijn","og_description":"Extra gro\u00dfe Pop-N\u00e4gel (Set 4-tlg) f\u00fcr Finnenplatte Lancia Alfa Fiat - Set mit 4 \u00fcbergro\u00dfen Aluminium-Pop-N\u00e4geln mit mattschwarzem Oberteil.","og_url":"https:\/\/turijnmagazijn.nl\/de\/produkt\/extra-grose-pop-nagel-set-4-st-for-fin-plate-lancia-alfa-fiat\/","og_site_name":"Turijnmagazijn","article_publisher":"https:\/\/www.facebook.com\/turijnmagazijn","article_modified_time":"2023-07-27T10:48:11+00:00","og_image":[{"width":1024,"height":768,"url":"https:\/\/turijnmagazijn.nl\/wp-content\/uploads\/2023\/03\/DN00100221-Extra-grote-popnagels-set-4-st-voor-vinplaatje-Lancia-Alfa-Fiat-3-1.jpg","type":"image\/jpeg"}],"twitter_card":"summary_large_image","schema":{"@context":"https:\/\/schema.org","@graph":[{"@type":"WebPage","@id":"https:\/\/turijnmagazijn.nl\/de\/produkt\/extra-grose-pop-nagel-set-4-st-for-fin-plate-lancia-alfa-fiat\/","url":"https:\/\/turijnmagazijn.nl\/de\/produkt\/extra-grose-pop-nagel-set-4-st-for-fin-plate-lancia-alfa-fiat\/","name":"Extra gro\u00dfe Pop-N\u00e4gel (Set 4-tlg) f\u00fcr Finnenblech Lancia Alfa Fiat - Turijnmagazijn","isPartOf":{"@id":"https:\/\/turijnmagazijn.jumpstone-dev.nl\/#website"},"primaryImageOfPage":{"@id":"https:\/\/turijnmagazijn.nl\/de\/produkt\/extra-grose-pop-nagel-set-4-st-for-fin-plate-lancia-alfa-fiat\/#primaryimage"},"image":{"@id":"https:\/\/turijnmagazijn.nl\/de\/produkt\/extra-grose-pop-nagel-set-4-st-for-fin-plate-lancia-alfa-fiat\/#primaryimage"},"thumbnailUrl":"https:\/\/turijnmagazijn.nl\/wp-content\/uploads\/2023\/03\/DN00100221-Extra-grote-popnagels-set-4-st-voor-vinplaatje-Lancia-Alfa-Fiat-3-1.jpg","datePublished":"2023-03-03T09:02:15+00:00","dateModified":"2023-07-27T10:48:11+00:00","breadcrumb":{"@id":"https:\/\/turijnmagazijn.nl\/de\/produkt\/extra-grose-pop-nagel-set-4-st-for-fin-plate-lancia-alfa-fiat\/#breadcrumb"},"inLanguage":"de","potentialAction":[{"@type":"ReadAction","target":["https:\/\/turijnmagazijn.nl\/de\/produkt\/extra-grose-pop-nagel-set-4-st-for-fin-plate-lancia-alfa-fiat\/"]}]},{"@type":"ImageObject","inLanguage":"de","@id":"https:\/\/turijnmagazijn.nl\/de\/produkt\/extra-grose-pop-nagel-set-4-st-for-fin-plate-lancia-alfa-fiat\/#primaryimage","url":"https:\/\/turijnmagazijn.nl\/wp-content\/uploads\/2023\/03\/DN00100221-Extra-grote-popnagels-set-4-st-voor-vinplaatje-Lancia-Alfa-Fiat-3-1.jpg","contentUrl":"https:\/\/turijnmagazijn.nl\/wp-content\/uploads\/2023\/03\/DN00100221-Extra-grote-popnagels-set-4-st-voor-vinplaatje-Lancia-Alfa-Fiat-3-1.jpg","width":1024,"height":768},{"@type":"BreadcrumbList","@id":"https:\/\/turijnmagazijn.nl\/de\/produkt\/extra-grose-pop-nagel-set-4-st-for-fin-plate-lancia-alfa-fiat\/#breadcrumb","itemListElement":[{"@type":"ListItem","position":1,"name":"Home","item":"https:\/\/turijnmagazijn.nl\/de\/"},{"@type":"ListItem","position":2,"name":"Produkte","item":"https:\/\/turijnmagazijn.nl\/de\/shop\/"},{"@type":"ListItem","position":3,"name":"Extra gro\u00dfe Pop-N\u00e4gel (Set 4-tlg) f\u00fcr Finnenblech Lancia Alfa Fiat"}]},{"@type":"WebSite","@id":"https:\/\/turijnmagazijn.jumpstone-dev.nl\/#website","url":"https:\/\/turijnmagazijn.jumpstone-dev.nl\/","name":"Turijnmagazijn","description":"Onderdelen nieuw en gebruikt - Fiat &amp; Lancia","publisher":{"@id":"https:\/\/turijnmagazijn.jumpstone-dev.nl\/#organization"},"potentialAction":[{"@type":"SearchAction","target":{"@type":"EntryPoint","urlTemplate":"https:\/\/turijnmagazijn.jumpstone-dev.nl\/?s={search_term_string}"},"query-input":{"@type":"PropertyValueSpecification","valueRequired":true,"valueName":"search_term_string"}}],"inLanguage":"de"},{"@type":"Organization","@id":"https:\/\/turijnmagazijn.jumpstone-dev.nl\/#organization","name":"Turijnmagazijn","url":"https:\/\/turijnmagazijn.jumpstone-dev.nl\/","logo":{"@type":"ImageObject","inLanguage":"de","@id":"https:\/\/turijnmagazijn.jumpstone-dev.nl\/#\/schema\/logo\/image\/","url":"https:\/\/turijnmagazijn.nl\/wp-content\/uploads\/2021\/02\/turijnmagazijnlogo.png","contentUrl":"https:\/\/turijnmagazijn.nl\/wp-content\/uploads\/2021\/02\/turijnmagazijnlogo.png","width":555,"height":270,"caption":"Turijnmagazijn"},"image":{"@id":"https:\/\/turijnmagazijn.jumpstone-dev.nl\/#\/schema\/logo\/image\/"},"sameAs":["https:\/\/www.facebook.com\/turijnmagazijn"]}]}},"_links":{"self":[{"href":"https:\/\/turijnmagazijn.nl\/de\/wp-json\/wp\/v2\/product\/66854","targetHints":{"allow":["GET"]}}],"collection":[{"href":"https:\/\/turijnmagazijn.nl\/de\/wp-json\/wp\/v2\/product"}],"about":[{"href":"https:\/\/turijnmagazijn.nl\/de\/wp-json\/wp\/v2\/types\/product"}],"replies":[{"embeddable":true,"href":"https:\/\/turijnmagazijn.nl\/de\/wp-json\/wp\/v2\/comments?post=66854"}],"wp:featuredmedia":[{"embeddable":true,"href":"https:\/\/turijnmagazijn.nl\/de\/wp-json\/wp\/v2\/media\/54801"}],"wp:attachment":[{"href":"https:\/\/turijnmagazijn.nl\/de\/wp-json\/wp\/v2\/media?parent=66854"}],"wp:term":[{"taxonomy":"product_brand","embeddable":true,"href":"https:\/\/turijnmagazijn.nl\/de\/wp-json\/wp\/v2\/product_brand?post=66854"},{"taxonomy":"product_cat","embeddable":true,"href":"https:\/\/turijnmagazijn.nl\/de\/wp-json\/wp\/v2\/product_cat?post=66854"},{"taxonomy":"product_tag","embeddable":true,"href":"https:\/\/turijnmagazijn.nl\/de\/wp-json\/wp\/v2\/product_tag?post=66854"}],"curies":[{"name":"wp","href":"https:\/\/api.w.org\/{rel}","templated":true}]}}