{"id":66868,"date":"2023-03-03T10:01:51","date_gmt":"2023-03-03T09:01:51","guid":{"rendered":"https:\/\/turijnmagazijn.nl\/product\/gummitasten-fernbedienungsschluessel-alfa-giulietta\/"},"modified":"2023-07-27T12:48:09","modified_gmt":"2023-07-27T10:48:09","slug":"gummi-knopfe-fernbedienung-schlussel-alfa-giulietta","status":"publish","type":"product","link":"https:\/\/turijnmagazijn.nl\/de\/produkt\/gummi-knopfe-fernbedienung-schlussel-alfa-giulietta\/","title":{"rendered":"Gummitasten Fernbedienungsschl\u00fcssel Alfa Giulietta"},"content":{"rendered":"<p><a href=\"https:\/\/turijnmagazijn.nl\/de\/postfachversand\/\" target=\"\" style=\"background-color: rgb(255, 255, 255); color: rgb(35, 82, 124); outline: 0px;\" rel=\"noopener\"><img decoding=\"async\" src=\"https:\/\/www.delenkorf.nl\/image\/catalog\/brievenbus.png\"><\/a><\/p>\n<p>Ersatzsatz von Gummitasten zum Verriegeln und Entriegeln des Fernbedienungsschl\u00fcssels f\u00fcr Alfa Romeo Giulietta von Jahr 2010 bis 2020.<\/p>\n<p>Es handelt sich um ein Nachahmungsprodukt, das exakt dem Original entspricht. Das Logo ist nicht im Lieferumfang enthalten, Sie k\u00f6nnen es vom Originalschl\u00fcssel \u00fcbertragen.<\/p>\n<p>Die alten Gummikn\u00f6pfe wollen mit der Zeit brechen und sich vom Schl\u00fcsselgeh\u00e4use l\u00f6sen. Das ist nat\u00fcrlich eine Schande, mit der man weiter herumlaufen kann, so eine sch\u00f6ne Giulietta verdient ein paar neue Kn\u00f6pfe, und f\u00fcr das Geld muss man sie nicht verlassen!<\/p>\n<p>Ooik passend f\u00fcr Alfa Romeo 159 und Mito Tasten mit 3 Tasten rote Fernbedienung.<\/p>\n<p><\/p>\n<p>Anwendbar auf Schl\u00fcssel mit OEM Alfa Romeo:&nbsp; 71775511 \/ 71754380 \/ 71765806<\/p>\n","protected":false},"excerpt":{"rendered":"<p>Gummitasten Fernbedienungsschl\u00fcssel Alfa Giulietta &#8211; Ersatzsatz Gummitasten zum Verriegeln und Entriegeln des Fernbedienungsschl\u00fcssels f\u00fcr Alfa Romeo Giulietta im Jahr 2010 bis 2020.<\/p>\n","protected":false},"featured_media":54689,"comment_status":"open","ping_status":"closed","template":"","meta":{"_acf_changed":false},"product_brand":[],"product_cat":[1584],"product_tag":[],"class_list":{"0":"post-66868","1":"product","2":"type-product","3":"status-publish","4":"has-post-thumbnail","6":"product_cat-alfa-romeo-de","7":"pa_soort-onderdeel-filters-de","9":"first","10":"instock","11":"taxable","12":"shipping-taxable","13":"purchasable","14":"product-type-simple"},"acf":[],"yoast_head":"<!-- This site is optimized with the Yoast SEO plugin v27.3 - https:\/\/yoast.com\/product\/yoast-seo-wordpress\/ -->\n<title>Gummitasten Fernbedienungsschl\u00fcssel Alfa Giulietta - Turijnmagazijn<\/title>\n<meta name=\"robots\" content=\"index, follow, max-snippet:-1, max-image-preview:large, max-video-preview:-1\" \/>\n<link rel=\"canonical\" href=\"https:\/\/turijnmagazijn.nl\/de\/produkt\/gummi-knopfe-fernbedienung-schlussel-alfa-giulietta\/\" \/>\n<meta property=\"og:locale\" content=\"de_DE\" \/>\n<meta property=\"og:type\" content=\"article\" \/>\n<meta property=\"og:title\" content=\"Gummitasten Fernbedienungsschl\u00fcssel Alfa Giulietta - Turijnmagazijn\" \/>\n<meta property=\"og:description\" content=\"Gummitasten Fernbedienungsschl\u00fcssel Alfa Giulietta - Ersatzsatz Gummitasten zum Verriegeln und Entriegeln des Fernbedienungsschl\u00fcssels f\u00fcr Alfa Romeo Giulietta im Jahr 2010 bis 2020.\" \/>\n<meta property=\"og:url\" content=\"https:\/\/turijnmagazijn.nl\/de\/produkt\/gummi-knopfe-fernbedienung-schlussel-alfa-giulietta\/\" \/>\n<meta property=\"og:site_name\" content=\"Turijnmagazijn\" \/>\n<meta property=\"article:publisher\" content=\"https:\/\/www.facebook.com\/turijnmagazijn\" \/>\n<meta property=\"article:modified_time\" content=\"2023-07-27T10:48:09+00:00\" \/>\n<meta property=\"og:image\" content=\"https:\/\/turijnmagazijn.nl\/wp-content\/uploads\/2023\/03\/DN00100217-Rubber-knoppen-afstandbediening-sleutel-Alfa-Giulietta-4-1.jpg\" \/>\n\t<meta property=\"og:image:width\" content=\"1024\" \/>\n\t<meta property=\"og:image:height\" content=\"768\" \/>\n\t<meta property=\"og:image:type\" content=\"image\/jpeg\" \/>\n<meta name=\"twitter:card\" content=\"summary_large_image\" \/>\n<meta name=\"twitter:label1\" content=\"Gesch\u00e4tzte Lesezeit\" \/>\n\t<meta name=\"twitter:data1\" content=\"1\u00a0Minute\" \/>\n<script type=\"application\/ld+json\" class=\"yoast-schema-graph\">{\"@context\":\"https:\\\/\\\/schema.org\",\"@graph\":[{\"@type\":\"WebPage\",\"@id\":\"https:\\\/\\\/turijnmagazijn.nl\\\/de\\\/produkt\\\/gummi-knopfe-fernbedienung-schlussel-alfa-giulietta\\\/\",\"url\":\"https:\\\/\\\/turijnmagazijn.nl\\\/de\\\/produkt\\\/gummi-knopfe-fernbedienung-schlussel-alfa-giulietta\\\/\",\"name\":\"Gummitasten Fernbedienungsschl\u00fcssel Alfa Giulietta - Turijnmagazijn\",\"isPartOf\":{\"@id\":\"https:\\\/\\\/turijnmagazijn.jumpstone-dev.nl\\\/#website\"},\"primaryImageOfPage\":{\"@id\":\"https:\\\/\\\/turijnmagazijn.nl\\\/de\\\/produkt\\\/gummi-knopfe-fernbedienung-schlussel-alfa-giulietta\\\/#primaryimage\"},\"image\":{\"@id\":\"https:\\\/\\\/turijnmagazijn.nl\\\/de\\\/produkt\\\/gummi-knopfe-fernbedienung-schlussel-alfa-giulietta\\\/#primaryimage\"},\"thumbnailUrl\":\"https:\\\/\\\/turijnmagazijn.nl\\\/wp-content\\\/uploads\\\/2023\\\/03\\\/DN00100217-Rubber-knoppen-afstandbediening-sleutel-Alfa-Giulietta-4-1.jpg\",\"datePublished\":\"2023-03-03T09:01:51+00:00\",\"dateModified\":\"2023-07-27T10:48:09+00:00\",\"breadcrumb\":{\"@id\":\"https:\\\/\\\/turijnmagazijn.nl\\\/de\\\/produkt\\\/gummi-knopfe-fernbedienung-schlussel-alfa-giulietta\\\/#breadcrumb\"},\"inLanguage\":\"de\",\"potentialAction\":[{\"@type\":\"ReadAction\",\"target\":[\"https:\\\/\\\/turijnmagazijn.nl\\\/de\\\/produkt\\\/gummi-knopfe-fernbedienung-schlussel-alfa-giulietta\\\/\"]}]},{\"@type\":\"ImageObject\",\"inLanguage\":\"de\",\"@id\":\"https:\\\/\\\/turijnmagazijn.nl\\\/de\\\/produkt\\\/gummi-knopfe-fernbedienung-schlussel-alfa-giulietta\\\/#primaryimage\",\"url\":\"https:\\\/\\\/turijnmagazijn.nl\\\/wp-content\\\/uploads\\\/2023\\\/03\\\/DN00100217-Rubber-knoppen-afstandbediening-sleutel-Alfa-Giulietta-4-1.jpg\",\"contentUrl\":\"https:\\\/\\\/turijnmagazijn.nl\\\/wp-content\\\/uploads\\\/2023\\\/03\\\/DN00100217-Rubber-knoppen-afstandbediening-sleutel-Alfa-Giulietta-4-1.jpg\",\"width\":1024,\"height\":768},{\"@type\":\"BreadcrumbList\",\"@id\":\"https:\\\/\\\/turijnmagazijn.nl\\\/de\\\/produkt\\\/gummi-knopfe-fernbedienung-schlussel-alfa-giulietta\\\/#breadcrumb\",\"itemListElement\":[{\"@type\":\"ListItem\",\"position\":1,\"name\":\"Home\",\"item\":\"https:\\\/\\\/turijnmagazijn.nl\\\/de\\\/\"},{\"@type\":\"ListItem\",\"position\":2,\"name\":\"Produkte\",\"item\":\"https:\\\/\\\/turijnmagazijn.nl\\\/de\\\/shop\\\/\"},{\"@type\":\"ListItem\",\"position\":3,\"name\":\"Gummitasten Fernbedienungsschl\u00fcssel Alfa Giulietta\"}]},{\"@type\":\"WebSite\",\"@id\":\"https:\\\/\\\/turijnmagazijn.jumpstone-dev.nl\\\/#website\",\"url\":\"https:\\\/\\\/turijnmagazijn.jumpstone-dev.nl\\\/\",\"name\":\"Turijnmagazijn\",\"description\":\"Onderdelen nieuw en gebruikt - Fiat &amp; Lancia\",\"publisher\":{\"@id\":\"https:\\\/\\\/turijnmagazijn.jumpstone-dev.nl\\\/#organization\"},\"potentialAction\":[{\"@type\":\"SearchAction\",\"target\":{\"@type\":\"EntryPoint\",\"urlTemplate\":\"https:\\\/\\\/turijnmagazijn.jumpstone-dev.nl\\\/?s={search_term_string}\"},\"query-input\":{\"@type\":\"PropertyValueSpecification\",\"valueRequired\":true,\"valueName\":\"search_term_string\"}}],\"inLanguage\":\"de\"},{\"@type\":\"Organization\",\"@id\":\"https:\\\/\\\/turijnmagazijn.jumpstone-dev.nl\\\/#organization\",\"name\":\"Turijnmagazijn\",\"url\":\"https:\\\/\\\/turijnmagazijn.jumpstone-dev.nl\\\/\",\"logo\":{\"@type\":\"ImageObject\",\"inLanguage\":\"de\",\"@id\":\"https:\\\/\\\/turijnmagazijn.jumpstone-dev.nl\\\/#\\\/schema\\\/logo\\\/image\\\/\",\"url\":\"https:\\\/\\\/turijnmagazijn.nl\\\/wp-content\\\/uploads\\\/2021\\\/02\\\/turijnmagazijnlogo.png\",\"contentUrl\":\"https:\\\/\\\/turijnmagazijn.nl\\\/wp-content\\\/uploads\\\/2021\\\/02\\\/turijnmagazijnlogo.png\",\"width\":555,\"height\":270,\"caption\":\"Turijnmagazijn\"},\"image\":{\"@id\":\"https:\\\/\\\/turijnmagazijn.jumpstone-dev.nl\\\/#\\\/schema\\\/logo\\\/image\\\/\"},\"sameAs\":[\"https:\\\/\\\/www.facebook.com\\\/turijnmagazijn\"]}]}<\/script>\n<!-- \/ Yoast SEO plugin. -->","yoast_head_json":{"title":"Gummitasten Fernbedienungsschl\u00fcssel Alfa Giulietta - Turijnmagazijn","robots":{"index":"index","follow":"follow","max-snippet":"max-snippet:-1","max-image-preview":"max-image-preview:large","max-video-preview":"max-video-preview:-1"},"canonical":"https:\/\/turijnmagazijn.nl\/de\/produkt\/gummi-knopfe-fernbedienung-schlussel-alfa-giulietta\/","og_locale":"de_DE","og_type":"article","og_title":"Gummitasten Fernbedienungsschl\u00fcssel Alfa Giulietta - Turijnmagazijn","og_description":"Gummitasten Fernbedienungsschl\u00fcssel Alfa Giulietta - Ersatzsatz Gummitasten zum Verriegeln und Entriegeln des Fernbedienungsschl\u00fcssels f\u00fcr Alfa Romeo Giulietta im Jahr 2010 bis 2020.","og_url":"https:\/\/turijnmagazijn.nl\/de\/produkt\/gummi-knopfe-fernbedienung-schlussel-alfa-giulietta\/","og_site_name":"Turijnmagazijn","article_publisher":"https:\/\/www.facebook.com\/turijnmagazijn","article_modified_time":"2023-07-27T10:48:09+00:00","og_image":[{"width":1024,"height":768,"url":"https:\/\/turijnmagazijn.nl\/wp-content\/uploads\/2023\/03\/DN00100217-Rubber-knoppen-afstandbediening-sleutel-Alfa-Giulietta-4-1.jpg","type":"image\/jpeg"}],"twitter_card":"summary_large_image","twitter_misc":{"Gesch\u00e4tzte Lesezeit":"1\u00a0Minute"},"schema":{"@context":"https:\/\/schema.org","@graph":[{"@type":"WebPage","@id":"https:\/\/turijnmagazijn.nl\/de\/produkt\/gummi-knopfe-fernbedienung-schlussel-alfa-giulietta\/","url":"https:\/\/turijnmagazijn.nl\/de\/produkt\/gummi-knopfe-fernbedienung-schlussel-alfa-giulietta\/","name":"Gummitasten Fernbedienungsschl\u00fcssel Alfa Giulietta - Turijnmagazijn","isPartOf":{"@id":"https:\/\/turijnmagazijn.jumpstone-dev.nl\/#website"},"primaryImageOfPage":{"@id":"https:\/\/turijnmagazijn.nl\/de\/produkt\/gummi-knopfe-fernbedienung-schlussel-alfa-giulietta\/#primaryimage"},"image":{"@id":"https:\/\/turijnmagazijn.nl\/de\/produkt\/gummi-knopfe-fernbedienung-schlussel-alfa-giulietta\/#primaryimage"},"thumbnailUrl":"https:\/\/turijnmagazijn.nl\/wp-content\/uploads\/2023\/03\/DN00100217-Rubber-knoppen-afstandbediening-sleutel-Alfa-Giulietta-4-1.jpg","datePublished":"2023-03-03T09:01:51+00:00","dateModified":"2023-07-27T10:48:09+00:00","breadcrumb":{"@id":"https:\/\/turijnmagazijn.nl\/de\/produkt\/gummi-knopfe-fernbedienung-schlussel-alfa-giulietta\/#breadcrumb"},"inLanguage":"de","potentialAction":[{"@type":"ReadAction","target":["https:\/\/turijnmagazijn.nl\/de\/produkt\/gummi-knopfe-fernbedienung-schlussel-alfa-giulietta\/"]}]},{"@type":"ImageObject","inLanguage":"de","@id":"https:\/\/turijnmagazijn.nl\/de\/produkt\/gummi-knopfe-fernbedienung-schlussel-alfa-giulietta\/#primaryimage","url":"https:\/\/turijnmagazijn.nl\/wp-content\/uploads\/2023\/03\/DN00100217-Rubber-knoppen-afstandbediening-sleutel-Alfa-Giulietta-4-1.jpg","contentUrl":"https:\/\/turijnmagazijn.nl\/wp-content\/uploads\/2023\/03\/DN00100217-Rubber-knoppen-afstandbediening-sleutel-Alfa-Giulietta-4-1.jpg","width":1024,"height":768},{"@type":"BreadcrumbList","@id":"https:\/\/turijnmagazijn.nl\/de\/produkt\/gummi-knopfe-fernbedienung-schlussel-alfa-giulietta\/#breadcrumb","itemListElement":[{"@type":"ListItem","position":1,"name":"Home","item":"https:\/\/turijnmagazijn.nl\/de\/"},{"@type":"ListItem","position":2,"name":"Produkte","item":"https:\/\/turijnmagazijn.nl\/de\/shop\/"},{"@type":"ListItem","position":3,"name":"Gummitasten Fernbedienungsschl\u00fcssel Alfa Giulietta"}]},{"@type":"WebSite","@id":"https:\/\/turijnmagazijn.jumpstone-dev.nl\/#website","url":"https:\/\/turijnmagazijn.jumpstone-dev.nl\/","name":"Turijnmagazijn","description":"Onderdelen nieuw en gebruikt - Fiat &amp; Lancia","publisher":{"@id":"https:\/\/turijnmagazijn.jumpstone-dev.nl\/#organization"},"potentialAction":[{"@type":"SearchAction","target":{"@type":"EntryPoint","urlTemplate":"https:\/\/turijnmagazijn.jumpstone-dev.nl\/?s={search_term_string}"},"query-input":{"@type":"PropertyValueSpecification","valueRequired":true,"valueName":"search_term_string"}}],"inLanguage":"de"},{"@type":"Organization","@id":"https:\/\/turijnmagazijn.jumpstone-dev.nl\/#organization","name":"Turijnmagazijn","url":"https:\/\/turijnmagazijn.jumpstone-dev.nl\/","logo":{"@type":"ImageObject","inLanguage":"de","@id":"https:\/\/turijnmagazijn.jumpstone-dev.nl\/#\/schema\/logo\/image\/","url":"https:\/\/turijnmagazijn.nl\/wp-content\/uploads\/2021\/02\/turijnmagazijnlogo.png","contentUrl":"https:\/\/turijnmagazijn.nl\/wp-content\/uploads\/2021\/02\/turijnmagazijnlogo.png","width":555,"height":270,"caption":"Turijnmagazijn"},"image":{"@id":"https:\/\/turijnmagazijn.jumpstone-dev.nl\/#\/schema\/logo\/image\/"},"sameAs":["https:\/\/www.facebook.com\/turijnmagazijn"]}]}},"_links":{"self":[{"href":"https:\/\/turijnmagazijn.nl\/de\/wp-json\/wp\/v2\/product\/66868","targetHints":{"allow":["GET"]}}],"collection":[{"href":"https:\/\/turijnmagazijn.nl\/de\/wp-json\/wp\/v2\/product"}],"about":[{"href":"https:\/\/turijnmagazijn.nl\/de\/wp-json\/wp\/v2\/types\/product"}],"replies":[{"embeddable":true,"href":"https:\/\/turijnmagazijn.nl\/de\/wp-json\/wp\/v2\/comments?post=66868"}],"wp:featuredmedia":[{"embeddable":true,"href":"https:\/\/turijnmagazijn.nl\/de\/wp-json\/wp\/v2\/media\/54689"}],"wp:attachment":[{"href":"https:\/\/turijnmagazijn.nl\/de\/wp-json\/wp\/v2\/media?parent=66868"}],"wp:term":[{"taxonomy":"product_brand","embeddable":true,"href":"https:\/\/turijnmagazijn.nl\/de\/wp-json\/wp\/v2\/product_brand?post=66868"},{"taxonomy":"product_cat","embeddable":true,"href":"https:\/\/turijnmagazijn.nl\/de\/wp-json\/wp\/v2\/product_cat?post=66868"},{"taxonomy":"product_tag","embeddable":true,"href":"https:\/\/turijnmagazijn.nl\/de\/wp-json\/wp\/v2\/product_tag?post=66868"}],"curies":[{"name":"wp","href":"https:\/\/api.w.org\/{rel}","templated":true}]}}