{"id":66870,"date":"2023-03-03T10:02:15","date_gmt":"2023-03-03T09:02:15","guid":{"rendered":"https:\/\/turijnmagazijn.nl\/product\/nabenabdeckung-fiat-punto-ii-blaues-logo-set-4-stueck-imitation\/"},"modified":"2024-08-29T09:23:37","modified_gmt":"2024-08-29T07:23:37","slug":"nabenabdeckung-fiat-punto-ii-blau-logo-set-4-st-imitation","status":"publish","type":"product","link":"https:\/\/turijnmagazijn.nl\/de\/produkt\/nabenabdeckung-fiat-punto-ii-blau-logo-set-4-st-imitation\/","title":{"rendered":"Nabenabdeckung Fiat Punto II Seicento blau Logo (Satz 4 St\u00fcck) -IMITATION-"},"content":{"rendered":"<p>Ste von 4 Nachahmung Nabenabdeckung 50mm Fiat blaues Logo. Geeignet f\u00fcr verschiedene Fiat-Felgen, einschlie\u00dflich 46772666 und 46745114. F\u00fcr Fiat Punto II (188) Passt auch auf einige Felgen anderer Modelle, darunter: Fiat Panda II Fiat Seicento 1998-2010 Fiat Multipla 1998-2010 Fiat Marea Fiat Stilo 2003-2007 Fiat Barchetta <strong>\u00dcberpr\u00fcfen Sie vor der Bestellung immer, ob die OEM-Nummer \u00fcbereinstimmt!<\/strong>&nbsp; OEM Fiat (nur als Referenz, es handelt sich nicht um ein OEM-Teil) 46746586<\/p>\n","protected":false},"excerpt":{"rendered":"<p>Nabenabdeckung Fiat Punto II blaues Logo -IMITATION- &#8211; Ste von 4 Nachahmung Nabenabdeckung 50mm Fiat blaues Logo.<\/p>\n","protected":false},"featured_media":78589,"comment_status":"open","ping_status":"closed","template":"","meta":{"_acf_changed":false},"product_brand":[],"product_cat":[1765,1770,1704,1689,1734,1737,1775,1751,1760,1762],"product_tag":[],"class_list":{"0":"post-66870","1":"product","2":"type-product","3":"status-publish","4":"has-post-thumbnail","6":"product_cat-5drs-de","7":"product_cat-abarth-3drs-de","8":"product_cat-barchetta-183-de","9":"product_cat-fiat-de","10":"product_cat-marea-185-de","11":"product_cat-multipla-186-de","12":"product_cat-multiwagon-de","13":"product_cat-punto-2-188-de","14":"product_cat-seicento-187-de","15":"product_cat-stilo-192-de","16":"pa_soort-onderdeel-klimaanlage-und-heizung","18":"first","19":"instock","20":"taxable","21":"shipping-taxable","22":"purchasable","23":"product-type-simple"},"acf":[],"yoast_head":"<!-- This site is optimized with the Yoast SEO plugin v27.3 - https:\/\/yoast.com\/product\/yoast-seo-wordpress\/ -->\n<title>Nabenabdeckung Fiat Punto II Seicento blau Logo (Satz 4 St\u00fcck) -IMITATION- Turijnmagazijn<\/title>\n<meta name=\"robots\" content=\"index, follow, max-snippet:-1, max-image-preview:large, max-video-preview:-1\" \/>\n<link rel=\"canonical\" href=\"https:\/\/turijnmagazijn.nl\/de\/produkt\/nabenabdeckung-fiat-punto-ii-blau-logo-set-4-st-imitation\/\" \/>\n<meta property=\"og:locale\" content=\"de_DE\" \/>\n<meta property=\"og:type\" content=\"article\" \/>\n<meta property=\"og:title\" content=\"Nabenabdeckung Fiat Punto II Seicento blau Logo (Satz 4 St\u00fcck) -IMITATION- Turijnmagazijn\" \/>\n<meta property=\"og:description\" content=\"Nabenabdeckung Fiat Punto II blaues Logo -IMITATION- - Ste von 4 Nachahmung Nabenabdeckung 50mm Fiat blaues Logo.\" \/>\n<meta property=\"og:url\" content=\"https:\/\/turijnmagazijn.nl\/de\/produkt\/nabenabdeckung-fiat-punto-ii-blau-logo-set-4-st-imitation\/\" \/>\n<meta property=\"og:site_name\" content=\"Turijnmagazijn\" \/>\n<meta property=\"article:publisher\" content=\"https:\/\/www.facebook.com\/turijnmagazijn\" \/>\n<meta property=\"article:modified_time\" content=\"2024-08-29T07:23:37+00:00\" \/>\n<meta property=\"og:image\" content=\"https:\/\/turijnmagazijn.nl\/wp-content\/uploads\/2023\/03\/DN00100222-Naafdeksel-Fiat-Punto-II-blauw-logo-IMITATIE-3-1.jpg\" \/>\n\t<meta property=\"og:image:width\" content=\"1024\" \/>\n\t<meta property=\"og:image:height\" content=\"768\" \/>\n\t<meta property=\"og:image:type\" content=\"image\/jpeg\" \/>\n<meta name=\"twitter:card\" content=\"summary_large_image\" \/>\n<script type=\"application\/ld+json\" class=\"yoast-schema-graph\">{\"@context\":\"https:\\\/\\\/schema.org\",\"@graph\":[{\"@type\":\"WebPage\",\"@id\":\"https:\\\/\\\/turijnmagazijn.nl\\\/de\\\/produkt\\\/nabenabdeckung-fiat-punto-ii-blau-logo-set-4-st-imitation\\\/\",\"url\":\"https:\\\/\\\/turijnmagazijn.nl\\\/de\\\/produkt\\\/nabenabdeckung-fiat-punto-ii-blau-logo-set-4-st-imitation\\\/\",\"name\":\"Nabenabdeckung Fiat Punto II Seicento blau Logo (Satz 4 St\u00fcck) -IMITATION- Turijnmagazijn\",\"isPartOf\":{\"@id\":\"https:\\\/\\\/turijnmagazijn.jumpstone-dev.nl\\\/#website\"},\"primaryImageOfPage\":{\"@id\":\"https:\\\/\\\/turijnmagazijn.nl\\\/de\\\/produkt\\\/nabenabdeckung-fiat-punto-ii-blau-logo-set-4-st-imitation\\\/#primaryimage\"},\"image\":{\"@id\":\"https:\\\/\\\/turijnmagazijn.nl\\\/de\\\/produkt\\\/nabenabdeckung-fiat-punto-ii-blau-logo-set-4-st-imitation\\\/#primaryimage\"},\"thumbnailUrl\":\"https:\\\/\\\/turijnmagazijn.nl\\\/wp-content\\\/uploads\\\/2023\\\/03\\\/DN0100222-Naafdeksel-Fiat-Seicento-Punto-2-Barchetta-Panda-2-46746586.png\",\"datePublished\":\"2023-03-03T09:02:15+00:00\",\"dateModified\":\"2024-08-29T07:23:37+00:00\",\"breadcrumb\":{\"@id\":\"https:\\\/\\\/turijnmagazijn.nl\\\/de\\\/produkt\\\/nabenabdeckung-fiat-punto-ii-blau-logo-set-4-st-imitation\\\/#breadcrumb\"},\"inLanguage\":\"de\",\"potentialAction\":[{\"@type\":\"ReadAction\",\"target\":[\"https:\\\/\\\/turijnmagazijn.nl\\\/de\\\/produkt\\\/nabenabdeckung-fiat-punto-ii-blau-logo-set-4-st-imitation\\\/\"]}]},{\"@type\":\"ImageObject\",\"inLanguage\":\"de\",\"@id\":\"https:\\\/\\\/turijnmagazijn.nl\\\/de\\\/produkt\\\/nabenabdeckung-fiat-punto-ii-blau-logo-set-4-st-imitation\\\/#primaryimage\",\"url\":\"https:\\\/\\\/turijnmagazijn.nl\\\/wp-content\\\/uploads\\\/2023\\\/03\\\/DN0100222-Naafdeksel-Fiat-Seicento-Punto-2-Barchetta-Panda-2-46746586.png\",\"contentUrl\":\"https:\\\/\\\/turijnmagazijn.nl\\\/wp-content\\\/uploads\\\/2023\\\/03\\\/DN0100222-Naafdeksel-Fiat-Seicento-Punto-2-Barchetta-Panda-2-46746586.png\",\"width\":600,\"height\":450},{\"@type\":\"BreadcrumbList\",\"@id\":\"https:\\\/\\\/turijnmagazijn.nl\\\/de\\\/produkt\\\/nabenabdeckung-fiat-punto-ii-blau-logo-set-4-st-imitation\\\/#breadcrumb\",\"itemListElement\":[{\"@type\":\"ListItem\",\"position\":1,\"name\":\"Home\",\"item\":\"https:\\\/\\\/turijnmagazijn.nl\\\/de\\\/\"},{\"@type\":\"ListItem\",\"position\":2,\"name\":\"Produkte\",\"item\":\"https:\\\/\\\/turijnmagazijn.nl\\\/de\\\/shop\\\/\"},{\"@type\":\"ListItem\",\"position\":3,\"name\":\"Nabenabdeckung Fiat Punto II Seicento blau Logo (Satz 4 St\u00fcck) -IMITATION-\"}]},{\"@type\":\"WebSite\",\"@id\":\"https:\\\/\\\/turijnmagazijn.jumpstone-dev.nl\\\/#website\",\"url\":\"https:\\\/\\\/turijnmagazijn.jumpstone-dev.nl\\\/\",\"name\":\"Turijnmagazijn\",\"description\":\"Onderdelen nieuw en gebruikt - Fiat &amp; Lancia\",\"publisher\":{\"@id\":\"https:\\\/\\\/turijnmagazijn.jumpstone-dev.nl\\\/#organization\"},\"potentialAction\":[{\"@type\":\"SearchAction\",\"target\":{\"@type\":\"EntryPoint\",\"urlTemplate\":\"https:\\\/\\\/turijnmagazijn.jumpstone-dev.nl\\\/?s={search_term_string}\"},\"query-input\":{\"@type\":\"PropertyValueSpecification\",\"valueRequired\":true,\"valueName\":\"search_term_string\"}}],\"inLanguage\":\"de\"},{\"@type\":\"Organization\",\"@id\":\"https:\\\/\\\/turijnmagazijn.jumpstone-dev.nl\\\/#organization\",\"name\":\"Turijnmagazijn\",\"url\":\"https:\\\/\\\/turijnmagazijn.jumpstone-dev.nl\\\/\",\"logo\":{\"@type\":\"ImageObject\",\"inLanguage\":\"de\",\"@id\":\"https:\\\/\\\/turijnmagazijn.jumpstone-dev.nl\\\/#\\\/schema\\\/logo\\\/image\\\/\",\"url\":\"https:\\\/\\\/turijnmagazijn.nl\\\/wp-content\\\/uploads\\\/2021\\\/02\\\/turijnmagazijnlogo.png\",\"contentUrl\":\"https:\\\/\\\/turijnmagazijn.nl\\\/wp-content\\\/uploads\\\/2021\\\/02\\\/turijnmagazijnlogo.png\",\"width\":555,\"height\":270,\"caption\":\"Turijnmagazijn\"},\"image\":{\"@id\":\"https:\\\/\\\/turijnmagazijn.jumpstone-dev.nl\\\/#\\\/schema\\\/logo\\\/image\\\/\"},\"sameAs\":[\"https:\\\/\\\/www.facebook.com\\\/turijnmagazijn\"]}]}<\/script>\n<!-- \/ Yoast SEO plugin. -->","yoast_head_json":{"title":"Nabenabdeckung Fiat Punto II Seicento blau Logo (Satz 4 St\u00fcck) -IMITATION- Turijnmagazijn","robots":{"index":"index","follow":"follow","max-snippet":"max-snippet:-1","max-image-preview":"max-image-preview:large","max-video-preview":"max-video-preview:-1"},"canonical":"https:\/\/turijnmagazijn.nl\/de\/produkt\/nabenabdeckung-fiat-punto-ii-blau-logo-set-4-st-imitation\/","og_locale":"de_DE","og_type":"article","og_title":"Nabenabdeckung Fiat Punto II Seicento blau Logo (Satz 4 St\u00fcck) -IMITATION- Turijnmagazijn","og_description":"Nabenabdeckung Fiat Punto II blaues Logo -IMITATION- - Ste von 4 Nachahmung Nabenabdeckung 50mm Fiat blaues Logo.","og_url":"https:\/\/turijnmagazijn.nl\/de\/produkt\/nabenabdeckung-fiat-punto-ii-blau-logo-set-4-st-imitation\/","og_site_name":"Turijnmagazijn","article_publisher":"https:\/\/www.facebook.com\/turijnmagazijn","article_modified_time":"2024-08-29T07:23:37+00:00","og_image":[{"width":1024,"height":768,"url":"https:\/\/turijnmagazijn.nl\/wp-content\/uploads\/2023\/03\/DN00100222-Naafdeksel-Fiat-Punto-II-blauw-logo-IMITATIE-3-1.jpg","type":"image\/jpeg"}],"twitter_card":"summary_large_image","schema":{"@context":"https:\/\/schema.org","@graph":[{"@type":"WebPage","@id":"https:\/\/turijnmagazijn.nl\/de\/produkt\/nabenabdeckung-fiat-punto-ii-blau-logo-set-4-st-imitation\/","url":"https:\/\/turijnmagazijn.nl\/de\/produkt\/nabenabdeckung-fiat-punto-ii-blau-logo-set-4-st-imitation\/","name":"Nabenabdeckung Fiat Punto II Seicento blau Logo (Satz 4 St\u00fcck) -IMITATION- Turijnmagazijn","isPartOf":{"@id":"https:\/\/turijnmagazijn.jumpstone-dev.nl\/#website"},"primaryImageOfPage":{"@id":"https:\/\/turijnmagazijn.nl\/de\/produkt\/nabenabdeckung-fiat-punto-ii-blau-logo-set-4-st-imitation\/#primaryimage"},"image":{"@id":"https:\/\/turijnmagazijn.nl\/de\/produkt\/nabenabdeckung-fiat-punto-ii-blau-logo-set-4-st-imitation\/#primaryimage"},"thumbnailUrl":"https:\/\/turijnmagazijn.nl\/wp-content\/uploads\/2023\/03\/DN0100222-Naafdeksel-Fiat-Seicento-Punto-2-Barchetta-Panda-2-46746586.png","datePublished":"2023-03-03T09:02:15+00:00","dateModified":"2024-08-29T07:23:37+00:00","breadcrumb":{"@id":"https:\/\/turijnmagazijn.nl\/de\/produkt\/nabenabdeckung-fiat-punto-ii-blau-logo-set-4-st-imitation\/#breadcrumb"},"inLanguage":"de","potentialAction":[{"@type":"ReadAction","target":["https:\/\/turijnmagazijn.nl\/de\/produkt\/nabenabdeckung-fiat-punto-ii-blau-logo-set-4-st-imitation\/"]}]},{"@type":"ImageObject","inLanguage":"de","@id":"https:\/\/turijnmagazijn.nl\/de\/produkt\/nabenabdeckung-fiat-punto-ii-blau-logo-set-4-st-imitation\/#primaryimage","url":"https:\/\/turijnmagazijn.nl\/wp-content\/uploads\/2023\/03\/DN0100222-Naafdeksel-Fiat-Seicento-Punto-2-Barchetta-Panda-2-46746586.png","contentUrl":"https:\/\/turijnmagazijn.nl\/wp-content\/uploads\/2023\/03\/DN0100222-Naafdeksel-Fiat-Seicento-Punto-2-Barchetta-Panda-2-46746586.png","width":600,"height":450},{"@type":"BreadcrumbList","@id":"https:\/\/turijnmagazijn.nl\/de\/produkt\/nabenabdeckung-fiat-punto-ii-blau-logo-set-4-st-imitation\/#breadcrumb","itemListElement":[{"@type":"ListItem","position":1,"name":"Home","item":"https:\/\/turijnmagazijn.nl\/de\/"},{"@type":"ListItem","position":2,"name":"Produkte","item":"https:\/\/turijnmagazijn.nl\/de\/shop\/"},{"@type":"ListItem","position":3,"name":"Nabenabdeckung Fiat Punto II Seicento blau Logo (Satz 4 St\u00fcck) -IMITATION-"}]},{"@type":"WebSite","@id":"https:\/\/turijnmagazijn.jumpstone-dev.nl\/#website","url":"https:\/\/turijnmagazijn.jumpstone-dev.nl\/","name":"Turijnmagazijn","description":"Onderdelen nieuw en gebruikt - Fiat &amp; Lancia","publisher":{"@id":"https:\/\/turijnmagazijn.jumpstone-dev.nl\/#organization"},"potentialAction":[{"@type":"SearchAction","target":{"@type":"EntryPoint","urlTemplate":"https:\/\/turijnmagazijn.jumpstone-dev.nl\/?s={search_term_string}"},"query-input":{"@type":"PropertyValueSpecification","valueRequired":true,"valueName":"search_term_string"}}],"inLanguage":"de"},{"@type":"Organization","@id":"https:\/\/turijnmagazijn.jumpstone-dev.nl\/#organization","name":"Turijnmagazijn","url":"https:\/\/turijnmagazijn.jumpstone-dev.nl\/","logo":{"@type":"ImageObject","inLanguage":"de","@id":"https:\/\/turijnmagazijn.jumpstone-dev.nl\/#\/schema\/logo\/image\/","url":"https:\/\/turijnmagazijn.nl\/wp-content\/uploads\/2021\/02\/turijnmagazijnlogo.png","contentUrl":"https:\/\/turijnmagazijn.nl\/wp-content\/uploads\/2021\/02\/turijnmagazijnlogo.png","width":555,"height":270,"caption":"Turijnmagazijn"},"image":{"@id":"https:\/\/turijnmagazijn.jumpstone-dev.nl\/#\/schema\/logo\/image\/"},"sameAs":["https:\/\/www.facebook.com\/turijnmagazijn"]}]}},"_links":{"self":[{"href":"https:\/\/turijnmagazijn.nl\/de\/wp-json\/wp\/v2\/product\/66870","targetHints":{"allow":["GET"]}}],"collection":[{"href":"https:\/\/turijnmagazijn.nl\/de\/wp-json\/wp\/v2\/product"}],"about":[{"href":"https:\/\/turijnmagazijn.nl\/de\/wp-json\/wp\/v2\/types\/product"}],"replies":[{"embeddable":true,"href":"https:\/\/turijnmagazijn.nl\/de\/wp-json\/wp\/v2\/comments?post=66870"}],"wp:featuredmedia":[{"embeddable":true,"href":"https:\/\/turijnmagazijn.nl\/de\/wp-json\/wp\/v2\/media\/78589"}],"wp:attachment":[{"href":"https:\/\/turijnmagazijn.nl\/de\/wp-json\/wp\/v2\/media?parent=66870"}],"wp:term":[{"taxonomy":"product_brand","embeddable":true,"href":"https:\/\/turijnmagazijn.nl\/de\/wp-json\/wp\/v2\/product_brand?post=66870"},{"taxonomy":"product_cat","embeddable":true,"href":"https:\/\/turijnmagazijn.nl\/de\/wp-json\/wp\/v2\/product_cat?post=66870"},{"taxonomy":"product_tag","embeddable":true,"href":"https:\/\/turijnmagazijn.nl\/de\/wp-json\/wp\/v2\/product_tag?post=66870"}],"curies":[{"name":"wp","href":"https:\/\/api.w.org\/{rel}","templated":true}]}}