{"id":66879,"date":"2023-03-03T09:01:51","date_gmt":"2023-03-03T08:01:51","guid":{"rendered":"https:\/\/turijnmagazijn.nl\/product\/alfa-156-166-gtv-gummitastenschluessel-mit-fernbedienung-imitation\/"},"modified":"2025-07-17T13:58:25","modified_gmt":"2025-07-17T11:58:25","slug":"alfa-156-166-gtv-gummi-knopf-schlussel-mit-fernbedienung-imitation","status":"publish","type":"product","link":"https:\/\/turijnmagazijn.nl\/de\/produkt\/alfa-156-166-gtv-gummi-knopf-schlussel-mit-fernbedienung-imitation\/","title":{"rendered":"Alfa 156 166 GTV Gummitastenschl\u00fcssel mit Fernbedienung -IMITATION-"},"content":{"rendered":"<p>Neuer Gummiimitat-Knopf als Ersatz f\u00fcr den OEM-Gummiknopf auf dem roten Fernbedienungsschl\u00fcssel f\u00fcr Alfa Romeo, der bei den Alfa 147-, 156-, 166- und GTV- und Spider-Modellen der 90er Jahre verwendet wurde.<\/p>\n<p>Es handelt sich um eine sehr gute Kopie des Originals, die problemlos in einen Originalschl\u00fcssel passt.<\/p>\n<p>Normalerweise bildet sich im Laufe der Zeit aufgrund von Verschlei\u00df ein Loch in der Mitte des Gummis.<\/p>\n<p>Durch dieses Loch dringen Schmutz und Sand ein, was schlie\u00dflich dazu f\u00fchren kann, dass die Elektronik im Schl\u00fcssel ausf\u00e4llt. Es kommt auch vor, dass die Mikroschalter besch\u00e4digt werden, so dass sich das Auto beim ersten Versuch nicht mehr entriegelt.<\/p>\n<p>&nbsp;<\/p>\n<p>OEM als Referenz, betrifft ein Aftermarket-Teil! 71718708<\/p>\n","protected":false},"excerpt":{"rendered":"<p>Alfa 156 166 GTV Gummitastenschl\u00fcssel mit Fernbedienung -IMITATION- &#8211; Neuer Gummiimitat-Knopf als Ersatz f\u00fcr den OEM-Gummiknopf auf der roten Fernbedienung f\u00fcr Alfa Romeo, der beim Alfa 147, 156, 166 und GTV und Spide verwendet wird<\/p>\n","protected":false},"featured_media":54705,"comment_status":"closed","ping_status":"closed","template":"","meta":{"_acf_changed":false},"product_brand":[],"product_cat":[1605,1616,1651,1584,1634],"product_tag":[],"class_list":{"0":"post-66879","1":"product","2":"type-product","3":"status-publish","4":"has-post-thumbnail","6":"product_cat-147-937-de","7":"product_cat-156-932-de","8":"product_cat-166-936-de","9":"product_cat-alfa-romeo-de","10":"product_cat-gtv-916-de","11":"pa_soort-onderdeel-andere-autoteile","13":"first","14":"instock","15":"featured","16":"taxable","17":"shipping-taxable","18":"purchasable","19":"product-type-simple"},"acf":[],"yoast_head":"<!-- This site is optimized with the Yoast SEO plugin v27.3 - https:\/\/yoast.com\/product\/yoast-seo-wordpress\/ -->\n<title>Alfa 156 166 GTV Gummitastenschl\u00fcssel mit Fernbedienung -IMITATION- Turijnmagazijn<\/title>\n<meta name=\"robots\" content=\"index, follow, max-snippet:-1, max-image-preview:large, max-video-preview:-1\" \/>\n<link rel=\"canonical\" href=\"https:\/\/turijnmagazijn.nl\/de\/produkt\/alfa-156-166-gtv-gummi-knopf-schlussel-mit-fernbedienung-imitation\/\" \/>\n<meta property=\"og:locale\" content=\"de_DE\" \/>\n<meta property=\"og:type\" content=\"article\" \/>\n<meta property=\"og:title\" content=\"Alfa 156 166 GTV Gummitastenschl\u00fcssel mit Fernbedienung -IMITATION- Turijnmagazijn\" \/>\n<meta property=\"og:description\" content=\"Alfa 156 166 GTV Gummitastenschl\u00fcssel mit Fernbedienung -IMITATION- - Neuer Gummiimitat-Knopf als Ersatz f\u00fcr den OEM-Gummiknopf auf der roten Fernbedienung f\u00fcr Alfa Romeo, der beim Alfa 147, 156, 166 und GTV und Spide verwendet wird\" \/>\n<meta property=\"og:url\" content=\"https:\/\/turijnmagazijn.nl\/de\/produkt\/alfa-156-166-gtv-gummi-knopf-schlussel-mit-fernbedienung-imitation\/\" \/>\n<meta property=\"og:site_name\" content=\"Turijnmagazijn\" \/>\n<meta property=\"article:publisher\" content=\"https:\/\/www.facebook.com\/turijnmagazijn\" \/>\n<meta property=\"article:modified_time\" content=\"2025-07-17T11:58:25+00:00\" \/>\n<meta property=\"og:image\" content=\"https:\/\/turijnmagazijn.nl\/wp-content\/uploads\/2023\/03\/DN00100218-71718708-Alfa-156-166-GTV-rubber-knop-sleutel-met-afstandsbediening-6.jpeg\" \/>\n\t<meta property=\"og:image:width\" content=\"1600\" \/>\n\t<meta property=\"og:image:height\" content=\"1165\" \/>\n\t<meta property=\"og:image:type\" content=\"image\/jpeg\" \/>\n<meta name=\"twitter:card\" content=\"summary_large_image\" \/>\n<meta name=\"twitter:label1\" content=\"Gesch\u00e4tzte Lesezeit\" \/>\n\t<meta name=\"twitter:data1\" content=\"1\u00a0Minute\" \/>\n<script type=\"application\/ld+json\" class=\"yoast-schema-graph\">{\"@context\":\"https:\\\/\\\/schema.org\",\"@graph\":[{\"@type\":\"WebPage\",\"@id\":\"https:\\\/\\\/turijnmagazijn.nl\\\/de\\\/produkt\\\/alfa-156-166-gtv-gummi-knopf-schlussel-mit-fernbedienung-imitation\\\/\",\"url\":\"https:\\\/\\\/turijnmagazijn.nl\\\/de\\\/produkt\\\/alfa-156-166-gtv-gummi-knopf-schlussel-mit-fernbedienung-imitation\\\/\",\"name\":\"Alfa 156 166 GTV Gummitastenschl\u00fcssel mit Fernbedienung -IMITATION- Turijnmagazijn\",\"isPartOf\":{\"@id\":\"https:\\\/\\\/turijnmagazijn.jumpstone-dev.nl\\\/#website\"},\"primaryImageOfPage\":{\"@id\":\"https:\\\/\\\/turijnmagazijn.nl\\\/de\\\/produkt\\\/alfa-156-166-gtv-gummi-knopf-schlussel-mit-fernbedienung-imitation\\\/#primaryimage\"},\"image\":{\"@id\":\"https:\\\/\\\/turijnmagazijn.nl\\\/de\\\/produkt\\\/alfa-156-166-gtv-gummi-knopf-schlussel-mit-fernbedienung-imitation\\\/#primaryimage\"},\"thumbnailUrl\":\"https:\\\/\\\/turijnmagazijn.nl\\\/wp-content\\\/uploads\\\/2023\\\/03\\\/DN00100218-71718708-Alfa-156-166-GTV-rubber-knop-sleutel-met-afstandsbediening-6.jpeg\",\"datePublished\":\"2023-03-03T08:01:51+00:00\",\"dateModified\":\"2025-07-17T11:58:25+00:00\",\"breadcrumb\":{\"@id\":\"https:\\\/\\\/turijnmagazijn.nl\\\/de\\\/produkt\\\/alfa-156-166-gtv-gummi-knopf-schlussel-mit-fernbedienung-imitation\\\/#breadcrumb\"},\"inLanguage\":\"de\",\"potentialAction\":[{\"@type\":\"ReadAction\",\"target\":[\"https:\\\/\\\/turijnmagazijn.nl\\\/de\\\/produkt\\\/alfa-156-166-gtv-gummi-knopf-schlussel-mit-fernbedienung-imitation\\\/\"]}]},{\"@type\":\"ImageObject\",\"inLanguage\":\"de\",\"@id\":\"https:\\\/\\\/turijnmagazijn.nl\\\/de\\\/produkt\\\/alfa-156-166-gtv-gummi-knopf-schlussel-mit-fernbedienung-imitation\\\/#primaryimage\",\"url\":\"https:\\\/\\\/turijnmagazijn.nl\\\/wp-content\\\/uploads\\\/2023\\\/03\\\/DN00100218-71718708-Alfa-156-166-GTV-rubber-knop-sleutel-met-afstandsbediening-6.jpeg\",\"contentUrl\":\"https:\\\/\\\/turijnmagazijn.nl\\\/wp-content\\\/uploads\\\/2023\\\/03\\\/DN00100218-71718708-Alfa-156-166-GTV-rubber-knop-sleutel-met-afstandsbediening-6.jpeg\",\"width\":1600,\"height\":1165},{\"@type\":\"BreadcrumbList\",\"@id\":\"https:\\\/\\\/turijnmagazijn.nl\\\/de\\\/produkt\\\/alfa-156-166-gtv-gummi-knopf-schlussel-mit-fernbedienung-imitation\\\/#breadcrumb\",\"itemListElement\":[{\"@type\":\"ListItem\",\"position\":1,\"name\":\"Home\",\"item\":\"https:\\\/\\\/turijnmagazijn.nl\\\/de\\\/\"},{\"@type\":\"ListItem\",\"position\":2,\"name\":\"Produkte\",\"item\":\"https:\\\/\\\/turijnmagazijn.nl\\\/de\\\/shop\\\/\"},{\"@type\":\"ListItem\",\"position\":3,\"name\":\"Alfa 156 166 GTV Gummitastenschl\u00fcssel mit Fernbedienung -IMITATION-\"}]},{\"@type\":\"WebSite\",\"@id\":\"https:\\\/\\\/turijnmagazijn.jumpstone-dev.nl\\\/#website\",\"url\":\"https:\\\/\\\/turijnmagazijn.jumpstone-dev.nl\\\/\",\"name\":\"Turijnmagazijn\",\"description\":\"Onderdelen nieuw en gebruikt - Fiat &amp; Lancia\",\"publisher\":{\"@id\":\"https:\\\/\\\/turijnmagazijn.jumpstone-dev.nl\\\/#organization\"},\"potentialAction\":[{\"@type\":\"SearchAction\",\"target\":{\"@type\":\"EntryPoint\",\"urlTemplate\":\"https:\\\/\\\/turijnmagazijn.jumpstone-dev.nl\\\/?s={search_term_string}\"},\"query-input\":{\"@type\":\"PropertyValueSpecification\",\"valueRequired\":true,\"valueName\":\"search_term_string\"}}],\"inLanguage\":\"de\"},{\"@type\":\"Organization\",\"@id\":\"https:\\\/\\\/turijnmagazijn.jumpstone-dev.nl\\\/#organization\",\"name\":\"Turijnmagazijn\",\"url\":\"https:\\\/\\\/turijnmagazijn.jumpstone-dev.nl\\\/\",\"logo\":{\"@type\":\"ImageObject\",\"inLanguage\":\"de\",\"@id\":\"https:\\\/\\\/turijnmagazijn.jumpstone-dev.nl\\\/#\\\/schema\\\/logo\\\/image\\\/\",\"url\":\"https:\\\/\\\/turijnmagazijn.nl\\\/wp-content\\\/uploads\\\/2021\\\/02\\\/turijnmagazijnlogo.png\",\"contentUrl\":\"https:\\\/\\\/turijnmagazijn.nl\\\/wp-content\\\/uploads\\\/2021\\\/02\\\/turijnmagazijnlogo.png\",\"width\":555,\"height\":270,\"caption\":\"Turijnmagazijn\"},\"image\":{\"@id\":\"https:\\\/\\\/turijnmagazijn.jumpstone-dev.nl\\\/#\\\/schema\\\/logo\\\/image\\\/\"},\"sameAs\":[\"https:\\\/\\\/www.facebook.com\\\/turijnmagazijn\"]}]}<\/script>\n<!-- \/ Yoast SEO plugin. -->","yoast_head_json":{"title":"Alfa 156 166 GTV Gummitastenschl\u00fcssel mit Fernbedienung -IMITATION- Turijnmagazijn","robots":{"index":"index","follow":"follow","max-snippet":"max-snippet:-1","max-image-preview":"max-image-preview:large","max-video-preview":"max-video-preview:-1"},"canonical":"https:\/\/turijnmagazijn.nl\/de\/produkt\/alfa-156-166-gtv-gummi-knopf-schlussel-mit-fernbedienung-imitation\/","og_locale":"de_DE","og_type":"article","og_title":"Alfa 156 166 GTV Gummitastenschl\u00fcssel mit Fernbedienung -IMITATION- Turijnmagazijn","og_description":"Alfa 156 166 GTV Gummitastenschl\u00fcssel mit Fernbedienung -IMITATION- - Neuer Gummiimitat-Knopf als Ersatz f\u00fcr den OEM-Gummiknopf auf der roten Fernbedienung f\u00fcr Alfa Romeo, der beim Alfa 147, 156, 166 und GTV und Spide verwendet wird","og_url":"https:\/\/turijnmagazijn.nl\/de\/produkt\/alfa-156-166-gtv-gummi-knopf-schlussel-mit-fernbedienung-imitation\/","og_site_name":"Turijnmagazijn","article_publisher":"https:\/\/www.facebook.com\/turijnmagazijn","article_modified_time":"2025-07-17T11:58:25+00:00","og_image":[{"width":1600,"height":1165,"url":"https:\/\/turijnmagazijn.nl\/wp-content\/uploads\/2023\/03\/DN00100218-71718708-Alfa-156-166-GTV-rubber-knop-sleutel-met-afstandsbediening-6.jpeg","type":"image\/jpeg"}],"twitter_card":"summary_large_image","twitter_misc":{"Gesch\u00e4tzte Lesezeit":"1\u00a0Minute"},"schema":{"@context":"https:\/\/schema.org","@graph":[{"@type":"WebPage","@id":"https:\/\/turijnmagazijn.nl\/de\/produkt\/alfa-156-166-gtv-gummi-knopf-schlussel-mit-fernbedienung-imitation\/","url":"https:\/\/turijnmagazijn.nl\/de\/produkt\/alfa-156-166-gtv-gummi-knopf-schlussel-mit-fernbedienung-imitation\/","name":"Alfa 156 166 GTV Gummitastenschl\u00fcssel mit Fernbedienung -IMITATION- Turijnmagazijn","isPartOf":{"@id":"https:\/\/turijnmagazijn.jumpstone-dev.nl\/#website"},"primaryImageOfPage":{"@id":"https:\/\/turijnmagazijn.nl\/de\/produkt\/alfa-156-166-gtv-gummi-knopf-schlussel-mit-fernbedienung-imitation\/#primaryimage"},"image":{"@id":"https:\/\/turijnmagazijn.nl\/de\/produkt\/alfa-156-166-gtv-gummi-knopf-schlussel-mit-fernbedienung-imitation\/#primaryimage"},"thumbnailUrl":"https:\/\/turijnmagazijn.nl\/wp-content\/uploads\/2023\/03\/DN00100218-71718708-Alfa-156-166-GTV-rubber-knop-sleutel-met-afstandsbediening-6.jpeg","datePublished":"2023-03-03T08:01:51+00:00","dateModified":"2025-07-17T11:58:25+00:00","breadcrumb":{"@id":"https:\/\/turijnmagazijn.nl\/de\/produkt\/alfa-156-166-gtv-gummi-knopf-schlussel-mit-fernbedienung-imitation\/#breadcrumb"},"inLanguage":"de","potentialAction":[{"@type":"ReadAction","target":["https:\/\/turijnmagazijn.nl\/de\/produkt\/alfa-156-166-gtv-gummi-knopf-schlussel-mit-fernbedienung-imitation\/"]}]},{"@type":"ImageObject","inLanguage":"de","@id":"https:\/\/turijnmagazijn.nl\/de\/produkt\/alfa-156-166-gtv-gummi-knopf-schlussel-mit-fernbedienung-imitation\/#primaryimage","url":"https:\/\/turijnmagazijn.nl\/wp-content\/uploads\/2023\/03\/DN00100218-71718708-Alfa-156-166-GTV-rubber-knop-sleutel-met-afstandsbediening-6.jpeg","contentUrl":"https:\/\/turijnmagazijn.nl\/wp-content\/uploads\/2023\/03\/DN00100218-71718708-Alfa-156-166-GTV-rubber-knop-sleutel-met-afstandsbediening-6.jpeg","width":1600,"height":1165},{"@type":"BreadcrumbList","@id":"https:\/\/turijnmagazijn.nl\/de\/produkt\/alfa-156-166-gtv-gummi-knopf-schlussel-mit-fernbedienung-imitation\/#breadcrumb","itemListElement":[{"@type":"ListItem","position":1,"name":"Home","item":"https:\/\/turijnmagazijn.nl\/de\/"},{"@type":"ListItem","position":2,"name":"Produkte","item":"https:\/\/turijnmagazijn.nl\/de\/shop\/"},{"@type":"ListItem","position":3,"name":"Alfa 156 166 GTV Gummitastenschl\u00fcssel mit Fernbedienung -IMITATION-"}]},{"@type":"WebSite","@id":"https:\/\/turijnmagazijn.jumpstone-dev.nl\/#website","url":"https:\/\/turijnmagazijn.jumpstone-dev.nl\/","name":"Turijnmagazijn","description":"Onderdelen nieuw en gebruikt - Fiat &amp; Lancia","publisher":{"@id":"https:\/\/turijnmagazijn.jumpstone-dev.nl\/#organization"},"potentialAction":[{"@type":"SearchAction","target":{"@type":"EntryPoint","urlTemplate":"https:\/\/turijnmagazijn.jumpstone-dev.nl\/?s={search_term_string}"},"query-input":{"@type":"PropertyValueSpecification","valueRequired":true,"valueName":"search_term_string"}}],"inLanguage":"de"},{"@type":"Organization","@id":"https:\/\/turijnmagazijn.jumpstone-dev.nl\/#organization","name":"Turijnmagazijn","url":"https:\/\/turijnmagazijn.jumpstone-dev.nl\/","logo":{"@type":"ImageObject","inLanguage":"de","@id":"https:\/\/turijnmagazijn.jumpstone-dev.nl\/#\/schema\/logo\/image\/","url":"https:\/\/turijnmagazijn.nl\/wp-content\/uploads\/2021\/02\/turijnmagazijnlogo.png","contentUrl":"https:\/\/turijnmagazijn.nl\/wp-content\/uploads\/2021\/02\/turijnmagazijnlogo.png","width":555,"height":270,"caption":"Turijnmagazijn"},"image":{"@id":"https:\/\/turijnmagazijn.jumpstone-dev.nl\/#\/schema\/logo\/image\/"},"sameAs":["https:\/\/www.facebook.com\/turijnmagazijn"]}]}},"_links":{"self":[{"href":"https:\/\/turijnmagazijn.nl\/de\/wp-json\/wp\/v2\/product\/66879","targetHints":{"allow":["GET"]}}],"collection":[{"href":"https:\/\/turijnmagazijn.nl\/de\/wp-json\/wp\/v2\/product"}],"about":[{"href":"https:\/\/turijnmagazijn.nl\/de\/wp-json\/wp\/v2\/types\/product"}],"replies":[{"embeddable":true,"href":"https:\/\/turijnmagazijn.nl\/de\/wp-json\/wp\/v2\/comments?post=66879"}],"wp:featuredmedia":[{"embeddable":true,"href":"https:\/\/turijnmagazijn.nl\/de\/wp-json\/wp\/v2\/media\/54705"}],"wp:attachment":[{"href":"https:\/\/turijnmagazijn.nl\/de\/wp-json\/wp\/v2\/media?parent=66879"}],"wp:term":[{"taxonomy":"product_brand","embeddable":true,"href":"https:\/\/turijnmagazijn.nl\/de\/wp-json\/wp\/v2\/product_brand?post=66879"},{"taxonomy":"product_cat","embeddable":true,"href":"https:\/\/turijnmagazijn.nl\/de\/wp-json\/wp\/v2\/product_cat?post=66879"},{"taxonomy":"product_tag","embeddable":true,"href":"https:\/\/turijnmagazijn.nl\/de\/wp-json\/wp\/v2\/product_tag?post=66879"}],"curies":[{"name":"wp","href":"https:\/\/api.w.org\/{rel}","templated":true}]}}