{"id":66892,"date":"2023-03-03T10:02:48","date_gmt":"2023-03-03T09:02:48","guid":{"rendered":"https:\/\/turijnmagazijn.nl\/product\/alfa-romeo-roter-schluessel-handsender-blanker-bart-gerade\/"},"modified":"2025-05-29T20:57:08","modified_gmt":"2025-05-29T18:57:08","slug":"alpha-romeo-rote-schlussel-hand-sender-blank-bart-gerade","status":"publish","type":"product","link":"https:\/\/turijnmagazijn.nl\/de\/produkt\/alpha-romeo-rote-schlussel-hand-sender-blank-bart-gerade\/","title":{"rendered":"Alfa Romeo roter Schl\u00fcssel Handsender blanker Bart gerade"},"content":{"rendered":"<p>Neues Alfa Romeo rotes Schl\u00fcsselgeh\u00e4use f\u00fcr Handsender blanker Bart gerade.<\/p>\n<p>Geeignet f\u00fcr Alfa Romeo 166 (dies ist die B-Taste, die oft als 2. Schl\u00fcssel enthalten war)<\/p>\n<p>Es handelt sich um ein blankes Geh\u00e4use ohne Leiterplatte und ohne Transponderchip.<\/p>\n<p>Jeder Schl\u00fcsselhersteller kann diesen leeren Schl\u00fcssel zu Ihrem urspr\u00fcnglichen Schl\u00fcssel sch\u00e4rfen.<\/p>\n<p>Ideal f\u00fcr diejenigen, die den Ersatzschl\u00fcssel verloren haben oder ein kaputtes Geh\u00e4use haben.<\/p>\n<p>Einzelne Chips sind ebenfalls erh\u00e4ltlich und k\u00f6nnen von einem Spezialisten am Computer angelernt werden.<\/p>\n<p><\/p>\n<p>OEM Alfa Romeo (als Referenz, dies ist kein OEM-Teil!) 60779588<\/p>\n<p>OEM Alfa Romeo&nbsp; (als Referenz, dies ist kein OEM-Teil!)&nbsp; 60779555<\/p>\n","protected":false},"excerpt":{"rendered":"<p>Alfa Romeo roter Schl\u00fcssel Handsender blanker Bart gerade &#8211; Neues Alfa Romeo rotes Schl\u00fcsselgeh\u00e4use f\u00fcr Handsender blanker Bart gerade.<\/p>\n","protected":false},"featured_media":54829,"comment_status":"open","ping_status":"closed","template":"","meta":{"_acf_changed":false},"product_brand":[],"product_cat":[1616,1651,1584],"product_tag":[],"class_list":{"0":"post-66892","1":"product","2":"type-product","3":"status-publish","4":"has-post-thumbnail","6":"product_cat-156-932-de","7":"product_cat-166-936-de","8":"product_cat-alfa-romeo-de","9":"pa_soort-onderdeel-dashboard-und-schalter","11":"first","12":"instock","13":"taxable","14":"shipping-taxable","15":"purchasable","16":"product-type-simple"},"acf":[],"yoast_head":"<!-- This site is optimized with the Yoast SEO plugin v27.2 - https:\/\/yoast.com\/product\/yoast-seo-wordpress\/ -->\n<title>Alfa Romeo roter Schl\u00fcssel Handsender blanker Bart gerade - Turijnmagazijn<\/title>\n<meta name=\"robots\" content=\"index, follow, max-snippet:-1, max-image-preview:large, max-video-preview:-1\" \/>\n<link rel=\"canonical\" href=\"https:\/\/turijnmagazijn.nl\/de\/produkt\/alpha-romeo-rote-schlussel-hand-sender-blank-bart-gerade\/\" \/>\n<meta property=\"og:locale\" content=\"de_DE\" \/>\n<meta property=\"og:type\" content=\"article\" \/>\n<meta property=\"og:title\" content=\"Alfa Romeo roter Schl\u00fcssel Handsender blanker Bart gerade - Turijnmagazijn\" \/>\n<meta property=\"og:description\" content=\"Alfa Romeo roter Schl\u00fcssel Handsender blanker Bart gerade - Neues Alfa Romeo rotes Schl\u00fcsselgeh\u00e4use f\u00fcr Handsender blanker Bart gerade.\" \/>\n<meta property=\"og:url\" content=\"https:\/\/turijnmagazijn.nl\/de\/produkt\/alpha-romeo-rote-schlussel-hand-sender-blank-bart-gerade\/\" \/>\n<meta property=\"og:site_name\" content=\"Turijnmagazijn\" \/>\n<meta property=\"article:publisher\" content=\"https:\/\/www.facebook.com\/turijnmagazijn\" \/>\n<meta property=\"article:modified_time\" content=\"2025-05-29T18:57:08+00:00\" \/>\n<meta property=\"og:image\" content=\"https:\/\/turijnmagazijn.nl\/wp-content\/uploads\/2023\/03\/DN00100223-Alfa-Romeo-rode-sleutel-handzender-blanco-baard-recht-3-1.jpg\" \/>\n\t<meta property=\"og:image:width\" content=\"1024\" \/>\n\t<meta property=\"og:image:height\" content=\"768\" \/>\n\t<meta property=\"og:image:type\" content=\"image\/jpeg\" \/>\n<meta name=\"twitter:card\" content=\"summary_large_image\" \/>\n<meta name=\"twitter:label1\" content=\"Gesch\u00e4tzte Lesezeit\" \/>\n\t<meta name=\"twitter:data1\" content=\"1\u00a0Minute\" \/>\n<script type=\"application\/ld+json\" class=\"yoast-schema-graph\">{\"@context\":\"https:\/\/schema.org\",\"@graph\":[{\"@type\":\"WebPage\",\"@id\":\"https:\/\/turijnmagazijn.nl\/de\/produkt\/alpha-romeo-rote-schlussel-hand-sender-blank-bart-gerade\/\",\"url\":\"https:\/\/turijnmagazijn.nl\/de\/produkt\/alpha-romeo-rote-schlussel-hand-sender-blank-bart-gerade\/\",\"name\":\"Alfa Romeo roter Schl\u00fcssel Handsender blanker Bart gerade - Turijnmagazijn\",\"isPartOf\":{\"@id\":\"https:\/\/turijnmagazijn.jumpstone-dev.nl\/#website\"},\"primaryImageOfPage\":{\"@id\":\"https:\/\/turijnmagazijn.nl\/de\/produkt\/alpha-romeo-rote-schlussel-hand-sender-blank-bart-gerade\/#primaryimage\"},\"image\":{\"@id\":\"https:\/\/turijnmagazijn.nl\/de\/produkt\/alpha-romeo-rote-schlussel-hand-sender-blank-bart-gerade\/#primaryimage\"},\"thumbnailUrl\":\"https:\/\/turijnmagazijn.nl\/wp-content\/uploads\/2023\/03\/DN00100223-Alfa-Romeo-rode-sleutel-handzender-blanco-baard-recht-3-1.jpg\",\"datePublished\":\"2023-03-03T09:02:48+00:00\",\"dateModified\":\"2025-05-29T18:57:08+00:00\",\"breadcrumb\":{\"@id\":\"https:\/\/turijnmagazijn.nl\/de\/produkt\/alpha-romeo-rote-schlussel-hand-sender-blank-bart-gerade\/#breadcrumb\"},\"inLanguage\":\"de\",\"potentialAction\":[{\"@type\":\"ReadAction\",\"target\":[\"https:\/\/turijnmagazijn.nl\/de\/produkt\/alpha-romeo-rote-schlussel-hand-sender-blank-bart-gerade\/\"]}]},{\"@type\":\"ImageObject\",\"inLanguage\":\"de\",\"@id\":\"https:\/\/turijnmagazijn.nl\/de\/produkt\/alpha-romeo-rote-schlussel-hand-sender-blank-bart-gerade\/#primaryimage\",\"url\":\"https:\/\/turijnmagazijn.nl\/wp-content\/uploads\/2023\/03\/DN00100223-Alfa-Romeo-rode-sleutel-handzender-blanco-baard-recht-3-1.jpg\",\"contentUrl\":\"https:\/\/turijnmagazijn.nl\/wp-content\/uploads\/2023\/03\/DN00100223-Alfa-Romeo-rode-sleutel-handzender-blanco-baard-recht-3-1.jpg\",\"width\":1024,\"height\":768},{\"@type\":\"BreadcrumbList\",\"@id\":\"https:\/\/turijnmagazijn.nl\/de\/produkt\/alpha-romeo-rote-schlussel-hand-sender-blank-bart-gerade\/#breadcrumb\",\"itemListElement\":[{\"@type\":\"ListItem\",\"position\":1,\"name\":\"Home\",\"item\":\"https:\/\/turijnmagazijn.jumpstone-dev.nl\/\"},{\"@type\":\"ListItem\",\"position\":2,\"name\":\"Produkte\",\"item\":\"https:\/\/turijnmagazijn.nl\/de\/shop\/\"},{\"@type\":\"ListItem\",\"position\":3,\"name\":\"Alfa Romeo roter Schl\u00fcssel Handsender blanker Bart gerade\"}]},{\"@type\":\"WebSite\",\"@id\":\"https:\/\/turijnmagazijn.jumpstone-dev.nl\/#website\",\"url\":\"https:\/\/turijnmagazijn.jumpstone-dev.nl\/\",\"name\":\"Turijnmagazijn\",\"description\":\"Onderdelen nieuw en gebruikt - Fiat &amp; Lancia\",\"publisher\":{\"@id\":\"https:\/\/turijnmagazijn.jumpstone-dev.nl\/#organization\"},\"potentialAction\":[{\"@type\":\"SearchAction\",\"target\":{\"@type\":\"EntryPoint\",\"urlTemplate\":\"https:\/\/turijnmagazijn.jumpstone-dev.nl\/?s={search_term_string}\"},\"query-input\":{\"@type\":\"PropertyValueSpecification\",\"valueRequired\":true,\"valueName\":\"search_term_string\"}}],\"inLanguage\":\"de\"},{\"@type\":\"Organization\",\"@id\":\"https:\/\/turijnmagazijn.jumpstone-dev.nl\/#organization\",\"name\":\"Turijnmagazijn\",\"url\":\"https:\/\/turijnmagazijn.jumpstone-dev.nl\/\",\"logo\":{\"@type\":\"ImageObject\",\"inLanguage\":\"de\",\"@id\":\"https:\/\/turijnmagazijn.jumpstone-dev.nl\/#\/schema\/logo\/image\/\",\"url\":\"https:\/\/turijnmagazijn.nl\/wp-content\/uploads\/2021\/02\/turijnmagazijnlogo.png\",\"contentUrl\":\"https:\/\/turijnmagazijn.nl\/wp-content\/uploads\/2021\/02\/turijnmagazijnlogo.png\",\"width\":555,\"height\":270,\"caption\":\"Turijnmagazijn\"},\"image\":{\"@id\":\"https:\/\/turijnmagazijn.jumpstone-dev.nl\/#\/schema\/logo\/image\/\"},\"sameAs\":[\"https:\/\/www.facebook.com\/turijnmagazijn\"]}]}<\/script>\n<!-- \/ Yoast SEO plugin. -->","yoast_head_json":{"title":"Alfa Romeo roter Schl\u00fcssel Handsender blanker Bart gerade - Turijnmagazijn","robots":{"index":"index","follow":"follow","max-snippet":"max-snippet:-1","max-image-preview":"max-image-preview:large","max-video-preview":"max-video-preview:-1"},"canonical":"https:\/\/turijnmagazijn.nl\/de\/produkt\/alpha-romeo-rote-schlussel-hand-sender-blank-bart-gerade\/","og_locale":"de_DE","og_type":"article","og_title":"Alfa Romeo roter Schl\u00fcssel Handsender blanker Bart gerade - Turijnmagazijn","og_description":"Alfa Romeo roter Schl\u00fcssel Handsender blanker Bart gerade - Neues Alfa Romeo rotes Schl\u00fcsselgeh\u00e4use f\u00fcr Handsender blanker Bart gerade.","og_url":"https:\/\/turijnmagazijn.nl\/de\/produkt\/alpha-romeo-rote-schlussel-hand-sender-blank-bart-gerade\/","og_site_name":"Turijnmagazijn","article_publisher":"https:\/\/www.facebook.com\/turijnmagazijn","article_modified_time":"2025-05-29T18:57:08+00:00","og_image":[{"width":1024,"height":768,"url":"https:\/\/turijnmagazijn.nl\/wp-content\/uploads\/2023\/03\/DN00100223-Alfa-Romeo-rode-sleutel-handzender-blanco-baard-recht-3-1.jpg","type":"image\/jpeg"}],"twitter_card":"summary_large_image","twitter_misc":{"Gesch\u00e4tzte Lesezeit":"1\u00a0Minute"},"schema":{"@context":"https:\/\/schema.org","@graph":[{"@type":"WebPage","@id":"https:\/\/turijnmagazijn.nl\/de\/produkt\/alpha-romeo-rote-schlussel-hand-sender-blank-bart-gerade\/","url":"https:\/\/turijnmagazijn.nl\/de\/produkt\/alpha-romeo-rote-schlussel-hand-sender-blank-bart-gerade\/","name":"Alfa Romeo roter Schl\u00fcssel Handsender blanker Bart gerade - Turijnmagazijn","isPartOf":{"@id":"https:\/\/turijnmagazijn.jumpstone-dev.nl\/#website"},"primaryImageOfPage":{"@id":"https:\/\/turijnmagazijn.nl\/de\/produkt\/alpha-romeo-rote-schlussel-hand-sender-blank-bart-gerade\/#primaryimage"},"image":{"@id":"https:\/\/turijnmagazijn.nl\/de\/produkt\/alpha-romeo-rote-schlussel-hand-sender-blank-bart-gerade\/#primaryimage"},"thumbnailUrl":"https:\/\/turijnmagazijn.nl\/wp-content\/uploads\/2023\/03\/DN00100223-Alfa-Romeo-rode-sleutel-handzender-blanco-baard-recht-3-1.jpg","datePublished":"2023-03-03T09:02:48+00:00","dateModified":"2025-05-29T18:57:08+00:00","breadcrumb":{"@id":"https:\/\/turijnmagazijn.nl\/de\/produkt\/alpha-romeo-rote-schlussel-hand-sender-blank-bart-gerade\/#breadcrumb"},"inLanguage":"de","potentialAction":[{"@type":"ReadAction","target":["https:\/\/turijnmagazijn.nl\/de\/produkt\/alpha-romeo-rote-schlussel-hand-sender-blank-bart-gerade\/"]}]},{"@type":"ImageObject","inLanguage":"de","@id":"https:\/\/turijnmagazijn.nl\/de\/produkt\/alpha-romeo-rote-schlussel-hand-sender-blank-bart-gerade\/#primaryimage","url":"https:\/\/turijnmagazijn.nl\/wp-content\/uploads\/2023\/03\/DN00100223-Alfa-Romeo-rode-sleutel-handzender-blanco-baard-recht-3-1.jpg","contentUrl":"https:\/\/turijnmagazijn.nl\/wp-content\/uploads\/2023\/03\/DN00100223-Alfa-Romeo-rode-sleutel-handzender-blanco-baard-recht-3-1.jpg","width":1024,"height":768},{"@type":"BreadcrumbList","@id":"https:\/\/turijnmagazijn.nl\/de\/produkt\/alpha-romeo-rote-schlussel-hand-sender-blank-bart-gerade\/#breadcrumb","itemListElement":[{"@type":"ListItem","position":1,"name":"Home","item":"https:\/\/turijnmagazijn.jumpstone-dev.nl\/"},{"@type":"ListItem","position":2,"name":"Produkte","item":"https:\/\/turijnmagazijn.nl\/de\/shop\/"},{"@type":"ListItem","position":3,"name":"Alfa Romeo roter Schl\u00fcssel Handsender blanker Bart gerade"}]},{"@type":"WebSite","@id":"https:\/\/turijnmagazijn.jumpstone-dev.nl\/#website","url":"https:\/\/turijnmagazijn.jumpstone-dev.nl\/","name":"Turijnmagazijn","description":"Onderdelen nieuw en gebruikt - Fiat &amp; Lancia","publisher":{"@id":"https:\/\/turijnmagazijn.jumpstone-dev.nl\/#organization"},"potentialAction":[{"@type":"SearchAction","target":{"@type":"EntryPoint","urlTemplate":"https:\/\/turijnmagazijn.jumpstone-dev.nl\/?s={search_term_string}"},"query-input":{"@type":"PropertyValueSpecification","valueRequired":true,"valueName":"search_term_string"}}],"inLanguage":"de"},{"@type":"Organization","@id":"https:\/\/turijnmagazijn.jumpstone-dev.nl\/#organization","name":"Turijnmagazijn","url":"https:\/\/turijnmagazijn.jumpstone-dev.nl\/","logo":{"@type":"ImageObject","inLanguage":"de","@id":"https:\/\/turijnmagazijn.jumpstone-dev.nl\/#\/schema\/logo\/image\/","url":"https:\/\/turijnmagazijn.nl\/wp-content\/uploads\/2021\/02\/turijnmagazijnlogo.png","contentUrl":"https:\/\/turijnmagazijn.nl\/wp-content\/uploads\/2021\/02\/turijnmagazijnlogo.png","width":555,"height":270,"caption":"Turijnmagazijn"},"image":{"@id":"https:\/\/turijnmagazijn.jumpstone-dev.nl\/#\/schema\/logo\/image\/"},"sameAs":["https:\/\/www.facebook.com\/turijnmagazijn"]}]}},"_links":{"self":[{"href":"https:\/\/turijnmagazijn.nl\/de\/wp-json\/wp\/v2\/product\/66892","targetHints":{"allow":["GET"]}}],"collection":[{"href":"https:\/\/turijnmagazijn.nl\/de\/wp-json\/wp\/v2\/product"}],"about":[{"href":"https:\/\/turijnmagazijn.nl\/de\/wp-json\/wp\/v2\/types\/product"}],"replies":[{"embeddable":true,"href":"https:\/\/turijnmagazijn.nl\/de\/wp-json\/wp\/v2\/comments?post=66892"}],"wp:featuredmedia":[{"embeddable":true,"href":"https:\/\/turijnmagazijn.nl\/de\/wp-json\/wp\/v2\/media\/54829"}],"wp:attachment":[{"href":"https:\/\/turijnmagazijn.nl\/de\/wp-json\/wp\/v2\/media?parent=66892"}],"wp:term":[{"taxonomy":"product_brand","embeddable":true,"href":"https:\/\/turijnmagazijn.nl\/de\/wp-json\/wp\/v2\/product_brand?post=66892"},{"taxonomy":"product_cat","embeddable":true,"href":"https:\/\/turijnmagazijn.nl\/de\/wp-json\/wp\/v2\/product_cat?post=66892"},{"taxonomy":"product_tag","embeddable":true,"href":"https:\/\/turijnmagazijn.nl\/de\/wp-json\/wp\/v2\/product_tag?post=66892"}],"curies":[{"name":"wp","href":"https:\/\/api.w.org\/{rel}","templated":true}]}}