{"id":66894,"date":"2023-03-03T09:03:39","date_gmt":"2023-03-03T08:03:39","guid":{"rendered":"https:\/\/turijnmagazijn.nl\/product\/federkupplung-lancia-lybra-alfa-156-fiat-bravo-i\/"},"modified":"2026-03-29T23:03:40","modified_gmt":"2026-03-29T21:03:40","slug":"feder-kupplung-lancia-lybra-alfa-156-fiat-bravo-i","status":"publish","type":"product","link":"https:\/\/turijnmagazijn.nl\/de\/produkt\/feder-kupplung-lancia-lybra-alfa-156-fiat-bravo-i\/","title":{"rendered":"Federkupplung Lancia Lybra Alfa 156 Fiat Bravo I"},"content":{"rendered":"<p>Neue hochwertige Reproduktion, um die Feder f\u00fcr die Kupplung zu ersetzen. Ist eine hochwertigere Alternative, die in Europa hergestellt wird als das Original. Das Originalteil ist nicht mehr \u00fcber den H\u00e4ndler erh\u00e4ltlich.<\/p>\n<p>Diese Feder befindet sich direkt hinter dem Kupplungspedal um die kurze Welle, die mit dem Hilfszylinder verbunden ist. Diese Federn brechen manchmal, so dass das Kupplungspedal herunterh\u00e4ngt und nicht mehr sauber in die Neutralstellung \u00fcbergeht. Dies kann zu einer zus\u00e4tzlichen Belastung der Kupplung f\u00fchren, da die Kupplung im Leerlauf etwas eingeschaltet bleiben kann. Wenn Sie diese einfache Feder rechtzeitig austauschen, k\u00f6nnen Sie in Zukunft viel \u00c4rger und Kosten sparen, und Ihr Pedal wird sich so anf\u00fchlen, wie es sollte.<\/p>\n<p>Anwendbar auf<\/p>\n<\/p>\n<ul>\n<li>Fiat Bravo I \/Brava<\/li>\n<li>Alfa Romeo 156<\/li>\n<li>Lancia Lybra<\/li>\n<\/ul>\n<p>OEM als Referenz:&nbsp;46424866<\/p>\n<p><\/p>\n","protected":false},"excerpt":{"rendered":"<p>Federkupplung Lancia Lybra Alfa 156 Fiat Bravo I &#8211; Neue hochwertige Reproduktion, die die Feder f\u00fcr die Kupplung ersetzt.<\/p>\n","protected":false},"featured_media":96565,"comment_status":"closed","ping_status":"closed","template":"","meta":{"_acf_changed":false},"product_brand":[],"product_cat":[1616,1584,1706,1710,1689,1797,1874,1619,1883,1621,1878],"product_tag":[],"class_list":{"0":"post-66894","1":"product","2":"type-product","3":"status-publish","4":"has-post-thumbnail","6":"product_cat-156-932-de","7":"product_cat-alfa-romeo-de","8":"product_cat-brava-198-de","9":"product_cat-bravo-198-de","10":"product_cat-fiat-de","11":"product_cat-lancia-de","12":"product_cat-lybra-839-de","13":"product_cat-sedan-de","14":"product_cat-sedan-lybra-839-de","15":"product_cat-sportwagon-de","16":"product_cat-sw-lybra-839-de","17":"pa_soort-onderdeel-getriebe-und-zubehor","19":"first","20":"instock","21":"featured","22":"taxable","23":"shipping-taxable","24":"purchasable","25":"product-type-simple"},"acf":[],"yoast_head":"<!-- This site is optimized with the Yoast SEO plugin v27.3 - https:\/\/yoast.com\/product\/yoast-seo-wordpress\/ -->\n<title>Federkupplung Lancia Lybra Alfa 156 Fiat Bravo I - Turijnmagazijn<\/title>\n<meta name=\"robots\" content=\"index, follow, max-snippet:-1, max-image-preview:large, max-video-preview:-1\" \/>\n<link rel=\"canonical\" href=\"https:\/\/turijnmagazijn.nl\/de\/produkt\/feder-kupplung-lancia-lybra-alfa-156-fiat-bravo-i\/\" \/>\n<meta property=\"og:locale\" content=\"de_DE\" \/>\n<meta property=\"og:type\" content=\"article\" \/>\n<meta property=\"og:title\" content=\"Federkupplung Lancia Lybra Alfa 156 Fiat Bravo I - Turijnmagazijn\" \/>\n<meta property=\"og:description\" content=\"Federkupplung Lancia Lybra Alfa 156 Fiat Bravo I - Neue hochwertige Reproduktion, die die Feder f\u00fcr die Kupplung ersetzt.\" \/>\n<meta property=\"og:url\" content=\"https:\/\/turijnmagazijn.nl\/de\/produkt\/feder-kupplung-lancia-lybra-alfa-156-fiat-bravo-i\/\" \/>\n<meta property=\"og:site_name\" content=\"Turijnmagazijn\" \/>\n<meta property=\"article:publisher\" content=\"https:\/\/www.facebook.com\/turijnmagazijn\" \/>\n<meta property=\"article:modified_time\" content=\"2026-03-29T21:03:40+00:00\" \/>\n<meta property=\"og:image\" content=\"https:\/\/turijnmagazijn.nl\/wp-content\/uploads\/2023\/03\/DN0100228-Veerk-koppeling-Lancia-Lybra-Alfa-156-Fiat-Bravo-46424866.png\" \/>\n\t<meta property=\"og:image:width\" content=\"903\" \/>\n\t<meta property=\"og:image:height\" content=\"687\" \/>\n\t<meta property=\"og:image:type\" content=\"image\/png\" \/>\n<meta name=\"twitter:card\" content=\"summary_large_image\" \/>\n<meta name=\"twitter:label1\" content=\"Gesch\u00e4tzte Lesezeit\" \/>\n\t<meta name=\"twitter:data1\" content=\"1\u00a0Minute\" \/>\n<script type=\"application\/ld+json\" class=\"yoast-schema-graph\">{\"@context\":\"https:\\\/\\\/schema.org\",\"@graph\":[{\"@type\":\"WebPage\",\"@id\":\"https:\\\/\\\/turijnmagazijn.nl\\\/de\\\/produkt\\\/feder-kupplung-lancia-lybra-alfa-156-fiat-bravo-i\\\/\",\"url\":\"https:\\\/\\\/turijnmagazijn.nl\\\/de\\\/produkt\\\/feder-kupplung-lancia-lybra-alfa-156-fiat-bravo-i\\\/\",\"name\":\"Federkupplung Lancia Lybra Alfa 156 Fiat Bravo I - Turijnmagazijn\",\"isPartOf\":{\"@id\":\"https:\\\/\\\/turijnmagazijn.jumpstone-dev.nl\\\/#website\"},\"primaryImageOfPage\":{\"@id\":\"https:\\\/\\\/turijnmagazijn.nl\\\/de\\\/produkt\\\/feder-kupplung-lancia-lybra-alfa-156-fiat-bravo-i\\\/#primaryimage\"},\"image\":{\"@id\":\"https:\\\/\\\/turijnmagazijn.nl\\\/de\\\/produkt\\\/feder-kupplung-lancia-lybra-alfa-156-fiat-bravo-i\\\/#primaryimage\"},\"thumbnailUrl\":\"https:\\\/\\\/turijnmagazijn.nl\\\/wp-content\\\/uploads\\\/2023\\\/03\\\/DN0100228-Veerk-koppeling-Lancia-Lybra-Alfa-156-Fiat-Bravo-46424866.png\",\"datePublished\":\"2023-03-03T08:03:39+00:00\",\"dateModified\":\"2026-03-29T21:03:40+00:00\",\"breadcrumb\":{\"@id\":\"https:\\\/\\\/turijnmagazijn.nl\\\/de\\\/produkt\\\/feder-kupplung-lancia-lybra-alfa-156-fiat-bravo-i\\\/#breadcrumb\"},\"inLanguage\":\"de\",\"potentialAction\":[{\"@type\":\"ReadAction\",\"target\":[\"https:\\\/\\\/turijnmagazijn.nl\\\/de\\\/produkt\\\/feder-kupplung-lancia-lybra-alfa-156-fiat-bravo-i\\\/\"]}]},{\"@type\":\"ImageObject\",\"inLanguage\":\"de\",\"@id\":\"https:\\\/\\\/turijnmagazijn.nl\\\/de\\\/produkt\\\/feder-kupplung-lancia-lybra-alfa-156-fiat-bravo-i\\\/#primaryimage\",\"url\":\"https:\\\/\\\/turijnmagazijn.nl\\\/wp-content\\\/uploads\\\/2023\\\/03\\\/DN0100228-Veerk-koppeling-Lancia-Lybra-Alfa-156-Fiat-Bravo-46424866.png\",\"contentUrl\":\"https:\\\/\\\/turijnmagazijn.nl\\\/wp-content\\\/uploads\\\/2023\\\/03\\\/DN0100228-Veerk-koppeling-Lancia-Lybra-Alfa-156-Fiat-Bravo-46424866.png\",\"width\":903,\"height\":687},{\"@type\":\"BreadcrumbList\",\"@id\":\"https:\\\/\\\/turijnmagazijn.nl\\\/de\\\/produkt\\\/feder-kupplung-lancia-lybra-alfa-156-fiat-bravo-i\\\/#breadcrumb\",\"itemListElement\":[{\"@type\":\"ListItem\",\"position\":1,\"name\":\"Home\",\"item\":\"https:\\\/\\\/turijnmagazijn.nl\\\/de\\\/\"},{\"@type\":\"ListItem\",\"position\":2,\"name\":\"Produkte\",\"item\":\"https:\\\/\\\/turijnmagazijn.nl\\\/de\\\/shop\\\/\"},{\"@type\":\"ListItem\",\"position\":3,\"name\":\"Federkupplung Lancia Lybra Alfa 156 Fiat Bravo I\"}]},{\"@type\":\"WebSite\",\"@id\":\"https:\\\/\\\/turijnmagazijn.jumpstone-dev.nl\\\/#website\",\"url\":\"https:\\\/\\\/turijnmagazijn.jumpstone-dev.nl\\\/\",\"name\":\"Turijnmagazijn\",\"description\":\"Onderdelen nieuw en gebruikt - Fiat &amp; Lancia\",\"publisher\":{\"@id\":\"https:\\\/\\\/turijnmagazijn.jumpstone-dev.nl\\\/#organization\"},\"potentialAction\":[{\"@type\":\"SearchAction\",\"target\":{\"@type\":\"EntryPoint\",\"urlTemplate\":\"https:\\\/\\\/turijnmagazijn.jumpstone-dev.nl\\\/?s={search_term_string}\"},\"query-input\":{\"@type\":\"PropertyValueSpecification\",\"valueRequired\":true,\"valueName\":\"search_term_string\"}}],\"inLanguage\":\"de\"},{\"@type\":\"Organization\",\"@id\":\"https:\\\/\\\/turijnmagazijn.jumpstone-dev.nl\\\/#organization\",\"name\":\"Turijnmagazijn\",\"url\":\"https:\\\/\\\/turijnmagazijn.jumpstone-dev.nl\\\/\",\"logo\":{\"@type\":\"ImageObject\",\"inLanguage\":\"de\",\"@id\":\"https:\\\/\\\/turijnmagazijn.jumpstone-dev.nl\\\/#\\\/schema\\\/logo\\\/image\\\/\",\"url\":\"https:\\\/\\\/turijnmagazijn.nl\\\/wp-content\\\/uploads\\\/2021\\\/02\\\/turijnmagazijnlogo.png\",\"contentUrl\":\"https:\\\/\\\/turijnmagazijn.nl\\\/wp-content\\\/uploads\\\/2021\\\/02\\\/turijnmagazijnlogo.png\",\"width\":555,\"height\":270,\"caption\":\"Turijnmagazijn\"},\"image\":{\"@id\":\"https:\\\/\\\/turijnmagazijn.jumpstone-dev.nl\\\/#\\\/schema\\\/logo\\\/image\\\/\"},\"sameAs\":[\"https:\\\/\\\/www.facebook.com\\\/turijnmagazijn\"]}]}<\/script>\n<!-- \/ Yoast SEO plugin. -->","yoast_head_json":{"title":"Federkupplung Lancia Lybra Alfa 156 Fiat Bravo I - Turijnmagazijn","robots":{"index":"index","follow":"follow","max-snippet":"max-snippet:-1","max-image-preview":"max-image-preview:large","max-video-preview":"max-video-preview:-1"},"canonical":"https:\/\/turijnmagazijn.nl\/de\/produkt\/feder-kupplung-lancia-lybra-alfa-156-fiat-bravo-i\/","og_locale":"de_DE","og_type":"article","og_title":"Federkupplung Lancia Lybra Alfa 156 Fiat Bravo I - Turijnmagazijn","og_description":"Federkupplung Lancia Lybra Alfa 156 Fiat Bravo I - Neue hochwertige Reproduktion, die die Feder f\u00fcr die Kupplung ersetzt.","og_url":"https:\/\/turijnmagazijn.nl\/de\/produkt\/feder-kupplung-lancia-lybra-alfa-156-fiat-bravo-i\/","og_site_name":"Turijnmagazijn","article_publisher":"https:\/\/www.facebook.com\/turijnmagazijn","article_modified_time":"2026-03-29T21:03:40+00:00","og_image":[{"width":903,"height":687,"url":"https:\/\/turijnmagazijn.nl\/wp-content\/uploads\/2023\/03\/DN0100228-Veerk-koppeling-Lancia-Lybra-Alfa-156-Fiat-Bravo-46424866.png","type":"image\/png"}],"twitter_card":"summary_large_image","twitter_misc":{"Gesch\u00e4tzte Lesezeit":"1\u00a0Minute"},"schema":{"@context":"https:\/\/schema.org","@graph":[{"@type":"WebPage","@id":"https:\/\/turijnmagazijn.nl\/de\/produkt\/feder-kupplung-lancia-lybra-alfa-156-fiat-bravo-i\/","url":"https:\/\/turijnmagazijn.nl\/de\/produkt\/feder-kupplung-lancia-lybra-alfa-156-fiat-bravo-i\/","name":"Federkupplung Lancia Lybra Alfa 156 Fiat Bravo I - Turijnmagazijn","isPartOf":{"@id":"https:\/\/turijnmagazijn.jumpstone-dev.nl\/#website"},"primaryImageOfPage":{"@id":"https:\/\/turijnmagazijn.nl\/de\/produkt\/feder-kupplung-lancia-lybra-alfa-156-fiat-bravo-i\/#primaryimage"},"image":{"@id":"https:\/\/turijnmagazijn.nl\/de\/produkt\/feder-kupplung-lancia-lybra-alfa-156-fiat-bravo-i\/#primaryimage"},"thumbnailUrl":"https:\/\/turijnmagazijn.nl\/wp-content\/uploads\/2023\/03\/DN0100228-Veerk-koppeling-Lancia-Lybra-Alfa-156-Fiat-Bravo-46424866.png","datePublished":"2023-03-03T08:03:39+00:00","dateModified":"2026-03-29T21:03:40+00:00","breadcrumb":{"@id":"https:\/\/turijnmagazijn.nl\/de\/produkt\/feder-kupplung-lancia-lybra-alfa-156-fiat-bravo-i\/#breadcrumb"},"inLanguage":"de","potentialAction":[{"@type":"ReadAction","target":["https:\/\/turijnmagazijn.nl\/de\/produkt\/feder-kupplung-lancia-lybra-alfa-156-fiat-bravo-i\/"]}]},{"@type":"ImageObject","inLanguage":"de","@id":"https:\/\/turijnmagazijn.nl\/de\/produkt\/feder-kupplung-lancia-lybra-alfa-156-fiat-bravo-i\/#primaryimage","url":"https:\/\/turijnmagazijn.nl\/wp-content\/uploads\/2023\/03\/DN0100228-Veerk-koppeling-Lancia-Lybra-Alfa-156-Fiat-Bravo-46424866.png","contentUrl":"https:\/\/turijnmagazijn.nl\/wp-content\/uploads\/2023\/03\/DN0100228-Veerk-koppeling-Lancia-Lybra-Alfa-156-Fiat-Bravo-46424866.png","width":903,"height":687},{"@type":"BreadcrumbList","@id":"https:\/\/turijnmagazijn.nl\/de\/produkt\/feder-kupplung-lancia-lybra-alfa-156-fiat-bravo-i\/#breadcrumb","itemListElement":[{"@type":"ListItem","position":1,"name":"Home","item":"https:\/\/turijnmagazijn.nl\/de\/"},{"@type":"ListItem","position":2,"name":"Produkte","item":"https:\/\/turijnmagazijn.nl\/de\/shop\/"},{"@type":"ListItem","position":3,"name":"Federkupplung Lancia Lybra Alfa 156 Fiat Bravo I"}]},{"@type":"WebSite","@id":"https:\/\/turijnmagazijn.jumpstone-dev.nl\/#website","url":"https:\/\/turijnmagazijn.jumpstone-dev.nl\/","name":"Turijnmagazijn","description":"Onderdelen nieuw en gebruikt - Fiat &amp; Lancia","publisher":{"@id":"https:\/\/turijnmagazijn.jumpstone-dev.nl\/#organization"},"potentialAction":[{"@type":"SearchAction","target":{"@type":"EntryPoint","urlTemplate":"https:\/\/turijnmagazijn.jumpstone-dev.nl\/?s={search_term_string}"},"query-input":{"@type":"PropertyValueSpecification","valueRequired":true,"valueName":"search_term_string"}}],"inLanguage":"de"},{"@type":"Organization","@id":"https:\/\/turijnmagazijn.jumpstone-dev.nl\/#organization","name":"Turijnmagazijn","url":"https:\/\/turijnmagazijn.jumpstone-dev.nl\/","logo":{"@type":"ImageObject","inLanguage":"de","@id":"https:\/\/turijnmagazijn.jumpstone-dev.nl\/#\/schema\/logo\/image\/","url":"https:\/\/turijnmagazijn.nl\/wp-content\/uploads\/2021\/02\/turijnmagazijnlogo.png","contentUrl":"https:\/\/turijnmagazijn.nl\/wp-content\/uploads\/2021\/02\/turijnmagazijnlogo.png","width":555,"height":270,"caption":"Turijnmagazijn"},"image":{"@id":"https:\/\/turijnmagazijn.jumpstone-dev.nl\/#\/schema\/logo\/image\/"},"sameAs":["https:\/\/www.facebook.com\/turijnmagazijn"]}]}},"_links":{"self":[{"href":"https:\/\/turijnmagazijn.nl\/de\/wp-json\/wp\/v2\/product\/66894","targetHints":{"allow":["GET"]}}],"collection":[{"href":"https:\/\/turijnmagazijn.nl\/de\/wp-json\/wp\/v2\/product"}],"about":[{"href":"https:\/\/turijnmagazijn.nl\/de\/wp-json\/wp\/v2\/types\/product"}],"replies":[{"embeddable":true,"href":"https:\/\/turijnmagazijn.nl\/de\/wp-json\/wp\/v2\/comments?post=66894"}],"wp:featuredmedia":[{"embeddable":true,"href":"https:\/\/turijnmagazijn.nl\/de\/wp-json\/wp\/v2\/media\/96565"}],"wp:attachment":[{"href":"https:\/\/turijnmagazijn.nl\/de\/wp-json\/wp\/v2\/media?parent=66894"}],"wp:term":[{"taxonomy":"product_brand","embeddable":true,"href":"https:\/\/turijnmagazijn.nl\/de\/wp-json\/wp\/v2\/product_brand?post=66894"},{"taxonomy":"product_cat","embeddable":true,"href":"https:\/\/turijnmagazijn.nl\/de\/wp-json\/wp\/v2\/product_cat?post=66894"},{"taxonomy":"product_tag","embeddable":true,"href":"https:\/\/turijnmagazijn.nl\/de\/wp-json\/wp\/v2\/product_tag?post=66894"}],"curies":[{"name":"wp","href":"https:\/\/api.w.org\/{rel}","templated":true}]}}