{"id":66944,"date":"2023-03-03T10:04:45","date_gmt":"2023-03-03T09:04:45","guid":{"rendered":"https:\/\/turijnmagazijn.nl\/product\/loser-schluesselbart-spitzfoermig-ungeschnitten-alfa-156-lancia-delta\/"},"modified":"2025-10-25T14:19:45","modified_gmt":"2025-10-25T12:19:45","slug":"loose-keybeard-pointed-uncut-alpha-156-lancia-delta","status":"publish","type":"product","link":"https:\/\/turijnmagazijn.nl\/de\/produkt\/loose-keybeard-pointed-uncut-alpha-156-lancia-delta\/","title":{"rendered":"Loser Schl\u00fcsselbart spitzf\u00f6rmig ungeschnitten Alfa 156 Lancia Delta"},"content":{"rendered":"<p>Schl\u00fcsselbart mit spitzem Ende, passend f\u00fcr verschiedene Typen von Lancia, Fiat und Alfa Romeo.<\/p>\n<p>\u00dcberpr\u00fcfen Sie vor der Bestellung, ob das Profil des Schl\u00fcssels mit Ihrem aktuellen Schl\u00fcssel \u00fcbereinstimmt.<\/p>\n<p>Auf jeden Fall wurde diese Art von Bart bei den folgenden Autos verwendet;<\/p>\n<\/p>\n<ul>\n<li>Alfa Romeo 156<\/li>\n<li>Alfa Romeo 145<\/li>\n<li>Alfa Romneo 146<\/li>\n<li>Fiat Punto I<\/li>\n<li>Fiat Panda II<\/li>\n<li>Lancia Ypsilon I<\/li>\n<li>Lancia Delta I (inkl. Integralmodelle) Nur f\u00fcr das Z\u00fcndschloss!<\/li>\n<li>Lancia Delta II<\/li>\n<\/ul>\n<p>Das Ende an der Seite, das am Schl\u00fcsselgeh\u00e4use befestigt werden muss, ist universell und muss auf dem alten Schl\u00fcssel ma\u00dfgefertigt werden.  <\/p>\n<p>Fertige L\u00f6sungen inklusive Geh\u00e4use finden Sie bei den anderen Produkten in unserem Shop.<\/p>\n","protected":false},"excerpt":{"rendered":"<p>Lockerer Schl\u00fcsselbart punktf\u00f6rmig ungeschnitten Alfa 156 Lancia Delta &#8211; Schl\u00fcsselbart mit spitzem Ende, passend f\u00fcr verschiedene Typen von Lancia, Fiat und Alfa Romeo.<\/p>\n","protected":false},"featured_media":55061,"comment_status":"open","ping_status":"closed","template":"","meta":{"_acf_changed":false},"product_brand":[],"product_cat":[1599,1616,1584,1807,1844,1689,1797,1737,1751],"product_tag":[],"class_list":{"0":"post-66944","1":"product","2":"type-product","3":"status-publish","4":"has-post-thumbnail","6":"product_cat-145-930a-de","7":"product_cat-156-932-de","8":"product_cat-alfa-romeo-de","9":"product_cat-delta-1-831-de","10":"product_cat-delta-2-836-de","11":"product_cat-fiat-de","12":"product_cat-lancia-de","13":"product_cat-multipla-186-de","14":"product_cat-punto-2-188-de","15":"pa_soort-onderdeel-elektronik-und-kabel","17":"first","18":"instock","19":"taxable","20":"shipping-taxable","21":"purchasable","22":"product-type-simple"},"acf":[],"yoast_head":"<!-- This site is optimized with the Yoast SEO plugin v27.3 - https:\/\/yoast.com\/product\/yoast-seo-wordpress\/ -->\n<title>Loser Schl\u00fcsselbart spitzf\u00f6rmig ungeschnitten Alfa 156 Lancia Delta - Turijnmagazijn<\/title>\n<meta name=\"robots\" content=\"index, follow, max-snippet:-1, max-image-preview:large, max-video-preview:-1\" \/>\n<link rel=\"canonical\" href=\"https:\/\/turijnmagazijn.nl\/de\/produkt\/loose-keybeard-pointed-uncut-alpha-156-lancia-delta\/\" \/>\n<meta property=\"og:locale\" content=\"de_DE\" \/>\n<meta property=\"og:type\" content=\"article\" \/>\n<meta property=\"og:title\" content=\"Loser Schl\u00fcsselbart spitzf\u00f6rmig ungeschnitten Alfa 156 Lancia Delta - Turijnmagazijn\" \/>\n<meta property=\"og:description\" content=\"Lockerer Schl\u00fcsselbart punktf\u00f6rmig ungeschnitten Alfa 156 Lancia Delta - Schl\u00fcsselbart mit spitzem Ende, passend f\u00fcr verschiedene Typen von Lancia, Fiat und Alfa Romeo.\" \/>\n<meta property=\"og:url\" content=\"https:\/\/turijnmagazijn.nl\/de\/produkt\/loose-keybeard-pointed-uncut-alpha-156-lancia-delta\/\" \/>\n<meta property=\"og:site_name\" content=\"Turijnmagazijn\" \/>\n<meta property=\"article:publisher\" content=\"https:\/\/www.facebook.com\/turijnmagazijn\" \/>\n<meta property=\"article:modified_time\" content=\"2025-10-25T12:19:45+00:00\" \/>\n<meta property=\"og:image\" content=\"https:\/\/turijnmagazijn.nl\/wp-content\/uploads\/2023\/03\/DN00100238-Losse-sleutelbaard-puntvormig-ongesneden-Alfa-156-Lancia-Delta-2-1.jpg\" \/>\n\t<meta property=\"og:image:width\" content=\"1024\" \/>\n\t<meta property=\"og:image:height\" content=\"768\" \/>\n\t<meta property=\"og:image:type\" content=\"image\/jpeg\" \/>\n<meta name=\"twitter:card\" content=\"summary_large_image\" \/>\n<meta name=\"twitter:label1\" content=\"Gesch\u00e4tzte Lesezeit\" \/>\n\t<meta name=\"twitter:data1\" content=\"1\u00a0Minute\" \/>\n<script type=\"application\/ld+json\" class=\"yoast-schema-graph\">{\"@context\":\"https:\\\/\\\/schema.org\",\"@graph\":[{\"@type\":\"WebPage\",\"@id\":\"https:\\\/\\\/turijnmagazijn.nl\\\/de\\\/produkt\\\/loose-keybeard-pointed-uncut-alpha-156-lancia-delta\\\/\",\"url\":\"https:\\\/\\\/turijnmagazijn.nl\\\/de\\\/produkt\\\/loose-keybeard-pointed-uncut-alpha-156-lancia-delta\\\/\",\"name\":\"Loser Schl\u00fcsselbart spitzf\u00f6rmig ungeschnitten Alfa 156 Lancia Delta - Turijnmagazijn\",\"isPartOf\":{\"@id\":\"https:\\\/\\\/turijnmagazijn.jumpstone-dev.nl\\\/#website\"},\"primaryImageOfPage\":{\"@id\":\"https:\\\/\\\/turijnmagazijn.nl\\\/de\\\/produkt\\\/loose-keybeard-pointed-uncut-alpha-156-lancia-delta\\\/#primaryimage\"},\"image\":{\"@id\":\"https:\\\/\\\/turijnmagazijn.nl\\\/de\\\/produkt\\\/loose-keybeard-pointed-uncut-alpha-156-lancia-delta\\\/#primaryimage\"},\"thumbnailUrl\":\"https:\\\/\\\/turijnmagazijn.nl\\\/wp-content\\\/uploads\\\/2023\\\/03\\\/DN00100238-Losse-sleutelbaard-puntvormig-ongesneden-Alfa-156-Lancia-Delta-2-1.jpg\",\"datePublished\":\"2023-03-03T09:04:45+00:00\",\"dateModified\":\"2025-10-25T12:19:45+00:00\",\"breadcrumb\":{\"@id\":\"https:\\\/\\\/turijnmagazijn.nl\\\/de\\\/produkt\\\/loose-keybeard-pointed-uncut-alpha-156-lancia-delta\\\/#breadcrumb\"},\"inLanguage\":\"de\",\"potentialAction\":[{\"@type\":\"ReadAction\",\"target\":[\"https:\\\/\\\/turijnmagazijn.nl\\\/de\\\/produkt\\\/loose-keybeard-pointed-uncut-alpha-156-lancia-delta\\\/\"]}]},{\"@type\":\"ImageObject\",\"inLanguage\":\"de\",\"@id\":\"https:\\\/\\\/turijnmagazijn.nl\\\/de\\\/produkt\\\/loose-keybeard-pointed-uncut-alpha-156-lancia-delta\\\/#primaryimage\",\"url\":\"https:\\\/\\\/turijnmagazijn.nl\\\/wp-content\\\/uploads\\\/2023\\\/03\\\/DN00100238-Losse-sleutelbaard-puntvormig-ongesneden-Alfa-156-Lancia-Delta-2-1.jpg\",\"contentUrl\":\"https:\\\/\\\/turijnmagazijn.nl\\\/wp-content\\\/uploads\\\/2023\\\/03\\\/DN00100238-Losse-sleutelbaard-puntvormig-ongesneden-Alfa-156-Lancia-Delta-2-1.jpg\",\"width\":1024,\"height\":768},{\"@type\":\"BreadcrumbList\",\"@id\":\"https:\\\/\\\/turijnmagazijn.nl\\\/de\\\/produkt\\\/loose-keybeard-pointed-uncut-alpha-156-lancia-delta\\\/#breadcrumb\",\"itemListElement\":[{\"@type\":\"ListItem\",\"position\":1,\"name\":\"Home\",\"item\":\"https:\\\/\\\/turijnmagazijn.nl\\\/de\\\/\"},{\"@type\":\"ListItem\",\"position\":2,\"name\":\"Produkte\",\"item\":\"https:\\\/\\\/turijnmagazijn.nl\\\/de\\\/shop\\\/\"},{\"@type\":\"ListItem\",\"position\":3,\"name\":\"Loser Schl\u00fcsselbart spitzf\u00f6rmig ungeschnitten Alfa 156 Lancia Delta\"}]},{\"@type\":\"WebSite\",\"@id\":\"https:\\\/\\\/turijnmagazijn.jumpstone-dev.nl\\\/#website\",\"url\":\"https:\\\/\\\/turijnmagazijn.jumpstone-dev.nl\\\/\",\"name\":\"Turijnmagazijn\",\"description\":\"Onderdelen nieuw en gebruikt - Fiat &amp; Lancia\",\"publisher\":{\"@id\":\"https:\\\/\\\/turijnmagazijn.jumpstone-dev.nl\\\/#organization\"},\"potentialAction\":[{\"@type\":\"SearchAction\",\"target\":{\"@type\":\"EntryPoint\",\"urlTemplate\":\"https:\\\/\\\/turijnmagazijn.jumpstone-dev.nl\\\/?s={search_term_string}\"},\"query-input\":{\"@type\":\"PropertyValueSpecification\",\"valueRequired\":true,\"valueName\":\"search_term_string\"}}],\"inLanguage\":\"de\"},{\"@type\":\"Organization\",\"@id\":\"https:\\\/\\\/turijnmagazijn.jumpstone-dev.nl\\\/#organization\",\"name\":\"Turijnmagazijn\",\"url\":\"https:\\\/\\\/turijnmagazijn.jumpstone-dev.nl\\\/\",\"logo\":{\"@type\":\"ImageObject\",\"inLanguage\":\"de\",\"@id\":\"https:\\\/\\\/turijnmagazijn.jumpstone-dev.nl\\\/#\\\/schema\\\/logo\\\/image\\\/\",\"url\":\"https:\\\/\\\/turijnmagazijn.nl\\\/wp-content\\\/uploads\\\/2021\\\/02\\\/turijnmagazijnlogo.png\",\"contentUrl\":\"https:\\\/\\\/turijnmagazijn.nl\\\/wp-content\\\/uploads\\\/2021\\\/02\\\/turijnmagazijnlogo.png\",\"width\":555,\"height\":270,\"caption\":\"Turijnmagazijn\"},\"image\":{\"@id\":\"https:\\\/\\\/turijnmagazijn.jumpstone-dev.nl\\\/#\\\/schema\\\/logo\\\/image\\\/\"},\"sameAs\":[\"https:\\\/\\\/www.facebook.com\\\/turijnmagazijn\"]}]}<\/script>\n<!-- \/ Yoast SEO plugin. -->","yoast_head_json":{"title":"Loser Schl\u00fcsselbart spitzf\u00f6rmig ungeschnitten Alfa 156 Lancia Delta - Turijnmagazijn","robots":{"index":"index","follow":"follow","max-snippet":"max-snippet:-1","max-image-preview":"max-image-preview:large","max-video-preview":"max-video-preview:-1"},"canonical":"https:\/\/turijnmagazijn.nl\/de\/produkt\/loose-keybeard-pointed-uncut-alpha-156-lancia-delta\/","og_locale":"de_DE","og_type":"article","og_title":"Loser Schl\u00fcsselbart spitzf\u00f6rmig ungeschnitten Alfa 156 Lancia Delta - Turijnmagazijn","og_description":"Lockerer Schl\u00fcsselbart punktf\u00f6rmig ungeschnitten Alfa 156 Lancia Delta - Schl\u00fcsselbart mit spitzem Ende, passend f\u00fcr verschiedene Typen von Lancia, Fiat und Alfa Romeo.","og_url":"https:\/\/turijnmagazijn.nl\/de\/produkt\/loose-keybeard-pointed-uncut-alpha-156-lancia-delta\/","og_site_name":"Turijnmagazijn","article_publisher":"https:\/\/www.facebook.com\/turijnmagazijn","article_modified_time":"2025-10-25T12:19:45+00:00","og_image":[{"width":1024,"height":768,"url":"https:\/\/turijnmagazijn.nl\/wp-content\/uploads\/2023\/03\/DN00100238-Losse-sleutelbaard-puntvormig-ongesneden-Alfa-156-Lancia-Delta-2-1.jpg","type":"image\/jpeg"}],"twitter_card":"summary_large_image","twitter_misc":{"Gesch\u00e4tzte Lesezeit":"1\u00a0Minute"},"schema":{"@context":"https:\/\/schema.org","@graph":[{"@type":"WebPage","@id":"https:\/\/turijnmagazijn.nl\/de\/produkt\/loose-keybeard-pointed-uncut-alpha-156-lancia-delta\/","url":"https:\/\/turijnmagazijn.nl\/de\/produkt\/loose-keybeard-pointed-uncut-alpha-156-lancia-delta\/","name":"Loser Schl\u00fcsselbart spitzf\u00f6rmig ungeschnitten Alfa 156 Lancia Delta - Turijnmagazijn","isPartOf":{"@id":"https:\/\/turijnmagazijn.jumpstone-dev.nl\/#website"},"primaryImageOfPage":{"@id":"https:\/\/turijnmagazijn.nl\/de\/produkt\/loose-keybeard-pointed-uncut-alpha-156-lancia-delta\/#primaryimage"},"image":{"@id":"https:\/\/turijnmagazijn.nl\/de\/produkt\/loose-keybeard-pointed-uncut-alpha-156-lancia-delta\/#primaryimage"},"thumbnailUrl":"https:\/\/turijnmagazijn.nl\/wp-content\/uploads\/2023\/03\/DN00100238-Losse-sleutelbaard-puntvormig-ongesneden-Alfa-156-Lancia-Delta-2-1.jpg","datePublished":"2023-03-03T09:04:45+00:00","dateModified":"2025-10-25T12:19:45+00:00","breadcrumb":{"@id":"https:\/\/turijnmagazijn.nl\/de\/produkt\/loose-keybeard-pointed-uncut-alpha-156-lancia-delta\/#breadcrumb"},"inLanguage":"de","potentialAction":[{"@type":"ReadAction","target":["https:\/\/turijnmagazijn.nl\/de\/produkt\/loose-keybeard-pointed-uncut-alpha-156-lancia-delta\/"]}]},{"@type":"ImageObject","inLanguage":"de","@id":"https:\/\/turijnmagazijn.nl\/de\/produkt\/loose-keybeard-pointed-uncut-alpha-156-lancia-delta\/#primaryimage","url":"https:\/\/turijnmagazijn.nl\/wp-content\/uploads\/2023\/03\/DN00100238-Losse-sleutelbaard-puntvormig-ongesneden-Alfa-156-Lancia-Delta-2-1.jpg","contentUrl":"https:\/\/turijnmagazijn.nl\/wp-content\/uploads\/2023\/03\/DN00100238-Losse-sleutelbaard-puntvormig-ongesneden-Alfa-156-Lancia-Delta-2-1.jpg","width":1024,"height":768},{"@type":"BreadcrumbList","@id":"https:\/\/turijnmagazijn.nl\/de\/produkt\/loose-keybeard-pointed-uncut-alpha-156-lancia-delta\/#breadcrumb","itemListElement":[{"@type":"ListItem","position":1,"name":"Home","item":"https:\/\/turijnmagazijn.nl\/de\/"},{"@type":"ListItem","position":2,"name":"Produkte","item":"https:\/\/turijnmagazijn.nl\/de\/shop\/"},{"@type":"ListItem","position":3,"name":"Loser Schl\u00fcsselbart spitzf\u00f6rmig ungeschnitten Alfa 156 Lancia Delta"}]},{"@type":"WebSite","@id":"https:\/\/turijnmagazijn.jumpstone-dev.nl\/#website","url":"https:\/\/turijnmagazijn.jumpstone-dev.nl\/","name":"Turijnmagazijn","description":"Onderdelen nieuw en gebruikt - Fiat &amp; Lancia","publisher":{"@id":"https:\/\/turijnmagazijn.jumpstone-dev.nl\/#organization"},"potentialAction":[{"@type":"SearchAction","target":{"@type":"EntryPoint","urlTemplate":"https:\/\/turijnmagazijn.jumpstone-dev.nl\/?s={search_term_string}"},"query-input":{"@type":"PropertyValueSpecification","valueRequired":true,"valueName":"search_term_string"}}],"inLanguage":"de"},{"@type":"Organization","@id":"https:\/\/turijnmagazijn.jumpstone-dev.nl\/#organization","name":"Turijnmagazijn","url":"https:\/\/turijnmagazijn.jumpstone-dev.nl\/","logo":{"@type":"ImageObject","inLanguage":"de","@id":"https:\/\/turijnmagazijn.jumpstone-dev.nl\/#\/schema\/logo\/image\/","url":"https:\/\/turijnmagazijn.nl\/wp-content\/uploads\/2021\/02\/turijnmagazijnlogo.png","contentUrl":"https:\/\/turijnmagazijn.nl\/wp-content\/uploads\/2021\/02\/turijnmagazijnlogo.png","width":555,"height":270,"caption":"Turijnmagazijn"},"image":{"@id":"https:\/\/turijnmagazijn.jumpstone-dev.nl\/#\/schema\/logo\/image\/"},"sameAs":["https:\/\/www.facebook.com\/turijnmagazijn"]}]}},"_links":{"self":[{"href":"https:\/\/turijnmagazijn.nl\/de\/wp-json\/wp\/v2\/product\/66944","targetHints":{"allow":["GET"]}}],"collection":[{"href":"https:\/\/turijnmagazijn.nl\/de\/wp-json\/wp\/v2\/product"}],"about":[{"href":"https:\/\/turijnmagazijn.nl\/de\/wp-json\/wp\/v2\/types\/product"}],"replies":[{"embeddable":true,"href":"https:\/\/turijnmagazijn.nl\/de\/wp-json\/wp\/v2\/comments?post=66944"}],"wp:featuredmedia":[{"embeddable":true,"href":"https:\/\/turijnmagazijn.nl\/de\/wp-json\/wp\/v2\/media\/55061"}],"wp:attachment":[{"href":"https:\/\/turijnmagazijn.nl\/de\/wp-json\/wp\/v2\/media?parent=66944"}],"wp:term":[{"taxonomy":"product_brand","embeddable":true,"href":"https:\/\/turijnmagazijn.nl\/de\/wp-json\/wp\/v2\/product_brand?post=66944"},{"taxonomy":"product_cat","embeddable":true,"href":"https:\/\/turijnmagazijn.nl\/de\/wp-json\/wp\/v2\/product_cat?post=66944"},{"taxonomy":"product_tag","embeddable":true,"href":"https:\/\/turijnmagazijn.nl\/de\/wp-json\/wp\/v2\/product_tag?post=66944"}],"curies":[{"name":"wp","href":"https:\/\/api.w.org\/{rel}","templated":true}]}}